{"id":21670,"date":"2025-06-11T21:28:14","date_gmt":"2025-06-11T21:28:14","guid":{"rendered":"https:\/\/vitablanca.ma\/product\/roge-cavailles-lingettes-intimes-secheresse-15-lingettes\/"},"modified":"2026-02-09T17:07:21","modified_gmt":"2026-02-09T17:07:21","slug":"roge-cavailles-lingettes-intimes-secheresse-15-lingettes","status":"publish","type":"product","link":"https:\/\/vitablanca.ma\/ar\/product-2\/roge-cavailles-lingettes-intimes-secheresse-15-lingettes\/","title":{"rendered":"Rog\u00e9 cavaill\u00e8s Lingettes Intimes S\u00e8cheresse 15 Lingettes"},"content":{"rendered":"<h2 data-mce-fragment=\"1\">Rog\u00e9 cavaill\u00e8s Lingettes Intimes S\u00e8cheresse<\/h2>\n<div class=\"accordion collapse show\">\n<div class=\"accordion-body\">\n<div class=\"wysiwyg\">\n<p>Id\u00e9al pour la toilette quotidienne des muqueuses s\u00e8ches<\/p>\n<\/div>\n<\/div>\n<\/div>\n<p data-mce-fragment=\"1\">Pratiques et efficaces, ces lingettes Intimes Femme vous accompagnent tout en douceur \u00e0 tout moment de la journ\u00e9e. Sensation de fra\u00eecheur et de propret\u00e9 garantie. Avec un confort r\u00e9g\u00e9n\u00e9rant assur\u00e9.<\/p>\n<ul>\n<li>Test\u00e9es sur les muqueuses les plus sensibles<\/li>\n<li>D\u00e9velopp\u00e9es \u00e0 pH physiologique et sans savon sur un tissu d\u2019origine naturelle 100% biod\u00e9gradable<\/li>\n<li>Enrichies en extraits de feuilles d\u2019Olivier pour un effet fra\u00eecheur<\/li>\n<\/ul>\n<h3>\u062a\u0639\u0644\u064a\u0645\u0627\u062a \u0627\u0644\u0627\u0633\u062a\u062e\u062f\u0627\u0645<\/h3>\n<div class=\"accordion collapse show\">\n<div class=\"accordion-body\">\n<div class=\"wysiwyg\">\n<p>Ces Lingettes Hygi\u00e8ne Intime s\u2019utilisent \u00e0 tout moment de la journ\u00e9e, usage externe uniquement. Inutile de rincer !<\/p>\n<h3>\u062a\u0639\u0628\u064a\u0631<\/h3>\n<div class=\"utilisation\">\n<div class=\"row\">\n<div class=\"col-md-8\">\n<div id=\"accordion-product\">\n<div class=\"accordion collapse show\">\n<div class=\"accordion-body\">\n<div>\n<p>Aqua, PEG-40 Hydrogenated Castor Oil, Glycerin, Alpha-Glucan Oligosaccharide, Olea Europaea leaf extract, PEG-6 Caprylic\/Capric Glycerides, Sodium PCA, Olivoyl Hydrolyzed Wheat Protein, Lactic Acid, Polysorbate 20, Caprylyl Glycol, Sodium Benzoate, Parfum, Potassium Sorbate, Citric Acid<\/p>\n<\/div>\n<\/div>\n<\/div>\n<\/div>\n<\/div>\n<\/div>\n<\/div>\n<\/div>\n<\/div>\n<\/div>","protected":false},"excerpt":{"rendered":"<p>Rog\u00e9 cavaill\u00e8s Lingettes Intimes S\u00e8cheresse Id\u00e9al pour la toilette quotidienne des muqueuses s\u00e8ches Pratiques et efficaces, ces lingettes Intimes Femme vous accompagnent tout en douceur \u00e0 tout moment de la journ\u00e9e. Sensation de fra\u00eecheur et de propret\u00e9 garantie. Avec un confort r\u00e9g\u00e9n\u00e9rant assur\u00e9. Test\u00e9es sur les muqueuses les plus sensibles D\u00e9velopp\u00e9es \u00e0 pH physiologique et [&hellip;]<\/p>\n","protected":false},"featured_media":21669,"template":"","meta":{"om_disable_all_campaigns":false},"product_brand":[],"product_cat":[15],"product_tag":[6232,8859,6227,8857,8855,8856,8858],"class_list":{"0":"post-21670","1":"product","2":"type-product","3":"status-publish","4":"has-post-thumbnail","6":"product_cat-beaute-sante-complements-alimentaires-soins-et-bien-etre-au-meilleur-prix","7":"product_tag-confort-intime","8":"product_tag-hygiene-feminine","9":"product_tag-hygiene-intime","10":"product_tag-lingettes-apaisantes","11":"product_tag-lingettes-intimes","12":"product_tag-lingettes-secheresse","13":"product_tag-zones-intimes-seches","15":"first","16":"instock","17":"sale","18":"taxable","19":"shipping-taxable","20":"purchasable","21":"product-type-simple"},"yoast_head":"<!-- This site is optimized with the Yoast SEO plugin v27.4 - https:\/\/yoast.com\/product\/yoast-seo-wordpress\/ -->\n<title>Rog\u00e9 cavaill\u00e8s Lingettes Intimes S\u00e8cheresse - Maroc Prix<\/title>\n<meta name=\"description\" content=\"Rog\u00e9 Cavaill\u00e8s Lingettes Intimes S\u00e8cheresse 15 Lingettes apaisent et hydratent les zones intimes s\u00e8ches. Douces, pratiques et respectueuses de l\u2019\u00e9quilibre .\" \/>\n<meta name=\"robots\" content=\"index, follow, max-snippet:-1, max-image-preview:large, max-video-preview:-1\" \/>\n<link rel=\"canonical\" href=\"https:\/\/vitablanca.ma\/ar\/product-2\/roge-cavailles-lingettes-intimes-secheresse-15-lingettes\/\" \/>\n<meta property=\"og:locale\" content=\"ar_AR\" \/>\n<meta property=\"og:type\" content=\"article\" \/>\n<meta property=\"og:title\" content=\"Rog\u00e9 cavaill\u00e8s Lingettes Intimes S\u00e8cheresse - Maroc Prix\" \/>\n<meta property=\"og:description\" content=\"Rog\u00e9 Cavaill\u00e8s Lingettes Intimes S\u00e8cheresse 15 Lingettes apaisent et hydratent les zones intimes s\u00e8ches. Douces, pratiques et respectueuses de l\u2019\u00e9quilibre .\" \/>\n<meta property=\"og:url\" content=\"https:\/\/vitablanca.ma\/ar\/product-2\/roge-cavailles-lingettes-intimes-secheresse-15-lingettes\/\" \/>\n<meta property=\"og:site_name\" content=\"Vitablanca.ma &ndash; Sant&eacute;, vitalit&eacute; et bien-&ecirc;tre pour tous les Marocains\" \/>\n<meta property=\"article:publisher\" content=\"https:\/\/www.facebook.com\/profile.php?id=61576678196717\" \/>\n<meta property=\"article:modified_time\" content=\"2026-02-09T17:07:21+00:00\" \/>\n<meta property=\"og:image\" content=\"https:\/\/vitablanca.ma\/wp-content\/uploads\/2025\/06\/Roge-cavailles-Lingettes-Intimes-Secheresse-15-Lingettes-nova-parapharmacie-casablanca.jpg\" \/>\n\t<meta property=\"og:image:width\" content=\"1000\" \/>\n\t<meta property=\"og:image:height\" content=\"1000\" \/>\n\t<meta property=\"og:image:type\" content=\"image\/jpeg\" \/>\n<meta name=\"twitter:card\" content=\"summary_large_image\" \/>\n<meta name=\"twitter:label1\" content=\"\u0648\u0642\u062a \u0627\u0644\u0642\u0631\u0627\u0621\u0629 \u0627\u0644\u0645\u064f\u0642\u062f\u0651\u0631\" \/>\n\t<meta name=\"twitter:data1\" content=\"\u062f\u0642\u064a\u0642\u0629 \u0648\u0627\u062d\u062f\u0629\" \/>\n<script type=\"application\/ld+json\" class=\"yoast-schema-graph\">{\"@context\":\"https:\\\/\\\/schema.org\",\"@graph\":[{\"@type\":[\"WebPage\",\"ItemPage\"],\"@id\":\"https:\\\/\\\/vitablanca.ma\\\/produit\\\/roge-cavailles-lingettes-intimes-secheresse-15-lingettes\\\/\",\"url\":\"https:\\\/\\\/vitablanca.ma\\\/produit\\\/roge-cavailles-lingettes-intimes-secheresse-15-lingettes\\\/\",\"name\":\"Rog\u00e9 cavaill\u00e8s Lingettes Intimes S\u00e8cheresse - Maroc Prix\",\"isPartOf\":{\"@id\":\"https:\\\/\\\/vitablanca.ma\\\/#website\"},\"primaryImageOfPage\":{\"@id\":\"https:\\\/\\\/vitablanca.ma\\\/produit\\\/roge-cavailles-lingettes-intimes-secheresse-15-lingettes\\\/#primaryimage\"},\"image\":{\"@id\":\"https:\\\/\\\/vitablanca.ma\\\/produit\\\/roge-cavailles-lingettes-intimes-secheresse-15-lingettes\\\/#primaryimage\"},\"thumbnailUrl\":\"https:\\\/\\\/vitablanca.ma\\\/wp-content\\\/uploads\\\/2025\\\/06\\\/Roge-cavailles-Lingettes-Intimes-Secheresse-15-Lingettes-nova-parapharmacie-casablanca.jpg\",\"datePublished\":\"2025-06-11T21:28:14+00:00\",\"dateModified\":\"2026-02-09T17:07:21+00:00\",\"description\":\"Rog\u00e9 Cavaill\u00e8s Lingettes Intimes S\u00e8cheresse 15 Lingettes apaisent et hydratent les zones intimes s\u00e8ches. Douces, pratiques et respectueuses de l\u2019\u00e9quilibre .\",\"breadcrumb\":{\"@id\":\"https:\\\/\\\/vitablanca.ma\\\/produit\\\/roge-cavailles-lingettes-intimes-secheresse-15-lingettes\\\/#breadcrumb\"},\"inLanguage\":\"ar\",\"potentialAction\":[{\"@type\":\"ReadAction\",\"target\":[\"https:\\\/\\\/vitablanca.ma\\\/produit\\\/roge-cavailles-lingettes-intimes-secheresse-15-lingettes\\\/\"]}]},{\"@type\":\"ImageObject\",\"inLanguage\":\"ar\",\"@id\":\"https:\\\/\\\/vitablanca.ma\\\/produit\\\/roge-cavailles-lingettes-intimes-secheresse-15-lingettes\\\/#primaryimage\",\"url\":\"https:\\\/\\\/vitablanca.ma\\\/wp-content\\\/uploads\\\/2025\\\/06\\\/Roge-cavailles-Lingettes-Intimes-Secheresse-15-Lingettes-nova-parapharmacie-casablanca.jpg\",\"contentUrl\":\"https:\\\/\\\/vitablanca.ma\\\/wp-content\\\/uploads\\\/2025\\\/06\\\/Roge-cavailles-Lingettes-Intimes-Secheresse-15-Lingettes-nova-parapharmacie-casablanca.jpg\",\"width\":1000,\"height\":1000},{\"@type\":\"BreadcrumbList\",\"@id\":\"https:\\\/\\\/vitablanca.ma\\\/produit\\\/roge-cavailles-lingettes-intimes-secheresse-15-lingettes\\\/#breadcrumb\",\"itemListElement\":[{\"@type\":\"ListItem\",\"position\":1,\"name\":\"Home\",\"item\":\"https:\\\/\\\/vitablanca.ma\\\/\"},{\"@type\":\"ListItem\",\"position\":2,\"name\":\"Tous Les Produits\",\"item\":\"https:\\\/\\\/vitablanca.ma\\\/tous-les-produits\\\/\"},{\"@type\":\"ListItem\",\"position\":3,\"name\":\"Rog\u00e9 cavaill\u00e8s Lingettes Intimes S\u00e8cheresse 15 Lingettes\"}]},{\"@type\":\"WebSite\",\"@id\":\"https:\\\/\\\/vitablanca.ma\\\/#website\",\"url\":\"https:\\\/\\\/vitablanca.ma\\\/\",\"name\":\"VitaBlanca.ma | Compl\u00e9ments alimentaires, sant\u00e9 & beaut\u00e9 au Maroc\",\"description\":\"vendre vitamines et compl\u00e9ments premium des USA &amp; Canada, Nouvelle Z\u00e9lande,Maroc (NOW Foods, Solgar, Manuka). Livraison rapide partout au Maroc.\",\"publisher\":{\"@id\":\"https:\\\/\\\/vitablanca.ma\\\/#organization\"},\"alternateName\":\"VitaBlanca.ma\",\"potentialAction\":[{\"@type\":\"SearchAction\",\"target\":{\"@type\":\"EntryPoint\",\"urlTemplate\":\"https:\\\/\\\/vitablanca.ma\\\/?s={search_term_string}\"},\"query-input\":{\"@type\":\"PropertyValueSpecification\",\"valueRequired\":true,\"valueName\":\"search_term_string\"}}],\"inLanguage\":\"ar\"},{\"@type\":\"Organization\",\"@id\":\"https:\\\/\\\/vitablanca.ma\\\/#organization\",\"name\":\"VitaBlanca\",\"url\":\"https:\\\/\\\/vitablanca.ma\\\/\",\"logo\":{\"@type\":\"ImageObject\",\"inLanguage\":\"ar\",\"@id\":\"https:\\\/\\\/vitablanca.ma\\\/#\\\/schema\\\/logo\\\/image\\\/\",\"url\":\"https:\\\/\\\/vitablanca.ma\\\/wp-content\\\/uploads\\\/2025\\\/05\\\/cropped-vitablanca.png\",\"contentUrl\":\"https:\\\/\\\/vitablanca.ma\\\/wp-content\\\/uploads\\\/2025\\\/05\\\/cropped-vitablanca.png\",\"width\":360,\"height\":67,\"caption\":\"VitaBlanca\"},\"image\":{\"@id\":\"https:\\\/\\\/vitablanca.ma\\\/#\\\/schema\\\/logo\\\/image\\\/\"},\"sameAs\":[\"https:\\\/\\\/www.facebook.com\\\/profile.php?id=61576678196717\",\"https:\\\/\\\/www.tiktok.com\\\/@vitablanca.ma\",\"https:\\\/\\\/www.instagram.com\\\/vitablanca.ma\\\/\"]}]}<\/script>\n<!-- \/ Yoast SEO plugin. -->","yoast_head_json":{"title":"Rog\u00e9 cavaill\u00e8s Lingettes Intimes S\u00e8cheresse - Maroc Prix","description":"Rog\u00e9 Cavaill\u00e8s Lingettes Intimes S\u00e8cheresse 15 Lingettes apaisent et hydratent les zones intimes s\u00e8ches. Douces, pratiques et respectueuses de l\u2019\u00e9quilibre .","robots":{"index":"index","follow":"follow","max-snippet":"max-snippet:-1","max-image-preview":"max-image-preview:large","max-video-preview":"max-video-preview:-1"},"canonical":"https:\/\/vitablanca.ma\/ar\/product-2\/roge-cavailles-lingettes-intimes-secheresse-15-lingettes\/","og_locale":"ar_AR","og_type":"article","og_title":"Rog\u00e9 cavaill\u00e8s Lingettes Intimes S\u00e8cheresse - Maroc Prix","og_description":"Rog\u00e9 Cavaill\u00e8s Lingettes Intimes S\u00e8cheresse 15 Lingettes apaisent et hydratent les zones intimes s\u00e8ches. Douces, pratiques et respectueuses de l\u2019\u00e9quilibre .","og_url":"https:\/\/vitablanca.ma\/ar\/product-2\/roge-cavailles-lingettes-intimes-secheresse-15-lingettes\/","og_site_name":"Vitablanca.ma &ndash; Sant&eacute;, vitalit&eacute; et bien-&ecirc;tre pour tous les Marocains","article_publisher":"https:\/\/www.facebook.com\/profile.php?id=61576678196717","article_modified_time":"2026-02-09T17:07:21+00:00","og_image":[{"width":1000,"height":1000,"url":"https:\/\/vitablanca.ma\/wp-content\/uploads\/2025\/06\/Roge-cavailles-Lingettes-Intimes-Secheresse-15-Lingettes-nova-parapharmacie-casablanca.jpg","type":"image\/jpeg"}],"twitter_card":"summary_large_image","twitter_misc":{"\u0648\u0642\u062a \u0627\u0644\u0642\u0631\u0627\u0621\u0629 \u0627\u0644\u0645\u064f\u0642\u062f\u0651\u0631":"\u062f\u0642\u064a\u0642\u0629 \u0648\u0627\u062d\u062f\u0629"},"schema":{"@context":"https:\/\/schema.org","@graph":[{"@type":["WebPage","ItemPage"],"@id":"https:\/\/vitablanca.ma\/produit\/roge-cavailles-lingettes-intimes-secheresse-15-lingettes\/","url":"https:\/\/vitablanca.ma\/produit\/roge-cavailles-lingettes-intimes-secheresse-15-lingettes\/","name":"Rog\u00e9 cavaill\u00e8s Lingettes Intimes S\u00e8cheresse - Maroc Prix","isPartOf":{"@id":"https:\/\/vitablanca.ma\/#website"},"primaryImageOfPage":{"@id":"https:\/\/vitablanca.ma\/produit\/roge-cavailles-lingettes-intimes-secheresse-15-lingettes\/#primaryimage"},"image":{"@id":"https:\/\/vitablanca.ma\/produit\/roge-cavailles-lingettes-intimes-secheresse-15-lingettes\/#primaryimage"},"thumbnailUrl":"https:\/\/vitablanca.ma\/wp-content\/uploads\/2025\/06\/Roge-cavailles-Lingettes-Intimes-Secheresse-15-Lingettes-nova-parapharmacie-casablanca.jpg","datePublished":"2025-06-11T21:28:14+00:00","dateModified":"2026-02-09T17:07:21+00:00","description":"Rog\u00e9 Cavaill\u00e8s Lingettes Intimes S\u00e8cheresse 15 Lingettes apaisent et hydratent les zones intimes s\u00e8ches. Douces, pratiques et respectueuses de l\u2019\u00e9quilibre .","breadcrumb":{"@id":"https:\/\/vitablanca.ma\/produit\/roge-cavailles-lingettes-intimes-secheresse-15-lingettes\/#breadcrumb"},"inLanguage":"ar","potentialAction":[{"@type":"ReadAction","target":["https:\/\/vitablanca.ma\/produit\/roge-cavailles-lingettes-intimes-secheresse-15-lingettes\/"]}]},{"@type":"ImageObject","inLanguage":"ar","@id":"https:\/\/vitablanca.ma\/produit\/roge-cavailles-lingettes-intimes-secheresse-15-lingettes\/#primaryimage","url":"https:\/\/vitablanca.ma\/wp-content\/uploads\/2025\/06\/Roge-cavailles-Lingettes-Intimes-Secheresse-15-Lingettes-nova-parapharmacie-casablanca.jpg","contentUrl":"https:\/\/vitablanca.ma\/wp-content\/uploads\/2025\/06\/Roge-cavailles-Lingettes-Intimes-Secheresse-15-Lingettes-nova-parapharmacie-casablanca.jpg","width":1000,"height":1000},{"@type":"BreadcrumbList","@id":"https:\/\/vitablanca.ma\/produit\/roge-cavailles-lingettes-intimes-secheresse-15-lingettes\/#breadcrumb","itemListElement":[{"@type":"ListItem","position":1,"name":"Home","item":"https:\/\/vitablanca.ma\/"},{"@type":"ListItem","position":2,"name":"Tous Les Produits","item":"https:\/\/vitablanca.ma\/tous-les-produits\/"},{"@type":"ListItem","position":3,"name":"Rog\u00e9 cavaill\u00e8s Lingettes Intimes S\u00e8cheresse 15 Lingettes"}]},{"@type":"WebSite","@id":"https:\/\/vitablanca.ma\/#website","url":"https:\/\/vitablanca.ma\/","name":"VitaBlanca.ma | \u0627\u0644\u0645\u0643\u0645\u0644\u0627\u062a \u0627\u0644\u063a\u0630\u0627\u0626\u064a\u0629\u060c \u0627\u0644\u0635\u062d\u0629 \u0648\u0627\u0644\u062c\u0645\u0627\u0644 \u0641\u064a \u0627\u0644\u0645\u063a\u0631\u0628","description":"\u0646\u0628\u064a\u0639 \u0641\u064a\u062a\u0627\u0645\u064a\u0646\u0627\u062a \u0648\u0645\u0643\u0645\u0644\u0627\u062a \u063a\u0630\u0627\u0626\u064a\u0629 \u0641\u0627\u062e\u0631\u0629 \u0645\u0646 \u0627\u0644\u0648\u0644\u0627\u064a\u0627\u062a \u0627\u0644\u0645\u062a\u062d\u062f\u0629 \u0627\u0644\u0623\u0645\u0631\u064a\u0643\u064a\u0629 \u0648\u0643\u0646\u062f\u0627 \u0648\u0646\u064a\u0648\u0632\u064a\u0644\u0646\u062f\u0627 \u0648\u0627\u0644\u0645\u063a\u0631\u0628 (\u0646\u0627\u0648 \u0641\u0648\u062f\u0632\u060c \u0633\u0648\u0644\u062c\u0627\u0631\u060c \u0645\u0627\u0646\u0648\u0643\u0627). \u062a\u0648\u0635\u064a\u0644 \u0633\u0631\u064a\u0639 \u0625\u0644\u0649 \u062c\u0645\u064a\u0639 \u0623\u0646\u062d\u0627\u0621 \u0627\u0644\u0645\u063a\u0631\u0628.","publisher":{"@id":"https:\/\/vitablanca.ma\/#organization"},"alternateName":"VitaBlanca.ma","potentialAction":[{"@type":"SearchAction","target":{"@type":"EntryPoint","urlTemplate":"https:\/\/vitablanca.ma\/?s={search_term_string}"},"query-input":{"@type":"PropertyValueSpecification","valueRequired":true,"valueName":"search_term_string"}}],"inLanguage":"ar"},{"@type":"Organization","@id":"https:\/\/vitablanca.ma\/#organization","name":"\u0641\u064a\u062a\u0627\u0628\u0644\u0627\u0646\u0643\u0627","url":"https:\/\/vitablanca.ma\/","logo":{"@type":"ImageObject","inLanguage":"ar","@id":"https:\/\/vitablanca.ma\/#\/schema\/logo\/image\/","url":"https:\/\/vitablanca.ma\/wp-content\/uploads\/2025\/05\/cropped-vitablanca.png","contentUrl":"https:\/\/vitablanca.ma\/wp-content\/uploads\/2025\/05\/cropped-vitablanca.png","width":360,"height":67,"caption":"VitaBlanca"},"image":{"@id":"https:\/\/vitablanca.ma\/#\/schema\/logo\/image\/"},"sameAs":["https:\/\/www.facebook.com\/profile.php?id=61576678196717","https:\/\/www.tiktok.com\/@vitablanca.ma","https:\/\/www.instagram.com\/vitablanca.ma\/"]}]}},"jetpack_sharing_enabled":true,"_links":{"self":[{"href":"https:\/\/vitablanca.ma\/ar\/wp-json\/wp\/v2\/product\/21670","targetHints":{"allow":["GET"]}}],"collection":[{"href":"https:\/\/vitablanca.ma\/ar\/wp-json\/wp\/v2\/product"}],"about":[{"href":"https:\/\/vitablanca.ma\/ar\/wp-json\/wp\/v2\/types\/product"}],"wp:featuredmedia":[{"embeddable":true,"href":"https:\/\/vitablanca.ma\/ar\/wp-json\/wp\/v2\/media\/21669"}],"wp:attachment":[{"href":"https:\/\/vitablanca.ma\/ar\/wp-json\/wp\/v2\/media?parent=21670"}],"wp:term":[{"taxonomy":"product_brand","embeddable":true,"href":"https:\/\/vitablanca.ma\/ar\/wp-json\/wp\/v2\/product_brand?post=21670"},{"taxonomy":"product_cat","embeddable":true,"href":"https:\/\/vitablanca.ma\/ar\/wp-json\/wp\/v2\/product_cat?post=21670"},{"taxonomy":"product_tag","embeddable":true,"href":"https:\/\/vitablanca.ma\/ar\/wp-json\/wp\/v2\/product_tag?post=21670"}],"curies":[{"name":"wp","href":"https:\/\/api.w.org\/{rel}","templated":true}]}}