{"id":21666,"date":"2025-06-11T21:28:10","date_gmt":"2025-06-11T21:28:10","guid":{"rendered":"https:\/\/vitablanca.ma\/product\/roge-cavailles-nutrissance-baume-corps-reparateur-400ml\/"},"modified":"2026-02-09T17:10:00","modified_gmt":"2026-02-09T17:10:00","slug":"roge-cavailles-nutrissance-baume-corps-reparateur-400ml","status":"publish","type":"product","link":"https:\/\/vitablanca.ma\/ar\/product-2\/roge-cavailles-nutrissance-baume-corps-reparateur-400ml\/","title":{"rendered":"Rog\u00e9 Cavaill\u00e9s Nutrissance Baume Corps R\u00e9parateur 400ml"},"content":{"rendered":"<h2>Rog\u00e9 Cavaill\u00e9s Nutrissance Baume Corps R\u00e9parateur<\/h2>\n<div class=\"accordion collapse show\">\n<div class=\"accordion-body\">\n<div class=\"wysiwyg\">\n<p>Ce Baume Corps Hydratant est adapt\u00e9 aux peaux tr\u00e8s s\u00e8ches.<\/p>\n<p>Compos\u00e9e \u00e0 97% d\u2019ingr\u00e9dients d\u2019origine naturelle, le Baume Corps R\u00e9parateur Cavaill\u00e8s a \u00e9t\u00e9 sp\u00e9cialement d\u00e9velopp\u00e9 pour nourrir et prot\u00e9ger les peaux tr\u00e8s s\u00e8ches.<br \/>\nSa texture non grasse et non collante p\u00e9n\u00e8tre rapidement pour une action efficace et instantan\u00e9e.\u00a0 Votre peau est nourrit, douce et pr\u00e9serv\u00e9e des agressions quotidiennes ext\u00e9rieures<\/p>\n<ul>\n<li>Formule enrichie en Surgras v\u00e9g\u00e9tal Pro-R\u00e9g\u00e9n\u00e9rant, Beurre de Karit\u00e9 et Huile de Jojoba relipidante<\/li>\n<li>Nourrit et prot\u00e8ge du dess\u00e8chement<\/li>\n<\/ul>\n<h3>\u062a\u0639\u0644\u064a\u0645\u0627\u062a \u0627\u0644\u0627\u0633\u062a\u062e\u062f\u0627\u0645<\/h3>\n<div class=\"accordion collapse show\">\n<div class=\"accordion-body\">\n<div class=\"wysiwyg\">\n<p>Une \u00e0 deux fois par jour, appliquez une noix de Baume Corps Super Hydratant sur les zones tr\u00e8s s\u00e8ches de votre corps.<\/p>\n<h3>\u062a\u0639\u0628\u064a\u0631<\/h3>\n<div class=\"utilisation\">\n<div class=\"row\">\n<div class=\"col-md-8\">\n<div id=\"accordion-product\">\n<div class=\"accordion collapse show\">\n<div class=\"accordion-body\">\n<div>\n<p>Aqua, C15-19 Alkane, Glycerin, Caprylic\/Capric Triglyceride, Oleyl Oleate, Cetearyl Olivate, Sorbitan Olivate, Simmondsia Chinensis Seed Oil, Butyrospermum Parkii Butter, Hydrogenated Olive Oil, Olea Europaea Fruit Oil, Cetearyl Alcohol, Hydroxyacetophenone, Tocopheryl Acetate, Prunus Amygdalus Dulcis Oil, Glyceryl Oleate, Parfum, Xanthan Gum, Sodium Benzoate, Acrylates\/C10-30 Alkyl Acrylate Crosspolymer, Caprylyl Glycol, Levulinic Acid, Olea Europaea Oil Unsaponifiables, Sodium Gluconate, Sodium Levulinate, Sodium Hydroxide.<\/p>\n<\/div>\n<\/div>\n<\/div>\n<\/div>\n<\/div>\n<\/div>\n<\/div>\n<\/div>\n<\/div>\n<\/div>\n<\/div>\n<\/div>\n<\/div>","protected":false},"excerpt":{"rendered":"<p>Rog\u00e9 Cavaill\u00e9s Nutrissance Baume Corps R\u00e9parateur Ce Baume Corps Hydratant est adapt\u00e9 aux peaux tr\u00e8s s\u00e8ches. Compos\u00e9e \u00e0 97% d\u2019ingr\u00e9dients d\u2019origine naturelle, le Baume Corps R\u00e9parateur Cavaill\u00e8s a \u00e9t\u00e9 sp\u00e9cialement d\u00e9velopp\u00e9 pour nourrir et prot\u00e9ger les peaux tr\u00e8s s\u00e8ches. Sa texture non grasse et non collante p\u00e9n\u00e8tre rapidement pour une action efficace et instantan\u00e9e.\u00a0 Votre [&hellip;]<\/p>\n","protected":false},"featured_media":21665,"template":"","meta":{"om_disable_all_campaigns":false},"product_brand":[],"product_cat":[15],"product_tag":[8862,8860,8865,8864,8866,6163,8780,8863,8140,8861,8573,8850,8782,6230],"class_list":{"0":"post-21666","1":"product","2":"type-product","3":"status-publish","4":"has-post-thumbnail","6":"product_cat-beaute-sante-complements-alimentaires-soins-et-bien-etre-au-meilleur-prix","7":"product_tag-baume-corps-400ml","8":"product_tag-baume-corps-reparateur","9":"product_tag-baume-riche","10":"product_tag-corps-doux-et-souple","11":"product_tag-hydratation-durable","12":"product_tag-hydratation-intense","13":"product_tag-nutrissance","14":"product_tag-peau-abimee","15":"product_tag-peau-tres-seche","16":"product_tag-repare-et-apaise","17":"product_tag-roge-cavailles","18":"product_tag-soin-dermo-cosmetique","19":"product_tag-soin-nourrissant","20":"product_tag-soin-quotidien","22":"first","23":"instock","24":"taxable","25":"shipping-taxable","26":"purchasable","27":"product-type-simple"},"yoast_head":"<!-- This site is optimized with the Yoast SEO plugin v27.4 - https:\/\/yoast.com\/product\/yoast-seo-wordpress\/ -->\n<title>Rog\u00e9 Cavaill\u00e9s Nutrissance Baume Corps 400ml - Maroc Prix<\/title>\n<meta name=\"description\" content=\"Rog\u00e9 Cavaill\u00e8s Nutrissance Baume Corps R\u00e9parateur 400ml hydrate intens\u00e9ment, r\u00e9pare et apaise les peaux tr\u00e8s s\u00e8ches. Baume riche pour un corps doux\" \/>\n<meta name=\"robots\" content=\"index, follow, max-snippet:-1, max-image-preview:large, max-video-preview:-1\" \/>\n<link rel=\"canonical\" href=\"https:\/\/vitablanca.ma\/ar\/product-2\/roge-cavailles-nutrissance-baume-corps-reparateur-400ml\/\" \/>\n<meta property=\"og:locale\" content=\"ar_AR\" \/>\n<meta property=\"og:type\" content=\"article\" \/>\n<meta property=\"og:title\" content=\"Rog\u00e9 Cavaill\u00e9s Nutrissance Baume Corps 400ml - Maroc Prix\" \/>\n<meta property=\"og:description\" content=\"Rog\u00e9 Cavaill\u00e8s Nutrissance Baume Corps R\u00e9parateur 400ml hydrate intens\u00e9ment, r\u00e9pare et apaise les peaux tr\u00e8s s\u00e8ches. Baume riche pour un corps doux\" \/>\n<meta property=\"og:url\" content=\"https:\/\/vitablanca.ma\/ar\/product-2\/roge-cavailles-nutrissance-baume-corps-reparateur-400ml\/\" \/>\n<meta property=\"og:site_name\" content=\"Vitablanca.ma &ndash; Sant&eacute;, vitalit&eacute; et bien-&ecirc;tre pour tous les Marocains\" \/>\n<meta property=\"article:publisher\" content=\"https:\/\/www.facebook.com\/profile.php?id=61576678196717\" \/>\n<meta property=\"article:modified_time\" content=\"2026-02-09T17:10:00+00:00\" \/>\n<meta property=\"og:image\" content=\"https:\/\/vitablanca.ma\/wp-content\/uploads\/2025\/06\/Roge-Cavailles-Nutrissance-Baume-Corps-Reparateur-200ml-nova-parapharmacie-maroc.jpg\" \/>\n\t<meta property=\"og:image:width\" content=\"1000\" \/>\n\t<meta property=\"og:image:height\" content=\"1000\" \/>\n\t<meta property=\"og:image:type\" content=\"image\/jpeg\" \/>\n<meta name=\"twitter:card\" content=\"summary_large_image\" \/>\n<meta name=\"twitter:label1\" content=\"\u0648\u0642\u062a \u0627\u0644\u0642\u0631\u0627\u0621\u0629 \u0627\u0644\u0645\u064f\u0642\u062f\u0651\u0631\" \/>\n\t<meta name=\"twitter:data1\" content=\"\u062f\u0642\u064a\u0642\u062a\u0627\u0646\" \/>\n<script type=\"application\/ld+json\" class=\"yoast-schema-graph\">{\"@context\":\"https:\\\/\\\/schema.org\",\"@graph\":[{\"@type\":[\"WebPage\",\"ItemPage\"],\"@id\":\"https:\\\/\\\/vitablanca.ma\\\/produit\\\/roge-cavailles-nutrissance-baume-corps-reparateur-400ml\\\/\",\"url\":\"https:\\\/\\\/vitablanca.ma\\\/produit\\\/roge-cavailles-nutrissance-baume-corps-reparateur-400ml\\\/\",\"name\":\"Rog\u00e9 Cavaill\u00e9s Nutrissance Baume Corps 400ml - Maroc Prix\",\"isPartOf\":{\"@id\":\"https:\\\/\\\/vitablanca.ma\\\/#website\"},\"primaryImageOfPage\":{\"@id\":\"https:\\\/\\\/vitablanca.ma\\\/produit\\\/roge-cavailles-nutrissance-baume-corps-reparateur-400ml\\\/#primaryimage\"},\"image\":{\"@id\":\"https:\\\/\\\/vitablanca.ma\\\/produit\\\/roge-cavailles-nutrissance-baume-corps-reparateur-400ml\\\/#primaryimage\"},\"thumbnailUrl\":\"https:\\\/\\\/vitablanca.ma\\\/wp-content\\\/uploads\\\/2025\\\/06\\\/Roge-Cavailles-Nutrissance-Baume-Corps-Reparateur-200ml-nova-parapharmacie-maroc.jpg\",\"datePublished\":\"2025-06-11T21:28:10+00:00\",\"dateModified\":\"2026-02-09T17:10:00+00:00\",\"description\":\"Rog\u00e9 Cavaill\u00e8s Nutrissance Baume Corps R\u00e9parateur 400ml hydrate intens\u00e9ment, r\u00e9pare et apaise les peaux tr\u00e8s s\u00e8ches. Baume riche pour un corps doux\",\"breadcrumb\":{\"@id\":\"https:\\\/\\\/vitablanca.ma\\\/produit\\\/roge-cavailles-nutrissance-baume-corps-reparateur-400ml\\\/#breadcrumb\"},\"inLanguage\":\"ar\",\"potentialAction\":[{\"@type\":\"ReadAction\",\"target\":[\"https:\\\/\\\/vitablanca.ma\\\/produit\\\/roge-cavailles-nutrissance-baume-corps-reparateur-400ml\\\/\"]}]},{\"@type\":\"ImageObject\",\"inLanguage\":\"ar\",\"@id\":\"https:\\\/\\\/vitablanca.ma\\\/produit\\\/roge-cavailles-nutrissance-baume-corps-reparateur-400ml\\\/#primaryimage\",\"url\":\"https:\\\/\\\/vitablanca.ma\\\/wp-content\\\/uploads\\\/2025\\\/06\\\/Roge-Cavailles-Nutrissance-Baume-Corps-Reparateur-200ml-nova-parapharmacie-maroc.jpg\",\"contentUrl\":\"https:\\\/\\\/vitablanca.ma\\\/wp-content\\\/uploads\\\/2025\\\/06\\\/Roge-Cavailles-Nutrissance-Baume-Corps-Reparateur-200ml-nova-parapharmacie-maroc.jpg\",\"width\":1000,\"height\":1000},{\"@type\":\"BreadcrumbList\",\"@id\":\"https:\\\/\\\/vitablanca.ma\\\/produit\\\/roge-cavailles-nutrissance-baume-corps-reparateur-400ml\\\/#breadcrumb\",\"itemListElement\":[{\"@type\":\"ListItem\",\"position\":1,\"name\":\"Home\",\"item\":\"https:\\\/\\\/vitablanca.ma\\\/\"},{\"@type\":\"ListItem\",\"position\":2,\"name\":\"Tous Les Produits\",\"item\":\"https:\\\/\\\/vitablanca.ma\\\/tous-les-produits\\\/\"},{\"@type\":\"ListItem\",\"position\":3,\"name\":\"Rog\u00e9 Cavaill\u00e9s Nutrissance Baume Corps R\u00e9parateur 400ml\"}]},{\"@type\":\"WebSite\",\"@id\":\"https:\\\/\\\/vitablanca.ma\\\/#website\",\"url\":\"https:\\\/\\\/vitablanca.ma\\\/\",\"name\":\"VitaBlanca.ma | Compl\u00e9ments alimentaires, sant\u00e9 & beaut\u00e9 au Maroc\",\"description\":\"vendre vitamines et compl\u00e9ments premium des USA &amp; Canada, Nouvelle Z\u00e9lande,Maroc (NOW Foods, Solgar, Manuka). Livraison rapide partout au Maroc.\",\"publisher\":{\"@id\":\"https:\\\/\\\/vitablanca.ma\\\/#organization\"},\"alternateName\":\"VitaBlanca.ma\",\"potentialAction\":[{\"@type\":\"SearchAction\",\"target\":{\"@type\":\"EntryPoint\",\"urlTemplate\":\"https:\\\/\\\/vitablanca.ma\\\/?s={search_term_string}\"},\"query-input\":{\"@type\":\"PropertyValueSpecification\",\"valueRequired\":true,\"valueName\":\"search_term_string\"}}],\"inLanguage\":\"ar\"},{\"@type\":\"Organization\",\"@id\":\"https:\\\/\\\/vitablanca.ma\\\/#organization\",\"name\":\"VitaBlanca\",\"url\":\"https:\\\/\\\/vitablanca.ma\\\/\",\"logo\":{\"@type\":\"ImageObject\",\"inLanguage\":\"ar\",\"@id\":\"https:\\\/\\\/vitablanca.ma\\\/#\\\/schema\\\/logo\\\/image\\\/\",\"url\":\"https:\\\/\\\/vitablanca.ma\\\/wp-content\\\/uploads\\\/2025\\\/05\\\/cropped-vitablanca.png\",\"contentUrl\":\"https:\\\/\\\/vitablanca.ma\\\/wp-content\\\/uploads\\\/2025\\\/05\\\/cropped-vitablanca.png\",\"width\":360,\"height\":67,\"caption\":\"VitaBlanca\"},\"image\":{\"@id\":\"https:\\\/\\\/vitablanca.ma\\\/#\\\/schema\\\/logo\\\/image\\\/\"},\"sameAs\":[\"https:\\\/\\\/www.facebook.com\\\/profile.php?id=61576678196717\",\"https:\\\/\\\/www.tiktok.com\\\/@vitablanca.ma\",\"https:\\\/\\\/www.instagram.com\\\/vitablanca.ma\\\/\"]}]}<\/script>\n<!-- \/ Yoast SEO plugin. -->","yoast_head_json":{"title":"Rog\u00e9 Cavaill\u00e9s Nutrissance Baume Corps 400ml - Maroc Prix","description":"Rog\u00e9 Cavaill\u00e8s Nutrissance Baume Corps R\u00e9parateur 400ml hydrate intens\u00e9ment, r\u00e9pare et apaise les peaux tr\u00e8s s\u00e8ches. Baume riche pour un corps doux","robots":{"index":"index","follow":"follow","max-snippet":"max-snippet:-1","max-image-preview":"max-image-preview:large","max-video-preview":"max-video-preview:-1"},"canonical":"https:\/\/vitablanca.ma\/ar\/product-2\/roge-cavailles-nutrissance-baume-corps-reparateur-400ml\/","og_locale":"ar_AR","og_type":"article","og_title":"Rog\u00e9 Cavaill\u00e9s Nutrissance Baume Corps 400ml - Maroc Prix","og_description":"Rog\u00e9 Cavaill\u00e8s Nutrissance Baume Corps R\u00e9parateur 400ml hydrate intens\u00e9ment, r\u00e9pare et apaise les peaux tr\u00e8s s\u00e8ches. Baume riche pour un corps doux","og_url":"https:\/\/vitablanca.ma\/ar\/product-2\/roge-cavailles-nutrissance-baume-corps-reparateur-400ml\/","og_site_name":"Vitablanca.ma &ndash; Sant&eacute;, vitalit&eacute; et bien-&ecirc;tre pour tous les Marocains","article_publisher":"https:\/\/www.facebook.com\/profile.php?id=61576678196717","article_modified_time":"2026-02-09T17:10:00+00:00","og_image":[{"width":1000,"height":1000,"url":"https:\/\/vitablanca.ma\/wp-content\/uploads\/2025\/06\/Roge-Cavailles-Nutrissance-Baume-Corps-Reparateur-200ml-nova-parapharmacie-maroc.jpg","type":"image\/jpeg"}],"twitter_card":"summary_large_image","twitter_misc":{"\u0648\u0642\u062a \u0627\u0644\u0642\u0631\u0627\u0621\u0629 \u0627\u0644\u0645\u064f\u0642\u062f\u0651\u0631":"\u062f\u0642\u064a\u0642\u062a\u0627\u0646"},"schema":{"@context":"https:\/\/schema.org","@graph":[{"@type":["WebPage","ItemPage"],"@id":"https:\/\/vitablanca.ma\/produit\/roge-cavailles-nutrissance-baume-corps-reparateur-400ml\/","url":"https:\/\/vitablanca.ma\/produit\/roge-cavailles-nutrissance-baume-corps-reparateur-400ml\/","name":"Rog\u00e9 Cavaill\u00e9s Nutrissance Baume Corps 400ml - Maroc Prix","isPartOf":{"@id":"https:\/\/vitablanca.ma\/#website"},"primaryImageOfPage":{"@id":"https:\/\/vitablanca.ma\/produit\/roge-cavailles-nutrissance-baume-corps-reparateur-400ml\/#primaryimage"},"image":{"@id":"https:\/\/vitablanca.ma\/produit\/roge-cavailles-nutrissance-baume-corps-reparateur-400ml\/#primaryimage"},"thumbnailUrl":"https:\/\/vitablanca.ma\/wp-content\/uploads\/2025\/06\/Roge-Cavailles-Nutrissance-Baume-Corps-Reparateur-200ml-nova-parapharmacie-maroc.jpg","datePublished":"2025-06-11T21:28:10+00:00","dateModified":"2026-02-09T17:10:00+00:00","description":"Rog\u00e9 Cavaill\u00e8s Nutrissance Baume Corps R\u00e9parateur 400ml hydrate intens\u00e9ment, r\u00e9pare et apaise les peaux tr\u00e8s s\u00e8ches. Baume riche pour un corps doux","breadcrumb":{"@id":"https:\/\/vitablanca.ma\/produit\/roge-cavailles-nutrissance-baume-corps-reparateur-400ml\/#breadcrumb"},"inLanguage":"ar","potentialAction":[{"@type":"ReadAction","target":["https:\/\/vitablanca.ma\/produit\/roge-cavailles-nutrissance-baume-corps-reparateur-400ml\/"]}]},{"@type":"ImageObject","inLanguage":"ar","@id":"https:\/\/vitablanca.ma\/produit\/roge-cavailles-nutrissance-baume-corps-reparateur-400ml\/#primaryimage","url":"https:\/\/vitablanca.ma\/wp-content\/uploads\/2025\/06\/Roge-Cavailles-Nutrissance-Baume-Corps-Reparateur-200ml-nova-parapharmacie-maroc.jpg","contentUrl":"https:\/\/vitablanca.ma\/wp-content\/uploads\/2025\/06\/Roge-Cavailles-Nutrissance-Baume-Corps-Reparateur-200ml-nova-parapharmacie-maroc.jpg","width":1000,"height":1000},{"@type":"BreadcrumbList","@id":"https:\/\/vitablanca.ma\/produit\/roge-cavailles-nutrissance-baume-corps-reparateur-400ml\/#breadcrumb","itemListElement":[{"@type":"ListItem","position":1,"name":"Home","item":"https:\/\/vitablanca.ma\/"},{"@type":"ListItem","position":2,"name":"Tous Les Produits","item":"https:\/\/vitablanca.ma\/tous-les-produits\/"},{"@type":"ListItem","position":3,"name":"Rog\u00e9 Cavaill\u00e9s Nutrissance Baume Corps R\u00e9parateur 400ml"}]},{"@type":"WebSite","@id":"https:\/\/vitablanca.ma\/#website","url":"https:\/\/vitablanca.ma\/","name":"VitaBlanca.ma | \u0627\u0644\u0645\u0643\u0645\u0644\u0627\u062a \u0627\u0644\u063a\u0630\u0627\u0626\u064a\u0629\u060c \u0627\u0644\u0635\u062d\u0629 \u0648\u0627\u0644\u062c\u0645\u0627\u0644 \u0641\u064a \u0627\u0644\u0645\u063a\u0631\u0628","description":"\u0646\u0628\u064a\u0639 \u0641\u064a\u062a\u0627\u0645\u064a\u0646\u0627\u062a \u0648\u0645\u0643\u0645\u0644\u0627\u062a \u063a\u0630\u0627\u0626\u064a\u0629 \u0641\u0627\u062e\u0631\u0629 \u0645\u0646 \u0627\u0644\u0648\u0644\u0627\u064a\u0627\u062a \u0627\u0644\u0645\u062a\u062d\u062f\u0629 \u0627\u0644\u0623\u0645\u0631\u064a\u0643\u064a\u0629 \u0648\u0643\u0646\u062f\u0627 \u0648\u0646\u064a\u0648\u0632\u064a\u0644\u0646\u062f\u0627 \u0648\u0627\u0644\u0645\u063a\u0631\u0628 (\u0646\u0627\u0648 \u0641\u0648\u062f\u0632\u060c \u0633\u0648\u0644\u062c\u0627\u0631\u060c \u0645\u0627\u0646\u0648\u0643\u0627). \u062a\u0648\u0635\u064a\u0644 \u0633\u0631\u064a\u0639 \u0625\u0644\u0649 \u062c\u0645\u064a\u0639 \u0623\u0646\u062d\u0627\u0621 \u0627\u0644\u0645\u063a\u0631\u0628.","publisher":{"@id":"https:\/\/vitablanca.ma\/#organization"},"alternateName":"VitaBlanca.ma","potentialAction":[{"@type":"SearchAction","target":{"@type":"EntryPoint","urlTemplate":"https:\/\/vitablanca.ma\/?s={search_term_string}"},"query-input":{"@type":"PropertyValueSpecification","valueRequired":true,"valueName":"search_term_string"}}],"inLanguage":"ar"},{"@type":"Organization","@id":"https:\/\/vitablanca.ma\/#organization","name":"\u0641\u064a\u062a\u0627\u0628\u0644\u0627\u0646\u0643\u0627","url":"https:\/\/vitablanca.ma\/","logo":{"@type":"ImageObject","inLanguage":"ar","@id":"https:\/\/vitablanca.ma\/#\/schema\/logo\/image\/","url":"https:\/\/vitablanca.ma\/wp-content\/uploads\/2025\/05\/cropped-vitablanca.png","contentUrl":"https:\/\/vitablanca.ma\/wp-content\/uploads\/2025\/05\/cropped-vitablanca.png","width":360,"height":67,"caption":"VitaBlanca"},"image":{"@id":"https:\/\/vitablanca.ma\/#\/schema\/logo\/image\/"},"sameAs":["https:\/\/www.facebook.com\/profile.php?id=61576678196717","https:\/\/www.tiktok.com\/@vitablanca.ma","https:\/\/www.instagram.com\/vitablanca.ma\/"]}]}},"jetpack_sharing_enabled":true,"_links":{"self":[{"href":"https:\/\/vitablanca.ma\/ar\/wp-json\/wp\/v2\/product\/21666","targetHints":{"allow":["GET"]}}],"collection":[{"href":"https:\/\/vitablanca.ma\/ar\/wp-json\/wp\/v2\/product"}],"about":[{"href":"https:\/\/vitablanca.ma\/ar\/wp-json\/wp\/v2\/types\/product"}],"wp:featuredmedia":[{"embeddable":true,"href":"https:\/\/vitablanca.ma\/ar\/wp-json\/wp\/v2\/media\/21665"}],"wp:attachment":[{"href":"https:\/\/vitablanca.ma\/ar\/wp-json\/wp\/v2\/media?parent=21666"}],"wp:term":[{"taxonomy":"product_brand","embeddable":true,"href":"https:\/\/vitablanca.ma\/ar\/wp-json\/wp\/v2\/product_brand?post=21666"},{"taxonomy":"product_cat","embeddable":true,"href":"https:\/\/vitablanca.ma\/ar\/wp-json\/wp\/v2\/product_cat?post=21666"},{"taxonomy":"product_tag","embeddable":true,"href":"https:\/\/vitablanca.ma\/ar\/wp-json\/wp\/v2\/product_tag?post=21666"}],"curies":[{"name":"wp","href":"https:\/\/api.w.org\/{rel}","templated":true}]}}