{"id":21629,"date":"2025-06-11T21:27:17","date_gmt":"2025-06-11T21:27:17","guid":{"rendered":"https:\/\/vitablanca.ma\/product\/svr-sebiaclear-cicapeel-15ml\/"},"modified":"2026-01-21T17:42:43","modified_gmt":"2026-01-21T17:42:43","slug":"svr-sebiaclear-cicapeel-15ml","status":"publish","type":"product","link":"https:\/\/vitablanca.ma\/ar\/product-2\/svr-sebiaclear-cicapeel-15ml\/","title":{"rendered":"SVR SEBIACLEAR Cicapeel 15ml"},"content":{"rendered":"<h2>SVR SEBIACLEAR Cicapeel\u00a0<span>Gel actif cibl\u00e9 stop-boutons 24h anti-marques.<\/span><br \/>\n<\/h2>\n<p><span>Sebiaclear Cicapeel est le geste SOS des peaux \u00e0 imperfections. Ce gel actif ass\u00e8che et \u00e9limine boutons et points noirs tout en pr\u00e9venant la formation de marques.<br \/>15\u0645\u0644.<\/span><\/p>\n<div class=\"product__main\">\n<div class=\"product__sidebar product__sidebar--is-sticky\">\n<div class=\"inner-wrapper-sticky\">\n<div class=\"product__variants\">\n<div data-price-wrapper=\"\" class=\"product__prices\">\n<span data-product-price=\"\" class=\"product__prices-price\"><\/span>\n<\/div>\n<\/div>\n<div class=\"product__actions\"><\/div>\n<\/div>\n<\/div>\n<\/div>\n<div class=\"product__content\">\n<div data-drawer-container=\"\" class=\"product__tab expanded\">\n<h3 class=\"product__tab-header\">\u0644\u0645\u0646\u061f \u0644\u0645\u0627\u0630\u0627\u061f<\/h3>\n<div data-drawer-content=\"\" class=\"product__tab-content\">\n<p>Pour les peaux sensibles \u00e0 tendance acn\u00e9ique, visage.<\/p>\n<p>Le bouton au mauvais moment, un \u2026 classique. Sebiaclear Cicapeel, est le geste SOS stop-boutons<span>\u00a0<\/span><strong>24 \u0633\u0627\u0639\u0629<\/strong><sup>(1)<\/sup>. Ce gel actif cibl\u00e9 ass\u00e8che et aide \u00e0 \u00e9liminer boutons et points noirs en un temps record tout en pr\u00e9venant la formation de marques. Sa texture gel invisible oil-free vous accompagnera tout au long de la journ\u00e9e.<\/p>\n<p><strong>EFFICACIT\u00c9 PROUV\u00c9E CLINIQUEMENT<\/strong><\/p>\n<p>Hypoallerg\u00e9nique &#8211; Non com\u00e9dog\u00e8ne.<\/p>\n<\/div>\n<\/div>\n<div data-drawer-container=\"\" class=\"product__tab expanded\">\n<h3 class=\"product__tab-header\">\u0643\u064a\u0641 \u064a\u0639\u0645\u0644\u061f<\/h3>\n<div data-drawer-content=\"\" class=\"product__tab-content\">\n<p>\u064a\u062a\u0645 \u0625\u0641\u0631\u0627\u0632 \u0627\u0644\u0632\u0647\u0645 \u0644\u062d\u0645\u0627\u064a\u0629 \u0627\u0644\u062c\u0644\u062f\u060c \u0648\u0644\u0643\u0646 \u0625\u0630\u0627 \u0643\u0627\u0646 \u0647\u0646\u0627\u0643 \u0627\u0644\u0643\u062b\u064a\u0631 \u0645\u0646 \u0627\u0644\u0632\u0647\u0645\u060c \u064a\u0635\u0628\u062d \u0627\u0644\u062c\u0644\u062f \u0644\u0627\u0645\u0639\u064b\u0627 \u0648\u062a\u0635\u0628\u062d \u0628\u0635\u064a\u0644\u0627\u062a \u0627\u0644\u0634\u0639\u0631 (\u0627\u0644\u063a\u062f\u062f \u0627\u0644\u062a\u064a \u062a\u0641\u0631\u0632 \u0627\u0644\u0632\u0647\u0645 \u0641\u064a \u062c\u0630\u0631 \u0627\u0644\u0634\u0639\u0631) \u0645\u0633\u062f\u0648\u062f\u0629\u060c \u0645\u0645\u0627 \u064a\u0634\u062c\u0639 \u0639\u0644\u0649 \u0638\u0647\u0648\u0631 \u0627\u0644\u0639\u064a\u0648\u0628 \u0648\u0627\u0644\u0631\u0624\u0648\u0633 \u0627\u0644\u0633\u0648\u062f\u0627\u0621 \u0648\u0627\u0644\u0628\u0642\u0639.<\/p>\n<p><strong>2 actifs dermatologiques super concentr\u00e9s.<\/strong><\/p>\n<p><strong>14% de<\/strong><span>\u00a0<\/span><strong>gluconolactone<\/strong>, un actif d\u2019origine naturelle, au pouvoir k\u00e9ratolytique exfolie la surface du bouton.<\/p>\n<p><strong>\u062d\u0645\u0636 \u0627\u0644\u0633\u0627\u0644\u064a\u0633\u064a\u0644\u064a\u0643<\/strong><span>\u00a0<\/span>:<br \/>\u2022 Nettoie en profondeur &amp; limite la prolif\u00e9ration bact\u00e9rienne<\/p>\n<\/div>\n<\/div>\n<div data-drawer-container=\"\" class=\"product__tab expanded\">\n<h3 class=\"product__tab-header\">\u0643\u064a\u0641\u064a\u0629 \u0627\u0633\u062a\u062e\u062f\u0627\u0645\u0647\u061f<\/h3>\n<div data-drawer-content=\"\" class=\"product__tab-content\">\n<p>Appliquer localement 2 ou plusieurs fois par jour. Sa texture gel invisible permet de l\u2019appliquer sous le maquillage.<\/p>\n<p style=\"text-align: center\">D\u00e9couvrez SVR SEBIACLEAR Cicapeel, un produit soigneusement s\u00e9lectionn\u00e9 pour r\u00e9pondre \u00e0 vos besoins sp\u00e9cifiques, et vivez une exp\u00e9rience d&rsquo;achat exceptionnelle sur notre site,\u00a0<strong>Vita Blanca Parapharmacie Maroc<\/strong><\/p>\n<\/div>\n<\/div>\n<\/div>","protected":false},"excerpt":{"rendered":"<p>SVR SEBIACLEAR Cicapeel\u00a0Gel actif cibl\u00e9 stop-boutons 24h anti-marques. Sebiaclear Cicapeel est le geste SOS des peaux \u00e0 imperfections. Ce gel actif ass\u00e8che et \u00e9limine boutons et points noirs tout en pr\u00e9venant la formation de marques.15ml. Pour qui ? Pour quoi ? Pour les peaux sensibles \u00e0 tendance acn\u00e9ique, visage. Le bouton au mauvais moment, un [&hellip;]<\/p>\n","protected":false},"featured_media":21627,"template":"","meta":{"om_disable_all_campaigns":false},"product_brand":[5981],"product_cat":[18,15],"product_tag":[5982,5983,5984,5988,5987,5986,5985],"class_list":{"0":"post-21629","1":"product","2":"type-product","3":"status-publish","4":"has-post-thumbnail","6":"product_brand-svr-original-maroc-au-meilleur-prix","7":"product_cat-beaute-sante","8":"product_cat-beaute-sante-complements-alimentaires-soins-et-bien-etre-au-meilleur-prix","9":"product_tag-laboratoire-svr","10":"product_tag-marque-dermatologique-francaise","11":"product_tag-produits-svr-originaux","12":"product_tag-sun-secure-svr","13":"product_tag-svr","14":"product_tag-svr-laboratoire-dermatologique","15":"product_tag-svr-maroc","17":"first","18":"instock","19":"sale","20":"taxable","21":"shipping-taxable","22":"purchasable","23":"product-type-simple"},"yoast_head":"<!-- This site is optimized with the Yoast SEO plugin v27.4 - https:\/\/yoast.com\/product\/yoast-seo-wordpress\/ -->\n<title>SVR SEBIACLEAR Cicapeel 15ml - Maroc Prix<\/title>\n<meta name=\"description\" content=\"SVR SEBIACLEAR Cicapeel 15ml\" \/>\n<meta name=\"robots\" content=\"index, follow, max-snippet:-1, max-image-preview:large, max-video-preview:-1\" \/>\n<link rel=\"canonical\" href=\"https:\/\/vitablanca.ma\/ar\/product-2\/svr-sebiaclear-cicapeel-15ml\/\" \/>\n<meta property=\"og:locale\" content=\"ar_AR\" \/>\n<meta property=\"og:type\" content=\"article\" \/>\n<meta property=\"og:title\" content=\"SVR SEBIACLEAR Cicapeel 15ml - Maroc Prix\" \/>\n<meta property=\"og:description\" content=\"SVR SEBIACLEAR Cicapeel 15ml\" \/>\n<meta property=\"og:url\" content=\"https:\/\/vitablanca.ma\/ar\/product-2\/svr-sebiaclear-cicapeel-15ml\/\" \/>\n<meta property=\"og:site_name\" content=\"Vitablanca.ma &ndash; Sant&eacute;, vitalit&eacute; et bien-&ecirc;tre pour tous les Marocains\" \/>\n<meta property=\"article:publisher\" content=\"https:\/\/www.facebook.com\/profile.php?id=61576678196717\" \/>\n<meta property=\"article:modified_time\" content=\"2026-01-21T17:42:43+00:00\" \/>\n<meta property=\"og:image\" content=\"https:\/\/vitablanca.ma\/wp-content\/uploads\/2025\/06\/SVR-SEBIACLEAR-Cicapeel-15ml-nova-parapharmacie-casablanca.jpg\" \/>\n\t<meta property=\"og:image:width\" content=\"1000\" \/>\n\t<meta property=\"og:image:height\" content=\"1000\" \/>\n\t<meta property=\"og:image:type\" content=\"image\/jpeg\" \/>\n<meta name=\"twitter:card\" content=\"summary_large_image\" \/>\n<meta name=\"twitter:label1\" content=\"\u0648\u0642\u062a \u0627\u0644\u0642\u0631\u0627\u0621\u0629 \u0627\u0644\u0645\u064f\u0642\u062f\u0651\u0631\" \/>\n\t<meta name=\"twitter:data1\" content=\"\u062f\u0642\u064a\u0642\u0629 \u0648\u0627\u062d\u062f\u0629\" \/>\n<script type=\"application\/ld+json\" class=\"yoast-schema-graph\">{\"@context\":\"https:\\\/\\\/schema.org\",\"@graph\":[{\"@type\":[\"WebPage\",\"ItemPage\"],\"@id\":\"https:\\\/\\\/vitablanca.ma\\\/produit\\\/svr-sebiaclear-cicapeel-15ml\\\/\",\"url\":\"https:\\\/\\\/vitablanca.ma\\\/produit\\\/svr-sebiaclear-cicapeel-15ml\\\/\",\"name\":\"SVR SEBIACLEAR Cicapeel 15ml - Maroc Prix\",\"isPartOf\":{\"@id\":\"https:\\\/\\\/vitablanca.ma\\\/#website\"},\"primaryImageOfPage\":{\"@id\":\"https:\\\/\\\/vitablanca.ma\\\/produit\\\/svr-sebiaclear-cicapeel-15ml\\\/#primaryimage\"},\"image\":{\"@id\":\"https:\\\/\\\/vitablanca.ma\\\/produit\\\/svr-sebiaclear-cicapeel-15ml\\\/#primaryimage\"},\"thumbnailUrl\":\"https:\\\/\\\/vitablanca.ma\\\/wp-content\\\/uploads\\\/2025\\\/06\\\/SVR-SEBIACLEAR-Cicapeel-15ml-nova-parapharmacie-casablanca.jpg\",\"datePublished\":\"2025-06-11T21:27:17+00:00\",\"dateModified\":\"2026-01-21T17:42:43+00:00\",\"description\":\"SVR SEBIACLEAR Cicapeel 15ml\",\"breadcrumb\":{\"@id\":\"https:\\\/\\\/vitablanca.ma\\\/produit\\\/svr-sebiaclear-cicapeel-15ml\\\/#breadcrumb\"},\"inLanguage\":\"ar\",\"potentialAction\":[{\"@type\":\"ReadAction\",\"target\":[\"https:\\\/\\\/vitablanca.ma\\\/produit\\\/svr-sebiaclear-cicapeel-15ml\\\/\"]}]},{\"@type\":\"ImageObject\",\"inLanguage\":\"ar\",\"@id\":\"https:\\\/\\\/vitablanca.ma\\\/produit\\\/svr-sebiaclear-cicapeel-15ml\\\/#primaryimage\",\"url\":\"https:\\\/\\\/vitablanca.ma\\\/wp-content\\\/uploads\\\/2025\\\/06\\\/SVR-SEBIACLEAR-Cicapeel-15ml-nova-parapharmacie-casablanca.jpg\",\"contentUrl\":\"https:\\\/\\\/vitablanca.ma\\\/wp-content\\\/uploads\\\/2025\\\/06\\\/SVR-SEBIACLEAR-Cicapeel-15ml-nova-parapharmacie-casablanca.jpg\",\"width\":1000,\"height\":1000},{\"@type\":\"BreadcrumbList\",\"@id\":\"https:\\\/\\\/vitablanca.ma\\\/produit\\\/svr-sebiaclear-cicapeel-15ml\\\/#breadcrumb\",\"itemListElement\":[{\"@type\":\"ListItem\",\"position\":1,\"name\":\"Home\",\"item\":\"https:\\\/\\\/vitablanca.ma\\\/\"},{\"@type\":\"ListItem\",\"position\":2,\"name\":\"Tous Les Produits\",\"item\":\"https:\\\/\\\/vitablanca.ma\\\/tous-les-produits\\\/\"},{\"@type\":\"ListItem\",\"position\":3,\"name\":\"SVR SEBIACLEAR Cicapeel 15ml\"}]},{\"@type\":\"WebSite\",\"@id\":\"https:\\\/\\\/vitablanca.ma\\\/#website\",\"url\":\"https:\\\/\\\/vitablanca.ma\\\/\",\"name\":\"VitaBlanca.ma | Compl\u00e9ments alimentaires, sant\u00e9 & beaut\u00e9 au Maroc\",\"description\":\"vendre vitamines et compl\u00e9ments premium des USA &amp; Canada, Nouvelle Z\u00e9lande,Maroc (NOW Foods, Solgar, Manuka). Livraison rapide partout au Maroc.\",\"publisher\":{\"@id\":\"https:\\\/\\\/vitablanca.ma\\\/#organization\"},\"alternateName\":\"VitaBlanca.ma\",\"potentialAction\":[{\"@type\":\"SearchAction\",\"target\":{\"@type\":\"EntryPoint\",\"urlTemplate\":\"https:\\\/\\\/vitablanca.ma\\\/?s={search_term_string}\"},\"query-input\":{\"@type\":\"PropertyValueSpecification\",\"valueRequired\":true,\"valueName\":\"search_term_string\"}}],\"inLanguage\":\"ar\"},{\"@type\":\"Organization\",\"@id\":\"https:\\\/\\\/vitablanca.ma\\\/#organization\",\"name\":\"VitaBlanca\",\"url\":\"https:\\\/\\\/vitablanca.ma\\\/\",\"logo\":{\"@type\":\"ImageObject\",\"inLanguage\":\"ar\",\"@id\":\"https:\\\/\\\/vitablanca.ma\\\/#\\\/schema\\\/logo\\\/image\\\/\",\"url\":\"https:\\\/\\\/vitablanca.ma\\\/wp-content\\\/uploads\\\/2025\\\/05\\\/cropped-vitablanca.png\",\"contentUrl\":\"https:\\\/\\\/vitablanca.ma\\\/wp-content\\\/uploads\\\/2025\\\/05\\\/cropped-vitablanca.png\",\"width\":360,\"height\":67,\"caption\":\"VitaBlanca\"},\"image\":{\"@id\":\"https:\\\/\\\/vitablanca.ma\\\/#\\\/schema\\\/logo\\\/image\\\/\"},\"sameAs\":[\"https:\\\/\\\/www.facebook.com\\\/profile.php?id=61576678196717\",\"https:\\\/\\\/www.tiktok.com\\\/@vitablanca.ma\",\"https:\\\/\\\/www.instagram.com\\\/vitablanca.ma\\\/\"]}]}<\/script>\n<!-- \/ Yoast SEO plugin. -->","yoast_head_json":{"title":"SVR SEBIACLEAR Cicapeel 15ml - Maroc Prix","description":"SVR SEBIACLEAR Cicapeel 15ml","robots":{"index":"index","follow":"follow","max-snippet":"max-snippet:-1","max-image-preview":"max-image-preview:large","max-video-preview":"max-video-preview:-1"},"canonical":"https:\/\/vitablanca.ma\/ar\/product-2\/svr-sebiaclear-cicapeel-15ml\/","og_locale":"ar_AR","og_type":"article","og_title":"SVR SEBIACLEAR Cicapeel 15ml - Maroc Prix","og_description":"SVR SEBIACLEAR Cicapeel 15ml","og_url":"https:\/\/vitablanca.ma\/ar\/product-2\/svr-sebiaclear-cicapeel-15ml\/","og_site_name":"Vitablanca.ma &ndash; Sant&eacute;, vitalit&eacute; et bien-&ecirc;tre pour tous les Marocains","article_publisher":"https:\/\/www.facebook.com\/profile.php?id=61576678196717","article_modified_time":"2026-01-21T17:42:43+00:00","og_image":[{"width":1000,"height":1000,"url":"https:\/\/vitablanca.ma\/wp-content\/uploads\/2025\/06\/SVR-SEBIACLEAR-Cicapeel-15ml-nova-parapharmacie-casablanca.jpg","type":"image\/jpeg"}],"twitter_card":"summary_large_image","twitter_misc":{"\u0648\u0642\u062a \u0627\u0644\u0642\u0631\u0627\u0621\u0629 \u0627\u0644\u0645\u064f\u0642\u062f\u0651\u0631":"\u062f\u0642\u064a\u0642\u0629 \u0648\u0627\u062d\u062f\u0629"},"schema":{"@context":"https:\/\/schema.org","@graph":[{"@type":["WebPage","ItemPage"],"@id":"https:\/\/vitablanca.ma\/produit\/svr-sebiaclear-cicapeel-15ml\/","url":"https:\/\/vitablanca.ma\/produit\/svr-sebiaclear-cicapeel-15ml\/","name":"SVR SEBIACLEAR Cicapeel 15ml - Maroc Prix","isPartOf":{"@id":"https:\/\/vitablanca.ma\/#website"},"primaryImageOfPage":{"@id":"https:\/\/vitablanca.ma\/produit\/svr-sebiaclear-cicapeel-15ml\/#primaryimage"},"image":{"@id":"https:\/\/vitablanca.ma\/produit\/svr-sebiaclear-cicapeel-15ml\/#primaryimage"},"thumbnailUrl":"https:\/\/vitablanca.ma\/wp-content\/uploads\/2025\/06\/SVR-SEBIACLEAR-Cicapeel-15ml-nova-parapharmacie-casablanca.jpg","datePublished":"2025-06-11T21:27:17+00:00","dateModified":"2026-01-21T17:42:43+00:00","description":"SVR SEBIACLEAR Cicapeel 15ml","breadcrumb":{"@id":"https:\/\/vitablanca.ma\/produit\/svr-sebiaclear-cicapeel-15ml\/#breadcrumb"},"inLanguage":"ar","potentialAction":[{"@type":"ReadAction","target":["https:\/\/vitablanca.ma\/produit\/svr-sebiaclear-cicapeel-15ml\/"]}]},{"@type":"ImageObject","inLanguage":"ar","@id":"https:\/\/vitablanca.ma\/produit\/svr-sebiaclear-cicapeel-15ml\/#primaryimage","url":"https:\/\/vitablanca.ma\/wp-content\/uploads\/2025\/06\/SVR-SEBIACLEAR-Cicapeel-15ml-nova-parapharmacie-casablanca.jpg","contentUrl":"https:\/\/vitablanca.ma\/wp-content\/uploads\/2025\/06\/SVR-SEBIACLEAR-Cicapeel-15ml-nova-parapharmacie-casablanca.jpg","width":1000,"height":1000},{"@type":"BreadcrumbList","@id":"https:\/\/vitablanca.ma\/produit\/svr-sebiaclear-cicapeel-15ml\/#breadcrumb","itemListElement":[{"@type":"ListItem","position":1,"name":"Home","item":"https:\/\/vitablanca.ma\/"},{"@type":"ListItem","position":2,"name":"Tous Les Produits","item":"https:\/\/vitablanca.ma\/tous-les-produits\/"},{"@type":"ListItem","position":3,"name":"SVR SEBIACLEAR Cicapeel 15ml"}]},{"@type":"WebSite","@id":"https:\/\/vitablanca.ma\/#website","url":"https:\/\/vitablanca.ma\/","name":"VitaBlanca.ma | \u0627\u0644\u0645\u0643\u0645\u0644\u0627\u062a \u0627\u0644\u063a\u0630\u0627\u0626\u064a\u0629\u060c \u0627\u0644\u0635\u062d\u0629 \u0648\u0627\u0644\u062c\u0645\u0627\u0644 \u0641\u064a \u0627\u0644\u0645\u063a\u0631\u0628","description":"\u0646\u0628\u064a\u0639 \u0641\u064a\u062a\u0627\u0645\u064a\u0646\u0627\u062a \u0648\u0645\u0643\u0645\u0644\u0627\u062a \u063a\u0630\u0627\u0626\u064a\u0629 \u0641\u0627\u062e\u0631\u0629 \u0645\u0646 \u0627\u0644\u0648\u0644\u0627\u064a\u0627\u062a \u0627\u0644\u0645\u062a\u062d\u062f\u0629 \u0627\u0644\u0623\u0645\u0631\u064a\u0643\u064a\u0629 \u0648\u0643\u0646\u062f\u0627 \u0648\u0646\u064a\u0648\u0632\u064a\u0644\u0646\u062f\u0627 \u0648\u0627\u0644\u0645\u063a\u0631\u0628 (\u0646\u0627\u0648 \u0641\u0648\u062f\u0632\u060c \u0633\u0648\u0644\u062c\u0627\u0631\u060c \u0645\u0627\u0646\u0648\u0643\u0627). \u062a\u0648\u0635\u064a\u0644 \u0633\u0631\u064a\u0639 \u0625\u0644\u0649 \u062c\u0645\u064a\u0639 \u0623\u0646\u062d\u0627\u0621 \u0627\u0644\u0645\u063a\u0631\u0628.","publisher":{"@id":"https:\/\/vitablanca.ma\/#organization"},"alternateName":"VitaBlanca.ma","potentialAction":[{"@type":"SearchAction","target":{"@type":"EntryPoint","urlTemplate":"https:\/\/vitablanca.ma\/?s={search_term_string}"},"query-input":{"@type":"PropertyValueSpecification","valueRequired":true,"valueName":"search_term_string"}}],"inLanguage":"ar"},{"@type":"Organization","@id":"https:\/\/vitablanca.ma\/#organization","name":"\u0641\u064a\u062a\u0627\u0628\u0644\u0627\u0646\u0643\u0627","url":"https:\/\/vitablanca.ma\/","logo":{"@type":"ImageObject","inLanguage":"ar","@id":"https:\/\/vitablanca.ma\/#\/schema\/logo\/image\/","url":"https:\/\/vitablanca.ma\/wp-content\/uploads\/2025\/05\/cropped-vitablanca.png","contentUrl":"https:\/\/vitablanca.ma\/wp-content\/uploads\/2025\/05\/cropped-vitablanca.png","width":360,"height":67,"caption":"VitaBlanca"},"image":{"@id":"https:\/\/vitablanca.ma\/#\/schema\/logo\/image\/"},"sameAs":["https:\/\/www.facebook.com\/profile.php?id=61576678196717","https:\/\/www.tiktok.com\/@vitablanca.ma","https:\/\/www.instagram.com\/vitablanca.ma\/"]}]}},"jetpack_sharing_enabled":true,"_links":{"self":[{"href":"https:\/\/vitablanca.ma\/ar\/wp-json\/wp\/v2\/product\/21629","targetHints":{"allow":["GET"]}}],"collection":[{"href":"https:\/\/vitablanca.ma\/ar\/wp-json\/wp\/v2\/product"}],"about":[{"href":"https:\/\/vitablanca.ma\/ar\/wp-json\/wp\/v2\/types\/product"}],"wp:featuredmedia":[{"embeddable":true,"href":"https:\/\/vitablanca.ma\/ar\/wp-json\/wp\/v2\/media\/21627"}],"wp:attachment":[{"href":"https:\/\/vitablanca.ma\/ar\/wp-json\/wp\/v2\/media?parent=21629"}],"wp:term":[{"taxonomy":"product_brand","embeddable":true,"href":"https:\/\/vitablanca.ma\/ar\/wp-json\/wp\/v2\/product_brand?post=21629"},{"taxonomy":"product_cat","embeddable":true,"href":"https:\/\/vitablanca.ma\/ar\/wp-json\/wp\/v2\/product_cat?post=21629"},{"taxonomy":"product_tag","embeddable":true,"href":"https:\/\/vitablanca.ma\/ar\/wp-json\/wp\/v2\/product_tag?post=21629"}],"curies":[{"name":"wp","href":"https:\/\/api.w.org\/{rel}","templated":true}]}}