{"id":21612,"date":"2025-06-11T21:26:53","date_gmt":"2025-06-11T21:26:53","guid":{"rendered":"https:\/\/vitablanca.ma\/product\/svr-sun-secure-fluide-spf50-50ml\/"},"modified":"2026-01-21T17:42:44","modified_gmt":"2026-01-21T17:42:44","slug":"svr-sun-secure-fluide-spf50-50ml","status":"publish","type":"product","link":"https:\/\/vitablanca.ma\/ar\/product-2\/svr-sun-secure-fluide-spf50-50ml\/","title":{"rendered":"SVR SUN SECURE Fluide SPF50+ 50ml"},"content":{"rendered":"<h2>SVR SUN SECURE Fluide SPF50+\u00a0<span data-mce-fragment=\"1\">non gras fini invisible.<\/span><br \/>\n<\/h2>\n<p><span data-mce-fragment=\"1\">Peaux hypersensibles au soleil. B\u00e9b\u00e9, Enfant, Adulte. Visage.<br \/>50\u0645\u0644.<\/span><\/p>\n<div class=\"product__main\">\n<div class=\"product__sidebar product__sidebar--is-sticky\">\n<div class=\"inner-wrapper-sticky\">\n<div class=\"product__variants\">\n<div data-wg-notranslate=\"manual\" data-price-wrapper=\"\" class=\"product__prices\">\n<span data-product-price=\"\" class=\"product__prices-price\"><span data-mw-orig-price=\"9.54\" data-wg-notranslate=\"manual\" class=\"mw-price\"><\/span><\/span>\n<\/div>\n<\/div>\n<\/div>\n<\/div>\n<\/div>\n<div class=\"product__content\">\n<div data-drawer-container=\"\" class=\"product__tab expanded\">\n<h3 class=\"product__tab-header\">\u0644\u0645\u0646\u061f \u0644\u0645\u0627\u0630\u0627\u061f<\/h3>\n<div data-drawer-content=\"\" class=\"product__tab-content\">\n<div data-mce-fragment=\"1\"><strong>\u0627\u0644\u0623\u0634\u0639\u0629 \u0641\u0648\u0642 \u0627\u0644\u0628\u0646\u0641\u0633\u062c\u064a\u0629 \u0628 + \u0627\u0644\u0623\u0634\u0639\u0629 \u0641\u0648\u0642 \u0627\u0644\u0628\u0646\u0641\u0633\u062c\u064a\u0629 \u0623 + \u0627\u0644\u0645\u0631\u0626\u064a\u0629 + \u0627\u0644\u0623\u0634\u0639\u0629 \u062a\u062d\u062a \u0627\u0644\u062d\u0645\u0631\u0627\u0621<\/strong><\/div>\n<p data-mce-fragment=\"1\">\u0628\u0631\u0627\u0621\u0629 \u0627\u062e\u062a\u0631\u0627\u0639<sup>(1)<\/sup>\u00a0Sun Secure: 4 \u0633\u0646\u0648\u0627\u062a \u0645\u0646 \u0627\u0644\u0628\u062d\u062b \u0644\u0627\u0628\u062a\u0643\u0627\u0631 \u062a\u0631\u0643\u064a\u0628\u0629 \u0627\u0644\u0641\u0644\u062a\u0631 \u0627\u0644\u0645\u062b\u0627\u0644\u064a\u0629 \u0627\u0644\u062a\u064a \u062a\u0648\u0641\u0631 \u062d\u0645\u0627\u064a\u0629 \u0639\u0627\u0644\u064a\u0629 \u062c\u062f\u064b\u0627 \u0645\u0646 \u0627\u0644\u0634\u0645\u0633 \u0645\u0639 \u0627\u062d\u062a\u0631\u0627\u0645 \u0627\u0644\u0628\u064a\u0626\u0629 \u0627\u0644\u0628\u062d\u0631\u064a\u0629.<\/p>\n<p data-mce-fragment=\"1\">SUN SECURE Fluide SPF50+ offre une tr\u00e8s haute protection dermatologique int\u00e9grant cette nouvelle association de filtre brevet\u00e9e<sup>(1)<\/sup>\u00a0respectueuse de l\u2019environnement marin et des m\u00e9canismes endocriniens \u00e9valu\u00e9s<sup>(2)<\/sup><span>\u00a0<\/span>.<\/p>\n<p data-mce-fragment=\"1\">Sans compromis sur la sensorialit\u00e9\u00a0!<\/p>\n<p data-mce-fragment=\"1\">Fini invisible\u00a0: sans trace blanche.<\/p>\n<p data-mce-fragment=\"1\">Sa texture l\u00e9g\u00e8re, particuli\u00e8rement adapt\u00e9e aux peaux normales \u00e0 mixtes, p\u00e9n\u00e8tre instantan\u00e9ment pour laisser un fini non gras et non collant. Son d\u00e9licat parfum d\u2019\u00e9t\u00e9 donne envie d\u2019en r\u00e9appliquer encore et encore.<\/p>\n<p data-mce-fragment=\"1\">R\u00e9siste \u00e0 l\u2019eau, \u00e0 la transpiration et aux frottements.<\/p>\n<p data-mce-fragment=\"1\"><strong>\u0645\u0627 \u0647\u0648 \u0625\u064a\u062c\u0627\u0628\u064a\u0627\u062a\u0647\u061f<\/strong><span>\u00a0<\/span>SUN SECURE Fluide SPF50+ respecte l\u2019environnement marin. Il a pass\u00e9 les tests d\u2019\u00e9co-toxicit\u00e9 sur des algues (ISO 10253) et sur des invert\u00e9br\u00e9s aquatiques (ISO 14669). Deux esp\u00e8ces appartenant \u00e0 la famille des zooplanctons et phytoplanctons, indispensables au bon d\u00e9veloppement des coraux.<\/p>\n<p data-mce-fragment=\"1\"><strong>\u0641\u0639\u0627\u0644\u064a\u0629* \u0645\u062b\u0628\u062a\u0629 \u062a\u062d\u062a \u0625\u0634\u0631\u0627\u0641 \u0623\u0637\u0628\u0627\u0621 \u0627\u0644\u062c\u0644\u062f\u064a\u0629<br \/><\/strong><\/p>\n<ul>\n<li>\n<strong data-mce-fragment=\"1\">\u2022 100%<span>\u00a0<\/span><\/strong>Peau hydrat\u00e9e<\/li>\n<li>\n<strong data-mce-fragment=\"1\">\u2022 90%<\/strong><span>\u00a0<\/span>Texture l\u00e9g\u00e8re qui p\u00e9n\u00e8tre rapidement<\/li>\n<li>\n<strong data-mce-fragment=\"1\">\u2022 90%<\/strong><span>\u00a0<\/span>\u0628\u0634\u0631\u0629 \u0646\u0627\u0639\u0645\u0629 \u0648\u0645\u0631\u0646\u0629<\/li>\n<li>\n<strong data-mce-fragment=\"1\">\u2022 90%<\/strong><span>\u00a0<\/span>R\u00e9duit le dess\u00e8chement cutan\u00e9<\/li>\n<\/ul>\n<\/div>\n<\/div>\n<div data-drawer-container=\"\" class=\"product__tab expanded\">\n<h3 class=\"product__tab-header\">\u0643\u064a\u0641 \u064a\u0639\u0645\u0644\u061f<\/h3>\n<div data-drawer-content=\"\" class=\"product__tab-content\">\n<p>Une\u00a0charte de formulation stricte\u00a0adapt\u00e9e aux peaux hypersensibles au soleil. Efficacit\u00e9 prouv\u00e9e sous contr\u00f4le dermatologique\u00a0sans compromis sur le plaisir d\u2019utilisation:<\/p>\n<p>\u2022<span>\u00a0<\/span><strong>Tr\u00e8s haute protection Anti-UVA et UVB<\/strong><span>\u00a0<\/span>gr\u00e2ce \u00e0 l\u2019association brevet\u00e9e* de 4 filtres solaires organiques, photostables, qui forme une protection physique en surface:<\/p>\n<p>BIS-ETHYLHEXYLOXYPHENOL METHOXYPHENYL TRIAZINE (Filtre UVB et UVA)<br \/>ETHYLHEXYL TRIAZONE (Filtre UVB)<br \/>DIETHYLAMINO HYDROXYBENZOYL HEXYL BENZOATE (Filtre UVA)<br \/>DIETHYLHEXYL BUTAMIDO TRIAZONE (Filtre UVB)\u00a0<\/p>\n<p>Les filtres suspect\u00e9s d\u2019\u00eatre perturbateurs endocriniens, n\u00e9fastes pour l\u2019\u00e9cosyst\u00e8me marin et ceux suspect\u00e9s d\u2019\u00eatre irritants ont \u00e9t\u00e9 \u00e9cart\u00e9s de la charte de formulation SVR.<\/p>\n<\/div>\n<\/div>\n<div data-drawer-container=\"\" class=\"product__tab expanded\">\n<h3 class=\"product__tab-header\">\u0643\u064a\u0641\u064a\u0629 \u0627\u0633\u062a\u062e\u062f\u0627\u0645\u0647\u061f<\/h3>\n<div data-drawer-content=\"\" class=\"product__tab-content\">\n<p>Appliquer g\u00e9n\u00e9reusement et uniform\u00e9ment avant l\u2019exposition. Renouveler fr\u00e9quemment l\u2019application pour maintenir la protection, surtout apr\u00e8s avoir transpir\u00e9, nag\u00e9 ou s\u2019\u00eatre essuy\u00e9.<\/p>\n<p>\u062a\u0630\u0643\u0631 \u0623\u0646 \u062a\u0642\u0648\u0645 \u0628\u0627\u0644\u0641\u0631\u0632 \u0639\u0646\u062f\u0645\u0627 \u064a\u0643\u0648\u0646 \u0645\u0646\u062a\u062c\u0643 \u062c\u0627\u0647\u0632\u064b\u0627:<br \/>\u2022 \u0627\u0644\u0623\u0646\u0628\u0648\u0628 100% \u0642\u0627\u0628\u0644 \u0644\u0625\u0639\u0627\u062f\u0629 \u0627\u0644\u062a\u062f\u0648\u064a\u0631 \u0648\u064a\u0645\u0643\u0646 \u0648\u0636\u0639\u0647 \u0641\u064a \u0633\u0644\u0629 \u0625\u0639\u0627\u062f\u0629 \u0627\u0644\u062a\u062f\u0648\u064a\u0631.<br \/>\u2022 \u064a\u0645\u0643\u0646 \u0641\u0643 \u0627\u0644\u0643\u0628\u0633\u0648\u0644\u0629\u060c \u0648\u0628\u0646\u0627\u0621\u064b \u0639\u0644\u0649 \u0627\u0644\u0628\u0644\u062f\u064a\u0629\u060c \u064a\u0645\u0643\u0646 \u0648\u0636\u0639\u0647\u0627 \u0641\u064a \u0633\u0644\u0629 \u0625\u0639\u0627\u062f\u0629 \u0627\u0644\u062a\u062f\u0648\u064a\u0631 \u0623\u0648 \u0644\u0627.<br \/>\u2022 \u0627\u0644\u062d\u0627\u0644\u0629 \u0641\u064a \u0633\u0644\u0629 \u0625\u0639\u0627\u062f\u0629 \u0627\u0644\u062a\u062f\u0648\u064a\u0631.<\/p>\n<\/div>\n<\/div>\n<\/div>","protected":false},"excerpt":{"rendered":"<p>SVR SUN SECURE Fluide SPF50+\u00a0non gras fini invisible. Peaux hypersensibles au soleil. B\u00e9b\u00e9, Enfant, Adulte. Visage.50ml. Pour qui ? Pour quoi ? UVB + UVA + VISIBLE + INFRAROUGES Brevet(1)\u00a0Sun Secure : 4 ann\u00e9es de recherche pour inventer l\u2019association filtrante id\u00e9ale qui d\u00e9livre \u00e0 la fois une tr\u00e8s haute protection solaire tout en respectant l\u2019environnement [&hellip;]<\/p>\n","protected":false},"featured_media":21611,"template":"","meta":{"om_disable_all_campaigns":false},"product_brand":[5981],"product_cat":[18,15],"product_tag":[5982,5983,5984,5988,5987,5986,5985],"class_list":{"0":"post-21612","1":"product","2":"type-product","3":"status-publish","4":"has-post-thumbnail","6":"product_brand-svr-original-maroc-au-meilleur-prix","7":"product_cat-beaute-sante","8":"product_cat-beaute-sante-complements-alimentaires-soins-et-bien-etre-au-meilleur-prix","9":"product_tag-laboratoire-svr","10":"product_tag-marque-dermatologique-francaise","11":"product_tag-produits-svr-originaux","12":"product_tag-sun-secure-svr","13":"product_tag-svr","14":"product_tag-svr-laboratoire-dermatologique","15":"product_tag-svr-maroc","17":"first","18":"instock","19":"sale","20":"taxable","21":"shipping-taxable","22":"purchasable","23":"product-type-simple"},"yoast_head":"<!-- This site is optimized with the Yoast SEO plugin v27.4 - https:\/\/yoast.com\/product\/yoast-seo-wordpress\/ -->\n<title>SVR SUN SECURE Fluide SPF50+ 50ml - Maroc Prix<\/title>\n<meta name=\"description\" content=\"SVR SUN SECURE Fluide SPF50+ 50ml\" \/>\n<meta name=\"robots\" content=\"index, follow, max-snippet:-1, max-image-preview:large, max-video-preview:-1\" \/>\n<link rel=\"canonical\" href=\"https:\/\/vitablanca.ma\/ar\/product-2\/svr-sun-secure-fluide-spf50-50ml\/\" \/>\n<meta property=\"og:locale\" content=\"ar_AR\" \/>\n<meta property=\"og:type\" content=\"article\" \/>\n<meta property=\"og:title\" content=\"SVR SUN SECURE Fluide SPF50+ 50ml - Maroc Prix\" \/>\n<meta property=\"og:description\" content=\"SVR SUN SECURE Fluide SPF50+ 50ml\" \/>\n<meta property=\"og:url\" content=\"https:\/\/vitablanca.ma\/ar\/product-2\/svr-sun-secure-fluide-spf50-50ml\/\" \/>\n<meta property=\"og:site_name\" content=\"Vitablanca.ma &ndash; Sant&eacute;, vitalit&eacute; et bien-&ecirc;tre pour tous les Marocains\" \/>\n<meta property=\"article:publisher\" content=\"https:\/\/www.facebook.com\/profile.php?id=61576678196717\" \/>\n<meta property=\"article:modified_time\" content=\"2026-01-21T17:42:44+00:00\" \/>\n<meta property=\"og:image\" content=\"https:\/\/vitablanca.ma\/wp-content\/uploads\/2025\/06\/SVR-SUN-SECURE-Fluide-SPF50_-50ml-nova-parapharmacie-casablanca.jpg\" \/>\n\t<meta property=\"og:image:width\" content=\"1000\" \/>\n\t<meta property=\"og:image:height\" content=\"1000\" \/>\n\t<meta property=\"og:image:type\" content=\"image\/jpeg\" \/>\n<meta name=\"twitter:card\" content=\"summary_large_image\" \/>\n<meta name=\"twitter:label1\" content=\"\u0648\u0642\u062a \u0627\u0644\u0642\u0631\u0627\u0621\u0629 \u0627\u0644\u0645\u064f\u0642\u062f\u0651\u0631\" \/>\n\t<meta name=\"twitter:data1\" content=\"\u062f\u0642\u064a\u0642\u062a\u0627\u0646\" \/>\n<script type=\"application\/ld+json\" class=\"yoast-schema-graph\">{\"@context\":\"https:\\\/\\\/schema.org\",\"@graph\":[{\"@type\":[\"WebPage\",\"ItemPage\"],\"@id\":\"https:\\\/\\\/vitablanca.ma\\\/produit\\\/svr-sun-secure-fluide-spf50-50ml\\\/\",\"url\":\"https:\\\/\\\/vitablanca.ma\\\/produit\\\/svr-sun-secure-fluide-spf50-50ml\\\/\",\"name\":\"SVR SUN SECURE Fluide SPF50+ 50ml - Maroc Prix\",\"isPartOf\":{\"@id\":\"https:\\\/\\\/vitablanca.ma\\\/#website\"},\"primaryImageOfPage\":{\"@id\":\"https:\\\/\\\/vitablanca.ma\\\/produit\\\/svr-sun-secure-fluide-spf50-50ml\\\/#primaryimage\"},\"image\":{\"@id\":\"https:\\\/\\\/vitablanca.ma\\\/produit\\\/svr-sun-secure-fluide-spf50-50ml\\\/#primaryimage\"},\"thumbnailUrl\":\"https:\\\/\\\/vitablanca.ma\\\/wp-content\\\/uploads\\\/2025\\\/06\\\/SVR-SUN-SECURE-Fluide-SPF50_-50ml-nova-parapharmacie-casablanca.jpg\",\"datePublished\":\"2025-06-11T21:26:53+00:00\",\"dateModified\":\"2026-01-21T17:42:44+00:00\",\"description\":\"SVR SUN SECURE Fluide SPF50+ 50ml\",\"breadcrumb\":{\"@id\":\"https:\\\/\\\/vitablanca.ma\\\/produit\\\/svr-sun-secure-fluide-spf50-50ml\\\/#breadcrumb\"},\"inLanguage\":\"ar\",\"potentialAction\":[{\"@type\":\"ReadAction\",\"target\":[\"https:\\\/\\\/vitablanca.ma\\\/produit\\\/svr-sun-secure-fluide-spf50-50ml\\\/\"]}]},{\"@type\":\"ImageObject\",\"inLanguage\":\"ar\",\"@id\":\"https:\\\/\\\/vitablanca.ma\\\/produit\\\/svr-sun-secure-fluide-spf50-50ml\\\/#primaryimage\",\"url\":\"https:\\\/\\\/vitablanca.ma\\\/wp-content\\\/uploads\\\/2025\\\/06\\\/SVR-SUN-SECURE-Fluide-SPF50_-50ml-nova-parapharmacie-casablanca.jpg\",\"contentUrl\":\"https:\\\/\\\/vitablanca.ma\\\/wp-content\\\/uploads\\\/2025\\\/06\\\/SVR-SUN-SECURE-Fluide-SPF50_-50ml-nova-parapharmacie-casablanca.jpg\",\"width\":1000,\"height\":1000},{\"@type\":\"BreadcrumbList\",\"@id\":\"https:\\\/\\\/vitablanca.ma\\\/produit\\\/svr-sun-secure-fluide-spf50-50ml\\\/#breadcrumb\",\"itemListElement\":[{\"@type\":\"ListItem\",\"position\":1,\"name\":\"Home\",\"item\":\"https:\\\/\\\/vitablanca.ma\\\/\"},{\"@type\":\"ListItem\",\"position\":2,\"name\":\"Tous Les Produits\",\"item\":\"https:\\\/\\\/vitablanca.ma\\\/tous-les-produits\\\/\"},{\"@type\":\"ListItem\",\"position\":3,\"name\":\"SVR SUN SECURE Fluide SPF50+ 50ml\"}]},{\"@type\":\"WebSite\",\"@id\":\"https:\\\/\\\/vitablanca.ma\\\/#website\",\"url\":\"https:\\\/\\\/vitablanca.ma\\\/\",\"name\":\"VitaBlanca.ma | Compl\u00e9ments alimentaires, sant\u00e9 & beaut\u00e9 au Maroc\",\"description\":\"vendre vitamines et compl\u00e9ments premium des USA &amp; Canada, Nouvelle Z\u00e9lande,Maroc (NOW Foods, Solgar, Manuka). Livraison rapide partout au Maroc.\",\"publisher\":{\"@id\":\"https:\\\/\\\/vitablanca.ma\\\/#organization\"},\"alternateName\":\"VitaBlanca.ma\",\"potentialAction\":[{\"@type\":\"SearchAction\",\"target\":{\"@type\":\"EntryPoint\",\"urlTemplate\":\"https:\\\/\\\/vitablanca.ma\\\/?s={search_term_string}\"},\"query-input\":{\"@type\":\"PropertyValueSpecification\",\"valueRequired\":true,\"valueName\":\"search_term_string\"}}],\"inLanguage\":\"ar\"},{\"@type\":\"Organization\",\"@id\":\"https:\\\/\\\/vitablanca.ma\\\/#organization\",\"name\":\"VitaBlanca\",\"url\":\"https:\\\/\\\/vitablanca.ma\\\/\",\"logo\":{\"@type\":\"ImageObject\",\"inLanguage\":\"ar\",\"@id\":\"https:\\\/\\\/vitablanca.ma\\\/#\\\/schema\\\/logo\\\/image\\\/\",\"url\":\"https:\\\/\\\/vitablanca.ma\\\/wp-content\\\/uploads\\\/2025\\\/05\\\/cropped-vitablanca.png\",\"contentUrl\":\"https:\\\/\\\/vitablanca.ma\\\/wp-content\\\/uploads\\\/2025\\\/05\\\/cropped-vitablanca.png\",\"width\":360,\"height\":67,\"caption\":\"VitaBlanca\"},\"image\":{\"@id\":\"https:\\\/\\\/vitablanca.ma\\\/#\\\/schema\\\/logo\\\/image\\\/\"},\"sameAs\":[\"https:\\\/\\\/www.facebook.com\\\/profile.php?id=61576678196717\",\"https:\\\/\\\/www.tiktok.com\\\/@vitablanca.ma\",\"https:\\\/\\\/www.instagram.com\\\/vitablanca.ma\\\/\"]}]}<\/script>\n<!-- \/ Yoast SEO plugin. -->","yoast_head_json":{"title":"SVR SUN SECURE Fluide SPF50+ 50ml - Maroc Prix","description":"SVR SUN SECURE Fluide SPF50+ 50ml","robots":{"index":"index","follow":"follow","max-snippet":"max-snippet:-1","max-image-preview":"max-image-preview:large","max-video-preview":"max-video-preview:-1"},"canonical":"https:\/\/vitablanca.ma\/ar\/product-2\/svr-sun-secure-fluide-spf50-50ml\/","og_locale":"ar_AR","og_type":"article","og_title":"SVR SUN SECURE Fluide SPF50+ 50ml - Maroc Prix","og_description":"SVR SUN SECURE Fluide SPF50+ 50ml","og_url":"https:\/\/vitablanca.ma\/ar\/product-2\/svr-sun-secure-fluide-spf50-50ml\/","og_site_name":"Vitablanca.ma &ndash; Sant&eacute;, vitalit&eacute; et bien-&ecirc;tre pour tous les Marocains","article_publisher":"https:\/\/www.facebook.com\/profile.php?id=61576678196717","article_modified_time":"2026-01-21T17:42:44+00:00","og_image":[{"width":1000,"height":1000,"url":"https:\/\/vitablanca.ma\/wp-content\/uploads\/2025\/06\/SVR-SUN-SECURE-Fluide-SPF50_-50ml-nova-parapharmacie-casablanca.jpg","type":"image\/jpeg"}],"twitter_card":"summary_large_image","twitter_misc":{"\u0648\u0642\u062a \u0627\u0644\u0642\u0631\u0627\u0621\u0629 \u0627\u0644\u0645\u064f\u0642\u062f\u0651\u0631":"\u062f\u0642\u064a\u0642\u062a\u0627\u0646"},"schema":{"@context":"https:\/\/schema.org","@graph":[{"@type":["WebPage","ItemPage"],"@id":"https:\/\/vitablanca.ma\/produit\/svr-sun-secure-fluide-spf50-50ml\/","url":"https:\/\/vitablanca.ma\/produit\/svr-sun-secure-fluide-spf50-50ml\/","name":"SVR SUN SECURE Fluide SPF50+ 50ml - Maroc Prix","isPartOf":{"@id":"https:\/\/vitablanca.ma\/#website"},"primaryImageOfPage":{"@id":"https:\/\/vitablanca.ma\/produit\/svr-sun-secure-fluide-spf50-50ml\/#primaryimage"},"image":{"@id":"https:\/\/vitablanca.ma\/produit\/svr-sun-secure-fluide-spf50-50ml\/#primaryimage"},"thumbnailUrl":"https:\/\/vitablanca.ma\/wp-content\/uploads\/2025\/06\/SVR-SUN-SECURE-Fluide-SPF50_-50ml-nova-parapharmacie-casablanca.jpg","datePublished":"2025-06-11T21:26:53+00:00","dateModified":"2026-01-21T17:42:44+00:00","description":"SVR SUN SECURE Fluide SPF50+ 50ml","breadcrumb":{"@id":"https:\/\/vitablanca.ma\/produit\/svr-sun-secure-fluide-spf50-50ml\/#breadcrumb"},"inLanguage":"ar","potentialAction":[{"@type":"ReadAction","target":["https:\/\/vitablanca.ma\/produit\/svr-sun-secure-fluide-spf50-50ml\/"]}]},{"@type":"ImageObject","inLanguage":"ar","@id":"https:\/\/vitablanca.ma\/produit\/svr-sun-secure-fluide-spf50-50ml\/#primaryimage","url":"https:\/\/vitablanca.ma\/wp-content\/uploads\/2025\/06\/SVR-SUN-SECURE-Fluide-SPF50_-50ml-nova-parapharmacie-casablanca.jpg","contentUrl":"https:\/\/vitablanca.ma\/wp-content\/uploads\/2025\/06\/SVR-SUN-SECURE-Fluide-SPF50_-50ml-nova-parapharmacie-casablanca.jpg","width":1000,"height":1000},{"@type":"BreadcrumbList","@id":"https:\/\/vitablanca.ma\/produit\/svr-sun-secure-fluide-spf50-50ml\/#breadcrumb","itemListElement":[{"@type":"ListItem","position":1,"name":"Home","item":"https:\/\/vitablanca.ma\/"},{"@type":"ListItem","position":2,"name":"Tous Les Produits","item":"https:\/\/vitablanca.ma\/tous-les-produits\/"},{"@type":"ListItem","position":3,"name":"SVR SUN SECURE Fluide SPF50+ 50ml"}]},{"@type":"WebSite","@id":"https:\/\/vitablanca.ma\/#website","url":"https:\/\/vitablanca.ma\/","name":"VitaBlanca.ma | \u0627\u0644\u0645\u0643\u0645\u0644\u0627\u062a \u0627\u0644\u063a\u0630\u0627\u0626\u064a\u0629\u060c \u0627\u0644\u0635\u062d\u0629 \u0648\u0627\u0644\u062c\u0645\u0627\u0644 \u0641\u064a \u0627\u0644\u0645\u063a\u0631\u0628","description":"\u0646\u0628\u064a\u0639 \u0641\u064a\u062a\u0627\u0645\u064a\u0646\u0627\u062a \u0648\u0645\u0643\u0645\u0644\u0627\u062a \u063a\u0630\u0627\u0626\u064a\u0629 \u0641\u0627\u062e\u0631\u0629 \u0645\u0646 \u0627\u0644\u0648\u0644\u0627\u064a\u0627\u062a \u0627\u0644\u0645\u062a\u062d\u062f\u0629 \u0627\u0644\u0623\u0645\u0631\u064a\u0643\u064a\u0629 \u0648\u0643\u0646\u062f\u0627 \u0648\u0646\u064a\u0648\u0632\u064a\u0644\u0646\u062f\u0627 \u0648\u0627\u0644\u0645\u063a\u0631\u0628 (\u0646\u0627\u0648 \u0641\u0648\u062f\u0632\u060c \u0633\u0648\u0644\u062c\u0627\u0631\u060c \u0645\u0627\u0646\u0648\u0643\u0627). \u062a\u0648\u0635\u064a\u0644 \u0633\u0631\u064a\u0639 \u0625\u0644\u0649 \u062c\u0645\u064a\u0639 \u0623\u0646\u062d\u0627\u0621 \u0627\u0644\u0645\u063a\u0631\u0628.","publisher":{"@id":"https:\/\/vitablanca.ma\/#organization"},"alternateName":"VitaBlanca.ma","potentialAction":[{"@type":"SearchAction","target":{"@type":"EntryPoint","urlTemplate":"https:\/\/vitablanca.ma\/?s={search_term_string}"},"query-input":{"@type":"PropertyValueSpecification","valueRequired":true,"valueName":"search_term_string"}}],"inLanguage":"ar"},{"@type":"Organization","@id":"https:\/\/vitablanca.ma\/#organization","name":"\u0641\u064a\u062a\u0627\u0628\u0644\u0627\u0646\u0643\u0627","url":"https:\/\/vitablanca.ma\/","logo":{"@type":"ImageObject","inLanguage":"ar","@id":"https:\/\/vitablanca.ma\/#\/schema\/logo\/image\/","url":"https:\/\/vitablanca.ma\/wp-content\/uploads\/2025\/05\/cropped-vitablanca.png","contentUrl":"https:\/\/vitablanca.ma\/wp-content\/uploads\/2025\/05\/cropped-vitablanca.png","width":360,"height":67,"caption":"VitaBlanca"},"image":{"@id":"https:\/\/vitablanca.ma\/#\/schema\/logo\/image\/"},"sameAs":["https:\/\/www.facebook.com\/profile.php?id=61576678196717","https:\/\/www.tiktok.com\/@vitablanca.ma","https:\/\/www.instagram.com\/vitablanca.ma\/"]}]}},"jetpack_sharing_enabled":true,"_links":{"self":[{"href":"https:\/\/vitablanca.ma\/ar\/wp-json\/wp\/v2\/product\/21612","targetHints":{"allow":["GET"]}}],"collection":[{"href":"https:\/\/vitablanca.ma\/ar\/wp-json\/wp\/v2\/product"}],"about":[{"href":"https:\/\/vitablanca.ma\/ar\/wp-json\/wp\/v2\/types\/product"}],"wp:featuredmedia":[{"embeddable":true,"href":"https:\/\/vitablanca.ma\/ar\/wp-json\/wp\/v2\/media\/21611"}],"wp:attachment":[{"href":"https:\/\/vitablanca.ma\/ar\/wp-json\/wp\/v2\/media?parent=21612"}],"wp:term":[{"taxonomy":"product_brand","embeddable":true,"href":"https:\/\/vitablanca.ma\/ar\/wp-json\/wp\/v2\/product_brand?post=21612"},{"taxonomy":"product_cat","embeddable":true,"href":"https:\/\/vitablanca.ma\/ar\/wp-json\/wp\/v2\/product_cat?post=21612"},{"taxonomy":"product_tag","embeddable":true,"href":"https:\/\/vitablanca.ma\/ar\/wp-json\/wp\/v2\/product_tag?post=21612"}],"curies":[{"name":"wp","href":"https:\/\/api.w.org\/{rel}","templated":true}]}}