{"id":21608,"date":"2025-06-11T21:26:45","date_gmt":"2025-06-11T21:26:45","guid":{"rendered":"https:\/\/vitablanca.ma\/product\/svr-topialyse-baume-intensif-400ml\/"},"modified":"2026-01-21T17:42:45","modified_gmt":"2026-01-21T17:42:45","slug":"svr-topialyse-baume-intensif-400ml","status":"publish","type":"product","link":"https:\/\/vitablanca.ma\/ar\/product-2\/svr-topialyse-baume-intensif-400ml\/","title":{"rendered":"SVR TOPIALYSE Baume Intensif 400ml"},"content":{"rendered":"<h2>SVR TOPIALYSE Baume Intensif\u00a0<span data-mce-fragment=\"1\">Soin relipidant anti-irritations s\u00e9cheresse et grattage s\u00e9v\u00e8res.<\/span><br \/>\n<\/h2>\n<p><span data-mce-fragment=\"1\">Topialyse Baume Intensif est le 1er soin relipidant anti-irritations, s\u00e9cheresse et grattage s\u00e9v\u00e8res qui soulage durablement les peaux s\u00e8ches atopiques.<br \/>400\u0645\u0644.<\/span><\/p>\n<div class=\"product__content\">\n<div data-drawer-container=\"\" class=\"product__tab expanded\">\n<h3 class=\"product__tab-header\">\u0644\u0645\u0646\u061f \u0644\u0645\u0627\u0630\u0627\u061f<\/h3>\n<div data-drawer-content=\"\" class=\"product__tab-content\">\n<p>Pour les peaux tr\u00e8s s\u00e8ches \u00e0 tendance atopiques. D\u00e8s la naissance, pour toute la famille. \u00a0<\/p>\n<p>TOPIALYSE BAUME INTENSIF, un baume anti-r\u00e9cidive<sup>(1)<\/sup><span>\u00a0<\/span>qui soulage imm\u00e9diatement et apaise durablement les irritations et sensations de grattage.<br \/>Action anti-grattage<span>\u00a0<\/span><strong>48H<\/strong><sup>(2)<\/sup>.<br \/>Texture nourrissante et fondante sans fini gras pour un habillage imm\u00e9diat.<\/p>\n<p><strong>UNE EFFICACIT\u00c9 CLINIQUEMENT PROUV\u00c9E<\/strong><br \/>R\u00e9duction du grattage : &#8211;<strong>100%<\/strong><sup>(3)<\/sup><span>\u00a0<\/span>apr\u00e8s 21 jours d\u2019utilisation<br \/>R\u00e9duction du grattage<span>\u00a0<\/span><strong>48H<\/strong><span>\u00a0<\/span>apr\u00e8s arr\u00eat d\u2019utilisation du produit : &#8211;<strong>66%<\/strong><sup>(3)<\/sup><\/p>\n<p><strong>UNE EFFICACIT\u00c9 PLEBISCIT\u00c9E PAR LES CONSOMMATEURS<\/strong><\/p>\n<ul>\n<li>\n<strong>100%<\/strong><sup>(4)<\/sup><span>\u00a0<\/span>r\u00e9duit les sensations de grattage et d\u2019irritations<\/li>\n<li>\n<strong>100%<\/strong><sup>(4)<\/sup><span>\u00a0<\/span>apaise imm\u00e9diatement et durablement.<\/li>\n<\/ul>\n<\/div>\n<\/div>\n<div data-drawer-container=\"\" class=\"product__tab expanded\">\n<h3 class=\"product__tab-header\">\u0643\u064a\u0641 \u064a\u0639\u0645\u0644\u061f<\/h3>\n<div data-drawer-content=\"\" class=\"product__tab-content\">\n<p>Les peaux s\u00e8ches \u00e0 tendance atopique ont une barri\u00e8re cutan\u00e9e alt\u00e9r\u00e9e. Appliquer un \u00e9mollient chaque jour est un geste indispensable pour soulager grattage et irritations, restaurer la barri\u00e8re cutan\u00e9e et la prot\u00e9ger la peau des agressions ext\u00e9rieures.<\/p>\n<p>Une formule minimaliste pour une tol\u00e9rance optimale, 20 ingr\u00e9dients s\u00e9lectionn\u00e9s pour leur efficacit\u00e9 et leur innocuit\u00e9.<\/p>\n<ul>\n<li>\n<strong>46% phase \u00e9molliente<\/strong><span>\u00a0<\/span>enrichie en huile de coton &amp; huile de coco, sources d\u2019Om\u00e9gas 3, 6 et 9: relipide, nourrit et restaure la barri\u00e8re cutan\u00e9e<\/li>\n<li>\n<strong>Beurre de Babassu<\/strong><span>\u00a0<\/span>fond sur la peau et favorise un \u00e9talement agr\u00e9able du baume tout en procurant nutrition et confort<\/li>\n<li>\n<strong>4% Niacinamide<\/strong><span>\u00a0<\/span>: apaise intens\u00e9ment les irritations, hydrate et restructure la barri\u00e8re cutan\u00e9e<\/li>\n<li>\n<strong>Sucre pr\u00e9biotique double action<span>\u00a0<\/span><\/strong>: restaure l\u2019\u00e9quilibre du microbiome et renforce les d\u00e9fenses naturelles.<\/li>\n<\/ul>\n<p>Test\u00e9 sur peaux sensibles sous contr\u00f4le dermatologique et p\u00e9diatrique. Hypoallerg\u00e9nique.<\/p>\n<\/div>\n<\/div>\n<div data-drawer-container=\"\" class=\"product__tab expanded\">\n<h3 class=\"product__tab-header\">\u0643\u064a\u0641\u064a\u0629 \u0627\u0633\u062a\u062e\u062f\u0627\u0645\u0647\u061f<\/h3>\n<div data-drawer-content=\"\" class=\"product__tab-content\">\n<p>Appliquer sur l\u2019ensemble du visage et\/ou du corps pr\u00e9alablement nettoy\u00e9 en insistant sur les zones tr\u00e8s s\u00e8ches et irrit\u00e9es. A utiliser tous les jours pour \u00e9viter les rechutes.<\/p>\n<p>Compl\u00e9ter la routine avec TOPIALYSE Baume Lavant ou TOPIALYSE Huile Lavante Micellaire.<\/p>\n<\/div>\n<\/div>\n<\/div>","protected":false},"excerpt":{"rendered":"<p>SVR TOPIALYSE Baume Intensif\u00a0Soin relipidant anti-irritations s\u00e9cheresse et grattage s\u00e9v\u00e8res. Topialyse Baume Intensif est le 1er soin relipidant anti-irritations, s\u00e9cheresse et grattage s\u00e9v\u00e8res qui soulage durablement les peaux s\u00e8ches atopiques.400ml. Pour qui ? Pour quoi ? Pour les peaux tr\u00e8s s\u00e8ches \u00e0 tendance atopiques. D\u00e8s la naissance, pour toute la famille. \u00a0 TOPIALYSE BAUME INTENSIF, [&hellip;]<\/p>\n","protected":false},"featured_media":21607,"template":"","meta":{"om_disable_all_campaigns":false},"product_brand":[5981],"product_cat":[18,15],"product_tag":[5982,5983,5984,5988,5987,5986,5985],"class_list":{"0":"post-21608","1":"product","2":"type-product","3":"status-publish","4":"has-post-thumbnail","6":"product_brand-svr-original-maroc-au-meilleur-prix","7":"product_cat-beaute-sante","8":"product_cat-beaute-sante-complements-alimentaires-soins-et-bien-etre-au-meilleur-prix","9":"product_tag-laboratoire-svr","10":"product_tag-marque-dermatologique-francaise","11":"product_tag-produits-svr-originaux","12":"product_tag-sun-secure-svr","13":"product_tag-svr","14":"product_tag-svr-laboratoire-dermatologique","15":"product_tag-svr-maroc","17":"first","18":"instock","19":"sale","20":"taxable","21":"shipping-taxable","22":"purchasable","23":"product-type-simple"},"yoast_head":"<!-- This site is optimized with the Yoast SEO plugin v27.4 - https:\/\/yoast.com\/product\/yoast-seo-wordpress\/ -->\n<title>SVR TOPIALYSE Baume Intensif 400ml - Maroc Prix<\/title>\n<meta name=\"description\" content=\"SVR TOPIALYSE Baume Intensif 400ml\" \/>\n<meta name=\"robots\" content=\"index, follow, max-snippet:-1, max-image-preview:large, max-video-preview:-1\" \/>\n<link rel=\"canonical\" href=\"https:\/\/vitablanca.ma\/ar\/product-2\/svr-topialyse-baume-intensif-400ml\/\" \/>\n<meta property=\"og:locale\" content=\"ar_AR\" \/>\n<meta property=\"og:type\" content=\"article\" \/>\n<meta property=\"og:title\" content=\"SVR TOPIALYSE Baume Intensif 400ml - Maroc Prix\" \/>\n<meta property=\"og:description\" content=\"SVR TOPIALYSE Baume Intensif 400ml\" \/>\n<meta property=\"og:url\" content=\"https:\/\/vitablanca.ma\/ar\/product-2\/svr-topialyse-baume-intensif-400ml\/\" \/>\n<meta property=\"og:site_name\" content=\"Vitablanca.ma &ndash; Sant&eacute;, vitalit&eacute; et bien-&ecirc;tre pour tous les Marocains\" \/>\n<meta property=\"article:publisher\" content=\"https:\/\/www.facebook.com\/profile.php?id=61576678196717\" \/>\n<meta property=\"article:modified_time\" content=\"2026-01-21T17:42:45+00:00\" \/>\n<meta property=\"og:image\" content=\"https:\/\/vitablanca.ma\/wp-content\/uploads\/2025\/06\/SVR-TOPIALYSE-Baume-Intensif-400ml-nova-parapharmacie-casablanca.jpg\" \/>\n\t<meta property=\"og:image:width\" content=\"1000\" \/>\n\t<meta property=\"og:image:height\" content=\"1000\" \/>\n\t<meta property=\"og:image:type\" content=\"image\/jpeg\" \/>\n<meta name=\"twitter:card\" content=\"summary_large_image\" \/>\n<meta name=\"twitter:label1\" content=\"\u0648\u0642\u062a \u0627\u0644\u0642\u0631\u0627\u0621\u0629 \u0627\u0644\u0645\u064f\u0642\u062f\u0651\u0631\" \/>\n\t<meta name=\"twitter:data1\" content=\"\u062f\u0642\u064a\u0642\u062a\u0627\u0646\" \/>\n<script type=\"application\/ld+json\" class=\"yoast-schema-graph\">{\"@context\":\"https:\\\/\\\/schema.org\",\"@graph\":[{\"@type\":[\"WebPage\",\"ItemPage\"],\"@id\":\"https:\\\/\\\/vitablanca.ma\\\/produit\\\/svr-topialyse-baume-intensif-400ml\\\/\",\"url\":\"https:\\\/\\\/vitablanca.ma\\\/produit\\\/svr-topialyse-baume-intensif-400ml\\\/\",\"name\":\"SVR TOPIALYSE Baume Intensif 400ml - Maroc Prix\",\"isPartOf\":{\"@id\":\"https:\\\/\\\/vitablanca.ma\\\/#website\"},\"primaryImageOfPage\":{\"@id\":\"https:\\\/\\\/vitablanca.ma\\\/produit\\\/svr-topialyse-baume-intensif-400ml\\\/#primaryimage\"},\"image\":{\"@id\":\"https:\\\/\\\/vitablanca.ma\\\/produit\\\/svr-topialyse-baume-intensif-400ml\\\/#primaryimage\"},\"thumbnailUrl\":\"https:\\\/\\\/vitablanca.ma\\\/wp-content\\\/uploads\\\/2025\\\/06\\\/SVR-TOPIALYSE-Baume-Intensif-400ml-nova-parapharmacie-casablanca.jpg\",\"datePublished\":\"2025-06-11T21:26:45+00:00\",\"dateModified\":\"2026-01-21T17:42:45+00:00\",\"description\":\"SVR TOPIALYSE Baume Intensif 400ml\",\"breadcrumb\":{\"@id\":\"https:\\\/\\\/vitablanca.ma\\\/produit\\\/svr-topialyse-baume-intensif-400ml\\\/#breadcrumb\"},\"inLanguage\":\"ar\",\"potentialAction\":[{\"@type\":\"ReadAction\",\"target\":[\"https:\\\/\\\/vitablanca.ma\\\/produit\\\/svr-topialyse-baume-intensif-400ml\\\/\"]}]},{\"@type\":\"ImageObject\",\"inLanguage\":\"ar\",\"@id\":\"https:\\\/\\\/vitablanca.ma\\\/produit\\\/svr-topialyse-baume-intensif-400ml\\\/#primaryimage\",\"url\":\"https:\\\/\\\/vitablanca.ma\\\/wp-content\\\/uploads\\\/2025\\\/06\\\/SVR-TOPIALYSE-Baume-Intensif-400ml-nova-parapharmacie-casablanca.jpg\",\"contentUrl\":\"https:\\\/\\\/vitablanca.ma\\\/wp-content\\\/uploads\\\/2025\\\/06\\\/SVR-TOPIALYSE-Baume-Intensif-400ml-nova-parapharmacie-casablanca.jpg\",\"width\":1000,\"height\":1000},{\"@type\":\"BreadcrumbList\",\"@id\":\"https:\\\/\\\/vitablanca.ma\\\/produit\\\/svr-topialyse-baume-intensif-400ml\\\/#breadcrumb\",\"itemListElement\":[{\"@type\":\"ListItem\",\"position\":1,\"name\":\"Home\",\"item\":\"https:\\\/\\\/vitablanca.ma\\\/\"},{\"@type\":\"ListItem\",\"position\":2,\"name\":\"Tous Les Produits\",\"item\":\"https:\\\/\\\/vitablanca.ma\\\/tous-les-produits\\\/\"},{\"@type\":\"ListItem\",\"position\":3,\"name\":\"SVR TOPIALYSE Baume Intensif 400ml\"}]},{\"@type\":\"WebSite\",\"@id\":\"https:\\\/\\\/vitablanca.ma\\\/#website\",\"url\":\"https:\\\/\\\/vitablanca.ma\\\/\",\"name\":\"VitaBlanca.ma | Compl\u00e9ments alimentaires, sant\u00e9 & beaut\u00e9 au Maroc\",\"description\":\"vendre vitamines et compl\u00e9ments premium des USA &amp; Canada, Nouvelle Z\u00e9lande,Maroc (NOW Foods, Solgar, Manuka). Livraison rapide partout au Maroc.\",\"publisher\":{\"@id\":\"https:\\\/\\\/vitablanca.ma\\\/#organization\"},\"alternateName\":\"VitaBlanca.ma\",\"potentialAction\":[{\"@type\":\"SearchAction\",\"target\":{\"@type\":\"EntryPoint\",\"urlTemplate\":\"https:\\\/\\\/vitablanca.ma\\\/?s={search_term_string}\"},\"query-input\":{\"@type\":\"PropertyValueSpecification\",\"valueRequired\":true,\"valueName\":\"search_term_string\"}}],\"inLanguage\":\"ar\"},{\"@type\":\"Organization\",\"@id\":\"https:\\\/\\\/vitablanca.ma\\\/#organization\",\"name\":\"VitaBlanca\",\"url\":\"https:\\\/\\\/vitablanca.ma\\\/\",\"logo\":{\"@type\":\"ImageObject\",\"inLanguage\":\"ar\",\"@id\":\"https:\\\/\\\/vitablanca.ma\\\/#\\\/schema\\\/logo\\\/image\\\/\",\"url\":\"https:\\\/\\\/vitablanca.ma\\\/wp-content\\\/uploads\\\/2025\\\/05\\\/cropped-vitablanca.png\",\"contentUrl\":\"https:\\\/\\\/vitablanca.ma\\\/wp-content\\\/uploads\\\/2025\\\/05\\\/cropped-vitablanca.png\",\"width\":360,\"height\":67,\"caption\":\"VitaBlanca\"},\"image\":{\"@id\":\"https:\\\/\\\/vitablanca.ma\\\/#\\\/schema\\\/logo\\\/image\\\/\"},\"sameAs\":[\"https:\\\/\\\/www.facebook.com\\\/profile.php?id=61576678196717\",\"https:\\\/\\\/www.tiktok.com\\\/@vitablanca.ma\",\"https:\\\/\\\/www.instagram.com\\\/vitablanca.ma\\\/\"]}]}<\/script>\n<!-- \/ Yoast SEO plugin. -->","yoast_head_json":{"title":"SVR TOPIALYSE Baume Intensif 400ml - Maroc Prix","description":"SVR TOPIALYSE Baume Intensif 400ml","robots":{"index":"index","follow":"follow","max-snippet":"max-snippet:-1","max-image-preview":"max-image-preview:large","max-video-preview":"max-video-preview:-1"},"canonical":"https:\/\/vitablanca.ma\/ar\/product-2\/svr-topialyse-baume-intensif-400ml\/","og_locale":"ar_AR","og_type":"article","og_title":"SVR TOPIALYSE Baume Intensif 400ml - Maroc Prix","og_description":"SVR TOPIALYSE Baume Intensif 400ml","og_url":"https:\/\/vitablanca.ma\/ar\/product-2\/svr-topialyse-baume-intensif-400ml\/","og_site_name":"Vitablanca.ma &ndash; Sant&eacute;, vitalit&eacute; et bien-&ecirc;tre pour tous les Marocains","article_publisher":"https:\/\/www.facebook.com\/profile.php?id=61576678196717","article_modified_time":"2026-01-21T17:42:45+00:00","og_image":[{"width":1000,"height":1000,"url":"https:\/\/vitablanca.ma\/wp-content\/uploads\/2025\/06\/SVR-TOPIALYSE-Baume-Intensif-400ml-nova-parapharmacie-casablanca.jpg","type":"image\/jpeg"}],"twitter_card":"summary_large_image","twitter_misc":{"\u0648\u0642\u062a \u0627\u0644\u0642\u0631\u0627\u0621\u0629 \u0627\u0644\u0645\u064f\u0642\u062f\u0651\u0631":"\u062f\u0642\u064a\u0642\u062a\u0627\u0646"},"schema":{"@context":"https:\/\/schema.org","@graph":[{"@type":["WebPage","ItemPage"],"@id":"https:\/\/vitablanca.ma\/produit\/svr-topialyse-baume-intensif-400ml\/","url":"https:\/\/vitablanca.ma\/produit\/svr-topialyse-baume-intensif-400ml\/","name":"SVR TOPIALYSE Baume Intensif 400ml - Maroc Prix","isPartOf":{"@id":"https:\/\/vitablanca.ma\/#website"},"primaryImageOfPage":{"@id":"https:\/\/vitablanca.ma\/produit\/svr-topialyse-baume-intensif-400ml\/#primaryimage"},"image":{"@id":"https:\/\/vitablanca.ma\/produit\/svr-topialyse-baume-intensif-400ml\/#primaryimage"},"thumbnailUrl":"https:\/\/vitablanca.ma\/wp-content\/uploads\/2025\/06\/SVR-TOPIALYSE-Baume-Intensif-400ml-nova-parapharmacie-casablanca.jpg","datePublished":"2025-06-11T21:26:45+00:00","dateModified":"2026-01-21T17:42:45+00:00","description":"SVR TOPIALYSE Baume Intensif 400ml","breadcrumb":{"@id":"https:\/\/vitablanca.ma\/produit\/svr-topialyse-baume-intensif-400ml\/#breadcrumb"},"inLanguage":"ar","potentialAction":[{"@type":"ReadAction","target":["https:\/\/vitablanca.ma\/produit\/svr-topialyse-baume-intensif-400ml\/"]}]},{"@type":"ImageObject","inLanguage":"ar","@id":"https:\/\/vitablanca.ma\/produit\/svr-topialyse-baume-intensif-400ml\/#primaryimage","url":"https:\/\/vitablanca.ma\/wp-content\/uploads\/2025\/06\/SVR-TOPIALYSE-Baume-Intensif-400ml-nova-parapharmacie-casablanca.jpg","contentUrl":"https:\/\/vitablanca.ma\/wp-content\/uploads\/2025\/06\/SVR-TOPIALYSE-Baume-Intensif-400ml-nova-parapharmacie-casablanca.jpg","width":1000,"height":1000},{"@type":"BreadcrumbList","@id":"https:\/\/vitablanca.ma\/produit\/svr-topialyse-baume-intensif-400ml\/#breadcrumb","itemListElement":[{"@type":"ListItem","position":1,"name":"Home","item":"https:\/\/vitablanca.ma\/"},{"@type":"ListItem","position":2,"name":"Tous Les Produits","item":"https:\/\/vitablanca.ma\/tous-les-produits\/"},{"@type":"ListItem","position":3,"name":"SVR TOPIALYSE Baume Intensif 400ml"}]},{"@type":"WebSite","@id":"https:\/\/vitablanca.ma\/#website","url":"https:\/\/vitablanca.ma\/","name":"VitaBlanca.ma | \u0627\u0644\u0645\u0643\u0645\u0644\u0627\u062a \u0627\u0644\u063a\u0630\u0627\u0626\u064a\u0629\u060c \u0627\u0644\u0635\u062d\u0629 \u0648\u0627\u0644\u062c\u0645\u0627\u0644 \u0641\u064a \u0627\u0644\u0645\u063a\u0631\u0628","description":"\u0646\u0628\u064a\u0639 \u0641\u064a\u062a\u0627\u0645\u064a\u0646\u0627\u062a \u0648\u0645\u0643\u0645\u0644\u0627\u062a \u063a\u0630\u0627\u0626\u064a\u0629 \u0641\u0627\u062e\u0631\u0629 \u0645\u0646 \u0627\u0644\u0648\u0644\u0627\u064a\u0627\u062a \u0627\u0644\u0645\u062a\u062d\u062f\u0629 \u0627\u0644\u0623\u0645\u0631\u064a\u0643\u064a\u0629 \u0648\u0643\u0646\u062f\u0627 \u0648\u0646\u064a\u0648\u0632\u064a\u0644\u0646\u062f\u0627 \u0648\u0627\u0644\u0645\u063a\u0631\u0628 (\u0646\u0627\u0648 \u0641\u0648\u062f\u0632\u060c \u0633\u0648\u0644\u062c\u0627\u0631\u060c \u0645\u0627\u0646\u0648\u0643\u0627). \u062a\u0648\u0635\u064a\u0644 \u0633\u0631\u064a\u0639 \u0625\u0644\u0649 \u062c\u0645\u064a\u0639 \u0623\u0646\u062d\u0627\u0621 \u0627\u0644\u0645\u063a\u0631\u0628.","publisher":{"@id":"https:\/\/vitablanca.ma\/#organization"},"alternateName":"VitaBlanca.ma","potentialAction":[{"@type":"SearchAction","target":{"@type":"EntryPoint","urlTemplate":"https:\/\/vitablanca.ma\/?s={search_term_string}"},"query-input":{"@type":"PropertyValueSpecification","valueRequired":true,"valueName":"search_term_string"}}],"inLanguage":"ar"},{"@type":"Organization","@id":"https:\/\/vitablanca.ma\/#organization","name":"\u0641\u064a\u062a\u0627\u0628\u0644\u0627\u0646\u0643\u0627","url":"https:\/\/vitablanca.ma\/","logo":{"@type":"ImageObject","inLanguage":"ar","@id":"https:\/\/vitablanca.ma\/#\/schema\/logo\/image\/","url":"https:\/\/vitablanca.ma\/wp-content\/uploads\/2025\/05\/cropped-vitablanca.png","contentUrl":"https:\/\/vitablanca.ma\/wp-content\/uploads\/2025\/05\/cropped-vitablanca.png","width":360,"height":67,"caption":"VitaBlanca"},"image":{"@id":"https:\/\/vitablanca.ma\/#\/schema\/logo\/image\/"},"sameAs":["https:\/\/www.facebook.com\/profile.php?id=61576678196717","https:\/\/www.tiktok.com\/@vitablanca.ma","https:\/\/www.instagram.com\/vitablanca.ma\/"]}]}},"jetpack_sharing_enabled":true,"_links":{"self":[{"href":"https:\/\/vitablanca.ma\/ar\/wp-json\/wp\/v2\/product\/21608","targetHints":{"allow":["GET"]}}],"collection":[{"href":"https:\/\/vitablanca.ma\/ar\/wp-json\/wp\/v2\/product"}],"about":[{"href":"https:\/\/vitablanca.ma\/ar\/wp-json\/wp\/v2\/types\/product"}],"wp:featuredmedia":[{"embeddable":true,"href":"https:\/\/vitablanca.ma\/ar\/wp-json\/wp\/v2\/media\/21607"}],"wp:attachment":[{"href":"https:\/\/vitablanca.ma\/ar\/wp-json\/wp\/v2\/media?parent=21608"}],"wp:term":[{"taxonomy":"product_brand","embeddable":true,"href":"https:\/\/vitablanca.ma\/ar\/wp-json\/wp\/v2\/product_brand?post=21608"},{"taxonomy":"product_cat","embeddable":true,"href":"https:\/\/vitablanca.ma\/ar\/wp-json\/wp\/v2\/product_cat?post=21608"},{"taxonomy":"product_tag","embeddable":true,"href":"https:\/\/vitablanca.ma\/ar\/wp-json\/wp\/v2\/product_tag?post=21608"}],"curies":[{"name":"wp","href":"https:\/\/api.w.org\/{rel}","templated":true}]}}