{"id":21599,"date":"2025-06-11T21:26:30","date_gmt":"2025-06-11T21:26:30","guid":{"rendered":"https:\/\/vitablanca.ma\/product\/svr-topialyse-gel-lavant\/"},"modified":"2026-01-21T17:42:46","modified_gmt":"2026-01-21T17:42:46","slug":"svr-topialyse-gel-lavant","status":"publish","type":"product","link":"https:\/\/vitablanca.ma\/ar\/product-2\/svr-topialyse-gel-lavant\/","title":{"rendered":"SVR Topialyse Gel Lavant"},"content":{"rendered":"<h2>SVR Topialyse Gel Lavant nettoie en douceur et prot\u00e8ge de la t\u00eate aux pieds<br \/>\n<\/h2>\n<div data-drawer-container=\"\" class=\"product__tab expanded\">\n<p class=\"product__tab-header\">TOPIALYSE GEL LAVANT nettoie en douceur et prot\u00e8ge la peau des facteurs dess\u00e9chants. Sa formule apaisante et hydratante 24h r\u00e9duit les sensations de grattages et adoucie la peau pour un confort imm\u00e9diat et longue dur\u00e9e.<\/p>\n<div data-drawer-content=\"\" class=\"product__tab-content\">\n<p data-mce-fragment=\"1\">Respectueux pour votre peau et pour la plan\u00e8te, TOPIALYSE GEL LAVANT a une formule biod\u00e9gradable<sup data-mce-fragment=\"1\">1<\/sup><span>\u00a0<\/span>compos\u00e9e \u00e0 89% d\u2019ingr\u00e9dients d\u2019origine naturelle, protectrice de votre film hydrolipidique.<\/p>\n<p data-mce-fragment=\"1\"><strong data-mce-fragment=\"1\">UNE DOUCHE ENVELOPPANTE DE DOUCEUR<\/strong><\/p>\n<p data-mce-fragment=\"1\"><strong data-mce-fragment=\"1\"><span data-mce-fragment=\"1\">\u2022\u00a0<\/span>95%<sup data-mce-fragment=\"1\">(2)<\/sup><\/strong><span>\u00a0<\/span>Peau imm\u00e9diatement confortable et apais\u00e9e<br \/><strong data-mce-fragment=\"1\"><span data-mce-fragment=\"1\">\u2022\u00a0<\/span>95%<sup data-mce-fragment=\"1\">(2)<\/sup><\/strong><span>\u00a0<\/span>Les sensations de grattages sont diminu\u00e9es<br \/><strong data-mce-fragment=\"1\"><span data-mce-fragment=\"1\">\u2022\u00a0<\/span>91%<sup data-mce-fragment=\"1\">(2)<\/sup><\/strong>Peau hydrat\u00e9e et sensations de tiraillements et d\u2019irritations diminu\u00e9es\u00a0<\/p>\n<p data-mce-fragment=\"1\"><span>(2) Auto-\u00e9valuation &#8211; 23 sujets avec une peau sensible &#8211; 21 jours \u2013 1 application par jour, % de satisfaction<\/span><\/p>\n<\/div>\n<\/div>\n<div data-drawer-container=\"\" class=\"product__tab expanded\">\n<h3 class=\"product__tab-header\">\u0643\u064a\u0641 \u064a\u0639\u0645\u0644\u061f<\/h3>\n<div data-drawer-content=\"\" class=\"product__tab-content\">\n<p>Les peaux sensibles sont fragiles et plus perm\u00e9ables aux agressions ext\u00e9rieures (eau calcaire, changements de temp\u00e9ratures\u2026). Elles ont besoin d\u2019une attention toute particuli\u00e8re, notamment lors de l\u2019hygi\u00e8ne qui est le premier geste de soin. Pour \u00e9viter un ass\u00e8chement et une irritation de la peau, il est important d\u2019\u00e9viter les sulfates et le savon et de privil\u00e9gier des nettoyants doux haute tol\u00e9rance qui respectent les peaux les plus sensibles.\u00a0\u00a0<\/p>\n<p>Gr\u00e2ce \u00e0 son complexe lavant ultra-doux sans savon, TOPIALYSE GEL LAVANT restaure et prot\u00e8ge la barri\u00e8re cutan\u00e9e\u00a0:<\/p>\n<p>\u2022<span>\u00a0<\/span><strong>3 tensioactifs doux<\/strong><span>\u00a0<\/span>haute tol\u00e9rance\u00a0: forment une mousse onctueuse qui \u00e9limine en douceur les impuret\u00e9s tout en r\u00e9duisant irritations et dess\u00e8chement.<br \/>\u2022<span>\u00a0<\/span><strong>Glyc\u00e9rine v\u00e9g\u00e9tale<\/strong>\u00a0: hydratant incontournable, il retient son poids en eau et permet une hydratation optimale de la peau et le maintien du film hydrolipidique.<\/p>\n<p><strong>Son plus<\/strong>\u00a0<strong>?<\/strong><span>\u00a0<\/span>Seulement 10 ingr\u00e9dients \u00e0 89% d\u2019origine naturelle. Une formule biod\u00e9gradable<sup>(1)\u00a0<\/sup><strong><sup><\/sup><\/strong>et test\u00e9 sans effets n\u00e9fastes sur les m\u00e9canismes endocriniens \u00e9valu\u00e9s<sup>(3)<\/sup>. \u00a0Il ne reste plus qu\u2019\u00e0 se laisser envelopper par sa mousse onctueuse et son parfum d\u00e9licat sans allerg\u00e8nes<sup>(4)<\/sup>.\u00a0<\/p>\n<p>\u00a0<\/p>\n<\/div>\n<\/div>\n<div data-drawer-container=\"\" class=\"product__tab expanded\">\n<h3 class=\"product__tab-header\">\u0643\u064a\u0641\u064a\u0629 \u0627\u0633\u062a\u062e\u062f\u0627\u0645\u0647\u061f<\/h3>\n<div data-drawer-content=\"\" class=\"product__tab-content\">\n<p>Usage quotidien. Appliquer sur peau mouill\u00e9e, faire mousser, rincer puis s\u00e9cher d\u00e9licatement sans frotter.<\/p>\n<p>Nourrisson d\u00e8s la naissance (hors pr\u00e9matur\u00e9), enfant, adulte.<\/p>\n<p>Corps, visage, hygi\u00e8ne intime.<\/p>\n<p>Convient au cuir chevelu. Ne pique pas les yeux.<\/p>\n<p>Lorsque votre \u00e9co-recharge est finie, pensez \u00e0 mettre le bouchon au tri\u00a0et la poche dans votre poubelle domestique\u00a0!<\/p>\n<p>400ml\u00a0: Pensez au tri lorsque votre produit est fini : le flacon et sa capsule sont 100% recyclable et se mettent dans la poubelle de recyclage.<\/p>\n<p>200ml\u00a0: Pensez au tri lorsque votre produit est fini : le tube et sa capsule sont 100% recyclables et peuvent se mettre dans la poubelle de recyclage.<\/p>\n<\/div>\n<\/div>","protected":false},"excerpt":{"rendered":"<p>SVR Topialyse Gel Lavant nettoie en douceur et prot\u00e8ge de la t\u00eate aux pieds TOPIALYSE GEL LAVANT nettoie en douceur et prot\u00e8ge la peau des facteurs dess\u00e9chants. Sa formule apaisante et hydratante 24h r\u00e9duit les sensations de grattages et adoucie la peau pour un confort imm\u00e9diat et longue dur\u00e9e. Respectueux pour votre peau et pour [&hellip;]<\/p>\n","protected":false},"featured_media":21596,"template":"","meta":{"om_disable_all_campaigns":false},"product_brand":[5981],"product_cat":[18,15],"product_tag":[5982,5983,5984,5988,5987,5986,5985],"class_list":{"0":"post-21599","1":"product","2":"type-product","3":"status-publish","4":"has-post-thumbnail","6":"product_brand-svr-original-maroc-au-meilleur-prix","7":"product_cat-beaute-sante","8":"product_cat-beaute-sante-complements-alimentaires-soins-et-bien-etre-au-meilleur-prix","9":"product_tag-laboratoire-svr","10":"product_tag-marque-dermatologique-francaise","11":"product_tag-produits-svr-originaux","12":"product_tag-sun-secure-svr","13":"product_tag-svr","14":"product_tag-svr-laboratoire-dermatologique","15":"product_tag-svr-maroc","17":"first","18":"instock","19":"sale","20":"taxable","21":"shipping-taxable","22":"purchasable","23":"product-type-variable"},"yoast_head":"<!-- This site is optimized with the Yoast SEO plugin v27.4 - https:\/\/yoast.com\/product\/yoast-seo-wordpress\/ -->\n<title>SVR Topialyse Gel Lavant - Maroc Prix<\/title>\n<meta name=\"description\" content=\"SVR Topialyse Gel Lavant\" \/>\n<meta name=\"robots\" content=\"index, follow, max-snippet:-1, max-image-preview:large, max-video-preview:-1\" \/>\n<link rel=\"canonical\" href=\"https:\/\/vitablanca.ma\/ar\/product-2\/svr-topialyse-gel-lavant\/\" \/>\n<meta property=\"og:locale\" content=\"ar_AR\" \/>\n<meta property=\"og:type\" content=\"article\" \/>\n<meta property=\"og:title\" content=\"SVR Topialyse Gel Lavant - Maroc Prix\" \/>\n<meta property=\"og:description\" content=\"SVR Topialyse Gel Lavant\" \/>\n<meta property=\"og:url\" content=\"https:\/\/vitablanca.ma\/ar\/product-2\/svr-topialyse-gel-lavant\/\" \/>\n<meta property=\"og:site_name\" content=\"Vitablanca.ma &ndash; Sant&eacute;, vitalit&eacute; et bien-&ecirc;tre pour tous les Marocains\" \/>\n<meta property=\"article:publisher\" content=\"https:\/\/www.facebook.com\/profile.php?id=61576678196717\" \/>\n<meta property=\"article:modified_time\" content=\"2026-01-21T17:42:46+00:00\" \/>\n<meta property=\"og:image\" content=\"https:\/\/vitablanca.ma\/wp-content\/uploads\/2025\/06\/SVR-Topialyse-Gel-Lavant-200ml-nova-parapharmacie-maroc.jpg\" \/>\n\t<meta property=\"og:image:width\" content=\"1000\" \/>\n\t<meta property=\"og:image:height\" content=\"1000\" \/>\n\t<meta property=\"og:image:type\" content=\"image\/jpeg\" \/>\n<meta name=\"twitter:card\" content=\"summary_large_image\" \/>\n<meta name=\"twitter:label1\" content=\"\u0648\u0642\u062a \u0627\u0644\u0642\u0631\u0627\u0621\u0629 \u0627\u0644\u0645\u064f\u0642\u062f\u0651\u0631\" \/>\n\t<meta name=\"twitter:data1\" content=\"\u062f\u0642\u064a\u0642\u062a\u0627\u0646\" \/>\n<script type=\"application\/ld+json\" class=\"yoast-schema-graph\">{\"@context\":\"https:\\\/\\\/schema.org\",\"@graph\":[{\"@type\":[\"WebPage\",\"ItemPage\"],\"@id\":\"https:\\\/\\\/vitablanca.ma\\\/produit\\\/svr-topialyse-gel-lavant\\\/\",\"url\":\"https:\\\/\\\/vitablanca.ma\\\/produit\\\/svr-topialyse-gel-lavant\\\/\",\"name\":\"SVR Topialyse Gel Lavant - Maroc Prix\",\"isPartOf\":{\"@id\":\"https:\\\/\\\/vitablanca.ma\\\/#website\"},\"primaryImageOfPage\":{\"@id\":\"https:\\\/\\\/vitablanca.ma\\\/produit\\\/svr-topialyse-gel-lavant\\\/#primaryimage\"},\"image\":{\"@id\":\"https:\\\/\\\/vitablanca.ma\\\/produit\\\/svr-topialyse-gel-lavant\\\/#primaryimage\"},\"thumbnailUrl\":\"https:\\\/\\\/vitablanca.ma\\\/wp-content\\\/uploads\\\/2025\\\/06\\\/SVR-Topialyse-Gel-Lavant-200ml-nova-parapharmacie-maroc.jpg\",\"datePublished\":\"2025-06-11T21:26:30+00:00\",\"dateModified\":\"2026-01-21T17:42:46+00:00\",\"description\":\"SVR Topialyse Gel Lavant\",\"breadcrumb\":{\"@id\":\"https:\\\/\\\/vitablanca.ma\\\/produit\\\/svr-topialyse-gel-lavant\\\/#breadcrumb\"},\"inLanguage\":\"ar\",\"potentialAction\":[{\"@type\":\"ReadAction\",\"target\":[\"https:\\\/\\\/vitablanca.ma\\\/produit\\\/svr-topialyse-gel-lavant\\\/\"]}]},{\"@type\":\"ImageObject\",\"inLanguage\":\"ar\",\"@id\":\"https:\\\/\\\/vitablanca.ma\\\/produit\\\/svr-topialyse-gel-lavant\\\/#primaryimage\",\"url\":\"https:\\\/\\\/vitablanca.ma\\\/wp-content\\\/uploads\\\/2025\\\/06\\\/SVR-Topialyse-Gel-Lavant-200ml-nova-parapharmacie-maroc.jpg\",\"contentUrl\":\"https:\\\/\\\/vitablanca.ma\\\/wp-content\\\/uploads\\\/2025\\\/06\\\/SVR-Topialyse-Gel-Lavant-200ml-nova-parapharmacie-maroc.jpg\",\"width\":1000,\"height\":1000},{\"@type\":\"BreadcrumbList\",\"@id\":\"https:\\\/\\\/vitablanca.ma\\\/produit\\\/svr-topialyse-gel-lavant\\\/#breadcrumb\",\"itemListElement\":[{\"@type\":\"ListItem\",\"position\":1,\"name\":\"Home\",\"item\":\"https:\\\/\\\/vitablanca.ma\\\/\"},{\"@type\":\"ListItem\",\"position\":2,\"name\":\"Tous Les Produits\",\"item\":\"https:\\\/\\\/vitablanca.ma\\\/tous-les-produits\\\/\"},{\"@type\":\"ListItem\",\"position\":3,\"name\":\"SVR Topialyse Gel Lavant\"}]},{\"@type\":\"WebSite\",\"@id\":\"https:\\\/\\\/vitablanca.ma\\\/#website\",\"url\":\"https:\\\/\\\/vitablanca.ma\\\/\",\"name\":\"VitaBlanca.ma | Compl\u00e9ments alimentaires, sant\u00e9 & beaut\u00e9 au Maroc\",\"description\":\"vendre vitamines et compl\u00e9ments premium des USA &amp; Canada, Nouvelle Z\u00e9lande,Maroc (NOW Foods, Solgar, Manuka). Livraison rapide partout au Maroc.\",\"publisher\":{\"@id\":\"https:\\\/\\\/vitablanca.ma\\\/#organization\"},\"alternateName\":\"VitaBlanca.ma\",\"potentialAction\":[{\"@type\":\"SearchAction\",\"target\":{\"@type\":\"EntryPoint\",\"urlTemplate\":\"https:\\\/\\\/vitablanca.ma\\\/?s={search_term_string}\"},\"query-input\":{\"@type\":\"PropertyValueSpecification\",\"valueRequired\":true,\"valueName\":\"search_term_string\"}}],\"inLanguage\":\"ar\"},{\"@type\":\"Organization\",\"@id\":\"https:\\\/\\\/vitablanca.ma\\\/#organization\",\"name\":\"VitaBlanca\",\"url\":\"https:\\\/\\\/vitablanca.ma\\\/\",\"logo\":{\"@type\":\"ImageObject\",\"inLanguage\":\"ar\",\"@id\":\"https:\\\/\\\/vitablanca.ma\\\/#\\\/schema\\\/logo\\\/image\\\/\",\"url\":\"https:\\\/\\\/vitablanca.ma\\\/wp-content\\\/uploads\\\/2025\\\/05\\\/cropped-vitablanca.png\",\"contentUrl\":\"https:\\\/\\\/vitablanca.ma\\\/wp-content\\\/uploads\\\/2025\\\/05\\\/cropped-vitablanca.png\",\"width\":360,\"height\":67,\"caption\":\"VitaBlanca\"},\"image\":{\"@id\":\"https:\\\/\\\/vitablanca.ma\\\/#\\\/schema\\\/logo\\\/image\\\/\"},\"sameAs\":[\"https:\\\/\\\/www.facebook.com\\\/profile.php?id=61576678196717\",\"https:\\\/\\\/www.tiktok.com\\\/@vitablanca.ma\",\"https:\\\/\\\/www.instagram.com\\\/vitablanca.ma\\\/\"]}]}<\/script>\n<!-- \/ Yoast SEO plugin. -->","yoast_head_json":{"title":"SVR Topialyse Gel Lavant - Maroc Prix","description":"SVR Topialyse Gel Lavant","robots":{"index":"index","follow":"follow","max-snippet":"max-snippet:-1","max-image-preview":"max-image-preview:large","max-video-preview":"max-video-preview:-1"},"canonical":"https:\/\/vitablanca.ma\/ar\/product-2\/svr-topialyse-gel-lavant\/","og_locale":"ar_AR","og_type":"article","og_title":"SVR Topialyse Gel Lavant - Maroc Prix","og_description":"SVR Topialyse Gel Lavant","og_url":"https:\/\/vitablanca.ma\/ar\/product-2\/svr-topialyse-gel-lavant\/","og_site_name":"Vitablanca.ma &ndash; Sant&eacute;, vitalit&eacute; et bien-&ecirc;tre pour tous les Marocains","article_publisher":"https:\/\/www.facebook.com\/profile.php?id=61576678196717","article_modified_time":"2026-01-21T17:42:46+00:00","og_image":[{"width":1000,"height":1000,"url":"https:\/\/vitablanca.ma\/wp-content\/uploads\/2025\/06\/SVR-Topialyse-Gel-Lavant-200ml-nova-parapharmacie-maroc.jpg","type":"image\/jpeg"}],"twitter_card":"summary_large_image","twitter_misc":{"\u0648\u0642\u062a \u0627\u0644\u0642\u0631\u0627\u0621\u0629 \u0627\u0644\u0645\u064f\u0642\u062f\u0651\u0631":"\u062f\u0642\u064a\u0642\u062a\u0627\u0646"},"schema":{"@context":"https:\/\/schema.org","@graph":[{"@type":["WebPage","ItemPage"],"@id":"https:\/\/vitablanca.ma\/produit\/svr-topialyse-gel-lavant\/","url":"https:\/\/vitablanca.ma\/produit\/svr-topialyse-gel-lavant\/","name":"SVR Topialyse Gel Lavant - Maroc Prix","isPartOf":{"@id":"https:\/\/vitablanca.ma\/#website"},"primaryImageOfPage":{"@id":"https:\/\/vitablanca.ma\/produit\/svr-topialyse-gel-lavant\/#primaryimage"},"image":{"@id":"https:\/\/vitablanca.ma\/produit\/svr-topialyse-gel-lavant\/#primaryimage"},"thumbnailUrl":"https:\/\/vitablanca.ma\/wp-content\/uploads\/2025\/06\/SVR-Topialyse-Gel-Lavant-200ml-nova-parapharmacie-maroc.jpg","datePublished":"2025-06-11T21:26:30+00:00","dateModified":"2026-01-21T17:42:46+00:00","description":"SVR Topialyse Gel Lavant","breadcrumb":{"@id":"https:\/\/vitablanca.ma\/produit\/svr-topialyse-gel-lavant\/#breadcrumb"},"inLanguage":"ar","potentialAction":[{"@type":"ReadAction","target":["https:\/\/vitablanca.ma\/produit\/svr-topialyse-gel-lavant\/"]}]},{"@type":"ImageObject","inLanguage":"ar","@id":"https:\/\/vitablanca.ma\/produit\/svr-topialyse-gel-lavant\/#primaryimage","url":"https:\/\/vitablanca.ma\/wp-content\/uploads\/2025\/06\/SVR-Topialyse-Gel-Lavant-200ml-nova-parapharmacie-maroc.jpg","contentUrl":"https:\/\/vitablanca.ma\/wp-content\/uploads\/2025\/06\/SVR-Topialyse-Gel-Lavant-200ml-nova-parapharmacie-maroc.jpg","width":1000,"height":1000},{"@type":"BreadcrumbList","@id":"https:\/\/vitablanca.ma\/produit\/svr-topialyse-gel-lavant\/#breadcrumb","itemListElement":[{"@type":"ListItem","position":1,"name":"Home","item":"https:\/\/vitablanca.ma\/"},{"@type":"ListItem","position":2,"name":"Tous Les Produits","item":"https:\/\/vitablanca.ma\/tous-les-produits\/"},{"@type":"ListItem","position":3,"name":"SVR Topialyse Gel Lavant"}]},{"@type":"WebSite","@id":"https:\/\/vitablanca.ma\/#website","url":"https:\/\/vitablanca.ma\/","name":"VitaBlanca.ma | \u0627\u0644\u0645\u0643\u0645\u0644\u0627\u062a \u0627\u0644\u063a\u0630\u0627\u0626\u064a\u0629\u060c \u0627\u0644\u0635\u062d\u0629 \u0648\u0627\u0644\u062c\u0645\u0627\u0644 \u0641\u064a \u0627\u0644\u0645\u063a\u0631\u0628","description":"\u0646\u0628\u064a\u0639 \u0641\u064a\u062a\u0627\u0645\u064a\u0646\u0627\u062a \u0648\u0645\u0643\u0645\u0644\u0627\u062a \u063a\u0630\u0627\u0626\u064a\u0629 \u0641\u0627\u062e\u0631\u0629 \u0645\u0646 \u0627\u0644\u0648\u0644\u0627\u064a\u0627\u062a \u0627\u0644\u0645\u062a\u062d\u062f\u0629 \u0627\u0644\u0623\u0645\u0631\u064a\u0643\u064a\u0629 \u0648\u0643\u0646\u062f\u0627 \u0648\u0646\u064a\u0648\u0632\u064a\u0644\u0646\u062f\u0627 \u0648\u0627\u0644\u0645\u063a\u0631\u0628 (\u0646\u0627\u0648 \u0641\u0648\u062f\u0632\u060c \u0633\u0648\u0644\u062c\u0627\u0631\u060c \u0645\u0627\u0646\u0648\u0643\u0627). \u062a\u0648\u0635\u064a\u0644 \u0633\u0631\u064a\u0639 \u0625\u0644\u0649 \u062c\u0645\u064a\u0639 \u0623\u0646\u062d\u0627\u0621 \u0627\u0644\u0645\u063a\u0631\u0628.","publisher":{"@id":"https:\/\/vitablanca.ma\/#organization"},"alternateName":"VitaBlanca.ma","potentialAction":[{"@type":"SearchAction","target":{"@type":"EntryPoint","urlTemplate":"https:\/\/vitablanca.ma\/?s={search_term_string}"},"query-input":{"@type":"PropertyValueSpecification","valueRequired":true,"valueName":"search_term_string"}}],"inLanguage":"ar"},{"@type":"Organization","@id":"https:\/\/vitablanca.ma\/#organization","name":"\u0641\u064a\u062a\u0627\u0628\u0644\u0627\u0646\u0643\u0627","url":"https:\/\/vitablanca.ma\/","logo":{"@type":"ImageObject","inLanguage":"ar","@id":"https:\/\/vitablanca.ma\/#\/schema\/logo\/image\/","url":"https:\/\/vitablanca.ma\/wp-content\/uploads\/2025\/05\/cropped-vitablanca.png","contentUrl":"https:\/\/vitablanca.ma\/wp-content\/uploads\/2025\/05\/cropped-vitablanca.png","width":360,"height":67,"caption":"VitaBlanca"},"image":{"@id":"https:\/\/vitablanca.ma\/#\/schema\/logo\/image\/"},"sameAs":["https:\/\/www.facebook.com\/profile.php?id=61576678196717","https:\/\/www.tiktok.com\/@vitablanca.ma","https:\/\/www.instagram.com\/vitablanca.ma\/"]}]}},"jetpack_sharing_enabled":true,"_links":{"self":[{"href":"https:\/\/vitablanca.ma\/ar\/wp-json\/wp\/v2\/product\/21599","targetHints":{"allow":["GET"]}}],"collection":[{"href":"https:\/\/vitablanca.ma\/ar\/wp-json\/wp\/v2\/product"}],"about":[{"href":"https:\/\/vitablanca.ma\/ar\/wp-json\/wp\/v2\/types\/product"}],"wp:featuredmedia":[{"embeddable":true,"href":"https:\/\/vitablanca.ma\/ar\/wp-json\/wp\/v2\/media\/21596"}],"wp:attachment":[{"href":"https:\/\/vitablanca.ma\/ar\/wp-json\/wp\/v2\/media?parent=21599"}],"wp:term":[{"taxonomy":"product_brand","embeddable":true,"href":"https:\/\/vitablanca.ma\/ar\/wp-json\/wp\/v2\/product_brand?post=21599"},{"taxonomy":"product_cat","embeddable":true,"href":"https:\/\/vitablanca.ma\/ar\/wp-json\/wp\/v2\/product_cat?post=21599"},{"taxonomy":"product_tag","embeddable":true,"href":"https:\/\/vitablanca.ma\/ar\/wp-json\/wp\/v2\/product_tag?post=21599"}],"curies":[{"name":"wp","href":"https:\/\/api.w.org\/{rel}","templated":true}]}}