{"id":21589,"date":"2025-06-11T21:26:05","date_gmt":"2025-06-11T21:26:05","guid":{"rendered":"https:\/\/vitablanca.ma\/product\/roge-cavailles-creme-intime-apaisante-50ml\/"},"modified":"2025-09-16T17:58:00","modified_gmt":"2025-09-16T17:58:00","slug":"roge-cavailles-creme-intime-apaisante-50ml","status":"publish","type":"product","link":"https:\/\/vitablanca.ma\/ar\/product-2\/roge-cavailles-creme-intime-apaisante-50ml\/","title":{"rendered":"Rog\u00e9 Cavaill\u00e9s Cr\u00e8me Intime Apaisante 50ml"},"content":{"rendered":"<h2>Rog\u00e9 Cavaill\u00e9s Cr\u00e8me Intime Apaisante<\/h2>\n<p>50 \u0645\u0644<\/p>\n<p>D\u00e9velopp\u00e9e avec des gyn\u00e9cologues, la Cr\u00e8me Intime Apaisante\u00a0Mycolea+TM combat efficacement les d\u00e9mangeaisons intimes. Un partenaire efficace et tout en douceur de votre bien-\u00eatre intime. Avec un confort r\u00e9g\u00e9n\u00e9rant assur\u00e9 au quotidien !<\/p>\n<p>-Une action imm\u00e9diate et durable jusqu\u2019\u00e0 24 heures*<\/p>\n<p>-Un complexe exclusif (extrait de margousier, antifongique d\u2019origine naturelle, et calendula encapsul\u00e9) qui soulage l\u2019irritation intime<\/p>\n<p>-Non compatible avec l\u2019emploi de pr\u00e9servatifs<\/p>\n<p>-Ne doit pas \u00eatre appliqu\u00e9e sur une peau l\u00e9s\u00e9e<\/p>\n<p>-En cas de rougeurs persistantes, consulter un m\u00e9decin<\/p>\n<p>* Etude clinique, r\u00e9alis\u00e9e sur 22 femmes ayant les muqueuses irrit\u00e9es : auto-\u00e9valuation, d\u00e9clarant un soulagement imm\u00e9diat et jusqu\u2019\u00e0 24 heures apr\u00e8s application, apr\u00e8s 7 jours<\/p>\n<div class=\"accordion-header\">\n<h3 class=\"mb-0\">\u0647\u0644 \u0647\u0630\u0627 \u0627\u0644\u0645\u0646\u062a\u062c \u0645\u0646\u0627\u0633\u0628 \u0644\u0628\u0634\u0631\u062a\u0643:<\/h3>\n<\/div>\n<div class=\"accordion-body\">\n<div class=\"wysiwyg\">\n<p>Id\u00e9al pour les muqueuses irrit\u00e9es<\/p>\n<div class=\"accordion-header\">\n<h3 class=\"mb-0\">\u0637\u0631\u064a\u0642\u0629 \u0627\u0644\u0627\u0633\u062a\u062e\u062f\u0627\u0645:<\/h3>\n<\/div>\n<div class=\"accordion-body\">\n<div class=\"wysiwyg\">\n<p>Appliquez la Cr\u00e8me Intime Apaisante sur peau s\u00e8che pendant une semaine, apr\u00e8s la toilette ou \u00e0 tout moment de la journ\u00e9e. Pour un r\u00e9sultat optimal en p\u00e9riodes d\u2019irritations intimes, utilisez en compl\u00e9ment le Soin toilette intime Mycolea+<\/p>\n<div class=\"accordion-header\">\n<h3 class=\"mb-0\">\u0645\u0643\u0648\u0646\u0627\u062a \u0627\u0644\u0645\u0646\u062a\u062c:<\/h3>\n<\/div>\n<div class=\"accordion-body\">\n<div>\n<p>Aqua, Octyldodecanol, Caprylic\/Capric Triglyceride, Glyceryl Stearate, PEG-100 Stearate, Cyclopentasiloxane, Cetyl Alcohol, Acrylates\/C10-30 Alkyl Acrylate Crosspolymer, Pentylene Glycol, Butylene Glycol, Hydroxyphenyl Propamidobenzoic Acid, Pullulan, Glycerin, Azadirachta Indica Leaf Extract, Tetrahydrodiferuloylmethane, Calendula Officinalis Flower Extract, Caesalpina Spinosa Gum, DMDM Hydantoin, Sodium Benzoate, Parfum, Triethanolamine.<\/p>\n<p style=\"text-align: center\">D\u00e9couvrez Rog\u00e9 Cavaill\u00e9s Cr\u00e8me Intime Apaisante\u00a0, un produit soigneusement s\u00e9lectionn\u00e9 pour r\u00e9pondre \u00e0 vos besoins sp\u00e9cifiques, et vivez une exp\u00e9rience d&rsquo;achat exceptionnelle sur notre site,\u00a0<strong>Vita Blanca Parapharmacie Maroc<\/strong><\/p>\n<\/div>\n<\/div>\n<\/div>\n<\/div>\n<\/div>\n<\/div>","protected":false},"excerpt":{"rendered":"<p>Rog\u00e9 Cavaill\u00e9s Cr\u00e8me Intime Apaisante 50ml D\u00e9velopp\u00e9e avec des gyn\u00e9cologues, la Cr\u00e8me Intime Apaisante\u00a0Mycolea+TM combat efficacement les d\u00e9mangeaisons intimes. Un partenaire efficace et tout en douceur de votre bien-\u00eatre intime. Avec un confort r\u00e9g\u00e9n\u00e9rant assur\u00e9 au quotidien ! -Une action imm\u00e9diate et durable jusqu\u2019\u00e0 24 heures* -Un complexe exclusif (extrait de margousier, antifongique d\u2019origine naturelle, [&hellip;]<\/p>\n","protected":false},"featured_media":21588,"template":"","meta":{"om_disable_all_campaigns":false},"product_brand":[],"product_cat":[15],"product_tag":[],"class_list":{"0":"post-21589","1":"product","2":"type-product","3":"status-publish","4":"has-post-thumbnail","6":"product_cat-beaute-sante-complements-alimentaires-soins-et-bien-etre-au-meilleur-prix","8":"first","9":"instock","10":"sale","11":"taxable","12":"shipping-taxable","13":"purchasable","14":"product-type-simple"},"yoast_head":"<!-- This site is optimized with the Yoast SEO plugin v27.4 - https:\/\/yoast.com\/product\/yoast-seo-wordpress\/ -->\n<title>Rog\u00e9 Cavaill\u00e9s Cr\u00e8me Intime Apaisante 50ml - Maroc Prix<\/title>\n<meta name=\"description\" content=\"Rog\u00e9 Cavaill\u00e9s Cr\u00e8me Intime Apaisante 50ml\" \/>\n<meta name=\"robots\" content=\"index, follow, max-snippet:-1, max-image-preview:large, max-video-preview:-1\" \/>\n<link rel=\"canonical\" href=\"https:\/\/vitablanca.ma\/ar\/product-2\/roge-cavailles-creme-intime-apaisante-50ml\/\" \/>\n<meta property=\"og:locale\" content=\"ar_AR\" \/>\n<meta property=\"og:type\" content=\"article\" \/>\n<meta property=\"og:title\" content=\"Rog\u00e9 Cavaill\u00e9s Cr\u00e8me Intime Apaisante 50ml - Maroc Prix\" \/>\n<meta property=\"og:description\" content=\"Rog\u00e9 Cavaill\u00e9s Cr\u00e8me Intime Apaisante 50ml\" \/>\n<meta property=\"og:url\" content=\"https:\/\/vitablanca.ma\/ar\/product-2\/roge-cavailles-creme-intime-apaisante-50ml\/\" \/>\n<meta property=\"og:site_name\" content=\"Vitablanca.ma &ndash; Sant&eacute;, vitalit&eacute; et bien-&ecirc;tre pour tous les Marocains\" \/>\n<meta property=\"article:publisher\" content=\"https:\/\/www.facebook.com\/profile.php?id=61576678196717\" \/>\n<meta property=\"article:modified_time\" content=\"2025-09-16T17:58:00+00:00\" \/>\n<meta property=\"og:image\" content=\"https:\/\/vitablanca.ma\/wp-content\/uploads\/2025\/06\/Roge-Cavailles-Creme-Intime-Apaisante-50ml-prix-maroc-parapharmacie-casablanca.jpg\" \/>\n\t<meta property=\"og:image:width\" content=\"1000\" \/>\n\t<meta property=\"og:image:height\" content=\"1000\" \/>\n\t<meta property=\"og:image:type\" content=\"image\/jpeg\" \/>\n<meta name=\"twitter:card\" content=\"summary_large_image\" \/>\n<meta name=\"twitter:label1\" content=\"\u0648\u0642\u062a \u0627\u0644\u0642\u0631\u0627\u0621\u0629 \u0627\u0644\u0645\u064f\u0642\u062f\u0651\u0631\" \/>\n\t<meta name=\"twitter:data1\" content=\"\u062f\u0642\u064a\u0642\u0629 \u0648\u0627\u062d\u062f\u0629\" \/>\n<script type=\"application\/ld+json\" class=\"yoast-schema-graph\">{\"@context\":\"https:\\\/\\\/schema.org\",\"@graph\":[{\"@type\":[\"WebPage\",\"ItemPage\"],\"@id\":\"https:\\\/\\\/vitablanca.ma\\\/produit\\\/roge-cavailles-creme-intime-apaisante-50ml\\\/\",\"url\":\"https:\\\/\\\/vitablanca.ma\\\/produit\\\/roge-cavailles-creme-intime-apaisante-50ml\\\/\",\"name\":\"Rog\u00e9 Cavaill\u00e9s Cr\u00e8me Intime Apaisante 50ml - Maroc Prix\",\"isPartOf\":{\"@id\":\"https:\\\/\\\/vitablanca.ma\\\/#website\"},\"primaryImageOfPage\":{\"@id\":\"https:\\\/\\\/vitablanca.ma\\\/produit\\\/roge-cavailles-creme-intime-apaisante-50ml\\\/#primaryimage\"},\"image\":{\"@id\":\"https:\\\/\\\/vitablanca.ma\\\/produit\\\/roge-cavailles-creme-intime-apaisante-50ml\\\/#primaryimage\"},\"thumbnailUrl\":\"https:\\\/\\\/vitablanca.ma\\\/wp-content\\\/uploads\\\/2025\\\/06\\\/Roge-Cavailles-Creme-Intime-Apaisante-50ml-prix-maroc-parapharmacie-casablanca.jpg\",\"datePublished\":\"2025-06-11T21:26:05+00:00\",\"dateModified\":\"2025-09-16T17:58:00+00:00\",\"description\":\"Rog\u00e9 Cavaill\u00e9s Cr\u00e8me Intime Apaisante 50ml\",\"breadcrumb\":{\"@id\":\"https:\\\/\\\/vitablanca.ma\\\/produit\\\/roge-cavailles-creme-intime-apaisante-50ml\\\/#breadcrumb\"},\"inLanguage\":\"ar\",\"potentialAction\":[{\"@type\":\"ReadAction\",\"target\":[\"https:\\\/\\\/vitablanca.ma\\\/produit\\\/roge-cavailles-creme-intime-apaisante-50ml\\\/\"]}]},{\"@type\":\"ImageObject\",\"inLanguage\":\"ar\",\"@id\":\"https:\\\/\\\/vitablanca.ma\\\/produit\\\/roge-cavailles-creme-intime-apaisante-50ml\\\/#primaryimage\",\"url\":\"https:\\\/\\\/vitablanca.ma\\\/wp-content\\\/uploads\\\/2025\\\/06\\\/Roge-Cavailles-Creme-Intime-Apaisante-50ml-prix-maroc-parapharmacie-casablanca.jpg\",\"contentUrl\":\"https:\\\/\\\/vitablanca.ma\\\/wp-content\\\/uploads\\\/2025\\\/06\\\/Roge-Cavailles-Creme-Intime-Apaisante-50ml-prix-maroc-parapharmacie-casablanca.jpg\",\"width\":1000,\"height\":1000},{\"@type\":\"BreadcrumbList\",\"@id\":\"https:\\\/\\\/vitablanca.ma\\\/produit\\\/roge-cavailles-creme-intime-apaisante-50ml\\\/#breadcrumb\",\"itemListElement\":[{\"@type\":\"ListItem\",\"position\":1,\"name\":\"Home\",\"item\":\"https:\\\/\\\/vitablanca.ma\\\/\"},{\"@type\":\"ListItem\",\"position\":2,\"name\":\"Tous Les Produits\",\"item\":\"https:\\\/\\\/vitablanca.ma\\\/tous-les-produits\\\/\"},{\"@type\":\"ListItem\",\"position\":3,\"name\":\"Rog\u00e9 Cavaill\u00e9s Cr\u00e8me Intime Apaisante 50ml\"}]},{\"@type\":\"WebSite\",\"@id\":\"https:\\\/\\\/vitablanca.ma\\\/#website\",\"url\":\"https:\\\/\\\/vitablanca.ma\\\/\",\"name\":\"VitaBlanca.ma | Compl\u00e9ments alimentaires, sant\u00e9 & beaut\u00e9 au Maroc\",\"description\":\"vendre vitamines et compl\u00e9ments premium des USA &amp; Canada, Nouvelle Z\u00e9lande,Maroc (NOW Foods, Solgar, Manuka). Livraison rapide partout au Maroc.\",\"publisher\":{\"@id\":\"https:\\\/\\\/vitablanca.ma\\\/#organization\"},\"alternateName\":\"VitaBlanca.ma\",\"potentialAction\":[{\"@type\":\"SearchAction\",\"target\":{\"@type\":\"EntryPoint\",\"urlTemplate\":\"https:\\\/\\\/vitablanca.ma\\\/?s={search_term_string}\"},\"query-input\":{\"@type\":\"PropertyValueSpecification\",\"valueRequired\":true,\"valueName\":\"search_term_string\"}}],\"inLanguage\":\"ar\"},{\"@type\":\"Organization\",\"@id\":\"https:\\\/\\\/vitablanca.ma\\\/#organization\",\"name\":\"VitaBlanca\",\"url\":\"https:\\\/\\\/vitablanca.ma\\\/\",\"logo\":{\"@type\":\"ImageObject\",\"inLanguage\":\"ar\",\"@id\":\"https:\\\/\\\/vitablanca.ma\\\/#\\\/schema\\\/logo\\\/image\\\/\",\"url\":\"https:\\\/\\\/vitablanca.ma\\\/wp-content\\\/uploads\\\/2025\\\/05\\\/cropped-vitablanca.png\",\"contentUrl\":\"https:\\\/\\\/vitablanca.ma\\\/wp-content\\\/uploads\\\/2025\\\/05\\\/cropped-vitablanca.png\",\"width\":360,\"height\":67,\"caption\":\"VitaBlanca\"},\"image\":{\"@id\":\"https:\\\/\\\/vitablanca.ma\\\/#\\\/schema\\\/logo\\\/image\\\/\"},\"sameAs\":[\"https:\\\/\\\/www.facebook.com\\\/profile.php?id=61576678196717\",\"https:\\\/\\\/www.tiktok.com\\\/@vitablanca.ma\",\"https:\\\/\\\/www.instagram.com\\\/vitablanca.ma\\\/\"]}]}<\/script>\n<!-- \/ Yoast SEO plugin. -->","yoast_head_json":{"title":"Rog\u00e9 Cavaill\u00e9s Cr\u00e8me Intime Apaisante 50ml - Maroc Prix","description":"Rog\u00e9 Cavaill\u00e9s Cr\u00e8me Intime Apaisante 50ml","robots":{"index":"index","follow":"follow","max-snippet":"max-snippet:-1","max-image-preview":"max-image-preview:large","max-video-preview":"max-video-preview:-1"},"canonical":"https:\/\/vitablanca.ma\/ar\/product-2\/roge-cavailles-creme-intime-apaisante-50ml\/","og_locale":"ar_AR","og_type":"article","og_title":"Rog\u00e9 Cavaill\u00e9s Cr\u00e8me Intime Apaisante 50ml - Maroc Prix","og_description":"Rog\u00e9 Cavaill\u00e9s Cr\u00e8me Intime Apaisante 50ml","og_url":"https:\/\/vitablanca.ma\/ar\/product-2\/roge-cavailles-creme-intime-apaisante-50ml\/","og_site_name":"Vitablanca.ma &ndash; Sant&eacute;, vitalit&eacute; et bien-&ecirc;tre pour tous les Marocains","article_publisher":"https:\/\/www.facebook.com\/profile.php?id=61576678196717","article_modified_time":"2025-09-16T17:58:00+00:00","og_image":[{"width":1000,"height":1000,"url":"https:\/\/vitablanca.ma\/wp-content\/uploads\/2025\/06\/Roge-Cavailles-Creme-Intime-Apaisante-50ml-prix-maroc-parapharmacie-casablanca.jpg","type":"image\/jpeg"}],"twitter_card":"summary_large_image","twitter_misc":{"\u0648\u0642\u062a \u0627\u0644\u0642\u0631\u0627\u0621\u0629 \u0627\u0644\u0645\u064f\u0642\u062f\u0651\u0631":"\u062f\u0642\u064a\u0642\u0629 \u0648\u0627\u062d\u062f\u0629"},"schema":{"@context":"https:\/\/schema.org","@graph":[{"@type":["WebPage","ItemPage"],"@id":"https:\/\/vitablanca.ma\/produit\/roge-cavailles-creme-intime-apaisante-50ml\/","url":"https:\/\/vitablanca.ma\/produit\/roge-cavailles-creme-intime-apaisante-50ml\/","name":"Rog\u00e9 Cavaill\u00e9s Cr\u00e8me Intime Apaisante 50ml - Maroc Prix","isPartOf":{"@id":"https:\/\/vitablanca.ma\/#website"},"primaryImageOfPage":{"@id":"https:\/\/vitablanca.ma\/produit\/roge-cavailles-creme-intime-apaisante-50ml\/#primaryimage"},"image":{"@id":"https:\/\/vitablanca.ma\/produit\/roge-cavailles-creme-intime-apaisante-50ml\/#primaryimage"},"thumbnailUrl":"https:\/\/vitablanca.ma\/wp-content\/uploads\/2025\/06\/Roge-Cavailles-Creme-Intime-Apaisante-50ml-prix-maroc-parapharmacie-casablanca.jpg","datePublished":"2025-06-11T21:26:05+00:00","dateModified":"2025-09-16T17:58:00+00:00","description":"Rog\u00e9 Cavaill\u00e9s Cr\u00e8me Intime Apaisante 50ml","breadcrumb":{"@id":"https:\/\/vitablanca.ma\/produit\/roge-cavailles-creme-intime-apaisante-50ml\/#breadcrumb"},"inLanguage":"ar","potentialAction":[{"@type":"ReadAction","target":["https:\/\/vitablanca.ma\/produit\/roge-cavailles-creme-intime-apaisante-50ml\/"]}]},{"@type":"ImageObject","inLanguage":"ar","@id":"https:\/\/vitablanca.ma\/produit\/roge-cavailles-creme-intime-apaisante-50ml\/#primaryimage","url":"https:\/\/vitablanca.ma\/wp-content\/uploads\/2025\/06\/Roge-Cavailles-Creme-Intime-Apaisante-50ml-prix-maroc-parapharmacie-casablanca.jpg","contentUrl":"https:\/\/vitablanca.ma\/wp-content\/uploads\/2025\/06\/Roge-Cavailles-Creme-Intime-Apaisante-50ml-prix-maroc-parapharmacie-casablanca.jpg","width":1000,"height":1000},{"@type":"BreadcrumbList","@id":"https:\/\/vitablanca.ma\/produit\/roge-cavailles-creme-intime-apaisante-50ml\/#breadcrumb","itemListElement":[{"@type":"ListItem","position":1,"name":"Home","item":"https:\/\/vitablanca.ma\/"},{"@type":"ListItem","position":2,"name":"Tous Les Produits","item":"https:\/\/vitablanca.ma\/tous-les-produits\/"},{"@type":"ListItem","position":3,"name":"Rog\u00e9 Cavaill\u00e9s Cr\u00e8me Intime Apaisante 50ml"}]},{"@type":"WebSite","@id":"https:\/\/vitablanca.ma\/#website","url":"https:\/\/vitablanca.ma\/","name":"VitaBlanca.ma | \u0627\u0644\u0645\u0643\u0645\u0644\u0627\u062a \u0627\u0644\u063a\u0630\u0627\u0626\u064a\u0629\u060c \u0627\u0644\u0635\u062d\u0629 \u0648\u0627\u0644\u062c\u0645\u0627\u0644 \u0641\u064a \u0627\u0644\u0645\u063a\u0631\u0628","description":"\u0646\u0628\u064a\u0639 \u0641\u064a\u062a\u0627\u0645\u064a\u0646\u0627\u062a \u0648\u0645\u0643\u0645\u0644\u0627\u062a \u063a\u0630\u0627\u0626\u064a\u0629 \u0641\u0627\u062e\u0631\u0629 \u0645\u0646 \u0627\u0644\u0648\u0644\u0627\u064a\u0627\u062a \u0627\u0644\u0645\u062a\u062d\u062f\u0629 \u0627\u0644\u0623\u0645\u0631\u064a\u0643\u064a\u0629 \u0648\u0643\u0646\u062f\u0627 \u0648\u0646\u064a\u0648\u0632\u064a\u0644\u0646\u062f\u0627 \u0648\u0627\u0644\u0645\u063a\u0631\u0628 (\u0646\u0627\u0648 \u0641\u0648\u062f\u0632\u060c \u0633\u0648\u0644\u062c\u0627\u0631\u060c \u0645\u0627\u0646\u0648\u0643\u0627). \u062a\u0648\u0635\u064a\u0644 \u0633\u0631\u064a\u0639 \u0625\u0644\u0649 \u062c\u0645\u064a\u0639 \u0623\u0646\u062d\u0627\u0621 \u0627\u0644\u0645\u063a\u0631\u0628.","publisher":{"@id":"https:\/\/vitablanca.ma\/#organization"},"alternateName":"VitaBlanca.ma","potentialAction":[{"@type":"SearchAction","target":{"@type":"EntryPoint","urlTemplate":"https:\/\/vitablanca.ma\/?s={search_term_string}"},"query-input":{"@type":"PropertyValueSpecification","valueRequired":true,"valueName":"search_term_string"}}],"inLanguage":"ar"},{"@type":"Organization","@id":"https:\/\/vitablanca.ma\/#organization","name":"\u0641\u064a\u062a\u0627\u0628\u0644\u0627\u0646\u0643\u0627","url":"https:\/\/vitablanca.ma\/","logo":{"@type":"ImageObject","inLanguage":"ar","@id":"https:\/\/vitablanca.ma\/#\/schema\/logo\/image\/","url":"https:\/\/vitablanca.ma\/wp-content\/uploads\/2025\/05\/cropped-vitablanca.png","contentUrl":"https:\/\/vitablanca.ma\/wp-content\/uploads\/2025\/05\/cropped-vitablanca.png","width":360,"height":67,"caption":"VitaBlanca"},"image":{"@id":"https:\/\/vitablanca.ma\/#\/schema\/logo\/image\/"},"sameAs":["https:\/\/www.facebook.com\/profile.php?id=61576678196717","https:\/\/www.tiktok.com\/@vitablanca.ma","https:\/\/www.instagram.com\/vitablanca.ma\/"]}]}},"jetpack_sharing_enabled":true,"_links":{"self":[{"href":"https:\/\/vitablanca.ma\/ar\/wp-json\/wp\/v2\/product\/21589","targetHints":{"allow":["GET"]}}],"collection":[{"href":"https:\/\/vitablanca.ma\/ar\/wp-json\/wp\/v2\/product"}],"about":[{"href":"https:\/\/vitablanca.ma\/ar\/wp-json\/wp\/v2\/types\/product"}],"wp:featuredmedia":[{"embeddable":true,"href":"https:\/\/vitablanca.ma\/ar\/wp-json\/wp\/v2\/media\/21588"}],"wp:attachment":[{"href":"https:\/\/vitablanca.ma\/ar\/wp-json\/wp\/v2\/media?parent=21589"}],"wp:term":[{"taxonomy":"product_brand","embeddable":true,"href":"https:\/\/vitablanca.ma\/ar\/wp-json\/wp\/v2\/product_brand?post=21589"},{"taxonomy":"product_cat","embeddable":true,"href":"https:\/\/vitablanca.ma\/ar\/wp-json\/wp\/v2\/product_cat?post=21589"},{"taxonomy":"product_tag","embeddable":true,"href":"https:\/\/vitablanca.ma\/ar\/wp-json\/wp\/v2\/product_tag?post=21589"}],"curies":[{"name":"wp","href":"https:\/\/api.w.org\/{rel}","templated":true}]}}