{"id":21539,"date":"2025-06-11T21:24:46","date_gmt":"2025-06-11T21:24:46","guid":{"rendered":"https:\/\/vitablanca.ma\/product\/roge-cavailles-baume-levres-reparateur\/"},"modified":"2025-06-11T21:24:46","modified_gmt":"2025-06-11T21:24:46","slug":"roge-cavailles-baume-levres-reparateur","status":"publish","type":"product","link":"https:\/\/vitablanca.ma\/ar\/product-2\/roge-cavailles-baume-levres-reparateur\/","title":{"rendered":"\u0628\u0644\u0633\u0645 \u0627\u0644\u0634\u0641\u0627\u0647 \u0644\u0625\u0635\u0644\u0627\u062d \u0627\u0644\u0634\u0641\u0627\u0647 \u0645\u0646 \u0631\u0648\u062c\u064a\u0647 \u0643\u0627\u0641\u0627\u064a\u0644\u064a\u0633"},"content":{"rendered":"<h2>\u0628\u0644\u0633\u0645 \u0627\u0644\u0634\u0641\u0627\u0647 \u0644\u0625\u0635\u0644\u0627\u062d \u0627\u0644\u0634\u0641\u0627\u0647 \u0645\u0646 \u0631\u0648\u062c\u064a\u0647 \u0643\u0627\u0641\u0627\u064a\u0644\u064a\u0633<\/h2>\n<p class=\"col-xs-12\"><span>Vent, soleil, hiver rigoureux\u2026 Vos l\u00e8vres sont les premi\u00e8res \u00e0 \u00eatre soumises aux agressions climatiques qui font craqueler leur peau fine. Pour les garder douces et belles toute l&rsquo;ann\u00e9e, pensez \u00e0 les prot\u00e9ger avec un soin hydratant haute protection.<br \/>Enrichi en Surgras Vitamin\u00e9, le baume l\u00e8vres r\u00e9parateur Nutrissance vous offre une action double hydratation :<\/span><span><br \/><\/span><\/p>\n<ul>\n<li><span>Il nourrit intens\u00e9ment vos l\u00e8vres et les r\u00e9pare en profondeur gr\u00e2ce \u00e0 ses vitamines et oligo-\u00e9l\u00e9ments<\/span><\/li>\n<li>\n<span>Il les prot\u00e8ge efficacement gr\u00e2ce \u00e0 ses agents surgras (huile de ricin et cire d&rsquo;abeilles)\u00a0<\/span>Sa texture onctueuse p\u00e9n\u00e8tre rapidement pour une action imm\u00e9diate et son ar\u00f4me naturel de vanille enveloppe vos l\u00e8vres d&rsquo;un d\u00e9licat parfum tout en leur apportant douceur et r\u00e9confort.<\/li>\n<\/ul>\n<p class=\"col-xs-12\"><span>Hypoallerg\u00e9nique, sa formule a \u00e9t\u00e9 test\u00e9e cliniquement par des dermatologues sur peaux sensibles pour vous assurer protection et douceur.<br \/>Sans paraben ni huiles min\u00e9rales, le Baume l\u00e8vres r\u00e9parateur est compos\u00e9 \u00e0 97% d&rsquo;ingr\u00e9dients d&rsquo;origine naturelle.<\/span><\/p>\n<h3 class=\"col-xs-12\">\u062a\u0639\u0644\u064a\u0645\u0627\u062a \u0627\u0644\u0627\u0633\u062a\u062e\u062f\u0627\u0645<\/h3>\n<p class=\"col-xs-12\">\u00a0<\/p>\n<div><\/div>\n<p>Appliquez ce baume sur vos l\u00e8vres aussi souvent que n\u00e9cessaire<\/p>\n<p>\u00a0<\/p>","protected":false},"excerpt":{"rendered":"<p>Rog\u00e9 cavaill\u00e8s Baume L\u00e8vres R\u00e9parateur Vent, soleil, hiver rigoureux\u2026 Vos l\u00e8vres sont les premi\u00e8res \u00e0 \u00eatre soumises aux agressions climatiques qui font craqueler leur peau fine. Pour les garder douces et belles toute l&rsquo;ann\u00e9e, pensez \u00e0 les prot\u00e9ger avec un soin hydratant haute protection.Enrichi en Surgras Vitamin\u00e9, le baume l\u00e8vres r\u00e9parateur Nutrissance vous offre une [&hellip;]<\/p>\n","protected":false},"featured_media":21538,"template":"","meta":{"om_disable_all_campaigns":false},"product_brand":[],"product_cat":[15],"product_tag":[],"class_list":{"0":"post-21539","1":"product","2":"type-product","3":"status-publish","4":"has-post-thumbnail","6":"product_cat-beaute-sante-complements-alimentaires-soins-et-bien-etre-au-meilleur-prix","8":"first","9":"instock","10":"sale","11":"taxable","12":"shipping-taxable","13":"purchasable","14":"product-type-simple"},"yoast_head":"<!-- This site is optimized with the Yoast SEO plugin v27.3 - https:\/\/yoast.com\/product\/yoast-seo-wordpress\/ -->\n<title>Rog\u00e9 cavaill\u00e8s Baume L\u00e8vres R\u00e9parateur - Maroc Prix<\/title>\n<meta name=\"description\" content=\"Rog\u00e9 cavaill\u00e8s Baume L\u00e8vres R\u00e9parateur\" \/>\n<meta name=\"robots\" content=\"index, follow, max-snippet:-1, max-image-preview:large, max-video-preview:-1\" \/>\n<link rel=\"canonical\" href=\"https:\/\/vitablanca.ma\/ar\/product-2\/roge-cavailles-baume-levres-reparateur\/\" \/>\n<meta property=\"og:locale\" content=\"ar_AR\" \/>\n<meta property=\"og:type\" content=\"article\" \/>\n<meta property=\"og:title\" content=\"Rog\u00e9 cavaill\u00e8s Baume L\u00e8vres R\u00e9parateur - Maroc Prix\" \/>\n<meta property=\"og:description\" content=\"Rog\u00e9 cavaill\u00e8s Baume L\u00e8vres R\u00e9parateur\" \/>\n<meta property=\"og:url\" content=\"https:\/\/vitablanca.ma\/ar\/product-2\/roge-cavailles-baume-levres-reparateur\/\" \/>\n<meta property=\"og:site_name\" content=\"Vitablanca.ma &ndash; Sant&eacute;, vitalit&eacute; et bien-&ecirc;tre pour tous les Marocains\" \/>\n<meta property=\"article:publisher\" content=\"https:\/\/www.facebook.com\/profile.php?id=61576678196717\" \/>\n<meta property=\"og:image\" content=\"https:\/\/vitablanca.ma\/wp-content\/uploads\/2025\/06\/Roge-cavailles-Baume-Levres-Reparateur-nova-para-maroc.jpg\" \/>\n\t<meta property=\"og:image:width\" content=\"1000\" \/>\n\t<meta property=\"og:image:height\" content=\"1000\" \/>\n\t<meta property=\"og:image:type\" content=\"image\/jpeg\" \/>\n<meta name=\"twitter:card\" content=\"summary_large_image\" \/>\n<meta name=\"twitter:label1\" content=\"\u0648\u0642\u062a \u0627\u0644\u0642\u0631\u0627\u0621\u0629 \u0627\u0644\u0645\u064f\u0642\u062f\u0651\u0631\" \/>\n\t<meta name=\"twitter:data1\" content=\"\u062f\u0642\u064a\u0642\u0629 \u0648\u0627\u062d\u062f\u0629\" \/>\n<script type=\"application\/ld+json\" class=\"yoast-schema-graph\">{\"@context\":\"https:\\\/\\\/schema.org\",\"@graph\":[{\"@type\":[\"WebPage\",\"ItemPage\"],\"@id\":\"https:\\\/\\\/vitablanca.ma\\\/produit\\\/roge-cavailles-baume-levres-reparateur\\\/\",\"url\":\"https:\\\/\\\/vitablanca.ma\\\/produit\\\/roge-cavailles-baume-levres-reparateur\\\/\",\"name\":\"Rog\u00e9 cavaill\u00e8s Baume L\u00e8vres R\u00e9parateur - Maroc Prix\",\"isPartOf\":{\"@id\":\"https:\\\/\\\/vitablanca.ma\\\/#website\"},\"primaryImageOfPage\":{\"@id\":\"https:\\\/\\\/vitablanca.ma\\\/produit\\\/roge-cavailles-baume-levres-reparateur\\\/#primaryimage\"},\"image\":{\"@id\":\"https:\\\/\\\/vitablanca.ma\\\/produit\\\/roge-cavailles-baume-levres-reparateur\\\/#primaryimage\"},\"thumbnailUrl\":\"https:\\\/\\\/vitablanca.ma\\\/wp-content\\\/uploads\\\/2025\\\/06\\\/Roge-cavailles-Baume-Levres-Reparateur-nova-para-maroc.jpg\",\"datePublished\":\"2025-06-11T21:24:46+00:00\",\"description\":\"Rog\u00e9 cavaill\u00e8s Baume L\u00e8vres R\u00e9parateur\",\"breadcrumb\":{\"@id\":\"https:\\\/\\\/vitablanca.ma\\\/produit\\\/roge-cavailles-baume-levres-reparateur\\\/#breadcrumb\"},\"inLanguage\":\"ar\",\"potentialAction\":[{\"@type\":\"ReadAction\",\"target\":[\"https:\\\/\\\/vitablanca.ma\\\/produit\\\/roge-cavailles-baume-levres-reparateur\\\/\"]}]},{\"@type\":\"ImageObject\",\"inLanguage\":\"ar\",\"@id\":\"https:\\\/\\\/vitablanca.ma\\\/produit\\\/roge-cavailles-baume-levres-reparateur\\\/#primaryimage\",\"url\":\"https:\\\/\\\/vitablanca.ma\\\/wp-content\\\/uploads\\\/2025\\\/06\\\/Roge-cavailles-Baume-Levres-Reparateur-nova-para-maroc.jpg\",\"contentUrl\":\"https:\\\/\\\/vitablanca.ma\\\/wp-content\\\/uploads\\\/2025\\\/06\\\/Roge-cavailles-Baume-Levres-Reparateur-nova-para-maroc.jpg\",\"width\":1000,\"height\":1000},{\"@type\":\"BreadcrumbList\",\"@id\":\"https:\\\/\\\/vitablanca.ma\\\/produit\\\/roge-cavailles-baume-levres-reparateur\\\/#breadcrumb\",\"itemListElement\":[{\"@type\":\"ListItem\",\"position\":1,\"name\":\"Home\",\"item\":\"https:\\\/\\\/vitablanca.ma\\\/\"},{\"@type\":\"ListItem\",\"position\":2,\"name\":\"Tous Les Produits\",\"item\":\"https:\\\/\\\/vitablanca.ma\\\/tous-les-produits\\\/\"},{\"@type\":\"ListItem\",\"position\":3,\"name\":\"Rog\u00e9 cavaill\u00e8s Baume L\u00e8vres R\u00e9parateur\"}]},{\"@type\":\"WebSite\",\"@id\":\"https:\\\/\\\/vitablanca.ma\\\/#website\",\"url\":\"https:\\\/\\\/vitablanca.ma\\\/\",\"name\":\"VitaBlanca.ma | Compl\u00e9ments alimentaires, sant\u00e9 & beaut\u00e9 au Maroc\",\"description\":\"vendre vitamines et compl\u00e9ments premium des USA &amp; Canada, Nouvelle Z\u00e9lande,Maroc (NOW Foods, Solgar, Manuka). Livraison rapide partout au Maroc.\",\"publisher\":{\"@id\":\"https:\\\/\\\/vitablanca.ma\\\/#organization\"},\"alternateName\":\"VitaBlanca.ma\",\"potentialAction\":[{\"@type\":\"SearchAction\",\"target\":{\"@type\":\"EntryPoint\",\"urlTemplate\":\"https:\\\/\\\/vitablanca.ma\\\/?s={search_term_string}\"},\"query-input\":{\"@type\":\"PropertyValueSpecification\",\"valueRequired\":true,\"valueName\":\"search_term_string\"}}],\"inLanguage\":\"ar\"},{\"@type\":\"Organization\",\"@id\":\"https:\\\/\\\/vitablanca.ma\\\/#organization\",\"name\":\"VitaBlanca\",\"url\":\"https:\\\/\\\/vitablanca.ma\\\/\",\"logo\":{\"@type\":\"ImageObject\",\"inLanguage\":\"ar\",\"@id\":\"https:\\\/\\\/vitablanca.ma\\\/#\\\/schema\\\/logo\\\/image\\\/\",\"url\":\"https:\\\/\\\/vitablanca.ma\\\/wp-content\\\/uploads\\\/2025\\\/05\\\/cropped-vitablanca.png\",\"contentUrl\":\"https:\\\/\\\/vitablanca.ma\\\/wp-content\\\/uploads\\\/2025\\\/05\\\/cropped-vitablanca.png\",\"width\":360,\"height\":67,\"caption\":\"VitaBlanca\"},\"image\":{\"@id\":\"https:\\\/\\\/vitablanca.ma\\\/#\\\/schema\\\/logo\\\/image\\\/\"},\"sameAs\":[\"https:\\\/\\\/www.facebook.com\\\/profile.php?id=61576678196717\",\"https:\\\/\\\/www.tiktok.com\\\/@vitablanca.ma\",\"https:\\\/\\\/www.instagram.com\\\/vitablanca.ma\\\/\"]}]}<\/script>\n<!-- \/ Yoast SEO plugin. -->","yoast_head_json":{"title":"Rog\u00e9 cavaill\u00e8s Baume L\u00e8vres R\u00e9parateur - Maroc Prix","description":"\u0628\u0644\u0633\u0645 \u0627\u0644\u0634\u0641\u0627\u0647 \u0644\u0625\u0635\u0644\u0627\u062d \u0627\u0644\u0634\u0641\u0627\u0647 \u0645\u0646 \u0631\u0648\u062c\u064a\u0647 \u0643\u0627\u0641\u0627\u064a\u0644\u064a\u0633","robots":{"index":"index","follow":"follow","max-snippet":"max-snippet:-1","max-image-preview":"max-image-preview:large","max-video-preview":"max-video-preview:-1"},"canonical":"https:\/\/vitablanca.ma\/ar\/product-2\/roge-cavailles-baume-levres-reparateur\/","og_locale":"ar_AR","og_type":"article","og_title":"Rog\u00e9 cavaill\u00e8s Baume L\u00e8vres R\u00e9parateur - Maroc Prix","og_description":"Rog\u00e9 cavaill\u00e8s Baume L\u00e8vres R\u00e9parateur","og_url":"https:\/\/vitablanca.ma\/ar\/product-2\/roge-cavailles-baume-levres-reparateur\/","og_site_name":"Vitablanca.ma &ndash; Sant&eacute;, vitalit&eacute; et bien-&ecirc;tre pour tous les Marocains","article_publisher":"https:\/\/www.facebook.com\/profile.php?id=61576678196717","og_image":[{"width":1000,"height":1000,"url":"https:\/\/vitablanca.ma\/wp-content\/uploads\/2025\/06\/Roge-cavailles-Baume-Levres-Reparateur-nova-para-maroc.jpg","type":"image\/jpeg"}],"twitter_card":"summary_large_image","twitter_misc":{"\u0648\u0642\u062a \u0627\u0644\u0642\u0631\u0627\u0621\u0629 \u0627\u0644\u0645\u064f\u0642\u062f\u0651\u0631":"\u062f\u0642\u064a\u0642\u0629 \u0648\u0627\u062d\u062f\u0629"},"schema":{"@context":"https:\/\/schema.org","@graph":[{"@type":["WebPage","ItemPage"],"@id":"https:\/\/vitablanca.ma\/produit\/roge-cavailles-baume-levres-reparateur\/","url":"https:\/\/vitablanca.ma\/produit\/roge-cavailles-baume-levres-reparateur\/","name":"Rog\u00e9 cavaill\u00e8s Baume L\u00e8vres R\u00e9parateur - Maroc Prix","isPartOf":{"@id":"https:\/\/vitablanca.ma\/#website"},"primaryImageOfPage":{"@id":"https:\/\/vitablanca.ma\/produit\/roge-cavailles-baume-levres-reparateur\/#primaryimage"},"image":{"@id":"https:\/\/vitablanca.ma\/produit\/roge-cavailles-baume-levres-reparateur\/#primaryimage"},"thumbnailUrl":"https:\/\/vitablanca.ma\/wp-content\/uploads\/2025\/06\/Roge-cavailles-Baume-Levres-Reparateur-nova-para-maroc.jpg","datePublished":"2025-06-11T21:24:46+00:00","description":"\u0628\u0644\u0633\u0645 \u0627\u0644\u0634\u0641\u0627\u0647 \u0644\u0625\u0635\u0644\u0627\u062d \u0627\u0644\u0634\u0641\u0627\u0647 \u0645\u0646 \u0631\u0648\u062c\u064a\u0647 \u0643\u0627\u0641\u0627\u064a\u0644\u064a\u0633","breadcrumb":{"@id":"https:\/\/vitablanca.ma\/produit\/roge-cavailles-baume-levres-reparateur\/#breadcrumb"},"inLanguage":"ar","potentialAction":[{"@type":"ReadAction","target":["https:\/\/vitablanca.ma\/produit\/roge-cavailles-baume-levres-reparateur\/"]}]},{"@type":"ImageObject","inLanguage":"ar","@id":"https:\/\/vitablanca.ma\/produit\/roge-cavailles-baume-levres-reparateur\/#primaryimage","url":"https:\/\/vitablanca.ma\/wp-content\/uploads\/2025\/06\/Roge-cavailles-Baume-Levres-Reparateur-nova-para-maroc.jpg","contentUrl":"https:\/\/vitablanca.ma\/wp-content\/uploads\/2025\/06\/Roge-cavailles-Baume-Levres-Reparateur-nova-para-maroc.jpg","width":1000,"height":1000},{"@type":"BreadcrumbList","@id":"https:\/\/vitablanca.ma\/produit\/roge-cavailles-baume-levres-reparateur\/#breadcrumb","itemListElement":[{"@type":"ListItem","position":1,"name":"Home","item":"https:\/\/vitablanca.ma\/"},{"@type":"ListItem","position":2,"name":"Tous Les Produits","item":"https:\/\/vitablanca.ma\/tous-les-produits\/"},{"@type":"ListItem","position":3,"name":"Rog\u00e9 cavaill\u00e8s Baume L\u00e8vres R\u00e9parateur"}]},{"@type":"WebSite","@id":"https:\/\/vitablanca.ma\/#website","url":"https:\/\/vitablanca.ma\/","name":"VitaBlanca.ma | \u0627\u0644\u0645\u0643\u0645\u0644\u0627\u062a \u0627\u0644\u063a\u0630\u0627\u0626\u064a\u0629\u060c \u0627\u0644\u0635\u062d\u0629 \u0648\u0627\u0644\u062c\u0645\u0627\u0644 \u0641\u064a \u0627\u0644\u0645\u063a\u0631\u0628","description":"\u0646\u0628\u064a\u0639 \u0641\u064a\u062a\u0627\u0645\u064a\u0646\u0627\u062a \u0648\u0645\u0643\u0645\u0644\u0627\u062a \u063a\u0630\u0627\u0626\u064a\u0629 \u0641\u0627\u062e\u0631\u0629 \u0645\u0646 \u0627\u0644\u0648\u0644\u0627\u064a\u0627\u062a \u0627\u0644\u0645\u062a\u062d\u062f\u0629 \u0627\u0644\u0623\u0645\u0631\u064a\u0643\u064a\u0629 \u0648\u0643\u0646\u062f\u0627 \u0648\u0646\u064a\u0648\u0632\u064a\u0644\u0646\u062f\u0627 \u0648\u0627\u0644\u0645\u063a\u0631\u0628 (\u0646\u0627\u0648 \u0641\u0648\u062f\u0632\u060c \u0633\u0648\u0644\u062c\u0627\u0631\u060c \u0645\u0627\u0646\u0648\u0643\u0627). \u062a\u0648\u0635\u064a\u0644 \u0633\u0631\u064a\u0639 \u0625\u0644\u0649 \u062c\u0645\u064a\u0639 \u0623\u0646\u062d\u0627\u0621 \u0627\u0644\u0645\u063a\u0631\u0628.","publisher":{"@id":"https:\/\/vitablanca.ma\/#organization"},"alternateName":"VitaBlanca.ma","potentialAction":[{"@type":"SearchAction","target":{"@type":"EntryPoint","urlTemplate":"https:\/\/vitablanca.ma\/?s={search_term_string}"},"query-input":{"@type":"PropertyValueSpecification","valueRequired":true,"valueName":"search_term_string"}}],"inLanguage":"ar"},{"@type":"Organization","@id":"https:\/\/vitablanca.ma\/#organization","name":"\u0641\u064a\u062a\u0627\u0628\u0644\u0627\u0646\u0643\u0627","url":"https:\/\/vitablanca.ma\/","logo":{"@type":"ImageObject","inLanguage":"ar","@id":"https:\/\/vitablanca.ma\/#\/schema\/logo\/image\/","url":"https:\/\/vitablanca.ma\/wp-content\/uploads\/2025\/05\/cropped-vitablanca.png","contentUrl":"https:\/\/vitablanca.ma\/wp-content\/uploads\/2025\/05\/cropped-vitablanca.png","width":360,"height":67,"caption":"VitaBlanca"},"image":{"@id":"https:\/\/vitablanca.ma\/#\/schema\/logo\/image\/"},"sameAs":["https:\/\/www.facebook.com\/profile.php?id=61576678196717","https:\/\/www.tiktok.com\/@vitablanca.ma","https:\/\/www.instagram.com\/vitablanca.ma\/"]}]}},"jetpack_sharing_enabled":true,"_links":{"self":[{"href":"https:\/\/vitablanca.ma\/ar\/wp-json\/wp\/v2\/product\/21539","targetHints":{"allow":["GET"]}}],"collection":[{"href":"https:\/\/vitablanca.ma\/ar\/wp-json\/wp\/v2\/product"}],"about":[{"href":"https:\/\/vitablanca.ma\/ar\/wp-json\/wp\/v2\/types\/product"}],"wp:featuredmedia":[{"embeddable":true,"href":"https:\/\/vitablanca.ma\/ar\/wp-json\/wp\/v2\/media\/21538"}],"wp:attachment":[{"href":"https:\/\/vitablanca.ma\/ar\/wp-json\/wp\/v2\/media?parent=21539"}],"wp:term":[{"taxonomy":"product_brand","embeddable":true,"href":"https:\/\/vitablanca.ma\/ar\/wp-json\/wp\/v2\/product_brand?post=21539"},{"taxonomy":"product_cat","embeddable":true,"href":"https:\/\/vitablanca.ma\/ar\/wp-json\/wp\/v2\/product_cat?post=21539"},{"taxonomy":"product_tag","embeddable":true,"href":"https:\/\/vitablanca.ma\/ar\/wp-json\/wp\/v2\/product_tag?post=21539"}],"curies":[{"name":"wp","href":"https:\/\/api.w.org\/{rel}","templated":true}]}}