{"id":21514,"date":"2025-06-11T21:24:20","date_gmt":"2025-06-11T21:24:20","guid":{"rendered":"https:\/\/vitablanca.ma\/product\/rilastil-creme-mains-reparatrice-30ml\/"},"modified":"2025-09-16T17:57:57","modified_gmt":"2025-09-16T17:57:57","slug":"rilastil-creme-mains-reparatrice-30ml","status":"publish","type":"product","link":"https:\/\/vitablanca.ma\/ar\/product-2\/rilastil-creme-mains-reparatrice-30ml\/","title":{"rendered":"\u0643\u0631\u064a\u0645 \u0631\u064a\u0644\u0627\u0633\u062a\u064a\u0644 \u0644\u0625\u0635\u0644\u0627\u062d \u0627\u0644\u064a\u062f\u064a\u0646 30 \u0645\u0644"},"content":{"rendered":"<h2>\u0643\u0631\u064a\u0645 \u0631\u064a\u0644\u0627\u0633\u062a\u064a\u0644 \u0644\u0625\u0635\u0644\u0627\u062d \u0627\u0644\u064a\u062f\u064a\u0646 <span>\u00a0\u064a\u063a\u0630\u064a \u0648\u064a\u062d\u0645\u064a \u0628\u0634\u0631\u0629 \u0627\u0644\u064a\u062f\u064a\u0646<\/span><br \/>\n<\/h2>\n<p>\u0643\u0631\u064a\u0645 \u0631\u064a\u0644\u0627\u0633\u062a\u064a\u0644 \u0644\u0644\u0639\u0646\u0627\u064a\u0629 \u0628\u0627\u0644\u064a\u062f\u064a\u0646 \u0647\u0648 \u0639\u0644\u0627\u062c \u062a\u0631\u0645\u064a\u0645\u064a \u064a\u0631\u0637\u0628 \u0648\u064a\u063a\u0630\u064a \u0648\u064a\u062d\u0645\u064a \u0628\u0634\u0631\u0629 \u0627\u0644\u064a\u062f\u064a\u0646\u060c \u0648\u064a\u062a\u0631\u0643\u0647\u0627 \u0646\u0627\u0639\u0645\u0629 \u0648\u0645\u0631\u0646\u0629 \u0648\u0645\u062e\u0645\u0644\u064a\u0629.<\/p>\n<div class=\"wpb_text_column wpb_content_element  descrizione-lunga\">\n<div class=\"wpb_wrapper\">\n<p>\u0643\u0631\u064a\u0645 \u0631\u064a\u0644\u0627\u0633\u062a\u064a\u0644 \u0644\u0644\u0639\u0646\u0627\u064a\u0629 \u0628\u0627\u0644\u064a\u062f\u064a\u0646 \u0647\u0648 \u0639\u0644\u0627\u062c \u062a\u0631\u0645\u064a\u0645\u064a \u064a\u0631\u0637\u0628 \u0648\u064a\u063a\u0630\u064a \u0648\u064a\u062d\u0645\u064a \u0628\u0634\u0631\u0629 \u0627\u0644\u064a\u062f\u064a\u0646\u060c \u0648\u064a\u062a\u0631\u0643\u0647\u0627 \u0646\u0627\u0639\u0645\u0629 \u0648\u0645\u0631\u0646\u0629 \u0648\u0645\u062e\u0645\u0644\u064a\u0629.<\/p>\n<h3>\u0633\u0645\u0627\u062a\u00a0<\/h3>\n<p>\u2022 \u0625\u0635\u0644\u0627\u062d \u0627\u0644\u0636\u0631\u0631 \u0627\u0644\u0646\u0627\u062a\u062c \u0639\u0646 \u0627\u0644\u0639\u0648\u0627\u0645\u0644 \u0627\u0644\u062c\u0648\u064a\u0629 \u0623\u0648 \u0627\u0644\u0645\u0648\u0627\u062f \u0627\u0644\u0639\u062f\u0648\u0627\u0646\u064a\u0629\u060c \u0648\u0627\u0633\u062a\u0639\u0627\u062f\u0629 \u0627\u0644\u0637\u0628\u0642\u0629 \u0627\u0644\u0647\u064a\u062f\u0631\u0648\u0644\u064a\u0628\u064a\u062f\u064a\u0629<br \/>\u2022 \u064a\u063a\u0630\u064a \u0628\u0634\u0631\u0629 \u0627\u0644\u064a\u062f\u064a\u0646 \u0645\u0639 \u0627\u0644\u062d\u0641\u0627\u0638 \u0639\u0644\u0649 \u0645\u0631\u0648\u0646\u062a\u0647\u0627<br \/>\u2022 \u064a\u0648\u0641\u0631 \u0631\u0627\u062d\u0629 \u0641\u0648\u0631\u064a\u0629 \u0648\u064a\u062a\u0645 \u0627\u0645\u062a\u0635\u0627\u0635\u0647 \u0628\u0633\u0631\u0639\u0629.<\/p>\n<p style=\"text-align: center\">\u0627\u0643\u062a\u0634\u0641 \u0643\u0631\u064a\u0645 \u0631\u064a\u0644\u0627\u0633\u062a\u064a\u0644 \u0644\u0625\u0635\u0644\u0627\u062d \u0627\u0644\u064a\u062f\u064a\u0646\u060c \u0648\u0647\u0648 \u0645\u0646\u062a\u062c \u062a\u0645 \u0627\u062e\u062a\u064a\u0627\u0631\u0647 \u0628\u0639\u0646\u0627\u064a\u0629 \u0644\u062a\u0644\u0628\u064a\u0629 \u0627\u062d\u062a\u064a\u0627\u062c\u0627\u062a\u0643 \u0627\u0644\u0645\u062d\u062f\u062f\u0629\u060c \u0648\u0627\u0633\u062a\u0645\u062a\u0639 \u0628\u062a\u062c\u0631\u0628\u0629 \u062a\u0633\u0648\u0642 \u0627\u0633\u062a\u062b\u0646\u0627\u0626\u064a\u0629 \u0639\u0644\u0649 \u0645\u0648\u0642\u0639\u0646\u0627\u060c\u00a0<strong>Vita Blanca Parapharmacie Maroc<\/strong><\/p>\n<\/div>\n<\/div>","protected":false},"excerpt":{"rendered":"<p>Rilastil Cr\u00e8me Mains R\u00e9paratrice \u00a0nourrit et prot\u00e8ge la peau des mains La cr\u00e8me mains r\u00e9paratrice Rilastil est un soin reconstituant qui hydrate, nourrit et prot\u00e8ge la peau des mains, la laissant douce, \u00e9lastique et velou La cr\u00e8me mains r\u00e9paratrice Rilastil est un soin reconstituant qui hydrate, nourrit et prot\u00e8ge la peau des mains, la laissant [&hellip;]<\/p>\n","protected":false},"featured_media":21513,"template":"","meta":{"om_disable_all_campaigns":false},"product_brand":[],"product_cat":[15],"product_tag":[],"class_list":{"0":"post-21514","1":"product","2":"type-product","3":"status-publish","4":"has-post-thumbnail","6":"product_cat-beaute-sante-complements-alimentaires-soins-et-bien-etre-au-meilleur-prix","8":"first","9":"instock","10":"sale","11":"taxable","12":"shipping-taxable","13":"purchasable","14":"product-type-simple"},"yoast_head":"<!-- This site is optimized with the Yoast SEO plugin v27.3 - https:\/\/yoast.com\/product\/yoast-seo-wordpress\/ -->\n<title>Rilastil Cr\u00e8me Mains R\u00e9paratrice 30ml - Maroc Prix<\/title>\n<meta name=\"description\" content=\"Rilastil Cr\u00e8me Mains R\u00e9paratrice 30ml\" \/>\n<meta name=\"robots\" content=\"index, follow, max-snippet:-1, max-image-preview:large, max-video-preview:-1\" \/>\n<link rel=\"canonical\" href=\"https:\/\/vitablanca.ma\/ar\/product-2\/rilastil-creme-mains-reparatrice-30ml\/\" \/>\n<meta property=\"og:locale\" content=\"ar_AR\" \/>\n<meta property=\"og:type\" content=\"article\" \/>\n<meta property=\"og:title\" content=\"Rilastil Cr\u00e8me Mains R\u00e9paratrice 30ml - Maroc Prix\" \/>\n<meta property=\"og:description\" content=\"Rilastil Cr\u00e8me Mains R\u00e9paratrice 30ml\" \/>\n<meta property=\"og:url\" content=\"https:\/\/vitablanca.ma\/ar\/product-2\/rilastil-creme-mains-reparatrice-30ml\/\" \/>\n<meta property=\"og:site_name\" content=\"Vitablanca.ma &ndash; Sant&eacute;, vitalit&eacute; et bien-&ecirc;tre pour tous les Marocains\" \/>\n<meta property=\"article:publisher\" content=\"https:\/\/www.facebook.com\/profile.php?id=61576678196717\" \/>\n<meta property=\"article:modified_time\" content=\"2025-09-16T17:57:57+00:00\" \/>\n<meta property=\"og:image\" content=\"https:\/\/vitablanca.ma\/wp-content\/uploads\/2025\/06\/XEROLACT-_-CREMA-MANI.png\" \/>\n\t<meta property=\"og:image:width\" content=\"240\" \/>\n\t<meta property=\"og:image:height\" content=\"587\" \/>\n\t<meta property=\"og:image:type\" content=\"image\/png\" \/>\n<meta name=\"twitter:card\" content=\"summary_large_image\" \/>\n<meta name=\"twitter:label1\" content=\"\u0648\u0642\u062a \u0627\u0644\u0642\u0631\u0627\u0621\u0629 \u0627\u0644\u0645\u064f\u0642\u062f\u0651\u0631\" \/>\n\t<meta name=\"twitter:data1\" content=\"\u062f\u0642\u064a\u0642\u0629 \u0648\u0627\u062d\u062f\u0629\" \/>\n<script type=\"application\/ld+json\" class=\"yoast-schema-graph\">{\"@context\":\"https:\\\/\\\/schema.org\",\"@graph\":[{\"@type\":[\"WebPage\",\"ItemPage\"],\"@id\":\"https:\\\/\\\/vitablanca.ma\\\/produit\\\/rilastil-creme-mains-reparatrice-30ml\\\/\",\"url\":\"https:\\\/\\\/vitablanca.ma\\\/produit\\\/rilastil-creme-mains-reparatrice-30ml\\\/\",\"name\":\"Rilastil Cr\u00e8me Mains R\u00e9paratrice 30ml - Maroc Prix\",\"isPartOf\":{\"@id\":\"https:\\\/\\\/vitablanca.ma\\\/#website\"},\"primaryImageOfPage\":{\"@id\":\"https:\\\/\\\/vitablanca.ma\\\/produit\\\/rilastil-creme-mains-reparatrice-30ml\\\/#primaryimage\"},\"image\":{\"@id\":\"https:\\\/\\\/vitablanca.ma\\\/produit\\\/rilastil-creme-mains-reparatrice-30ml\\\/#primaryimage\"},\"thumbnailUrl\":\"https:\\\/\\\/vitablanca.ma\\\/wp-content\\\/uploads\\\/2025\\\/06\\\/XEROLACT-_-CREMA-MANI.png\",\"datePublished\":\"2025-06-11T21:24:20+00:00\",\"dateModified\":\"2025-09-16T17:57:57+00:00\",\"description\":\"Rilastil Cr\u00e8me Mains R\u00e9paratrice 30ml\",\"breadcrumb\":{\"@id\":\"https:\\\/\\\/vitablanca.ma\\\/produit\\\/rilastil-creme-mains-reparatrice-30ml\\\/#breadcrumb\"},\"inLanguage\":\"ar\",\"potentialAction\":[{\"@type\":\"ReadAction\",\"target\":[\"https:\\\/\\\/vitablanca.ma\\\/produit\\\/rilastil-creme-mains-reparatrice-30ml\\\/\"]}]},{\"@type\":\"ImageObject\",\"inLanguage\":\"ar\",\"@id\":\"https:\\\/\\\/vitablanca.ma\\\/produit\\\/rilastil-creme-mains-reparatrice-30ml\\\/#primaryimage\",\"url\":\"https:\\\/\\\/vitablanca.ma\\\/wp-content\\\/uploads\\\/2025\\\/06\\\/XEROLACT-_-CREMA-MANI.png\",\"contentUrl\":\"https:\\\/\\\/vitablanca.ma\\\/wp-content\\\/uploads\\\/2025\\\/06\\\/XEROLACT-_-CREMA-MANI.png\",\"width\":240,\"height\":587},{\"@type\":\"BreadcrumbList\",\"@id\":\"https:\\\/\\\/vitablanca.ma\\\/produit\\\/rilastil-creme-mains-reparatrice-30ml\\\/#breadcrumb\",\"itemListElement\":[{\"@type\":\"ListItem\",\"position\":1,\"name\":\"Home\",\"item\":\"https:\\\/\\\/vitablanca.ma\\\/\"},{\"@type\":\"ListItem\",\"position\":2,\"name\":\"Tous Les Produits\",\"item\":\"https:\\\/\\\/vitablanca.ma\\\/tous-les-produits\\\/\"},{\"@type\":\"ListItem\",\"position\":3,\"name\":\"Rilastil Cr\u00e8me Mains R\u00e9paratrice 30ml\"}]},{\"@type\":\"WebSite\",\"@id\":\"https:\\\/\\\/vitablanca.ma\\\/#website\",\"url\":\"https:\\\/\\\/vitablanca.ma\\\/\",\"name\":\"VitaBlanca.ma | Compl\u00e9ments alimentaires, sant\u00e9 & beaut\u00e9 au Maroc\",\"description\":\"vendre vitamines et compl\u00e9ments premium des USA &amp; Canada, Nouvelle Z\u00e9lande,Maroc (NOW Foods, Solgar, Manuka). Livraison rapide partout au Maroc.\",\"publisher\":{\"@id\":\"https:\\\/\\\/vitablanca.ma\\\/#organization\"},\"alternateName\":\"VitaBlanca.ma\",\"potentialAction\":[{\"@type\":\"SearchAction\",\"target\":{\"@type\":\"EntryPoint\",\"urlTemplate\":\"https:\\\/\\\/vitablanca.ma\\\/?s={search_term_string}\"},\"query-input\":{\"@type\":\"PropertyValueSpecification\",\"valueRequired\":true,\"valueName\":\"search_term_string\"}}],\"inLanguage\":\"ar\"},{\"@type\":\"Organization\",\"@id\":\"https:\\\/\\\/vitablanca.ma\\\/#organization\",\"name\":\"VitaBlanca\",\"url\":\"https:\\\/\\\/vitablanca.ma\\\/\",\"logo\":{\"@type\":\"ImageObject\",\"inLanguage\":\"ar\",\"@id\":\"https:\\\/\\\/vitablanca.ma\\\/#\\\/schema\\\/logo\\\/image\\\/\",\"url\":\"https:\\\/\\\/vitablanca.ma\\\/wp-content\\\/uploads\\\/2025\\\/05\\\/cropped-vitablanca.png\",\"contentUrl\":\"https:\\\/\\\/vitablanca.ma\\\/wp-content\\\/uploads\\\/2025\\\/05\\\/cropped-vitablanca.png\",\"width\":360,\"height\":67,\"caption\":\"VitaBlanca\"},\"image\":{\"@id\":\"https:\\\/\\\/vitablanca.ma\\\/#\\\/schema\\\/logo\\\/image\\\/\"},\"sameAs\":[\"https:\\\/\\\/www.facebook.com\\\/profile.php?id=61576678196717\",\"https:\\\/\\\/www.tiktok.com\\\/@vitablanca.ma\",\"https:\\\/\\\/www.instagram.com\\\/vitablanca.ma\\\/\"]}]}<\/script>\n<!-- \/ Yoast SEO plugin. -->","yoast_head_json":{"title":"\u0643\u0631\u064a\u0645 \u0631\u064a\u0644\u0627\u0633\u062a\u064a\u0644 \u0644\u0625\u0635\u0644\u0627\u062d \u0627\u0644\u064a\u062f\u064a\u0646 30 \u0645\u0644 - \u0633\u0639\u0631 \u0627\u0644\u0645\u063a\u0631\u0628","description":"\u0643\u0631\u064a\u0645 \u0631\u064a\u0644\u0627\u0633\u062a\u064a\u0644 \u0644\u0625\u0635\u0644\u0627\u062d \u0627\u0644\u064a\u062f\u064a\u0646 30 \u0645\u0644","robots":{"index":"index","follow":"follow","max-snippet":"max-snippet:-1","max-image-preview":"max-image-preview:large","max-video-preview":"max-video-preview:-1"},"canonical":"https:\/\/vitablanca.ma\/ar\/product-2\/rilastil-creme-mains-reparatrice-30ml\/","og_locale":"ar_AR","og_type":"article","og_title":"Rilastil Cr\u00e8me Mains R\u00e9paratrice 30ml - Maroc Prix","og_description":"Rilastil Cr\u00e8me Mains R\u00e9paratrice 30ml","og_url":"https:\/\/vitablanca.ma\/ar\/product-2\/rilastil-creme-mains-reparatrice-30ml\/","og_site_name":"Vitablanca.ma &ndash; Sant&eacute;, vitalit&eacute; et bien-&ecirc;tre pour tous les Marocains","article_publisher":"https:\/\/www.facebook.com\/profile.php?id=61576678196717","article_modified_time":"2025-09-16T17:57:57+00:00","og_image":[{"width":240,"height":587,"url":"https:\/\/vitablanca.ma\/wp-content\/uploads\/2025\/06\/XEROLACT-_-CREMA-MANI.png","type":"image\/png"}],"twitter_card":"summary_large_image","twitter_misc":{"\u0648\u0642\u062a \u0627\u0644\u0642\u0631\u0627\u0621\u0629 \u0627\u0644\u0645\u064f\u0642\u062f\u0651\u0631":"\u062f\u0642\u064a\u0642\u0629 \u0648\u0627\u062d\u062f\u0629"},"schema":{"@context":"https:\/\/schema.org","@graph":[{"@type":["WebPage","ItemPage"],"@id":"https:\/\/vitablanca.ma\/produit\/rilastil-creme-mains-reparatrice-30ml\/","url":"https:\/\/vitablanca.ma\/produit\/rilastil-creme-mains-reparatrice-30ml\/","name":"\u0643\u0631\u064a\u0645 \u0631\u064a\u0644\u0627\u0633\u062a\u064a\u0644 \u0644\u0625\u0635\u0644\u0627\u062d \u0627\u0644\u064a\u062f\u064a\u0646 30 \u0645\u0644 - \u0633\u0639\u0631 \u0627\u0644\u0645\u063a\u0631\u0628","isPartOf":{"@id":"https:\/\/vitablanca.ma\/#website"},"primaryImageOfPage":{"@id":"https:\/\/vitablanca.ma\/produit\/rilastil-creme-mains-reparatrice-30ml\/#primaryimage"},"image":{"@id":"https:\/\/vitablanca.ma\/produit\/rilastil-creme-mains-reparatrice-30ml\/#primaryimage"},"thumbnailUrl":"https:\/\/vitablanca.ma\/wp-content\/uploads\/2025\/06\/XEROLACT-_-CREMA-MANI.png","datePublished":"2025-06-11T21:24:20+00:00","dateModified":"2025-09-16T17:57:57+00:00","description":"\u0643\u0631\u064a\u0645 \u0631\u064a\u0644\u0627\u0633\u062a\u064a\u0644 \u0644\u0625\u0635\u0644\u0627\u062d \u0627\u0644\u064a\u062f\u064a\u0646 30 \u0645\u0644","breadcrumb":{"@id":"https:\/\/vitablanca.ma\/produit\/rilastil-creme-mains-reparatrice-30ml\/#breadcrumb"},"inLanguage":"ar","potentialAction":[{"@type":"ReadAction","target":["https:\/\/vitablanca.ma\/produit\/rilastil-creme-mains-reparatrice-30ml\/"]}]},{"@type":"ImageObject","inLanguage":"ar","@id":"https:\/\/vitablanca.ma\/produit\/rilastil-creme-mains-reparatrice-30ml\/#primaryimage","url":"https:\/\/vitablanca.ma\/wp-content\/uploads\/2025\/06\/XEROLACT-_-CREMA-MANI.png","contentUrl":"https:\/\/vitablanca.ma\/wp-content\/uploads\/2025\/06\/XEROLACT-_-CREMA-MANI.png","width":240,"height":587},{"@type":"BreadcrumbList","@id":"https:\/\/vitablanca.ma\/produit\/rilastil-creme-mains-reparatrice-30ml\/#breadcrumb","itemListElement":[{"@type":"ListItem","position":1,"name":"Home","item":"https:\/\/vitablanca.ma\/"},{"@type":"ListItem","position":2,"name":"Tous Les Produits","item":"https:\/\/vitablanca.ma\/tous-les-produits\/"},{"@type":"ListItem","position":3,"name":"Rilastil Cr\u00e8me Mains R\u00e9paratrice 30ml"}]},{"@type":"WebSite","@id":"https:\/\/vitablanca.ma\/#website","url":"https:\/\/vitablanca.ma\/","name":"VitaBlanca.ma | \u0627\u0644\u0645\u0643\u0645\u0644\u0627\u062a \u0627\u0644\u063a\u0630\u0627\u0626\u064a\u0629\u060c \u0627\u0644\u0635\u062d\u0629 \u0648\u0627\u0644\u062c\u0645\u0627\u0644 \u0641\u064a \u0627\u0644\u0645\u063a\u0631\u0628","description":"\u0646\u0628\u064a\u0639 \u0641\u064a\u062a\u0627\u0645\u064a\u0646\u0627\u062a \u0648\u0645\u0643\u0645\u0644\u0627\u062a \u063a\u0630\u0627\u0626\u064a\u0629 \u0641\u0627\u062e\u0631\u0629 \u0645\u0646 \u0627\u0644\u0648\u0644\u0627\u064a\u0627\u062a \u0627\u0644\u0645\u062a\u062d\u062f\u0629 \u0627\u0644\u0623\u0645\u0631\u064a\u0643\u064a\u0629 \u0648\u0643\u0646\u062f\u0627 \u0648\u0646\u064a\u0648\u0632\u064a\u0644\u0646\u062f\u0627 \u0648\u0627\u0644\u0645\u063a\u0631\u0628 (\u0646\u0627\u0648 \u0641\u0648\u062f\u0632\u060c \u0633\u0648\u0644\u062c\u0627\u0631\u060c \u0645\u0627\u0646\u0648\u0643\u0627). \u062a\u0648\u0635\u064a\u0644 \u0633\u0631\u064a\u0639 \u0625\u0644\u0649 \u062c\u0645\u064a\u0639 \u0623\u0646\u062d\u0627\u0621 \u0627\u0644\u0645\u063a\u0631\u0628.","publisher":{"@id":"https:\/\/vitablanca.ma\/#organization"},"alternateName":"VitaBlanca.ma","potentialAction":[{"@type":"SearchAction","target":{"@type":"EntryPoint","urlTemplate":"https:\/\/vitablanca.ma\/?s={search_term_string}"},"query-input":{"@type":"PropertyValueSpecification","valueRequired":true,"valueName":"search_term_string"}}],"inLanguage":"ar"},{"@type":"Organization","@id":"https:\/\/vitablanca.ma\/#organization","name":"\u0641\u064a\u062a\u0627\u0628\u0644\u0627\u0646\u0643\u0627","url":"https:\/\/vitablanca.ma\/","logo":{"@type":"ImageObject","inLanguage":"ar","@id":"https:\/\/vitablanca.ma\/#\/schema\/logo\/image\/","url":"https:\/\/vitablanca.ma\/wp-content\/uploads\/2025\/05\/cropped-vitablanca.png","contentUrl":"https:\/\/vitablanca.ma\/wp-content\/uploads\/2025\/05\/cropped-vitablanca.png","width":360,"height":67,"caption":"VitaBlanca"},"image":{"@id":"https:\/\/vitablanca.ma\/#\/schema\/logo\/image\/"},"sameAs":["https:\/\/www.facebook.com\/profile.php?id=61576678196717","https:\/\/www.tiktok.com\/@vitablanca.ma","https:\/\/www.instagram.com\/vitablanca.ma\/"]}]}},"jetpack_sharing_enabled":true,"_links":{"self":[{"href":"https:\/\/vitablanca.ma\/ar\/wp-json\/wp\/v2\/product\/21514","targetHints":{"allow":["GET"]}}],"collection":[{"href":"https:\/\/vitablanca.ma\/ar\/wp-json\/wp\/v2\/product"}],"about":[{"href":"https:\/\/vitablanca.ma\/ar\/wp-json\/wp\/v2\/types\/product"}],"wp:featuredmedia":[{"embeddable":true,"href":"https:\/\/vitablanca.ma\/ar\/wp-json\/wp\/v2\/media\/21513"}],"wp:attachment":[{"href":"https:\/\/vitablanca.ma\/ar\/wp-json\/wp\/v2\/media?parent=21514"}],"wp:term":[{"taxonomy":"product_brand","embeddable":true,"href":"https:\/\/vitablanca.ma\/ar\/wp-json\/wp\/v2\/product_brand?post=21514"},{"taxonomy":"product_cat","embeddable":true,"href":"https:\/\/vitablanca.ma\/ar\/wp-json\/wp\/v2\/product_cat?post=21514"},{"taxonomy":"product_tag","embeddable":true,"href":"https:\/\/vitablanca.ma\/ar\/wp-json\/wp\/v2\/product_tag?post=21514"}],"curies":[{"name":"wp","href":"https:\/\/api.w.org\/{rel}","templated":true}]}}