{"id":21333,"date":"2025-06-11T21:19:35","date_gmt":"2025-06-11T21:19:35","guid":{"rendered":"https:\/\/vitablanca.ma\/product\/placentor-fluide-purifiant-matifiant-40-ml\/"},"modified":"2025-09-16T17:57:55","modified_gmt":"2025-09-16T17:57:55","slug":"placentor-fluide-purifiant-matifiant-40-ml","status":"publish","type":"product","link":"https:\/\/vitablanca.ma\/ar\/product-2\/placentor-fluide-purifiant-matifiant-40-ml\/","title":{"rendered":"\u0633\u0627\u0626\u0644 \u0628\u0644\u0627\u0633\u064a\u0646\u062a\u0648\u0631 \u0627\u0644\u0645\u0646\u0642\u064a \u0648\u0627\u0644\u0645\u0632\u064a\u0644 \u0644\u0644\u0645\u0639\u0627\u0646 40 \u0645\u0644"},"content":{"rendered":"<h2>\u0633\u0627\u0626\u0644 \u0628\u0644\u0627\u0633\u064a\u0646\u062a\u0648\u0631 \u0627\u0644\u0645\u0646\u0642\u064a \u0648\u0627\u0644\u0645\u0632\u064a\u0644 \u0644\u0644\u0645\u0639\u0627\u0646 40 \u0645\u0644<\/h2>\n<p>Le Fluide Purifiant Matifiant de Placentor V\u00e9g\u00e9tal est un soin du visage sp\u00e9cialement con\u00e7u pour les peaux mixtes, grasses et sujettes \u00e0 l\u2019acn\u00e9. Ce fluide agit en profondeur pour \u00e9liminer les imperfections existantes tout en pr\u00e9venant leur r\u00e9apparition.<\/p>\n<p>Adapt\u00e9 aux adolescents et aux adultes, ce fluide purifiant matifiant de Placentor aide \u00e0 r\u00e9duire les boutons, les points noirs, et \u00e0 resserrer les pores tout en r\u00e9gulant la production de s\u00e9bum. Il contribue \u00e9galement \u00e0 affiner le grain de peau, laissant votre teint lisse et uniforme. Sa formule \u00e0 98% d\u2019ingr\u00e9dients d\u2019origine naturelle repose sur plusieurs actifs essentiels.<\/p>\n<p><strong>\u0637\u0631\u064a\u0642\u0629 \u0627\u0644\u0627\u0633\u062a\u062e\u062f\u0627\u0645:<\/strong><\/p>\n<p>Pour une utilisation optimale, appliquez le Fluide Purifiant Matifiant matin et soir sur un visage pr\u00e9alablement nettoy\u00e9, seul ou apr\u00e8s l\u2019application du S\u00e9rum Correcteur pour des r\u00e9sultats encore plus impressionnants. Il est conditionn\u00e9 dans un tube de 40 ml, parfait pour une utilisation quotidienne.<\/p>\n<p style=\"text-align: center\">\u064a\u0643\u062a\u0634\u0641 <strong>PLACENTOR FLUIDE PURIFIANT MATIFIANT<\/strong>\u060c \u0645\u0646\u062a\u062c \u062a\u0645 \u0627\u062e\u062a\u064a\u0627\u0631\u0647 \u0628\u0639\u0646\u0627\u064a\u0629 \u0644\u062a\u0644\u0628\u064a\u0629 \u0627\u062d\u062a\u064a\u0627\u062c\u0627\u062a\u0643 \u0627\u0644\u0645\u062d\u062f\u062f\u0629\u060c \u0648\u0627\u0633\u062a\u0645\u062a\u0639 \u0628\u062a\u062c\u0631\u0628\u0629 \u062a\u0633\u0648\u0642 \u0627\u0633\u062a\u062b\u0646\u0627\u0626\u064a\u0629 \u0639\u0644\u0649 \u0645\u0648\u0642\u0639\u0646\u0627\u060c\u00a0<strong>Vita Blanca Parapharmacie Maroc<\/strong><\/p>","protected":false},"excerpt":{"rendered":"<p>PLACENTOR FLUIDE PURIFIANT MATIFIANT 40 ML Le Fluide Purifiant Matifiant de Placentor V\u00e9g\u00e9tal est un soin du visage sp\u00e9cialement con\u00e7u pour les peaux mixtes, grasses et sujettes \u00e0 l\u2019acn\u00e9. Ce fluide agit en profondeur pour \u00e9liminer les imperfections existantes tout en pr\u00e9venant leur r\u00e9apparition. Adapt\u00e9 aux adolescents et aux adultes, ce fluide purifiant matifiant de [&hellip;]<\/p>\n","protected":false},"featured_media":21332,"template":"","meta":{"om_disable_all_campaigns":false},"product_brand":[],"product_cat":[15],"product_tag":[],"class_list":{"0":"post-21333","1":"product","2":"type-product","3":"status-publish","4":"has-post-thumbnail","6":"product_cat-beaute-sante-complements-alimentaires-soins-et-bien-etre-au-meilleur-prix","8":"first","9":"instock","10":"sale","11":"taxable","12":"shipping-taxable","13":"purchasable","14":"product-type-simple"},"yoast_head":"<!-- This site is optimized with the Yoast SEO plugin v27.3 - https:\/\/yoast.com\/product\/yoast-seo-wordpress\/ -->\n<title>PLACENTOR FLUIDE PURIFIANT MATIFIANT 40 ML - Maroc Prix<\/title>\n<meta name=\"description\" content=\"PLACENTOR FLUIDE PURIFIANT MATIFIANT 40 ML\" \/>\n<meta name=\"robots\" content=\"index, follow, max-snippet:-1, max-image-preview:large, max-video-preview:-1\" \/>\n<link rel=\"canonical\" href=\"https:\/\/vitablanca.ma\/ar\/product-2\/placentor-fluide-purifiant-matifiant-40-ml\/\" \/>\n<meta property=\"og:locale\" content=\"ar_AR\" \/>\n<meta property=\"og:type\" content=\"article\" \/>\n<meta property=\"og:title\" content=\"PLACENTOR FLUIDE PURIFIANT MATIFIANT 40 ML - Maroc Prix\" \/>\n<meta property=\"og:description\" content=\"PLACENTOR FLUIDE PURIFIANT MATIFIANT 40 ML\" \/>\n<meta property=\"og:url\" content=\"https:\/\/vitablanca.ma\/ar\/product-2\/placentor-fluide-purifiant-matifiant-40-ml\/\" \/>\n<meta property=\"og:site_name\" content=\"Vitablanca.ma &ndash; Sant&eacute;, vitalit&eacute; et bien-&ecirc;tre pour tous les Marocains\" \/>\n<meta property=\"article:publisher\" content=\"https:\/\/www.facebook.com\/profile.php?id=61576678196717\" \/>\n<meta property=\"article:modified_time\" content=\"2025-09-16T17:57:55+00:00\" \/>\n<meta property=\"og:image\" content=\"https:\/\/vitablanca.ma\/wp-content\/uploads\/2025\/06\/placentor-placentor-fluide-purifiant-matifiant-40-ml-soins-anti-imperfections-Nova-para-prix-Maroc.jpg\" \/>\n\t<meta property=\"og:image:width\" content=\"700\" \/>\n\t<meta property=\"og:image:height\" content=\"700\" \/>\n\t<meta property=\"og:image:type\" content=\"image\/jpeg\" \/>\n<meta name=\"twitter:card\" content=\"summary_large_image\" \/>\n<meta name=\"twitter:label1\" content=\"\u0648\u0642\u062a \u0627\u0644\u0642\u0631\u0627\u0621\u0629 \u0627\u0644\u0645\u064f\u0642\u062f\u0651\u0631\" \/>\n\t<meta name=\"twitter:data1\" content=\"\u062f\u0642\u064a\u0642\u0629 \u0648\u0627\u062d\u062f\u0629\" \/>\n<script type=\"application\/ld+json\" class=\"yoast-schema-graph\">{\"@context\":\"https:\\\/\\\/schema.org\",\"@graph\":[{\"@type\":[\"WebPage\",\"ItemPage\"],\"@id\":\"https:\\\/\\\/vitablanca.ma\\\/produit\\\/placentor-fluide-purifiant-matifiant-40-ml\\\/\",\"url\":\"https:\\\/\\\/vitablanca.ma\\\/produit\\\/placentor-fluide-purifiant-matifiant-40-ml\\\/\",\"name\":\"PLACENTOR FLUIDE PURIFIANT MATIFIANT 40 ML - Maroc Prix\",\"isPartOf\":{\"@id\":\"https:\\\/\\\/vitablanca.ma\\\/#website\"},\"primaryImageOfPage\":{\"@id\":\"https:\\\/\\\/vitablanca.ma\\\/produit\\\/placentor-fluide-purifiant-matifiant-40-ml\\\/#primaryimage\"},\"image\":{\"@id\":\"https:\\\/\\\/vitablanca.ma\\\/produit\\\/placentor-fluide-purifiant-matifiant-40-ml\\\/#primaryimage\"},\"thumbnailUrl\":\"https:\\\/\\\/vitablanca.ma\\\/wp-content\\\/uploads\\\/2025\\\/06\\\/placentor-placentor-fluide-purifiant-matifiant-40-ml-soins-anti-imperfections-Nova-para-prix-Maroc.jpg\",\"datePublished\":\"2025-06-11T21:19:35+00:00\",\"dateModified\":\"2025-09-16T17:57:55+00:00\",\"description\":\"PLACENTOR FLUIDE PURIFIANT MATIFIANT 40 ML\",\"breadcrumb\":{\"@id\":\"https:\\\/\\\/vitablanca.ma\\\/produit\\\/placentor-fluide-purifiant-matifiant-40-ml\\\/#breadcrumb\"},\"inLanguage\":\"ar\",\"potentialAction\":[{\"@type\":\"ReadAction\",\"target\":[\"https:\\\/\\\/vitablanca.ma\\\/produit\\\/placentor-fluide-purifiant-matifiant-40-ml\\\/\"]}]},{\"@type\":\"ImageObject\",\"inLanguage\":\"ar\",\"@id\":\"https:\\\/\\\/vitablanca.ma\\\/produit\\\/placentor-fluide-purifiant-matifiant-40-ml\\\/#primaryimage\",\"url\":\"https:\\\/\\\/vitablanca.ma\\\/wp-content\\\/uploads\\\/2025\\\/06\\\/placentor-placentor-fluide-purifiant-matifiant-40-ml-soins-anti-imperfections-Nova-para-prix-Maroc.jpg\",\"contentUrl\":\"https:\\\/\\\/vitablanca.ma\\\/wp-content\\\/uploads\\\/2025\\\/06\\\/placentor-placentor-fluide-purifiant-matifiant-40-ml-soins-anti-imperfections-Nova-para-prix-Maroc.jpg\",\"width\":700,\"height\":700},{\"@type\":\"BreadcrumbList\",\"@id\":\"https:\\\/\\\/vitablanca.ma\\\/produit\\\/placentor-fluide-purifiant-matifiant-40-ml\\\/#breadcrumb\",\"itemListElement\":[{\"@type\":\"ListItem\",\"position\":1,\"name\":\"Home\",\"item\":\"https:\\\/\\\/vitablanca.ma\\\/\"},{\"@type\":\"ListItem\",\"position\":2,\"name\":\"Tous Les Produits\",\"item\":\"https:\\\/\\\/vitablanca.ma\\\/tous-les-produits\\\/\"},{\"@type\":\"ListItem\",\"position\":3,\"name\":\"PLACENTOR FLUIDE PURIFIANT MATIFIANT 40 ML\"}]},{\"@type\":\"WebSite\",\"@id\":\"https:\\\/\\\/vitablanca.ma\\\/#website\",\"url\":\"https:\\\/\\\/vitablanca.ma\\\/\",\"name\":\"VitaBlanca.ma | Compl\u00e9ments alimentaires, sant\u00e9 & beaut\u00e9 au Maroc\",\"description\":\"vendre vitamines et compl\u00e9ments premium des USA &amp; Canada, Nouvelle Z\u00e9lande,Maroc (NOW Foods, Solgar, Manuka). Livraison rapide partout au Maroc.\",\"publisher\":{\"@id\":\"https:\\\/\\\/vitablanca.ma\\\/#organization\"},\"alternateName\":\"VitaBlanca.ma\",\"potentialAction\":[{\"@type\":\"SearchAction\",\"target\":{\"@type\":\"EntryPoint\",\"urlTemplate\":\"https:\\\/\\\/vitablanca.ma\\\/?s={search_term_string}\"},\"query-input\":{\"@type\":\"PropertyValueSpecification\",\"valueRequired\":true,\"valueName\":\"search_term_string\"}}],\"inLanguage\":\"ar\"},{\"@type\":\"Organization\",\"@id\":\"https:\\\/\\\/vitablanca.ma\\\/#organization\",\"name\":\"VitaBlanca\",\"url\":\"https:\\\/\\\/vitablanca.ma\\\/\",\"logo\":{\"@type\":\"ImageObject\",\"inLanguage\":\"ar\",\"@id\":\"https:\\\/\\\/vitablanca.ma\\\/#\\\/schema\\\/logo\\\/image\\\/\",\"url\":\"https:\\\/\\\/vitablanca.ma\\\/wp-content\\\/uploads\\\/2025\\\/05\\\/cropped-vitablanca.png\",\"contentUrl\":\"https:\\\/\\\/vitablanca.ma\\\/wp-content\\\/uploads\\\/2025\\\/05\\\/cropped-vitablanca.png\",\"width\":360,\"height\":67,\"caption\":\"VitaBlanca\"},\"image\":{\"@id\":\"https:\\\/\\\/vitablanca.ma\\\/#\\\/schema\\\/logo\\\/image\\\/\"},\"sameAs\":[\"https:\\\/\\\/www.facebook.com\\\/profile.php?id=61576678196717\",\"https:\\\/\\\/www.tiktok.com\\\/@vitablanca.ma\",\"https:\\\/\\\/www.instagram.com\\\/vitablanca.ma\\\/\"]}]}<\/script>\n<!-- \/ Yoast SEO plugin. -->","yoast_head_json":{"title":"PLACENTOR FLUIDE PURIFIANT MATIFIANT 40 ML - Maroc Prix","description":"\u0633\u0627\u0626\u0644 \u0628\u0644\u0627\u0633\u064a\u0646\u062a\u0648\u0631 \u0627\u0644\u0645\u0646\u0642\u064a \u0648\u0627\u0644\u0645\u0632\u064a\u0644 \u0644\u0644\u0645\u0639\u0627\u0646 40 \u0645\u0644","robots":{"index":"index","follow":"follow","max-snippet":"max-snippet:-1","max-image-preview":"max-image-preview:large","max-video-preview":"max-video-preview:-1"},"canonical":"https:\/\/vitablanca.ma\/ar\/product-2\/placentor-fluide-purifiant-matifiant-40-ml\/","og_locale":"ar_AR","og_type":"article","og_title":"PLACENTOR FLUIDE PURIFIANT MATIFIANT 40 ML - Maroc Prix","og_description":"PLACENTOR FLUIDE PURIFIANT MATIFIANT 40 ML","og_url":"https:\/\/vitablanca.ma\/ar\/product-2\/placentor-fluide-purifiant-matifiant-40-ml\/","og_site_name":"Vitablanca.ma &ndash; Sant&eacute;, vitalit&eacute; et bien-&ecirc;tre pour tous les Marocains","article_publisher":"https:\/\/www.facebook.com\/profile.php?id=61576678196717","article_modified_time":"2025-09-16T17:57:55+00:00","og_image":[{"width":700,"height":700,"url":"https:\/\/vitablanca.ma\/wp-content\/uploads\/2025\/06\/placentor-placentor-fluide-purifiant-matifiant-40-ml-soins-anti-imperfections-Nova-para-prix-Maroc.jpg","type":"image\/jpeg"}],"twitter_card":"summary_large_image","twitter_misc":{"\u0648\u0642\u062a \u0627\u0644\u0642\u0631\u0627\u0621\u0629 \u0627\u0644\u0645\u064f\u0642\u062f\u0651\u0631":"\u062f\u0642\u064a\u0642\u0629 \u0648\u0627\u062d\u062f\u0629"},"schema":{"@context":"https:\/\/schema.org","@graph":[{"@type":["WebPage","ItemPage"],"@id":"https:\/\/vitablanca.ma\/produit\/placentor-fluide-purifiant-matifiant-40-ml\/","url":"https:\/\/vitablanca.ma\/produit\/placentor-fluide-purifiant-matifiant-40-ml\/","name":"PLACENTOR FLUIDE PURIFIANT MATIFIANT 40 ML - Maroc Prix","isPartOf":{"@id":"https:\/\/vitablanca.ma\/#website"},"primaryImageOfPage":{"@id":"https:\/\/vitablanca.ma\/produit\/placentor-fluide-purifiant-matifiant-40-ml\/#primaryimage"},"image":{"@id":"https:\/\/vitablanca.ma\/produit\/placentor-fluide-purifiant-matifiant-40-ml\/#primaryimage"},"thumbnailUrl":"https:\/\/vitablanca.ma\/wp-content\/uploads\/2025\/06\/placentor-placentor-fluide-purifiant-matifiant-40-ml-soins-anti-imperfections-Nova-para-prix-Maroc.jpg","datePublished":"2025-06-11T21:19:35+00:00","dateModified":"2025-09-16T17:57:55+00:00","description":"\u0633\u0627\u0626\u0644 \u0628\u0644\u0627\u0633\u064a\u0646\u062a\u0648\u0631 \u0627\u0644\u0645\u0646\u0642\u064a \u0648\u0627\u0644\u0645\u0632\u064a\u0644 \u0644\u0644\u0645\u0639\u0627\u0646 40 \u0645\u0644","breadcrumb":{"@id":"https:\/\/vitablanca.ma\/produit\/placentor-fluide-purifiant-matifiant-40-ml\/#breadcrumb"},"inLanguage":"ar","potentialAction":[{"@type":"ReadAction","target":["https:\/\/vitablanca.ma\/produit\/placentor-fluide-purifiant-matifiant-40-ml\/"]}]},{"@type":"ImageObject","inLanguage":"ar","@id":"https:\/\/vitablanca.ma\/produit\/placentor-fluide-purifiant-matifiant-40-ml\/#primaryimage","url":"https:\/\/vitablanca.ma\/wp-content\/uploads\/2025\/06\/placentor-placentor-fluide-purifiant-matifiant-40-ml-soins-anti-imperfections-Nova-para-prix-Maroc.jpg","contentUrl":"https:\/\/vitablanca.ma\/wp-content\/uploads\/2025\/06\/placentor-placentor-fluide-purifiant-matifiant-40-ml-soins-anti-imperfections-Nova-para-prix-Maroc.jpg","width":700,"height":700},{"@type":"BreadcrumbList","@id":"https:\/\/vitablanca.ma\/produit\/placentor-fluide-purifiant-matifiant-40-ml\/#breadcrumb","itemListElement":[{"@type":"ListItem","position":1,"name":"Home","item":"https:\/\/vitablanca.ma\/"},{"@type":"ListItem","position":2,"name":"Tous Les Produits","item":"https:\/\/vitablanca.ma\/tous-les-produits\/"},{"@type":"ListItem","position":3,"name":"PLACENTOR FLUIDE PURIFIANT MATIFIANT 40 ML"}]},{"@type":"WebSite","@id":"https:\/\/vitablanca.ma\/#website","url":"https:\/\/vitablanca.ma\/","name":"VitaBlanca.ma | \u0627\u0644\u0645\u0643\u0645\u0644\u0627\u062a \u0627\u0644\u063a\u0630\u0627\u0626\u064a\u0629\u060c \u0627\u0644\u0635\u062d\u0629 \u0648\u0627\u0644\u062c\u0645\u0627\u0644 \u0641\u064a \u0627\u0644\u0645\u063a\u0631\u0628","description":"\u0646\u0628\u064a\u0639 \u0641\u064a\u062a\u0627\u0645\u064a\u0646\u0627\u062a \u0648\u0645\u0643\u0645\u0644\u0627\u062a \u063a\u0630\u0627\u0626\u064a\u0629 \u0641\u0627\u062e\u0631\u0629 \u0645\u0646 \u0627\u0644\u0648\u0644\u0627\u064a\u0627\u062a \u0627\u0644\u0645\u062a\u062d\u062f\u0629 \u0627\u0644\u0623\u0645\u0631\u064a\u0643\u064a\u0629 \u0648\u0643\u0646\u062f\u0627 \u0648\u0646\u064a\u0648\u0632\u064a\u0644\u0646\u062f\u0627 \u0648\u0627\u0644\u0645\u063a\u0631\u0628 (\u0646\u0627\u0648 \u0641\u0648\u062f\u0632\u060c \u0633\u0648\u0644\u062c\u0627\u0631\u060c \u0645\u0627\u0646\u0648\u0643\u0627). \u062a\u0648\u0635\u064a\u0644 \u0633\u0631\u064a\u0639 \u0625\u0644\u0649 \u062c\u0645\u064a\u0639 \u0623\u0646\u062d\u0627\u0621 \u0627\u0644\u0645\u063a\u0631\u0628.","publisher":{"@id":"https:\/\/vitablanca.ma\/#organization"},"alternateName":"VitaBlanca.ma","potentialAction":[{"@type":"SearchAction","target":{"@type":"EntryPoint","urlTemplate":"https:\/\/vitablanca.ma\/?s={search_term_string}"},"query-input":{"@type":"PropertyValueSpecification","valueRequired":true,"valueName":"search_term_string"}}],"inLanguage":"ar"},{"@type":"Organization","@id":"https:\/\/vitablanca.ma\/#organization","name":"\u0641\u064a\u062a\u0627\u0628\u0644\u0627\u0646\u0643\u0627","url":"https:\/\/vitablanca.ma\/","logo":{"@type":"ImageObject","inLanguage":"ar","@id":"https:\/\/vitablanca.ma\/#\/schema\/logo\/image\/","url":"https:\/\/vitablanca.ma\/wp-content\/uploads\/2025\/05\/cropped-vitablanca.png","contentUrl":"https:\/\/vitablanca.ma\/wp-content\/uploads\/2025\/05\/cropped-vitablanca.png","width":360,"height":67,"caption":"VitaBlanca"},"image":{"@id":"https:\/\/vitablanca.ma\/#\/schema\/logo\/image\/"},"sameAs":["https:\/\/www.facebook.com\/profile.php?id=61576678196717","https:\/\/www.tiktok.com\/@vitablanca.ma","https:\/\/www.instagram.com\/vitablanca.ma\/"]}]}},"jetpack_sharing_enabled":true,"_links":{"self":[{"href":"https:\/\/vitablanca.ma\/ar\/wp-json\/wp\/v2\/product\/21333","targetHints":{"allow":["GET"]}}],"collection":[{"href":"https:\/\/vitablanca.ma\/ar\/wp-json\/wp\/v2\/product"}],"about":[{"href":"https:\/\/vitablanca.ma\/ar\/wp-json\/wp\/v2\/types\/product"}],"wp:featuredmedia":[{"embeddable":true,"href":"https:\/\/vitablanca.ma\/ar\/wp-json\/wp\/v2\/media\/21332"}],"wp:attachment":[{"href":"https:\/\/vitablanca.ma\/ar\/wp-json\/wp\/v2\/media?parent=21333"}],"wp:term":[{"taxonomy":"product_brand","embeddable":true,"href":"https:\/\/vitablanca.ma\/ar\/wp-json\/wp\/v2\/product_brand?post=21333"},{"taxonomy":"product_cat","embeddable":true,"href":"https:\/\/vitablanca.ma\/ar\/wp-json\/wp\/v2\/product_cat?post=21333"},{"taxonomy":"product_tag","embeddable":true,"href":"https:\/\/vitablanca.ma\/ar\/wp-json\/wp\/v2\/product_tag?post=21333"}],"curies":[{"name":"wp","href":"https:\/\/api.w.org\/{rel}","templated":true}]}}