{"id":21329,"date":"2025-06-11T21:19:28","date_gmt":"2025-06-11T21:19:28","guid":{"rendered":"https:\/\/vitablanca.ma\/product\/placentor-masque-integral-anti-age-1-unite\/"},"modified":"2025-06-11T21:19:28","modified_gmt":"2025-06-11T21:19:28","slug":"placentor-masque-integral-anti-age-1-unite","status":"publish","type":"product","link":"https:\/\/vitablanca.ma\/ar\/product-2\/placentor-masque-integral-anti-age-1-unite\/","title":{"rendered":"Placentor Masque int\u00e9gral anti-\u00e2ge 1 Unit\u00e9"},"content":{"rendered":"<div data-mce-fragment=\"1\" class=\"col_prod_left\">\n<h2 data-mce-fragment=\"1\">Placentor Masque int\u00e9gral anti-\u00e2ge\u00a0<span data-mce-fragment=\"1\">\u0627\u0644\u0648\u062c\u0647 \u0648\u0627\u0644\u0631\u0642\u0628\u0629<\/span><br \/>\n<\/h2>\n<p data-mce-fragment=\"1\">SOINS ANTI-\u00c2GE ET SOINS PROFESSIONNELS \u00c0 DOMICILE<\/p>\n<div id=\"tabs-1\">\n<p>Le Masque int\u00e9gral anti-\u00e2ge est un masque tissu doux, pr\u00eat \u00e0 l\u2019emploi, imbib\u00e9 d\u2019un gel riche en actifs v\u00e9g\u00e9taux aux propri\u00e9t\u00e9s anti-\u00e2ge.<\/p>\n<p>En seulement 15 minutes, il offre \u00e0 la peau l\u2019\u00e9quivalent d\u2019un flacon de 35ml de s\u00e9rum anti-\u00e2ge concentr\u00e9.\u00a0<\/p>\n<h3>\u062a\u0639\u0644\u064a\u0645\u0627\u062a \u0627\u0644\u0627\u0633\u062a\u062e\u062f\u0627\u0645<br \/>\n<\/h3>\n<p><strong>\u0641\u064a \u0627\u0644\u0639\u0644\u0627\u062c:<\/strong><span>\u00a0appliquer le masque 1 fois par semaine pendant 3 semaines. Prolonger la cure de<\/span><br \/><span>3 semaines suppl\u00e9mentaires, si n\u00e9cessaire.<\/span><br \/><strong>\u0641\u064a \u0627\u0644\u0645\u0642\u0627\u0628\u0644\u0629:<\/strong><span>\u00a0un masque par mois tout au long de l\u2019ann\u00e9e.<\/span><br \/><strong>Ponctuellement :<\/strong><span>\u00a0pour un effet coup d\u2019\u00e9clat imm\u00e9diat<\/span><\/p>\n<h3>\n<span>\u0645\u0643\u0648\u0646\u0627\u062a\u00a0<\/span>\u00a0<\/h3>\n<div id=\"tabs-3\" class=\"hidescale make_transist showscale\">\n<p>INGREDIENTS (INCI): AQUA*, HYDROLYZED SOY PROTEIN*, HYDROLYZED COLLAGEN, BUTYROSPERMUM PARKII OIL*, CHENOPODIUM QUINOA SEED EXTRACT*, FAGUS SYLVATICA BUD EXTRACT*, BIOSACCHARIDE GUM-1*, CARBOMER, SODIUM LEVULI NATE*, GLYCERIN*, GLYCERYL CAPRYLATE*, GLYCINE SOJA OIL*,TOCOPHEROL*, SODIUM AN ISATE*, PARFUM, BENZYL ALCOHOL, CHLORPHENESIN, DEHYDROACETIC ACID, PHENOXYETHANOL, BENZOIC ACID, SORBIC ACID, SODIUM HYDROXIDE.<\/p>\n<\/div>\n<\/div>\n<\/div>","protected":false},"excerpt":{"rendered":"<p>Placentor Masque int\u00e9gral anti-\u00e2ge\u00a0Visage et cou SOINS ANTI-\u00c2GE ET SOINS PROFESSIONNELS \u00c0 DOMICILE Le Masque int\u00e9gral anti-\u00e2ge est un masque tissu doux, pr\u00eat \u00e0 l\u2019emploi, imbib\u00e9 d\u2019un gel riche en actifs v\u00e9g\u00e9taux aux propri\u00e9t\u00e9s anti-\u00e2ge. En seulement 15 minutes, il offre \u00e0 la peau l\u2019\u00e9quivalent d\u2019un flacon de 35ml de s\u00e9rum anti-\u00e2ge concentr\u00e9.\u00a0 Mode D&#8217;emploi [&hellip;]<\/p>\n","protected":false},"featured_media":21328,"template":"","meta":{"om_disable_all_campaigns":false},"product_brand":[],"product_cat":[15],"product_tag":[],"class_list":{"0":"post-21329","1":"product","2":"type-product","3":"status-publish","4":"has-post-thumbnail","6":"product_cat-beaute-sante-complements-alimentaires-soins-et-bien-etre-au-meilleur-prix","8":"first","9":"instock","10":"sale","11":"taxable","12":"shipping-taxable","13":"purchasable","14":"product-type-simple"},"yoast_head":"<!-- This site is optimized with the Yoast SEO plugin v27.3 - https:\/\/yoast.com\/product\/yoast-seo-wordpress\/ -->\n<title>Placentor Masque int\u00e9gral anti-\u00e2ge 1 Unit\u00e9 - Maroc Prix<\/title>\n<meta name=\"description\" content=\"Placentor Masque int\u00e9gral anti-\u00e2ge 1 Unit\u00e9\" \/>\n<meta name=\"robots\" content=\"index, follow, max-snippet:-1, max-image-preview:large, max-video-preview:-1\" \/>\n<link rel=\"canonical\" href=\"https:\/\/vitablanca.ma\/ar\/product-2\/placentor-masque-integral-anti-age-1-unite\/\" \/>\n<meta property=\"og:locale\" content=\"ar_AR\" \/>\n<meta property=\"og:type\" content=\"article\" \/>\n<meta property=\"og:title\" content=\"Placentor Masque int\u00e9gral anti-\u00e2ge 1 Unit\u00e9 - Maroc Prix\" \/>\n<meta property=\"og:description\" content=\"Placentor Masque int\u00e9gral anti-\u00e2ge 1 Unit\u00e9\" \/>\n<meta property=\"og:url\" content=\"https:\/\/vitablanca.ma\/ar\/product-2\/placentor-masque-integral-anti-age-1-unite\/\" \/>\n<meta property=\"og:site_name\" content=\"Vitablanca.ma &ndash; Sant&eacute;, vitalit&eacute; et bien-&ecirc;tre pour tous les Marocains\" \/>\n<meta property=\"article:publisher\" content=\"https:\/\/www.facebook.com\/profile.php?id=61576678196717\" \/>\n<meta property=\"og:image\" content=\"https:\/\/vitablanca.ma\/wp-content\/uploads\/2025\/06\/Placentor-Masque-integral-anti-age-1-Unite-nova-parapharmacie-maroc.jpg\" \/>\n\t<meta property=\"og:image:width\" content=\"1000\" \/>\n\t<meta property=\"og:image:height\" content=\"1000\" \/>\n\t<meta property=\"og:image:type\" content=\"image\/jpeg\" \/>\n<meta name=\"twitter:card\" content=\"summary_large_image\" \/>\n<meta name=\"twitter:label1\" content=\"\u0648\u0642\u062a \u0627\u0644\u0642\u0631\u0627\u0621\u0629 \u0627\u0644\u0645\u064f\u0642\u062f\u0651\u0631\" \/>\n\t<meta name=\"twitter:data1\" content=\"\u062f\u0642\u064a\u0642\u0629 \u0648\u0627\u062d\u062f\u0629\" \/>\n<script type=\"application\/ld+json\" class=\"yoast-schema-graph\">{\"@context\":\"https:\\\/\\\/schema.org\",\"@graph\":[{\"@type\":[\"WebPage\",\"ItemPage\"],\"@id\":\"https:\\\/\\\/vitablanca.ma\\\/produit\\\/placentor-masque-integral-anti-age-1-unite\\\/\",\"url\":\"https:\\\/\\\/vitablanca.ma\\\/produit\\\/placentor-masque-integral-anti-age-1-unite\\\/\",\"name\":\"Placentor Masque int\u00e9gral anti-\u00e2ge 1 Unit\u00e9 - Maroc Prix\",\"isPartOf\":{\"@id\":\"https:\\\/\\\/vitablanca.ma\\\/#website\"},\"primaryImageOfPage\":{\"@id\":\"https:\\\/\\\/vitablanca.ma\\\/produit\\\/placentor-masque-integral-anti-age-1-unite\\\/#primaryimage\"},\"image\":{\"@id\":\"https:\\\/\\\/vitablanca.ma\\\/produit\\\/placentor-masque-integral-anti-age-1-unite\\\/#primaryimage\"},\"thumbnailUrl\":\"https:\\\/\\\/vitablanca.ma\\\/wp-content\\\/uploads\\\/2025\\\/06\\\/Placentor-Masque-integral-anti-age-1-Unite-nova-parapharmacie-maroc.jpg\",\"datePublished\":\"2025-06-11T21:19:28+00:00\",\"description\":\"Placentor Masque int\u00e9gral anti-\u00e2ge 1 Unit\u00e9\",\"breadcrumb\":{\"@id\":\"https:\\\/\\\/vitablanca.ma\\\/produit\\\/placentor-masque-integral-anti-age-1-unite\\\/#breadcrumb\"},\"inLanguage\":\"ar\",\"potentialAction\":[{\"@type\":\"ReadAction\",\"target\":[\"https:\\\/\\\/vitablanca.ma\\\/produit\\\/placentor-masque-integral-anti-age-1-unite\\\/\"]}]},{\"@type\":\"ImageObject\",\"inLanguage\":\"ar\",\"@id\":\"https:\\\/\\\/vitablanca.ma\\\/produit\\\/placentor-masque-integral-anti-age-1-unite\\\/#primaryimage\",\"url\":\"https:\\\/\\\/vitablanca.ma\\\/wp-content\\\/uploads\\\/2025\\\/06\\\/Placentor-Masque-integral-anti-age-1-Unite-nova-parapharmacie-maroc.jpg\",\"contentUrl\":\"https:\\\/\\\/vitablanca.ma\\\/wp-content\\\/uploads\\\/2025\\\/06\\\/Placentor-Masque-integral-anti-age-1-Unite-nova-parapharmacie-maroc.jpg\",\"width\":1000,\"height\":1000},{\"@type\":\"BreadcrumbList\",\"@id\":\"https:\\\/\\\/vitablanca.ma\\\/produit\\\/placentor-masque-integral-anti-age-1-unite\\\/#breadcrumb\",\"itemListElement\":[{\"@type\":\"ListItem\",\"position\":1,\"name\":\"Home\",\"item\":\"https:\\\/\\\/vitablanca.ma\\\/\"},{\"@type\":\"ListItem\",\"position\":2,\"name\":\"Tous Les Produits\",\"item\":\"https:\\\/\\\/vitablanca.ma\\\/tous-les-produits\\\/\"},{\"@type\":\"ListItem\",\"position\":3,\"name\":\"Placentor Masque int\u00e9gral anti-\u00e2ge 1 Unit\u00e9\"}]},{\"@type\":\"WebSite\",\"@id\":\"https:\\\/\\\/vitablanca.ma\\\/#website\",\"url\":\"https:\\\/\\\/vitablanca.ma\\\/\",\"name\":\"VitaBlanca.ma | Compl\u00e9ments alimentaires, sant\u00e9 & beaut\u00e9 au Maroc\",\"description\":\"vendre vitamines et compl\u00e9ments premium des USA &amp; Canada, Nouvelle Z\u00e9lande,Maroc (NOW Foods, Solgar, Manuka). Livraison rapide partout au Maroc.\",\"publisher\":{\"@id\":\"https:\\\/\\\/vitablanca.ma\\\/#organization\"},\"alternateName\":\"VitaBlanca.ma\",\"potentialAction\":[{\"@type\":\"SearchAction\",\"target\":{\"@type\":\"EntryPoint\",\"urlTemplate\":\"https:\\\/\\\/vitablanca.ma\\\/?s={search_term_string}\"},\"query-input\":{\"@type\":\"PropertyValueSpecification\",\"valueRequired\":true,\"valueName\":\"search_term_string\"}}],\"inLanguage\":\"ar\"},{\"@type\":\"Organization\",\"@id\":\"https:\\\/\\\/vitablanca.ma\\\/#organization\",\"name\":\"VitaBlanca\",\"url\":\"https:\\\/\\\/vitablanca.ma\\\/\",\"logo\":{\"@type\":\"ImageObject\",\"inLanguage\":\"ar\",\"@id\":\"https:\\\/\\\/vitablanca.ma\\\/#\\\/schema\\\/logo\\\/image\\\/\",\"url\":\"https:\\\/\\\/vitablanca.ma\\\/wp-content\\\/uploads\\\/2025\\\/05\\\/cropped-vitablanca.png\",\"contentUrl\":\"https:\\\/\\\/vitablanca.ma\\\/wp-content\\\/uploads\\\/2025\\\/05\\\/cropped-vitablanca.png\",\"width\":360,\"height\":67,\"caption\":\"VitaBlanca\"},\"image\":{\"@id\":\"https:\\\/\\\/vitablanca.ma\\\/#\\\/schema\\\/logo\\\/image\\\/\"},\"sameAs\":[\"https:\\\/\\\/www.facebook.com\\\/profile.php?id=61576678196717\",\"https:\\\/\\\/www.tiktok.com\\\/@vitablanca.ma\",\"https:\\\/\\\/www.instagram.com\\\/vitablanca.ma\\\/\"]}]}<\/script>\n<!-- \/ Yoast SEO plugin. -->","yoast_head_json":{"title":"Placentor Masque int\u00e9gral anti-\u00e2ge 1 Unit\u00e9 - Maroc Prix","description":"Placentor Masque int\u00e9gral anti-\u00e2ge 1 Unit\u00e9","robots":{"index":"index","follow":"follow","max-snippet":"max-snippet:-1","max-image-preview":"max-image-preview:large","max-video-preview":"max-video-preview:-1"},"canonical":"https:\/\/vitablanca.ma\/ar\/product-2\/placentor-masque-integral-anti-age-1-unite\/","og_locale":"ar_AR","og_type":"article","og_title":"Placentor Masque int\u00e9gral anti-\u00e2ge 1 Unit\u00e9 - Maroc Prix","og_description":"Placentor Masque int\u00e9gral anti-\u00e2ge 1 Unit\u00e9","og_url":"https:\/\/vitablanca.ma\/ar\/product-2\/placentor-masque-integral-anti-age-1-unite\/","og_site_name":"Vitablanca.ma &ndash; Sant&eacute;, vitalit&eacute; et bien-&ecirc;tre pour tous les Marocains","article_publisher":"https:\/\/www.facebook.com\/profile.php?id=61576678196717","og_image":[{"width":1000,"height":1000,"url":"https:\/\/vitablanca.ma\/wp-content\/uploads\/2025\/06\/Placentor-Masque-integral-anti-age-1-Unite-nova-parapharmacie-maroc.jpg","type":"image\/jpeg"}],"twitter_card":"summary_large_image","twitter_misc":{"\u0648\u0642\u062a \u0627\u0644\u0642\u0631\u0627\u0621\u0629 \u0627\u0644\u0645\u064f\u0642\u062f\u0651\u0631":"\u062f\u0642\u064a\u0642\u0629 \u0648\u0627\u062d\u062f\u0629"},"schema":{"@context":"https:\/\/schema.org","@graph":[{"@type":["WebPage","ItemPage"],"@id":"https:\/\/vitablanca.ma\/produit\/placentor-masque-integral-anti-age-1-unite\/","url":"https:\/\/vitablanca.ma\/produit\/placentor-masque-integral-anti-age-1-unite\/","name":"Placentor Masque int\u00e9gral anti-\u00e2ge 1 Unit\u00e9 - Maroc Prix","isPartOf":{"@id":"https:\/\/vitablanca.ma\/#website"},"primaryImageOfPage":{"@id":"https:\/\/vitablanca.ma\/produit\/placentor-masque-integral-anti-age-1-unite\/#primaryimage"},"image":{"@id":"https:\/\/vitablanca.ma\/produit\/placentor-masque-integral-anti-age-1-unite\/#primaryimage"},"thumbnailUrl":"https:\/\/vitablanca.ma\/wp-content\/uploads\/2025\/06\/Placentor-Masque-integral-anti-age-1-Unite-nova-parapharmacie-maroc.jpg","datePublished":"2025-06-11T21:19:28+00:00","description":"Placentor Masque int\u00e9gral anti-\u00e2ge 1 Unit\u00e9","breadcrumb":{"@id":"https:\/\/vitablanca.ma\/produit\/placentor-masque-integral-anti-age-1-unite\/#breadcrumb"},"inLanguage":"ar","potentialAction":[{"@type":"ReadAction","target":["https:\/\/vitablanca.ma\/produit\/placentor-masque-integral-anti-age-1-unite\/"]}]},{"@type":"ImageObject","inLanguage":"ar","@id":"https:\/\/vitablanca.ma\/produit\/placentor-masque-integral-anti-age-1-unite\/#primaryimage","url":"https:\/\/vitablanca.ma\/wp-content\/uploads\/2025\/06\/Placentor-Masque-integral-anti-age-1-Unite-nova-parapharmacie-maroc.jpg","contentUrl":"https:\/\/vitablanca.ma\/wp-content\/uploads\/2025\/06\/Placentor-Masque-integral-anti-age-1-Unite-nova-parapharmacie-maroc.jpg","width":1000,"height":1000},{"@type":"BreadcrumbList","@id":"https:\/\/vitablanca.ma\/produit\/placentor-masque-integral-anti-age-1-unite\/#breadcrumb","itemListElement":[{"@type":"ListItem","position":1,"name":"Home","item":"https:\/\/vitablanca.ma\/"},{"@type":"ListItem","position":2,"name":"Tous Les Produits","item":"https:\/\/vitablanca.ma\/tous-les-produits\/"},{"@type":"ListItem","position":3,"name":"Placentor Masque int\u00e9gral anti-\u00e2ge 1 Unit\u00e9"}]},{"@type":"WebSite","@id":"https:\/\/vitablanca.ma\/#website","url":"https:\/\/vitablanca.ma\/","name":"VitaBlanca.ma | \u0627\u0644\u0645\u0643\u0645\u0644\u0627\u062a \u0627\u0644\u063a\u0630\u0627\u0626\u064a\u0629\u060c \u0627\u0644\u0635\u062d\u0629 \u0648\u0627\u0644\u062c\u0645\u0627\u0644 \u0641\u064a \u0627\u0644\u0645\u063a\u0631\u0628","description":"\u0646\u0628\u064a\u0639 \u0641\u064a\u062a\u0627\u0645\u064a\u0646\u0627\u062a \u0648\u0645\u0643\u0645\u0644\u0627\u062a \u063a\u0630\u0627\u0626\u064a\u0629 \u0641\u0627\u062e\u0631\u0629 \u0645\u0646 \u0627\u0644\u0648\u0644\u0627\u064a\u0627\u062a \u0627\u0644\u0645\u062a\u062d\u062f\u0629 \u0627\u0644\u0623\u0645\u0631\u064a\u0643\u064a\u0629 \u0648\u0643\u0646\u062f\u0627 \u0648\u0646\u064a\u0648\u0632\u064a\u0644\u0646\u062f\u0627 \u0648\u0627\u0644\u0645\u063a\u0631\u0628 (\u0646\u0627\u0648 \u0641\u0648\u062f\u0632\u060c \u0633\u0648\u0644\u062c\u0627\u0631\u060c \u0645\u0627\u0646\u0648\u0643\u0627). \u062a\u0648\u0635\u064a\u0644 \u0633\u0631\u064a\u0639 \u0625\u0644\u0649 \u062c\u0645\u064a\u0639 \u0623\u0646\u062d\u0627\u0621 \u0627\u0644\u0645\u063a\u0631\u0628.","publisher":{"@id":"https:\/\/vitablanca.ma\/#organization"},"alternateName":"VitaBlanca.ma","potentialAction":[{"@type":"SearchAction","target":{"@type":"EntryPoint","urlTemplate":"https:\/\/vitablanca.ma\/?s={search_term_string}"},"query-input":{"@type":"PropertyValueSpecification","valueRequired":true,"valueName":"search_term_string"}}],"inLanguage":"ar"},{"@type":"Organization","@id":"https:\/\/vitablanca.ma\/#organization","name":"\u0641\u064a\u062a\u0627\u0628\u0644\u0627\u0646\u0643\u0627","url":"https:\/\/vitablanca.ma\/","logo":{"@type":"ImageObject","inLanguage":"ar","@id":"https:\/\/vitablanca.ma\/#\/schema\/logo\/image\/","url":"https:\/\/vitablanca.ma\/wp-content\/uploads\/2025\/05\/cropped-vitablanca.png","contentUrl":"https:\/\/vitablanca.ma\/wp-content\/uploads\/2025\/05\/cropped-vitablanca.png","width":360,"height":67,"caption":"VitaBlanca"},"image":{"@id":"https:\/\/vitablanca.ma\/#\/schema\/logo\/image\/"},"sameAs":["https:\/\/www.facebook.com\/profile.php?id=61576678196717","https:\/\/www.tiktok.com\/@vitablanca.ma","https:\/\/www.instagram.com\/vitablanca.ma\/"]}]}},"jetpack_sharing_enabled":true,"_links":{"self":[{"href":"https:\/\/vitablanca.ma\/ar\/wp-json\/wp\/v2\/product\/21329","targetHints":{"allow":["GET"]}}],"collection":[{"href":"https:\/\/vitablanca.ma\/ar\/wp-json\/wp\/v2\/product"}],"about":[{"href":"https:\/\/vitablanca.ma\/ar\/wp-json\/wp\/v2\/types\/product"}],"wp:featuredmedia":[{"embeddable":true,"href":"https:\/\/vitablanca.ma\/ar\/wp-json\/wp\/v2\/media\/21328"}],"wp:attachment":[{"href":"https:\/\/vitablanca.ma\/ar\/wp-json\/wp\/v2\/media?parent=21329"}],"wp:term":[{"taxonomy":"product_brand","embeddable":true,"href":"https:\/\/vitablanca.ma\/ar\/wp-json\/wp\/v2\/product_brand?post=21329"},{"taxonomy":"product_cat","embeddable":true,"href":"https:\/\/vitablanca.ma\/ar\/wp-json\/wp\/v2\/product_cat?post=21329"},{"taxonomy":"product_tag","embeddable":true,"href":"https:\/\/vitablanca.ma\/ar\/wp-json\/wp\/v2\/product_tag?post=21329"}],"curies":[{"name":"wp","href":"https:\/\/api.w.org\/{rel}","templated":true}]}}