{"id":21325,"date":"2025-06-11T21:19:24","date_gmt":"2025-06-11T21:19:24","guid":{"rendered":"https:\/\/vitablanca.ma\/product\/placentor-serum-eclat-anti-pollution-30ml\/"},"modified":"2025-06-11T21:19:24","modified_gmt":"2025-06-11T21:19:24","slug":"placentor-serum-eclat-anti-pollution-30ml","status":"publish","type":"product","link":"https:\/\/vitablanca.ma\/ar\/product-2\/placentor-serum-eclat-anti-pollution-30ml\/","title":{"rendered":"\u0633\u064a\u0631\u0648\u0645 \u0628\u0644\u0627\u0633\u064a\u0646\u062a\u0648\u0631 \u0627\u0644\u0645\u0636\u0627\u062f \u0644\u0644\u062a\u0644\u0648\u062b \u0648\u0627\u0644\u0645\u0634\u0631\u0642 30 \u0645\u0644"},"content":{"rendered":"<div class=\"col_prod_left\" data-mce-fragment=\"1\">\n<h3 data-mce-fragment=\"1\">Placentor S\u00e9rum \u00c9clat Anti-pollution Visage et cou<\/h3>\n<div id=\"tabs-1\">\n<p>Soin multi-fonctions, ce s\u00e9rum jour\/nuit prot\u00e8ge et r\u00e9pare des<\/p>\n<p>principaux d\u00e9g\u00e2ts caus\u00e9s par la pollution urbaine et domestique : manque<br \/>d\u2019\u00e9clat, signes de fatigue, d\u00e9shydratation, vieillissement pr\u00e9matur\u00e9.<\/p>\n<h3>\u0646\u062a\u0627\u0626\u062c\u00a0<\/h3>\n<div class=\"make_transist hidescale\" id=\"tabs-1\">\n<p>D\u00e8s la 1\u00e8re application, le s\u00e9rum \u00e9clat anti-pollution limite l\u2019adh\u00e9sion<br \/>de la pollution et facilite son \u00e9limination.<\/p>\n<\/div>\n<div class=\"hidescale make_transist showscale\" id=\"tabs-2\">\n<p><strong>UNE EFFICACIT\u00c9 CLINIQUEMENT PROUV\u00c9E<\/strong><\/p>\n<ul>\n<li>Effet bouclier quasi-total :<span>\u00a0<\/span><strong>+96%<span>\u00a0<\/span><\/strong>de protection\u00a0<\/li>\n<li>Anti-pollution :<span>\u00a0<\/span><strong>+ 99%<span>\u00a0<\/span><\/strong>de particules fines \u00e9limin\u00e9es<\/li>\n<li>Anti-d\u00e9shydratation :<span>\u00a0<\/span><strong>+183%<span>\u00a0<\/span><\/strong>de capteurs d\u2019eau dans la peau\u00a0<\/li>\n<li>Effet lissant apr\u00e8s 1h :<span>\u00a0<\/span><strong>-25,8%<span>\u00a0<\/span><\/strong>du volume de la ride principale\u00a0<\/li>\n<li>Effet protecteur mesur\u00e9 sur 20 volontaires du Pollustop\u00ae contre l\u2019adh\u00e9sion des m\u00e9taux lourds versus Placebo (plomb)<\/li>\n<li>Mesure instrumentale sur 11 volontaires ayant appliqu\u00e9 le s\u00e9rum : \u00e9limination des microparticules de carbone apr\u00e8s rin\u00e7age<\/li>\n<li>Test in vitro, effet des sucres v\u00e9g\u00e9taux sur la chondro\u00eftine sulfate mol\u00e9cules retenant l\u2019eau dans le derme<\/li>\n<li>Mesure instrumentale sur 23 volontaires du macro-relief de la patte d\u2019oie 1h apr\u00e8s l\u2019application du jus de Sorgho<\/li>\n<\/ul>\n<h3>\u062a\u0639\u0644\u064a\u0645\u0627\u062a \u0627\u0644\u0627\u0633\u062a\u062e\u062f\u0627\u0645<\/h3>\n<div id=\"tabs\">\n<div id=\"tabs_container\" class=\"transition\">\n<div id=\"tabs-5\" class=\"hidescale make_transist showscale\">\n<ul>\n<li>Appliquer matin et soir sur le visage et<\/li>\n<li>le contour des yeux, de pr\u00e9f\u00e9rence sous votre soin quotidien<\/li>\n<li>Placentor V\u00e9g\u00e9tal. Usage externe.<\/li>\n<\/ul>\n<\/div>\n<\/div>\n<\/div>\n<\/div>\n<\/div>\n<\/div>\n<div class=\"col_prod_right\" data-mce-fragment=\"1\"><\/div>","protected":false},"excerpt":{"rendered":"<p>Placentor S\u00e9rum \u00c9clat Anti-pollution Visage et cou Soin multi-fonctions, ce s\u00e9rum jour\/nuit prot\u00e8ge et r\u00e9pare des principaux d\u00e9g\u00e2ts caus\u00e9s par la pollution urbaine et domestique : manqued\u2019\u00e9clat, signes de fatigue, d\u00e9shydratation, vieillissement pr\u00e9matur\u00e9. R\u00c9SULTATS\u00a0 D\u00e8s la 1\u00e8re application, le s\u00e9rum \u00e9clat anti-pollution limite l\u2019adh\u00e9sionde la pollution et facilite son \u00e9limination. UNE EFFICACIT\u00c9 CLINIQUEMENT PROUV\u00c9E Effet [&hellip;]<\/p>\n","protected":false},"featured_media":21324,"template":"","meta":{"om_disable_all_campaigns":false},"product_brand":[],"product_cat":[15],"product_tag":[],"class_list":{"0":"post-21325","1":"product","2":"type-product","3":"status-publish","4":"has-post-thumbnail","6":"product_cat-beaute-sante-complements-alimentaires-soins-et-bien-etre-au-meilleur-prix","8":"first","9":"instock","10":"sale","11":"taxable","12":"shipping-taxable","13":"purchasable","14":"product-type-simple"},"yoast_head":"<!-- This site is optimized with the Yoast SEO plugin v27.3 - https:\/\/yoast.com\/product\/yoast-seo-wordpress\/ -->\n<title>Placentor S\u00e9rum \u00c9clat Anti-pollution 30ml - Maroc Prix<\/title>\n<meta name=\"description\" content=\"Placentor S\u00e9rum \u00c9clat Anti-pollution 30ml\" \/>\n<meta name=\"robots\" content=\"index, follow, max-snippet:-1, max-image-preview:large, max-video-preview:-1\" \/>\n<link rel=\"canonical\" href=\"https:\/\/vitablanca.ma\/ar\/product-2\/placentor-serum-eclat-anti-pollution-30ml\/\" \/>\n<meta property=\"og:locale\" content=\"ar_AR\" \/>\n<meta property=\"og:type\" content=\"article\" \/>\n<meta property=\"og:title\" content=\"Placentor S\u00e9rum \u00c9clat Anti-pollution 30ml - Maroc Prix\" \/>\n<meta property=\"og:description\" content=\"Placentor S\u00e9rum \u00c9clat Anti-pollution 30ml\" \/>\n<meta property=\"og:url\" content=\"https:\/\/vitablanca.ma\/ar\/product-2\/placentor-serum-eclat-anti-pollution-30ml\/\" \/>\n<meta property=\"og:site_name\" content=\"Vitablanca.ma &ndash; Sant&eacute;, vitalit&eacute; et bien-&ecirc;tre pour tous les Marocains\" \/>\n<meta property=\"article:publisher\" content=\"https:\/\/www.facebook.com\/profile.php?id=61576678196717\" \/>\n<meta property=\"og:image\" content=\"https:\/\/vitablanca.ma\/wp-content\/uploads\/2025\/06\/Placentor-Serum-Eclat-Anti-pollution-30ml-nova-parapharmacie-maroc.jpg\" \/>\n\t<meta property=\"og:image:width\" content=\"1000\" \/>\n\t<meta property=\"og:image:height\" content=\"1000\" \/>\n\t<meta property=\"og:image:type\" content=\"image\/jpeg\" \/>\n<meta name=\"twitter:card\" content=\"summary_large_image\" \/>\n<meta name=\"twitter:label1\" content=\"\u0648\u0642\u062a \u0627\u0644\u0642\u0631\u0627\u0621\u0629 \u0627\u0644\u0645\u064f\u0642\u062f\u0651\u0631\" \/>\n\t<meta name=\"twitter:data1\" content=\"\u062f\u0642\u064a\u0642\u0629 \u0648\u0627\u062d\u062f\u0629\" \/>\n<script type=\"application\/ld+json\" class=\"yoast-schema-graph\">{\"@context\":\"https:\\\/\\\/schema.org\",\"@graph\":[{\"@type\":[\"WebPage\",\"ItemPage\"],\"@id\":\"https:\\\/\\\/vitablanca.ma\\\/produit\\\/placentor-serum-eclat-anti-pollution-30ml\\\/\",\"url\":\"https:\\\/\\\/vitablanca.ma\\\/produit\\\/placentor-serum-eclat-anti-pollution-30ml\\\/\",\"name\":\"Placentor S\u00e9rum \u00c9clat Anti-pollution 30ml - Maroc Prix\",\"isPartOf\":{\"@id\":\"https:\\\/\\\/vitablanca.ma\\\/#website\"},\"primaryImageOfPage\":{\"@id\":\"https:\\\/\\\/vitablanca.ma\\\/produit\\\/placentor-serum-eclat-anti-pollution-30ml\\\/#primaryimage\"},\"image\":{\"@id\":\"https:\\\/\\\/vitablanca.ma\\\/produit\\\/placentor-serum-eclat-anti-pollution-30ml\\\/#primaryimage\"},\"thumbnailUrl\":\"https:\\\/\\\/vitablanca.ma\\\/wp-content\\\/uploads\\\/2025\\\/06\\\/Placentor-Serum-Eclat-Anti-pollution-30ml-nova-parapharmacie-maroc.jpg\",\"datePublished\":\"2025-06-11T21:19:24+00:00\",\"description\":\"Placentor S\u00e9rum \u00c9clat Anti-pollution 30ml\",\"breadcrumb\":{\"@id\":\"https:\\\/\\\/vitablanca.ma\\\/produit\\\/placentor-serum-eclat-anti-pollution-30ml\\\/#breadcrumb\"},\"inLanguage\":\"ar\",\"potentialAction\":[{\"@type\":\"ReadAction\",\"target\":[\"https:\\\/\\\/vitablanca.ma\\\/produit\\\/placentor-serum-eclat-anti-pollution-30ml\\\/\"]}]},{\"@type\":\"ImageObject\",\"inLanguage\":\"ar\",\"@id\":\"https:\\\/\\\/vitablanca.ma\\\/produit\\\/placentor-serum-eclat-anti-pollution-30ml\\\/#primaryimage\",\"url\":\"https:\\\/\\\/vitablanca.ma\\\/wp-content\\\/uploads\\\/2025\\\/06\\\/Placentor-Serum-Eclat-Anti-pollution-30ml-nova-parapharmacie-maroc.jpg\",\"contentUrl\":\"https:\\\/\\\/vitablanca.ma\\\/wp-content\\\/uploads\\\/2025\\\/06\\\/Placentor-Serum-Eclat-Anti-pollution-30ml-nova-parapharmacie-maroc.jpg\",\"width\":1000,\"height\":1000},{\"@type\":\"BreadcrumbList\",\"@id\":\"https:\\\/\\\/vitablanca.ma\\\/produit\\\/placentor-serum-eclat-anti-pollution-30ml\\\/#breadcrumb\",\"itemListElement\":[{\"@type\":\"ListItem\",\"position\":1,\"name\":\"Home\",\"item\":\"https:\\\/\\\/vitablanca.ma\\\/\"},{\"@type\":\"ListItem\",\"position\":2,\"name\":\"Tous Les Produits\",\"item\":\"https:\\\/\\\/vitablanca.ma\\\/tous-les-produits\\\/\"},{\"@type\":\"ListItem\",\"position\":3,\"name\":\"Placentor S\u00e9rum \u00c9clat Anti-pollution 30ml\"}]},{\"@type\":\"WebSite\",\"@id\":\"https:\\\/\\\/vitablanca.ma\\\/#website\",\"url\":\"https:\\\/\\\/vitablanca.ma\\\/\",\"name\":\"VitaBlanca.ma | Compl\u00e9ments alimentaires, sant\u00e9 & beaut\u00e9 au Maroc\",\"description\":\"vendre vitamines et compl\u00e9ments premium des USA &amp; Canada, Nouvelle Z\u00e9lande,Maroc (NOW Foods, Solgar, Manuka). Livraison rapide partout au Maroc.\",\"publisher\":{\"@id\":\"https:\\\/\\\/vitablanca.ma\\\/#organization\"},\"alternateName\":\"VitaBlanca.ma\",\"potentialAction\":[{\"@type\":\"SearchAction\",\"target\":{\"@type\":\"EntryPoint\",\"urlTemplate\":\"https:\\\/\\\/vitablanca.ma\\\/?s={search_term_string}\"},\"query-input\":{\"@type\":\"PropertyValueSpecification\",\"valueRequired\":true,\"valueName\":\"search_term_string\"}}],\"inLanguage\":\"ar\"},{\"@type\":\"Organization\",\"@id\":\"https:\\\/\\\/vitablanca.ma\\\/#organization\",\"name\":\"VitaBlanca\",\"url\":\"https:\\\/\\\/vitablanca.ma\\\/\",\"logo\":{\"@type\":\"ImageObject\",\"inLanguage\":\"ar\",\"@id\":\"https:\\\/\\\/vitablanca.ma\\\/#\\\/schema\\\/logo\\\/image\\\/\",\"url\":\"https:\\\/\\\/vitablanca.ma\\\/wp-content\\\/uploads\\\/2025\\\/05\\\/cropped-vitablanca.png\",\"contentUrl\":\"https:\\\/\\\/vitablanca.ma\\\/wp-content\\\/uploads\\\/2025\\\/05\\\/cropped-vitablanca.png\",\"width\":360,\"height\":67,\"caption\":\"VitaBlanca\"},\"image\":{\"@id\":\"https:\\\/\\\/vitablanca.ma\\\/#\\\/schema\\\/logo\\\/image\\\/\"},\"sameAs\":[\"https:\\\/\\\/www.facebook.com\\\/profile.php?id=61576678196717\",\"https:\\\/\\\/www.tiktok.com\\\/@vitablanca.ma\",\"https:\\\/\\\/www.instagram.com\\\/vitablanca.ma\\\/\"]}]}<\/script>\n<!-- \/ Yoast SEO plugin. -->","yoast_head_json":{"title":"Placentor S\u00e9rum \u00c9clat Anti-pollution 30ml - Maroc Prix","description":"\u0633\u064a\u0631\u0648\u0645 \u0628\u0644\u0627\u0633\u064a\u0646\u062a\u0648\u0631 \u0627\u0644\u0645\u0636\u0627\u062f \u0644\u0644\u062a\u0644\u0648\u062b \u0648\u0627\u0644\u0645\u0634\u0631\u0642 30 \u0645\u0644","robots":{"index":"index","follow":"follow","max-snippet":"max-snippet:-1","max-image-preview":"max-image-preview:large","max-video-preview":"max-video-preview:-1"},"canonical":"https:\/\/vitablanca.ma\/ar\/product-2\/placentor-serum-eclat-anti-pollution-30ml\/","og_locale":"ar_AR","og_type":"article","og_title":"Placentor S\u00e9rum \u00c9clat Anti-pollution 30ml - Maroc Prix","og_description":"Placentor S\u00e9rum \u00c9clat Anti-pollution 30ml","og_url":"https:\/\/vitablanca.ma\/ar\/product-2\/placentor-serum-eclat-anti-pollution-30ml\/","og_site_name":"Vitablanca.ma &ndash; Sant&eacute;, vitalit&eacute; et bien-&ecirc;tre pour tous les Marocains","article_publisher":"https:\/\/www.facebook.com\/profile.php?id=61576678196717","og_image":[{"width":1000,"height":1000,"url":"https:\/\/vitablanca.ma\/wp-content\/uploads\/2025\/06\/Placentor-Serum-Eclat-Anti-pollution-30ml-nova-parapharmacie-maroc.jpg","type":"image\/jpeg"}],"twitter_card":"summary_large_image","twitter_misc":{"\u0648\u0642\u062a \u0627\u0644\u0642\u0631\u0627\u0621\u0629 \u0627\u0644\u0645\u064f\u0642\u062f\u0651\u0631":"\u062f\u0642\u064a\u0642\u0629 \u0648\u0627\u062d\u062f\u0629"},"schema":{"@context":"https:\/\/schema.org","@graph":[{"@type":["WebPage","ItemPage"],"@id":"https:\/\/vitablanca.ma\/produit\/placentor-serum-eclat-anti-pollution-30ml\/","url":"https:\/\/vitablanca.ma\/produit\/placentor-serum-eclat-anti-pollution-30ml\/","name":"Placentor S\u00e9rum \u00c9clat Anti-pollution 30ml - Maroc Prix","isPartOf":{"@id":"https:\/\/vitablanca.ma\/#website"},"primaryImageOfPage":{"@id":"https:\/\/vitablanca.ma\/produit\/placentor-serum-eclat-anti-pollution-30ml\/#primaryimage"},"image":{"@id":"https:\/\/vitablanca.ma\/produit\/placentor-serum-eclat-anti-pollution-30ml\/#primaryimage"},"thumbnailUrl":"https:\/\/vitablanca.ma\/wp-content\/uploads\/2025\/06\/Placentor-Serum-Eclat-Anti-pollution-30ml-nova-parapharmacie-maroc.jpg","datePublished":"2025-06-11T21:19:24+00:00","description":"\u0633\u064a\u0631\u0648\u0645 \u0628\u0644\u0627\u0633\u064a\u0646\u062a\u0648\u0631 \u0627\u0644\u0645\u0636\u0627\u062f \u0644\u0644\u062a\u0644\u0648\u062b \u0648\u0627\u0644\u0645\u0634\u0631\u0642 30 \u0645\u0644","breadcrumb":{"@id":"https:\/\/vitablanca.ma\/produit\/placentor-serum-eclat-anti-pollution-30ml\/#breadcrumb"},"inLanguage":"ar","potentialAction":[{"@type":"ReadAction","target":["https:\/\/vitablanca.ma\/produit\/placentor-serum-eclat-anti-pollution-30ml\/"]}]},{"@type":"ImageObject","inLanguage":"ar","@id":"https:\/\/vitablanca.ma\/produit\/placentor-serum-eclat-anti-pollution-30ml\/#primaryimage","url":"https:\/\/vitablanca.ma\/wp-content\/uploads\/2025\/06\/Placentor-Serum-Eclat-Anti-pollution-30ml-nova-parapharmacie-maroc.jpg","contentUrl":"https:\/\/vitablanca.ma\/wp-content\/uploads\/2025\/06\/Placentor-Serum-Eclat-Anti-pollution-30ml-nova-parapharmacie-maroc.jpg","width":1000,"height":1000},{"@type":"BreadcrumbList","@id":"https:\/\/vitablanca.ma\/produit\/placentor-serum-eclat-anti-pollution-30ml\/#breadcrumb","itemListElement":[{"@type":"ListItem","position":1,"name":"Home","item":"https:\/\/vitablanca.ma\/"},{"@type":"ListItem","position":2,"name":"Tous Les Produits","item":"https:\/\/vitablanca.ma\/tous-les-produits\/"},{"@type":"ListItem","position":3,"name":"Placentor S\u00e9rum \u00c9clat Anti-pollution 30ml"}]},{"@type":"WebSite","@id":"https:\/\/vitablanca.ma\/#website","url":"https:\/\/vitablanca.ma\/","name":"VitaBlanca.ma | \u0627\u0644\u0645\u0643\u0645\u0644\u0627\u062a \u0627\u0644\u063a\u0630\u0627\u0626\u064a\u0629\u060c \u0627\u0644\u0635\u062d\u0629 \u0648\u0627\u0644\u062c\u0645\u0627\u0644 \u0641\u064a \u0627\u0644\u0645\u063a\u0631\u0628","description":"\u0646\u0628\u064a\u0639 \u0641\u064a\u062a\u0627\u0645\u064a\u0646\u0627\u062a \u0648\u0645\u0643\u0645\u0644\u0627\u062a \u063a\u0630\u0627\u0626\u064a\u0629 \u0641\u0627\u062e\u0631\u0629 \u0645\u0646 \u0627\u0644\u0648\u0644\u0627\u064a\u0627\u062a \u0627\u0644\u0645\u062a\u062d\u062f\u0629 \u0627\u0644\u0623\u0645\u0631\u064a\u0643\u064a\u0629 \u0648\u0643\u0646\u062f\u0627 \u0648\u0646\u064a\u0648\u0632\u064a\u0644\u0646\u062f\u0627 \u0648\u0627\u0644\u0645\u063a\u0631\u0628 (\u0646\u0627\u0648 \u0641\u0648\u062f\u0632\u060c \u0633\u0648\u0644\u062c\u0627\u0631\u060c \u0645\u0627\u0646\u0648\u0643\u0627). \u062a\u0648\u0635\u064a\u0644 \u0633\u0631\u064a\u0639 \u0625\u0644\u0649 \u062c\u0645\u064a\u0639 \u0623\u0646\u062d\u0627\u0621 \u0627\u0644\u0645\u063a\u0631\u0628.","publisher":{"@id":"https:\/\/vitablanca.ma\/#organization"},"alternateName":"VitaBlanca.ma","potentialAction":[{"@type":"SearchAction","target":{"@type":"EntryPoint","urlTemplate":"https:\/\/vitablanca.ma\/?s={search_term_string}"},"query-input":{"@type":"PropertyValueSpecification","valueRequired":true,"valueName":"search_term_string"}}],"inLanguage":"ar"},{"@type":"Organization","@id":"https:\/\/vitablanca.ma\/#organization","name":"\u0641\u064a\u062a\u0627\u0628\u0644\u0627\u0646\u0643\u0627","url":"https:\/\/vitablanca.ma\/","logo":{"@type":"ImageObject","inLanguage":"ar","@id":"https:\/\/vitablanca.ma\/#\/schema\/logo\/image\/","url":"https:\/\/vitablanca.ma\/wp-content\/uploads\/2025\/05\/cropped-vitablanca.png","contentUrl":"https:\/\/vitablanca.ma\/wp-content\/uploads\/2025\/05\/cropped-vitablanca.png","width":360,"height":67,"caption":"VitaBlanca"},"image":{"@id":"https:\/\/vitablanca.ma\/#\/schema\/logo\/image\/"},"sameAs":["https:\/\/www.facebook.com\/profile.php?id=61576678196717","https:\/\/www.tiktok.com\/@vitablanca.ma","https:\/\/www.instagram.com\/vitablanca.ma\/"]}]}},"jetpack_sharing_enabled":true,"_links":{"self":[{"href":"https:\/\/vitablanca.ma\/ar\/wp-json\/wp\/v2\/product\/21325","targetHints":{"allow":["GET"]}}],"collection":[{"href":"https:\/\/vitablanca.ma\/ar\/wp-json\/wp\/v2\/product"}],"about":[{"href":"https:\/\/vitablanca.ma\/ar\/wp-json\/wp\/v2\/types\/product"}],"wp:featuredmedia":[{"embeddable":true,"href":"https:\/\/vitablanca.ma\/ar\/wp-json\/wp\/v2\/media\/21324"}],"wp:attachment":[{"href":"https:\/\/vitablanca.ma\/ar\/wp-json\/wp\/v2\/media?parent=21325"}],"wp:term":[{"taxonomy":"product_brand","embeddable":true,"href":"https:\/\/vitablanca.ma\/ar\/wp-json\/wp\/v2\/product_brand?post=21325"},{"taxonomy":"product_cat","embeddable":true,"href":"https:\/\/vitablanca.ma\/ar\/wp-json\/wp\/v2\/product_cat?post=21325"},{"taxonomy":"product_tag","embeddable":true,"href":"https:\/\/vitablanca.ma\/ar\/wp-json\/wp\/v2\/product_tag?post=21325"}],"curies":[{"name":"wp","href":"https:\/\/api.w.org\/{rel}","templated":true}]}}