{"id":21322,"date":"2025-06-11T21:19:20","date_gmt":"2025-06-11T21:19:20","guid":{"rendered":"https:\/\/vitablanca.ma\/product\/placentor-serum-regenerant-30ml\/"},"modified":"2025-06-11T21:19:20","modified_gmt":"2025-06-11T21:19:20","slug":"placentor-serum-regenerant-30ml","status":"publish","type":"product","link":"https:\/\/vitablanca.ma\/ar\/product-2\/placentor-serum-regenerant-30ml\/","title":{"rendered":"\u0633\u064a\u0631\u0648\u0645 \u0628\u0644\u0627\u0633\u064a\u0646\u062a\u0648\u0631 \u0627\u0644\u0645\u062c\u062f\u062f 30 \u0645\u0644"},"content":{"rendered":"<h2 data-mce-fragment=\"1\">Placentor S\u00e9rum r\u00e9g\u00e9n\u00e9rant, Soin Anti-\u00c2ge, Visage et contour des yeux<\/h2>\n<p>Le stress, la fatigue, le vieillissement conduisent \u00e0 une d\u00e9synchronisation de l\u2019horloge biologique cutan\u00e9e. Les m\u00e9canismes de protection (jour) et de r\u00e9paration (nuit) sont alt\u00e9r\u00e9s. R\u00e9sultats\u00a0: la peau devient d\u00e9shydrat\u00e9e, terne, elle manque de fermet\u00e9 et les rides se creusent.<\/p>\n<p>Ce s\u00e9rum r\u00e9g\u00e9n\u00e9rant apporte une r\u00e9ponse globale. Un actif innovant (racine de Lindera) resynchronise l\u2019horloge biologique cutan\u00e9e. Un complexe de 12 actifs (acide hyaluronique, collag\u00e8ne marin, dermo-tenseur v\u00e9g\u00e9tal) favorise la protection et la r\u00e9paration de la peau.<\/p>\n<p><strong>Jour apr\u00e8s jour\u00a0:<\/strong><span>\u00a0<\/span>la peau est hydrat\u00e9e durablement et prot\u00e9g\u00e9e.<br \/><strong>Nuit apr\u00e8s nuit\u00a0:<\/strong><span>\u00a0<\/span>les effets r\u00e9parateurs du sommeil sur la peau sont optimis\u00e9s et les signes de l\u2019\u00e2ge att\u00e9nu\u00e9s.<\/p>\n<p>\u0645\u0646\u0627\u0633\u0628 \u0644\u0644\u0628\u0634\u0631\u0629 \u0627\u0644\u062d\u0633\u0627\u0633\u0629<\/p>\n<h3>\u0646\u062a\u0627\u0626\u062c\u00a0<\/h3>\n<div id=\"tabs-2\" class=\"hidescale make_transist showscale\">\n<ul>\n<li>Apr\u00e8s 28 jours<span style=\"font-size: 11.6667px\" data-mce-style=\"font-size: 11.6667px;\"> <\/span>:<\/li>\n<li>\n<strong>92%<span>\u00a0<\/span><\/strong>: Qualit\u00e9 de la peau am\u00e9lior\u00e9e<\/li>\n<li>\n<strong>83%<span>\u00a0<\/span><\/strong>: Rides att\u00e9nu\u00e9es<\/li>\n<li>\n<strong>96%<span>\u00a0<\/span><\/strong>: Contours du visage redessin\u00e9s<\/li>\n<\/ul>\n<p>Test de satisfaction r\u00e9alis\u00e9 par un laboratoire ind\u00e9pendant sur 24 volontaires apr\u00e8s 28 jours d\u2019application bi-quotidienne<\/p>\n<h3>\u062a\u0639\u0644\u064a\u0645\u0627\u062a \u0627\u0644\u0627\u0633\u062a\u062e\u062f\u0627\u0645<\/h3>\n<div id=\"tabs\">\n<div id=\"tabs_container\" class=\"transition\">\n<div id=\"tabs-5\" class=\"hidescale make_transist showscale\">\n<p>Conseils d\u2019utilisation\u00a0: Appliquer matin et soir sur le visage et le contour des yeux, de pr\u00e9f\u00e9rence sous votre soin quotidien Placentor V\u00e9g\u00e9tal. Excellente base de maquillage. Usage externe.<\/p>\n<h3>\u0645\u0643\u0648\u0646\u0627\u062a\u00a0<\/h3>\n<p>Aqua, Glycerin**, Propanediol**, Hydrolyzed soy protein**, Butyrospermum parkii butter**, Hydrolyzed collagen, Fagus sylvatica bud extract**, Lindera strychnifolia root extract**, Sodium hyaluronate, Kigelia africana fruit extract**, Quillaja saponaria bark extract**, Citrullus lanatus seed oil**, Argania spinosa kernel oil**, Biosaccharide gum-1, Sodium levulinate**, Methyl methacrylate crosspolymer, Sodium polyacrylate, Glyceryl caprylate**, Helianthus annuus seed oil**, Tocopherol**, Ethylhexylglycerin, Parfum, Phenoxyethanol, Benzyl alcohol, Benzoic acid, Sorbic acid, Sodium anisate**, Benzyl salicylate, Linalool , Hexyl cinnamal, Alpha-isomethyl ionone, Hydroxycitronellal, Eugenol, Geraniol, Citronellol.<\/p>\n<\/div>\n<\/div>\n<\/div>\n<\/div>\n<div id=\"tabs-3\" class=\"hidescale make_transist\">\n<p>\u00a0<\/p>\n<\/div>\n<div id=\"tabs-4\" class=\"hidescale make_transist\"><\/div>","protected":false},"excerpt":{"rendered":"<p>Placentor S\u00e9rum r\u00e9g\u00e9n\u00e9rant, Soin Anti-\u00c2ge, Visage et contour des yeux Le stress, la fatigue, le vieillissement conduisent \u00e0 une d\u00e9synchronisation de l\u2019horloge biologique cutan\u00e9e. Les m\u00e9canismes de protection (jour) et de r\u00e9paration (nuit) sont alt\u00e9r\u00e9s. R\u00e9sultats\u00a0: la peau devient d\u00e9shydrat\u00e9e, terne, elle manque de fermet\u00e9 et les rides se creusent. Ce s\u00e9rum r\u00e9g\u00e9n\u00e9rant apporte une [&hellip;]<\/p>\n","protected":false},"featured_media":21320,"template":"","meta":{"om_disable_all_campaigns":false},"product_brand":[],"product_cat":[15],"product_tag":[],"class_list":{"0":"post-21322","1":"product","2":"type-product","3":"status-publish","4":"has-post-thumbnail","6":"product_cat-beaute-sante-complements-alimentaires-soins-et-bien-etre-au-meilleur-prix","8":"first","9":"instock","10":"sale","11":"taxable","12":"shipping-taxable","13":"purchasable","14":"product-type-simple"},"yoast_head":"<!-- This site is optimized with the Yoast SEO plugin v27.3 - https:\/\/yoast.com\/product\/yoast-seo-wordpress\/ -->\n<title>Placentor S\u00e9rum r\u00e9g\u00e9n\u00e9rant 30ml - Maroc Prix<\/title>\n<meta name=\"description\" content=\"Placentor S\u00e9rum r\u00e9g\u00e9n\u00e9rant 30ml\" \/>\n<meta name=\"robots\" content=\"index, follow, max-snippet:-1, max-image-preview:large, max-video-preview:-1\" \/>\n<link rel=\"canonical\" href=\"https:\/\/vitablanca.ma\/ar\/product-2\/placentor-serum-regenerant-30ml\/\" \/>\n<meta property=\"og:locale\" content=\"ar_AR\" \/>\n<meta property=\"og:type\" content=\"article\" \/>\n<meta property=\"og:title\" content=\"Placentor S\u00e9rum r\u00e9g\u00e9n\u00e9rant 30ml - Maroc Prix\" \/>\n<meta property=\"og:description\" content=\"Placentor S\u00e9rum r\u00e9g\u00e9n\u00e9rant 30ml\" \/>\n<meta property=\"og:url\" content=\"https:\/\/vitablanca.ma\/ar\/product-2\/placentor-serum-regenerant-30ml\/\" \/>\n<meta property=\"og:site_name\" content=\"Vitablanca.ma &ndash; Sant&eacute;, vitalit&eacute; et bien-&ecirc;tre pour tous les Marocains\" \/>\n<meta property=\"article:publisher\" content=\"https:\/\/www.facebook.com\/profile.php?id=61576678196717\" \/>\n<meta property=\"og:image\" content=\"https:\/\/vitablanca.ma\/wp-content\/uploads\/2025\/06\/Placentor-Serum-regenerant-30ml-nova-para-casablanca.jpg\" \/>\n\t<meta property=\"og:image:width\" content=\"1000\" \/>\n\t<meta property=\"og:image:height\" content=\"1000\" \/>\n\t<meta property=\"og:image:type\" content=\"image\/jpeg\" \/>\n<meta name=\"twitter:card\" content=\"summary_large_image\" \/>\n<meta name=\"twitter:label1\" content=\"\u0648\u0642\u062a \u0627\u0644\u0642\u0631\u0627\u0621\u0629 \u0627\u0644\u0645\u064f\u0642\u062f\u0651\u0631\" \/>\n\t<meta name=\"twitter:data1\" content=\"\u062f\u0642\u064a\u0642\u062a\u0627\u0646\" \/>\n<script type=\"application\/ld+json\" class=\"yoast-schema-graph\">{\"@context\":\"https:\\\/\\\/schema.org\",\"@graph\":[{\"@type\":[\"WebPage\",\"ItemPage\"],\"@id\":\"https:\\\/\\\/vitablanca.ma\\\/produit\\\/placentor-serum-regenerant-30ml\\\/\",\"url\":\"https:\\\/\\\/vitablanca.ma\\\/produit\\\/placentor-serum-regenerant-30ml\\\/\",\"name\":\"Placentor S\u00e9rum r\u00e9g\u00e9n\u00e9rant 30ml - Maroc Prix\",\"isPartOf\":{\"@id\":\"https:\\\/\\\/vitablanca.ma\\\/#website\"},\"primaryImageOfPage\":{\"@id\":\"https:\\\/\\\/vitablanca.ma\\\/produit\\\/placentor-serum-regenerant-30ml\\\/#primaryimage\"},\"image\":{\"@id\":\"https:\\\/\\\/vitablanca.ma\\\/produit\\\/placentor-serum-regenerant-30ml\\\/#primaryimage\"},\"thumbnailUrl\":\"https:\\\/\\\/vitablanca.ma\\\/wp-content\\\/uploads\\\/2025\\\/06\\\/Placentor-Serum-regenerant-30ml-nova-para-casablanca.jpg\",\"datePublished\":\"2025-06-11T21:19:20+00:00\",\"description\":\"Placentor S\u00e9rum r\u00e9g\u00e9n\u00e9rant 30ml\",\"breadcrumb\":{\"@id\":\"https:\\\/\\\/vitablanca.ma\\\/produit\\\/placentor-serum-regenerant-30ml\\\/#breadcrumb\"},\"inLanguage\":\"ar\",\"potentialAction\":[{\"@type\":\"ReadAction\",\"target\":[\"https:\\\/\\\/vitablanca.ma\\\/produit\\\/placentor-serum-regenerant-30ml\\\/\"]}]},{\"@type\":\"ImageObject\",\"inLanguage\":\"ar\",\"@id\":\"https:\\\/\\\/vitablanca.ma\\\/produit\\\/placentor-serum-regenerant-30ml\\\/#primaryimage\",\"url\":\"https:\\\/\\\/vitablanca.ma\\\/wp-content\\\/uploads\\\/2025\\\/06\\\/Placentor-Serum-regenerant-30ml-nova-para-casablanca.jpg\",\"contentUrl\":\"https:\\\/\\\/vitablanca.ma\\\/wp-content\\\/uploads\\\/2025\\\/06\\\/Placentor-Serum-regenerant-30ml-nova-para-casablanca.jpg\",\"width\":1000,\"height\":1000},{\"@type\":\"BreadcrumbList\",\"@id\":\"https:\\\/\\\/vitablanca.ma\\\/produit\\\/placentor-serum-regenerant-30ml\\\/#breadcrumb\",\"itemListElement\":[{\"@type\":\"ListItem\",\"position\":1,\"name\":\"Home\",\"item\":\"https:\\\/\\\/vitablanca.ma\\\/\"},{\"@type\":\"ListItem\",\"position\":2,\"name\":\"Tous Les Produits\",\"item\":\"https:\\\/\\\/vitablanca.ma\\\/tous-les-produits\\\/\"},{\"@type\":\"ListItem\",\"position\":3,\"name\":\"Placentor S\u00e9rum r\u00e9g\u00e9n\u00e9rant 30ml\"}]},{\"@type\":\"WebSite\",\"@id\":\"https:\\\/\\\/vitablanca.ma\\\/#website\",\"url\":\"https:\\\/\\\/vitablanca.ma\\\/\",\"name\":\"VitaBlanca.ma | Compl\u00e9ments alimentaires, sant\u00e9 & beaut\u00e9 au Maroc\",\"description\":\"vendre vitamines et compl\u00e9ments premium des USA &amp; Canada, Nouvelle Z\u00e9lande,Maroc (NOW Foods, Solgar, Manuka). Livraison rapide partout au Maroc.\",\"publisher\":{\"@id\":\"https:\\\/\\\/vitablanca.ma\\\/#organization\"},\"alternateName\":\"VitaBlanca.ma\",\"potentialAction\":[{\"@type\":\"SearchAction\",\"target\":{\"@type\":\"EntryPoint\",\"urlTemplate\":\"https:\\\/\\\/vitablanca.ma\\\/?s={search_term_string}\"},\"query-input\":{\"@type\":\"PropertyValueSpecification\",\"valueRequired\":true,\"valueName\":\"search_term_string\"}}],\"inLanguage\":\"ar\"},{\"@type\":\"Organization\",\"@id\":\"https:\\\/\\\/vitablanca.ma\\\/#organization\",\"name\":\"VitaBlanca\",\"url\":\"https:\\\/\\\/vitablanca.ma\\\/\",\"logo\":{\"@type\":\"ImageObject\",\"inLanguage\":\"ar\",\"@id\":\"https:\\\/\\\/vitablanca.ma\\\/#\\\/schema\\\/logo\\\/image\\\/\",\"url\":\"https:\\\/\\\/vitablanca.ma\\\/wp-content\\\/uploads\\\/2025\\\/05\\\/cropped-vitablanca.png\",\"contentUrl\":\"https:\\\/\\\/vitablanca.ma\\\/wp-content\\\/uploads\\\/2025\\\/05\\\/cropped-vitablanca.png\",\"width\":360,\"height\":67,\"caption\":\"VitaBlanca\"},\"image\":{\"@id\":\"https:\\\/\\\/vitablanca.ma\\\/#\\\/schema\\\/logo\\\/image\\\/\"},\"sameAs\":[\"https:\\\/\\\/www.facebook.com\\\/profile.php?id=61576678196717\",\"https:\\\/\\\/www.tiktok.com\\\/@vitablanca.ma\",\"https:\\\/\\\/www.instagram.com\\\/vitablanca.ma\\\/\"]}]}<\/script>\n<!-- \/ Yoast SEO plugin. -->","yoast_head_json":{"title":"Placentor S\u00e9rum r\u00e9g\u00e9n\u00e9rant 30ml - Maroc Prix","description":"\u0633\u064a\u0631\u0648\u0645 \u0628\u0644\u0627\u0633\u064a\u0646\u062a\u0648\u0631 \u0627\u0644\u0645\u062c\u062f\u062f 30 \u0645\u0644","robots":{"index":"index","follow":"follow","max-snippet":"max-snippet:-1","max-image-preview":"max-image-preview:large","max-video-preview":"max-video-preview:-1"},"canonical":"https:\/\/vitablanca.ma\/ar\/product-2\/placentor-serum-regenerant-30ml\/","og_locale":"ar_AR","og_type":"article","og_title":"Placentor S\u00e9rum r\u00e9g\u00e9n\u00e9rant 30ml - Maroc Prix","og_description":"Placentor S\u00e9rum r\u00e9g\u00e9n\u00e9rant 30ml","og_url":"https:\/\/vitablanca.ma\/ar\/product-2\/placentor-serum-regenerant-30ml\/","og_site_name":"Vitablanca.ma &ndash; Sant&eacute;, vitalit&eacute; et bien-&ecirc;tre pour tous les Marocains","article_publisher":"https:\/\/www.facebook.com\/profile.php?id=61576678196717","og_image":[{"width":1000,"height":1000,"url":"https:\/\/vitablanca.ma\/wp-content\/uploads\/2025\/06\/Placentor-Serum-regenerant-30ml-nova-para-casablanca.jpg","type":"image\/jpeg"}],"twitter_card":"summary_large_image","twitter_misc":{"\u0648\u0642\u062a \u0627\u0644\u0642\u0631\u0627\u0621\u0629 \u0627\u0644\u0645\u064f\u0642\u062f\u0651\u0631":"\u062f\u0642\u064a\u0642\u062a\u0627\u0646"},"schema":{"@context":"https:\/\/schema.org","@graph":[{"@type":["WebPage","ItemPage"],"@id":"https:\/\/vitablanca.ma\/produit\/placentor-serum-regenerant-30ml\/","url":"https:\/\/vitablanca.ma\/produit\/placentor-serum-regenerant-30ml\/","name":"Placentor S\u00e9rum r\u00e9g\u00e9n\u00e9rant 30ml - Maroc Prix","isPartOf":{"@id":"https:\/\/vitablanca.ma\/#website"},"primaryImageOfPage":{"@id":"https:\/\/vitablanca.ma\/produit\/placentor-serum-regenerant-30ml\/#primaryimage"},"image":{"@id":"https:\/\/vitablanca.ma\/produit\/placentor-serum-regenerant-30ml\/#primaryimage"},"thumbnailUrl":"https:\/\/vitablanca.ma\/wp-content\/uploads\/2025\/06\/Placentor-Serum-regenerant-30ml-nova-para-casablanca.jpg","datePublished":"2025-06-11T21:19:20+00:00","description":"\u0633\u064a\u0631\u0648\u0645 \u0628\u0644\u0627\u0633\u064a\u0646\u062a\u0648\u0631 \u0627\u0644\u0645\u062c\u062f\u062f 30 \u0645\u0644","breadcrumb":{"@id":"https:\/\/vitablanca.ma\/produit\/placentor-serum-regenerant-30ml\/#breadcrumb"},"inLanguage":"ar","potentialAction":[{"@type":"ReadAction","target":["https:\/\/vitablanca.ma\/produit\/placentor-serum-regenerant-30ml\/"]}]},{"@type":"ImageObject","inLanguage":"ar","@id":"https:\/\/vitablanca.ma\/produit\/placentor-serum-regenerant-30ml\/#primaryimage","url":"https:\/\/vitablanca.ma\/wp-content\/uploads\/2025\/06\/Placentor-Serum-regenerant-30ml-nova-para-casablanca.jpg","contentUrl":"https:\/\/vitablanca.ma\/wp-content\/uploads\/2025\/06\/Placentor-Serum-regenerant-30ml-nova-para-casablanca.jpg","width":1000,"height":1000},{"@type":"BreadcrumbList","@id":"https:\/\/vitablanca.ma\/produit\/placentor-serum-regenerant-30ml\/#breadcrumb","itemListElement":[{"@type":"ListItem","position":1,"name":"Home","item":"https:\/\/vitablanca.ma\/"},{"@type":"ListItem","position":2,"name":"Tous Les Produits","item":"https:\/\/vitablanca.ma\/tous-les-produits\/"},{"@type":"ListItem","position":3,"name":"Placentor S\u00e9rum r\u00e9g\u00e9n\u00e9rant 30ml"}]},{"@type":"WebSite","@id":"https:\/\/vitablanca.ma\/#website","url":"https:\/\/vitablanca.ma\/","name":"VitaBlanca.ma | \u0627\u0644\u0645\u0643\u0645\u0644\u0627\u062a \u0627\u0644\u063a\u0630\u0627\u0626\u064a\u0629\u060c \u0627\u0644\u0635\u062d\u0629 \u0648\u0627\u0644\u062c\u0645\u0627\u0644 \u0641\u064a \u0627\u0644\u0645\u063a\u0631\u0628","description":"\u0646\u0628\u064a\u0639 \u0641\u064a\u062a\u0627\u0645\u064a\u0646\u0627\u062a \u0648\u0645\u0643\u0645\u0644\u0627\u062a \u063a\u0630\u0627\u0626\u064a\u0629 \u0641\u0627\u062e\u0631\u0629 \u0645\u0646 \u0627\u0644\u0648\u0644\u0627\u064a\u0627\u062a \u0627\u0644\u0645\u062a\u062d\u062f\u0629 \u0627\u0644\u0623\u0645\u0631\u064a\u0643\u064a\u0629 \u0648\u0643\u0646\u062f\u0627 \u0648\u0646\u064a\u0648\u0632\u064a\u0644\u0646\u062f\u0627 \u0648\u0627\u0644\u0645\u063a\u0631\u0628 (\u0646\u0627\u0648 \u0641\u0648\u062f\u0632\u060c \u0633\u0648\u0644\u062c\u0627\u0631\u060c \u0645\u0627\u0646\u0648\u0643\u0627). \u062a\u0648\u0635\u064a\u0644 \u0633\u0631\u064a\u0639 \u0625\u0644\u0649 \u062c\u0645\u064a\u0639 \u0623\u0646\u062d\u0627\u0621 \u0627\u0644\u0645\u063a\u0631\u0628.","publisher":{"@id":"https:\/\/vitablanca.ma\/#organization"},"alternateName":"VitaBlanca.ma","potentialAction":[{"@type":"SearchAction","target":{"@type":"EntryPoint","urlTemplate":"https:\/\/vitablanca.ma\/?s={search_term_string}"},"query-input":{"@type":"PropertyValueSpecification","valueRequired":true,"valueName":"search_term_string"}}],"inLanguage":"ar"},{"@type":"Organization","@id":"https:\/\/vitablanca.ma\/#organization","name":"\u0641\u064a\u062a\u0627\u0628\u0644\u0627\u0646\u0643\u0627","url":"https:\/\/vitablanca.ma\/","logo":{"@type":"ImageObject","inLanguage":"ar","@id":"https:\/\/vitablanca.ma\/#\/schema\/logo\/image\/","url":"https:\/\/vitablanca.ma\/wp-content\/uploads\/2025\/05\/cropped-vitablanca.png","contentUrl":"https:\/\/vitablanca.ma\/wp-content\/uploads\/2025\/05\/cropped-vitablanca.png","width":360,"height":67,"caption":"VitaBlanca"},"image":{"@id":"https:\/\/vitablanca.ma\/#\/schema\/logo\/image\/"},"sameAs":["https:\/\/www.facebook.com\/profile.php?id=61576678196717","https:\/\/www.tiktok.com\/@vitablanca.ma","https:\/\/www.instagram.com\/vitablanca.ma\/"]}]}},"jetpack_sharing_enabled":true,"_links":{"self":[{"href":"https:\/\/vitablanca.ma\/ar\/wp-json\/wp\/v2\/product\/21322","targetHints":{"allow":["GET"]}}],"collection":[{"href":"https:\/\/vitablanca.ma\/ar\/wp-json\/wp\/v2\/product"}],"about":[{"href":"https:\/\/vitablanca.ma\/ar\/wp-json\/wp\/v2\/types\/product"}],"wp:featuredmedia":[{"embeddable":true,"href":"https:\/\/vitablanca.ma\/ar\/wp-json\/wp\/v2\/media\/21320"}],"wp:attachment":[{"href":"https:\/\/vitablanca.ma\/ar\/wp-json\/wp\/v2\/media?parent=21322"}],"wp:term":[{"taxonomy":"product_brand","embeddable":true,"href":"https:\/\/vitablanca.ma\/ar\/wp-json\/wp\/v2\/product_brand?post=21322"},{"taxonomy":"product_cat","embeddable":true,"href":"https:\/\/vitablanca.ma\/ar\/wp-json\/wp\/v2\/product_cat?post=21322"},{"taxonomy":"product_tag","embeddable":true,"href":"https:\/\/vitablanca.ma\/ar\/wp-json\/wp\/v2\/product_tag?post=21322"}],"curies":[{"name":"wp","href":"https:\/\/api.w.org\/{rel}","templated":true}]}}