{"id":21319,"date":"2025-06-11T21:19:16","date_gmt":"2025-06-11T21:19:16","guid":{"rendered":"https:\/\/vitablanca.ma\/product\/perio-aid-gel-dentifrice-intensive-care-0-12-75ml\/"},"modified":"2025-06-11T21:19:16","modified_gmt":"2025-06-11T21:19:16","slug":"perio-aid-gel-dentifrice-intensive-care-0-12-75ml","status":"publish","type":"product","link":"https:\/\/vitablanca.ma\/ar\/product-2\/perio-aid-gel-dentifrice-intensive-care-0-12-75ml\/","title":{"rendered":"\u062c\u0644 \u0645\u0639\u062c\u0648\u0646 \u0623\u0633\u0646\u0627\u0646 \u0644\u0644\u0639\u0646\u0627\u064a\u0629 \u0627\u0644\u0645\u0631\u0643\u0632\u0629 \u0628\u0628\u064a\u0631\u064a\u0648-\u0625\u064a\u062f 0.12% 75 \u0645\u0644"},"content":{"rendered":"<h2>\u062c\u0644 \u0645\u0639\u062c\u0648\u0646 \u0623\u0633\u0646\u0627\u0646 \u0644\u0644\u0639\u0646\u0627\u064a\u0629 \u0627\u0644\u0645\u0631\u0643\u0632\u0629 \u0628\u0628\u064a\u0631\u064a\u0648-\u0625\u064a\u062f 0.12% 75 \u0645\u0644<\/h2>\n<p>\u0645\u0639\u062c\u0648\u0646 \u0623\u0633\u0646\u0627\u0646 \u062c\u0644 \u0628\u064a\u0631\u064a\u0648 \u0625\u064a\u062f \u0667\u0665 \u0645\u0644. \u062a\u0631\u0643\u064a\u0628\u062a\u0647 \u062a\u062d\u062a\u0648\u064a \u0639\u0644\u0649: - \u062b\u0646\u0627\u0626\u064a \u063a\u0644\u0648\u0643\u0648\u0646\u0627\u062a \u0627\u0644\u0643\u0644\u0648\u0631\u0647\u064a\u0643\u0633\u064a\u062f\u064a\u0646 \u0660\u066b\u0661\u0662\u0661TP\u0663T\u060c \u0645\u0637\u0647\u0631 \u0637\u0648\u064a\u0644 \u0627\u0644\u0645\u0641\u0639\u0648\u0644 \u0648\u0648\u0627\u0633\u0639 \u0627\u0644\u0646\u0637\u0627\u0642. \u064a\u062a\u0645\u064a\u0632 \u0628\u062e\u0635\u0627\u0626\u0635 \u0642\u0627\u062a\u0644\u0629 \u0644\u0644\u0628\u0643\u062a\u064a\u0631\u064a\u0627 \u0648\u0645\u0636\u0627\u062f\u0629 \u0644\u0644\u0628\u0643\u062a\u064a\u0631\u064a\u0627 \u0644\u0627\u0633\u062a\u0639\u0627\u062f\u0629 \u0635\u062d\u0629 \u0627\u0644\u0641\u0645 \u0648\u0627\u0644\u062d\u0641\u0627\u0638 \u0639\u0644\u064a\u0647\u0627.<\/p>\n<p>\u062f\u0648\u0627\u0639\u064a \u0627\u0644\u0627\u0633\u062a\u0639\u0645\u0627\u0644: - \u0645\u0631\u062a\u0628\u0637 \u0628\u0639\u0644\u0627\u062c\u0627\u062a \u0627\u0644\u0644\u062b\u0629 \u0648\u0632\u0631\u0627\u0639\u0629 \u0627\u0644\u0623\u0633\u0646\u0627\u0646. \u0627\u0644\u0639\u062f\u0648\u0649 \u0648\u0627\u0644\u0627\u0644\u062a\u0647\u0627\u0628\u0627\u062a \u0627\u0644\u0645\u0648\u0636\u0639\u064a\u0629\u060c \u0625\u0644\u062e. - \u0646\u0638\u0627\u0641\u0629 \u0627\u0644\u0641\u0645 \u0645\u062b\u0627\u0644\u064a\u0629 \u0641\u064a \u0648\u062c\u0648\u062f \u0627\u0644\u0623\u062c\u0647\u0632\u0629 \u0648\u0627\u0644\u0623\u0637\u0642\u0645 \u0627\u0644\u0627\u0635\u0637\u0646\u0627\u0639\u064a\u0629 \u0623\u0648 \u0632\u0631\u0627\u0639\u0629 \u0627\u0644\u0623\u0633\u0646\u0627\u0646\u060c \u0646\u0638\u0631\u064b\u0627 \u0644\u0639\u062f\u0645 \u0627\u062d\u062a\u0643\u0627\u0643\u0647.<\/p>\n<p>\u0645\u0639\u062c\u0648\u0646 \u0623\u0633\u0646\u0627\u0646 \u062c\u0644\u0651 \u062e\u0627\u0644\u064d \u0645\u0646 \u0623\u064a \u0639\u0627\u0645\u0644 \u0623\u0646\u064a\u0648\u0646\u064a\u060c \u0644\u0627 \u064a\u064f\u0624\u062b\u0631 \u0639\u0644\u0649 \u0641\u0639\u0627\u0644\u064a\u0629 \u063a\u0633\u0648\u0644 \u0627\u0644\u0641\u0645 \u0628\u0627\u0644\u0643\u0644\u0648\u0631\u0647\u064a\u0643\u0633\u064a\u062f\u064a\u0646 \u0627\u0644\u0645\u064f\u0633\u062a\u062e\u062f\u064e\u0645 \u0645\u0628\u0627\u0634\u0631\u0629\u064b \u0628\u0639\u062f \u062a\u0646\u0638\u064a\u0641 \u0627\u0644\u0623\u0633\u0646\u0627\u0646 \u0628\u0627\u0644\u0641\u0631\u0634\u0627\u0629\u060c \u0639\u0644\u0649 \u0639\u0643\u0633 \u0645\u0639\u0638\u0645 \u0645\u0639\u0627\u062c\u064a\u0646 \u0627\u0644\u0623\u0633\u0646\u0627\u0646. \u0628\u0641\u0636\u0644 \u062b\u0628\u0627\u062a \u0627\u0644\u0643\u0644\u0648\u0631\u0647\u064a\u0643\u0633\u064a\u062f\u064a\u0646\u060c \u064a\u062f\u0648\u0645 \u0645\u0641\u0639\u0648\u0644\u0647 \u0645\u0646 \u0661\u0660 \u0625\u0644\u0649 \u0661\u0662 \u0633\u0627\u0639\u0629.<\/p>\n<p>\u064a\u0633\u0645\u062d \u0628\u0627\u0644\u062a\u0637\u0628\u064a\u0642 \u0627\u0644\u0645\u062d\u0644\u064a.<\/p>\n<p>\u0637\u0631\u064a\u0642\u0629 \u0627\u0644\u0627\u0633\u062a\u062e\u062f\u0627\u0645: - \u0627\u0633\u062a\u062e\u062f\u0645\u0647 \u0643\u0645\u0639\u062c\u0648\u0646 \u0623\u0633\u0646\u0627\u0646 \u0639\u0627\u062f\u064a\u060c \u0628\u0648\u0636\u0639 \u0643\u0645\u064a\u0629 \u0635\u063a\u064a\u0631\u0629 \u0645\u0646 \u0627\u0644\u062c\u0644 \u0639\u0644\u0649 \u0641\u0631\u0634\u0627\u0629 \u0623\u0633\u0646\u0627\u0646 \u0646\u0627\u0639\u0645\u0629 \u0648\u0645\u0633\u062a\u062f\u064a\u0631\u0629. \u0646\u0638\u0651\u0641 \u0627\u0644\u0645\u0646\u0627\u0637\u0642 \u0627\u0644\u062d\u0633\u0627\u0633\u0629 \u062c\u064a\u062f\u064b\u0627 \u0645\u0631\u062a\u064a\u0646 \u064a\u0648\u0645\u064a\u064b\u0627 \u0639\u0644\u0649 \u0627\u0644\u0623\u0642\u0644\u060c \u0628\u062d\u0631\u0643\u0627\u062a \u0631\u0623\u0633\u064a\u0629 \u0645\u0646 \u0627\u0644\u0644\u062b\u0629 \u0628\u0627\u062a\u062c\u0627\u0647 \u0627\u0644\u0623\u0633\u0646\u0627\u0646. - \u062a\u062d\u062a\u0648\u064a \u0645\u0639\u0638\u0645 \u0645\u0639\u0627\u062c\u064a\u0646 \u0627\u0644\u0623\u0633\u0646\u0627\u0646 \u0639\u0644\u0649 \u0645\u0646\u0638\u0641\u0627\u062a \u062a\u064f\u0628\u0637\u0644 \u0645\u0641\u0639\u0648\u0644 \u0627\u0644\u0643\u0644\u0648\u0631\u0647\u064a\u0643\u0633\u064a\u062f\u064a\u0646. \u0644\u0627 \u062a\u0633\u062a\u062e\u062f\u0645\u0647\u0627 \u0645\u0639 \u062c\u0644 \u0628\u064a\u0631\u0648-\u0625\u064a\u062f \u0623\u0648 \u063a\u0633\u0648\u0644 \u0627\u0644\u0641\u0645 \u0628\u064a\u0631\u0648-\u0625\u064a\u062f.<\/p>\n<p>\u0627\u0644\u0639\u0631\u0636: \u00b7 75 \u0645\u0644 \u062c\u0644 \u0645\u0639\u062c\u0648\u0646 \u0627\u0644\u0623\u0633\u0646\u0627\u0646<\/p>","protected":false},"excerpt":{"rendered":"<p>Perio-aid Gel Dentifrice Intensive Care 0.12% 75ml Perio Aid Gel Dentifrice 75ml Sa formule contient: \u2013 Digluconate de chlorhexidine \u00e0 0,12%, antiseptique \u00e0 large spectre \u00e0 longue dur\u00e9e d\u2019action. Propri\u00e9t\u00e9s bact\u00e9ricides et bact\u00e9riostatiques pour restaurer \u2013 et \/ou maintenir la sant\u00e9 bucco-dentaire. Indications: \u2013 Associ\u00e9 aux traitements parodontaux et implantaires. Infections et inflammations localis\u00e9es, etc. [&hellip;]<\/p>\n","protected":false},"featured_media":21318,"template":"","meta":{"om_disable_all_campaigns":false},"product_brand":[],"product_cat":[15],"product_tag":[],"class_list":{"0":"post-21319","1":"product","2":"type-product","3":"status-publish","4":"has-post-thumbnail","6":"product_cat-beaute-sante-complements-alimentaires-soins-et-bien-etre-au-meilleur-prix","8":"first","9":"instock","10":"sale","11":"taxable","12":"shipping-taxable","13":"purchasable","14":"product-type-simple"},"yoast_head":"<!-- This site is optimized with the Yoast SEO plugin v27.3 - https:\/\/yoast.com\/product\/yoast-seo-wordpress\/ -->\n<title>Perio-aid Gel Dentifrice Intensive Care 0.12% 75ml - Maroc Prix<\/title>\n<meta name=\"description\" content=\"Perio-aid Gel Dentifrice Intensive Care 0.12% 75ml\" \/>\n<meta name=\"robots\" content=\"index, follow, max-snippet:-1, max-image-preview:large, max-video-preview:-1\" \/>\n<link rel=\"canonical\" href=\"https:\/\/vitablanca.ma\/ar\/product-2\/perio-aid-gel-dentifrice-intensive-care-0-12-75ml\/\" \/>\n<meta property=\"og:locale\" content=\"ar_AR\" \/>\n<meta property=\"og:type\" content=\"article\" \/>\n<meta property=\"og:title\" content=\"Perio-aid Gel Dentifrice Intensive Care 0.12% 75ml - Maroc Prix\" \/>\n<meta property=\"og:description\" content=\"Perio-aid Gel Dentifrice Intensive Care 0.12% 75ml\" \/>\n<meta property=\"og:url\" content=\"https:\/\/vitablanca.ma\/ar\/product-2\/perio-aid-gel-dentifrice-intensive-care-0-12-75ml\/\" \/>\n<meta property=\"og:site_name\" content=\"Vitablanca.ma &ndash; Sant&eacute;, vitalit&eacute; et bien-&ecirc;tre pour tous les Marocains\" \/>\n<meta property=\"article:publisher\" content=\"https:\/\/www.facebook.com\/profile.php?id=61576678196717\" \/>\n<meta property=\"og:image\" content=\"https:\/\/vitablanca.ma\/wp-content\/uploads\/2025\/06\/perio-aid-gel-dentifrice-012-chlorhexidine-75ml_a733e06a-f523-403a-ac5e-f9d1064dacb3-Nova-para-prix-Maroc.jpg\" \/>\n\t<meta property=\"og:image:width\" content=\"500\" \/>\n\t<meta property=\"og:image:height\" content=\"500\" \/>\n\t<meta property=\"og:image:type\" content=\"image\/jpeg\" \/>\n<meta name=\"twitter:card\" content=\"summary_large_image\" \/>\n<meta name=\"twitter:label1\" content=\"\u0648\u0642\u062a \u0627\u0644\u0642\u0631\u0627\u0621\u0629 \u0627\u0644\u0645\u064f\u0642\u062f\u0651\u0631\" \/>\n\t<meta name=\"twitter:data1\" content=\"\u062f\u0642\u064a\u0642\u0629 \u0648\u0627\u062d\u062f\u0629\" \/>\n<script type=\"application\/ld+json\" class=\"yoast-schema-graph\">{\"@context\":\"https:\\\/\\\/schema.org\",\"@graph\":[{\"@type\":[\"WebPage\",\"ItemPage\"],\"@id\":\"https:\\\/\\\/vitablanca.ma\\\/produit\\\/perio-aid-gel-dentifrice-intensive-care-0-12-75ml\\\/\",\"url\":\"https:\\\/\\\/vitablanca.ma\\\/produit\\\/perio-aid-gel-dentifrice-intensive-care-0-12-75ml\\\/\",\"name\":\"Perio-aid Gel Dentifrice Intensive Care 0.12% 75ml - Maroc Prix\",\"isPartOf\":{\"@id\":\"https:\\\/\\\/vitablanca.ma\\\/#website\"},\"primaryImageOfPage\":{\"@id\":\"https:\\\/\\\/vitablanca.ma\\\/produit\\\/perio-aid-gel-dentifrice-intensive-care-0-12-75ml\\\/#primaryimage\"},\"image\":{\"@id\":\"https:\\\/\\\/vitablanca.ma\\\/produit\\\/perio-aid-gel-dentifrice-intensive-care-0-12-75ml\\\/#primaryimage\"},\"thumbnailUrl\":\"https:\\\/\\\/vitablanca.ma\\\/wp-content\\\/uploads\\\/2025\\\/06\\\/perio-aid-gel-dentifrice-012-chlorhexidine-75ml_a733e06a-f523-403a-ac5e-f9d1064dacb3-Nova-para-prix-Maroc.jpg\",\"datePublished\":\"2025-06-11T21:19:16+00:00\",\"description\":\"Perio-aid Gel Dentifrice Intensive Care 0.12% 75ml\",\"breadcrumb\":{\"@id\":\"https:\\\/\\\/vitablanca.ma\\\/produit\\\/perio-aid-gel-dentifrice-intensive-care-0-12-75ml\\\/#breadcrumb\"},\"inLanguage\":\"ar\",\"potentialAction\":[{\"@type\":\"ReadAction\",\"target\":[\"https:\\\/\\\/vitablanca.ma\\\/produit\\\/perio-aid-gel-dentifrice-intensive-care-0-12-75ml\\\/\"]}]},{\"@type\":\"ImageObject\",\"inLanguage\":\"ar\",\"@id\":\"https:\\\/\\\/vitablanca.ma\\\/produit\\\/perio-aid-gel-dentifrice-intensive-care-0-12-75ml\\\/#primaryimage\",\"url\":\"https:\\\/\\\/vitablanca.ma\\\/wp-content\\\/uploads\\\/2025\\\/06\\\/perio-aid-gel-dentifrice-012-chlorhexidine-75ml_a733e06a-f523-403a-ac5e-f9d1064dacb3-Nova-para-prix-Maroc.jpg\",\"contentUrl\":\"https:\\\/\\\/vitablanca.ma\\\/wp-content\\\/uploads\\\/2025\\\/06\\\/perio-aid-gel-dentifrice-012-chlorhexidine-75ml_a733e06a-f523-403a-ac5e-f9d1064dacb3-Nova-para-prix-Maroc.jpg\",\"width\":500,\"height\":500},{\"@type\":\"BreadcrumbList\",\"@id\":\"https:\\\/\\\/vitablanca.ma\\\/produit\\\/perio-aid-gel-dentifrice-intensive-care-0-12-75ml\\\/#breadcrumb\",\"itemListElement\":[{\"@type\":\"ListItem\",\"position\":1,\"name\":\"Home\",\"item\":\"https:\\\/\\\/vitablanca.ma\\\/\"},{\"@type\":\"ListItem\",\"position\":2,\"name\":\"Tous Les Produits\",\"item\":\"https:\\\/\\\/vitablanca.ma\\\/tous-les-produits\\\/\"},{\"@type\":\"ListItem\",\"position\":3,\"name\":\"Perio-aid Gel Dentifrice Intensive Care 0.12% 75ml\"}]},{\"@type\":\"WebSite\",\"@id\":\"https:\\\/\\\/vitablanca.ma\\\/#website\",\"url\":\"https:\\\/\\\/vitablanca.ma\\\/\",\"name\":\"VitaBlanca.ma | Compl\u00e9ments alimentaires, sant\u00e9 & beaut\u00e9 au Maroc\",\"description\":\"vendre vitamines et compl\u00e9ments premium des USA &amp; Canada, Nouvelle Z\u00e9lande,Maroc (NOW Foods, Solgar, Manuka). Livraison rapide partout au Maroc.\",\"publisher\":{\"@id\":\"https:\\\/\\\/vitablanca.ma\\\/#organization\"},\"alternateName\":\"VitaBlanca.ma\",\"potentialAction\":[{\"@type\":\"SearchAction\",\"target\":{\"@type\":\"EntryPoint\",\"urlTemplate\":\"https:\\\/\\\/vitablanca.ma\\\/?s={search_term_string}\"},\"query-input\":{\"@type\":\"PropertyValueSpecification\",\"valueRequired\":true,\"valueName\":\"search_term_string\"}}],\"inLanguage\":\"ar\"},{\"@type\":\"Organization\",\"@id\":\"https:\\\/\\\/vitablanca.ma\\\/#organization\",\"name\":\"VitaBlanca\",\"url\":\"https:\\\/\\\/vitablanca.ma\\\/\",\"logo\":{\"@type\":\"ImageObject\",\"inLanguage\":\"ar\",\"@id\":\"https:\\\/\\\/vitablanca.ma\\\/#\\\/schema\\\/logo\\\/image\\\/\",\"url\":\"https:\\\/\\\/vitablanca.ma\\\/wp-content\\\/uploads\\\/2025\\\/05\\\/cropped-vitablanca.png\",\"contentUrl\":\"https:\\\/\\\/vitablanca.ma\\\/wp-content\\\/uploads\\\/2025\\\/05\\\/cropped-vitablanca.png\",\"width\":360,\"height\":67,\"caption\":\"VitaBlanca\"},\"image\":{\"@id\":\"https:\\\/\\\/vitablanca.ma\\\/#\\\/schema\\\/logo\\\/image\\\/\"},\"sameAs\":[\"https:\\\/\\\/www.facebook.com\\\/profile.php?id=61576678196717\",\"https:\\\/\\\/www.tiktok.com\\\/@vitablanca.ma\",\"https:\\\/\\\/www.instagram.com\\\/vitablanca.ma\\\/\"]}]}<\/script>\n<!-- \/ Yoast SEO plugin. -->","yoast_head_json":{"title":"\u062c\u0644 \u0645\u0639\u062c\u0648\u0646 \u0623\u0633\u0646\u0627\u0646 \u0644\u0644\u0639\u0646\u0627\u064a\u0629 \u0627\u0644\u0645\u0631\u0643\u0632\u0629 \u0628\u0628\u064a\u0631\u064a\u0648-\u0625\u064a\u062f 0.12% 75 \u0645\u0644 - \u0633\u0639\u0631 \u0627\u0644\u0645\u063a\u0631\u0628","description":"\u062c\u0644 \u0645\u0639\u062c\u0648\u0646 \u0623\u0633\u0646\u0627\u0646 \u0644\u0644\u0639\u0646\u0627\u064a\u0629 \u0627\u0644\u0645\u0631\u0643\u0632\u0629 \u0628\u0628\u064a\u0631\u064a\u0648-\u0625\u064a\u062f 0.12% 75 \u0645\u0644","robots":{"index":"index","follow":"follow","max-snippet":"max-snippet:-1","max-image-preview":"max-image-preview:large","max-video-preview":"max-video-preview:-1"},"canonical":"https:\/\/vitablanca.ma\/ar\/product-2\/perio-aid-gel-dentifrice-intensive-care-0-12-75ml\/","og_locale":"ar_AR","og_type":"article","og_title":"Perio-aid Gel Dentifrice Intensive Care 0.12% 75ml - Maroc Prix","og_description":"Perio-aid Gel Dentifrice Intensive Care 0.12% 75ml","og_url":"https:\/\/vitablanca.ma\/ar\/product-2\/perio-aid-gel-dentifrice-intensive-care-0-12-75ml\/","og_site_name":"Vitablanca.ma &ndash; Sant&eacute;, vitalit&eacute; et bien-&ecirc;tre pour tous les Marocains","article_publisher":"https:\/\/www.facebook.com\/profile.php?id=61576678196717","og_image":[{"width":500,"height":500,"url":"https:\/\/vitablanca.ma\/wp-content\/uploads\/2025\/06\/perio-aid-gel-dentifrice-012-chlorhexidine-75ml_a733e06a-f523-403a-ac5e-f9d1064dacb3-Nova-para-prix-Maroc.jpg","type":"image\/jpeg"}],"twitter_card":"summary_large_image","twitter_misc":{"\u0648\u0642\u062a \u0627\u0644\u0642\u0631\u0627\u0621\u0629 \u0627\u0644\u0645\u064f\u0642\u062f\u0651\u0631":"\u062f\u0642\u064a\u0642\u0629 \u0648\u0627\u062d\u062f\u0629"},"schema":{"@context":"https:\/\/schema.org","@graph":[{"@type":["WebPage","ItemPage"],"@id":"https:\/\/vitablanca.ma\/produit\/perio-aid-gel-dentifrice-intensive-care-0-12-75ml\/","url":"https:\/\/vitablanca.ma\/produit\/perio-aid-gel-dentifrice-intensive-care-0-12-75ml\/","name":"\u062c\u0644 \u0645\u0639\u062c\u0648\u0646 \u0623\u0633\u0646\u0627\u0646 \u0644\u0644\u0639\u0646\u0627\u064a\u0629 \u0627\u0644\u0645\u0631\u0643\u0632\u0629 \u0628\u0628\u064a\u0631\u064a\u0648-\u0625\u064a\u062f 0.12% 75 \u0645\u0644 - \u0633\u0639\u0631 \u0627\u0644\u0645\u063a\u0631\u0628","isPartOf":{"@id":"https:\/\/vitablanca.ma\/#website"},"primaryImageOfPage":{"@id":"https:\/\/vitablanca.ma\/produit\/perio-aid-gel-dentifrice-intensive-care-0-12-75ml\/#primaryimage"},"image":{"@id":"https:\/\/vitablanca.ma\/produit\/perio-aid-gel-dentifrice-intensive-care-0-12-75ml\/#primaryimage"},"thumbnailUrl":"https:\/\/vitablanca.ma\/wp-content\/uploads\/2025\/06\/perio-aid-gel-dentifrice-012-chlorhexidine-75ml_a733e06a-f523-403a-ac5e-f9d1064dacb3-Nova-para-prix-Maroc.jpg","datePublished":"2025-06-11T21:19:16+00:00","description":"\u062c\u0644 \u0645\u0639\u062c\u0648\u0646 \u0623\u0633\u0646\u0627\u0646 \u0644\u0644\u0639\u0646\u0627\u064a\u0629 \u0627\u0644\u0645\u0631\u0643\u0632\u0629 \u0628\u0628\u064a\u0631\u064a\u0648-\u0625\u064a\u062f 0.12% 75 \u0645\u0644","breadcrumb":{"@id":"https:\/\/vitablanca.ma\/produit\/perio-aid-gel-dentifrice-intensive-care-0-12-75ml\/#breadcrumb"},"inLanguage":"ar","potentialAction":[{"@type":"ReadAction","target":["https:\/\/vitablanca.ma\/produit\/perio-aid-gel-dentifrice-intensive-care-0-12-75ml\/"]}]},{"@type":"ImageObject","inLanguage":"ar","@id":"https:\/\/vitablanca.ma\/produit\/perio-aid-gel-dentifrice-intensive-care-0-12-75ml\/#primaryimage","url":"https:\/\/vitablanca.ma\/wp-content\/uploads\/2025\/06\/perio-aid-gel-dentifrice-012-chlorhexidine-75ml_a733e06a-f523-403a-ac5e-f9d1064dacb3-Nova-para-prix-Maroc.jpg","contentUrl":"https:\/\/vitablanca.ma\/wp-content\/uploads\/2025\/06\/perio-aid-gel-dentifrice-012-chlorhexidine-75ml_a733e06a-f523-403a-ac5e-f9d1064dacb3-Nova-para-prix-Maroc.jpg","width":500,"height":500},{"@type":"BreadcrumbList","@id":"https:\/\/vitablanca.ma\/produit\/perio-aid-gel-dentifrice-intensive-care-0-12-75ml\/#breadcrumb","itemListElement":[{"@type":"ListItem","position":1,"name":"Home","item":"https:\/\/vitablanca.ma\/"},{"@type":"ListItem","position":2,"name":"Tous Les Produits","item":"https:\/\/vitablanca.ma\/tous-les-produits\/"},{"@type":"ListItem","position":3,"name":"Perio-aid Gel Dentifrice Intensive Care 0.12% 75ml"}]},{"@type":"WebSite","@id":"https:\/\/vitablanca.ma\/#website","url":"https:\/\/vitablanca.ma\/","name":"VitaBlanca.ma | \u0627\u0644\u0645\u0643\u0645\u0644\u0627\u062a \u0627\u0644\u063a\u0630\u0627\u0626\u064a\u0629\u060c \u0627\u0644\u0635\u062d\u0629 \u0648\u0627\u0644\u062c\u0645\u0627\u0644 \u0641\u064a \u0627\u0644\u0645\u063a\u0631\u0628","description":"\u0646\u0628\u064a\u0639 \u0641\u064a\u062a\u0627\u0645\u064a\u0646\u0627\u062a \u0648\u0645\u0643\u0645\u0644\u0627\u062a \u063a\u0630\u0627\u0626\u064a\u0629 \u0641\u0627\u062e\u0631\u0629 \u0645\u0646 \u0627\u0644\u0648\u0644\u0627\u064a\u0627\u062a \u0627\u0644\u0645\u062a\u062d\u062f\u0629 \u0627\u0644\u0623\u0645\u0631\u064a\u0643\u064a\u0629 \u0648\u0643\u0646\u062f\u0627 \u0648\u0646\u064a\u0648\u0632\u064a\u0644\u0646\u062f\u0627 \u0648\u0627\u0644\u0645\u063a\u0631\u0628 (\u0646\u0627\u0648 \u0641\u0648\u062f\u0632\u060c \u0633\u0648\u0644\u062c\u0627\u0631\u060c \u0645\u0627\u0646\u0648\u0643\u0627). \u062a\u0648\u0635\u064a\u0644 \u0633\u0631\u064a\u0639 \u0625\u0644\u0649 \u062c\u0645\u064a\u0639 \u0623\u0646\u062d\u0627\u0621 \u0627\u0644\u0645\u063a\u0631\u0628.","publisher":{"@id":"https:\/\/vitablanca.ma\/#organization"},"alternateName":"VitaBlanca.ma","potentialAction":[{"@type":"SearchAction","target":{"@type":"EntryPoint","urlTemplate":"https:\/\/vitablanca.ma\/?s={search_term_string}"},"query-input":{"@type":"PropertyValueSpecification","valueRequired":true,"valueName":"search_term_string"}}],"inLanguage":"ar"},{"@type":"Organization","@id":"https:\/\/vitablanca.ma\/#organization","name":"\u0641\u064a\u062a\u0627\u0628\u0644\u0627\u0646\u0643\u0627","url":"https:\/\/vitablanca.ma\/","logo":{"@type":"ImageObject","inLanguage":"ar","@id":"https:\/\/vitablanca.ma\/#\/schema\/logo\/image\/","url":"https:\/\/vitablanca.ma\/wp-content\/uploads\/2025\/05\/cropped-vitablanca.png","contentUrl":"https:\/\/vitablanca.ma\/wp-content\/uploads\/2025\/05\/cropped-vitablanca.png","width":360,"height":67,"caption":"VitaBlanca"},"image":{"@id":"https:\/\/vitablanca.ma\/#\/schema\/logo\/image\/"},"sameAs":["https:\/\/www.facebook.com\/profile.php?id=61576678196717","https:\/\/www.tiktok.com\/@vitablanca.ma","https:\/\/www.instagram.com\/vitablanca.ma\/"]}]}},"jetpack_sharing_enabled":true,"_links":{"self":[{"href":"https:\/\/vitablanca.ma\/ar\/wp-json\/wp\/v2\/product\/21319","targetHints":{"allow":["GET"]}}],"collection":[{"href":"https:\/\/vitablanca.ma\/ar\/wp-json\/wp\/v2\/product"}],"about":[{"href":"https:\/\/vitablanca.ma\/ar\/wp-json\/wp\/v2\/types\/product"}],"wp:featuredmedia":[{"embeddable":true,"href":"https:\/\/vitablanca.ma\/ar\/wp-json\/wp\/v2\/media\/21318"}],"wp:attachment":[{"href":"https:\/\/vitablanca.ma\/ar\/wp-json\/wp\/v2\/media?parent=21319"}],"wp:term":[{"taxonomy":"product_brand","embeddable":true,"href":"https:\/\/vitablanca.ma\/ar\/wp-json\/wp\/v2\/product_brand?post=21319"},{"taxonomy":"product_cat","embeddable":true,"href":"https:\/\/vitablanca.ma\/ar\/wp-json\/wp\/v2\/product_cat?post=21319"},{"taxonomy":"product_tag","embeddable":true,"href":"https:\/\/vitablanca.ma\/ar\/wp-json\/wp\/v2\/product_tag?post=21319"}],"curies":[{"name":"wp","href":"https:\/\/api.w.org\/{rel}","templated":true}]}}