{"id":21317,"date":"2025-06-11T21:19:15","date_gmt":"2025-06-11T21:19:15","guid":{"rendered":"https:\/\/vitablanca.ma\/product\/placentor-special-vergetures-concentre-actif-125ml\/"},"modified":"2025-06-11T21:19:15","modified_gmt":"2025-06-11T21:19:15","slug":"placentor-special-vergetures-concentre-actif-125ml","status":"publish","type":"product","link":"https:\/\/vitablanca.ma\/ar\/product-2\/placentor-special-vergetures-concentre-actif-125ml\/","title":{"rendered":"\u0645\u0631\u0643\u0632 \u0628\u0644\u0627\u0633\u064a\u0646\u062a\u0648\u0631 \u0627\u0644\u062e\u0627\u0635 \u0644\u0639\u0644\u0627\u0645\u0627\u062a \u0627\u0644\u062a\u0645\u062f\u062f \u0627\u0644\u0646\u0634\u0637 125 \u0645\u0644"},"content":{"rendered":"<h2 class=\"col_prod_left\" data-mce-fragment=\"1\">Placentor Sp\u00e9cial vergetures Concentr\u00e9 actif, Soins Sp\u00e9cifiques,\u00a0Zones sujettes aux vergetures : seins, fesses, ventre et cuisses<br \/>\n<\/h2>\n<div id=\"tabs-1\">\n<p>Soin concentr\u00e9 permettant de pr\u00e9venir et d\u2019att\u00e9nuer l\u2019aspect des vergetures, tout en hydratant.\u00a0<\/p>\n<p>Gr\u00e2ce \u00e0 son association uniques d\u2019actifs v\u00e9g\u00e9taux, ce soin double action agit )\u00e0 l\u2019origine du processus de formation des vergetures. Les vergetures sont provoqu\u00e9es pas une rupture des fibres de collag\u00e8ne et d\u2019\u00e9lastine, constituants du tissu de soutien de la peau. Un complexe \u00e0 base de camarine noire renforce la solidit\u00e9 de ces fibres et am\u00e9liore la r\u00e9sistance de la peau aux tensions. En stimulant la synth\u00e8se de collag\u00e8ne, des bio-peptides: les matrikines, favorisent la r\u00e9g\u00e9n\u00e9ration de la peau et r\u00e9duisent l\u2019apparence des vergetures (diminution de la profondeur, de la largeur et de la couleur rouge des stries).\u00a0<\/p>\n<h3>\u0646\u062a\u0627\u0626\u062c\u00a0<\/h3>\n<div id=\"tabs-2\" class=\"hidescale make_transist showscale\">\n<p><b>EFFICACIT\u00c9 CLINIQUEMENT PROUV\u00c9E:\u00a0<\/b><\/p>\n<ul>\n<li>Peau plus hydrat\u00e9e\u00a0<\/li>\n<li>Vergetures att\u00e9nu\u00e9 d\u00e8s 56 jours\u00a0<\/li>\n<li>Peau visiblement plus ferele et plus \u00e9lastique\u00a0\u00a0<\/li>\n<li>Mesure de corn\u00e9om\u00e9trie \u2013 12 volontaires\u00a0<\/li>\n<li>Scorage clinique \u00e0 2 mois \u2013 22 volontaires\u00a0\u00a0<\/li>\n<li>Test de satisfaction \u00e0 2 mois \u2013 22 volontaires<\/li>\n<\/ul>\n<h3>\u062a\u0639\u0644\u064a\u0645\u0627\u062a \u0627\u0644\u0627\u0633\u062a\u062e\u062f\u0627\u0645<\/h3>\n<p><span>Appliquer le soin anti-vergetures matin et soir en massage circulaire sur les zones sujettes aux vergetures: seins, fesses, ventre et cuisses.<\/span><br \/><strong>Cure intensive :<\/strong><span>\u00a0<br \/>appliquer 2 fois par jour pendant 2 \u00e0 3 mois<\/span><br \/><strong><br \/>Pr\u00e9vention :<br \/><\/strong><span>\u00a0appliquer une fois par jour tout au long de l\u2019ann\u00e9e. L\u2019efficacit\u00e9 de ce soin d\u00e9pend de la r\u00e9gularit\u00e9 d\u2019application. Cr\u00e8me non grasse. Ne tache pas les v\u00eatements. Ne pas utiliser chez la femme enceinte ou allaitante. Usage externe<\/span><\/p>\n<h3><span>\u0645\u0643\u0648\u0646\u0627\u062a\u00a0<\/span><\/h3>\n<p><span>AQUA*, GLYCERIN*, PEG-6 STEARATE, CAPRYLIC\/CAPRIC TRIGLYCERIDE*, PEG-32 STEARATE, HY-DROGENATED PALM\/PALM KERNEL OIL PEG-6 ESTERS, BUTYLENE GLYCOL, STEARIC ACID*, PRUNUS ARMENIACA KERNEL OC, CALENDU_A OFFICINALIS FLOWER EXTRACT*, CENTELLA ASIATICA EXTRACT*, DARUTOSIDE*, RUTIN*, PALMITOYL TRIPEPTIDE-1, PALMITOYL TETRAPEPTIDE-7, PHASEOLUS LUNATUS SEED EXTRACT*, EMPETRUM NIGRUM FRUIT JUICE*, HYDROLYZED SOY PROTEIN*, ONOPORDUM ACANTHIUM FLOWER\/LEAF\/STEM EXTRACT*, FAGUS SYLVATICA BUD EXTRACT*, BIOTIN, CETYL HYDROXYETHYLCELLULOSE, ALCOHOL*, CARBOMER, PARFUM, DEHYDROACETIC ACID, BENZYL ALCOHOL, SODIUM DEHYDROACETATE, PHENOXYETHANOL, POTASSIUM SORBATE, BENZOIC ACID, SORBIC ACID, LACTIC ACID*, DIPOTASSIUM PHOSPHATE, CITRIC ACID*, SODIUM HYDROXIDE.<\/span><\/p>\n<\/div>\n<div id=\"tabs-3\" class=\"hidescale make_transist\">\n<p>\u00a0<\/p>\n<\/div>\n<\/div>","protected":false},"excerpt":{"rendered":"<p>Placentor Sp\u00e9cial vergetures Concentr\u00e9 actif, Soins Sp\u00e9cifiques,\u00a0Zones sujettes aux vergetures : seins, fesses, ventre et cuisses Soin concentr\u00e9 permettant de pr\u00e9venir et d\u2019att\u00e9nuer l\u2019aspect des vergetures, tout en hydratant.\u00a0 Gr\u00e2ce \u00e0 son association uniques d\u2019actifs v\u00e9g\u00e9taux, ce soin double action agit )\u00e0 l\u2019origine du processus de formation des vergetures. Les vergetures sont provoqu\u00e9es pas une [&hellip;]<\/p>\n","protected":false},"featured_media":21316,"template":"","meta":{"om_disable_all_campaigns":false},"product_brand":[],"product_cat":[15],"product_tag":[],"class_list":{"0":"post-21317","1":"product","2":"type-product","3":"status-publish","4":"has-post-thumbnail","6":"product_cat-beaute-sante-complements-alimentaires-soins-et-bien-etre-au-meilleur-prix","8":"first","9":"instock","10":"sale","11":"taxable","12":"shipping-taxable","13":"purchasable","14":"product-type-simple"},"yoast_head":"<!-- This site is optimized with the Yoast SEO plugin v27.3 - https:\/\/yoast.com\/product\/yoast-seo-wordpress\/ -->\n<title>Placentor Sp\u00e9cial vergetures Concentr\u00e9 actif 125ml - Maroc Prix<\/title>\n<meta name=\"description\" content=\"Placentor Sp\u00e9cial vergetures Concentr\u00e9 actif 125ml\" \/>\n<meta name=\"robots\" content=\"index, follow, max-snippet:-1, max-image-preview:large, max-video-preview:-1\" \/>\n<link rel=\"canonical\" href=\"https:\/\/vitablanca.ma\/ar\/product-2\/placentor-special-vergetures-concentre-actif-125ml\/\" \/>\n<meta property=\"og:locale\" content=\"ar_AR\" \/>\n<meta property=\"og:type\" content=\"article\" \/>\n<meta property=\"og:title\" content=\"Placentor Sp\u00e9cial vergetures Concentr\u00e9 actif 125ml - Maroc Prix\" \/>\n<meta property=\"og:description\" content=\"Placentor Sp\u00e9cial vergetures Concentr\u00e9 actif 125ml\" \/>\n<meta property=\"og:url\" content=\"https:\/\/vitablanca.ma\/ar\/product-2\/placentor-special-vergetures-concentre-actif-125ml\/\" \/>\n<meta property=\"og:site_name\" content=\"Vitablanca.ma &ndash; Sant&eacute;, vitalit&eacute; et bien-&ecirc;tre pour tous les Marocains\" \/>\n<meta property=\"article:publisher\" content=\"https:\/\/www.facebook.com\/profile.php?id=61576678196717\" \/>\n<meta property=\"og:image\" content=\"https:\/\/vitablanca.ma\/wp-content\/uploads\/2025\/06\/Placentor-Special-vergetures-Concentre-actif-125ml-nova-para-maroc.jpg\" \/>\n\t<meta property=\"og:image:width\" content=\"1000\" \/>\n\t<meta property=\"og:image:height\" content=\"1000\" \/>\n\t<meta property=\"og:image:type\" content=\"image\/jpeg\" \/>\n<meta name=\"twitter:card\" content=\"summary_large_image\" \/>\n<meta name=\"twitter:label1\" content=\"\u0648\u0642\u062a \u0627\u0644\u0642\u0631\u0627\u0621\u0629 \u0627\u0644\u0645\u064f\u0642\u062f\u0651\u0631\" \/>\n\t<meta name=\"twitter:data1\" content=\"\u062f\u0642\u064a\u0642\u062a\u0627\u0646\" \/>\n<script type=\"application\/ld+json\" class=\"yoast-schema-graph\">{\"@context\":\"https:\\\/\\\/schema.org\",\"@graph\":[{\"@type\":[\"WebPage\",\"ItemPage\"],\"@id\":\"https:\\\/\\\/vitablanca.ma\\\/produit\\\/placentor-special-vergetures-concentre-actif-125ml\\\/\",\"url\":\"https:\\\/\\\/vitablanca.ma\\\/produit\\\/placentor-special-vergetures-concentre-actif-125ml\\\/\",\"name\":\"Placentor Sp\u00e9cial vergetures Concentr\u00e9 actif 125ml - Maroc Prix\",\"isPartOf\":{\"@id\":\"https:\\\/\\\/vitablanca.ma\\\/#website\"},\"primaryImageOfPage\":{\"@id\":\"https:\\\/\\\/vitablanca.ma\\\/produit\\\/placentor-special-vergetures-concentre-actif-125ml\\\/#primaryimage\"},\"image\":{\"@id\":\"https:\\\/\\\/vitablanca.ma\\\/produit\\\/placentor-special-vergetures-concentre-actif-125ml\\\/#primaryimage\"},\"thumbnailUrl\":\"https:\\\/\\\/vitablanca.ma\\\/wp-content\\\/uploads\\\/2025\\\/06\\\/Placentor-Special-vergetures-Concentre-actif-125ml-nova-para-maroc.jpg\",\"datePublished\":\"2025-06-11T21:19:15+00:00\",\"description\":\"Placentor Sp\u00e9cial vergetures Concentr\u00e9 actif 125ml\",\"breadcrumb\":{\"@id\":\"https:\\\/\\\/vitablanca.ma\\\/produit\\\/placentor-special-vergetures-concentre-actif-125ml\\\/#breadcrumb\"},\"inLanguage\":\"ar\",\"potentialAction\":[{\"@type\":\"ReadAction\",\"target\":[\"https:\\\/\\\/vitablanca.ma\\\/produit\\\/placentor-special-vergetures-concentre-actif-125ml\\\/\"]}]},{\"@type\":\"ImageObject\",\"inLanguage\":\"ar\",\"@id\":\"https:\\\/\\\/vitablanca.ma\\\/produit\\\/placentor-special-vergetures-concentre-actif-125ml\\\/#primaryimage\",\"url\":\"https:\\\/\\\/vitablanca.ma\\\/wp-content\\\/uploads\\\/2025\\\/06\\\/Placentor-Special-vergetures-Concentre-actif-125ml-nova-para-maroc.jpg\",\"contentUrl\":\"https:\\\/\\\/vitablanca.ma\\\/wp-content\\\/uploads\\\/2025\\\/06\\\/Placentor-Special-vergetures-Concentre-actif-125ml-nova-para-maroc.jpg\",\"width\":1000,\"height\":1000},{\"@type\":\"BreadcrumbList\",\"@id\":\"https:\\\/\\\/vitablanca.ma\\\/produit\\\/placentor-special-vergetures-concentre-actif-125ml\\\/#breadcrumb\",\"itemListElement\":[{\"@type\":\"ListItem\",\"position\":1,\"name\":\"Home\",\"item\":\"https:\\\/\\\/vitablanca.ma\\\/\"},{\"@type\":\"ListItem\",\"position\":2,\"name\":\"Tous Les Produits\",\"item\":\"https:\\\/\\\/vitablanca.ma\\\/tous-les-produits\\\/\"},{\"@type\":\"ListItem\",\"position\":3,\"name\":\"Placentor Sp\u00e9cial vergetures Concentr\u00e9 actif 125ml\"}]},{\"@type\":\"WebSite\",\"@id\":\"https:\\\/\\\/vitablanca.ma\\\/#website\",\"url\":\"https:\\\/\\\/vitablanca.ma\\\/\",\"name\":\"VitaBlanca.ma | Compl\u00e9ments alimentaires, sant\u00e9 & beaut\u00e9 au Maroc\",\"description\":\"vendre vitamines et compl\u00e9ments premium des USA &amp; Canada, Nouvelle Z\u00e9lande,Maroc (NOW Foods, Solgar, Manuka). Livraison rapide partout au Maroc.\",\"publisher\":{\"@id\":\"https:\\\/\\\/vitablanca.ma\\\/#organization\"},\"alternateName\":\"VitaBlanca.ma\",\"potentialAction\":[{\"@type\":\"SearchAction\",\"target\":{\"@type\":\"EntryPoint\",\"urlTemplate\":\"https:\\\/\\\/vitablanca.ma\\\/?s={search_term_string}\"},\"query-input\":{\"@type\":\"PropertyValueSpecification\",\"valueRequired\":true,\"valueName\":\"search_term_string\"}}],\"inLanguage\":\"ar\"},{\"@type\":\"Organization\",\"@id\":\"https:\\\/\\\/vitablanca.ma\\\/#organization\",\"name\":\"VitaBlanca\",\"url\":\"https:\\\/\\\/vitablanca.ma\\\/\",\"logo\":{\"@type\":\"ImageObject\",\"inLanguage\":\"ar\",\"@id\":\"https:\\\/\\\/vitablanca.ma\\\/#\\\/schema\\\/logo\\\/image\\\/\",\"url\":\"https:\\\/\\\/vitablanca.ma\\\/wp-content\\\/uploads\\\/2025\\\/05\\\/cropped-vitablanca.png\",\"contentUrl\":\"https:\\\/\\\/vitablanca.ma\\\/wp-content\\\/uploads\\\/2025\\\/05\\\/cropped-vitablanca.png\",\"width\":360,\"height\":67,\"caption\":\"VitaBlanca\"},\"image\":{\"@id\":\"https:\\\/\\\/vitablanca.ma\\\/#\\\/schema\\\/logo\\\/image\\\/\"},\"sameAs\":[\"https:\\\/\\\/www.facebook.com\\\/profile.php?id=61576678196717\",\"https:\\\/\\\/www.tiktok.com\\\/@vitablanca.ma\",\"https:\\\/\\\/www.instagram.com\\\/vitablanca.ma\\\/\"]}]}<\/script>\n<!-- \/ Yoast SEO plugin. -->","yoast_head_json":{"title":"Placentor Sp\u00e9cial vergetures Concentr\u00e9 actif 125ml - Maroc Prix","description":"\u0645\u0631\u0643\u0632 \u0628\u0644\u0627\u0633\u064a\u0646\u062a\u0648\u0631 \u0627\u0644\u062e\u0627\u0635 \u0644\u0639\u0644\u0627\u0645\u0627\u062a \u0627\u0644\u062a\u0645\u062f\u062f \u0627\u0644\u0646\u0634\u0637 125 \u0645\u0644","robots":{"index":"index","follow":"follow","max-snippet":"max-snippet:-1","max-image-preview":"max-image-preview:large","max-video-preview":"max-video-preview:-1"},"canonical":"https:\/\/vitablanca.ma\/ar\/product-2\/placentor-special-vergetures-concentre-actif-125ml\/","og_locale":"ar_AR","og_type":"article","og_title":"Placentor Sp\u00e9cial vergetures Concentr\u00e9 actif 125ml - Maroc Prix","og_description":"Placentor Sp\u00e9cial vergetures Concentr\u00e9 actif 125ml","og_url":"https:\/\/vitablanca.ma\/ar\/product-2\/placentor-special-vergetures-concentre-actif-125ml\/","og_site_name":"Vitablanca.ma &ndash; Sant&eacute;, vitalit&eacute; et bien-&ecirc;tre pour tous les Marocains","article_publisher":"https:\/\/www.facebook.com\/profile.php?id=61576678196717","og_image":[{"width":1000,"height":1000,"url":"https:\/\/vitablanca.ma\/wp-content\/uploads\/2025\/06\/Placentor-Special-vergetures-Concentre-actif-125ml-nova-para-maroc.jpg","type":"image\/jpeg"}],"twitter_card":"summary_large_image","twitter_misc":{"\u0648\u0642\u062a \u0627\u0644\u0642\u0631\u0627\u0621\u0629 \u0627\u0644\u0645\u064f\u0642\u062f\u0651\u0631":"\u062f\u0642\u064a\u0642\u062a\u0627\u0646"},"schema":{"@context":"https:\/\/schema.org","@graph":[{"@type":["WebPage","ItemPage"],"@id":"https:\/\/vitablanca.ma\/produit\/placentor-special-vergetures-concentre-actif-125ml\/","url":"https:\/\/vitablanca.ma\/produit\/placentor-special-vergetures-concentre-actif-125ml\/","name":"Placentor Sp\u00e9cial vergetures Concentr\u00e9 actif 125ml - Maroc Prix","isPartOf":{"@id":"https:\/\/vitablanca.ma\/#website"},"primaryImageOfPage":{"@id":"https:\/\/vitablanca.ma\/produit\/placentor-special-vergetures-concentre-actif-125ml\/#primaryimage"},"image":{"@id":"https:\/\/vitablanca.ma\/produit\/placentor-special-vergetures-concentre-actif-125ml\/#primaryimage"},"thumbnailUrl":"https:\/\/vitablanca.ma\/wp-content\/uploads\/2025\/06\/Placentor-Special-vergetures-Concentre-actif-125ml-nova-para-maroc.jpg","datePublished":"2025-06-11T21:19:15+00:00","description":"\u0645\u0631\u0643\u0632 \u0628\u0644\u0627\u0633\u064a\u0646\u062a\u0648\u0631 \u0627\u0644\u062e\u0627\u0635 \u0644\u0639\u0644\u0627\u0645\u0627\u062a \u0627\u0644\u062a\u0645\u062f\u062f \u0627\u0644\u0646\u0634\u0637 125 \u0645\u0644","breadcrumb":{"@id":"https:\/\/vitablanca.ma\/produit\/placentor-special-vergetures-concentre-actif-125ml\/#breadcrumb"},"inLanguage":"ar","potentialAction":[{"@type":"ReadAction","target":["https:\/\/vitablanca.ma\/produit\/placentor-special-vergetures-concentre-actif-125ml\/"]}]},{"@type":"ImageObject","inLanguage":"ar","@id":"https:\/\/vitablanca.ma\/produit\/placentor-special-vergetures-concentre-actif-125ml\/#primaryimage","url":"https:\/\/vitablanca.ma\/wp-content\/uploads\/2025\/06\/Placentor-Special-vergetures-Concentre-actif-125ml-nova-para-maroc.jpg","contentUrl":"https:\/\/vitablanca.ma\/wp-content\/uploads\/2025\/06\/Placentor-Special-vergetures-Concentre-actif-125ml-nova-para-maroc.jpg","width":1000,"height":1000},{"@type":"BreadcrumbList","@id":"https:\/\/vitablanca.ma\/produit\/placentor-special-vergetures-concentre-actif-125ml\/#breadcrumb","itemListElement":[{"@type":"ListItem","position":1,"name":"Home","item":"https:\/\/vitablanca.ma\/"},{"@type":"ListItem","position":2,"name":"Tous Les Produits","item":"https:\/\/vitablanca.ma\/tous-les-produits\/"},{"@type":"ListItem","position":3,"name":"Placentor Sp\u00e9cial vergetures Concentr\u00e9 actif 125ml"}]},{"@type":"WebSite","@id":"https:\/\/vitablanca.ma\/#website","url":"https:\/\/vitablanca.ma\/","name":"VitaBlanca.ma | \u0627\u0644\u0645\u0643\u0645\u0644\u0627\u062a \u0627\u0644\u063a\u0630\u0627\u0626\u064a\u0629\u060c \u0627\u0644\u0635\u062d\u0629 \u0648\u0627\u0644\u062c\u0645\u0627\u0644 \u0641\u064a \u0627\u0644\u0645\u063a\u0631\u0628","description":"\u0646\u0628\u064a\u0639 \u0641\u064a\u062a\u0627\u0645\u064a\u0646\u0627\u062a \u0648\u0645\u0643\u0645\u0644\u0627\u062a \u063a\u0630\u0627\u0626\u064a\u0629 \u0641\u0627\u062e\u0631\u0629 \u0645\u0646 \u0627\u0644\u0648\u0644\u0627\u064a\u0627\u062a \u0627\u0644\u0645\u062a\u062d\u062f\u0629 \u0627\u0644\u0623\u0645\u0631\u064a\u0643\u064a\u0629 \u0648\u0643\u0646\u062f\u0627 \u0648\u0646\u064a\u0648\u0632\u064a\u0644\u0646\u062f\u0627 \u0648\u0627\u0644\u0645\u063a\u0631\u0628 (\u0646\u0627\u0648 \u0641\u0648\u062f\u0632\u060c \u0633\u0648\u0644\u062c\u0627\u0631\u060c \u0645\u0627\u0646\u0648\u0643\u0627). \u062a\u0648\u0635\u064a\u0644 \u0633\u0631\u064a\u0639 \u0625\u0644\u0649 \u062c\u0645\u064a\u0639 \u0623\u0646\u062d\u0627\u0621 \u0627\u0644\u0645\u063a\u0631\u0628.","publisher":{"@id":"https:\/\/vitablanca.ma\/#organization"},"alternateName":"VitaBlanca.ma","potentialAction":[{"@type":"SearchAction","target":{"@type":"EntryPoint","urlTemplate":"https:\/\/vitablanca.ma\/?s={search_term_string}"},"query-input":{"@type":"PropertyValueSpecification","valueRequired":true,"valueName":"search_term_string"}}],"inLanguage":"ar"},{"@type":"Organization","@id":"https:\/\/vitablanca.ma\/#organization","name":"\u0641\u064a\u062a\u0627\u0628\u0644\u0627\u0646\u0643\u0627","url":"https:\/\/vitablanca.ma\/","logo":{"@type":"ImageObject","inLanguage":"ar","@id":"https:\/\/vitablanca.ma\/#\/schema\/logo\/image\/","url":"https:\/\/vitablanca.ma\/wp-content\/uploads\/2025\/05\/cropped-vitablanca.png","contentUrl":"https:\/\/vitablanca.ma\/wp-content\/uploads\/2025\/05\/cropped-vitablanca.png","width":360,"height":67,"caption":"VitaBlanca"},"image":{"@id":"https:\/\/vitablanca.ma\/#\/schema\/logo\/image\/"},"sameAs":["https:\/\/www.facebook.com\/profile.php?id=61576678196717","https:\/\/www.tiktok.com\/@vitablanca.ma","https:\/\/www.instagram.com\/vitablanca.ma\/"]}]}},"jetpack_sharing_enabled":true,"_links":{"self":[{"href":"https:\/\/vitablanca.ma\/ar\/wp-json\/wp\/v2\/product\/21317","targetHints":{"allow":["GET"]}}],"collection":[{"href":"https:\/\/vitablanca.ma\/ar\/wp-json\/wp\/v2\/product"}],"about":[{"href":"https:\/\/vitablanca.ma\/ar\/wp-json\/wp\/v2\/types\/product"}],"wp:featuredmedia":[{"embeddable":true,"href":"https:\/\/vitablanca.ma\/ar\/wp-json\/wp\/v2\/media\/21316"}],"wp:attachment":[{"href":"https:\/\/vitablanca.ma\/ar\/wp-json\/wp\/v2\/media?parent=21317"}],"wp:term":[{"taxonomy":"product_brand","embeddable":true,"href":"https:\/\/vitablanca.ma\/ar\/wp-json\/wp\/v2\/product_brand?post=21317"},{"taxonomy":"product_cat","embeddable":true,"href":"https:\/\/vitablanca.ma\/ar\/wp-json\/wp\/v2\/product_cat?post=21317"},{"taxonomy":"product_tag","embeddable":true,"href":"https:\/\/vitablanca.ma\/ar\/wp-json\/wp\/v2\/product_tag?post=21317"}],"curies":[{"name":"wp","href":"https:\/\/api.w.org\/{rel}","templated":true}]}}