{"id":21313,"date":"2025-06-11T21:19:08","date_gmt":"2025-06-11T21:19:08","guid":{"rendered":"https:\/\/vitablanca.ma\/product\/placentor-creme-regulatrice-50ml\/"},"modified":"2025-06-11T21:19:08","modified_gmt":"2025-06-11T21:19:08","slug":"placentor-creme-regulatrice-50ml","status":"publish","type":"product","link":"https:\/\/vitablanca.ma\/ar\/product-2\/placentor-creme-regulatrice-50ml\/","title":{"rendered":"Placentor Cr\u00e8me r\u00e9gulatrice 50ml"},"content":{"rendered":"<h2>Placentor Cr\u00e8me r\u00e9gulatrice, Soins Hydratants, Nourrissants Et Soins Purifiants, Peaux mixtes \u00e0 grasses<\/h2>\n<p>La Cr\u00e8me r\u00e9gulatrice est un soin r\u00e9gulateur et matifiant qui limite l\u2019exc\u00e8s de s\u00e9bum et purifie les peaux mixtes \u00e0 grasses. Les imperfections (boutons d\u2019acn\u00e9, points noirs, etc.) s\u2019att\u00e9nuent pour un teint plus net et un grain de peau affin\u00e9.<\/p>\n<h3>\u0646\u062a\u0627\u0626\u062c\u00a0<\/h3>\n<div id=\"tabs\">\n<div class=\"transition\" id=\"tabs_container\">\n<div class=\"hidescale make_transist showscale\" id=\"tabs-2\">\n<ul>\n<li>La Cr\u00e8me r\u00e9gulatrice permet d\u2019att\u00e9nuer les imperfections (boutons d\u2019acn\u00e9, points noirs).<\/li>\n<li>Le teint est net.<\/li>\n<li>La peau est matifi\u00e9e.<\/li>\n<\/ul>\n<h3>\u062a\u0639\u0644\u064a\u0645\u0627\u062a \u0627\u0644\u0627\u0633\u062a\u062e\u062f\u0627\u0645<\/h3>\n<div id=\"tabs\">\n<div class=\"transition\" id=\"tabs_container\">\n<div class=\"hidescale make_transist showscale\" id=\"tabs-5\">\n<p>Appliquer la Cr\u00e8me r\u00e9gulatrice matin et soir sur le visage ou localement sur les zones \u00e0 traiter.<\/p>\n<\/div>\n<\/div>\n<\/div>\n<h3>\u0645\u0643\u0648\u0646\u0627\u062a\u00a0<\/h3>\n<\/div>\n<div class=\"hidescale make_transist\" id=\"tabs-3\">\n<p>Aqua, Caprylic\/capric triglyceride**, Octyldodecyl myristate**, Glyceryl stearate**, Butylene glycol, Cetyl alcohol**, Aluminum starch octenylsuccinate, Prunus armeniaca kernel oil**, Propylene glycol, PEG-75 stearate, Glycerin**, Hydrolyzed soy protein**, Phenoxyethanol, Calendula officinalis flower extract**, Iris florentina root extract**, Carbomer, Cinnamomum zeylanicum bark extract**, Parfum, Ethylhexylglycerin, Sodium hydroxide , Phytic acid**, Benzyl salicylate, Tocopherol**, Zinc PCA, Linalool , Hexyl cinnamal, Alpha-isomethyl ionone, Hydroxycitronellal, Eugenol, Helianthus annuus seed oil**, Geraniol, Glycine soja oil**, Citronellol, Sorbic acid<\/p>\n<p>** Origine v\u00e9g\u00e9tale<\/p>\n<\/div>\n<\/div>\n<\/div>","protected":false},"excerpt":{"rendered":"<p>Placentor Cr\u00e8me r\u00e9gulatrice, Soins Hydratants, Nourrissants Et Soins Purifiants, Peaux mixtes \u00e0 grasses La Cr\u00e8me r\u00e9gulatrice est un soin r\u00e9gulateur et matifiant qui limite l\u2019exc\u00e8s de s\u00e9bum et purifie les peaux mixtes \u00e0 grasses. Les imperfections (boutons d\u2019acn\u00e9, points noirs, etc.) s\u2019att\u00e9nuent pour un teint plus net et un grain de peau affin\u00e9. R\u00c9SULTATS\u00a0 La [&hellip;]<\/p>\n","protected":false},"featured_media":21312,"template":"","meta":{"om_disable_all_campaigns":false},"product_brand":[],"product_cat":[15],"product_tag":[],"class_list":{"0":"post-21313","1":"product","2":"type-product","3":"status-publish","4":"has-post-thumbnail","6":"product_cat-beaute-sante-complements-alimentaires-soins-et-bien-etre-au-meilleur-prix","8":"first","9":"instock","10":"sale","11":"taxable","12":"shipping-taxable","13":"purchasable","14":"product-type-simple"},"yoast_head":"<!-- This site is optimized with the Yoast SEO plugin v27.3 - https:\/\/yoast.com\/product\/yoast-seo-wordpress\/ -->\n<title>Placentor Cr\u00e8me r\u00e9gulatrice 50ml - Maroc Prix<\/title>\n<meta name=\"description\" content=\"Placentor Cr\u00e8me r\u00e9gulatrice 50ml\" \/>\n<meta name=\"robots\" content=\"index, follow, max-snippet:-1, max-image-preview:large, max-video-preview:-1\" \/>\n<link rel=\"canonical\" href=\"https:\/\/vitablanca.ma\/ar\/product-2\/placentor-creme-regulatrice-50ml\/\" \/>\n<meta property=\"og:locale\" content=\"ar_AR\" \/>\n<meta property=\"og:type\" content=\"article\" \/>\n<meta property=\"og:title\" content=\"Placentor Cr\u00e8me r\u00e9gulatrice 50ml - Maroc Prix\" \/>\n<meta property=\"og:description\" content=\"Placentor Cr\u00e8me r\u00e9gulatrice 50ml\" \/>\n<meta property=\"og:url\" content=\"https:\/\/vitablanca.ma\/ar\/product-2\/placentor-creme-regulatrice-50ml\/\" \/>\n<meta property=\"og:site_name\" content=\"Vitablanca.ma &ndash; Sant&eacute;, vitalit&eacute; et bien-&ecirc;tre pour tous les Marocains\" \/>\n<meta property=\"article:publisher\" content=\"https:\/\/www.facebook.com\/profile.php?id=61576678196717\" \/>\n<meta property=\"og:image\" content=\"https:\/\/vitablanca.ma\/wp-content\/uploads\/2025\/06\/Placentor-Creme-regulatrice-50ml-nova-parapharmacie-maroc.jpg\" \/>\n\t<meta property=\"og:image:width\" content=\"1000\" \/>\n\t<meta property=\"og:image:height\" content=\"1000\" \/>\n\t<meta property=\"og:image:type\" content=\"image\/jpeg\" \/>\n<meta name=\"twitter:card\" content=\"summary_large_image\" \/>\n<meta name=\"twitter:label1\" content=\"\u0648\u0642\u062a \u0627\u0644\u0642\u0631\u0627\u0621\u0629 \u0627\u0644\u0645\u064f\u0642\u062f\u0651\u0631\" \/>\n\t<meta name=\"twitter:data1\" content=\"\u062f\u0642\u064a\u0642\u0629 \u0648\u0627\u062d\u062f\u0629\" \/>\n<script type=\"application\/ld+json\" class=\"yoast-schema-graph\">{\"@context\":\"https:\\\/\\\/schema.org\",\"@graph\":[{\"@type\":[\"WebPage\",\"ItemPage\"],\"@id\":\"https:\\\/\\\/vitablanca.ma\\\/produit\\\/placentor-creme-regulatrice-50ml\\\/\",\"url\":\"https:\\\/\\\/vitablanca.ma\\\/produit\\\/placentor-creme-regulatrice-50ml\\\/\",\"name\":\"Placentor Cr\u00e8me r\u00e9gulatrice 50ml - Maroc Prix\",\"isPartOf\":{\"@id\":\"https:\\\/\\\/vitablanca.ma\\\/#website\"},\"primaryImageOfPage\":{\"@id\":\"https:\\\/\\\/vitablanca.ma\\\/produit\\\/placentor-creme-regulatrice-50ml\\\/#primaryimage\"},\"image\":{\"@id\":\"https:\\\/\\\/vitablanca.ma\\\/produit\\\/placentor-creme-regulatrice-50ml\\\/#primaryimage\"},\"thumbnailUrl\":\"https:\\\/\\\/vitablanca.ma\\\/wp-content\\\/uploads\\\/2025\\\/06\\\/Placentor-Creme-regulatrice-50ml-nova-parapharmacie-maroc.jpg\",\"datePublished\":\"2025-06-11T21:19:08+00:00\",\"description\":\"Placentor Cr\u00e8me r\u00e9gulatrice 50ml\",\"breadcrumb\":{\"@id\":\"https:\\\/\\\/vitablanca.ma\\\/produit\\\/placentor-creme-regulatrice-50ml\\\/#breadcrumb\"},\"inLanguage\":\"ar\",\"potentialAction\":[{\"@type\":\"ReadAction\",\"target\":[\"https:\\\/\\\/vitablanca.ma\\\/produit\\\/placentor-creme-regulatrice-50ml\\\/\"]}]},{\"@type\":\"ImageObject\",\"inLanguage\":\"ar\",\"@id\":\"https:\\\/\\\/vitablanca.ma\\\/produit\\\/placentor-creme-regulatrice-50ml\\\/#primaryimage\",\"url\":\"https:\\\/\\\/vitablanca.ma\\\/wp-content\\\/uploads\\\/2025\\\/06\\\/Placentor-Creme-regulatrice-50ml-nova-parapharmacie-maroc.jpg\",\"contentUrl\":\"https:\\\/\\\/vitablanca.ma\\\/wp-content\\\/uploads\\\/2025\\\/06\\\/Placentor-Creme-regulatrice-50ml-nova-parapharmacie-maroc.jpg\",\"width\":1000,\"height\":1000},{\"@type\":\"BreadcrumbList\",\"@id\":\"https:\\\/\\\/vitablanca.ma\\\/produit\\\/placentor-creme-regulatrice-50ml\\\/#breadcrumb\",\"itemListElement\":[{\"@type\":\"ListItem\",\"position\":1,\"name\":\"Home\",\"item\":\"https:\\\/\\\/vitablanca.ma\\\/\"},{\"@type\":\"ListItem\",\"position\":2,\"name\":\"Tous Les Produits\",\"item\":\"https:\\\/\\\/vitablanca.ma\\\/tous-les-produits\\\/\"},{\"@type\":\"ListItem\",\"position\":3,\"name\":\"Placentor Cr\u00e8me r\u00e9gulatrice 50ml\"}]},{\"@type\":\"WebSite\",\"@id\":\"https:\\\/\\\/vitablanca.ma\\\/#website\",\"url\":\"https:\\\/\\\/vitablanca.ma\\\/\",\"name\":\"VitaBlanca.ma | Compl\u00e9ments alimentaires, sant\u00e9 & beaut\u00e9 au Maroc\",\"description\":\"vendre vitamines et compl\u00e9ments premium des USA &amp; Canada, Nouvelle Z\u00e9lande,Maroc (NOW Foods, Solgar, Manuka). Livraison rapide partout au Maroc.\",\"publisher\":{\"@id\":\"https:\\\/\\\/vitablanca.ma\\\/#organization\"},\"alternateName\":\"VitaBlanca.ma\",\"potentialAction\":[{\"@type\":\"SearchAction\",\"target\":{\"@type\":\"EntryPoint\",\"urlTemplate\":\"https:\\\/\\\/vitablanca.ma\\\/?s={search_term_string}\"},\"query-input\":{\"@type\":\"PropertyValueSpecification\",\"valueRequired\":true,\"valueName\":\"search_term_string\"}}],\"inLanguage\":\"ar\"},{\"@type\":\"Organization\",\"@id\":\"https:\\\/\\\/vitablanca.ma\\\/#organization\",\"name\":\"VitaBlanca\",\"url\":\"https:\\\/\\\/vitablanca.ma\\\/\",\"logo\":{\"@type\":\"ImageObject\",\"inLanguage\":\"ar\",\"@id\":\"https:\\\/\\\/vitablanca.ma\\\/#\\\/schema\\\/logo\\\/image\\\/\",\"url\":\"https:\\\/\\\/vitablanca.ma\\\/wp-content\\\/uploads\\\/2025\\\/05\\\/cropped-vitablanca.png\",\"contentUrl\":\"https:\\\/\\\/vitablanca.ma\\\/wp-content\\\/uploads\\\/2025\\\/05\\\/cropped-vitablanca.png\",\"width\":360,\"height\":67,\"caption\":\"VitaBlanca\"},\"image\":{\"@id\":\"https:\\\/\\\/vitablanca.ma\\\/#\\\/schema\\\/logo\\\/image\\\/\"},\"sameAs\":[\"https:\\\/\\\/www.facebook.com\\\/profile.php?id=61576678196717\",\"https:\\\/\\\/www.tiktok.com\\\/@vitablanca.ma\",\"https:\\\/\\\/www.instagram.com\\\/vitablanca.ma\\\/\"]}]}<\/script>\n<!-- \/ Yoast SEO plugin. -->","yoast_head_json":{"title":"Placentor Cr\u00e8me r\u00e9gulatrice 50ml - Maroc Prix","description":"Placentor Cr\u00e8me r\u00e9gulatrice 50ml","robots":{"index":"index","follow":"follow","max-snippet":"max-snippet:-1","max-image-preview":"max-image-preview:large","max-video-preview":"max-video-preview:-1"},"canonical":"https:\/\/vitablanca.ma\/ar\/product-2\/placentor-creme-regulatrice-50ml\/","og_locale":"ar_AR","og_type":"article","og_title":"Placentor Cr\u00e8me r\u00e9gulatrice 50ml - Maroc Prix","og_description":"Placentor Cr\u00e8me r\u00e9gulatrice 50ml","og_url":"https:\/\/vitablanca.ma\/ar\/product-2\/placentor-creme-regulatrice-50ml\/","og_site_name":"Vitablanca.ma &ndash; Sant&eacute;, vitalit&eacute; et bien-&ecirc;tre pour tous les Marocains","article_publisher":"https:\/\/www.facebook.com\/profile.php?id=61576678196717","og_image":[{"width":1000,"height":1000,"url":"https:\/\/vitablanca.ma\/wp-content\/uploads\/2025\/06\/Placentor-Creme-regulatrice-50ml-nova-parapharmacie-maroc.jpg","type":"image\/jpeg"}],"twitter_card":"summary_large_image","twitter_misc":{"\u0648\u0642\u062a \u0627\u0644\u0642\u0631\u0627\u0621\u0629 \u0627\u0644\u0645\u064f\u0642\u062f\u0651\u0631":"\u062f\u0642\u064a\u0642\u0629 \u0648\u0627\u062d\u062f\u0629"},"schema":{"@context":"https:\/\/schema.org","@graph":[{"@type":["WebPage","ItemPage"],"@id":"https:\/\/vitablanca.ma\/produit\/placentor-creme-regulatrice-50ml\/","url":"https:\/\/vitablanca.ma\/produit\/placentor-creme-regulatrice-50ml\/","name":"Placentor Cr\u00e8me r\u00e9gulatrice 50ml - Maroc Prix","isPartOf":{"@id":"https:\/\/vitablanca.ma\/#website"},"primaryImageOfPage":{"@id":"https:\/\/vitablanca.ma\/produit\/placentor-creme-regulatrice-50ml\/#primaryimage"},"image":{"@id":"https:\/\/vitablanca.ma\/produit\/placentor-creme-regulatrice-50ml\/#primaryimage"},"thumbnailUrl":"https:\/\/vitablanca.ma\/wp-content\/uploads\/2025\/06\/Placentor-Creme-regulatrice-50ml-nova-parapharmacie-maroc.jpg","datePublished":"2025-06-11T21:19:08+00:00","description":"Placentor Cr\u00e8me r\u00e9gulatrice 50ml","breadcrumb":{"@id":"https:\/\/vitablanca.ma\/produit\/placentor-creme-regulatrice-50ml\/#breadcrumb"},"inLanguage":"ar","potentialAction":[{"@type":"ReadAction","target":["https:\/\/vitablanca.ma\/produit\/placentor-creme-regulatrice-50ml\/"]}]},{"@type":"ImageObject","inLanguage":"ar","@id":"https:\/\/vitablanca.ma\/produit\/placentor-creme-regulatrice-50ml\/#primaryimage","url":"https:\/\/vitablanca.ma\/wp-content\/uploads\/2025\/06\/Placentor-Creme-regulatrice-50ml-nova-parapharmacie-maroc.jpg","contentUrl":"https:\/\/vitablanca.ma\/wp-content\/uploads\/2025\/06\/Placentor-Creme-regulatrice-50ml-nova-parapharmacie-maroc.jpg","width":1000,"height":1000},{"@type":"BreadcrumbList","@id":"https:\/\/vitablanca.ma\/produit\/placentor-creme-regulatrice-50ml\/#breadcrumb","itemListElement":[{"@type":"ListItem","position":1,"name":"Home","item":"https:\/\/vitablanca.ma\/"},{"@type":"ListItem","position":2,"name":"Tous Les Produits","item":"https:\/\/vitablanca.ma\/tous-les-produits\/"},{"@type":"ListItem","position":3,"name":"Placentor Cr\u00e8me r\u00e9gulatrice 50ml"}]},{"@type":"WebSite","@id":"https:\/\/vitablanca.ma\/#website","url":"https:\/\/vitablanca.ma\/","name":"VitaBlanca.ma | \u0627\u0644\u0645\u0643\u0645\u0644\u0627\u062a \u0627\u0644\u063a\u0630\u0627\u0626\u064a\u0629\u060c \u0627\u0644\u0635\u062d\u0629 \u0648\u0627\u0644\u062c\u0645\u0627\u0644 \u0641\u064a \u0627\u0644\u0645\u063a\u0631\u0628","description":"\u0646\u0628\u064a\u0639 \u0641\u064a\u062a\u0627\u0645\u064a\u0646\u0627\u062a \u0648\u0645\u0643\u0645\u0644\u0627\u062a \u063a\u0630\u0627\u0626\u064a\u0629 \u0641\u0627\u062e\u0631\u0629 \u0645\u0646 \u0627\u0644\u0648\u0644\u0627\u064a\u0627\u062a \u0627\u0644\u0645\u062a\u062d\u062f\u0629 \u0627\u0644\u0623\u0645\u0631\u064a\u0643\u064a\u0629 \u0648\u0643\u0646\u062f\u0627 \u0648\u0646\u064a\u0648\u0632\u064a\u0644\u0646\u062f\u0627 \u0648\u0627\u0644\u0645\u063a\u0631\u0628 (\u0646\u0627\u0648 \u0641\u0648\u062f\u0632\u060c \u0633\u0648\u0644\u062c\u0627\u0631\u060c \u0645\u0627\u0646\u0648\u0643\u0627). \u062a\u0648\u0635\u064a\u0644 \u0633\u0631\u064a\u0639 \u0625\u0644\u0649 \u062c\u0645\u064a\u0639 \u0623\u0646\u062d\u0627\u0621 \u0627\u0644\u0645\u063a\u0631\u0628.","publisher":{"@id":"https:\/\/vitablanca.ma\/#organization"},"alternateName":"VitaBlanca.ma","potentialAction":[{"@type":"SearchAction","target":{"@type":"EntryPoint","urlTemplate":"https:\/\/vitablanca.ma\/?s={search_term_string}"},"query-input":{"@type":"PropertyValueSpecification","valueRequired":true,"valueName":"search_term_string"}}],"inLanguage":"ar"},{"@type":"Organization","@id":"https:\/\/vitablanca.ma\/#organization","name":"\u0641\u064a\u062a\u0627\u0628\u0644\u0627\u0646\u0643\u0627","url":"https:\/\/vitablanca.ma\/","logo":{"@type":"ImageObject","inLanguage":"ar","@id":"https:\/\/vitablanca.ma\/#\/schema\/logo\/image\/","url":"https:\/\/vitablanca.ma\/wp-content\/uploads\/2025\/05\/cropped-vitablanca.png","contentUrl":"https:\/\/vitablanca.ma\/wp-content\/uploads\/2025\/05\/cropped-vitablanca.png","width":360,"height":67,"caption":"VitaBlanca"},"image":{"@id":"https:\/\/vitablanca.ma\/#\/schema\/logo\/image\/"},"sameAs":["https:\/\/www.facebook.com\/profile.php?id=61576678196717","https:\/\/www.tiktok.com\/@vitablanca.ma","https:\/\/www.instagram.com\/vitablanca.ma\/"]}]}},"jetpack_sharing_enabled":true,"_links":{"self":[{"href":"https:\/\/vitablanca.ma\/ar\/wp-json\/wp\/v2\/product\/21313","targetHints":{"allow":["GET"]}}],"collection":[{"href":"https:\/\/vitablanca.ma\/ar\/wp-json\/wp\/v2\/product"}],"about":[{"href":"https:\/\/vitablanca.ma\/ar\/wp-json\/wp\/v2\/types\/product"}],"wp:featuredmedia":[{"embeddable":true,"href":"https:\/\/vitablanca.ma\/ar\/wp-json\/wp\/v2\/media\/21312"}],"wp:attachment":[{"href":"https:\/\/vitablanca.ma\/ar\/wp-json\/wp\/v2\/media?parent=21313"}],"wp:term":[{"taxonomy":"product_brand","embeddable":true,"href":"https:\/\/vitablanca.ma\/ar\/wp-json\/wp\/v2\/product_brand?post=21313"},{"taxonomy":"product_cat","embeddable":true,"href":"https:\/\/vitablanca.ma\/ar\/wp-json\/wp\/v2\/product_cat?post=21313"},{"taxonomy":"product_tag","embeddable":true,"href":"https:\/\/vitablanca.ma\/ar\/wp-json\/wp\/v2\/product_tag?post=21313"}],"curies":[{"name":"wp","href":"https:\/\/api.w.org\/{rel}","templated":true}]}}