{"id":21311,"date":"2025-06-11T21:19:04","date_gmt":"2025-06-11T21:19:04","guid":{"rendered":"https:\/\/vitablanca.ma\/product\/placentor-creme-reparatrice-contour-yeux-et-levres-30ml\/"},"modified":"2025-06-11T21:19:04","modified_gmt":"2025-06-11T21:19:04","slug":"placentor-creme-reparatrice-contour-yeux-et-levres-30ml","status":"publish","type":"product","link":"https:\/\/vitablanca.ma\/ar\/product-2\/placentor-creme-reparatrice-contour-yeux-et-levres-30ml\/","title":{"rendered":"Placentor Cr\u00e8me r\u00e9paratrice contour yeux et l\u00e8vres 30ml"},"content":{"rendered":"<div data-mce-fragment=\"1\" class=\"col_prod_left\">\n<h2 data-mce-fragment=\"1\">Placentor Cr\u00e8me r\u00e9paratrice contour yeux et l\u00e8vres, Soins Anti-\u00c2ge, Poches, cernes, rides<\/h2>\n<\/div>\n<div data-mce-fragment=\"1\" class=\"col_prod_right\">\n<p>L\u2019action anti-\u00e2ge de la Cr\u00e8me r\u00e9paratrice contour des yeux et l\u00e8vres pr\u00e9vient et att\u00e9nue les rides et ridules du contour de l\u2019\u0153il et des l\u00e8vres. Les poches et les cernes sont progressivement diminu\u00e9s. Convient aux porteurs de lentilles.<\/p>\n<h3>\u0646\u062a\u0627\u0626\u062c\u00a0<\/h3>\n<div id=\"tabs-2\" class=\"hidescale make_transist showscale\">\n<ul>\n<li>La Cr\u00e8me r\u00e9paratrice yeux et l\u00e8vres lisse le contour des yeux et des l\u00e8vres.<\/li>\n<li>Le regard est frais et repos\u00e9.<\/li>\n<li>\u0627\u0644\u062c\u0644\u062f \u0645\u0631\u0646 \u0648\u0646\u0627\u0639\u0645.<\/li>\n<\/ul>\n<\/div>\n<\/div>\n<h3 data-mce-fragment=\"1\" class=\"clear\">\u062a\u0639\u0644\u064a\u0645\u0627\u062a \u0627\u0644\u0627\u0633\u062a\u062e\u062f\u0627\u0645<\/h3>\n<ul>\n<li><span>Appliquer matin et soir la Cr\u00e8me r\u00e9paratrice contour de yeux et l\u00e8vres par de l\u00e9gers tapotements sur le<\/span><\/li>\n<li><span>contour des yeux et des l\u00e8vres.<\/span><\/li>\n<li><span>Il est conseill\u00e9 de l\u2019utiliser uniquement sur la paupi\u00e8re inf\u00e9rieure.<\/span><\/li>\n<\/ul>\n<h3><span>\u0645\u0643\u0648\u0646\u0627\u062a\u00a0<\/span><\/h3>\n<div id=\"tabs-3\" class=\"hidescale make_transist showscale\">\n<p>Aqua, Prunus armeniaca kernel oil, Peg-8 beeswax, Isostearyl isostearate, Caprylic\/capric triglyceride, Glycerin, Hydrolyzed soy protein, Hydrolyzed collagen, Phenoxyethanol, Cetyl alcohol, Carbomer, Sodium dehydroacetate, Tocopherol, Fagus sylvatica bud extract, Sodium hydroxide , Parfum, Benzyl alcohol, Helianthus annuus seed oil, 2-(4-tert-butylbenzyl)propionaldehyde (butylphenyl methylpropional), Hexyl cinnamal, Hydroxyisohexyl 3-cyclohexene carboxaldehyde, Hydroxycitronellal, Citronellol, Cinnamyl alcohol, Benzoic acid, Geraniol, Sorbic acid.<\/p>\n<\/div>","protected":false},"excerpt":{"rendered":"<p>Placentor Cr\u00e8me r\u00e9paratrice contour yeux et l\u00e8vres, Soins Anti-\u00c2ge, Poches, cernes, rides L\u2019action anti-\u00e2ge de la Cr\u00e8me r\u00e9paratrice contour des yeux et l\u00e8vres pr\u00e9vient et att\u00e9nue les rides et ridules du contour de l\u2019\u0153il et des l\u00e8vres. Les poches et les cernes sont progressivement diminu\u00e9s. Convient aux porteurs de lentilles. R\u00c9SULTATS\u00a0 La Cr\u00e8me r\u00e9paratrice yeux [&hellip;]<\/p>\n","protected":false},"featured_media":21310,"template":"","meta":{"om_disable_all_campaigns":false},"product_brand":[],"product_cat":[15],"product_tag":[],"class_list":{"0":"post-21311","1":"product","2":"type-product","3":"status-publish","4":"has-post-thumbnail","6":"product_cat-beaute-sante-complements-alimentaires-soins-et-bien-etre-au-meilleur-prix","8":"first","9":"instock","10":"sale","11":"taxable","12":"shipping-taxable","13":"purchasable","14":"product-type-simple"},"yoast_head":"<!-- This site is optimized with the Yoast SEO plugin v27.3 - https:\/\/yoast.com\/product\/yoast-seo-wordpress\/ -->\n<title>Placentor Cr\u00e8me r\u00e9paratrice contour yeux et l\u00e8vres 30ml - Maroc Prix<\/title>\n<meta name=\"description\" content=\"Placentor Cr\u00e8me r\u00e9paratrice contour yeux et l\u00e8vres 30ml\" \/>\n<meta name=\"robots\" content=\"index, follow, max-snippet:-1, max-image-preview:large, max-video-preview:-1\" \/>\n<link rel=\"canonical\" href=\"https:\/\/vitablanca.ma\/ar\/product-2\/placentor-creme-reparatrice-contour-yeux-et-levres-30ml\/\" \/>\n<meta property=\"og:locale\" content=\"ar_AR\" \/>\n<meta property=\"og:type\" content=\"article\" \/>\n<meta property=\"og:title\" content=\"Placentor Cr\u00e8me r\u00e9paratrice contour yeux et l\u00e8vres 30ml - Maroc Prix\" \/>\n<meta property=\"og:description\" content=\"Placentor Cr\u00e8me r\u00e9paratrice contour yeux et l\u00e8vres 30ml\" \/>\n<meta property=\"og:url\" content=\"https:\/\/vitablanca.ma\/ar\/product-2\/placentor-creme-reparatrice-contour-yeux-et-levres-30ml\/\" \/>\n<meta property=\"og:site_name\" content=\"Vitablanca.ma &ndash; Sant&eacute;, vitalit&eacute; et bien-&ecirc;tre pour tous les Marocains\" \/>\n<meta property=\"article:publisher\" content=\"https:\/\/www.facebook.com\/profile.php?id=61576678196717\" \/>\n<meta property=\"og:image\" content=\"https:\/\/vitablanca.ma\/wp-content\/uploads\/2025\/06\/Placentor-Creme-reparatrice-contour-yeux-et-levres-30ml-nova-parapharmacie-casablanca.jpg\" \/>\n\t<meta property=\"og:image:width\" content=\"1000\" \/>\n\t<meta property=\"og:image:height\" content=\"1000\" \/>\n\t<meta property=\"og:image:type\" content=\"image\/jpeg\" \/>\n<meta name=\"twitter:card\" content=\"summary_large_image\" \/>\n<meta name=\"twitter:label1\" content=\"\u0648\u0642\u062a \u0627\u0644\u0642\u0631\u0627\u0621\u0629 \u0627\u0644\u0645\u064f\u0642\u062f\u0651\u0631\" \/>\n\t<meta name=\"twitter:data1\" content=\"\u062f\u0642\u064a\u0642\u0629 \u0648\u0627\u062d\u062f\u0629\" \/>\n<script type=\"application\/ld+json\" class=\"yoast-schema-graph\">{\"@context\":\"https:\\\/\\\/schema.org\",\"@graph\":[{\"@type\":[\"WebPage\",\"ItemPage\"],\"@id\":\"https:\\\/\\\/vitablanca.ma\\\/produit\\\/placentor-creme-reparatrice-contour-yeux-et-levres-30ml\\\/\",\"url\":\"https:\\\/\\\/vitablanca.ma\\\/produit\\\/placentor-creme-reparatrice-contour-yeux-et-levres-30ml\\\/\",\"name\":\"Placentor Cr\u00e8me r\u00e9paratrice contour yeux et l\u00e8vres 30ml - Maroc Prix\",\"isPartOf\":{\"@id\":\"https:\\\/\\\/vitablanca.ma\\\/#website\"},\"primaryImageOfPage\":{\"@id\":\"https:\\\/\\\/vitablanca.ma\\\/produit\\\/placentor-creme-reparatrice-contour-yeux-et-levres-30ml\\\/#primaryimage\"},\"image\":{\"@id\":\"https:\\\/\\\/vitablanca.ma\\\/produit\\\/placentor-creme-reparatrice-contour-yeux-et-levres-30ml\\\/#primaryimage\"},\"thumbnailUrl\":\"https:\\\/\\\/vitablanca.ma\\\/wp-content\\\/uploads\\\/2025\\\/06\\\/Placentor-Creme-reparatrice-contour-yeux-et-levres-30ml-nova-parapharmacie-casablanca.jpg\",\"datePublished\":\"2025-06-11T21:19:04+00:00\",\"description\":\"Placentor Cr\u00e8me r\u00e9paratrice contour yeux et l\u00e8vres 30ml\",\"breadcrumb\":{\"@id\":\"https:\\\/\\\/vitablanca.ma\\\/produit\\\/placentor-creme-reparatrice-contour-yeux-et-levres-30ml\\\/#breadcrumb\"},\"inLanguage\":\"ar\",\"potentialAction\":[{\"@type\":\"ReadAction\",\"target\":[\"https:\\\/\\\/vitablanca.ma\\\/produit\\\/placentor-creme-reparatrice-contour-yeux-et-levres-30ml\\\/\"]}]},{\"@type\":\"ImageObject\",\"inLanguage\":\"ar\",\"@id\":\"https:\\\/\\\/vitablanca.ma\\\/produit\\\/placentor-creme-reparatrice-contour-yeux-et-levres-30ml\\\/#primaryimage\",\"url\":\"https:\\\/\\\/vitablanca.ma\\\/wp-content\\\/uploads\\\/2025\\\/06\\\/Placentor-Creme-reparatrice-contour-yeux-et-levres-30ml-nova-parapharmacie-casablanca.jpg\",\"contentUrl\":\"https:\\\/\\\/vitablanca.ma\\\/wp-content\\\/uploads\\\/2025\\\/06\\\/Placentor-Creme-reparatrice-contour-yeux-et-levres-30ml-nova-parapharmacie-casablanca.jpg\",\"width\":1000,\"height\":1000},{\"@type\":\"BreadcrumbList\",\"@id\":\"https:\\\/\\\/vitablanca.ma\\\/produit\\\/placentor-creme-reparatrice-contour-yeux-et-levres-30ml\\\/#breadcrumb\",\"itemListElement\":[{\"@type\":\"ListItem\",\"position\":1,\"name\":\"Home\",\"item\":\"https:\\\/\\\/vitablanca.ma\\\/\"},{\"@type\":\"ListItem\",\"position\":2,\"name\":\"Tous Les Produits\",\"item\":\"https:\\\/\\\/vitablanca.ma\\\/tous-les-produits\\\/\"},{\"@type\":\"ListItem\",\"position\":3,\"name\":\"Placentor Cr\u00e8me r\u00e9paratrice contour yeux et l\u00e8vres 30ml\"}]},{\"@type\":\"WebSite\",\"@id\":\"https:\\\/\\\/vitablanca.ma\\\/#website\",\"url\":\"https:\\\/\\\/vitablanca.ma\\\/\",\"name\":\"VitaBlanca.ma | Compl\u00e9ments alimentaires, sant\u00e9 & beaut\u00e9 au Maroc\",\"description\":\"vendre vitamines et compl\u00e9ments premium des USA &amp; Canada, Nouvelle Z\u00e9lande,Maroc (NOW Foods, Solgar, Manuka). Livraison rapide partout au Maroc.\",\"publisher\":{\"@id\":\"https:\\\/\\\/vitablanca.ma\\\/#organization\"},\"alternateName\":\"VitaBlanca.ma\",\"potentialAction\":[{\"@type\":\"SearchAction\",\"target\":{\"@type\":\"EntryPoint\",\"urlTemplate\":\"https:\\\/\\\/vitablanca.ma\\\/?s={search_term_string}\"},\"query-input\":{\"@type\":\"PropertyValueSpecification\",\"valueRequired\":true,\"valueName\":\"search_term_string\"}}],\"inLanguage\":\"ar\"},{\"@type\":\"Organization\",\"@id\":\"https:\\\/\\\/vitablanca.ma\\\/#organization\",\"name\":\"VitaBlanca\",\"url\":\"https:\\\/\\\/vitablanca.ma\\\/\",\"logo\":{\"@type\":\"ImageObject\",\"inLanguage\":\"ar\",\"@id\":\"https:\\\/\\\/vitablanca.ma\\\/#\\\/schema\\\/logo\\\/image\\\/\",\"url\":\"https:\\\/\\\/vitablanca.ma\\\/wp-content\\\/uploads\\\/2025\\\/05\\\/cropped-vitablanca.png\",\"contentUrl\":\"https:\\\/\\\/vitablanca.ma\\\/wp-content\\\/uploads\\\/2025\\\/05\\\/cropped-vitablanca.png\",\"width\":360,\"height\":67,\"caption\":\"VitaBlanca\"},\"image\":{\"@id\":\"https:\\\/\\\/vitablanca.ma\\\/#\\\/schema\\\/logo\\\/image\\\/\"},\"sameAs\":[\"https:\\\/\\\/www.facebook.com\\\/profile.php?id=61576678196717\",\"https:\\\/\\\/www.tiktok.com\\\/@vitablanca.ma\",\"https:\\\/\\\/www.instagram.com\\\/vitablanca.ma\\\/\"]}]}<\/script>\n<!-- \/ Yoast SEO plugin. -->","yoast_head_json":{"title":"Placentor Cr\u00e8me r\u00e9paratrice contour yeux et l\u00e8vres 30ml - Maroc Prix","description":"Placentor Cr\u00e8me r\u00e9paratrice contour yeux et l\u00e8vres 30ml","robots":{"index":"index","follow":"follow","max-snippet":"max-snippet:-1","max-image-preview":"max-image-preview:large","max-video-preview":"max-video-preview:-1"},"canonical":"https:\/\/vitablanca.ma\/ar\/product-2\/placentor-creme-reparatrice-contour-yeux-et-levres-30ml\/","og_locale":"ar_AR","og_type":"article","og_title":"Placentor Cr\u00e8me r\u00e9paratrice contour yeux et l\u00e8vres 30ml - Maroc Prix","og_description":"Placentor Cr\u00e8me r\u00e9paratrice contour yeux et l\u00e8vres 30ml","og_url":"https:\/\/vitablanca.ma\/ar\/product-2\/placentor-creme-reparatrice-contour-yeux-et-levres-30ml\/","og_site_name":"Vitablanca.ma &ndash; Sant&eacute;, vitalit&eacute; et bien-&ecirc;tre pour tous les Marocains","article_publisher":"https:\/\/www.facebook.com\/profile.php?id=61576678196717","og_image":[{"width":1000,"height":1000,"url":"https:\/\/vitablanca.ma\/wp-content\/uploads\/2025\/06\/Placentor-Creme-reparatrice-contour-yeux-et-levres-30ml-nova-parapharmacie-casablanca.jpg","type":"image\/jpeg"}],"twitter_card":"summary_large_image","twitter_misc":{"\u0648\u0642\u062a \u0627\u0644\u0642\u0631\u0627\u0621\u0629 \u0627\u0644\u0645\u064f\u0642\u062f\u0651\u0631":"\u062f\u0642\u064a\u0642\u0629 \u0648\u0627\u062d\u062f\u0629"},"schema":{"@context":"https:\/\/schema.org","@graph":[{"@type":["WebPage","ItemPage"],"@id":"https:\/\/vitablanca.ma\/produit\/placentor-creme-reparatrice-contour-yeux-et-levres-30ml\/","url":"https:\/\/vitablanca.ma\/produit\/placentor-creme-reparatrice-contour-yeux-et-levres-30ml\/","name":"Placentor Cr\u00e8me r\u00e9paratrice contour yeux et l\u00e8vres 30ml - Maroc Prix","isPartOf":{"@id":"https:\/\/vitablanca.ma\/#website"},"primaryImageOfPage":{"@id":"https:\/\/vitablanca.ma\/produit\/placentor-creme-reparatrice-contour-yeux-et-levres-30ml\/#primaryimage"},"image":{"@id":"https:\/\/vitablanca.ma\/produit\/placentor-creme-reparatrice-contour-yeux-et-levres-30ml\/#primaryimage"},"thumbnailUrl":"https:\/\/vitablanca.ma\/wp-content\/uploads\/2025\/06\/Placentor-Creme-reparatrice-contour-yeux-et-levres-30ml-nova-parapharmacie-casablanca.jpg","datePublished":"2025-06-11T21:19:04+00:00","description":"Placentor Cr\u00e8me r\u00e9paratrice contour yeux et l\u00e8vres 30ml","breadcrumb":{"@id":"https:\/\/vitablanca.ma\/produit\/placentor-creme-reparatrice-contour-yeux-et-levres-30ml\/#breadcrumb"},"inLanguage":"ar","potentialAction":[{"@type":"ReadAction","target":["https:\/\/vitablanca.ma\/produit\/placentor-creme-reparatrice-contour-yeux-et-levres-30ml\/"]}]},{"@type":"ImageObject","inLanguage":"ar","@id":"https:\/\/vitablanca.ma\/produit\/placentor-creme-reparatrice-contour-yeux-et-levres-30ml\/#primaryimage","url":"https:\/\/vitablanca.ma\/wp-content\/uploads\/2025\/06\/Placentor-Creme-reparatrice-contour-yeux-et-levres-30ml-nova-parapharmacie-casablanca.jpg","contentUrl":"https:\/\/vitablanca.ma\/wp-content\/uploads\/2025\/06\/Placentor-Creme-reparatrice-contour-yeux-et-levres-30ml-nova-parapharmacie-casablanca.jpg","width":1000,"height":1000},{"@type":"BreadcrumbList","@id":"https:\/\/vitablanca.ma\/produit\/placentor-creme-reparatrice-contour-yeux-et-levres-30ml\/#breadcrumb","itemListElement":[{"@type":"ListItem","position":1,"name":"Home","item":"https:\/\/vitablanca.ma\/"},{"@type":"ListItem","position":2,"name":"Tous Les Produits","item":"https:\/\/vitablanca.ma\/tous-les-produits\/"},{"@type":"ListItem","position":3,"name":"Placentor Cr\u00e8me r\u00e9paratrice contour yeux et l\u00e8vres 30ml"}]},{"@type":"WebSite","@id":"https:\/\/vitablanca.ma\/#website","url":"https:\/\/vitablanca.ma\/","name":"VitaBlanca.ma | \u0627\u0644\u0645\u0643\u0645\u0644\u0627\u062a \u0627\u0644\u063a\u0630\u0627\u0626\u064a\u0629\u060c \u0627\u0644\u0635\u062d\u0629 \u0648\u0627\u0644\u062c\u0645\u0627\u0644 \u0641\u064a \u0627\u0644\u0645\u063a\u0631\u0628","description":"\u0646\u0628\u064a\u0639 \u0641\u064a\u062a\u0627\u0645\u064a\u0646\u0627\u062a \u0648\u0645\u0643\u0645\u0644\u0627\u062a \u063a\u0630\u0627\u0626\u064a\u0629 \u0641\u0627\u062e\u0631\u0629 \u0645\u0646 \u0627\u0644\u0648\u0644\u0627\u064a\u0627\u062a \u0627\u0644\u0645\u062a\u062d\u062f\u0629 \u0627\u0644\u0623\u0645\u0631\u064a\u0643\u064a\u0629 \u0648\u0643\u0646\u062f\u0627 \u0648\u0646\u064a\u0648\u0632\u064a\u0644\u0646\u062f\u0627 \u0648\u0627\u0644\u0645\u063a\u0631\u0628 (\u0646\u0627\u0648 \u0641\u0648\u062f\u0632\u060c \u0633\u0648\u0644\u062c\u0627\u0631\u060c \u0645\u0627\u0646\u0648\u0643\u0627). \u062a\u0648\u0635\u064a\u0644 \u0633\u0631\u064a\u0639 \u0625\u0644\u0649 \u062c\u0645\u064a\u0639 \u0623\u0646\u062d\u0627\u0621 \u0627\u0644\u0645\u063a\u0631\u0628.","publisher":{"@id":"https:\/\/vitablanca.ma\/#organization"},"alternateName":"VitaBlanca.ma","potentialAction":[{"@type":"SearchAction","target":{"@type":"EntryPoint","urlTemplate":"https:\/\/vitablanca.ma\/?s={search_term_string}"},"query-input":{"@type":"PropertyValueSpecification","valueRequired":true,"valueName":"search_term_string"}}],"inLanguage":"ar"},{"@type":"Organization","@id":"https:\/\/vitablanca.ma\/#organization","name":"\u0641\u064a\u062a\u0627\u0628\u0644\u0627\u0646\u0643\u0627","url":"https:\/\/vitablanca.ma\/","logo":{"@type":"ImageObject","inLanguage":"ar","@id":"https:\/\/vitablanca.ma\/#\/schema\/logo\/image\/","url":"https:\/\/vitablanca.ma\/wp-content\/uploads\/2025\/05\/cropped-vitablanca.png","contentUrl":"https:\/\/vitablanca.ma\/wp-content\/uploads\/2025\/05\/cropped-vitablanca.png","width":360,"height":67,"caption":"VitaBlanca"},"image":{"@id":"https:\/\/vitablanca.ma\/#\/schema\/logo\/image\/"},"sameAs":["https:\/\/www.facebook.com\/profile.php?id=61576678196717","https:\/\/www.tiktok.com\/@vitablanca.ma","https:\/\/www.instagram.com\/vitablanca.ma\/"]}]}},"jetpack_sharing_enabled":true,"_links":{"self":[{"href":"https:\/\/vitablanca.ma\/ar\/wp-json\/wp\/v2\/product\/21311","targetHints":{"allow":["GET"]}}],"collection":[{"href":"https:\/\/vitablanca.ma\/ar\/wp-json\/wp\/v2\/product"}],"about":[{"href":"https:\/\/vitablanca.ma\/ar\/wp-json\/wp\/v2\/types\/product"}],"wp:featuredmedia":[{"embeddable":true,"href":"https:\/\/vitablanca.ma\/ar\/wp-json\/wp\/v2\/media\/21310"}],"wp:attachment":[{"href":"https:\/\/vitablanca.ma\/ar\/wp-json\/wp\/v2\/media?parent=21311"}],"wp:term":[{"taxonomy":"product_brand","embeddable":true,"href":"https:\/\/vitablanca.ma\/ar\/wp-json\/wp\/v2\/product_brand?post=21311"},{"taxonomy":"product_cat","embeddable":true,"href":"https:\/\/vitablanca.ma\/ar\/wp-json\/wp\/v2\/product_cat?post=21311"},{"taxonomy":"product_tag","embeddable":true,"href":"https:\/\/vitablanca.ma\/ar\/wp-json\/wp\/v2\/product_tag?post=21311"}],"curies":[{"name":"wp","href":"https:\/\/api.w.org\/{rel}","templated":true}]}}