{"id":21292,"date":"2025-06-11T21:18:14","date_gmt":"2025-06-11T21:18:14","guid":{"rendered":"https:\/\/vitablanca.ma\/product\/parodontax-au-fluor-gel-75ml\/"},"modified":"2025-06-11T21:18:14","modified_gmt":"2025-06-11T21:18:14","slug":"parodontax-au-fluor-gel-75ml","status":"publish","type":"product","link":"https:\/\/vitablanca.ma\/ar\/product-2\/parodontax-au-fluor-gel-75ml\/","title":{"rendered":"\u062c\u0644 \u0628\u0627\u0631\u0648\u062f\u0648\u0646\u062a\u0627\u0643\u0633 \u0628\u0627\u0644\u0641\u0644\u0648\u0631\u0627\u064a\u062f 75 \u0645\u0644"},"content":{"rendered":"<h2 data-mce-fragment=\"1\">Parodontax Au Fluor Gel <span data-mce-fragment=\"1\">con\u00e7u pour soulager les\u00a0<\/span><strong data-mce-fragment=\"1\">gencives irrit\u00e9es<\/strong><span data-mce-fragment=\"1\">.<\/span><br \/>\n<\/h2>\n<h3 data-mce-fragment=\"1\">Une p\u00e2te gingivale pour des dents et gencives saines<\/h3>\n<p data-mce-fragment=\"1\">\u0627\u0644\u00a0<strong data-mce-fragment=\"1\">dentifrice au fluor<\/strong>\u00a0et \u00e0 l\u2019\u00e9chinac\u00e9e de Parodontax est sp\u00e9cialement formul\u00e9 pour le soin des gencives sensibles. Employ\u00e9 quotidiennement, il contribue \u00e0 limiter les inflammations et\u00a0<strong data-mce-fragment=\"1\">combat les saignements occasionnels<\/strong>\u00a0au niveau de la muqueuse gingivale. Il procure \u00e9galement un nettoyage doux et efficace de la dentition. Pourvu d\u2019un go\u00fbt frais l\u00e9g\u00e8rement sal\u00e9, il laisse les dents impeccablement propres apr\u00e8s le brossage. Le\u00a0<strong data-mce-fragment=\"1\">dentifrice Parodontax<\/strong>\u00a0permet notamment de :<\/p>\n<ul data-mce-fragment=\"1\">\n<li data-mce-fragment=\"1\">soulager les\u00a0<strong data-mce-fragment=\"1\">gencives irrit\u00e9es<\/strong>\n<\/li>\n<li data-mce-fragment=\"1\">prot\u00e9ger la muqueuse gingivale<\/li>\n<li data-mce-fragment=\"1\">renforcer l\u2019\u00e9mail des dents<\/li>\n<\/ul>\n<h3 data-mce-fragment=\"1\">Une association d\u2019actifs et d\u2019extraits de plantes<\/h3>\n<p data-mce-fragment=\"1\">Ce dentifrice renferme une synergie d\u2019ingr\u00e9dients actifs et d\u2019extraits de plantes, dont le r\u00f4le est de garantir une hygi\u00e8ne optimale de l\u2019appareil bucco-dentaire :<\/p>\n<ul data-mce-fragment=\"1\">\n<li data-mce-fragment=\"1\">Le bicarbonate de sodium exerce une action assainissante et antibact\u00e9rienne. Il \u00e9quilibre le pH de la cavit\u00e9 buccale et participe \u00e0 la pr\u00e9vention du tartre.<\/li>\n<li data-mce-fragment=\"1\">Le fluorure de sodium consolide l\u2019\u00e9mail, augmentant sa r\u00e9sistance contre les substances acides et les agressions bact\u00e9riennes.<\/li>\n<li data-mce-fragment=\"1\">La racine de ratanhia\u00a0<strong data-mce-fragment=\"1\">r\u00e9duit les saignements<\/strong>\u00a0et apaise les gencives enfl\u00e9es gr\u00e2ce \u00e0 ses propri\u00e9t\u00e9s astringentes et anti-inflammatoires.<\/li>\n<li data-mce-fragment=\"1\">L\u2019\u00e9chinac\u00e9e pourpre\u00a0<strong data-mce-fragment=\"1\">fortifie les gencives<\/strong>\u00a0et calme les inflammations.<\/li>\n<li data-mce-fragment=\"1\">La fleur de camomille poss\u00e8de des vertus calmantes et adoucissantes.<\/li>\n<li data-mce-fragment=\"1\">La myrrhe revitalise les\u00a0<strong data-mce-fragment=\"1\">gencives irrit\u00e9es<\/strong>. Elle exerce une action cicatrisante et anti-inflammatoire.<\/li>\n<li data-mce-fragment=\"1\">L\u2019extrait de sauge\u00a0<strong data-mce-fragment=\"1\">soulage les gencives douloureuses<\/strong>\u00a0et enfl\u00e9es gr\u00e2ce \u00e0 ses propri\u00e9t\u00e9s antibact\u00e9riennes et cicatrisantes.<\/li>\n<li data-mce-fragment=\"1\">L\u2019huile essentielle de menthe poivr\u00e9e contribue \u00e0 limiter la prolif\u00e9ration bact\u00e9rienne au sein de la cavit\u00e9 buccale.<\/li>\n<\/ul>\n<p data-mce-fragment=\"1\">\u0627\u0644\u00a0<strong data-mce-fragment=\"1\">dentifrice pour les gencives<\/strong>\u00a0\u00e0 l\u2019\u00e9chinac\u00e9e et au fluor de Parodontax renforce les gencives et nettoie efficacement les dents.<\/p>\n<section class=\"section_native_menu tab_content_1  page-product-box tab-pane\">\n<div data-tab=\"21\">\n<h3 class=\"page-product-heading page-heading-title\"><span>\u0637\u0631\u064a\u0642\u0629 \u0627\u0644\u0627\u0633\u062a\u062e\u062f\u0627\u0645<\/span><\/h3>\n<div class=\"wrapper-content-tabs\">\n<p>D\u00e9posez une noisette de dentifrice sur votre brosse \u00e0 dents, puis proc\u00e9dez au nettoyage des dents en effectuant de l\u00e9gers mouvements circulaires, tout en veillant \u00e0 brosser de la racine vers l\u2019extr\u00e9mit\u00e9 de la couronne. R\u00e9p\u00e9tez cette op\u00e9ration pendant 2 \u00e0 3 minutes apr\u00e8s chaque repas.<\/p>\n<\/div>\n<\/div>\n<\/section>\n<section class=\"section_native_menu tab_content_4  page-product-box tab-pane\">\n<div data-tab=\"24\">\n<h3 class=\"page-product-heading page-heading-title\"><span>\u062a\u0639\u0628\u064a\u0631<\/span><\/h3>\n<div class=\"wrapper-content-tabs\">\n<p>Formule INCI : Sodium Bicarbonate, Aqua, Glycerin, Cocamidopropyl Betaine, Alcohol, Krameria Triandra Extract, Echinacea Purpurea Flower\/Leaf\/Stem Juice, Alcohol Denat, Xanthan Gum, Chamomilla Recutita Extract, Commiphora Myrrha Extract, Sodium Fluoride, Sodium Saccharin, Sodium Benzoate, Salvia Officinalis Oil, Mentha Piperita Oil, Mentha Arvensis Oil, Limonene, CI 77491.<\/p>\n<\/div>\n<\/div>\n<\/section>","protected":false},"excerpt":{"rendered":"<p>Parodontax Au Fluor Gel con\u00e7u pour soulager les\u00a0gencives irrit\u00e9es. Une p\u00e2te gingivale pour des dents et gencives saines Le\u00a0dentifrice au fluor\u00a0et \u00e0 l\u2019\u00e9chinac\u00e9e de Parodontax est sp\u00e9cialement formul\u00e9 pour le soin des gencives sensibles. Employ\u00e9 quotidiennement, il contribue \u00e0 limiter les inflammations et\u00a0combat les saignements occasionnels\u00a0au niveau de la muqueuse gingivale. Il procure \u00e9galement un [&hellip;]<\/p>\n","protected":false},"featured_media":21291,"template":"","meta":{"om_disable_all_campaigns":false},"product_brand":[],"product_cat":[15],"product_tag":[],"class_list":{"0":"post-21292","1":"product","2":"type-product","3":"status-publish","4":"has-post-thumbnail","6":"product_cat-beaute-sante-complements-alimentaires-soins-et-bien-etre-au-meilleur-prix","8":"first","9":"instock","10":"sale","11":"taxable","12":"shipping-taxable","13":"purchasable","14":"product-type-simple"},"yoast_head":"<!-- This site is optimized with the Yoast SEO plugin v27.3 - https:\/\/yoast.com\/product\/yoast-seo-wordpress\/ -->\n<title>Parodontax Au Fluor Gel 75ml - Maroc Prix<\/title>\n<meta name=\"description\" content=\"Parodontax Au Fluor Gel 75ml\" \/>\n<meta name=\"robots\" content=\"index, follow, max-snippet:-1, max-image-preview:large, max-video-preview:-1\" \/>\n<link rel=\"canonical\" href=\"https:\/\/vitablanca.ma\/ar\/product-2\/parodontax-au-fluor-gel-75ml\/\" \/>\n<meta property=\"og:locale\" content=\"ar_AR\" \/>\n<meta property=\"og:type\" content=\"article\" \/>\n<meta property=\"og:title\" content=\"Parodontax Au Fluor Gel 75ml - Maroc Prix\" \/>\n<meta property=\"og:description\" content=\"Parodontax Au Fluor Gel 75ml\" \/>\n<meta property=\"og:url\" content=\"https:\/\/vitablanca.ma\/ar\/product-2\/parodontax-au-fluor-gel-75ml\/\" \/>\n<meta property=\"og:site_name\" content=\"Vitablanca.ma &ndash; Sant&eacute;, vitalit&eacute; et bien-&ecirc;tre pour tous les Marocains\" \/>\n<meta property=\"article:publisher\" content=\"https:\/\/www.facebook.com\/profile.php?id=61576678196717\" \/>\n<meta property=\"og:image\" content=\"https:\/\/vitablanca.ma\/wp-content\/uploads\/2025\/06\/Parodontax-Au-Fluor-Gel-75ml-nova-parapharmacie-maroc.png\" \/>\n\t<meta property=\"og:image:width\" content=\"1000\" \/>\n\t<meta property=\"og:image:height\" content=\"1000\" \/>\n\t<meta property=\"og:image:type\" content=\"image\/png\" \/>\n<meta name=\"twitter:card\" content=\"summary_large_image\" \/>\n<meta name=\"twitter:label1\" content=\"\u0648\u0642\u062a \u0627\u0644\u0642\u0631\u0627\u0621\u0629 \u0627\u0644\u0645\u064f\u0642\u062f\u0651\u0631\" \/>\n\t<meta name=\"twitter:data1\" content=\"\u062f\u0642\u064a\u0642\u062a\u0627\u0646\" \/>\n<script type=\"application\/ld+json\" class=\"yoast-schema-graph\">{\"@context\":\"https:\\\/\\\/schema.org\",\"@graph\":[{\"@type\":[\"WebPage\",\"ItemPage\"],\"@id\":\"https:\\\/\\\/vitablanca.ma\\\/produit\\\/parodontax-au-fluor-gel-75ml\\\/\",\"url\":\"https:\\\/\\\/vitablanca.ma\\\/produit\\\/parodontax-au-fluor-gel-75ml\\\/\",\"name\":\"Parodontax Au Fluor Gel 75ml - Maroc Prix\",\"isPartOf\":{\"@id\":\"https:\\\/\\\/vitablanca.ma\\\/#website\"},\"primaryImageOfPage\":{\"@id\":\"https:\\\/\\\/vitablanca.ma\\\/produit\\\/parodontax-au-fluor-gel-75ml\\\/#primaryimage\"},\"image\":{\"@id\":\"https:\\\/\\\/vitablanca.ma\\\/produit\\\/parodontax-au-fluor-gel-75ml\\\/#primaryimage\"},\"thumbnailUrl\":\"https:\\\/\\\/vitablanca.ma\\\/wp-content\\\/uploads\\\/2025\\\/06\\\/Parodontax-Au-Fluor-Gel-75ml-nova-parapharmacie-maroc.png\",\"datePublished\":\"2025-06-11T21:18:14+00:00\",\"description\":\"Parodontax Au Fluor Gel 75ml\",\"breadcrumb\":{\"@id\":\"https:\\\/\\\/vitablanca.ma\\\/produit\\\/parodontax-au-fluor-gel-75ml\\\/#breadcrumb\"},\"inLanguage\":\"ar\",\"potentialAction\":[{\"@type\":\"ReadAction\",\"target\":[\"https:\\\/\\\/vitablanca.ma\\\/produit\\\/parodontax-au-fluor-gel-75ml\\\/\"]}]},{\"@type\":\"ImageObject\",\"inLanguage\":\"ar\",\"@id\":\"https:\\\/\\\/vitablanca.ma\\\/produit\\\/parodontax-au-fluor-gel-75ml\\\/#primaryimage\",\"url\":\"https:\\\/\\\/vitablanca.ma\\\/wp-content\\\/uploads\\\/2025\\\/06\\\/Parodontax-Au-Fluor-Gel-75ml-nova-parapharmacie-maroc.png\",\"contentUrl\":\"https:\\\/\\\/vitablanca.ma\\\/wp-content\\\/uploads\\\/2025\\\/06\\\/Parodontax-Au-Fluor-Gel-75ml-nova-parapharmacie-maroc.png\",\"width\":1000,\"height\":1000},{\"@type\":\"BreadcrumbList\",\"@id\":\"https:\\\/\\\/vitablanca.ma\\\/produit\\\/parodontax-au-fluor-gel-75ml\\\/#breadcrumb\",\"itemListElement\":[{\"@type\":\"ListItem\",\"position\":1,\"name\":\"Home\",\"item\":\"https:\\\/\\\/vitablanca.ma\\\/\"},{\"@type\":\"ListItem\",\"position\":2,\"name\":\"Tous Les Produits\",\"item\":\"https:\\\/\\\/vitablanca.ma\\\/tous-les-produits\\\/\"},{\"@type\":\"ListItem\",\"position\":3,\"name\":\"Parodontax Au Fluor Gel 75ml\"}]},{\"@type\":\"WebSite\",\"@id\":\"https:\\\/\\\/vitablanca.ma\\\/#website\",\"url\":\"https:\\\/\\\/vitablanca.ma\\\/\",\"name\":\"VitaBlanca.ma | Compl\u00e9ments alimentaires, sant\u00e9 & beaut\u00e9 au Maroc\",\"description\":\"vendre vitamines et compl\u00e9ments premium des USA &amp; Canada, Nouvelle Z\u00e9lande,Maroc (NOW Foods, Solgar, Manuka). Livraison rapide partout au Maroc.\",\"publisher\":{\"@id\":\"https:\\\/\\\/vitablanca.ma\\\/#organization\"},\"alternateName\":\"VitaBlanca.ma\",\"potentialAction\":[{\"@type\":\"SearchAction\",\"target\":{\"@type\":\"EntryPoint\",\"urlTemplate\":\"https:\\\/\\\/vitablanca.ma\\\/?s={search_term_string}\"},\"query-input\":{\"@type\":\"PropertyValueSpecification\",\"valueRequired\":true,\"valueName\":\"search_term_string\"}}],\"inLanguage\":\"ar\"},{\"@type\":\"Organization\",\"@id\":\"https:\\\/\\\/vitablanca.ma\\\/#organization\",\"name\":\"VitaBlanca\",\"url\":\"https:\\\/\\\/vitablanca.ma\\\/\",\"logo\":{\"@type\":\"ImageObject\",\"inLanguage\":\"ar\",\"@id\":\"https:\\\/\\\/vitablanca.ma\\\/#\\\/schema\\\/logo\\\/image\\\/\",\"url\":\"https:\\\/\\\/vitablanca.ma\\\/wp-content\\\/uploads\\\/2025\\\/05\\\/cropped-vitablanca.png\",\"contentUrl\":\"https:\\\/\\\/vitablanca.ma\\\/wp-content\\\/uploads\\\/2025\\\/05\\\/cropped-vitablanca.png\",\"width\":360,\"height\":67,\"caption\":\"VitaBlanca\"},\"image\":{\"@id\":\"https:\\\/\\\/vitablanca.ma\\\/#\\\/schema\\\/logo\\\/image\\\/\"},\"sameAs\":[\"https:\\\/\\\/www.facebook.com\\\/profile.php?id=61576678196717\",\"https:\\\/\\\/www.tiktok.com\\\/@vitablanca.ma\",\"https:\\\/\\\/www.instagram.com\\\/vitablanca.ma\\\/\"]}]}<\/script>\n<!-- \/ Yoast SEO plugin. -->","yoast_head_json":{"title":"Parodontax Au Fluor Gel 75ml - Maroc Prix","description":"\u062c\u0644 \u0628\u0627\u0631\u0648\u062f\u0648\u0646\u062a\u0627\u0643\u0633 \u0628\u0627\u0644\u0641\u0644\u0648\u0631\u0627\u064a\u062f 75 \u0645\u0644","robots":{"index":"index","follow":"follow","max-snippet":"max-snippet:-1","max-image-preview":"max-image-preview:large","max-video-preview":"max-video-preview:-1"},"canonical":"https:\/\/vitablanca.ma\/ar\/product-2\/parodontax-au-fluor-gel-75ml\/","og_locale":"ar_AR","og_type":"article","og_title":"Parodontax Au Fluor Gel 75ml - Maroc Prix","og_description":"Parodontax Au Fluor Gel 75ml","og_url":"https:\/\/vitablanca.ma\/ar\/product-2\/parodontax-au-fluor-gel-75ml\/","og_site_name":"Vitablanca.ma &ndash; Sant&eacute;, vitalit&eacute; et bien-&ecirc;tre pour tous les Marocains","article_publisher":"https:\/\/www.facebook.com\/profile.php?id=61576678196717","og_image":[{"width":1000,"height":1000,"url":"https:\/\/vitablanca.ma\/wp-content\/uploads\/2025\/06\/Parodontax-Au-Fluor-Gel-75ml-nova-parapharmacie-maroc.png","type":"image\/png"}],"twitter_card":"summary_large_image","twitter_misc":{"\u0648\u0642\u062a \u0627\u0644\u0642\u0631\u0627\u0621\u0629 \u0627\u0644\u0645\u064f\u0642\u062f\u0651\u0631":"\u062f\u0642\u064a\u0642\u062a\u0627\u0646"},"schema":{"@context":"https:\/\/schema.org","@graph":[{"@type":["WebPage","ItemPage"],"@id":"https:\/\/vitablanca.ma\/produit\/parodontax-au-fluor-gel-75ml\/","url":"https:\/\/vitablanca.ma\/produit\/parodontax-au-fluor-gel-75ml\/","name":"Parodontax Au Fluor Gel 75ml - Maroc Prix","isPartOf":{"@id":"https:\/\/vitablanca.ma\/#website"},"primaryImageOfPage":{"@id":"https:\/\/vitablanca.ma\/produit\/parodontax-au-fluor-gel-75ml\/#primaryimage"},"image":{"@id":"https:\/\/vitablanca.ma\/produit\/parodontax-au-fluor-gel-75ml\/#primaryimage"},"thumbnailUrl":"https:\/\/vitablanca.ma\/wp-content\/uploads\/2025\/06\/Parodontax-Au-Fluor-Gel-75ml-nova-parapharmacie-maroc.png","datePublished":"2025-06-11T21:18:14+00:00","description":"\u062c\u0644 \u0628\u0627\u0631\u0648\u062f\u0648\u0646\u062a\u0627\u0643\u0633 \u0628\u0627\u0644\u0641\u0644\u0648\u0631\u0627\u064a\u062f 75 \u0645\u0644","breadcrumb":{"@id":"https:\/\/vitablanca.ma\/produit\/parodontax-au-fluor-gel-75ml\/#breadcrumb"},"inLanguage":"ar","potentialAction":[{"@type":"ReadAction","target":["https:\/\/vitablanca.ma\/produit\/parodontax-au-fluor-gel-75ml\/"]}]},{"@type":"ImageObject","inLanguage":"ar","@id":"https:\/\/vitablanca.ma\/produit\/parodontax-au-fluor-gel-75ml\/#primaryimage","url":"https:\/\/vitablanca.ma\/wp-content\/uploads\/2025\/06\/Parodontax-Au-Fluor-Gel-75ml-nova-parapharmacie-maroc.png","contentUrl":"https:\/\/vitablanca.ma\/wp-content\/uploads\/2025\/06\/Parodontax-Au-Fluor-Gel-75ml-nova-parapharmacie-maroc.png","width":1000,"height":1000},{"@type":"BreadcrumbList","@id":"https:\/\/vitablanca.ma\/produit\/parodontax-au-fluor-gel-75ml\/#breadcrumb","itemListElement":[{"@type":"ListItem","position":1,"name":"Home","item":"https:\/\/vitablanca.ma\/"},{"@type":"ListItem","position":2,"name":"Tous Les Produits","item":"https:\/\/vitablanca.ma\/tous-les-produits\/"},{"@type":"ListItem","position":3,"name":"Parodontax Au Fluor Gel 75ml"}]},{"@type":"WebSite","@id":"https:\/\/vitablanca.ma\/#website","url":"https:\/\/vitablanca.ma\/","name":"VitaBlanca.ma | \u0627\u0644\u0645\u0643\u0645\u0644\u0627\u062a \u0627\u0644\u063a\u0630\u0627\u0626\u064a\u0629\u060c \u0627\u0644\u0635\u062d\u0629 \u0648\u0627\u0644\u062c\u0645\u0627\u0644 \u0641\u064a \u0627\u0644\u0645\u063a\u0631\u0628","description":"\u0646\u0628\u064a\u0639 \u0641\u064a\u062a\u0627\u0645\u064a\u0646\u0627\u062a \u0648\u0645\u0643\u0645\u0644\u0627\u062a \u063a\u0630\u0627\u0626\u064a\u0629 \u0641\u0627\u062e\u0631\u0629 \u0645\u0646 \u0627\u0644\u0648\u0644\u0627\u064a\u0627\u062a \u0627\u0644\u0645\u062a\u062d\u062f\u0629 \u0627\u0644\u0623\u0645\u0631\u064a\u0643\u064a\u0629 \u0648\u0643\u0646\u062f\u0627 \u0648\u0646\u064a\u0648\u0632\u064a\u0644\u0646\u062f\u0627 \u0648\u0627\u0644\u0645\u063a\u0631\u0628 (\u0646\u0627\u0648 \u0641\u0648\u062f\u0632\u060c \u0633\u0648\u0644\u062c\u0627\u0631\u060c \u0645\u0627\u0646\u0648\u0643\u0627). \u062a\u0648\u0635\u064a\u0644 \u0633\u0631\u064a\u0639 \u0625\u0644\u0649 \u062c\u0645\u064a\u0639 \u0623\u0646\u062d\u0627\u0621 \u0627\u0644\u0645\u063a\u0631\u0628.","publisher":{"@id":"https:\/\/vitablanca.ma\/#organization"},"alternateName":"VitaBlanca.ma","potentialAction":[{"@type":"SearchAction","target":{"@type":"EntryPoint","urlTemplate":"https:\/\/vitablanca.ma\/?s={search_term_string}"},"query-input":{"@type":"PropertyValueSpecification","valueRequired":true,"valueName":"search_term_string"}}],"inLanguage":"ar"},{"@type":"Organization","@id":"https:\/\/vitablanca.ma\/#organization","name":"\u0641\u064a\u062a\u0627\u0628\u0644\u0627\u0646\u0643\u0627","url":"https:\/\/vitablanca.ma\/","logo":{"@type":"ImageObject","inLanguage":"ar","@id":"https:\/\/vitablanca.ma\/#\/schema\/logo\/image\/","url":"https:\/\/vitablanca.ma\/wp-content\/uploads\/2025\/05\/cropped-vitablanca.png","contentUrl":"https:\/\/vitablanca.ma\/wp-content\/uploads\/2025\/05\/cropped-vitablanca.png","width":360,"height":67,"caption":"VitaBlanca"},"image":{"@id":"https:\/\/vitablanca.ma\/#\/schema\/logo\/image\/"},"sameAs":["https:\/\/www.facebook.com\/profile.php?id=61576678196717","https:\/\/www.tiktok.com\/@vitablanca.ma","https:\/\/www.instagram.com\/vitablanca.ma\/"]}]}},"jetpack_sharing_enabled":true,"_links":{"self":[{"href":"https:\/\/vitablanca.ma\/ar\/wp-json\/wp\/v2\/product\/21292","targetHints":{"allow":["GET"]}}],"collection":[{"href":"https:\/\/vitablanca.ma\/ar\/wp-json\/wp\/v2\/product"}],"about":[{"href":"https:\/\/vitablanca.ma\/ar\/wp-json\/wp\/v2\/types\/product"}],"wp:featuredmedia":[{"embeddable":true,"href":"https:\/\/vitablanca.ma\/ar\/wp-json\/wp\/v2\/media\/21291"}],"wp:attachment":[{"href":"https:\/\/vitablanca.ma\/ar\/wp-json\/wp\/v2\/media?parent=21292"}],"wp:term":[{"taxonomy":"product_brand","embeddable":true,"href":"https:\/\/vitablanca.ma\/ar\/wp-json\/wp\/v2\/product_brand?post=21292"},{"taxonomy":"product_cat","embeddable":true,"href":"https:\/\/vitablanca.ma\/ar\/wp-json\/wp\/v2\/product_cat?post=21292"},{"taxonomy":"product_tag","embeddable":true,"href":"https:\/\/vitablanca.ma\/ar\/wp-json\/wp\/v2\/product_tag?post=21292"}],"curies":[{"name":"wp","href":"https:\/\/api.w.org\/{rel}","templated":true}]}}