{"id":21251,"date":"2025-06-11T21:16:09","date_gmt":"2025-06-11T21:16:09","guid":{"rendered":"https:\/\/vitablanca.ma\/product\/oral-b-recharge-3d-white-eb\/"},"modified":"2026-02-16T01:02:13","modified_gmt":"2026-02-16T01:02:13","slug":"oral-b-recharge-3d-white-eb","status":"publish","type":"product","link":"https:\/\/vitablanca.ma\/ar\/product-2\/oral-b-recharge-3d-white-eb\/","title":{"rendered":"\u0639\u0628\u0648\u0629 \u0625\u0639\u0627\u062f\u0629 \u062a\u0639\u0628\u0626\u0629 \u0641\u0631\u0634\u0627\u0629 \u0623\u0633\u0646\u0627\u0646 \u0623\u0648\u0631\u0627\u0644-\u0628\u064a \u062b\u0631\u064a \u062f\u064a \u0648\u0627\u064a\u062a \u0625\u064a \u0628\u064a"},"content":{"rendered":"<h2><span class=\"a-list-item\" data-mce-fragment=\"1\">\u0639\u0628\u0648\u0629 \u0625\u0639\u0627\u062f\u0629 \u062a\u0639\u0628\u0626\u0629 \u0641\u0631\u0634\u0627\u0629 \u0623\u0633\u0646\u0627\u0646 \u0623\u0648\u0631\u0627\u0644-\u0628\u064a \u062b\u0631\u064a \u062f\u064a \u0648\u0627\u064a\u062a \u0625\u064a \u0628\u064a\u00a0<span data-mce-fragment=\"1\">pour un sourire plus blanc naturellement.\u00a0<\/span><\/span><\/h2>\n<ul class=\"a-unordered-list a-vertical a-spacing-mini\" data-mce-fragment=\"1\">\n<li data-mce-fragment=\"1\"><span class=\"a-list-item\" data-mce-fragment=\"1\">T\u00eate de brosse \u00e0 dents de rechange g\u00e9n\u00e9rique de qualit\u00e9 sup\u00e9rieure pour Braun Oral-B, pas Oral-B d&rsquo;origine, mais elle s&rsquo;adapte parfaitement \u00e0 la majille de votre brosse \u00e0 dents \u00e9lectrique Oral-B, ce qui est conforme aux normes de s\u00e9curit\u00e9 les plus \u00e9lev\u00e9es et la FDA.<\/span><\/li>\n<li data-mce-fragment=\"1\"><span class=\"a-list-item\" data-mce-fragment=\"1\">EB17-a\/SB17-a mod\u00e8le compatible avec Braun Oral-B Vitality Precision Clean White, Clean, Sensitive Clean, Oral-B Professional Care 5000, 6000, 7000, 8000, Oral-B Triumph Professional Care 9000, Oral-B Advanced Power Care 400, 900, Oral-B Dual Clean, etc. Chaque t\u00eate de brosse \u00e0 dents \u00e0 anneau unique code couleur amovible pour une identificarlo. Technologie rotada pour un maximum de limpie<\/span><\/li>\n<li data-mce-fragment=\"1\"><span class=\"a-list-item\" data-mce-fragment=\"1\">Fournit un caoutchouc de nettoyage pour les dents et la gomme &#8211; \u00c9limine jusqu&rsquo;\u00e0 deux fois plus de plaque dentaire qu&rsquo;une brosse \u00e0 dents manuelle ordinario. ce qui nettoie et \u00e9limine plus de plaque dentaire qu&rsquo;une brosse \u00e0 dents manuelle r\u00e9guli\u00e8re<\/span><\/li>\n<li data-mce-fragment=\"1\"><span class=\"a-list-item\" data-mce-fragment=\"1\">Retour garantie zada-se vous garantit de satisfaire \u00e0 100 % ou de rembourser Complete. Les dentistes recommandent de remplacer chaque t\u00eate de brosse \u00e0 dents tous les 3 mois.<\/span><\/li>\n<li data-mce-fragment=\"1\"><span class=\"a-list-item\" data-mce-fragment=\"1\">\u00c9conomisez de l&rsquo;argent Achetez un produit de rechange de haute qualit\u00e9 qui s&rsquo;adapte parfaitement \u00e0 votre brosse \u00e0 dents \u00e9lectrique Braun Oral-B. Chaque t\u00eate de brosse \u00e0 dents avec anneau unique code couleur amovible pour une identificarlo. Technologie rotada pour un maximum de limpie<\/span><\/li>\n<\/ul>\n<p><span class=\"a-list-item\" data-mce-fragment=\"1\">\u00c0 propos du produit : nous faisons toujours de notre mieux pour fournir aux clients les meilleurs produits et services. Ces brosses \u00e0 dents sont conformes aux plus hauts standards de qualit\u00e9 et de production pour une s\u00e9curit\u00e9 maximale. Mais ce ne sont pas des pi\u00e8ces d&rsquo;origine qui s&rsquo;adaptent parfaitement \u00e0 votre brosse \u00e0 dents \u00e9lectrique Braun Oral-B. Il est tr\u00e8s facile \u00e0 remplacer et \u00e0 installer, chaque t\u00eate de brosse \u00e0 dents amovible avec un anneau en caoutchouc pour une identificarlo. La technologie Rotada permet un nettoyage particuli\u00e8rement pour les dents et le caoutchouc, ce qui \u00e9limine jusqu&rsquo;\u00e0 deux fois plus de plaque dentaire qu&rsquo;une brosse \u00e0 dents manuelle ordinario. un nettoyage r\u00e9gulier et \u00e9limine plus de plaque dentaire qu&rsquo;une brosse \u00e0 dents manuelle. Le paquet comprend : 12 pi\u00e8ces EB17 compatibles avec : remplace la t\u00eate de brosse \u00e0 dents Braun Oral-B Vitality Precision Clean, Braun Oral Clean White, Braun Oral-B Sensitive Clean, Oral-B Professional Care 5000, 6000, 7000, 8000, Oral-B Triumph Professional Care 9000, Oral-B Advanced Power 40000. Care 900 S\u00e9rie 0, Oral-B Dual Clean, etc. Veuillez noter que les t\u00eates de brosse \u00e0 dents mentionn\u00e9es ci-dessus ne sont pas compatibles avec Oral B Sonic Vitality\/Oral B CrossAction\/Oral B Sonic Complete\/Oral B Pulsonic.<\/span><\/p>","protected":false},"excerpt":{"rendered":"<p>Oral-B Recharge 3D White EB\u00a0pour un sourire plus blanc naturellement.\u00a0 T\u00eate de brosse \u00e0 dents de rechange g\u00e9n\u00e9rique de qualit\u00e9 sup\u00e9rieure pour Braun Oral-B, pas Oral-B d&rsquo;origine, mais elle s&rsquo;adapte parfaitement \u00e0 la majille de votre brosse \u00e0 dents \u00e9lectrique Oral-B, ce qui est conforme aux normes de s\u00e9curit\u00e9 les plus \u00e9lev\u00e9es et la FDA. [&hellip;]<\/p>\n","protected":false},"featured_media":21250,"template":"","meta":{"om_disable_all_campaigns":false},"product_brand":[],"product_cat":[15],"product_tag":[9080,9081,9128,6256,6254,7718,9074,9129,6957,9127,7052],"class_list":{"0":"post-21251","1":"product","2":"type-product","3":"status-publish","4":"has-post-thumbnail","6":"product_cat-beaute-sante-complements-alimentaires-soins-et-bien-etre-au-meilleur-prix","7":"product_tag-accessoire-dentaire","8":"product_tag-brosse-a-dents-electrique","9":"product_tag-brossette-de-rechange","10":"product_tag-dents-blanches","11":"product_tag-hygiene-bucco-dentaire","12":"product_tag-nettoyage-efficace","13":"product_tag-oral-b","14":"product_tag-oral-b-3d-white","15":"product_tag-parapharmacie","16":"product_tag-recharge-3d-white-eb","17":"product_tag-soin-dentaire","19":"first","20":"instock","21":"sale","22":"taxable","23":"shipping-taxable","24":"purchasable","25":"product-type-simple"},"yoast_head":"<!-- This site is optimized with the Yoast SEO plugin v27.4 - https:\/\/yoast.com\/product\/yoast-seo-wordpress\/ -->\n<title>Oral-B Recharge 3D White EB - Maroc Prix<\/title>\n<meta name=\"description\" content=\"Oral-B Recharge 3D White EB est une brossette de remplacement compatible avec les brosses \u00e0 dents \u00e9lectriques 3D White, pour un nettoyage efficace\" \/>\n<meta name=\"robots\" content=\"index, follow, max-snippet:-1, max-image-preview:large, max-video-preview:-1\" \/>\n<link rel=\"canonical\" href=\"https:\/\/vitablanca.ma\/ar\/product-2\/oral-b-recharge-3d-white-eb\/\" \/>\n<meta property=\"og:locale\" content=\"ar_AR\" \/>\n<meta property=\"og:type\" content=\"article\" \/>\n<meta property=\"og:title\" content=\"Oral-B Recharge 3D White EB - Maroc Prix\" \/>\n<meta property=\"og:description\" content=\"Oral-B Recharge 3D White EB est une brossette de remplacement compatible avec les brosses \u00e0 dents \u00e9lectriques 3D White, pour un nettoyage efficace\" \/>\n<meta property=\"og:url\" content=\"https:\/\/vitablanca.ma\/ar\/product-2\/oral-b-recharge-3d-white-eb\/\" \/>\n<meta property=\"og:site_name\" content=\"Vitablanca.ma &ndash; Sant&eacute;, vitalit&eacute; et bien-&ecirc;tre pour tous les Marocains\" \/>\n<meta property=\"article:publisher\" content=\"https:\/\/www.facebook.com\/profile.php?id=61576678196717\" \/>\n<meta property=\"article:modified_time\" content=\"2026-02-16T01:02:13+00:00\" \/>\n<meta property=\"og:image\" content=\"https:\/\/vitablanca.ma\/wp-content\/uploads\/2025\/06\/Oral-B-Recharge-3D-White-EB-nova-parapharmacie-maroc.jpg\" \/>\n\t<meta property=\"og:image:width\" content=\"1000\" \/>\n\t<meta property=\"og:image:height\" content=\"1000\" \/>\n\t<meta property=\"og:image:type\" content=\"image\/jpeg\" \/>\n<meta name=\"twitter:card\" content=\"summary_large_image\" \/>\n<meta name=\"twitter:label1\" content=\"\u0648\u0642\u062a \u0627\u0644\u0642\u0631\u0627\u0621\u0629 \u0627\u0644\u0645\u064f\u0642\u062f\u0651\u0631\" \/>\n\t<meta name=\"twitter:data1\" content=\"3 \u062f\u0642\u0627\u0626\u0642\" \/>\n<script type=\"application\/ld+json\" class=\"yoast-schema-graph\">{\"@context\":\"https:\\\/\\\/schema.org\",\"@graph\":[{\"@type\":[\"WebPage\",\"ItemPage\"],\"@id\":\"https:\\\/\\\/vitablanca.ma\\\/produit\\\/oral-b-recharge-3d-white-eb\\\/\",\"url\":\"https:\\\/\\\/vitablanca.ma\\\/produit\\\/oral-b-recharge-3d-white-eb\\\/\",\"name\":\"Oral-B Recharge 3D White EB - Maroc Prix\",\"isPartOf\":{\"@id\":\"https:\\\/\\\/vitablanca.ma\\\/#website\"},\"primaryImageOfPage\":{\"@id\":\"https:\\\/\\\/vitablanca.ma\\\/produit\\\/oral-b-recharge-3d-white-eb\\\/#primaryimage\"},\"image\":{\"@id\":\"https:\\\/\\\/vitablanca.ma\\\/produit\\\/oral-b-recharge-3d-white-eb\\\/#primaryimage\"},\"thumbnailUrl\":\"https:\\\/\\\/vitablanca.ma\\\/wp-content\\\/uploads\\\/2025\\\/06\\\/Oral-B-Recharge-3D-White-EB-nova-parapharmacie-maroc.jpg\",\"datePublished\":\"2025-06-11T21:16:09+00:00\",\"dateModified\":\"2026-02-16T01:02:13+00:00\",\"description\":\"Oral-B Recharge 3D White EB est une brossette de remplacement compatible avec les brosses \u00e0 dents \u00e9lectriques 3D White, pour un nettoyage efficace\",\"breadcrumb\":{\"@id\":\"https:\\\/\\\/vitablanca.ma\\\/produit\\\/oral-b-recharge-3d-white-eb\\\/#breadcrumb\"},\"inLanguage\":\"ar\",\"potentialAction\":[{\"@type\":\"ReadAction\",\"target\":[\"https:\\\/\\\/vitablanca.ma\\\/produit\\\/oral-b-recharge-3d-white-eb\\\/\"]}]},{\"@type\":\"ImageObject\",\"inLanguage\":\"ar\",\"@id\":\"https:\\\/\\\/vitablanca.ma\\\/produit\\\/oral-b-recharge-3d-white-eb\\\/#primaryimage\",\"url\":\"https:\\\/\\\/vitablanca.ma\\\/wp-content\\\/uploads\\\/2025\\\/06\\\/Oral-B-Recharge-3D-White-EB-nova-parapharmacie-maroc.jpg\",\"contentUrl\":\"https:\\\/\\\/vitablanca.ma\\\/wp-content\\\/uploads\\\/2025\\\/06\\\/Oral-B-Recharge-3D-White-EB-nova-parapharmacie-maroc.jpg\",\"width\":1000,\"height\":1000},{\"@type\":\"BreadcrumbList\",\"@id\":\"https:\\\/\\\/vitablanca.ma\\\/produit\\\/oral-b-recharge-3d-white-eb\\\/#breadcrumb\",\"itemListElement\":[{\"@type\":\"ListItem\",\"position\":1,\"name\":\"Home\",\"item\":\"https:\\\/\\\/vitablanca.ma\\\/\"},{\"@type\":\"ListItem\",\"position\":2,\"name\":\"Tous Les Produits\",\"item\":\"https:\\\/\\\/vitablanca.ma\\\/tous-les-produits\\\/\"},{\"@type\":\"ListItem\",\"position\":3,\"name\":\"Oral-B Recharge 3D White EB\"}]},{\"@type\":\"WebSite\",\"@id\":\"https:\\\/\\\/vitablanca.ma\\\/#website\",\"url\":\"https:\\\/\\\/vitablanca.ma\\\/\",\"name\":\"VitaBlanca.ma | Compl\u00e9ments alimentaires, sant\u00e9 & beaut\u00e9 au Maroc\",\"description\":\"vendre vitamines et compl\u00e9ments premium des USA &amp; Canada, Nouvelle Z\u00e9lande,Maroc (NOW Foods, Solgar, Manuka). Livraison rapide partout au Maroc.\",\"publisher\":{\"@id\":\"https:\\\/\\\/vitablanca.ma\\\/#organization\"},\"alternateName\":\"VitaBlanca.ma\",\"potentialAction\":[{\"@type\":\"SearchAction\",\"target\":{\"@type\":\"EntryPoint\",\"urlTemplate\":\"https:\\\/\\\/vitablanca.ma\\\/?s={search_term_string}\"},\"query-input\":{\"@type\":\"PropertyValueSpecification\",\"valueRequired\":true,\"valueName\":\"search_term_string\"}}],\"inLanguage\":\"ar\"},{\"@type\":\"Organization\",\"@id\":\"https:\\\/\\\/vitablanca.ma\\\/#organization\",\"name\":\"VitaBlanca\",\"url\":\"https:\\\/\\\/vitablanca.ma\\\/\",\"logo\":{\"@type\":\"ImageObject\",\"inLanguage\":\"ar\",\"@id\":\"https:\\\/\\\/vitablanca.ma\\\/#\\\/schema\\\/logo\\\/image\\\/\",\"url\":\"https:\\\/\\\/vitablanca.ma\\\/wp-content\\\/uploads\\\/2025\\\/05\\\/cropped-vitablanca.png\",\"contentUrl\":\"https:\\\/\\\/vitablanca.ma\\\/wp-content\\\/uploads\\\/2025\\\/05\\\/cropped-vitablanca.png\",\"width\":360,\"height\":67,\"caption\":\"VitaBlanca\"},\"image\":{\"@id\":\"https:\\\/\\\/vitablanca.ma\\\/#\\\/schema\\\/logo\\\/image\\\/\"},\"sameAs\":[\"https:\\\/\\\/www.facebook.com\\\/profile.php?id=61576678196717\",\"https:\\\/\\\/www.tiktok.com\\\/@vitablanca.ma\",\"https:\\\/\\\/www.instagram.com\\\/vitablanca.ma\\\/\"]}]}<\/script>\n<!-- \/ Yoast SEO plugin. -->","yoast_head_json":{"title":"Oral-B Recharge 3D White EB - Maroc Prix","description":"Oral-B Recharge 3D White EB est une brossette de remplacement compatible avec les brosses \u00e0 dents \u00e9lectriques 3D White, pour un nettoyage efficace","robots":{"index":"index","follow":"follow","max-snippet":"max-snippet:-1","max-image-preview":"max-image-preview:large","max-video-preview":"max-video-preview:-1"},"canonical":"https:\/\/vitablanca.ma\/ar\/product-2\/oral-b-recharge-3d-white-eb\/","og_locale":"ar_AR","og_type":"article","og_title":"Oral-B Recharge 3D White EB - Maroc Prix","og_description":"Oral-B Recharge 3D White EB est une brossette de remplacement compatible avec les brosses \u00e0 dents \u00e9lectriques 3D White, pour un nettoyage efficace","og_url":"https:\/\/vitablanca.ma\/ar\/product-2\/oral-b-recharge-3d-white-eb\/","og_site_name":"Vitablanca.ma &ndash; Sant&eacute;, vitalit&eacute; et bien-&ecirc;tre pour tous les Marocains","article_publisher":"https:\/\/www.facebook.com\/profile.php?id=61576678196717","article_modified_time":"2026-02-16T01:02:13+00:00","og_image":[{"width":1000,"height":1000,"url":"https:\/\/vitablanca.ma\/wp-content\/uploads\/2025\/06\/Oral-B-Recharge-3D-White-EB-nova-parapharmacie-maroc.jpg","type":"image\/jpeg"}],"twitter_card":"summary_large_image","twitter_misc":{"\u0648\u0642\u062a \u0627\u0644\u0642\u0631\u0627\u0621\u0629 \u0627\u0644\u0645\u064f\u0642\u062f\u0651\u0631":"3 \u062f\u0642\u0627\u0626\u0642"},"schema":{"@context":"https:\/\/schema.org","@graph":[{"@type":["WebPage","ItemPage"],"@id":"https:\/\/vitablanca.ma\/produit\/oral-b-recharge-3d-white-eb\/","url":"https:\/\/vitablanca.ma\/produit\/oral-b-recharge-3d-white-eb\/","name":"Oral-B Recharge 3D White EB - Maroc Prix","isPartOf":{"@id":"https:\/\/vitablanca.ma\/#website"},"primaryImageOfPage":{"@id":"https:\/\/vitablanca.ma\/produit\/oral-b-recharge-3d-white-eb\/#primaryimage"},"image":{"@id":"https:\/\/vitablanca.ma\/produit\/oral-b-recharge-3d-white-eb\/#primaryimage"},"thumbnailUrl":"https:\/\/vitablanca.ma\/wp-content\/uploads\/2025\/06\/Oral-B-Recharge-3D-White-EB-nova-parapharmacie-maroc.jpg","datePublished":"2025-06-11T21:16:09+00:00","dateModified":"2026-02-16T01:02:13+00:00","description":"Oral-B Recharge 3D White EB est une brossette de remplacement compatible avec les brosses \u00e0 dents \u00e9lectriques 3D White, pour un nettoyage efficace","breadcrumb":{"@id":"https:\/\/vitablanca.ma\/produit\/oral-b-recharge-3d-white-eb\/#breadcrumb"},"inLanguage":"ar","potentialAction":[{"@type":"ReadAction","target":["https:\/\/vitablanca.ma\/produit\/oral-b-recharge-3d-white-eb\/"]}]},{"@type":"ImageObject","inLanguage":"ar","@id":"https:\/\/vitablanca.ma\/produit\/oral-b-recharge-3d-white-eb\/#primaryimage","url":"https:\/\/vitablanca.ma\/wp-content\/uploads\/2025\/06\/Oral-B-Recharge-3D-White-EB-nova-parapharmacie-maroc.jpg","contentUrl":"https:\/\/vitablanca.ma\/wp-content\/uploads\/2025\/06\/Oral-B-Recharge-3D-White-EB-nova-parapharmacie-maroc.jpg","width":1000,"height":1000},{"@type":"BreadcrumbList","@id":"https:\/\/vitablanca.ma\/produit\/oral-b-recharge-3d-white-eb\/#breadcrumb","itemListElement":[{"@type":"ListItem","position":1,"name":"Home","item":"https:\/\/vitablanca.ma\/"},{"@type":"ListItem","position":2,"name":"Tous Les Produits","item":"https:\/\/vitablanca.ma\/tous-les-produits\/"},{"@type":"ListItem","position":3,"name":"Oral-B Recharge 3D White EB"}]},{"@type":"WebSite","@id":"https:\/\/vitablanca.ma\/#website","url":"https:\/\/vitablanca.ma\/","name":"VitaBlanca.ma | \u0627\u0644\u0645\u0643\u0645\u0644\u0627\u062a \u0627\u0644\u063a\u0630\u0627\u0626\u064a\u0629\u060c \u0627\u0644\u0635\u062d\u0629 \u0648\u0627\u0644\u062c\u0645\u0627\u0644 \u0641\u064a \u0627\u0644\u0645\u063a\u0631\u0628","description":"\u0646\u0628\u064a\u0639 \u0641\u064a\u062a\u0627\u0645\u064a\u0646\u0627\u062a \u0648\u0645\u0643\u0645\u0644\u0627\u062a \u063a\u0630\u0627\u0626\u064a\u0629 \u0641\u0627\u062e\u0631\u0629 \u0645\u0646 \u0627\u0644\u0648\u0644\u0627\u064a\u0627\u062a \u0627\u0644\u0645\u062a\u062d\u062f\u0629 \u0627\u0644\u0623\u0645\u0631\u064a\u0643\u064a\u0629 \u0648\u0643\u0646\u062f\u0627 \u0648\u0646\u064a\u0648\u0632\u064a\u0644\u0646\u062f\u0627 \u0648\u0627\u0644\u0645\u063a\u0631\u0628 (\u0646\u0627\u0648 \u0641\u0648\u062f\u0632\u060c \u0633\u0648\u0644\u062c\u0627\u0631\u060c \u0645\u0627\u0646\u0648\u0643\u0627). \u062a\u0648\u0635\u064a\u0644 \u0633\u0631\u064a\u0639 \u0625\u0644\u0649 \u062c\u0645\u064a\u0639 \u0623\u0646\u062d\u0627\u0621 \u0627\u0644\u0645\u063a\u0631\u0628.","publisher":{"@id":"https:\/\/vitablanca.ma\/#organization"},"alternateName":"VitaBlanca.ma","potentialAction":[{"@type":"SearchAction","target":{"@type":"EntryPoint","urlTemplate":"https:\/\/vitablanca.ma\/?s={search_term_string}"},"query-input":{"@type":"PropertyValueSpecification","valueRequired":true,"valueName":"search_term_string"}}],"inLanguage":"ar"},{"@type":"Organization","@id":"https:\/\/vitablanca.ma\/#organization","name":"\u0641\u064a\u062a\u0627\u0628\u0644\u0627\u0646\u0643\u0627","url":"https:\/\/vitablanca.ma\/","logo":{"@type":"ImageObject","inLanguage":"ar","@id":"https:\/\/vitablanca.ma\/#\/schema\/logo\/image\/","url":"https:\/\/vitablanca.ma\/wp-content\/uploads\/2025\/05\/cropped-vitablanca.png","contentUrl":"https:\/\/vitablanca.ma\/wp-content\/uploads\/2025\/05\/cropped-vitablanca.png","width":360,"height":67,"caption":"VitaBlanca"},"image":{"@id":"https:\/\/vitablanca.ma\/#\/schema\/logo\/image\/"},"sameAs":["https:\/\/www.facebook.com\/profile.php?id=61576678196717","https:\/\/www.tiktok.com\/@vitablanca.ma","https:\/\/www.instagram.com\/vitablanca.ma\/"]}]}},"jetpack_sharing_enabled":true,"_links":{"self":[{"href":"https:\/\/vitablanca.ma\/ar\/wp-json\/wp\/v2\/product\/21251","targetHints":{"allow":["GET"]}}],"collection":[{"href":"https:\/\/vitablanca.ma\/ar\/wp-json\/wp\/v2\/product"}],"about":[{"href":"https:\/\/vitablanca.ma\/ar\/wp-json\/wp\/v2\/types\/product"}],"wp:featuredmedia":[{"embeddable":true,"href":"https:\/\/vitablanca.ma\/ar\/wp-json\/wp\/v2\/media\/21250"}],"wp:attachment":[{"href":"https:\/\/vitablanca.ma\/ar\/wp-json\/wp\/v2\/media?parent=21251"}],"wp:term":[{"taxonomy":"product_brand","embeddable":true,"href":"https:\/\/vitablanca.ma\/ar\/wp-json\/wp\/v2\/product_brand?post=21251"},{"taxonomy":"product_cat","embeddable":true,"href":"https:\/\/vitablanca.ma\/ar\/wp-json\/wp\/v2\/product_cat?post=21251"},{"taxonomy":"product_tag","embeddable":true,"href":"https:\/\/vitablanca.ma\/ar\/wp-json\/wp\/v2\/product_tag?post=21251"}],"curies":[{"name":"wp","href":"https:\/\/api.w.org\/{rel}","templated":true}]}}