{"id":21239,"date":"2025-06-11T21:15:36","date_gmt":"2025-06-11T21:15:36","guid":{"rendered":"https:\/\/vitablanca.ma\/product\/oral-b-dentifrice-crest-3d-white-3-avantages-en-1\/"},"modified":"2025-12-28T14:23:11","modified_gmt":"2025-12-28T14:23:11","slug":"oral-b-dentifrice-crest-3d-white-3-avantages-en-1","status":"publish","type":"product","link":"https:\/\/vitablanca.ma\/ar\/product-2\/oral-b-dentifrice-crest-3d-white-3-avantages-en-1\/","title":{"rendered":"\u0645\u0639\u062c\u0648\u0646 \u0623\u0633\u0646\u0627\u0646 \u0623\u0648\u0631\u0627\u0644-\u0628\u064a \u0643\u0631\u064a\u0633\u062a 3D \u0648\u0627\u064a\u062a 3 \u0641\u0648\u0627\u0626\u062f \u0641\u064a 1"},"content":{"rendered":"<div class=\"secondary-details__description\" data-mce-fragment=\"1\">\n<h2 class=\"paragraph\" data-mce-fragment=\"1\">\u0645\u0639\u062c\u0648\u0646 \u0623\u0633\u0646\u0627\u0646 \u0623\u0648\u0631\u0627\u0644-\u0628\u064a \u0643\u0631\u064a\u0633\u062a 3D \u0648\u0627\u064a\u062a 3 \u0641\u0648\u0627\u0626\u062f \u0641\u064a 1\u00a0<span data-mce-fragment=\"1\">\u00a0blanchit, renforce et prot\u00e8ge contre les taches<\/span><\/h2>\n<p class=\"paragraph\" data-mce-fragment=\"1\">Pour vos soins bucco-dentaires, faites confiance \u00e0 lu2019expertise blancheur du dentifrice Oral-B 3D White \u00e0 la menthe vivifiante. 3D White Vitalize rassemble 3\u00a0avantages en 1\u00a0seul dentifrice\u00a0: il blanchit, renforce et prot\u00e8ge vos dents. Sa formule douce pour lu2019\u00e9mail \u00e9limine en douceur les taches en surface pour r\u00e9v\u00e9ler lu2019\u00e9clat de votre sourire et son ar\u00f4me de menthe vivifiante vous procure une sensation de fra\u00eecheur stimulante.<\/p>\n<\/div>\n<div class=\"secondary-details-blocks\" data-mce-fragment=\"1\">\n<h3 class=\"secondary-details__title\" data-mce-fragment=\"1\">Avantages et all\u00e9gations<\/h3>\n<div class=\"product-block-content\" data-mce-fragment=\"1\">\n<div class=\"product-block-content-paragraph\" data-mce-fragment=\"1\">\n<div class=\"paragraph-truncate paragraph-truncate\" data-mce-fragment=\"1\">\n<p class=\"paragraph-truncate__paragraph\" data-mce-fragment=\"1\"><span data-mce-fragment=\"1\">\u00c9limine jusquu2019\u00e0 80\u00a0% des taches en surface,3\u00a0avantages en 1\u00a0: blanchit, renforce et prot\u00e8ge contre les taches,Formule douce pour lu2019\u00e9mail,Ar\u00f4me de menthe vivifiante<\/span><\/p>\n<\/div>\n<\/div>\n<\/div>\n<div class=\"product-block-content\" data-mce-fragment=\"1\">\n<div class=\"product-block-content-paragraph\" data-mce-fragment=\"1\">\n<div class=\"paragraph-truncate paragraph-truncate\" data-mce-fragment=\"1\">\n<p class=\"paragraph-truncate__paragraph\" data-mce-fragment=\"1\"><span data-mce-fragment=\"1\">Oral-B 3D White Vitalize Dentifrice 2\u00a0x\u00a075\u00a0ml<\/span><\/p>\n<\/div>\n<\/div>\n<\/div>\n<h3 class=\"secondary-details__title\" data-mce-fragment=\"1\">\u0646\u0635\u064a\u062d\u0629<\/h3>\n<div class=\"product-block-content\" data-mce-fragment=\"1\">\n<div class=\"product-block-content-paragraph\" data-mce-fragment=\"1\">\n<p class=\"paragraph\" data-mce-fragment=\"1\">Service consommateur : Procter &amp; Gamble Service GmbH Sulzbacher Strasse 40 65823 Schwalbach am Taunus . Service exploitant : Procter &amp; Gamble France SAS 163 Quai Aulagnier 92665 Asni\u00e8res Cedex<\/p>\n<\/div>\n<\/div>\n<\/div>\n<div id=\"secondary-details-flags\" class=\"secondary-details-flags\" data-mce-fragment=\"1\">\n<h3 class=\"secondary-details__title\" data-mce-fragment=\"1\">Caract\u00e9ristiques produit<\/h3>\n<div id=\"flag.ecoscore.disabled\" class=\"product-badge-anchor\" data-mce-fragment=\"1\">\n<div class=\"product-badge-anchor__wrapper\" data-mce-fragment=\"1\">\n<div class=\"product-badge-anchor__content\" data-mce-fragment=\"1\">\n<div class=\"product-badge-anchor-content\" data-mce-fragment=\"1\">\n<div class=\"rich-text\" data-mce-fragment=\"1\">\n<p data-mce-fragment=\"1\">L&rsquo;Eco-score vous indique l\u2019impact sur l&rsquo;environnement des produits alimentaires. Il a \u00e9t\u00e9 \u00e9labor\u00e9 pour favoriser une alimentation plus durable.<br data-mce-fragment=\"1\" \/>La m\u00e9thode de calcul estime l\u2019impact de chaque \u00e9tape de la vie d\u2019un produit (production, transport, vente en magasin, cuisine, recyclage des emballages) sur la pollution de l&rsquo;environnement.<\/p>\n<\/div>\n<div class=\"product-badge-anchor__ecoscore\" data-mce-fragment=\"1\">\n<div class=\"rich-text\" data-mce-fragment=\"1\">\n<div data-mce-fragment=\"1\">\n<p>Elle prend notamment en compte :<\/p>\n<ul data-mce-fragment=\"1\">\n<li data-mce-fragment=\"1\">le mode de production<\/li>\n<li data-mce-fragment=\"1\">le transport<\/li>\n<li data-mce-fragment=\"1\">l\u2019origine g\u00e9ographique des ingr\u00e9dients<\/li>\n<li data-mce-fragment=\"1\">la recyclabilit\u00e9 de l\u2019emballage<\/li>\n<li data-mce-fragment=\"1\">l\u2019impact sur les esp\u00e8ces menac\u00e9es<\/li>\n<\/ul>\n<p data-mce-fragment=\"1\">Cet Eco-score est en gris: en raison du manque d\u2019informations n\u00e9cessaires, il est impossible de calculer l\u2019Eco-score de ce produit.<\/p>\n<h3 class=\"title\" data-mce-fragment=\"1\">\u0645\u0643\u0648\u0646\u0627\u062a<\/h3>\n<div class=\"product-block-content-paragraph\" data-mce-fragment=\"1\">\n<p class=\"paragraph\" data-mce-fragment=\"1\">Aqua, Sorbitol, Hydrated Silica, Disodium Pyrophosphate, Sodium Lauryl Sulfate, Aroma, Cellulose Gum, Sodium Hydroxide, Sodium Saccharin, Sodium Fluoride, Carbomer, Mica, Limonene, CI 77891, Polysorbate 80, Alcohol, CI 42090<\/p>\n<\/div>\n<\/div>\n<\/div>\n<\/div>\n<\/div>\n<\/div>\n<\/div>\n<\/div>\n<\/div>","protected":false},"excerpt":{"rendered":"<p>Oral-B Dentifrice Crest 3D White 3 avantages en 1\u00a0\u00a0blanchit, renforce et prot\u00e8ge contre les taches Pour vos soins bucco-dentaires, faites confiance \u00e0 lu2019expertise blancheur du dentifrice Oral-B 3D White \u00e0 la menthe vivifiante. 3D White Vitalize rassemble 3\u00a0avantages en 1\u00a0seul dentifrice\u00a0: il blanchit, renforce et prot\u00e8ge vos dents. Sa formule douce pour lu2019\u00e9mail \u00e9limine en [&hellip;]<\/p>\n","protected":false},"featured_media":21238,"template":"","meta":{"om_disable_all_campaigns":false},"product_brand":[5556],"product_cat":[18],"product_tag":[5559,5560,5562,5557,5558,5561],"class_list":{"0":"post-21239","1":"product","2":"type-product","3":"status-publish","4":"has-post-thumbnail","6":"product_brand-crest-maroc-prix","7":"product_cat-beaute-sante","8":"product_tag-blanchiment-dents-maison-maroc","9":"product_tag-dentifrice-americain-maroc","10":"product_tag-hygiene-dentaire-premium-maroc","11":"product_tag-marque-crest-maroc","12":"product_tag-soins-bucco-dentaires-maroc","13":"product_tag-white-strips-maroc","15":"first","16":"instock","17":"sale","18":"taxable","19":"shipping-taxable","20":"purchasable","21":"product-type-simple"},"yoast_head":"<!-- This site is optimized with the Yoast SEO plugin v27.4 - https:\/\/yoast.com\/product\/yoast-seo-wordpress\/ -->\n<title>Oral-B Dentifrice Crest 3D White 3 avantages en 1 - Maroc Prix<\/title>\n<meta name=\"description\" content=\"Crest 3D White 3 en 1 nettoie, blanchit et prot\u00e8ge les dents au quotidien. \u00c9limine les taches, renforce l\u2019\u00e9mail et offre une haleine fra\u00eeche au Maroc.\" \/>\n<meta name=\"robots\" content=\"index, follow, max-snippet:-1, max-image-preview:large, max-video-preview:-1\" \/>\n<link rel=\"canonical\" href=\"https:\/\/vitablanca.ma\/ar\/product-2\/oral-b-dentifrice-crest-3d-white-3-avantages-en-1\/\" \/>\n<meta property=\"og:locale\" content=\"ar_AR\" \/>\n<meta property=\"og:type\" content=\"article\" \/>\n<meta property=\"og:title\" content=\"Oral-B Dentifrice Crest 3D White 3 avantages en 1 - Maroc Prix\" \/>\n<meta property=\"og:description\" content=\"Crest 3D White 3 en 1 nettoie, blanchit et prot\u00e8ge les dents au quotidien. \u00c9limine les taches, renforce l\u2019\u00e9mail et offre une haleine fra\u00eeche au Maroc.\" \/>\n<meta property=\"og:url\" content=\"https:\/\/vitablanca.ma\/ar\/product-2\/oral-b-dentifrice-crest-3d-white-3-avantages-en-1\/\" \/>\n<meta property=\"og:site_name\" content=\"Vitablanca.ma &ndash; Sant&eacute;, vitalit&eacute; et bien-&ecirc;tre pour tous les Marocains\" \/>\n<meta property=\"article:publisher\" content=\"https:\/\/www.facebook.com\/profile.php?id=61576678196717\" \/>\n<meta property=\"article:modified_time\" content=\"2025-12-28T14:23:11+00:00\" \/>\n<meta property=\"og:image\" content=\"https:\/\/vitablanca.ma\/wp-content\/uploads\/2025\/06\/Oral-B-Dentifrice-Crest-3D-White-3-avantages-en-1-nova-parapharmacie-maroc.png\" \/>\n\t<meta property=\"og:image:width\" content=\"1000\" \/>\n\t<meta property=\"og:image:height\" content=\"1000\" \/>\n\t<meta property=\"og:image:type\" content=\"image\/png\" \/>\n<meta name=\"twitter:card\" content=\"summary_large_image\" \/>\n<meta name=\"twitter:label1\" content=\"\u0648\u0642\u062a \u0627\u0644\u0642\u0631\u0627\u0621\u0629 \u0627\u0644\u0645\u064f\u0642\u062f\u0651\u0631\" \/>\n\t<meta name=\"twitter:data1\" content=\"\u062f\u0642\u064a\u0642\u062a\u0627\u0646\" \/>\n<script type=\"application\/ld+json\" class=\"yoast-schema-graph\">{\"@context\":\"https:\\\/\\\/schema.org\",\"@graph\":[{\"@type\":[\"WebPage\",\"ItemPage\"],\"@id\":\"https:\\\/\\\/vitablanca.ma\\\/produit\\\/oral-b-dentifrice-crest-3d-white-3-avantages-en-1\\\/\",\"url\":\"https:\\\/\\\/vitablanca.ma\\\/produit\\\/oral-b-dentifrice-crest-3d-white-3-avantages-en-1\\\/\",\"name\":\"Oral-B Dentifrice Crest 3D White 3 avantages en 1 - Maroc Prix\",\"isPartOf\":{\"@id\":\"https:\\\/\\\/vitablanca.ma\\\/#website\"},\"primaryImageOfPage\":{\"@id\":\"https:\\\/\\\/vitablanca.ma\\\/produit\\\/oral-b-dentifrice-crest-3d-white-3-avantages-en-1\\\/#primaryimage\"},\"image\":{\"@id\":\"https:\\\/\\\/vitablanca.ma\\\/produit\\\/oral-b-dentifrice-crest-3d-white-3-avantages-en-1\\\/#primaryimage\"},\"thumbnailUrl\":\"https:\\\/\\\/vitablanca.ma\\\/wp-content\\\/uploads\\\/2025\\\/06\\\/Oral-B-Dentifrice-Crest-3D-White-3-avantages-en-1-nova-parapharmacie-maroc.png\",\"datePublished\":\"2025-06-11T21:15:36+00:00\",\"dateModified\":\"2025-12-28T14:23:11+00:00\",\"description\":\"Crest 3D White 3 en 1 nettoie, blanchit et prot\u00e8ge les dents au quotidien. \u00c9limine les taches, renforce l\u2019\u00e9mail et offre une haleine fra\u00eeche au Maroc.\",\"breadcrumb\":{\"@id\":\"https:\\\/\\\/vitablanca.ma\\\/produit\\\/oral-b-dentifrice-crest-3d-white-3-avantages-en-1\\\/#breadcrumb\"},\"inLanguage\":\"ar\",\"potentialAction\":[{\"@type\":\"ReadAction\",\"target\":[\"https:\\\/\\\/vitablanca.ma\\\/produit\\\/oral-b-dentifrice-crest-3d-white-3-avantages-en-1\\\/\"]}]},{\"@type\":\"ImageObject\",\"inLanguage\":\"ar\",\"@id\":\"https:\\\/\\\/vitablanca.ma\\\/produit\\\/oral-b-dentifrice-crest-3d-white-3-avantages-en-1\\\/#primaryimage\",\"url\":\"https:\\\/\\\/vitablanca.ma\\\/wp-content\\\/uploads\\\/2025\\\/06\\\/Oral-B-Dentifrice-Crest-3D-White-3-avantages-en-1-nova-parapharmacie-maroc.png\",\"contentUrl\":\"https:\\\/\\\/vitablanca.ma\\\/wp-content\\\/uploads\\\/2025\\\/06\\\/Oral-B-Dentifrice-Crest-3D-White-3-avantages-en-1-nova-parapharmacie-maroc.png\",\"width\":1000,\"height\":1000},{\"@type\":\"BreadcrumbList\",\"@id\":\"https:\\\/\\\/vitablanca.ma\\\/produit\\\/oral-b-dentifrice-crest-3d-white-3-avantages-en-1\\\/#breadcrumb\",\"itemListElement\":[{\"@type\":\"ListItem\",\"position\":1,\"name\":\"Home\",\"item\":\"https:\\\/\\\/vitablanca.ma\\\/\"},{\"@type\":\"ListItem\",\"position\":2,\"name\":\"Tous Les Produits\",\"item\":\"https:\\\/\\\/vitablanca.ma\\\/tous-les-produits\\\/\"},{\"@type\":\"ListItem\",\"position\":3,\"name\":\"Oral-B Dentifrice Crest 3D White 3 avantages en 1\"}]},{\"@type\":\"WebSite\",\"@id\":\"https:\\\/\\\/vitablanca.ma\\\/#website\",\"url\":\"https:\\\/\\\/vitablanca.ma\\\/\",\"name\":\"VitaBlanca.ma | Compl\u00e9ments alimentaires, sant\u00e9 & beaut\u00e9 au Maroc\",\"description\":\"vendre vitamines et compl\u00e9ments premium des USA &amp; Canada, Nouvelle Z\u00e9lande,Maroc (NOW Foods, Solgar, Manuka). Livraison rapide partout au Maroc.\",\"publisher\":{\"@id\":\"https:\\\/\\\/vitablanca.ma\\\/#organization\"},\"alternateName\":\"VitaBlanca.ma\",\"potentialAction\":[{\"@type\":\"SearchAction\",\"target\":{\"@type\":\"EntryPoint\",\"urlTemplate\":\"https:\\\/\\\/vitablanca.ma\\\/?s={search_term_string}\"},\"query-input\":{\"@type\":\"PropertyValueSpecification\",\"valueRequired\":true,\"valueName\":\"search_term_string\"}}],\"inLanguage\":\"ar\"},{\"@type\":\"Organization\",\"@id\":\"https:\\\/\\\/vitablanca.ma\\\/#organization\",\"name\":\"VitaBlanca\",\"url\":\"https:\\\/\\\/vitablanca.ma\\\/\",\"logo\":{\"@type\":\"ImageObject\",\"inLanguage\":\"ar\",\"@id\":\"https:\\\/\\\/vitablanca.ma\\\/#\\\/schema\\\/logo\\\/image\\\/\",\"url\":\"https:\\\/\\\/vitablanca.ma\\\/wp-content\\\/uploads\\\/2025\\\/05\\\/cropped-vitablanca.png\",\"contentUrl\":\"https:\\\/\\\/vitablanca.ma\\\/wp-content\\\/uploads\\\/2025\\\/05\\\/cropped-vitablanca.png\",\"width\":360,\"height\":67,\"caption\":\"VitaBlanca\"},\"image\":{\"@id\":\"https:\\\/\\\/vitablanca.ma\\\/#\\\/schema\\\/logo\\\/image\\\/\"},\"sameAs\":[\"https:\\\/\\\/www.facebook.com\\\/profile.php?id=61576678196717\",\"https:\\\/\\\/www.tiktok.com\\\/@vitablanca.ma\",\"https:\\\/\\\/www.instagram.com\\\/vitablanca.ma\\\/\"]}]}<\/script>\n<!-- \/ Yoast SEO plugin. -->","yoast_head_json":{"title":"Oral-B Dentifrice Crest 3D White 3 avantages en 1 - Maroc Prix","description":"Crest 3D White 3 en 1 nettoie, blanchit et prot\u00e8ge les dents au quotidien. \u00c9limine les taches, renforce l\u2019\u00e9mail et offre une haleine fra\u00eeche au Maroc.","robots":{"index":"index","follow":"follow","max-snippet":"max-snippet:-1","max-image-preview":"max-image-preview:large","max-video-preview":"max-video-preview:-1"},"canonical":"https:\/\/vitablanca.ma\/ar\/product-2\/oral-b-dentifrice-crest-3d-white-3-avantages-en-1\/","og_locale":"ar_AR","og_type":"article","og_title":"Oral-B Dentifrice Crest 3D White 3 avantages en 1 - Maroc Prix","og_description":"Crest 3D White 3 en 1 nettoie, blanchit et prot\u00e8ge les dents au quotidien. \u00c9limine les taches, renforce l\u2019\u00e9mail et offre une haleine fra\u00eeche au Maroc.","og_url":"https:\/\/vitablanca.ma\/ar\/product-2\/oral-b-dentifrice-crest-3d-white-3-avantages-en-1\/","og_site_name":"Vitablanca.ma &ndash; Sant&eacute;, vitalit&eacute; et bien-&ecirc;tre pour tous les Marocains","article_publisher":"https:\/\/www.facebook.com\/profile.php?id=61576678196717","article_modified_time":"2025-12-28T14:23:11+00:00","og_image":[{"width":1000,"height":1000,"url":"https:\/\/vitablanca.ma\/wp-content\/uploads\/2025\/06\/Oral-B-Dentifrice-Crest-3D-White-3-avantages-en-1-nova-parapharmacie-maroc.png","type":"image\/png"}],"twitter_card":"summary_large_image","twitter_misc":{"\u0648\u0642\u062a \u0627\u0644\u0642\u0631\u0627\u0621\u0629 \u0627\u0644\u0645\u064f\u0642\u062f\u0651\u0631":"\u062f\u0642\u064a\u0642\u062a\u0627\u0646"},"schema":{"@context":"https:\/\/schema.org","@graph":[{"@type":["WebPage","ItemPage"],"@id":"https:\/\/vitablanca.ma\/produit\/oral-b-dentifrice-crest-3d-white-3-avantages-en-1\/","url":"https:\/\/vitablanca.ma\/produit\/oral-b-dentifrice-crest-3d-white-3-avantages-en-1\/","name":"Oral-B Dentifrice Crest 3D White 3 avantages en 1 - Maroc Prix","isPartOf":{"@id":"https:\/\/vitablanca.ma\/#website"},"primaryImageOfPage":{"@id":"https:\/\/vitablanca.ma\/produit\/oral-b-dentifrice-crest-3d-white-3-avantages-en-1\/#primaryimage"},"image":{"@id":"https:\/\/vitablanca.ma\/produit\/oral-b-dentifrice-crest-3d-white-3-avantages-en-1\/#primaryimage"},"thumbnailUrl":"https:\/\/vitablanca.ma\/wp-content\/uploads\/2025\/06\/Oral-B-Dentifrice-Crest-3D-White-3-avantages-en-1-nova-parapharmacie-maroc.png","datePublished":"2025-06-11T21:15:36+00:00","dateModified":"2025-12-28T14:23:11+00:00","description":"Crest 3D White 3 en 1 nettoie, blanchit et prot\u00e8ge les dents au quotidien. \u00c9limine les taches, renforce l\u2019\u00e9mail et offre une haleine fra\u00eeche au Maroc.","breadcrumb":{"@id":"https:\/\/vitablanca.ma\/produit\/oral-b-dentifrice-crest-3d-white-3-avantages-en-1\/#breadcrumb"},"inLanguage":"ar","potentialAction":[{"@type":"ReadAction","target":["https:\/\/vitablanca.ma\/produit\/oral-b-dentifrice-crest-3d-white-3-avantages-en-1\/"]}]},{"@type":"ImageObject","inLanguage":"ar","@id":"https:\/\/vitablanca.ma\/produit\/oral-b-dentifrice-crest-3d-white-3-avantages-en-1\/#primaryimage","url":"https:\/\/vitablanca.ma\/wp-content\/uploads\/2025\/06\/Oral-B-Dentifrice-Crest-3D-White-3-avantages-en-1-nova-parapharmacie-maroc.png","contentUrl":"https:\/\/vitablanca.ma\/wp-content\/uploads\/2025\/06\/Oral-B-Dentifrice-Crest-3D-White-3-avantages-en-1-nova-parapharmacie-maroc.png","width":1000,"height":1000},{"@type":"BreadcrumbList","@id":"https:\/\/vitablanca.ma\/produit\/oral-b-dentifrice-crest-3d-white-3-avantages-en-1\/#breadcrumb","itemListElement":[{"@type":"ListItem","position":1,"name":"Home","item":"https:\/\/vitablanca.ma\/"},{"@type":"ListItem","position":2,"name":"Tous Les Produits","item":"https:\/\/vitablanca.ma\/tous-les-produits\/"},{"@type":"ListItem","position":3,"name":"Oral-B Dentifrice Crest 3D White 3 avantages en 1"}]},{"@type":"WebSite","@id":"https:\/\/vitablanca.ma\/#website","url":"https:\/\/vitablanca.ma\/","name":"VitaBlanca.ma | \u0627\u0644\u0645\u0643\u0645\u0644\u0627\u062a \u0627\u0644\u063a\u0630\u0627\u0626\u064a\u0629\u060c \u0627\u0644\u0635\u062d\u0629 \u0648\u0627\u0644\u062c\u0645\u0627\u0644 \u0641\u064a \u0627\u0644\u0645\u063a\u0631\u0628","description":"\u0646\u0628\u064a\u0639 \u0641\u064a\u062a\u0627\u0645\u064a\u0646\u0627\u062a \u0648\u0645\u0643\u0645\u0644\u0627\u062a \u063a\u0630\u0627\u0626\u064a\u0629 \u0641\u0627\u062e\u0631\u0629 \u0645\u0646 \u0627\u0644\u0648\u0644\u0627\u064a\u0627\u062a \u0627\u0644\u0645\u062a\u062d\u062f\u0629 \u0627\u0644\u0623\u0645\u0631\u064a\u0643\u064a\u0629 \u0648\u0643\u0646\u062f\u0627 \u0648\u0646\u064a\u0648\u0632\u064a\u0644\u0646\u062f\u0627 \u0648\u0627\u0644\u0645\u063a\u0631\u0628 (\u0646\u0627\u0648 \u0641\u0648\u062f\u0632\u060c \u0633\u0648\u0644\u062c\u0627\u0631\u060c \u0645\u0627\u0646\u0648\u0643\u0627). \u062a\u0648\u0635\u064a\u0644 \u0633\u0631\u064a\u0639 \u0625\u0644\u0649 \u062c\u0645\u064a\u0639 \u0623\u0646\u062d\u0627\u0621 \u0627\u0644\u0645\u063a\u0631\u0628.","publisher":{"@id":"https:\/\/vitablanca.ma\/#organization"},"alternateName":"VitaBlanca.ma","potentialAction":[{"@type":"SearchAction","target":{"@type":"EntryPoint","urlTemplate":"https:\/\/vitablanca.ma\/?s={search_term_string}"},"query-input":{"@type":"PropertyValueSpecification","valueRequired":true,"valueName":"search_term_string"}}],"inLanguage":"ar"},{"@type":"Organization","@id":"https:\/\/vitablanca.ma\/#organization","name":"\u0641\u064a\u062a\u0627\u0628\u0644\u0627\u0646\u0643\u0627","url":"https:\/\/vitablanca.ma\/","logo":{"@type":"ImageObject","inLanguage":"ar","@id":"https:\/\/vitablanca.ma\/#\/schema\/logo\/image\/","url":"https:\/\/vitablanca.ma\/wp-content\/uploads\/2025\/05\/cropped-vitablanca.png","contentUrl":"https:\/\/vitablanca.ma\/wp-content\/uploads\/2025\/05\/cropped-vitablanca.png","width":360,"height":67,"caption":"VitaBlanca"},"image":{"@id":"https:\/\/vitablanca.ma\/#\/schema\/logo\/image\/"},"sameAs":["https:\/\/www.facebook.com\/profile.php?id=61576678196717","https:\/\/www.tiktok.com\/@vitablanca.ma","https:\/\/www.instagram.com\/vitablanca.ma\/"]}]}},"jetpack_sharing_enabled":true,"_links":{"self":[{"href":"https:\/\/vitablanca.ma\/ar\/wp-json\/wp\/v2\/product\/21239","targetHints":{"allow":["GET"]}}],"collection":[{"href":"https:\/\/vitablanca.ma\/ar\/wp-json\/wp\/v2\/product"}],"about":[{"href":"https:\/\/vitablanca.ma\/ar\/wp-json\/wp\/v2\/types\/product"}],"wp:featuredmedia":[{"embeddable":true,"href":"https:\/\/vitablanca.ma\/ar\/wp-json\/wp\/v2\/media\/21238"}],"wp:attachment":[{"href":"https:\/\/vitablanca.ma\/ar\/wp-json\/wp\/v2\/media?parent=21239"}],"wp:term":[{"taxonomy":"product_brand","embeddable":true,"href":"https:\/\/vitablanca.ma\/ar\/wp-json\/wp\/v2\/product_brand?post=21239"},{"taxonomy":"product_cat","embeddable":true,"href":"https:\/\/vitablanca.ma\/ar\/wp-json\/wp\/v2\/product_cat?post=21239"},{"taxonomy":"product_tag","embeddable":true,"href":"https:\/\/vitablanca.ma\/ar\/wp-json\/wp\/v2\/product_tag?post=21239"}],"curies":[{"name":"wp","href":"https:\/\/api.w.org\/{rel}","templated":true}]}}