{"id":21231,"date":"2025-06-11T21:15:13","date_gmt":"2025-06-11T21:15:13","guid":{"rendered":"https:\/\/vitablanca.ma\/product\/oral-b-recharge-sensitive-x2\/"},"modified":"2026-02-16T01:25:12","modified_gmt":"2026-02-16T01:25:12","slug":"oral-b-recharge-sensitive-x2","status":"publish","type":"product","link":"https:\/\/vitablanca.ma\/ar\/product-2\/oral-b-recharge-sensitive-x2\/","title":{"rendered":"\u0639\u0628\u0648\u0629 \u0625\u0639\u0627\u062f\u0629 \u062a\u0639\u0628\u0626\u0629 \u0623\u0648\u0631\u0627\u0644-\u0628\u064a \u0633\u064a\u0646\u0633\u064a\u062a\u064a\u0641 x2"},"content":{"rendered":"<h2>\u0639\u0628\u0648\u0629 \u0625\u0639\u0627\u062f\u0629 \u062a\u0639\u0628\u0626\u0629 \u0623\u0648\u0631\u0627\u0644-\u0628\u064a \u0633\u064a\u0646\u0633\u064a\u062a\u064a\u0641 x2\u00a0<span data-mce-fragment=\"1\">pour un nettoyage en douceur et des gencives plus saines<\/span><\/h2>\n<ul id=\"ob-highlights-ctn\" class=\"ob-product-highlights__highlights-list\">\n<li class=\"ob-product-highlights__highlights-list-item\">\n<div class=\"undefined\">\n<p>Une combinaison de brins classiques pour des dents plus propres et de brins ultrafins pour des gencives plus saines<\/p>\n<\/div>\n<\/li>\n<li class=\"ob-product-highlights__highlights-list-item\">\n<div class=\"undefined\">\n<p>Jusqu\u2019\u00e0 100 % d\u2019\u00e9limination de la plaque dentaire en plus et des gencives plus saines, par rapport \u00e0 une brosse \u00e0 dents manuelle classique<\/p>\n<\/div>\n<\/li>\n<li class=\"ob-product-highlights__highlights-list-item\">\n<div class=\"undefined\">\n<p>Le meilleur d\u2019Oral-B pour un nettoyage en douceur et des gencives plus saines (saud Oral-B iO)<\/p>\n<\/div>\n<\/li>\n<li class=\"ob-product-highlights__highlights-list-item more true\">\n<div class=\"undefined\">\n<p>Compatible avec tous les manches Oral-B, sauf Pulsonic et iO<\/p>\n<\/div>\n<\/li>\n<li class=\"ob-product-highlights__highlights-list-item more true\">\n<div class=\"undefined\">\n<p>La marque la plus recommand\u00e9e par les dentistes \u00e0 travers le monde<\/p>\n<p>&nbsp;<\/p>\n<\/div>\n<\/li>\n<\/ul>","protected":false},"excerpt":{"rendered":"<p>Oral-B Recharge Sensitive x2\u00a0pour un nettoyage en douceur et des gencives plus saines Une combinaison de brins classiques pour des dents plus propres et de brins ultrafins pour des gencives plus saines Jusqu\u2019\u00e0 100 % d\u2019\u00e9limination de la plaque dentaire en plus et des gencives plus saines, par rapport \u00e0 une brosse \u00e0 dents manuelle [&hellip;]<\/p>\n","protected":false},"featured_media":21229,"template":"","meta":{"om_disable_all_campaigns":false},"product_brand":[],"product_cat":[15],"product_tag":[9170,9099,7646,6254,6178,9168,9167,9169,8374,9171],"class_list":{"0":"post-21231","1":"product","2":"type-product","3":"status-publish","4":"has-post-thumbnail","6":"product_cat-beaute-sante-complements-alimentaires-soins-et-bien-etre-au-meilleur-prix","7":"product_tag-accessoire-oral-b","8":"product_tag-brosse-electrique","9":"product_tag-gencives-sensibles","10":"product_tag-hygiene-bucco-dentaire","11":"product_tag-nettoyage-doux","12":"product_tag-oral-b-recharge","13":"product_tag-recharge-brosse-a-dents","14":"product_tag-sensitive-x2","15":"product_tag-soins-dentaires","16":"product_tag-tete-de-brosse-douce","18":"first","19":"instock","20":"sale","21":"taxable","22":"shipping-taxable","23":"purchasable","24":"product-type-simple"},"yoast_head":"<!-- This site is optimized with the Yoast SEO plugin v27.4 - https:\/\/yoast.com\/product\/yoast-seo-wordpress\/ -->\n<title>Oral-B Recharge Sensitive x2 - Maroc Prix<\/title>\n<meta name=\"description\" content=\"Recharges Oral-B Sensitive x2 pour brosse \u00e0 dents \u00e9lectrique, douces et efficaces, id\u00e9ales pour gencives sensibles et nettoyage en profondeur.\" \/>\n<meta name=\"robots\" content=\"index, follow, max-snippet:-1, max-image-preview:large, max-video-preview:-1\" \/>\n<link rel=\"canonical\" href=\"https:\/\/vitablanca.ma\/ar\/product-2\/oral-b-recharge-sensitive-x2\/\" \/>\n<meta property=\"og:locale\" content=\"ar_AR\" \/>\n<meta property=\"og:type\" content=\"article\" \/>\n<meta property=\"og:title\" content=\"Oral-B Recharge Sensitive x2 - Maroc Prix\" \/>\n<meta property=\"og:description\" content=\"Recharges Oral-B Sensitive x2 pour brosse \u00e0 dents \u00e9lectrique, douces et efficaces, id\u00e9ales pour gencives sensibles et nettoyage en profondeur.\" \/>\n<meta property=\"og:url\" content=\"https:\/\/vitablanca.ma\/ar\/product-2\/oral-b-recharge-sensitive-x2\/\" \/>\n<meta property=\"og:site_name\" content=\"Vitablanca.ma &ndash; Sant&eacute;, vitalit&eacute; et bien-&ecirc;tre pour tous les Marocains\" \/>\n<meta property=\"article:publisher\" content=\"https:\/\/www.facebook.com\/profile.php?id=61576678196717\" \/>\n<meta property=\"article:modified_time\" content=\"2026-02-16T01:25:12+00:00\" \/>\n<meta property=\"og:image\" content=\"https:\/\/vitablanca.ma\/wp-content\/uploads\/2025\/06\/Oral-B-Recharge-Sensitive-x2-novapara-pharmacie-maroc.jpg\" \/>\n\t<meta property=\"og:image:width\" content=\"1000\" \/>\n\t<meta property=\"og:image:height\" content=\"1000\" \/>\n\t<meta property=\"og:image:type\" content=\"image\/jpeg\" \/>\n<meta name=\"twitter:card\" content=\"summary_large_image\" \/>\n<meta name=\"twitter:label1\" content=\"\u0648\u0642\u062a \u0627\u0644\u0642\u0631\u0627\u0621\u0629 \u0627\u0644\u0645\u064f\u0642\u062f\u0651\u0631\" \/>\n\t<meta name=\"twitter:data1\" content=\"\u062f\u0642\u064a\u0642\u0629 \u0648\u0627\u062d\u062f\u0629\" \/>\n<script type=\"application\/ld+json\" class=\"yoast-schema-graph\">{\"@context\":\"https:\\\/\\\/schema.org\",\"@graph\":[{\"@type\":[\"WebPage\",\"ItemPage\"],\"@id\":\"https:\\\/\\\/vitablanca.ma\\\/produit\\\/oral-b-recharge-sensitive-x2\\\/\",\"url\":\"https:\\\/\\\/vitablanca.ma\\\/produit\\\/oral-b-recharge-sensitive-x2\\\/\",\"name\":\"Oral-B Recharge Sensitive x2 - Maroc Prix\",\"isPartOf\":{\"@id\":\"https:\\\/\\\/vitablanca.ma\\\/#website\"},\"primaryImageOfPage\":{\"@id\":\"https:\\\/\\\/vitablanca.ma\\\/produit\\\/oral-b-recharge-sensitive-x2\\\/#primaryimage\"},\"image\":{\"@id\":\"https:\\\/\\\/vitablanca.ma\\\/produit\\\/oral-b-recharge-sensitive-x2\\\/#primaryimage\"},\"thumbnailUrl\":\"https:\\\/\\\/vitablanca.ma\\\/wp-content\\\/uploads\\\/2025\\\/06\\\/Oral-B-Recharge-Sensitive-x2-novapara-pharmacie-maroc.jpg\",\"datePublished\":\"2025-06-11T21:15:13+00:00\",\"dateModified\":\"2026-02-16T01:25:12+00:00\",\"description\":\"Recharges Oral-B Sensitive x2 pour brosse \u00e0 dents \u00e9lectrique, douces et efficaces, id\u00e9ales pour gencives sensibles et nettoyage en profondeur.\",\"breadcrumb\":{\"@id\":\"https:\\\/\\\/vitablanca.ma\\\/produit\\\/oral-b-recharge-sensitive-x2\\\/#breadcrumb\"},\"inLanguage\":\"ar\",\"potentialAction\":[{\"@type\":\"ReadAction\",\"target\":[\"https:\\\/\\\/vitablanca.ma\\\/produit\\\/oral-b-recharge-sensitive-x2\\\/\"]}]},{\"@type\":\"ImageObject\",\"inLanguage\":\"ar\",\"@id\":\"https:\\\/\\\/vitablanca.ma\\\/produit\\\/oral-b-recharge-sensitive-x2\\\/#primaryimage\",\"url\":\"https:\\\/\\\/vitablanca.ma\\\/wp-content\\\/uploads\\\/2025\\\/06\\\/Oral-B-Recharge-Sensitive-x2-novapara-pharmacie-maroc.jpg\",\"contentUrl\":\"https:\\\/\\\/vitablanca.ma\\\/wp-content\\\/uploads\\\/2025\\\/06\\\/Oral-B-Recharge-Sensitive-x2-novapara-pharmacie-maroc.jpg\",\"width\":1000,\"height\":1000},{\"@type\":\"BreadcrumbList\",\"@id\":\"https:\\\/\\\/vitablanca.ma\\\/produit\\\/oral-b-recharge-sensitive-x2\\\/#breadcrumb\",\"itemListElement\":[{\"@type\":\"ListItem\",\"position\":1,\"name\":\"Home\",\"item\":\"https:\\\/\\\/vitablanca.ma\\\/\"},{\"@type\":\"ListItem\",\"position\":2,\"name\":\"Tous Les Produits\",\"item\":\"https:\\\/\\\/vitablanca.ma\\\/tous-les-produits\\\/\"},{\"@type\":\"ListItem\",\"position\":3,\"name\":\"Oral-B Recharge Sensitive x2\"}]},{\"@type\":\"WebSite\",\"@id\":\"https:\\\/\\\/vitablanca.ma\\\/#website\",\"url\":\"https:\\\/\\\/vitablanca.ma\\\/\",\"name\":\"VitaBlanca.ma | Compl\u00e9ments alimentaires, sant\u00e9 & beaut\u00e9 au Maroc\",\"description\":\"vendre vitamines et compl\u00e9ments premium des USA &amp; Canada, Nouvelle Z\u00e9lande,Maroc (NOW Foods, Solgar, Manuka). Livraison rapide partout au Maroc.\",\"publisher\":{\"@id\":\"https:\\\/\\\/vitablanca.ma\\\/#organization\"},\"alternateName\":\"VitaBlanca.ma\",\"potentialAction\":[{\"@type\":\"SearchAction\",\"target\":{\"@type\":\"EntryPoint\",\"urlTemplate\":\"https:\\\/\\\/vitablanca.ma\\\/?s={search_term_string}\"},\"query-input\":{\"@type\":\"PropertyValueSpecification\",\"valueRequired\":true,\"valueName\":\"search_term_string\"}}],\"inLanguage\":\"ar\"},{\"@type\":\"Organization\",\"@id\":\"https:\\\/\\\/vitablanca.ma\\\/#organization\",\"name\":\"VitaBlanca\",\"url\":\"https:\\\/\\\/vitablanca.ma\\\/\",\"logo\":{\"@type\":\"ImageObject\",\"inLanguage\":\"ar\",\"@id\":\"https:\\\/\\\/vitablanca.ma\\\/#\\\/schema\\\/logo\\\/image\\\/\",\"url\":\"https:\\\/\\\/vitablanca.ma\\\/wp-content\\\/uploads\\\/2025\\\/05\\\/cropped-vitablanca.png\",\"contentUrl\":\"https:\\\/\\\/vitablanca.ma\\\/wp-content\\\/uploads\\\/2025\\\/05\\\/cropped-vitablanca.png\",\"width\":360,\"height\":67,\"caption\":\"VitaBlanca\"},\"image\":{\"@id\":\"https:\\\/\\\/vitablanca.ma\\\/#\\\/schema\\\/logo\\\/image\\\/\"},\"sameAs\":[\"https:\\\/\\\/www.facebook.com\\\/profile.php?id=61576678196717\",\"https:\\\/\\\/www.tiktok.com\\\/@vitablanca.ma\",\"https:\\\/\\\/www.instagram.com\\\/vitablanca.ma\\\/\"]}]}<\/script>\n<!-- \/ Yoast SEO plugin. -->","yoast_head_json":{"title":"Oral-B Recharge Sensitive x2 - Maroc Prix","description":"Recharges Oral-B Sensitive x2 pour brosse \u00e0 dents \u00e9lectrique, douces et efficaces, id\u00e9ales pour gencives sensibles et nettoyage en profondeur.","robots":{"index":"index","follow":"follow","max-snippet":"max-snippet:-1","max-image-preview":"max-image-preview:large","max-video-preview":"max-video-preview:-1"},"canonical":"https:\/\/vitablanca.ma\/ar\/product-2\/oral-b-recharge-sensitive-x2\/","og_locale":"ar_AR","og_type":"article","og_title":"Oral-B Recharge Sensitive x2 - Maroc Prix","og_description":"Recharges Oral-B Sensitive x2 pour brosse \u00e0 dents \u00e9lectrique, douces et efficaces, id\u00e9ales pour gencives sensibles et nettoyage en profondeur.","og_url":"https:\/\/vitablanca.ma\/ar\/product-2\/oral-b-recharge-sensitive-x2\/","og_site_name":"Vitablanca.ma &ndash; Sant&eacute;, vitalit&eacute; et bien-&ecirc;tre pour tous les Marocains","article_publisher":"https:\/\/www.facebook.com\/profile.php?id=61576678196717","article_modified_time":"2026-02-16T01:25:12+00:00","og_image":[{"width":1000,"height":1000,"url":"https:\/\/vitablanca.ma\/wp-content\/uploads\/2025\/06\/Oral-B-Recharge-Sensitive-x2-novapara-pharmacie-maroc.jpg","type":"image\/jpeg"}],"twitter_card":"summary_large_image","twitter_misc":{"\u0648\u0642\u062a \u0627\u0644\u0642\u0631\u0627\u0621\u0629 \u0627\u0644\u0645\u064f\u0642\u062f\u0651\u0631":"\u062f\u0642\u064a\u0642\u0629 \u0648\u0627\u062d\u062f\u0629"},"schema":{"@context":"https:\/\/schema.org","@graph":[{"@type":["WebPage","ItemPage"],"@id":"https:\/\/vitablanca.ma\/produit\/oral-b-recharge-sensitive-x2\/","url":"https:\/\/vitablanca.ma\/produit\/oral-b-recharge-sensitive-x2\/","name":"Oral-B Recharge Sensitive x2 - Maroc Prix","isPartOf":{"@id":"https:\/\/vitablanca.ma\/#website"},"primaryImageOfPage":{"@id":"https:\/\/vitablanca.ma\/produit\/oral-b-recharge-sensitive-x2\/#primaryimage"},"image":{"@id":"https:\/\/vitablanca.ma\/produit\/oral-b-recharge-sensitive-x2\/#primaryimage"},"thumbnailUrl":"https:\/\/vitablanca.ma\/wp-content\/uploads\/2025\/06\/Oral-B-Recharge-Sensitive-x2-novapara-pharmacie-maroc.jpg","datePublished":"2025-06-11T21:15:13+00:00","dateModified":"2026-02-16T01:25:12+00:00","description":"Recharges Oral-B Sensitive x2 pour brosse \u00e0 dents \u00e9lectrique, douces et efficaces, id\u00e9ales pour gencives sensibles et nettoyage en profondeur.","breadcrumb":{"@id":"https:\/\/vitablanca.ma\/produit\/oral-b-recharge-sensitive-x2\/#breadcrumb"},"inLanguage":"ar","potentialAction":[{"@type":"ReadAction","target":["https:\/\/vitablanca.ma\/produit\/oral-b-recharge-sensitive-x2\/"]}]},{"@type":"ImageObject","inLanguage":"ar","@id":"https:\/\/vitablanca.ma\/produit\/oral-b-recharge-sensitive-x2\/#primaryimage","url":"https:\/\/vitablanca.ma\/wp-content\/uploads\/2025\/06\/Oral-B-Recharge-Sensitive-x2-novapara-pharmacie-maroc.jpg","contentUrl":"https:\/\/vitablanca.ma\/wp-content\/uploads\/2025\/06\/Oral-B-Recharge-Sensitive-x2-novapara-pharmacie-maroc.jpg","width":1000,"height":1000},{"@type":"BreadcrumbList","@id":"https:\/\/vitablanca.ma\/produit\/oral-b-recharge-sensitive-x2\/#breadcrumb","itemListElement":[{"@type":"ListItem","position":1,"name":"Home","item":"https:\/\/vitablanca.ma\/"},{"@type":"ListItem","position":2,"name":"Tous Les Produits","item":"https:\/\/vitablanca.ma\/tous-les-produits\/"},{"@type":"ListItem","position":3,"name":"Oral-B Recharge Sensitive x2"}]},{"@type":"WebSite","@id":"https:\/\/vitablanca.ma\/#website","url":"https:\/\/vitablanca.ma\/","name":"VitaBlanca.ma | \u0627\u0644\u0645\u0643\u0645\u0644\u0627\u062a \u0627\u0644\u063a\u0630\u0627\u0626\u064a\u0629\u060c \u0627\u0644\u0635\u062d\u0629 \u0648\u0627\u0644\u062c\u0645\u0627\u0644 \u0641\u064a \u0627\u0644\u0645\u063a\u0631\u0628","description":"\u0646\u0628\u064a\u0639 \u0641\u064a\u062a\u0627\u0645\u064a\u0646\u0627\u062a \u0648\u0645\u0643\u0645\u0644\u0627\u062a \u063a\u0630\u0627\u0626\u064a\u0629 \u0641\u0627\u062e\u0631\u0629 \u0645\u0646 \u0627\u0644\u0648\u0644\u0627\u064a\u0627\u062a \u0627\u0644\u0645\u062a\u062d\u062f\u0629 \u0627\u0644\u0623\u0645\u0631\u064a\u0643\u064a\u0629 \u0648\u0643\u0646\u062f\u0627 \u0648\u0646\u064a\u0648\u0632\u064a\u0644\u0646\u062f\u0627 \u0648\u0627\u0644\u0645\u063a\u0631\u0628 (\u0646\u0627\u0648 \u0641\u0648\u062f\u0632\u060c \u0633\u0648\u0644\u062c\u0627\u0631\u060c \u0645\u0627\u0646\u0648\u0643\u0627). \u062a\u0648\u0635\u064a\u0644 \u0633\u0631\u064a\u0639 \u0625\u0644\u0649 \u062c\u0645\u064a\u0639 \u0623\u0646\u062d\u0627\u0621 \u0627\u0644\u0645\u063a\u0631\u0628.","publisher":{"@id":"https:\/\/vitablanca.ma\/#organization"},"alternateName":"VitaBlanca.ma","potentialAction":[{"@type":"SearchAction","target":{"@type":"EntryPoint","urlTemplate":"https:\/\/vitablanca.ma\/?s={search_term_string}"},"query-input":{"@type":"PropertyValueSpecification","valueRequired":true,"valueName":"search_term_string"}}],"inLanguage":"ar"},{"@type":"Organization","@id":"https:\/\/vitablanca.ma\/#organization","name":"\u0641\u064a\u062a\u0627\u0628\u0644\u0627\u0646\u0643\u0627","url":"https:\/\/vitablanca.ma\/","logo":{"@type":"ImageObject","inLanguage":"ar","@id":"https:\/\/vitablanca.ma\/#\/schema\/logo\/image\/","url":"https:\/\/vitablanca.ma\/wp-content\/uploads\/2025\/05\/cropped-vitablanca.png","contentUrl":"https:\/\/vitablanca.ma\/wp-content\/uploads\/2025\/05\/cropped-vitablanca.png","width":360,"height":67,"caption":"VitaBlanca"},"image":{"@id":"https:\/\/vitablanca.ma\/#\/schema\/logo\/image\/"},"sameAs":["https:\/\/www.facebook.com\/profile.php?id=61576678196717","https:\/\/www.tiktok.com\/@vitablanca.ma","https:\/\/www.instagram.com\/vitablanca.ma\/"]}]}},"jetpack_sharing_enabled":true,"_links":{"self":[{"href":"https:\/\/vitablanca.ma\/ar\/wp-json\/wp\/v2\/product\/21231","targetHints":{"allow":["GET"]}}],"collection":[{"href":"https:\/\/vitablanca.ma\/ar\/wp-json\/wp\/v2\/product"}],"about":[{"href":"https:\/\/vitablanca.ma\/ar\/wp-json\/wp\/v2\/types\/product"}],"wp:featuredmedia":[{"embeddable":true,"href":"https:\/\/vitablanca.ma\/ar\/wp-json\/wp\/v2\/media\/21229"}],"wp:attachment":[{"href":"https:\/\/vitablanca.ma\/ar\/wp-json\/wp\/v2\/media?parent=21231"}],"wp:term":[{"taxonomy":"product_brand","embeddable":true,"href":"https:\/\/vitablanca.ma\/ar\/wp-json\/wp\/v2\/product_brand?post=21231"},{"taxonomy":"product_cat","embeddable":true,"href":"https:\/\/vitablanca.ma\/ar\/wp-json\/wp\/v2\/product_cat?post=21231"},{"taxonomy":"product_tag","embeddable":true,"href":"https:\/\/vitablanca.ma\/ar\/wp-json\/wp\/v2\/product_tag?post=21231"}],"curies":[{"name":"wp","href":"https:\/\/api.w.org\/{rel}","templated":true}]}}