{"id":21222,"date":"2025-06-11T21:14:35","date_gmt":"2025-06-11T21:14:35","guid":{"rendered":"https:\/\/vitablanca.ma\/product\/nubiance-cleanactyl-gel-nettoyant-visage-anti-imperfections-200ml\/"},"modified":"2026-02-16T01:29:42","modified_gmt":"2026-02-16T01:29:42","slug":"nubiance-cleanactyl-gel-nettoyant-visage-anti-imperfections-200ml","status":"publish","type":"product","link":"https:\/\/vitablanca.ma\/ar\/product-2\/nubiance-cleanactyl-gel-nettoyant-visage-anti-imperfections-200ml\/","title":{"rendered":"\u062c\u0644 \u0646\u0648\u0628\u064a\u0627\u0646\u0633 \u0643\u0644\u064a\u0646\u0627\u0643\u062a\u064a\u0644 \u0644\u062a\u0646\u0638\u064a\u0641 \u0627\u0644\u0648\u062c\u0647 \u0648\u0625\u0632\u0627\u0644\u0629 \u0627\u0644\u0634\u0648\u0627\u0626\u0628 200 \u0645\u0644"},"content":{"rendered":"<h2>Nubiance Cleanactyl Gel Nettoyant Visage Anti-Imperfections.<\/h2>\n<p>Ce gel lavant est particuli\u00e8rement adapt\u00e9 aux peaux mixtes \u00e0 grasses \u00e0 tendance acn\u00e9ique et\/ou \u00e0 imperfections. Il nettoie la peau des impuret\u00e9s et de l\u2019exc\u00e8s de s\u00e9bum et la laisse nette et purifi\u00e9e.<\/p>\n<h3>\u0641\u0648\u0627\u0626\u062f \u0627\u0644\u0645\u0646\u062a\u062c<\/h3>\n<p>Une composition ultra clean avec les meilleurs ingr\u00e9dients pour votre peau:<\/p>\n<ul>\n<li><strong>Extraits de Papaye<\/strong>: propri\u00e9t\u00e9s hydratantes, nourrissantes, adoucissantes, purifiantes et antiseptique.<\/li>\n<li><strong>Eau florale de lavande<\/strong>: excellent r\u00e9g\u00e9n\u00e9rant de l&rsquo;\u00e9piderme soumis \u00e0 un stress.<\/li>\n<li><strong>Complexe unique<\/strong>: extrait de chicor\u00e9e, d\u2019iris et d\u2019algues associ\u00e9 \u00e0 la vitamine C pour un teint \u00e9clatant et purifi\u00e9.<\/li>\n<li><strong>\u0627\u0644\u062c\u0644\u0633\u0631\u064a\u0646<\/strong>: propri\u00e9t\u00e9s hydratantes, diminue la perte en eau trans-\u00e9pidermique et r\u00e9duit l&rsquo;\u00e9vaporation de l&rsquo;eau.<\/li>\n<li><strong>\u0627\u0644\u0632\u0646\u0643 PCA<\/strong>: propri\u00e9t\u00e9s antiseptiques, assainit la peau.<\/li>\n<li><strong>Cuivre<\/strong>: propri\u00e9t\u00e9s astringentes et action anti-microbienne Formul\u00e9 pour r\u00e9pondre aux exigences des peaux \u00e0 tendance acn\u00e9ique, Cleanactyl\u00ae est particuli\u00e8rement indiqu\u00e9 pour nettoyer parfaitement la peau avant l&rsquo;application de notre soin intense anti-imperfections ACT-5.<\/li>\n<\/ul>\n<h3>\u0637\u0631\u064a\u0642\u0629 \u0627\u0644\u0627\u0633\u062a\u062e\u062f\u0627\u0645<\/h3>\n<p>Appliquer le matin et\/ou le soir sur la peau pr\u00e9alablement humidifi\u00e9e, faire mousser par mouvements circulaires, rincer abondamment puis s\u00e9cher.<\/p>","protected":false},"excerpt":{"rendered":"<p>Nubiance Cleanactyl Gel Nettoyant Visage Anti-Imperfections. Ce gel lavant est particuli\u00e8rement adapt\u00e9 aux peaux mixtes \u00e0 grasses \u00e0 tendance acn\u00e9ique et\/ou \u00e0 imperfections. Il nettoie la peau des impuret\u00e9s et de l\u2019exc\u00e8s de s\u00e9bum et la laisse nette et purifi\u00e9e. B\u00e9n\u00e9fices produit Une composition ultra clean avec les meilleurs ingr\u00e9dients pour votre peau: Extraits de [&hellip;]<\/p>\n","protected":false},"featured_media":21221,"template":"","meta":{"om_disable_all_campaigns":false},"product_brand":[],"product_cat":[15],"product_tag":[6414,7357,7389,7901,6178,9177,6354,7902,7360,6722],"class_list":{"0":"post-21222","1":"product","2":"type-product","3":"status-publish","4":"has-post-thumbnail","6":"product_cat-beaute-sante-complements-alimentaires-soins-et-bien-etre-au-meilleur-prix","7":"product_tag-anti-imperfections","8":"product_tag-exces-de-sebum","9":"product_tag-gel-nettoyant-visage","10":"product_tag-gel-purifiant","11":"product_tag-nettoyage-doux","12":"product_tag-nubiance-cleanactyl","13":"product_tag-peau-mixte","14":"product_tag-purification-peau","15":"product_tag-routine-visage","16":"product_tag-soin-peau","18":"first","19":"instock","20":"sale","21":"taxable","22":"shipping-taxable","23":"purchasable","24":"product-type-simple"},"yoast_head":"<!-- This site is optimized with the Yoast SEO plugin v27.4 - https:\/\/yoast.com\/product\/yoast-seo-wordpress\/ -->\n<title>Nubiance Cleanactyl Gel Nettoyant Visage Anti-200ml - Maroc Prix<\/title>\n<meta name=\"description\" content=\"Gel nettoyant visage Nubiance Cleanactyl 200ml, purifie la peau, lutte contre les imperfections et r\u00e9gule l\u2019exc\u00e8s de s\u00e9bum pour un teint net.\" \/>\n<meta name=\"robots\" content=\"index, follow, max-snippet:-1, max-image-preview:large, max-video-preview:-1\" \/>\n<link rel=\"canonical\" href=\"https:\/\/vitablanca.ma\/ar\/product-2\/nubiance-cleanactyl-gel-nettoyant-visage-anti-imperfections-200ml\/\" \/>\n<meta property=\"og:locale\" content=\"ar_AR\" \/>\n<meta property=\"og:type\" content=\"article\" \/>\n<meta property=\"og:title\" content=\"Nubiance Cleanactyl Gel Nettoyant Visage Anti-200ml - Maroc Prix\" \/>\n<meta property=\"og:description\" content=\"Gel nettoyant visage Nubiance Cleanactyl 200ml, purifie la peau, lutte contre les imperfections et r\u00e9gule l\u2019exc\u00e8s de s\u00e9bum pour un teint net.\" \/>\n<meta property=\"og:url\" content=\"https:\/\/vitablanca.ma\/ar\/product-2\/nubiance-cleanactyl-gel-nettoyant-visage-anti-imperfections-200ml\/\" \/>\n<meta property=\"og:site_name\" content=\"Vitablanca.ma &ndash; Sant&eacute;, vitalit&eacute; et bien-&ecirc;tre pour tous les Marocains\" \/>\n<meta property=\"article:publisher\" content=\"https:\/\/www.facebook.com\/profile.php?id=61576678196717\" \/>\n<meta property=\"article:modified_time\" content=\"2026-02-16T01:29:42+00:00\" \/>\n<meta property=\"og:image\" content=\"https:\/\/vitablanca.ma\/wp-content\/uploads\/2025\/06\/Nubiance-Cleanactyl-Gel-Nettoyant-Visage-Anti-Imperfections-200ml-nova-parapharmacie-maroc.jpg\" \/>\n\t<meta property=\"og:image:width\" content=\"1000\" \/>\n\t<meta property=\"og:image:height\" content=\"1000\" \/>\n\t<meta property=\"og:image:type\" content=\"image\/jpeg\" \/>\n<meta name=\"twitter:card\" content=\"summary_large_image\" \/>\n<meta name=\"twitter:label1\" content=\"\u0648\u0642\u062a \u0627\u0644\u0642\u0631\u0627\u0621\u0629 \u0627\u0644\u0645\u064f\u0642\u062f\u0651\u0631\" \/>\n\t<meta name=\"twitter:data1\" content=\"\u062f\u0642\u064a\u0642\u062a\u0627\u0646\" \/>\n<script type=\"application\/ld+json\" class=\"yoast-schema-graph\">{\"@context\":\"https:\\\/\\\/schema.org\",\"@graph\":[{\"@type\":[\"WebPage\",\"ItemPage\"],\"@id\":\"https:\\\/\\\/vitablanca.ma\\\/produit\\\/nubiance-cleanactyl-gel-nettoyant-visage-anti-imperfections-200ml\\\/\",\"url\":\"https:\\\/\\\/vitablanca.ma\\\/produit\\\/nubiance-cleanactyl-gel-nettoyant-visage-anti-imperfections-200ml\\\/\",\"name\":\"Nubiance Cleanactyl Gel Nettoyant Visage Anti-200ml - Maroc Prix\",\"isPartOf\":{\"@id\":\"https:\\\/\\\/vitablanca.ma\\\/#website\"},\"primaryImageOfPage\":{\"@id\":\"https:\\\/\\\/vitablanca.ma\\\/produit\\\/nubiance-cleanactyl-gel-nettoyant-visage-anti-imperfections-200ml\\\/#primaryimage\"},\"image\":{\"@id\":\"https:\\\/\\\/vitablanca.ma\\\/produit\\\/nubiance-cleanactyl-gel-nettoyant-visage-anti-imperfections-200ml\\\/#primaryimage\"},\"thumbnailUrl\":\"https:\\\/\\\/vitablanca.ma\\\/wp-content\\\/uploads\\\/2025\\\/06\\\/Nubiance-Cleanactyl-Gel-Nettoyant-Visage-Anti-Imperfections-200ml-nova-parapharmacie-maroc.jpg\",\"datePublished\":\"2025-06-11T21:14:35+00:00\",\"dateModified\":\"2026-02-16T01:29:42+00:00\",\"description\":\"Gel nettoyant visage Nubiance Cleanactyl 200ml, purifie la peau, lutte contre les imperfections et r\u00e9gule l\u2019exc\u00e8s de s\u00e9bum pour un teint net.\",\"breadcrumb\":{\"@id\":\"https:\\\/\\\/vitablanca.ma\\\/produit\\\/nubiance-cleanactyl-gel-nettoyant-visage-anti-imperfections-200ml\\\/#breadcrumb\"},\"inLanguage\":\"ar\",\"potentialAction\":[{\"@type\":\"ReadAction\",\"target\":[\"https:\\\/\\\/vitablanca.ma\\\/produit\\\/nubiance-cleanactyl-gel-nettoyant-visage-anti-imperfections-200ml\\\/\"]}]},{\"@type\":\"ImageObject\",\"inLanguage\":\"ar\",\"@id\":\"https:\\\/\\\/vitablanca.ma\\\/produit\\\/nubiance-cleanactyl-gel-nettoyant-visage-anti-imperfections-200ml\\\/#primaryimage\",\"url\":\"https:\\\/\\\/vitablanca.ma\\\/wp-content\\\/uploads\\\/2025\\\/06\\\/Nubiance-Cleanactyl-Gel-Nettoyant-Visage-Anti-Imperfections-200ml-nova-parapharmacie-maroc.jpg\",\"contentUrl\":\"https:\\\/\\\/vitablanca.ma\\\/wp-content\\\/uploads\\\/2025\\\/06\\\/Nubiance-Cleanactyl-Gel-Nettoyant-Visage-Anti-Imperfections-200ml-nova-parapharmacie-maroc.jpg\",\"width\":1000,\"height\":1000},{\"@type\":\"BreadcrumbList\",\"@id\":\"https:\\\/\\\/vitablanca.ma\\\/produit\\\/nubiance-cleanactyl-gel-nettoyant-visage-anti-imperfections-200ml\\\/#breadcrumb\",\"itemListElement\":[{\"@type\":\"ListItem\",\"position\":1,\"name\":\"Home\",\"item\":\"https:\\\/\\\/vitablanca.ma\\\/\"},{\"@type\":\"ListItem\",\"position\":2,\"name\":\"Tous Les Produits\",\"item\":\"https:\\\/\\\/vitablanca.ma\\\/tous-les-produits\\\/\"},{\"@type\":\"ListItem\",\"position\":3,\"name\":\"Nubiance Cleanactyl Gel Nettoyant Visage Anti-Imperfections 200ml\"}]},{\"@type\":\"WebSite\",\"@id\":\"https:\\\/\\\/vitablanca.ma\\\/#website\",\"url\":\"https:\\\/\\\/vitablanca.ma\\\/\",\"name\":\"VitaBlanca.ma | Compl\u00e9ments alimentaires, sant\u00e9 & beaut\u00e9 au Maroc\",\"description\":\"vendre vitamines et compl\u00e9ments premium des USA &amp; Canada, Nouvelle Z\u00e9lande,Maroc (NOW Foods, Solgar, Manuka). Livraison rapide partout au Maroc.\",\"publisher\":{\"@id\":\"https:\\\/\\\/vitablanca.ma\\\/#organization\"},\"alternateName\":\"VitaBlanca.ma\",\"potentialAction\":[{\"@type\":\"SearchAction\",\"target\":{\"@type\":\"EntryPoint\",\"urlTemplate\":\"https:\\\/\\\/vitablanca.ma\\\/?s={search_term_string}\"},\"query-input\":{\"@type\":\"PropertyValueSpecification\",\"valueRequired\":true,\"valueName\":\"search_term_string\"}}],\"inLanguage\":\"ar\"},{\"@type\":\"Organization\",\"@id\":\"https:\\\/\\\/vitablanca.ma\\\/#organization\",\"name\":\"VitaBlanca\",\"url\":\"https:\\\/\\\/vitablanca.ma\\\/\",\"logo\":{\"@type\":\"ImageObject\",\"inLanguage\":\"ar\",\"@id\":\"https:\\\/\\\/vitablanca.ma\\\/#\\\/schema\\\/logo\\\/image\\\/\",\"url\":\"https:\\\/\\\/vitablanca.ma\\\/wp-content\\\/uploads\\\/2025\\\/05\\\/cropped-vitablanca.png\",\"contentUrl\":\"https:\\\/\\\/vitablanca.ma\\\/wp-content\\\/uploads\\\/2025\\\/05\\\/cropped-vitablanca.png\",\"width\":360,\"height\":67,\"caption\":\"VitaBlanca\"},\"image\":{\"@id\":\"https:\\\/\\\/vitablanca.ma\\\/#\\\/schema\\\/logo\\\/image\\\/\"},\"sameAs\":[\"https:\\\/\\\/www.facebook.com\\\/profile.php?id=61576678196717\",\"https:\\\/\\\/www.tiktok.com\\\/@vitablanca.ma\",\"https:\\\/\\\/www.instagram.com\\\/vitablanca.ma\\\/\"]}]}<\/script>\n<!-- \/ Yoast SEO plugin. -->","yoast_head_json":{"title":"Nubiance Cleanactyl Gel Nettoyant Visage Anti-200ml - Maroc Prix","description":"Gel nettoyant visage Nubiance Cleanactyl 200ml, purifie la peau, lutte contre les imperfections et r\u00e9gule l\u2019exc\u00e8s de s\u00e9bum pour un teint net.","robots":{"index":"index","follow":"follow","max-snippet":"max-snippet:-1","max-image-preview":"max-image-preview:large","max-video-preview":"max-video-preview:-1"},"canonical":"https:\/\/vitablanca.ma\/ar\/product-2\/nubiance-cleanactyl-gel-nettoyant-visage-anti-imperfections-200ml\/","og_locale":"ar_AR","og_type":"article","og_title":"Nubiance Cleanactyl Gel Nettoyant Visage Anti-200ml - Maroc Prix","og_description":"Gel nettoyant visage Nubiance Cleanactyl 200ml, purifie la peau, lutte contre les imperfections et r\u00e9gule l\u2019exc\u00e8s de s\u00e9bum pour un teint net.","og_url":"https:\/\/vitablanca.ma\/ar\/product-2\/nubiance-cleanactyl-gel-nettoyant-visage-anti-imperfections-200ml\/","og_site_name":"Vitablanca.ma &ndash; Sant&eacute;, vitalit&eacute; et bien-&ecirc;tre pour tous les Marocains","article_publisher":"https:\/\/www.facebook.com\/profile.php?id=61576678196717","article_modified_time":"2026-02-16T01:29:42+00:00","og_image":[{"width":1000,"height":1000,"url":"https:\/\/vitablanca.ma\/wp-content\/uploads\/2025\/06\/Nubiance-Cleanactyl-Gel-Nettoyant-Visage-Anti-Imperfections-200ml-nova-parapharmacie-maroc.jpg","type":"image\/jpeg"}],"twitter_card":"summary_large_image","twitter_misc":{"\u0648\u0642\u062a \u0627\u0644\u0642\u0631\u0627\u0621\u0629 \u0627\u0644\u0645\u064f\u0642\u062f\u0651\u0631":"\u062f\u0642\u064a\u0642\u062a\u0627\u0646"},"schema":{"@context":"https:\/\/schema.org","@graph":[{"@type":["WebPage","ItemPage"],"@id":"https:\/\/vitablanca.ma\/produit\/nubiance-cleanactyl-gel-nettoyant-visage-anti-imperfections-200ml\/","url":"https:\/\/vitablanca.ma\/produit\/nubiance-cleanactyl-gel-nettoyant-visage-anti-imperfections-200ml\/","name":"Nubiance Cleanactyl Gel Nettoyant Visage Anti-200ml - Maroc Prix","isPartOf":{"@id":"https:\/\/vitablanca.ma\/#website"},"primaryImageOfPage":{"@id":"https:\/\/vitablanca.ma\/produit\/nubiance-cleanactyl-gel-nettoyant-visage-anti-imperfections-200ml\/#primaryimage"},"image":{"@id":"https:\/\/vitablanca.ma\/produit\/nubiance-cleanactyl-gel-nettoyant-visage-anti-imperfections-200ml\/#primaryimage"},"thumbnailUrl":"https:\/\/vitablanca.ma\/wp-content\/uploads\/2025\/06\/Nubiance-Cleanactyl-Gel-Nettoyant-Visage-Anti-Imperfections-200ml-nova-parapharmacie-maroc.jpg","datePublished":"2025-06-11T21:14:35+00:00","dateModified":"2026-02-16T01:29:42+00:00","description":"Gel nettoyant visage Nubiance Cleanactyl 200ml, purifie la peau, lutte contre les imperfections et r\u00e9gule l\u2019exc\u00e8s de s\u00e9bum pour un teint net.","breadcrumb":{"@id":"https:\/\/vitablanca.ma\/produit\/nubiance-cleanactyl-gel-nettoyant-visage-anti-imperfections-200ml\/#breadcrumb"},"inLanguage":"ar","potentialAction":[{"@type":"ReadAction","target":["https:\/\/vitablanca.ma\/produit\/nubiance-cleanactyl-gel-nettoyant-visage-anti-imperfections-200ml\/"]}]},{"@type":"ImageObject","inLanguage":"ar","@id":"https:\/\/vitablanca.ma\/produit\/nubiance-cleanactyl-gel-nettoyant-visage-anti-imperfections-200ml\/#primaryimage","url":"https:\/\/vitablanca.ma\/wp-content\/uploads\/2025\/06\/Nubiance-Cleanactyl-Gel-Nettoyant-Visage-Anti-Imperfections-200ml-nova-parapharmacie-maroc.jpg","contentUrl":"https:\/\/vitablanca.ma\/wp-content\/uploads\/2025\/06\/Nubiance-Cleanactyl-Gel-Nettoyant-Visage-Anti-Imperfections-200ml-nova-parapharmacie-maroc.jpg","width":1000,"height":1000},{"@type":"BreadcrumbList","@id":"https:\/\/vitablanca.ma\/produit\/nubiance-cleanactyl-gel-nettoyant-visage-anti-imperfections-200ml\/#breadcrumb","itemListElement":[{"@type":"ListItem","position":1,"name":"Home","item":"https:\/\/vitablanca.ma\/"},{"@type":"ListItem","position":2,"name":"Tous Les Produits","item":"https:\/\/vitablanca.ma\/tous-les-produits\/"},{"@type":"ListItem","position":3,"name":"Nubiance Cleanactyl Gel Nettoyant Visage Anti-Imperfections 200ml"}]},{"@type":"WebSite","@id":"https:\/\/vitablanca.ma\/#website","url":"https:\/\/vitablanca.ma\/","name":"VitaBlanca.ma | \u0627\u0644\u0645\u0643\u0645\u0644\u0627\u062a \u0627\u0644\u063a\u0630\u0627\u0626\u064a\u0629\u060c \u0627\u0644\u0635\u062d\u0629 \u0648\u0627\u0644\u062c\u0645\u0627\u0644 \u0641\u064a \u0627\u0644\u0645\u063a\u0631\u0628","description":"\u0646\u0628\u064a\u0639 \u0641\u064a\u062a\u0627\u0645\u064a\u0646\u0627\u062a \u0648\u0645\u0643\u0645\u0644\u0627\u062a \u063a\u0630\u0627\u0626\u064a\u0629 \u0641\u0627\u062e\u0631\u0629 \u0645\u0646 \u0627\u0644\u0648\u0644\u0627\u064a\u0627\u062a \u0627\u0644\u0645\u062a\u062d\u062f\u0629 \u0627\u0644\u0623\u0645\u0631\u064a\u0643\u064a\u0629 \u0648\u0643\u0646\u062f\u0627 \u0648\u0646\u064a\u0648\u0632\u064a\u0644\u0646\u062f\u0627 \u0648\u0627\u0644\u0645\u063a\u0631\u0628 (\u0646\u0627\u0648 \u0641\u0648\u062f\u0632\u060c \u0633\u0648\u0644\u062c\u0627\u0631\u060c \u0645\u0627\u0646\u0648\u0643\u0627). \u062a\u0648\u0635\u064a\u0644 \u0633\u0631\u064a\u0639 \u0625\u0644\u0649 \u062c\u0645\u064a\u0639 \u0623\u0646\u062d\u0627\u0621 \u0627\u0644\u0645\u063a\u0631\u0628.","publisher":{"@id":"https:\/\/vitablanca.ma\/#organization"},"alternateName":"VitaBlanca.ma","potentialAction":[{"@type":"SearchAction","target":{"@type":"EntryPoint","urlTemplate":"https:\/\/vitablanca.ma\/?s={search_term_string}"},"query-input":{"@type":"PropertyValueSpecification","valueRequired":true,"valueName":"search_term_string"}}],"inLanguage":"ar"},{"@type":"Organization","@id":"https:\/\/vitablanca.ma\/#organization","name":"\u0641\u064a\u062a\u0627\u0628\u0644\u0627\u0646\u0643\u0627","url":"https:\/\/vitablanca.ma\/","logo":{"@type":"ImageObject","inLanguage":"ar","@id":"https:\/\/vitablanca.ma\/#\/schema\/logo\/image\/","url":"https:\/\/vitablanca.ma\/wp-content\/uploads\/2025\/05\/cropped-vitablanca.png","contentUrl":"https:\/\/vitablanca.ma\/wp-content\/uploads\/2025\/05\/cropped-vitablanca.png","width":360,"height":67,"caption":"VitaBlanca"},"image":{"@id":"https:\/\/vitablanca.ma\/#\/schema\/logo\/image\/"},"sameAs":["https:\/\/www.facebook.com\/profile.php?id=61576678196717","https:\/\/www.tiktok.com\/@vitablanca.ma","https:\/\/www.instagram.com\/vitablanca.ma\/"]}]}},"jetpack_sharing_enabled":true,"_links":{"self":[{"href":"https:\/\/vitablanca.ma\/ar\/wp-json\/wp\/v2\/product\/21222","targetHints":{"allow":["GET"]}}],"collection":[{"href":"https:\/\/vitablanca.ma\/ar\/wp-json\/wp\/v2\/product"}],"about":[{"href":"https:\/\/vitablanca.ma\/ar\/wp-json\/wp\/v2\/types\/product"}],"wp:featuredmedia":[{"embeddable":true,"href":"https:\/\/vitablanca.ma\/ar\/wp-json\/wp\/v2\/media\/21221"}],"wp:attachment":[{"href":"https:\/\/vitablanca.ma\/ar\/wp-json\/wp\/v2\/media?parent=21222"}],"wp:term":[{"taxonomy":"product_brand","embeddable":true,"href":"https:\/\/vitablanca.ma\/ar\/wp-json\/wp\/v2\/product_brand?post=21222"},{"taxonomy":"product_cat","embeddable":true,"href":"https:\/\/vitablanca.ma\/ar\/wp-json\/wp\/v2\/product_cat?post=21222"},{"taxonomy":"product_tag","embeddable":true,"href":"https:\/\/vitablanca.ma\/ar\/wp-json\/wp\/v2\/product_tag?post=21222"}],"curies":[{"name":"wp","href":"https:\/\/api.w.org\/{rel}","templated":true}]}}