{"id":21220,"date":"2025-06-11T21:14:31","date_gmt":"2025-06-11T21:14:31","guid":{"rendered":"https:\/\/vitablanca.ma\/product\/nubiance-hrb-3-serum-eclat-preparateur-anti-taches-30ml\/"},"modified":"2026-02-16T01:31:07","modified_gmt":"2026-02-16T01:31:07","slug":"nubiance-hrb-3-serum-eclat-preparateur-anti-taches-30ml","status":"publish","type":"product","link":"https:\/\/vitablanca.ma\/ar\/product-2\/nubiance-hrb-3-serum-eclat-preparateur-anti-taches-30ml\/","title":{"rendered":"\u0633\u064a\u0631\u0648\u0645 \u0646\u0648\u0628\u064a\u0627\u0646\u0633 \u0625\u062a\u0634 \u0622\u0631 \u0628\u064a-3 \u0631\u0627\u062f\u064a\u0627\u0646\u0633 \u0627\u0644\u0645\u0636\u0627\u062f \u0644\u0644\u0628\u0642\u0639 \u0627\u0644\u062f\u0627\u0643\u0646\u0629 30 \u0645\u0644"},"content":{"rendered":"<h2>\u0633\u064a\u0631\u0648\u0645 \u0646\u0648\u0628\u064a\u0627\u0646\u0633 HRB-3 \u0627\u0644\u0645\u0636\u0627\u062f \u0644\u0644\u0628\u0642\u0639 \u0627\u0644\u062f\u0627\u0643\u0646\u0629 \u0648\u0627\u0644\u0645\u064f\u0647\u064a\u0626 \u0644\u0644\u0625\u0634\u0631\u0627\u0642\u0629<span data-mce-fragment=\"1\">\u00a0\u0639\u0644\u0627\u062c \u0627\u0644\u062a\u0642\u0634\u064a\u0631 \u0628\u0623\u062d\u0645\u0627\u0636 \u0627\u0644\u0641\u0627\u0643\u0647\u0629.<\/span><\/h2>\n<p>\u0633\u064a\u0631\u0648\u0645 HRB-3 \u0627\u0644\u0645\u0636\u0627\u062f \u0644\u0644\u0628\u0642\u0639 \u0627\u0644\u062f\u0627\u0643\u0646\u0629 \u0648\u0627\u0644\u0645\u064f\u062d\u0636\u0651\u0631 \u0644\u0644\u0625\u0634\u0631\u0627\u0642 \u0647\u0648 \u0639\u0644\u0627\u062c \u062a\u0642\u0634\u064a\u0631 \u0628\u0623\u062d\u0645\u0627\u0636 \u0627\u0644\u0641\u0627\u0643\u0647\u0629 \u064a\u064f\u0633\u062a\u062e\u062f\u0645 \u0641\u064a\u00a0<strong>\u0639\u0644\u0627\u062c\u0627\u062a \u0644\u0645\u062f\u0629 10 \u0625\u0644\u0649 15 \u064a\u0648\u0645\u064b\u0627 \u0634\u0647\u0631\u064a\u064b\u0627<\/strong>\u064a\u062a\u0645 \u062a\u0637\u0628\u064a\u0642\u0647 \u0628\u0637\u0631\u064a\u0642\u0629 \u0645\u0633\u062a\u0647\u062f\u0641\u0629 \u0639\u0644\u0649 \u0628\u0642\u0639 \u0627\u0644\u062a\u0635\u0628\u063a.\u00a0<strong>\u064a\u0645\u0646\u0639 \u0648\u064a\u0635\u062d\u062d \u0638\u0647\u0648\u0631 \u0628\u0642\u0639 \u0627\u0644\u062a\u0635\u0628\u063a \u0645\u0646 \u062c\u0645\u064a\u0639 \u0627\u0644\u0623\u0635\u0648\u0644<\/strong>\u00a0(m\u00e9lasma, lentigo solaire, d\u00e9r\u00e8glement hormonal, cicatrice d&rsquo;acn\u00e9, vieillissement cutan\u00e9&#8230;). Ce s\u00e9rum donnera d&rsquo;excellents r\u00e9sultats s&rsquo;il est combin\u00e9 aux soins\u00a0HRB-3 formule Jour\u00a0et\u00a0HRB-3 Formule Nuit.<\/p>\n<p><strong>\u062a\u062e\u0644\u0635\u064a \u0623\u062e\u064a\u0631\u064b\u0627 \u0645\u0646 \u0627\u0644\u062c\u0644\u062f \u0627\u0644\u0645\u064a\u062a \u0627\u0644\u0630\u064a \u064a\u0639\u0637\u064a\u0643 \u0628\u0634\u0631\u0629 \u0628\u0627\u0647\u062a\u0629 \u0648\u063a\u064a\u0631 \u0645\u062a\u0633\u0627\u0648\u064a\u0629!<\/strong><br \/>\n\u062a\u0639\u0645\u0644 \u0623\u062d\u0645\u0627\u0636 \u0627\u0644\u0641\u0648\u0627\u0643\u0647 (AHAs) \u0627\u0644\u0645\u0645\u0632\u0648\u062c\u0629 \u0628\u062a\u0631\u0643\u064a\u0628\u062a\u0646\u0627 HRB-3 \u0639\u0644\u0649 \u0625\u062e\u0641\u0627\u0621 \u0627\u0644\u0628\u0642\u0639 \u0627\u0644\u062f\u0627\u0643\u0646\u0629 \u0648\u0639\u0644\u0627\u0645\u0627\u062a \u0627\u0644\u0634\u064a\u062e\u0648\u062e\u0629 \u0627\u0644\u0645\u0628\u0643\u0631\u0629 \u0628\u0634\u0643\u0644 \u0648\u0627\u0636\u062d \u0645\u0639 \u062a\u0639\u0632\u064a\u0632 \u062a\u062c\u062f\u062f \u0627\u0644\u062e\u0644\u0627\u064a\u0627.<\/p>\n<p>\u0627\u0628\u062d\u062b \u0639\u0646 \u062a\u0631\u0643\u064a\u0628\u0629 HRB-3 (\u0647\u064a\u0643\u0633\u064a\u0644 \u0631\u064a\u0632\u0648\u0631\u0633\u064a\u0646\u0648\u0644 + \u0641\u064a\u062a\u0627\u0645\u064a\u0646 B3) \u0641\u064a \u0647\u0630\u0627 \u0627\u0644\u0645\u0635\u0644 \u0639\u0627\u0644\u064a \u0627\u0644\u0623\u062f\u0627\u0621 \u0627\u0644\u0645\u0636\u0627\u062f \u0644\u0644\u0628\u0642\u0639 \u0627\u0644\u062f\u0627\u0643\u0646\u0629 \u0648\u0627\u0644\u0645\u064f\u062c\u0647\u0632 \u0644\u0644\u0625\u0634\u0631\u0627\u0642 \u0648\u0627\u0644\u0630\u064a \u062a\u0645 \u062a\u0637\u0648\u064a\u0631\u0647 \u0644\u062a\u0642\u0644\u064a\u0644 \u0641\u0631\u0637 \u062a\u0635\u0628\u063a \u0627\u0644\u0628\u0634\u0631\u0629 \u0645\u0646 \u0623\u0635\u0648\u0644 \u0645\u062e\u062a\u0644\u0641\u0629 \u0639\u0644\u0649 \u0627\u0644\u0628\u0634\u0631\u0629 \u0627\u0644\u0633\u0648\u062f\u0627\u0621 \u0648\u0627\u0644\u062f\u0627\u0643\u0646\u0629 \u0648\u0627\u0644\u0645\u062e\u062a\u0644\u0637\u0629.<\/p>\n<p>\u0644\u0644\u062d\u0635\u0648\u0644 \u0639\u0644\u0649 \u0623\u0641\u0636\u0644 \u0623\u062f\u0627\u0621\u060c \u0623\u0636\u0641\u0646\u0627 \u0623\u062d\u0645\u0627\u0636 \u0627\u0644\u0641\u0648\u0627\u0643\u0647 \u0627\u0644\u0637\u0628\u064a\u0639\u064a\u0629 (AHAs) \u0625\u0644\u0649 \u0647\u0630\u0627 \u0627\u0644\u0645\u0635\u0644 \u0644\u062a\u0642\u0634\u064a\u0631 \u0627\u0644\u0628\u0634\u0631\u0629 \u0628\u0644\u0637\u0641. \u064a\u0639\u0632\u0632 \u0647\u0630\u0627 \u0627\u0644\u0639\u0644\u0627\u062c \u062a\u0642\u0634\u064a\u0631 \u0627\u0644\u062c\u0644\u062f \u0627\u0644\u0645\u064a\u062a \u0645\u0639 \u062f\u0639\u0645 \u0639\u0645\u0644\u064a\u0629 \u062a\u062c\u062f\u064a\u062f \u0627\u0644\u062e\u0644\u0627\u064a\u0627 \u0627\u0644\u0637\u0628\u064a\u0639\u064a\u0629. \u064a\u064f\u0632\u0627\u0644 \u0627\u0644\u062c\u0644\u062f \u0627\u0644\u0645\u064a\u062a \u0627\u0644\u0632\u0627\u0626\u062f \u0648\u062a\u062a\u0644\u0627\u0634\u0649 \u0627\u0644\u0628\u0642\u0639 \u0627\u0644\u0635\u0628\u063a\u064a\u0629 \u0628\u0634\u0643\u0644 \u0637\u0628\u064a\u0639\u064a \u0628\u0641\u0636\u0644 \u0639\u0645\u0644\u064a\u0629 \u062a\u064f\u0628\u0637\u0626 \u0625\u0646\u062a\u0627\u062c \u0627\u0644\u0645\u064a\u0644\u0627\u0646\u064a\u0646. \u064a\u064f\u062d\u0633\u0651\u0646 \u062d\u0645\u0636 \u0627\u0644\u062c\u0644\u064a\u0643\u0648\u0644\u064a\u0643 \u0645\u0644\u0645\u0633 \u0627\u0644\u0628\u0634\u0631\u0629 \u0645\u0646 \u062e\u0644\u0627\u0644 \u062a\u0639\u0632\u064a\u0632 \u062a\u0631\u0637\u064a\u0628\u0647\u0627 \u0648\u0623\u0643\u0633\u062c\u064a\u0646\u0647\u0627.<\/p>\n<p>\u0627\u0633\u062a\u0639\u064a\u062f\u064a \u0646\u0636\u0627\u0631\u0629 \u0628\u0634\u0631\u062a\u0643\u0650 \u0648\u0625\u0634\u0631\u0627\u0642\u062a\u0647\u0627! \u0646\u062a\u0627\u0626\u062c \u0645\u0644\u062d\u0648\u0638\u0629 \u0628\u0639\u062f 8 \u0623\u064a\u0627\u0645 \u0645\u0646 \u0627\u0644\u0639\u0644\u0627\u062c!<\/p>\n<h3>\u0641\u0648\u0627\u0626\u062f \u0627\u0644\u0645\u0646\u062a\u062c<\/h3>\n<p>\u0633\u064a\u0631\u0648\u0645 HRB-3 \u0627\u0644\u0645\u0636\u0627\u062f \u0644\u0644\u0628\u0642\u0639 \u0627\u0644\u062f\u0627\u0643\u0646\u0629 \u0648\u0627\u0644\u0645\u064f\u0634\u0631\u0642 \u064a\u064f\u0639\u0632\u0632 \u062a\u062c\u062f\u064a\u062f \u0627\u0644\u062e\u0644\u0627\u064a\u0627 \u0645\u0646 \u062e\u0644\u0627\u0644 \u062a\u0642\u0634\u064a\u0631 \u0644\u0637\u064a\u0641. \u064a\u064f\u0642\u0644\u0644 \u0628\u0634\u0643\u0644 \u0645\u0644\u062d\u0648\u0638 \u0645\u0646 \u0627\u0644\u0628\u0642\u0639 \u0627\u0644\u062f\u0627\u0643\u0646\u0629 \u0648\u0641\u0631\u0637 \u0627\u0644\u062a\u0635\u0628\u063a \u0645\u0646 \u0645\u062e\u062a\u0644\u0641 \u0627\u0644\u0623\u0633\u0628\u0627\u0628. \u062a\u0631\u0643\u064a\u0628\u062a\u0647 \u0627\u0644\u062d\u0635\u0631\u064a\u0629 \u062a\u064f\u0639\u0632\u0632 \u062d\u0627\u062c\u0632 \u0627\u0644\u0628\u0634\u0631\u0629.<\/p>\n<h3>\u0637\u0631\u064a\u0642\u0629 \u0627\u0644\u0627\u0633\u062a\u062e\u062f\u0627\u0645<\/h3>\n<p>\u064a\u064f\u0633\u062a\u062e\u062f\u0645 \u0645\u0631\u0629 \u0648\u0627\u062d\u062f\u0629 \u064a\u0648\u0645\u064a\u064b\u0627\u060c \u0648\u064a\u0641\u0636\u0644 \u0645\u0633\u0627\u0621\u064b (\u0642\u0628\u0644 \u0627\u0633\u062a\u062e\u062f\u0627\u0645 \u062a\u0631\u0643\u064a\u0628\u0629 HRB-3 \u0627\u0644\u0644\u064a\u0644\u064a\u0629)\u060c \u0639\u0644\u0649 \u0628\u0634\u0631\u0629 \u0646\u0638\u064a\u0641\u0629 \u0648\u062c\u0627\u0641\u0629\u060c \u0645\u0639 \u0627\u0644\u062a\u0631\u0643\u064a\u0632 \u0639\u0644\u0649 \u0627\u0644\u0628\u0642\u0639 \u0627\u0644\u062f\u0627\u0643\u0646\u0629. \u064a\u064f\u062f\u0644\u0643 \u0628\u062d\u0631\u0643\u0627\u062a \u062f\u0627\u0626\u0631\u064a\u0629 \u062e\u0641\u064a\u0641\u0629. \u062a\u062c\u0646\u0628 \u0645\u0646\u0637\u0642\u0629 \u0627\u0644\u0639\u064a\u0646\u064a\u0646. \u0644\u0627 \u064a\u064f\u0628\u0644\u0639. \u062a\u062c\u0646\u0628 \u0627\u0644\u062a\u0639\u0631\u0636 \u0644\u0623\u0634\u0639\u0629 \u0627\u0644\u0634\u0645\u0633.<\/p>","protected":false},"excerpt":{"rendered":"<p>Nubiance HRB-3 S\u00e9rum Eclat Pr\u00e9parateur Anti-taches\u00a0soin exfoliant aux acides de fruits. Le S\u00e9rum Eclat Pr\u00e9parateur Anti-Taches\u00a0HRB-3 est un\u00a0soin exfoliant aux acides de fruits qui s&rsquo;utilise\u00a0en\u00a0cures de\u00a010 \u00e0 15 jours par mois. Il s&rsquo;applique de mani\u00e8re cibl\u00e9e sur les taches pigmentaires. Il\u00a0pr\u00e9vient et corrige l&rsquo;apparition des taches pigmentaires de toutes origines\u00a0(m\u00e9lasma, lentigo solaire, d\u00e9r\u00e8glement hormonal, cicatrice [&hellip;]<\/p>\n","protected":false},"featured_media":21219,"template":"","meta":{"om_disable_all_campaigns":false},"product_brand":[],"product_cat":[15],"product_tag":[6189,9178,6094,9180,6660,9179,6186,7390,5863,6147],"class_list":{"0":"post-21220","1":"product","2":"type-product","3":"status-publish","4":"has-post-thumbnail","6":"product_cat-beaute-sante-complements-alimentaires-soins-et-bien-etre-au-meilleur-prix","7":"product_tag-eclat-du-teint","8":"product_tag-nubiance-hrb-3","9":"product_tag-peau-lumineuse","10":"product_tag-reduction-taches","11":"product_tag-routine-beaute","12":"product_tag-serum-anti-taches","13":"product_tag-serum-visage","14":"product_tag-soin-anti-imperfections","15":"product_tag-soin-visage","16":"product_tag-teint-uniforme","18":"first","19":"instock","20":"sale","21":"taxable","22":"shipping-taxable","23":"purchasable","24":"product-type-simple"},"yoast_head":"<!-- This site is optimized with the Yoast SEO plugin v27.4 - https:\/\/yoast.com\/product\/yoast-seo-wordpress\/ -->\n<title>Nubiance HRB-3 S\u00e9rum Eclat Pr\u00e9parateur 30ml - Maroc Prix<\/title>\n<meta name=\"description\" content=\"S\u00e9rum visage Nubiance HRB-3 30ml, pr\u00e9pare la peau, r\u00e9duit les taches et unifie le teint pour un \u00e9clat naturel et lumineux.\" \/>\n<meta name=\"robots\" content=\"index, follow, max-snippet:-1, max-image-preview:large, max-video-preview:-1\" \/>\n<link rel=\"canonical\" href=\"https:\/\/vitablanca.ma\/ar\/product-2\/nubiance-hrb-3-serum-eclat-preparateur-anti-taches-30ml\/\" \/>\n<meta property=\"og:locale\" content=\"ar_AR\" \/>\n<meta property=\"og:type\" content=\"article\" \/>\n<meta property=\"og:title\" content=\"Nubiance HRB-3 S\u00e9rum Eclat Pr\u00e9parateur 30ml - Maroc Prix\" \/>\n<meta property=\"og:description\" content=\"S\u00e9rum visage Nubiance HRB-3 30ml, pr\u00e9pare la peau, r\u00e9duit les taches et unifie le teint pour un \u00e9clat naturel et lumineux.\" \/>\n<meta property=\"og:url\" content=\"https:\/\/vitablanca.ma\/ar\/product-2\/nubiance-hrb-3-serum-eclat-preparateur-anti-taches-30ml\/\" \/>\n<meta property=\"og:site_name\" content=\"Vitablanca.ma &ndash; Sant&eacute;, vitalit&eacute; et bien-&ecirc;tre pour tous les Marocains\" \/>\n<meta property=\"article:publisher\" content=\"https:\/\/www.facebook.com\/profile.php?id=61576678196717\" \/>\n<meta property=\"article:modified_time\" content=\"2026-02-16T01:31:07+00:00\" \/>\n<meta property=\"og:image\" content=\"https:\/\/vitablanca.ma\/wp-content\/uploads\/2025\/06\/Nubiance-HRB-3-Serum-Eclat-Preparateur-Anti-taches-nova-parapharmacie.jpg\" \/>\n\t<meta property=\"og:image:width\" content=\"1000\" \/>\n\t<meta property=\"og:image:height\" content=\"1000\" \/>\n\t<meta property=\"og:image:type\" content=\"image\/jpeg\" \/>\n<meta name=\"twitter:card\" content=\"summary_large_image\" \/>\n<meta name=\"twitter:label1\" content=\"\u0648\u0642\u062a \u0627\u0644\u0642\u0631\u0627\u0621\u0629 \u0627\u0644\u0645\u064f\u0642\u062f\u0651\u0631\" \/>\n\t<meta name=\"twitter:data1\" content=\"\u062f\u0642\u064a\u0642\u062a\u0627\u0646\" \/>\n<script type=\"application\/ld+json\" class=\"yoast-schema-graph\">{\"@context\":\"https:\\\/\\\/schema.org\",\"@graph\":[{\"@type\":[\"WebPage\",\"ItemPage\"],\"@id\":\"https:\\\/\\\/vitablanca.ma\\\/produit\\\/nubiance-hrb-3-serum-eclat-preparateur-anti-taches-30ml\\\/\",\"url\":\"https:\\\/\\\/vitablanca.ma\\\/produit\\\/nubiance-hrb-3-serum-eclat-preparateur-anti-taches-30ml\\\/\",\"name\":\"Nubiance HRB-3 S\u00e9rum Eclat Pr\u00e9parateur 30ml - Maroc Prix\",\"isPartOf\":{\"@id\":\"https:\\\/\\\/vitablanca.ma\\\/#website\"},\"primaryImageOfPage\":{\"@id\":\"https:\\\/\\\/vitablanca.ma\\\/produit\\\/nubiance-hrb-3-serum-eclat-preparateur-anti-taches-30ml\\\/#primaryimage\"},\"image\":{\"@id\":\"https:\\\/\\\/vitablanca.ma\\\/produit\\\/nubiance-hrb-3-serum-eclat-preparateur-anti-taches-30ml\\\/#primaryimage\"},\"thumbnailUrl\":\"https:\\\/\\\/vitablanca.ma\\\/wp-content\\\/uploads\\\/2025\\\/06\\\/Nubiance-HRB-3-Serum-Eclat-Preparateur-Anti-taches-nova-parapharmacie.jpg\",\"datePublished\":\"2025-06-11T21:14:31+00:00\",\"dateModified\":\"2026-02-16T01:31:07+00:00\",\"description\":\"S\u00e9rum visage Nubiance HRB-3 30ml, pr\u00e9pare la peau, r\u00e9duit les taches et unifie le teint pour un \u00e9clat naturel et lumineux.\",\"breadcrumb\":{\"@id\":\"https:\\\/\\\/vitablanca.ma\\\/produit\\\/nubiance-hrb-3-serum-eclat-preparateur-anti-taches-30ml\\\/#breadcrumb\"},\"inLanguage\":\"ar\",\"potentialAction\":[{\"@type\":\"ReadAction\",\"target\":[\"https:\\\/\\\/vitablanca.ma\\\/produit\\\/nubiance-hrb-3-serum-eclat-preparateur-anti-taches-30ml\\\/\"]}]},{\"@type\":\"ImageObject\",\"inLanguage\":\"ar\",\"@id\":\"https:\\\/\\\/vitablanca.ma\\\/produit\\\/nubiance-hrb-3-serum-eclat-preparateur-anti-taches-30ml\\\/#primaryimage\",\"url\":\"https:\\\/\\\/vitablanca.ma\\\/wp-content\\\/uploads\\\/2025\\\/06\\\/Nubiance-HRB-3-Serum-Eclat-Preparateur-Anti-taches-nova-parapharmacie.jpg\",\"contentUrl\":\"https:\\\/\\\/vitablanca.ma\\\/wp-content\\\/uploads\\\/2025\\\/06\\\/Nubiance-HRB-3-Serum-Eclat-Preparateur-Anti-taches-nova-parapharmacie.jpg\",\"width\":1000,\"height\":1000},{\"@type\":\"BreadcrumbList\",\"@id\":\"https:\\\/\\\/vitablanca.ma\\\/produit\\\/nubiance-hrb-3-serum-eclat-preparateur-anti-taches-30ml\\\/#breadcrumb\",\"itemListElement\":[{\"@type\":\"ListItem\",\"position\":1,\"name\":\"Home\",\"item\":\"https:\\\/\\\/vitablanca.ma\\\/\"},{\"@type\":\"ListItem\",\"position\":2,\"name\":\"Tous Les Produits\",\"item\":\"https:\\\/\\\/vitablanca.ma\\\/tous-les-produits\\\/\"},{\"@type\":\"ListItem\",\"position\":3,\"name\":\"Nubiance HRB-3 S\u00e9rum Eclat Pr\u00e9parateur Anti-taches 30ml\"}]},{\"@type\":\"WebSite\",\"@id\":\"https:\\\/\\\/vitablanca.ma\\\/#website\",\"url\":\"https:\\\/\\\/vitablanca.ma\\\/\",\"name\":\"VitaBlanca.ma | Compl\u00e9ments alimentaires, sant\u00e9 & beaut\u00e9 au Maroc\",\"description\":\"vendre vitamines et compl\u00e9ments premium des USA &amp; Canada, Nouvelle Z\u00e9lande,Maroc (NOW Foods, Solgar, Manuka). Livraison rapide partout au Maroc.\",\"publisher\":{\"@id\":\"https:\\\/\\\/vitablanca.ma\\\/#organization\"},\"alternateName\":\"VitaBlanca.ma\",\"potentialAction\":[{\"@type\":\"SearchAction\",\"target\":{\"@type\":\"EntryPoint\",\"urlTemplate\":\"https:\\\/\\\/vitablanca.ma\\\/?s={search_term_string}\"},\"query-input\":{\"@type\":\"PropertyValueSpecification\",\"valueRequired\":true,\"valueName\":\"search_term_string\"}}],\"inLanguage\":\"ar\"},{\"@type\":\"Organization\",\"@id\":\"https:\\\/\\\/vitablanca.ma\\\/#organization\",\"name\":\"VitaBlanca\",\"url\":\"https:\\\/\\\/vitablanca.ma\\\/\",\"logo\":{\"@type\":\"ImageObject\",\"inLanguage\":\"ar\",\"@id\":\"https:\\\/\\\/vitablanca.ma\\\/#\\\/schema\\\/logo\\\/image\\\/\",\"url\":\"https:\\\/\\\/vitablanca.ma\\\/wp-content\\\/uploads\\\/2025\\\/05\\\/cropped-vitablanca.png\",\"contentUrl\":\"https:\\\/\\\/vitablanca.ma\\\/wp-content\\\/uploads\\\/2025\\\/05\\\/cropped-vitablanca.png\",\"width\":360,\"height\":67,\"caption\":\"VitaBlanca\"},\"image\":{\"@id\":\"https:\\\/\\\/vitablanca.ma\\\/#\\\/schema\\\/logo\\\/image\\\/\"},\"sameAs\":[\"https:\\\/\\\/www.facebook.com\\\/profile.php?id=61576678196717\",\"https:\\\/\\\/www.tiktok.com\\\/@vitablanca.ma\",\"https:\\\/\\\/www.instagram.com\\\/vitablanca.ma\\\/\"]}]}<\/script>\n<!-- \/ Yoast SEO plugin. -->","yoast_head_json":{"title":"Nubiance HRB-3 S\u00e9rum Eclat Pr\u00e9parateur 30ml - Maroc Prix","description":"S\u00e9rum visage Nubiance HRB-3 30ml, pr\u00e9pare la peau, r\u00e9duit les taches et unifie le teint pour un \u00e9clat naturel et lumineux.","robots":{"index":"index","follow":"follow","max-snippet":"max-snippet:-1","max-image-preview":"max-image-preview:large","max-video-preview":"max-video-preview:-1"},"canonical":"https:\/\/vitablanca.ma\/ar\/product-2\/nubiance-hrb-3-serum-eclat-preparateur-anti-taches-30ml\/","og_locale":"ar_AR","og_type":"article","og_title":"Nubiance HRB-3 S\u00e9rum Eclat Pr\u00e9parateur 30ml - Maroc Prix","og_description":"S\u00e9rum visage Nubiance HRB-3 30ml, pr\u00e9pare la peau, r\u00e9duit les taches et unifie le teint pour un \u00e9clat naturel et lumineux.","og_url":"https:\/\/vitablanca.ma\/ar\/product-2\/nubiance-hrb-3-serum-eclat-preparateur-anti-taches-30ml\/","og_site_name":"Vitablanca.ma &ndash; Sant&eacute;, vitalit&eacute; et bien-&ecirc;tre pour tous les Marocains","article_publisher":"https:\/\/www.facebook.com\/profile.php?id=61576678196717","article_modified_time":"2026-02-16T01:31:07+00:00","og_image":[{"width":1000,"height":1000,"url":"https:\/\/vitablanca.ma\/wp-content\/uploads\/2025\/06\/Nubiance-HRB-3-Serum-Eclat-Preparateur-Anti-taches-nova-parapharmacie.jpg","type":"image\/jpeg"}],"twitter_card":"summary_large_image","twitter_misc":{"\u0648\u0642\u062a \u0627\u0644\u0642\u0631\u0627\u0621\u0629 \u0627\u0644\u0645\u064f\u0642\u062f\u0651\u0631":"\u062f\u0642\u064a\u0642\u062a\u0627\u0646"},"schema":{"@context":"https:\/\/schema.org","@graph":[{"@type":["WebPage","ItemPage"],"@id":"https:\/\/vitablanca.ma\/produit\/nubiance-hrb-3-serum-eclat-preparateur-anti-taches-30ml\/","url":"https:\/\/vitablanca.ma\/produit\/nubiance-hrb-3-serum-eclat-preparateur-anti-taches-30ml\/","name":"Nubiance HRB-3 S\u00e9rum Eclat Pr\u00e9parateur 30ml - Maroc Prix","isPartOf":{"@id":"https:\/\/vitablanca.ma\/#website"},"primaryImageOfPage":{"@id":"https:\/\/vitablanca.ma\/produit\/nubiance-hrb-3-serum-eclat-preparateur-anti-taches-30ml\/#primaryimage"},"image":{"@id":"https:\/\/vitablanca.ma\/produit\/nubiance-hrb-3-serum-eclat-preparateur-anti-taches-30ml\/#primaryimage"},"thumbnailUrl":"https:\/\/vitablanca.ma\/wp-content\/uploads\/2025\/06\/Nubiance-HRB-3-Serum-Eclat-Preparateur-Anti-taches-nova-parapharmacie.jpg","datePublished":"2025-06-11T21:14:31+00:00","dateModified":"2026-02-16T01:31:07+00:00","description":"S\u00e9rum visage Nubiance HRB-3 30ml, pr\u00e9pare la peau, r\u00e9duit les taches et unifie le teint pour un \u00e9clat naturel et lumineux.","breadcrumb":{"@id":"https:\/\/vitablanca.ma\/produit\/nubiance-hrb-3-serum-eclat-preparateur-anti-taches-30ml\/#breadcrumb"},"inLanguage":"ar","potentialAction":[{"@type":"ReadAction","target":["https:\/\/vitablanca.ma\/produit\/nubiance-hrb-3-serum-eclat-preparateur-anti-taches-30ml\/"]}]},{"@type":"ImageObject","inLanguage":"ar","@id":"https:\/\/vitablanca.ma\/produit\/nubiance-hrb-3-serum-eclat-preparateur-anti-taches-30ml\/#primaryimage","url":"https:\/\/vitablanca.ma\/wp-content\/uploads\/2025\/06\/Nubiance-HRB-3-Serum-Eclat-Preparateur-Anti-taches-nova-parapharmacie.jpg","contentUrl":"https:\/\/vitablanca.ma\/wp-content\/uploads\/2025\/06\/Nubiance-HRB-3-Serum-Eclat-Preparateur-Anti-taches-nova-parapharmacie.jpg","width":1000,"height":1000},{"@type":"BreadcrumbList","@id":"https:\/\/vitablanca.ma\/produit\/nubiance-hrb-3-serum-eclat-preparateur-anti-taches-30ml\/#breadcrumb","itemListElement":[{"@type":"ListItem","position":1,"name":"Home","item":"https:\/\/vitablanca.ma\/"},{"@type":"ListItem","position":2,"name":"Tous Les Produits","item":"https:\/\/vitablanca.ma\/tous-les-produits\/"},{"@type":"ListItem","position":3,"name":"Nubiance HRB-3 S\u00e9rum Eclat Pr\u00e9parateur Anti-taches 30ml"}]},{"@type":"WebSite","@id":"https:\/\/vitablanca.ma\/#website","url":"https:\/\/vitablanca.ma\/","name":"VitaBlanca.ma | \u0627\u0644\u0645\u0643\u0645\u0644\u0627\u062a \u0627\u0644\u063a\u0630\u0627\u0626\u064a\u0629\u060c \u0627\u0644\u0635\u062d\u0629 \u0648\u0627\u0644\u062c\u0645\u0627\u0644 \u0641\u064a \u0627\u0644\u0645\u063a\u0631\u0628","description":"\u0646\u0628\u064a\u0639 \u0641\u064a\u062a\u0627\u0645\u064a\u0646\u0627\u062a \u0648\u0645\u0643\u0645\u0644\u0627\u062a \u063a\u0630\u0627\u0626\u064a\u0629 \u0641\u0627\u062e\u0631\u0629 \u0645\u0646 \u0627\u0644\u0648\u0644\u0627\u064a\u0627\u062a \u0627\u0644\u0645\u062a\u062d\u062f\u0629 \u0627\u0644\u0623\u0645\u0631\u064a\u0643\u064a\u0629 \u0648\u0643\u0646\u062f\u0627 \u0648\u0646\u064a\u0648\u0632\u064a\u0644\u0646\u062f\u0627 \u0648\u0627\u0644\u0645\u063a\u0631\u0628 (\u0646\u0627\u0648 \u0641\u0648\u062f\u0632\u060c \u0633\u0648\u0644\u062c\u0627\u0631\u060c \u0645\u0627\u0646\u0648\u0643\u0627). \u062a\u0648\u0635\u064a\u0644 \u0633\u0631\u064a\u0639 \u0625\u0644\u0649 \u062c\u0645\u064a\u0639 \u0623\u0646\u062d\u0627\u0621 \u0627\u0644\u0645\u063a\u0631\u0628.","publisher":{"@id":"https:\/\/vitablanca.ma\/#organization"},"alternateName":"VitaBlanca.ma","potentialAction":[{"@type":"SearchAction","target":{"@type":"EntryPoint","urlTemplate":"https:\/\/vitablanca.ma\/?s={search_term_string}"},"query-input":{"@type":"PropertyValueSpecification","valueRequired":true,"valueName":"search_term_string"}}],"inLanguage":"ar"},{"@type":"Organization","@id":"https:\/\/vitablanca.ma\/#organization","name":"\u0641\u064a\u062a\u0627\u0628\u0644\u0627\u0646\u0643\u0627","url":"https:\/\/vitablanca.ma\/","logo":{"@type":"ImageObject","inLanguage":"ar","@id":"https:\/\/vitablanca.ma\/#\/schema\/logo\/image\/","url":"https:\/\/vitablanca.ma\/wp-content\/uploads\/2025\/05\/cropped-vitablanca.png","contentUrl":"https:\/\/vitablanca.ma\/wp-content\/uploads\/2025\/05\/cropped-vitablanca.png","width":360,"height":67,"caption":"VitaBlanca"},"image":{"@id":"https:\/\/vitablanca.ma\/#\/schema\/logo\/image\/"},"sameAs":["https:\/\/www.facebook.com\/profile.php?id=61576678196717","https:\/\/www.tiktok.com\/@vitablanca.ma","https:\/\/www.instagram.com\/vitablanca.ma\/"]}]}},"jetpack_sharing_enabled":true,"_links":{"self":[{"href":"https:\/\/vitablanca.ma\/ar\/wp-json\/wp\/v2\/product\/21220","targetHints":{"allow":["GET"]}}],"collection":[{"href":"https:\/\/vitablanca.ma\/ar\/wp-json\/wp\/v2\/product"}],"about":[{"href":"https:\/\/vitablanca.ma\/ar\/wp-json\/wp\/v2\/types\/product"}],"wp:featuredmedia":[{"embeddable":true,"href":"https:\/\/vitablanca.ma\/ar\/wp-json\/wp\/v2\/media\/21219"}],"wp:attachment":[{"href":"https:\/\/vitablanca.ma\/ar\/wp-json\/wp\/v2\/media?parent=21220"}],"wp:term":[{"taxonomy":"product_brand","embeddable":true,"href":"https:\/\/vitablanca.ma\/ar\/wp-json\/wp\/v2\/product_brand?post=21220"},{"taxonomy":"product_cat","embeddable":true,"href":"https:\/\/vitablanca.ma\/ar\/wp-json\/wp\/v2\/product_cat?post=21220"},{"taxonomy":"product_tag","embeddable":true,"href":"https:\/\/vitablanca.ma\/ar\/wp-json\/wp\/v2\/product_tag?post=21220"}],"curies":[{"name":"wp","href":"https:\/\/api.w.org\/{rel}","templated":true}]}}