{"id":21218,"date":"2025-06-11T21:14:26","date_gmt":"2025-06-11T21:14:26","guid":{"rendered":"https:\/\/vitablanca.ma\/product\/nubiance-micelliance-0-eau-micellaire-haute-tolerance-500ml\/"},"modified":"2026-02-16T01:32:19","modified_gmt":"2026-02-16T01:32:19","slug":"nubiance-micelliance-0-eau-micellaire-haute-tolerance-500ml","status":"publish","type":"product","link":"https:\/\/vitablanca.ma\/ar\/product-2\/nubiance-micelliance-0-eau-micellaire-haute-tolerance-500ml\/","title":{"rendered":"\u0646\u0648\u0628\u064a\u0627\u0646\u0633 \u0645\u064a\u0633\u064a\u0644\u0627\u0646\u0633 0% \u2013 \u0645\u0627\u0621 \u0645\u064a\u0633\u064a\u0644\u0627\u0631 \u0639\u0627\u0644\u064a \u0627\u0644\u062a\u062d\u0645\u0644 500 \u0645\u0644"},"content":{"rendered":"<h2>Nubiance Micelliance 0% \u2013 Eau Micellaire Haute Tol\u00e9rance\u00a0efficace et minimaliste qui respecte toutes les peaux.<\/h2>\n<p>Micelliance 0% est une\u00a0<strong>eau micellaire haute tol\u00e9rance qui d\u00e9maquille et \u00e9limine en douceur les impuret\u00e9s du visage et des yeux en un seul geste.<\/strong>\u00a0Elle tonifie et apaise la peau en offrant une\u00a0<strong>sensation de confort imm\u00e9diat<\/strong>.\u00a0<strong>Sans colorant et sans alcool,<\/strong>\u00a0Micelliance 0% est formul\u00e9e pour minimiser les risques d\u2019allergies et offre une grande tol\u00e9rance cutan\u00e9e en respectant l\u2019\u00e9quilibre naturel de la peau. Formul\u00e9e\u00a0<strong>\u062e\u0627\u0644\u064a \u0645\u0646 \u0627\u0644\u0639\u0637\u0648\u0631<\/strong>\u00a0et d\u00e9barrass\u00e9e de tout ingr\u00e9dient superflu, Micelliance 0% vous garantit l\u2019essentiel:\u00a0<strong>une peau parfaitement nettoy\u00e9e et purifi\u00e9e, \u00e0 l\u2019abri des intol\u00e9rances.<\/strong><\/p>\n<p>Micelliance 0% procure\u00a0un soin d\u00e9maquillant et purifiant particuli\u00e8rement adapt\u00e9 pour les peaux sensibles car elle pr\u00e9serve l\u2019\u00e9quilibre cutan\u00e9. Gr\u00e2ce \u00e0 sa formule, Micelliance\u00ae d\u00e9maquille et \u00e9limine en douceur les impuret\u00e9s du visage et des yeux en un seul geste. Elle tonifie et apaise la peau en offrant une sensation de confort imm\u00e9diat. Sans colorant et sans alcool, Micelliance\u00ae est formul\u00e9e pour minimiser les risques d\u2019allergies et offre une grande tol\u00e9rance cutan\u00e9e en respectant l\u2019\u00e9quilibre naturel de la peau. Formul\u00e9e sans parfum et d\u00e9barrass\u00e9e de tout ingr\u00e9dient superflu, Micelliance\u00ae vous garantie l\u2019essentiel: une peau parfaitement nettoy\u00e9e et purifi\u00e9e, \u00e0 l\u2019abri des intol\u00e9rances. Micelliance\u00ae convient parfaitement aux peaux sensibles, s\u00e8ches, mixtes et m\u00eame aux peaux grasses \u00e0 imperfections avant l\u2019application de traitement tel que le soin\u00a0ACT-5 anti-imperfections\u00a0ou la\u00a0Gamme HRB3 anti-taches. En r\u00e9sum\u00e9, une formule minimaliste adapt\u00e9e \u00e0 toutes les peaux et offrant une efficacit\u00e9 maximale !<\/p>\n<p><strong>\u0637\u0631\u064a\u0642\u0629 \u0627\u0644\u0627\u0633\u062a\u062e\u062f\u0627\u0645 <\/strong><\/p>\n<p>imbiber un coton. Nettoyer et\/ou d\u00e9maquiller le visage et les yeux. Renouveler l\u2019application jusqu\u2019\u00e0 ce que votre coton soit propre. Rincer \u00e0 l\u2019eau claire en cas de sensation de s\u00e9cheresse.<\/p>","protected":false},"excerpt":{"rendered":"<p>Nubiance Micelliance 0% \u2013 Eau Micellaire Haute Tol\u00e9rance\u00a0efficace et minimaliste qui respecte toutes les peaux. Micelliance 0% est une\u00a0eau micellaire haute tol\u00e9rance qui d\u00e9maquille et \u00e9limine en douceur les impuret\u00e9s du visage et des yeux en un seul geste.\u00a0Elle tonifie et apaise la peau en offrant une\u00a0sensation de confort imm\u00e9diat.\u00a0Sans colorant et sans alcool,\u00a0Micelliance 0% [&hellip;]<\/p>\n","protected":false},"featured_media":21217,"template":"","meta":[],"product_brand":[],"product_cat":[15],"product_tag":[9184,7370,9182,7117,9185,9183,9181,6176,6660,5863],"class_list":{"0":"post-21218","1":"product","2":"type-product","3":"status-publish","4":"has-post-thumbnail","6":"product_cat-beaute-sante-complements-alimentaires-soins-et-bien-etre-au-meilleur-prix","7":"product_tag-demaquillage-quotidien","8":"product_tag-demaquillant-doux","9":"product_tag-eau-micellaire","10":"product_tag-haute-tolerance","11":"product_tag-micellaire-0","12":"product_tag-nettoyage-visage","13":"product_tag-nubiance-micelliance","14":"product_tag-peau-sensible","15":"product_tag-routine-beaute","16":"product_tag-soin-visage","18":"first","19":"instock","20":"sale","21":"taxable","22":"shipping-taxable","23":"purchasable","24":"product-type-simple"},"yoast_head":"<!-- This site is optimized with the Yoast SEO plugin v27.6 - https:\/\/yoast.com\/product\/yoast-seo-wordpress\/ -->\n<title>Nubiance Micelliance 0% - Eau Micellaire Haute 500ml - Maroc Prix<\/title>\n<meta name=\"description\" content=\"Eau micellaire Nubiance Micelliance 0% 500ml, haute tol\u00e9rance, nettoie et d\u00e9maquille en douceur tout en respectant les peaux sensibles.\" \/>\n<meta name=\"robots\" content=\"index, follow, max-snippet:-1, max-image-preview:large, max-video-preview:-1\" \/>\n<link rel=\"canonical\" href=\"https:\/\/vitablanca.ma\/ar\/product-2\/nubiance-micelliance-0-eau-micellaire-haute-tolerance-500ml\/\" \/>\n<meta property=\"og:locale\" content=\"ar_AR\" \/>\n<meta property=\"og:type\" content=\"article\" \/>\n<meta property=\"og:title\" content=\"Nubiance Micelliance 0% - Eau Micellaire Haute 500ml - Maroc Prix\" \/>\n<meta property=\"og:description\" content=\"Eau micellaire Nubiance Micelliance 0% 500ml, haute tol\u00e9rance, nettoie et d\u00e9maquille en douceur tout en respectant les peaux sensibles.\" \/>\n<meta property=\"og:url\" content=\"https:\/\/vitablanca.ma\/ar\/product-2\/nubiance-micelliance-0-eau-micellaire-haute-tolerance-500ml\/\" \/>\n<meta property=\"og:site_name\" content=\"Vitablanca.ma &ndash; Sant&eacute;, vitalit&eacute; et bien-&ecirc;tre pour tous les Marocains\" \/>\n<meta property=\"article:publisher\" content=\"https:\/\/www.facebook.com\/profile.php?id=61576678196717\" \/>\n<meta property=\"article:modified_time\" content=\"2026-02-16T01:32:19+00:00\" \/>\n<meta property=\"og:image\" content=\"https:\/\/vitablanca.ma\/wp-content\/uploads\/2025\/06\/Nubiance-Micelliance-0_-Eau-Micellaire-Haute-Tolerance-500ml-nova-parapharmacie-maroc.jpg\" \/>\n\t<meta property=\"og:image:width\" content=\"1000\" \/>\n\t<meta property=\"og:image:height\" content=\"1000\" \/>\n\t<meta property=\"og:image:type\" content=\"image\/jpeg\" \/>\n<meta name=\"twitter:card\" content=\"summary_large_image\" \/>\n<meta name=\"twitter:label1\" content=\"\u0648\u0642\u062a \u0627\u0644\u0642\u0631\u0627\u0621\u0629 \u0627\u0644\u0645\u064f\u0642\u062f\u0651\u0631\" \/>\n\t<meta name=\"twitter:data1\" content=\"\u062f\u0642\u064a\u0642\u062a\u0627\u0646\" \/>\n<script type=\"application\/ld+json\" class=\"yoast-schema-graph\">{\"@context\":\"https:\\\/\\\/schema.org\",\"@graph\":[{\"@type\":[\"WebPage\",\"ItemPage\"],\"@id\":\"https:\\\/\\\/vitablanca.ma\\\/produit\\\/nubiance-micelliance-0-eau-micellaire-haute-tolerance-500ml\\\/\",\"url\":\"https:\\\/\\\/vitablanca.ma\\\/produit\\\/nubiance-micelliance-0-eau-micellaire-haute-tolerance-500ml\\\/\",\"name\":\"Nubiance Micelliance 0% - Eau Micellaire Haute 500ml - Maroc Prix\",\"isPartOf\":{\"@id\":\"https:\\\/\\\/vitablanca.ma\\\/#website\"},\"primaryImageOfPage\":{\"@id\":\"https:\\\/\\\/vitablanca.ma\\\/produit\\\/nubiance-micelliance-0-eau-micellaire-haute-tolerance-500ml\\\/#primaryimage\"},\"image\":{\"@id\":\"https:\\\/\\\/vitablanca.ma\\\/produit\\\/nubiance-micelliance-0-eau-micellaire-haute-tolerance-500ml\\\/#primaryimage\"},\"thumbnailUrl\":\"https:\\\/\\\/vitablanca.ma\\\/wp-content\\\/uploads\\\/2025\\\/06\\\/Nubiance-Micelliance-0_-Eau-Micellaire-Haute-Tolerance-500ml-nova-parapharmacie-maroc.jpg\",\"datePublished\":\"2025-06-11T21:14:26+00:00\",\"dateModified\":\"2026-02-16T01:32:19+00:00\",\"description\":\"Eau micellaire Nubiance Micelliance 0% 500ml, haute tol\u00e9rance, nettoie et d\u00e9maquille en douceur tout en respectant les peaux sensibles.\",\"breadcrumb\":{\"@id\":\"https:\\\/\\\/vitablanca.ma\\\/produit\\\/nubiance-micelliance-0-eau-micellaire-haute-tolerance-500ml\\\/#breadcrumb\"},\"inLanguage\":\"ar\",\"potentialAction\":[{\"@type\":\"ReadAction\",\"target\":[\"https:\\\/\\\/vitablanca.ma\\\/produit\\\/nubiance-micelliance-0-eau-micellaire-haute-tolerance-500ml\\\/\"]}]},{\"@type\":\"ImageObject\",\"inLanguage\":\"ar\",\"@id\":\"https:\\\/\\\/vitablanca.ma\\\/produit\\\/nubiance-micelliance-0-eau-micellaire-haute-tolerance-500ml\\\/#primaryimage\",\"url\":\"https:\\\/\\\/vitablanca.ma\\\/wp-content\\\/uploads\\\/2025\\\/06\\\/Nubiance-Micelliance-0_-Eau-Micellaire-Haute-Tolerance-500ml-nova-parapharmacie-maroc.jpg\",\"contentUrl\":\"https:\\\/\\\/vitablanca.ma\\\/wp-content\\\/uploads\\\/2025\\\/06\\\/Nubiance-Micelliance-0_-Eau-Micellaire-Haute-Tolerance-500ml-nova-parapharmacie-maroc.jpg\",\"width\":1000,\"height\":1000},{\"@type\":\"BreadcrumbList\",\"@id\":\"https:\\\/\\\/vitablanca.ma\\\/produit\\\/nubiance-micelliance-0-eau-micellaire-haute-tolerance-500ml\\\/#breadcrumb\",\"itemListElement\":[{\"@type\":\"ListItem\",\"position\":1,\"name\":\"Home\",\"item\":\"https:\\\/\\\/vitablanca.ma\\\/\"},{\"@type\":\"ListItem\",\"position\":2,\"name\":\"Tous Les Produits\",\"item\":\"https:\\\/\\\/vitablanca.ma\\\/tous-les-produits\\\/\"},{\"@type\":\"ListItem\",\"position\":3,\"name\":\"Nubiance Micelliance 0% &#8211; Eau Micellaire Haute Tol\u00e9rance 500ml\"}]},{\"@type\":\"WebSite\",\"@id\":\"https:\\\/\\\/vitablanca.ma\\\/#website\",\"url\":\"https:\\\/\\\/vitablanca.ma\\\/\",\"name\":\"VitaBlanca.ma | Compl\u00e9ments alimentaires, sant\u00e9 & beaut\u00e9 au Maroc\",\"description\":\"vendre vitamines et compl\u00e9ments premium des USA &amp; Canada, Nouvelle Z\u00e9lande,Maroc (NOW Foods, Solgar, Manuka). Livraison rapide partout au Maroc.\",\"publisher\":{\"@id\":\"https:\\\/\\\/vitablanca.ma\\\/#organization\"},\"alternateName\":\"VitaBlanca.ma\",\"potentialAction\":[{\"@type\":\"SearchAction\",\"target\":{\"@type\":\"EntryPoint\",\"urlTemplate\":\"https:\\\/\\\/vitablanca.ma\\\/?s={search_term_string}\"},\"query-input\":{\"@type\":\"PropertyValueSpecification\",\"valueRequired\":true,\"valueName\":\"search_term_string\"}}],\"inLanguage\":\"ar\"},{\"@type\":\"Organization\",\"@id\":\"https:\\\/\\\/vitablanca.ma\\\/#organization\",\"name\":\"VitaBlanca\",\"url\":\"https:\\\/\\\/vitablanca.ma\\\/\",\"logo\":{\"@type\":\"ImageObject\",\"inLanguage\":\"ar\",\"@id\":\"https:\\\/\\\/vitablanca.ma\\\/#\\\/schema\\\/logo\\\/image\\\/\",\"url\":\"https:\\\/\\\/vitablanca.ma\\\/wp-content\\\/uploads\\\/2025\\\/05\\\/cropped-vitablanca.png\",\"contentUrl\":\"https:\\\/\\\/vitablanca.ma\\\/wp-content\\\/uploads\\\/2025\\\/05\\\/cropped-vitablanca.png\",\"width\":360,\"height\":67,\"caption\":\"VitaBlanca\"},\"image\":{\"@id\":\"https:\\\/\\\/vitablanca.ma\\\/#\\\/schema\\\/logo\\\/image\\\/\"},\"sameAs\":[\"https:\\\/\\\/www.facebook.com\\\/profile.php?id=61576678196717\",\"https:\\\/\\\/www.tiktok.com\\\/@vitablanca.ma\",\"https:\\\/\\\/www.instagram.com\\\/vitablanca.ma\\\/\"]}]}<\/script>\n<!-- \/ Yoast SEO plugin. -->","yoast_head_json":{"title":"Nubiance Micelliance 0% - Eau Micellaire Haute 500ml - Maroc Prix","description":"Eau micellaire Nubiance Micelliance 0% 500ml, haute tol\u00e9rance, nettoie et d\u00e9maquille en douceur tout en respectant les peaux sensibles.","robots":{"index":"index","follow":"follow","max-snippet":"max-snippet:-1","max-image-preview":"max-image-preview:large","max-video-preview":"max-video-preview:-1"},"canonical":"https:\/\/vitablanca.ma\/ar\/product-2\/nubiance-micelliance-0-eau-micellaire-haute-tolerance-500ml\/","og_locale":"ar_AR","og_type":"article","og_title":"Nubiance Micelliance 0% - Eau Micellaire Haute 500ml - Maroc Prix","og_description":"Eau micellaire Nubiance Micelliance 0% 500ml, haute tol\u00e9rance, nettoie et d\u00e9maquille en douceur tout en respectant les peaux sensibles.","og_url":"https:\/\/vitablanca.ma\/ar\/product-2\/nubiance-micelliance-0-eau-micellaire-haute-tolerance-500ml\/","og_site_name":"Vitablanca.ma &ndash; Sant&eacute;, vitalit&eacute; et bien-&ecirc;tre pour tous les Marocains","article_publisher":"https:\/\/www.facebook.com\/profile.php?id=61576678196717","article_modified_time":"2026-02-16T01:32:19+00:00","og_image":[{"width":1000,"height":1000,"url":"https:\/\/vitablanca.ma\/wp-content\/uploads\/2025\/06\/Nubiance-Micelliance-0_-Eau-Micellaire-Haute-Tolerance-500ml-nova-parapharmacie-maroc.jpg","type":"image\/jpeg"}],"twitter_card":"summary_large_image","twitter_misc":{"\u0648\u0642\u062a \u0627\u0644\u0642\u0631\u0627\u0621\u0629 \u0627\u0644\u0645\u064f\u0642\u062f\u0651\u0631":"\u062f\u0642\u064a\u0642\u062a\u0627\u0646"},"schema":{"@context":"https:\/\/schema.org","@graph":[{"@type":["WebPage","ItemPage"],"@id":"https:\/\/vitablanca.ma\/produit\/nubiance-micelliance-0-eau-micellaire-haute-tolerance-500ml\/","url":"https:\/\/vitablanca.ma\/produit\/nubiance-micelliance-0-eau-micellaire-haute-tolerance-500ml\/","name":"Nubiance Micelliance 0% - Eau Micellaire Haute 500ml - Maroc Prix","isPartOf":{"@id":"https:\/\/vitablanca.ma\/#website"},"primaryImageOfPage":{"@id":"https:\/\/vitablanca.ma\/produit\/nubiance-micelliance-0-eau-micellaire-haute-tolerance-500ml\/#primaryimage"},"image":{"@id":"https:\/\/vitablanca.ma\/produit\/nubiance-micelliance-0-eau-micellaire-haute-tolerance-500ml\/#primaryimage"},"thumbnailUrl":"https:\/\/vitablanca.ma\/wp-content\/uploads\/2025\/06\/Nubiance-Micelliance-0_-Eau-Micellaire-Haute-Tolerance-500ml-nova-parapharmacie-maroc.jpg","datePublished":"2025-06-11T21:14:26+00:00","dateModified":"2026-02-16T01:32:19+00:00","description":"Eau micellaire Nubiance Micelliance 0% 500ml, haute tol\u00e9rance, nettoie et d\u00e9maquille en douceur tout en respectant les peaux sensibles.","breadcrumb":{"@id":"https:\/\/vitablanca.ma\/produit\/nubiance-micelliance-0-eau-micellaire-haute-tolerance-500ml\/#breadcrumb"},"inLanguage":"ar","potentialAction":[{"@type":"ReadAction","target":["https:\/\/vitablanca.ma\/produit\/nubiance-micelliance-0-eau-micellaire-haute-tolerance-500ml\/"]}]},{"@type":"ImageObject","inLanguage":"ar","@id":"https:\/\/vitablanca.ma\/produit\/nubiance-micelliance-0-eau-micellaire-haute-tolerance-500ml\/#primaryimage","url":"https:\/\/vitablanca.ma\/wp-content\/uploads\/2025\/06\/Nubiance-Micelliance-0_-Eau-Micellaire-Haute-Tolerance-500ml-nova-parapharmacie-maroc.jpg","contentUrl":"https:\/\/vitablanca.ma\/wp-content\/uploads\/2025\/06\/Nubiance-Micelliance-0_-Eau-Micellaire-Haute-Tolerance-500ml-nova-parapharmacie-maroc.jpg","width":1000,"height":1000},{"@type":"BreadcrumbList","@id":"https:\/\/vitablanca.ma\/produit\/nubiance-micelliance-0-eau-micellaire-haute-tolerance-500ml\/#breadcrumb","itemListElement":[{"@type":"ListItem","position":1,"name":"Home","item":"https:\/\/vitablanca.ma\/"},{"@type":"ListItem","position":2,"name":"Tous Les Produits","item":"https:\/\/vitablanca.ma\/tous-les-produits\/"},{"@type":"ListItem","position":3,"name":"Nubiance Micelliance 0% &#8211; Eau Micellaire Haute Tol\u00e9rance 500ml"}]},{"@type":"WebSite","@id":"https:\/\/vitablanca.ma\/#website","url":"https:\/\/vitablanca.ma\/","name":"VitaBlanca.ma | \u0627\u0644\u0645\u0643\u0645\u0644\u0627\u062a \u0627\u0644\u063a\u0630\u0627\u0626\u064a\u0629\u060c \u0627\u0644\u0635\u062d\u0629 \u0648\u0627\u0644\u062c\u0645\u0627\u0644 \u0641\u064a \u0627\u0644\u0645\u063a\u0631\u0628","description":"\u0646\u0628\u064a\u0639 \u0641\u064a\u062a\u0627\u0645\u064a\u0646\u0627\u062a \u0648\u0645\u0643\u0645\u0644\u0627\u062a \u063a\u0630\u0627\u0626\u064a\u0629 \u0641\u0627\u062e\u0631\u0629 \u0645\u0646 \u0627\u0644\u0648\u0644\u0627\u064a\u0627\u062a \u0627\u0644\u0645\u062a\u062d\u062f\u0629 \u0627\u0644\u0623\u0645\u0631\u064a\u0643\u064a\u0629 \u0648\u0643\u0646\u062f\u0627 \u0648\u0646\u064a\u0648\u0632\u064a\u0644\u0646\u062f\u0627 \u0648\u0627\u0644\u0645\u063a\u0631\u0628 (\u0646\u0627\u0648 \u0641\u0648\u062f\u0632\u060c \u0633\u0648\u0644\u062c\u0627\u0631\u060c \u0645\u0627\u0646\u0648\u0643\u0627). \u062a\u0648\u0635\u064a\u0644 \u0633\u0631\u064a\u0639 \u0625\u0644\u0649 \u062c\u0645\u064a\u0639 \u0623\u0646\u062d\u0627\u0621 \u0627\u0644\u0645\u063a\u0631\u0628.","publisher":{"@id":"https:\/\/vitablanca.ma\/#organization"},"alternateName":"VitaBlanca.ma","potentialAction":[{"@type":"SearchAction","target":{"@type":"EntryPoint","urlTemplate":"https:\/\/vitablanca.ma\/?s={search_term_string}"},"query-input":{"@type":"PropertyValueSpecification","valueRequired":true,"valueName":"search_term_string"}}],"inLanguage":"ar"},{"@type":"Organization","@id":"https:\/\/vitablanca.ma\/#organization","name":"\u0641\u064a\u062a\u0627\u0628\u0644\u0627\u0646\u0643\u0627","url":"https:\/\/vitablanca.ma\/","logo":{"@type":"ImageObject","inLanguage":"ar","@id":"https:\/\/vitablanca.ma\/#\/schema\/logo\/image\/","url":"https:\/\/vitablanca.ma\/wp-content\/uploads\/2025\/05\/cropped-vitablanca.png","contentUrl":"https:\/\/vitablanca.ma\/wp-content\/uploads\/2025\/05\/cropped-vitablanca.png","width":360,"height":67,"caption":"VitaBlanca"},"image":{"@id":"https:\/\/vitablanca.ma\/#\/schema\/logo\/image\/"},"sameAs":["https:\/\/www.facebook.com\/profile.php?id=61576678196717","https:\/\/www.tiktok.com\/@vitablanca.ma","https:\/\/www.instagram.com\/vitablanca.ma\/"]}]}},"jetpack_sharing_enabled":true,"_links":{"self":[{"href":"https:\/\/vitablanca.ma\/ar\/wp-json\/wp\/v2\/product\/21218","targetHints":{"allow":["GET"]}}],"collection":[{"href":"https:\/\/vitablanca.ma\/ar\/wp-json\/wp\/v2\/product"}],"about":[{"href":"https:\/\/vitablanca.ma\/ar\/wp-json\/wp\/v2\/types\/product"}],"wp:featuredmedia":[{"embeddable":true,"href":"https:\/\/vitablanca.ma\/ar\/wp-json\/wp\/v2\/media\/21217"}],"wp:attachment":[{"href":"https:\/\/vitablanca.ma\/ar\/wp-json\/wp\/v2\/media?parent=21218"}],"wp:term":[{"taxonomy":"product_brand","embeddable":true,"href":"https:\/\/vitablanca.ma\/ar\/wp-json\/wp\/v2\/product_brand?post=21218"},{"taxonomy":"product_cat","embeddable":true,"href":"https:\/\/vitablanca.ma\/ar\/wp-json\/wp\/v2\/product_cat?post=21218"},{"taxonomy":"product_tag","embeddable":true,"href":"https:\/\/vitablanca.ma\/ar\/wp-json\/wp\/v2\/product_tag?post=21218"}],"curies":[{"name":"wp","href":"https:\/\/api.w.org\/{rel}","templated":true}]}}