{"id":21214,"date":"2025-06-11T21:14:18","date_gmt":"2025-06-11T21:14:18","guid":{"rendered":"https:\/\/vitablanca.ma\/product\/nubiance-hrb-3-soin-correcteur-dhyperpigmentation-formule-nuit-50ml\/"},"modified":"2026-02-16T01:34:35","modified_gmt":"2026-02-16T01:34:35","slug":"nubiance-hrb-3-soin-correcteur-dhyperpigmentation-formule-nuit-50ml","status":"publish","type":"product","link":"https:\/\/vitablanca.ma\/ar\/product-2\/nubiance-hrb-3-soin-correcteur-dhyperpigmentation-formule-nuit-50ml\/","title":{"rendered":"\u0646\u0648\u0628\u064a\u0627\u0646\u0633 HRB-3 \u062a\u0631\u0643\u064a\u0628\u0629 \u0639\u0644\u0627\u062c\u064a\u0629 \u0644\u064a\u0644\u064a\u0629 \u0644\u062a\u0635\u062d\u064a\u062d \u0641\u0631\u0637 \u0627\u0644\u062a\u0635\u0628\u063a 50 \u0645\u0644"},"content":{"rendered":"<h2>\u0646\u0648\u0628\u064a\u0627\u0646\u0633 HRB-3 - \u062a\u0631\u0643\u064a\u0628\u0629 \u0644\u064a\u0644\u064a\u0629 \u0644\u0639\u0644\u0627\u062c \u0641\u0631\u0637 \u0627\u0644\u062a\u0635\u0628\u063a \u0648\u062a\u0635\u062d\u064a\u062d\u0647 - \u0639\u0627\u0645\u0644 \u062d\u0645\u0627\u064a\u0629 \u0645\u0646 \u0627\u0644\u0634\u0645\u0633 30<\/h2>\n<p>+ \u064a\u0632\u064a\u0644 \u0627\u0644\u0628\u0642\u0639 \u0627\u0644\u0635\u0628\u063a\u064a\u0629 \u0628\u0634\u0643\u0644 \u0648\u0627\u0636\u062d \u0639\u0646 \u0637\u0631\u064a\u0642 \u062a\u0646\u0638\u064a\u0645 \u0625\u0646\u062a\u0627\u062c \u0627\u0644\u0645\u064a\u0644\u0627\u0646\u064a\u0646<br \/>\n+ \u064a\u0632\u064a\u0644 \u0633\u0645\u0648\u0645 \u0627\u0644\u0628\u0634\u0631\u0629 \u0628\u0641\u0636\u0644 \u0646\u0638\u0627\u0645 \u0645\u0636\u0627\u062f \u0644\u0644\u0623\u0643\u0633\u062f\u0629 \u0648\u0645\u0636\u0627\u062f \u0644\u0644\u062c\u0644\u064a\u0643\u0648\u062c\u064a\u0646 \u0639\u0627\u0644\u064a \u0627\u0644\u0643\u0641\u0627\u0621\u0629<br \/>\n+ \u064a\u0639\u0645\u0644 \u0639\u0644\u0649 \u0625\u0635\u0644\u0627\u062d \u0627\u0644\u0628\u0634\u0631\u0629 \u0648\u0627\u0633\u062a\u0639\u0627\u062f\u0629 \u0646\u0636\u0627\u0631\u062a\u0647\u0627<br \/>\n+ \u064a\u0634\u062f \u0645\u0633\u0627\u0645 \u0627\u0644\u062c\u0644\u062f<\/p>\n<h3>\u0648\u0635\u0641<\/h3>\n<p><strong>\u0648\u062d\u062f\u0651\u064a \u0644\u0648\u0646 \u0628\u0634\u0631\u062a\u0643\u0650 \u0645\u0639 \u0647\u0630\u0627 \u0627\u0644\u0639\u0644\u0627\u062c \u0627\u0644\u0644\u064a\u0644\u064a \u0627\u0644\u0630\u064a \u064a\u064f\u0635\u062d\u0651\u062d \u0627\u0644\u0628\u0642\u0639 \u0627\u0644\u062f\u0627\u0643\u0646\u0629 \u0648\u064a\u0639\u064a\u062f \u0625\u0644\u064a\u0647\u0627 \u0646\u0636\u0627\u0631\u062a\u0647\u0627 \u0648\u0625\u0634\u0631\u0627\u0642\u062a\u0647\u0627 \u0623\u062b\u0646\u0627\u0621 \u0627\u0644\u0646\u0648\u0645! \u0639\u0646\u062f \u0627\u0644\u0627\u0633\u062a\u064a\u0642\u0627\u0638\u060c \u0633\u062a\u062c\u062f\u064a\u0646 \u0628\u0634\u0631\u062a\u0643\u0650 \u0623\u0643\u062b\u0631 \u0646\u0639\u0648\u0645\u0629\u064b \u0648\u0646\u0642\u0627\u0621\u064b \u0648\u0627\u0645\u062a\u0644\u0627\u0621\u064b \u0648\u062a\u0631\u0637\u064a\u0628\u064b\u0627.<\/strong><\/p>\n<p>\u0628\u0641\u0636\u0644 \u062a\u0631\u0643\u064a\u0628\u062a\u0647 \u0627\u0644\u062d\u0635\u0631\u064a\u0629 HRB-3 \u0627\u0644\u0645\u0645\u0632\u0648\u062c\u0629 \u0645\u0639\u00a0<strong>\u0645\u0643\u0648\u0646 \u0641\u0639\u0627\u0644 \u0645\u0636\u0627\u062f \u0644\u0644\u0623\u0643\u0633\u062f\u0629<\/strong>\u00a0<strong>\u0648\u0627\u0644\u0645\u0635\u0644\u062d<\/strong>\u00a0(\u0633\u064a\u0646\u0627\u0633\u062a\u0648\u0644\u00ae \u062a\u064a \u0633\u064a\u060c \u0645\u0633\u062a\u062e\u0644\u0635 \u0645\u0646 \u0641\u0627\u0643\u0647\u0629 \u0647\u0627\u0631\u064a\u062a\u0627\u0643\u064a)\u060c \u062a\u0631\u0643\u064a\u0628\u0629 HRB-3 \u0627\u0644\u0644\u064a\u0644\u064a\u0629 \u0644\u062a\u0635\u062d\u064a\u062d \u0641\u0631\u0637 \u0627\u0644\u062a\u0635\u0628\u063a \u062a\u0639\u0645\u0644 \u0639\u0644\u0649 \u062a\u0635\u062d\u064a\u062d \u0628\u0642\u0639 \u0627\u0644\u062a\u0635\u0628\u063a \u0623\u062b\u0646\u0627\u0621 \u0627\u0644\u0646\u0648\u0645. \u064a\u0639\u0645\u0644 \u0646\u0634\u0627\u0637\u0647 \u0627\u0644\u0645\u0636\u0627\u062f \u0644\u0644\u0628\u064a\u0631\u0648\u0643\u0633\u064a\u062f\u064a\u0632 \u062e\u0644\u0627\u0644 \u0627\u0644\u0644\u064a\u0644\u060c \u0645\u0645\u0627 \u064a\u0639\u0632\u0632 \u062a\u062c\u062f\u064a\u062f \u062e\u0644\u0627\u064a\u0627 \u0627\u0644\u0628\u0634\u0631\u0629 \u0627\u0644\u0637\u0628\u064a\u0639\u064a. \u0643\u0645\u0627 \u064a\u062d\u0641\u0632 \u062a\u0643\u0648\u064a\u0646 \u0627\u0644\u0643\u0648\u0644\u0627\u062c\u064a\u0646\u060c \u0645\u0639 \u062a\u0642\u0644\u064a\u0644 \u0646\u0634\u0627\u0637 \u0627\u0644\u0643\u0648\u0644\u0627\u062c\u064a\u0646\u0627\u0632.<\/p>\n<p>\u0639\u0644\u0627\u062c \u062d\u0642\u064a\u0642\u064a \u0644\u062a\u062c\u062f\u064a\u062f \u0634\u0628\u0627\u0628 \u0628\u0634\u0631\u062a\u0643!<\/p>\n<p>\u062a\u0639\u0645\u0644 \u062a\u0631\u0643\u064a\u0628\u0629 HRB-3 \u0627\u0644\u0644\u064a\u0644\u064a\u0629 \u0644\u062a\u0635\u062d\u064a\u062d \u0641\u0631\u0637 \u0627\u0644\u062a\u0635\u0628\u063a \u0628\u0634\u0643\u0644 \u0641\u0639\u0627\u0644 \u0623\u062b\u0646\u0627\u0621 \u0646\u0648\u0645\u0643 \u0644\u0625\u062e\u0641\u0627\u0621 \u0628\u0642\u0639 \u0627\u0644\u062a\u0635\u0628\u063a \u0648\u0645\u0646\u0639 \u0638\u0647\u0648\u0631\u0647\u0627.<\/p>\n<p>\u0646\u0639\u0644\u0645 \u0623\u0646 \u0627\u0644\u062d\u0635\u0648\u0644 \u0639\u0644\u0649 \u0642\u0633\u0637 \u0643\u0627\u0641\u064d \u0645\u0646 \u0627\u0644\u0646\u0648\u0645 \u064a\u064f\u0633\u0627\u0639\u062f \u0639\u0644\u0649 \u0627\u0644\u062d\u0635\u0648\u0644 \u0639\u0644\u0649 \u0628\u0634\u0631\u0629 \u062c\u0645\u064a\u0644\u0629. \u0641\u064a \u0627\u0644\u0648\u0627\u0642\u0639\u060c \u062a\u062a\u062c\u062f\u062f \u062e\u0644\u0627\u064a\u0627 \u0627\u0644\u0628\u0634\u0631\u0629 \u0644\u064a\u0644\u064b\u0627\u060c \u0648\u0642\u062f \u062b\u0628\u062a \u0623\u0646 \u0630\u0631\u0648\u0629 \u062a\u062c\u062f\u062f \u0627\u0644\u062e\u0644\u0627\u064a\u0627 \u062a\u0643\u0648\u0646 \u062d\u0648\u0627\u0644\u064a \u0627\u0644\u0633\u0627\u0639\u0629 \u0627\u0644\u0648\u0627\u062d\u062f\u0629 \u0648\u0627\u0644\u0646\u0635\u0641 \u0635\u0628\u0627\u062d\u064b\u0627.<\/p>\n<p>\u0645\u0627 \u064a\u062c\u0639\u0644 \u0647\u0630\u0627 \u0627\u0644\u0639\u0644\u0627\u062c \u0641\u0631\u064a\u062f\u064b\u0627 \u0645\u0646 \u0646\u0648\u0639\u0647 \u0647\u0648 \u0623\u0646\u0646\u0627 \u0642\u0645\u0646\u0627 \u0628\u062f\u0645\u062c \u062a\u0631\u0643\u064a\u0628\u0629 HRB-3 \u0627\u0644\u062e\u0627\u0635\u0629 \u0628\u0646\u0627 \u0645\u0639\u00a0<strong>\u0627\u0644\u0645\u0643\u0648\u0646 \u0627\u0644\u0646\u0634\u0637 \u0627\u0644\u0642\u0648\u064a \u0627\u0644\u0645\u0636\u0627\u062f \u0644\u0644\u0623\u0643\u0633\u062f\u0629 \u0648\u0627\u0644\u0645\u062c\u062f\u062f\u060c Synastol\u00ae TC (\u0645\u0633\u062a\u062e\u0644\u0635 \u0641\u0627\u0643\u0647\u0629 \u0647\u0627\u0631\u064a\u062a\u0627\u0643\u064a)<\/strong>\u062a\u0633\u062a\u0641\u064a\u062f \u0628\u0634\u0631\u062a\u0643\u0650 \u0645\u0646 \u0646\u0634\u0627\u0637 \u0645\u0636\u0627\u062f \u0627\u0644\u0628\u064a\u0631\u0648\u0643\u0633\u064a\u062f\u064a\u0632 \u0627\u0644\u0630\u064a \u064a\u0628\u062f\u0623 \u0645\u0641\u0639\u0648\u0644\u0647 \u0644\u064a\u0644\u0627\u064b. \u0643\u0645\u0627 \u064a\u064f\u062d\u0641\u0651\u0632 \u0647\u0630\u0627 \u0627\u0644\u0639\u0644\u0627\u062c \u062a\u062e\u0644\u064a\u0642 \u0627\u0644\u0643\u0648\u0644\u0627\u062c\u064a\u0646\u060c \u0645\u0639 \u062a\u0642\u0644\u064a\u0644 \u0646\u0634\u0627\u0637 \u0627\u0644\u0643\u0648\u0644\u0627\u062c\u064a\u0646\u0627\u0632.<\/p>\n<p>La combinaison unique des 3 actifs Synovea\u00aeHR, Vitamine B3 et Synastol\u00aeTC constitue un arsenal compl\u00e9mentaire d&rsquo;une grande innocuit\u00e9 afin de lutter contre les ph\u00e9nom\u00e8nes d&rsquo;accumulation h\u00e9t\u00e9rog\u00e8ne de m\u00e9lanine sur la peau du visage et le d\u00e9collet\u00e9 (taches, irr\u00e9gularit\u00e9s des pores, signes du temps). Une technologie innovante pour des r\u00e9sultats exceptionnels !<\/p>\n<p>\u0627\u062d\u0635\u0644 \u0639\u0644\u0649 \u0646\u062a\u0627\u0626\u062c \u0623\u0641\u0636\u0644 \u0645\u0646 \u062e\u0644\u0627\u0644 \u0627\u0644\u062c\u0645\u0639 \u0628\u064a\u0646 \u0647\u0630\u0627 \u0627\u0644\u0639\u0644\u0627\u062c \u0648\u00a0<a title=\"\u0633\u064a\u0631\u0648\u0645 HRB-3 \u0627\u0644\u0645\u0636\u0627\u062f \u0644\u0644\u0628\u0642\u0639 \u0627\u0644\u062f\u0627\u0643\u0646\u0629 \u0648\u0627\u0644\u0645\u064f\u062d\u0636\u0651\u0631 \u0644\u0625\u0634\u0631\u0627\u0642\u0629 \u0627\u0644\u0628\u0634\u0631\u0629 \u0628\u0623\u062d\u0645\u0627\u0636 \u0627\u0644\u0641\u0648\u0627\u0643\u0647\u060c 30 \u0645\u0644\" href=\"https:\/\/nubiance.fr\/collections\/taches\/products\/serum-eclat-preparateur-anti-taches-hrb-3-aux-acides-de-fruits-30ml\">\u0633<\/a>\u0645\u0633\u062a\u062d\u0636\u0631 HRB-3 \u0627\u0644\u0645\u0636\u0627\u062f \u0644\u0644\u0628\u0642\u0639 \u0627\u0644\u062f\u0627\u0643\u0646\u0629 \u0648\u0643\u0631\u064a\u0645 \u0627\u0644\u0646\u0647\u0627\u0631 \u0627\u0644\u0645\u0636\u0627\u062f \u0644\u0644\u0628\u0642\u0639 \u0627\u0644\u062f\u0627\u0643\u0646\u0629 SPF30 \u0645\u0646 HRB-3.<\/p>\n<h3>\u0637\u0631\u064a\u0642\u0629 \u0627\u0644\u0627\u0633\u062a\u062e\u062f\u0627\u0645<\/h3>\n<p class=\"column\">\u064a\u064f\u0633\u062a\u062e\u062f\u0645 \u0645\u0631\u0629 \u0648\u0627\u062d\u062f\u0629 \u064a\u0648\u0645\u064a\u064b\u0627 \u0642\u0628\u0644 \u0627\u0644\u0646\u0648\u0645\u060c \u0639\u0644\u0649 \u0628\u0634\u0631\u0629 \u0646\u0638\u064a\u0641\u0629 \u0648\u062c\u0627\u0641\u0629. \u064a\u064f\u0648\u0632\u0651\u0639 \u0628\u0627\u0644\u062a\u0633\u0627\u0648\u064a \u0639\u0644\u0649 \u0627\u0644\u0648\u062c\u0647 \u0648\u0627\u0644\u064a\u062f\u064a\u0646 \u0648\u0645\u0646\u0637\u0642\u0629 \u0627\u0644\u0635\u062f\u0631. \u062a\u062c\u0646\u0628\u064a \u0645\u0646\u0637\u0642\u0629 \u0627\u0644\u0639\u064a\u0646\u064a\u0646. \u064a\u064f\u0633\u062a\u062e\u062f\u0645 \u064a\u0648\u0645\u064a\u064b\u0627 \u0637\u0648\u0627\u0644 \u0627\u0644\u0639\u0627\u0645.<\/p>\n<p>\u063a\u064a\u0631 \u0643\u0648\u0645\u064a\u062f\u0648\u063a\u064a\u0646\u064a\u0643\u060c \u0645\u0646\u0627\u0633\u0628 \u0644\u0644\u0628\u0634\u0631\u0629 \u0627\u0644\u062d\u0633\u0627\u0633\u0629. \u062a\u0645 \u0627\u062e\u062a\u0628\u0627\u0631\u0647 \u0645\u0646 \u0642\u0628\u0644 \u0623\u0637\u0628\u0627\u0621 \u0627\u0644\u062c\u0644\u062f\u064a\u0629.<\/p>","protected":false},"excerpt":{"rendered":"<p>Nubiance HRB-3 Soin Correcteur d&rsquo;Hyperpigmentation Formule Nuit SPF30 + Estompe visiblement les taches pigmentaires en r\u00e9gulant la production de m\u00e9lanine + D\u00e9toxifie la peau gr\u00e2ce \u00e0 un syst\u00e8me antioxydant et antiglycation ultra performant + R\u00e9pare la peau et redonne de l&rsquo;\u00e9clat au teint + Resserre les pores de la peau Description Uniformisez votre teint gr\u00e2ce [&hellip;]<\/p>\n","protected":false},"featured_media":21213,"template":"","meta":{"om_disable_all_campaigns":false},"product_brand":[],"product_cat":[15],"product_tag":[9189,9178,6094,6890,6108,7325,5863,7561,9191,9190],"class_list":{"0":"post-21214","1":"product","2":"type-product","3":"status-publish","4":"has-post-thumbnail","6":"product_cat-beaute-sante-complements-alimentaires-soins-et-bien-etre-au-meilleur-prix","7":"product_tag-correcteur-hyperpigmentation","8":"product_tag-nubiance-hrb-3","9":"product_tag-peau-lumineuse","10":"product_tag-routine-nuit","11":"product_tag-soin-anti-taches","12":"product_tag-soin-nuit","13":"product_tag-soin-visage","14":"product_tag-teint-homogene","15":"product_tag-traitement-taches","16":"product_tag-unification-teint","18":"first","19":"instock","20":"sale","21":"taxable","22":"shipping-taxable","23":"purchasable","24":"product-type-simple"},"yoast_head":"<!-- This site is optimized with the Yoast SEO plugin v27.4 - https:\/\/yoast.com\/product\/yoast-seo-wordpress\/ -->\n<title>Nubiance HRB-3 Soin Correcteur 50ml - Maroc Prix<\/title>\n<meta name=\"description\" content=\"Soin de nuit Nubiance HRB-3 50ml, corrige l\u2019hyperpigmentation, unifie le teint et favorise une peau lumineuse et homog\u00e8ne au r\u00e9veil.\" \/>\n<meta name=\"robots\" content=\"index, follow, max-snippet:-1, max-image-preview:large, max-video-preview:-1\" \/>\n<link rel=\"canonical\" href=\"https:\/\/vitablanca.ma\/ar\/product-2\/nubiance-hrb-3-soin-correcteur-dhyperpigmentation-formule-nuit-50ml\/\" \/>\n<meta property=\"og:locale\" content=\"ar_AR\" \/>\n<meta property=\"og:type\" content=\"article\" \/>\n<meta property=\"og:title\" content=\"Nubiance HRB-3 Soin Correcteur 50ml - Maroc Prix\" \/>\n<meta property=\"og:description\" content=\"Soin de nuit Nubiance HRB-3 50ml, corrige l\u2019hyperpigmentation, unifie le teint et favorise une peau lumineuse et homog\u00e8ne au r\u00e9veil.\" \/>\n<meta property=\"og:url\" content=\"https:\/\/vitablanca.ma\/ar\/product-2\/nubiance-hrb-3-soin-correcteur-dhyperpigmentation-formule-nuit-50ml\/\" \/>\n<meta property=\"og:site_name\" content=\"Vitablanca.ma &ndash; Sant&eacute;, vitalit&eacute; et bien-&ecirc;tre pour tous les Marocains\" \/>\n<meta property=\"article:publisher\" content=\"https:\/\/www.facebook.com\/profile.php?id=61576678196717\" \/>\n<meta property=\"article:modified_time\" content=\"2026-02-16T01:34:35+00:00\" \/>\n<meta property=\"og:image\" content=\"https:\/\/vitablanca.ma\/wp-content\/uploads\/2025\/06\/Nubiance-HRB-3-Soin-Correcteur-d_Hyperpigmentation-Formule-Nuit-SPF30-50ml-nova-parapharmacie-maroc.jpg\" \/>\n\t<meta property=\"og:image:width\" content=\"1000\" \/>\n\t<meta property=\"og:image:height\" content=\"1000\" \/>\n\t<meta property=\"og:image:type\" content=\"image\/jpeg\" \/>\n<meta name=\"twitter:card\" content=\"summary_large_image\" \/>\n<meta name=\"twitter:label1\" content=\"\u0648\u0642\u062a \u0627\u0644\u0642\u0631\u0627\u0621\u0629 \u0627\u0644\u0645\u064f\u0642\u062f\u0651\u0631\" \/>\n\t<meta name=\"twitter:data1\" content=\"3 \u062f\u0642\u0627\u0626\u0642\" \/>\n<script type=\"application\/ld+json\" class=\"yoast-schema-graph\">{\"@context\":\"https:\\\/\\\/schema.org\",\"@graph\":[{\"@type\":[\"WebPage\",\"ItemPage\"],\"@id\":\"https:\\\/\\\/vitablanca.ma\\\/produit\\\/nubiance-hrb-3-soin-correcteur-dhyperpigmentation-formule-nuit-50ml\\\/\",\"url\":\"https:\\\/\\\/vitablanca.ma\\\/produit\\\/nubiance-hrb-3-soin-correcteur-dhyperpigmentation-formule-nuit-50ml\\\/\",\"name\":\"Nubiance HRB-3 Soin Correcteur 50ml - Maroc Prix\",\"isPartOf\":{\"@id\":\"https:\\\/\\\/vitablanca.ma\\\/#website\"},\"primaryImageOfPage\":{\"@id\":\"https:\\\/\\\/vitablanca.ma\\\/produit\\\/nubiance-hrb-3-soin-correcteur-dhyperpigmentation-formule-nuit-50ml\\\/#primaryimage\"},\"image\":{\"@id\":\"https:\\\/\\\/vitablanca.ma\\\/produit\\\/nubiance-hrb-3-soin-correcteur-dhyperpigmentation-formule-nuit-50ml\\\/#primaryimage\"},\"thumbnailUrl\":\"https:\\\/\\\/vitablanca.ma\\\/wp-content\\\/uploads\\\/2025\\\/06\\\/Nubiance-HRB-3-Soin-Correcteur-d_Hyperpigmentation-Formule-Nuit-SPF30-50ml-nova-parapharmacie-maroc.jpg\",\"datePublished\":\"2025-06-11T21:14:18+00:00\",\"dateModified\":\"2026-02-16T01:34:35+00:00\",\"description\":\"Soin de nuit Nubiance HRB-3 50ml, corrige l\u2019hyperpigmentation, unifie le teint et favorise une peau lumineuse et homog\u00e8ne au r\u00e9veil.\",\"breadcrumb\":{\"@id\":\"https:\\\/\\\/vitablanca.ma\\\/produit\\\/nubiance-hrb-3-soin-correcteur-dhyperpigmentation-formule-nuit-50ml\\\/#breadcrumb\"},\"inLanguage\":\"ar\",\"potentialAction\":[{\"@type\":\"ReadAction\",\"target\":[\"https:\\\/\\\/vitablanca.ma\\\/produit\\\/nubiance-hrb-3-soin-correcteur-dhyperpigmentation-formule-nuit-50ml\\\/\"]}]},{\"@type\":\"ImageObject\",\"inLanguage\":\"ar\",\"@id\":\"https:\\\/\\\/vitablanca.ma\\\/produit\\\/nubiance-hrb-3-soin-correcteur-dhyperpigmentation-formule-nuit-50ml\\\/#primaryimage\",\"url\":\"https:\\\/\\\/vitablanca.ma\\\/wp-content\\\/uploads\\\/2025\\\/06\\\/Nubiance-HRB-3-Soin-Correcteur-d_Hyperpigmentation-Formule-Nuit-SPF30-50ml-nova-parapharmacie-maroc.jpg\",\"contentUrl\":\"https:\\\/\\\/vitablanca.ma\\\/wp-content\\\/uploads\\\/2025\\\/06\\\/Nubiance-HRB-3-Soin-Correcteur-d_Hyperpigmentation-Formule-Nuit-SPF30-50ml-nova-parapharmacie-maroc.jpg\",\"width\":1000,\"height\":1000},{\"@type\":\"BreadcrumbList\",\"@id\":\"https:\\\/\\\/vitablanca.ma\\\/produit\\\/nubiance-hrb-3-soin-correcteur-dhyperpigmentation-formule-nuit-50ml\\\/#breadcrumb\",\"itemListElement\":[{\"@type\":\"ListItem\",\"position\":1,\"name\":\"Home\",\"item\":\"https:\\\/\\\/vitablanca.ma\\\/\"},{\"@type\":\"ListItem\",\"position\":2,\"name\":\"Tous Les Produits\",\"item\":\"https:\\\/\\\/vitablanca.ma\\\/tous-les-produits\\\/\"},{\"@type\":\"ListItem\",\"position\":3,\"name\":\"Nubiance HRB-3 Soin Correcteur d&#8217;Hyperpigmentation Formule nuit 50ml\"}]},{\"@type\":\"WebSite\",\"@id\":\"https:\\\/\\\/vitablanca.ma\\\/#website\",\"url\":\"https:\\\/\\\/vitablanca.ma\\\/\",\"name\":\"VitaBlanca.ma | Compl\u00e9ments alimentaires, sant\u00e9 & beaut\u00e9 au Maroc\",\"description\":\"vendre vitamines et compl\u00e9ments premium des USA &amp; Canada, Nouvelle Z\u00e9lande,Maroc (NOW Foods, Solgar, Manuka). Livraison rapide partout au Maroc.\",\"publisher\":{\"@id\":\"https:\\\/\\\/vitablanca.ma\\\/#organization\"},\"alternateName\":\"VitaBlanca.ma\",\"potentialAction\":[{\"@type\":\"SearchAction\",\"target\":{\"@type\":\"EntryPoint\",\"urlTemplate\":\"https:\\\/\\\/vitablanca.ma\\\/?s={search_term_string}\"},\"query-input\":{\"@type\":\"PropertyValueSpecification\",\"valueRequired\":true,\"valueName\":\"search_term_string\"}}],\"inLanguage\":\"ar\"},{\"@type\":\"Organization\",\"@id\":\"https:\\\/\\\/vitablanca.ma\\\/#organization\",\"name\":\"VitaBlanca\",\"url\":\"https:\\\/\\\/vitablanca.ma\\\/\",\"logo\":{\"@type\":\"ImageObject\",\"inLanguage\":\"ar\",\"@id\":\"https:\\\/\\\/vitablanca.ma\\\/#\\\/schema\\\/logo\\\/image\\\/\",\"url\":\"https:\\\/\\\/vitablanca.ma\\\/wp-content\\\/uploads\\\/2025\\\/05\\\/cropped-vitablanca.png\",\"contentUrl\":\"https:\\\/\\\/vitablanca.ma\\\/wp-content\\\/uploads\\\/2025\\\/05\\\/cropped-vitablanca.png\",\"width\":360,\"height\":67,\"caption\":\"VitaBlanca\"},\"image\":{\"@id\":\"https:\\\/\\\/vitablanca.ma\\\/#\\\/schema\\\/logo\\\/image\\\/\"},\"sameAs\":[\"https:\\\/\\\/www.facebook.com\\\/profile.php?id=61576678196717\",\"https:\\\/\\\/www.tiktok.com\\\/@vitablanca.ma\",\"https:\\\/\\\/www.instagram.com\\\/vitablanca.ma\\\/\"]}]}<\/script>\n<!-- \/ Yoast SEO plugin. -->","yoast_head_json":{"title":"Nubiance HRB-3 Soin Correcteur 50ml - Maroc Prix","description":"Soin de nuit Nubiance HRB-3 50ml, corrige l\u2019hyperpigmentation, unifie le teint et favorise une peau lumineuse et homog\u00e8ne au r\u00e9veil.","robots":{"index":"index","follow":"follow","max-snippet":"max-snippet:-1","max-image-preview":"max-image-preview:large","max-video-preview":"max-video-preview:-1"},"canonical":"https:\/\/vitablanca.ma\/ar\/product-2\/nubiance-hrb-3-soin-correcteur-dhyperpigmentation-formule-nuit-50ml\/","og_locale":"ar_AR","og_type":"article","og_title":"Nubiance HRB-3 Soin Correcteur 50ml - Maroc Prix","og_description":"Soin de nuit Nubiance HRB-3 50ml, corrige l\u2019hyperpigmentation, unifie le teint et favorise une peau lumineuse et homog\u00e8ne au r\u00e9veil.","og_url":"https:\/\/vitablanca.ma\/ar\/product-2\/nubiance-hrb-3-soin-correcteur-dhyperpigmentation-formule-nuit-50ml\/","og_site_name":"Vitablanca.ma &ndash; Sant&eacute;, vitalit&eacute; et bien-&ecirc;tre pour tous les Marocains","article_publisher":"https:\/\/www.facebook.com\/profile.php?id=61576678196717","article_modified_time":"2026-02-16T01:34:35+00:00","og_image":[{"width":1000,"height":1000,"url":"https:\/\/vitablanca.ma\/wp-content\/uploads\/2025\/06\/Nubiance-HRB-3-Soin-Correcteur-d_Hyperpigmentation-Formule-Nuit-SPF30-50ml-nova-parapharmacie-maroc.jpg","type":"image\/jpeg"}],"twitter_card":"summary_large_image","twitter_misc":{"\u0648\u0642\u062a \u0627\u0644\u0642\u0631\u0627\u0621\u0629 \u0627\u0644\u0645\u064f\u0642\u062f\u0651\u0631":"3 \u062f\u0642\u0627\u0626\u0642"},"schema":{"@context":"https:\/\/schema.org","@graph":[{"@type":["WebPage","ItemPage"],"@id":"https:\/\/vitablanca.ma\/produit\/nubiance-hrb-3-soin-correcteur-dhyperpigmentation-formule-nuit-50ml\/","url":"https:\/\/vitablanca.ma\/produit\/nubiance-hrb-3-soin-correcteur-dhyperpigmentation-formule-nuit-50ml\/","name":"Nubiance HRB-3 Soin Correcteur 50ml - Maroc Prix","isPartOf":{"@id":"https:\/\/vitablanca.ma\/#website"},"primaryImageOfPage":{"@id":"https:\/\/vitablanca.ma\/produit\/nubiance-hrb-3-soin-correcteur-dhyperpigmentation-formule-nuit-50ml\/#primaryimage"},"image":{"@id":"https:\/\/vitablanca.ma\/produit\/nubiance-hrb-3-soin-correcteur-dhyperpigmentation-formule-nuit-50ml\/#primaryimage"},"thumbnailUrl":"https:\/\/vitablanca.ma\/wp-content\/uploads\/2025\/06\/Nubiance-HRB-3-Soin-Correcteur-d_Hyperpigmentation-Formule-Nuit-SPF30-50ml-nova-parapharmacie-maroc.jpg","datePublished":"2025-06-11T21:14:18+00:00","dateModified":"2026-02-16T01:34:35+00:00","description":"Soin de nuit Nubiance HRB-3 50ml, corrige l\u2019hyperpigmentation, unifie le teint et favorise une peau lumineuse et homog\u00e8ne au r\u00e9veil.","breadcrumb":{"@id":"https:\/\/vitablanca.ma\/produit\/nubiance-hrb-3-soin-correcteur-dhyperpigmentation-formule-nuit-50ml\/#breadcrumb"},"inLanguage":"ar","potentialAction":[{"@type":"ReadAction","target":["https:\/\/vitablanca.ma\/produit\/nubiance-hrb-3-soin-correcteur-dhyperpigmentation-formule-nuit-50ml\/"]}]},{"@type":"ImageObject","inLanguage":"ar","@id":"https:\/\/vitablanca.ma\/produit\/nubiance-hrb-3-soin-correcteur-dhyperpigmentation-formule-nuit-50ml\/#primaryimage","url":"https:\/\/vitablanca.ma\/wp-content\/uploads\/2025\/06\/Nubiance-HRB-3-Soin-Correcteur-d_Hyperpigmentation-Formule-Nuit-SPF30-50ml-nova-parapharmacie-maroc.jpg","contentUrl":"https:\/\/vitablanca.ma\/wp-content\/uploads\/2025\/06\/Nubiance-HRB-3-Soin-Correcteur-d_Hyperpigmentation-Formule-Nuit-SPF30-50ml-nova-parapharmacie-maroc.jpg","width":1000,"height":1000},{"@type":"BreadcrumbList","@id":"https:\/\/vitablanca.ma\/produit\/nubiance-hrb-3-soin-correcteur-dhyperpigmentation-formule-nuit-50ml\/#breadcrumb","itemListElement":[{"@type":"ListItem","position":1,"name":"Home","item":"https:\/\/vitablanca.ma\/"},{"@type":"ListItem","position":2,"name":"Tous Les Produits","item":"https:\/\/vitablanca.ma\/tous-les-produits\/"},{"@type":"ListItem","position":3,"name":"Nubiance HRB-3 Soin Correcteur d&#8217;Hyperpigmentation Formule nuit 50ml"}]},{"@type":"WebSite","@id":"https:\/\/vitablanca.ma\/#website","url":"https:\/\/vitablanca.ma\/","name":"VitaBlanca.ma | \u0627\u0644\u0645\u0643\u0645\u0644\u0627\u062a \u0627\u0644\u063a\u0630\u0627\u0626\u064a\u0629\u060c \u0627\u0644\u0635\u062d\u0629 \u0648\u0627\u0644\u062c\u0645\u0627\u0644 \u0641\u064a \u0627\u0644\u0645\u063a\u0631\u0628","description":"\u0646\u0628\u064a\u0639 \u0641\u064a\u062a\u0627\u0645\u064a\u0646\u0627\u062a \u0648\u0645\u0643\u0645\u0644\u0627\u062a \u063a\u0630\u0627\u0626\u064a\u0629 \u0641\u0627\u062e\u0631\u0629 \u0645\u0646 \u0627\u0644\u0648\u0644\u0627\u064a\u0627\u062a \u0627\u0644\u0645\u062a\u062d\u062f\u0629 \u0627\u0644\u0623\u0645\u0631\u064a\u0643\u064a\u0629 \u0648\u0643\u0646\u062f\u0627 \u0648\u0646\u064a\u0648\u0632\u064a\u0644\u0646\u062f\u0627 \u0648\u0627\u0644\u0645\u063a\u0631\u0628 (\u0646\u0627\u0648 \u0641\u0648\u062f\u0632\u060c \u0633\u0648\u0644\u062c\u0627\u0631\u060c \u0645\u0627\u0646\u0648\u0643\u0627). \u062a\u0648\u0635\u064a\u0644 \u0633\u0631\u064a\u0639 \u0625\u0644\u0649 \u062c\u0645\u064a\u0639 \u0623\u0646\u062d\u0627\u0621 \u0627\u0644\u0645\u063a\u0631\u0628.","publisher":{"@id":"https:\/\/vitablanca.ma\/#organization"},"alternateName":"VitaBlanca.ma","potentialAction":[{"@type":"SearchAction","target":{"@type":"EntryPoint","urlTemplate":"https:\/\/vitablanca.ma\/?s={search_term_string}"},"query-input":{"@type":"PropertyValueSpecification","valueRequired":true,"valueName":"search_term_string"}}],"inLanguage":"ar"},{"@type":"Organization","@id":"https:\/\/vitablanca.ma\/#organization","name":"\u0641\u064a\u062a\u0627\u0628\u0644\u0627\u0646\u0643\u0627","url":"https:\/\/vitablanca.ma\/","logo":{"@type":"ImageObject","inLanguage":"ar","@id":"https:\/\/vitablanca.ma\/#\/schema\/logo\/image\/","url":"https:\/\/vitablanca.ma\/wp-content\/uploads\/2025\/05\/cropped-vitablanca.png","contentUrl":"https:\/\/vitablanca.ma\/wp-content\/uploads\/2025\/05\/cropped-vitablanca.png","width":360,"height":67,"caption":"VitaBlanca"},"image":{"@id":"https:\/\/vitablanca.ma\/#\/schema\/logo\/image\/"},"sameAs":["https:\/\/www.facebook.com\/profile.php?id=61576678196717","https:\/\/www.tiktok.com\/@vitablanca.ma","https:\/\/www.instagram.com\/vitablanca.ma\/"]}]}},"jetpack_sharing_enabled":true,"_links":{"self":[{"href":"https:\/\/vitablanca.ma\/ar\/wp-json\/wp\/v2\/product\/21214","targetHints":{"allow":["GET"]}}],"collection":[{"href":"https:\/\/vitablanca.ma\/ar\/wp-json\/wp\/v2\/product"}],"about":[{"href":"https:\/\/vitablanca.ma\/ar\/wp-json\/wp\/v2\/types\/product"}],"wp:featuredmedia":[{"embeddable":true,"href":"https:\/\/vitablanca.ma\/ar\/wp-json\/wp\/v2\/media\/21213"}],"wp:attachment":[{"href":"https:\/\/vitablanca.ma\/ar\/wp-json\/wp\/v2\/media?parent=21214"}],"wp:term":[{"taxonomy":"product_brand","embeddable":true,"href":"https:\/\/vitablanca.ma\/ar\/wp-json\/wp\/v2\/product_brand?post=21214"},{"taxonomy":"product_cat","embeddable":true,"href":"https:\/\/vitablanca.ma\/ar\/wp-json\/wp\/v2\/product_cat?post=21214"},{"taxonomy":"product_tag","embeddable":true,"href":"https:\/\/vitablanca.ma\/ar\/wp-json\/wp\/v2\/product_tag?post=21214"}],"curies":[{"name":"wp","href":"https:\/\/api.w.org\/{rel}","templated":true}]}}