{"id":21202,"date":"2025-06-11T21:13:44","date_gmt":"2025-06-11T21:13:44","guid":{"rendered":"https:\/\/vitablanca.ma\/product\/novexpert-le-serum-lifting-instantane-a-lacide-hyaluronique-30ml\/"},"modified":"2026-02-16T01:46:46","modified_gmt":"2026-02-16T01:46:46","slug":"novexpert-le-serum-lifting-instantane-a-lacide-hyaluronique-30ml","status":"publish","type":"product","link":"https:\/\/vitablanca.ma\/ar\/product-2\/novexpert-le-serum-lifting-instantane-a-lacide-hyaluronique-30ml\/","title":{"rendered":"Novexpert Le S\u00e9rum Lifting Instantan\u00e9 \u00e0 l&rsquo;Acide Hyaluronique 30ml"},"content":{"rendered":"<h2>Novexpert Le S\u00e9rum Lifting Instantan\u00e9 \u00e0 l&rsquo;Acide Hyaluronique. La mise en beaut\u00e9 express.<\/h2>\n<p>Un S\u00e9rum \u00e9tonnant : En\u00a0<strong>5 minutes chrono des\u00a0traits liss\u00e9s<\/strong>\u00a0\u0648\u0641\u064a\u00a0<strong>14 jours un \u00e9clat du teint visible<\/strong>\u00a0avec une formule sur-concentr\u00e9e en actifs anti-\u00e2ge pour le long terme. Une propri\u00e9t\u00e9 confirm\u00e9e par les maquilleuses professionnelles\u00a0qui l&rsquo;ont adopt\u00e9 sur les plateaux de tournage.<br \/>\n\u062c\u0645\u064a\u0639 \u0623\u0646\u0648\u0627\u0639 \u0627\u0644\u0628\u0634\u0631\u0629.<br \/>\n30\u0645\u0644.<\/p>\n<div class=\"grid__cell 2\/3--lap-and-up\">\n<div class=\"product__history-description rte\">\n<p><strong>De la contrainte na\u00eet la cr\u00e9ativit\u00e9&#8230;\u00a0<\/strong>L\u2019ambition d\u00e9clar\u00e9e de ce produit \u00e9tait immense : une formule 100% d\u2019origine naturelle \u00e0 l\u2019effet liftant visible mais sans utiliser l\u2019alcool polyvinique, actif synth\u00e9tique habituellement utilis\u00e9.<\/p>\n<p><strong>Pari r\u00e9ussi, contre toute attente !\u00a0<\/strong>Les premiers essais ont tout de suite d\u00e9montr\u00e9 un effet tenseur \u00e9tonnant : la peau \u00e9tait visiblement liss\u00e9e.<\/p>\n<p><strong>\u00a0\u0633\u0631\u0647\u061f<\/strong>\u00a0Ce S\u00e9rum poss\u00e8de une qualit\u00e9 technique \u00e9tonnante : il lisse en surface gr\u00e2ce au gel d\u2019acacia et de baobab et repulpe en profondeur avec l\u2019Acide Hyaluronique.<\/p>\n<div class=\"grid__cell 1\/2--lap-and-up\">\n<h3 class=\"product__usage-title --color --border\">\u0637\u0644\u0628<\/h3>\n<div class=\"rte\">\n<p><strong>Appliquez sur le visage par petites touches<\/strong>\u00a0en partant de la ligne m\u00e9diane et en remontant vers les tempes. Une petite quantit\u00e9 de produit est suffisante. Ne pas attendre entre l\u2019application du S\u00e9rum Lifting Instantan\u00e9 et votre cr\u00e8me. Laissez p\u00e9n\u00e9trer<strong>\u00a05 minutes<\/strong>\u00a0entre l\u2019application du S\u00e9rum Lifting et votre maquillage.<br \/>\n\u062a\u0631\u062f\u062f \u0627\u0644\u0627\u0633\u062a\u062e\u062f\u0627\u0645: \u0635\u0628\u0627\u062d\u064b\u0627 \u0648\/\u0623\u0648 \u0645\u0633\u0627\u0621\u064b.<\/p>\n<\/div>\n<\/div>\n<div class=\"grid__cell 1\/2--lap-and-up\">\n<div class=\"rte\">\n<p><strong>Ce soin peut aussi s&rsquo;appliquer de fa\u00e7on cibl\u00e9e :<\/strong>\u00a0rides du contour des l\u00e8vres, sillon naso-g\u00e9nien. Ou de fa\u00e7on ponctuelle : avant une soir\u00e9e, en cas de d\u00e9calage horaire, le matin apr\u00e8s une nuit trop courte, pour sublimer un maquillage.<\/p>\n<\/div>\n<\/div>\n<\/div>\n<\/div>","protected":false},"excerpt":{"rendered":"<p>Novexpert Le S\u00e9rum Lifting Instantan\u00e9 \u00e0 l&rsquo;Acide Hyaluronique. La mise en beaut\u00e9 express. Un S\u00e9rum \u00e9tonnant : En\u00a05 minutes chrono des\u00a0traits liss\u00e9s\u00a0et en\u00a014 jours un \u00e9clat du teint visible\u00a0avec une formule sur-concentr\u00e9e en actifs anti-\u00e2ge pour le long terme. Une propri\u00e9t\u00e9 confirm\u00e9e par les maquilleuses professionnelles\u00a0qui l&rsquo;ont adopt\u00e9 sur les plateaux de tournage. Tous types [&hellip;]<\/p>\n","protected":false},"featured_media":21201,"template":"","meta":{"om_disable_all_campaigns":false},"product_brand":[],"product_cat":[15],"product_tag":[6322,9207,6163,7421,9206,8265,9204,6660,7418,5863],"class_list":{"0":"post-21202","1":"product","2":"type-product","3":"status-publish","4":"has-post-thumbnail","6":"product_cat-beaute-sante-complements-alimentaires-soins-et-bien-etre-au-meilleur-prix","7":"product_tag-acide-hyaluronique","8":"product_tag-effet-jeunesse","9":"product_tag-hydratation-intense","10":"product_tag-lissage-rides","11":"product_tag-novexpert-serum-lifting","12":"product_tag-peau-ferme","13":"product_tag-repulper-la-peau","14":"product_tag-routine-beaute","15":"product_tag-soin-anti-age","16":"product_tag-soin-visage","18":"first","19":"instock","20":"sale","21":"taxable","22":"shipping-taxable","23":"purchasable","24":"product-type-simple"},"yoast_head":"<!-- This site is optimized with the Yoast SEO plugin v27.4 - https:\/\/yoast.com\/product\/yoast-seo-wordpress\/ -->\n<title>Novexpert Le S\u00e9rum Lifting Instantan\u00e9 \u00e0 l&#039;Acide 30ml - Maroc Prix<\/title>\n<meta name=\"description\" content=\"S\u00e9rum Novexpert Lifting Instantan\u00e9 30ml \u00e0 l\u2019acide hyaluronique, repulpe la peau, lisse les rides et offre un effet jeunesse imm\u00e9diat.\" \/>\n<meta name=\"robots\" content=\"index, follow, max-snippet:-1, max-image-preview:large, max-video-preview:-1\" \/>\n<link rel=\"canonical\" href=\"https:\/\/vitablanca.ma\/ar\/product-2\/novexpert-le-serum-lifting-instantane-a-lacide-hyaluronique-30ml\/\" \/>\n<meta property=\"og:locale\" content=\"ar_AR\" \/>\n<meta property=\"og:type\" content=\"article\" \/>\n<meta property=\"og:title\" content=\"Novexpert Le S\u00e9rum Lifting Instantan\u00e9 \u00e0 l&#039;Acide 30ml - Maroc Prix\" \/>\n<meta property=\"og:description\" content=\"S\u00e9rum Novexpert Lifting Instantan\u00e9 30ml \u00e0 l\u2019acide hyaluronique, repulpe la peau, lisse les rides et offre un effet jeunesse imm\u00e9diat.\" \/>\n<meta property=\"og:url\" content=\"https:\/\/vitablanca.ma\/ar\/product-2\/novexpert-le-serum-lifting-instantane-a-lacide-hyaluronique-30ml\/\" \/>\n<meta property=\"og:site_name\" content=\"Vitablanca.ma &ndash; Sant&eacute;, vitalit&eacute; et bien-&ecirc;tre pour tous les Marocains\" \/>\n<meta property=\"article:publisher\" content=\"https:\/\/www.facebook.com\/profile.php?id=61576678196717\" \/>\n<meta property=\"article:modified_time\" content=\"2026-02-16T01:46:46+00:00\" \/>\n<meta property=\"og:image\" content=\"https:\/\/vitablanca.ma\/wp-content\/uploads\/2025\/06\/Novexpert-Le-Serum-Lifting-Instantane-a-l_Acide-Hyaluronique-30ml-nova-parapharmacie-casablanca.jpg\" \/>\n\t<meta property=\"og:image:width\" content=\"1000\" \/>\n\t<meta property=\"og:image:height\" content=\"1000\" \/>\n\t<meta property=\"og:image:type\" content=\"image\/jpeg\" \/>\n<meta name=\"twitter:card\" content=\"summary_large_image\" \/>\n<meta name=\"twitter:label1\" content=\"\u0648\u0642\u062a \u0627\u0644\u0642\u0631\u0627\u0621\u0629 \u0627\u0644\u0645\u064f\u0642\u062f\u0651\u0631\" \/>\n\t<meta name=\"twitter:data1\" content=\"\u062f\u0642\u064a\u0642\u062a\u0627\u0646\" \/>\n<script type=\"application\/ld+json\" class=\"yoast-schema-graph\">{\"@context\":\"https:\\\/\\\/schema.org\",\"@graph\":[{\"@type\":[\"WebPage\",\"ItemPage\"],\"@id\":\"https:\\\/\\\/vitablanca.ma\\\/produit\\\/novexpert-le-serum-lifting-instantane-a-lacide-hyaluronique-30ml\\\/\",\"url\":\"https:\\\/\\\/vitablanca.ma\\\/produit\\\/novexpert-le-serum-lifting-instantane-a-lacide-hyaluronique-30ml\\\/\",\"name\":\"Novexpert Le S\u00e9rum Lifting Instantan\u00e9 \u00e0 l'Acide 30ml - Maroc Prix\",\"isPartOf\":{\"@id\":\"https:\\\/\\\/vitablanca.ma\\\/#website\"},\"primaryImageOfPage\":{\"@id\":\"https:\\\/\\\/vitablanca.ma\\\/produit\\\/novexpert-le-serum-lifting-instantane-a-lacide-hyaluronique-30ml\\\/#primaryimage\"},\"image\":{\"@id\":\"https:\\\/\\\/vitablanca.ma\\\/produit\\\/novexpert-le-serum-lifting-instantane-a-lacide-hyaluronique-30ml\\\/#primaryimage\"},\"thumbnailUrl\":\"https:\\\/\\\/vitablanca.ma\\\/wp-content\\\/uploads\\\/2025\\\/06\\\/Novexpert-Le-Serum-Lifting-Instantane-a-l_Acide-Hyaluronique-30ml-nova-parapharmacie-casablanca.jpg\",\"datePublished\":\"2025-06-11T21:13:44+00:00\",\"dateModified\":\"2026-02-16T01:46:46+00:00\",\"description\":\"S\u00e9rum Novexpert Lifting Instantan\u00e9 30ml \u00e0 l\u2019acide hyaluronique, repulpe la peau, lisse les rides et offre un effet jeunesse imm\u00e9diat.\",\"breadcrumb\":{\"@id\":\"https:\\\/\\\/vitablanca.ma\\\/produit\\\/novexpert-le-serum-lifting-instantane-a-lacide-hyaluronique-30ml\\\/#breadcrumb\"},\"inLanguage\":\"ar\",\"potentialAction\":[{\"@type\":\"ReadAction\",\"target\":[\"https:\\\/\\\/vitablanca.ma\\\/produit\\\/novexpert-le-serum-lifting-instantane-a-lacide-hyaluronique-30ml\\\/\"]}]},{\"@type\":\"ImageObject\",\"inLanguage\":\"ar\",\"@id\":\"https:\\\/\\\/vitablanca.ma\\\/produit\\\/novexpert-le-serum-lifting-instantane-a-lacide-hyaluronique-30ml\\\/#primaryimage\",\"url\":\"https:\\\/\\\/vitablanca.ma\\\/wp-content\\\/uploads\\\/2025\\\/06\\\/Novexpert-Le-Serum-Lifting-Instantane-a-l_Acide-Hyaluronique-30ml-nova-parapharmacie-casablanca.jpg\",\"contentUrl\":\"https:\\\/\\\/vitablanca.ma\\\/wp-content\\\/uploads\\\/2025\\\/06\\\/Novexpert-Le-Serum-Lifting-Instantane-a-l_Acide-Hyaluronique-30ml-nova-parapharmacie-casablanca.jpg\",\"width\":1000,\"height\":1000},{\"@type\":\"BreadcrumbList\",\"@id\":\"https:\\\/\\\/vitablanca.ma\\\/produit\\\/novexpert-le-serum-lifting-instantane-a-lacide-hyaluronique-30ml\\\/#breadcrumb\",\"itemListElement\":[{\"@type\":\"ListItem\",\"position\":1,\"name\":\"Home\",\"item\":\"https:\\\/\\\/vitablanca.ma\\\/\"},{\"@type\":\"ListItem\",\"position\":2,\"name\":\"Tous Les Produits\",\"item\":\"https:\\\/\\\/vitablanca.ma\\\/tous-les-produits\\\/\"},{\"@type\":\"ListItem\",\"position\":3,\"name\":\"Novexpert Le S\u00e9rum Lifting Instantan\u00e9 \u00e0 l&#8217;Acide Hyaluronique 30ml\"}]},{\"@type\":\"WebSite\",\"@id\":\"https:\\\/\\\/vitablanca.ma\\\/#website\",\"url\":\"https:\\\/\\\/vitablanca.ma\\\/\",\"name\":\"VitaBlanca.ma | Compl\u00e9ments alimentaires, sant\u00e9 & beaut\u00e9 au Maroc\",\"description\":\"vendre vitamines et compl\u00e9ments premium des USA &amp; Canada, Nouvelle Z\u00e9lande,Maroc (NOW Foods, Solgar, Manuka). Livraison rapide partout au Maroc.\",\"publisher\":{\"@id\":\"https:\\\/\\\/vitablanca.ma\\\/#organization\"},\"alternateName\":\"VitaBlanca.ma\",\"potentialAction\":[{\"@type\":\"SearchAction\",\"target\":{\"@type\":\"EntryPoint\",\"urlTemplate\":\"https:\\\/\\\/vitablanca.ma\\\/?s={search_term_string}\"},\"query-input\":{\"@type\":\"PropertyValueSpecification\",\"valueRequired\":true,\"valueName\":\"search_term_string\"}}],\"inLanguage\":\"ar\"},{\"@type\":\"Organization\",\"@id\":\"https:\\\/\\\/vitablanca.ma\\\/#organization\",\"name\":\"VitaBlanca\",\"url\":\"https:\\\/\\\/vitablanca.ma\\\/\",\"logo\":{\"@type\":\"ImageObject\",\"inLanguage\":\"ar\",\"@id\":\"https:\\\/\\\/vitablanca.ma\\\/#\\\/schema\\\/logo\\\/image\\\/\",\"url\":\"https:\\\/\\\/vitablanca.ma\\\/wp-content\\\/uploads\\\/2025\\\/05\\\/cropped-vitablanca.png\",\"contentUrl\":\"https:\\\/\\\/vitablanca.ma\\\/wp-content\\\/uploads\\\/2025\\\/05\\\/cropped-vitablanca.png\",\"width\":360,\"height\":67,\"caption\":\"VitaBlanca\"},\"image\":{\"@id\":\"https:\\\/\\\/vitablanca.ma\\\/#\\\/schema\\\/logo\\\/image\\\/\"},\"sameAs\":[\"https:\\\/\\\/www.facebook.com\\\/profile.php?id=61576678196717\",\"https:\\\/\\\/www.tiktok.com\\\/@vitablanca.ma\",\"https:\\\/\\\/www.instagram.com\\\/vitablanca.ma\\\/\"]}]}<\/script>\n<!-- \/ Yoast SEO plugin. -->","yoast_head_json":{"title":"Novexpert Le S\u00e9rum Lifting Instantan\u00e9 \u00e0 l'Acide 30ml - Maroc Prix","description":"S\u00e9rum Novexpert Lifting Instantan\u00e9 30ml \u00e0 l\u2019acide hyaluronique, repulpe la peau, lisse les rides et offre un effet jeunesse imm\u00e9diat.","robots":{"index":"index","follow":"follow","max-snippet":"max-snippet:-1","max-image-preview":"max-image-preview:large","max-video-preview":"max-video-preview:-1"},"canonical":"https:\/\/vitablanca.ma\/ar\/product-2\/novexpert-le-serum-lifting-instantane-a-lacide-hyaluronique-30ml\/","og_locale":"ar_AR","og_type":"article","og_title":"Novexpert Le S\u00e9rum Lifting Instantan\u00e9 \u00e0 l'Acide 30ml - Maroc Prix","og_description":"S\u00e9rum Novexpert Lifting Instantan\u00e9 30ml \u00e0 l\u2019acide hyaluronique, repulpe la peau, lisse les rides et offre un effet jeunesse imm\u00e9diat.","og_url":"https:\/\/vitablanca.ma\/ar\/product-2\/novexpert-le-serum-lifting-instantane-a-lacide-hyaluronique-30ml\/","og_site_name":"Vitablanca.ma &ndash; Sant&eacute;, vitalit&eacute; et bien-&ecirc;tre pour tous les Marocains","article_publisher":"https:\/\/www.facebook.com\/profile.php?id=61576678196717","article_modified_time":"2026-02-16T01:46:46+00:00","og_image":[{"width":1000,"height":1000,"url":"https:\/\/vitablanca.ma\/wp-content\/uploads\/2025\/06\/Novexpert-Le-Serum-Lifting-Instantane-a-l_Acide-Hyaluronique-30ml-nova-parapharmacie-casablanca.jpg","type":"image\/jpeg"}],"twitter_card":"summary_large_image","twitter_misc":{"\u0648\u0642\u062a \u0627\u0644\u0642\u0631\u0627\u0621\u0629 \u0627\u0644\u0645\u064f\u0642\u062f\u0651\u0631":"\u062f\u0642\u064a\u0642\u062a\u0627\u0646"},"schema":{"@context":"https:\/\/schema.org","@graph":[{"@type":["WebPage","ItemPage"],"@id":"https:\/\/vitablanca.ma\/produit\/novexpert-le-serum-lifting-instantane-a-lacide-hyaluronique-30ml\/","url":"https:\/\/vitablanca.ma\/produit\/novexpert-le-serum-lifting-instantane-a-lacide-hyaluronique-30ml\/","name":"Novexpert Le S\u00e9rum Lifting Instantan\u00e9 \u00e0 l'Acide 30ml - Maroc Prix","isPartOf":{"@id":"https:\/\/vitablanca.ma\/#website"},"primaryImageOfPage":{"@id":"https:\/\/vitablanca.ma\/produit\/novexpert-le-serum-lifting-instantane-a-lacide-hyaluronique-30ml\/#primaryimage"},"image":{"@id":"https:\/\/vitablanca.ma\/produit\/novexpert-le-serum-lifting-instantane-a-lacide-hyaluronique-30ml\/#primaryimage"},"thumbnailUrl":"https:\/\/vitablanca.ma\/wp-content\/uploads\/2025\/06\/Novexpert-Le-Serum-Lifting-Instantane-a-l_Acide-Hyaluronique-30ml-nova-parapharmacie-casablanca.jpg","datePublished":"2025-06-11T21:13:44+00:00","dateModified":"2026-02-16T01:46:46+00:00","description":"S\u00e9rum Novexpert Lifting Instantan\u00e9 30ml \u00e0 l\u2019acide hyaluronique, repulpe la peau, lisse les rides et offre un effet jeunesse imm\u00e9diat.","breadcrumb":{"@id":"https:\/\/vitablanca.ma\/produit\/novexpert-le-serum-lifting-instantane-a-lacide-hyaluronique-30ml\/#breadcrumb"},"inLanguage":"ar","potentialAction":[{"@type":"ReadAction","target":["https:\/\/vitablanca.ma\/produit\/novexpert-le-serum-lifting-instantane-a-lacide-hyaluronique-30ml\/"]}]},{"@type":"ImageObject","inLanguage":"ar","@id":"https:\/\/vitablanca.ma\/produit\/novexpert-le-serum-lifting-instantane-a-lacide-hyaluronique-30ml\/#primaryimage","url":"https:\/\/vitablanca.ma\/wp-content\/uploads\/2025\/06\/Novexpert-Le-Serum-Lifting-Instantane-a-l_Acide-Hyaluronique-30ml-nova-parapharmacie-casablanca.jpg","contentUrl":"https:\/\/vitablanca.ma\/wp-content\/uploads\/2025\/06\/Novexpert-Le-Serum-Lifting-Instantane-a-l_Acide-Hyaluronique-30ml-nova-parapharmacie-casablanca.jpg","width":1000,"height":1000},{"@type":"BreadcrumbList","@id":"https:\/\/vitablanca.ma\/produit\/novexpert-le-serum-lifting-instantane-a-lacide-hyaluronique-30ml\/#breadcrumb","itemListElement":[{"@type":"ListItem","position":1,"name":"Home","item":"https:\/\/vitablanca.ma\/"},{"@type":"ListItem","position":2,"name":"Tous Les Produits","item":"https:\/\/vitablanca.ma\/tous-les-produits\/"},{"@type":"ListItem","position":3,"name":"Novexpert Le S\u00e9rum Lifting Instantan\u00e9 \u00e0 l&#8217;Acide Hyaluronique 30ml"}]},{"@type":"WebSite","@id":"https:\/\/vitablanca.ma\/#website","url":"https:\/\/vitablanca.ma\/","name":"VitaBlanca.ma | \u0627\u0644\u0645\u0643\u0645\u0644\u0627\u062a \u0627\u0644\u063a\u0630\u0627\u0626\u064a\u0629\u060c \u0627\u0644\u0635\u062d\u0629 \u0648\u0627\u0644\u062c\u0645\u0627\u0644 \u0641\u064a \u0627\u0644\u0645\u063a\u0631\u0628","description":"\u0646\u0628\u064a\u0639 \u0641\u064a\u062a\u0627\u0645\u064a\u0646\u0627\u062a \u0648\u0645\u0643\u0645\u0644\u0627\u062a \u063a\u0630\u0627\u0626\u064a\u0629 \u0641\u0627\u062e\u0631\u0629 \u0645\u0646 \u0627\u0644\u0648\u0644\u0627\u064a\u0627\u062a \u0627\u0644\u0645\u062a\u062d\u062f\u0629 \u0627\u0644\u0623\u0645\u0631\u064a\u0643\u064a\u0629 \u0648\u0643\u0646\u062f\u0627 \u0648\u0646\u064a\u0648\u0632\u064a\u0644\u0646\u062f\u0627 \u0648\u0627\u0644\u0645\u063a\u0631\u0628 (\u0646\u0627\u0648 \u0641\u0648\u062f\u0632\u060c \u0633\u0648\u0644\u062c\u0627\u0631\u060c \u0645\u0627\u0646\u0648\u0643\u0627). \u062a\u0648\u0635\u064a\u0644 \u0633\u0631\u064a\u0639 \u0625\u0644\u0649 \u062c\u0645\u064a\u0639 \u0623\u0646\u062d\u0627\u0621 \u0627\u0644\u0645\u063a\u0631\u0628.","publisher":{"@id":"https:\/\/vitablanca.ma\/#organization"},"alternateName":"VitaBlanca.ma","potentialAction":[{"@type":"SearchAction","target":{"@type":"EntryPoint","urlTemplate":"https:\/\/vitablanca.ma\/?s={search_term_string}"},"query-input":{"@type":"PropertyValueSpecification","valueRequired":true,"valueName":"search_term_string"}}],"inLanguage":"ar"},{"@type":"Organization","@id":"https:\/\/vitablanca.ma\/#organization","name":"\u0641\u064a\u062a\u0627\u0628\u0644\u0627\u0646\u0643\u0627","url":"https:\/\/vitablanca.ma\/","logo":{"@type":"ImageObject","inLanguage":"ar","@id":"https:\/\/vitablanca.ma\/#\/schema\/logo\/image\/","url":"https:\/\/vitablanca.ma\/wp-content\/uploads\/2025\/05\/cropped-vitablanca.png","contentUrl":"https:\/\/vitablanca.ma\/wp-content\/uploads\/2025\/05\/cropped-vitablanca.png","width":360,"height":67,"caption":"VitaBlanca"},"image":{"@id":"https:\/\/vitablanca.ma\/#\/schema\/logo\/image\/"},"sameAs":["https:\/\/www.facebook.com\/profile.php?id=61576678196717","https:\/\/www.tiktok.com\/@vitablanca.ma","https:\/\/www.instagram.com\/vitablanca.ma\/"]}]}},"jetpack_sharing_enabled":true,"_links":{"self":[{"href":"https:\/\/vitablanca.ma\/ar\/wp-json\/wp\/v2\/product\/21202","targetHints":{"allow":["GET"]}}],"collection":[{"href":"https:\/\/vitablanca.ma\/ar\/wp-json\/wp\/v2\/product"}],"about":[{"href":"https:\/\/vitablanca.ma\/ar\/wp-json\/wp\/v2\/types\/product"}],"wp:featuredmedia":[{"embeddable":true,"href":"https:\/\/vitablanca.ma\/ar\/wp-json\/wp\/v2\/media\/21201"}],"wp:attachment":[{"href":"https:\/\/vitablanca.ma\/ar\/wp-json\/wp\/v2\/media?parent=21202"}],"wp:term":[{"taxonomy":"product_brand","embeddable":true,"href":"https:\/\/vitablanca.ma\/ar\/wp-json\/wp\/v2\/product_brand?post=21202"},{"taxonomy":"product_cat","embeddable":true,"href":"https:\/\/vitablanca.ma\/ar\/wp-json\/wp\/v2\/product_cat?post=21202"},{"taxonomy":"product_tag","embeddable":true,"href":"https:\/\/vitablanca.ma\/ar\/wp-json\/wp\/v2\/product_tag?post=21202"}],"curies":[{"name":"wp","href":"https:\/\/api.w.org\/{rel}","templated":true}]}}