{"id":21194,"date":"2025-06-11T21:13:28","date_gmt":"2025-06-11T21:13:28","guid":{"rendered":"https:\/\/vitablanca.ma\/product\/novexpert-creme-riche-protectrice-40ml\/"},"modified":"2026-02-16T01:53:55","modified_gmt":"2026-02-16T01:53:55","slug":"novexpert-creme-riche-protectrice-40ml","status":"publish","type":"product","link":"https:\/\/vitablanca.ma\/ar\/product-2\/novexpert-creme-riche-protectrice-40ml\/","title":{"rendered":"Novexpert Cr\u00e8me Riche Protectrice 40ml"},"content":{"rendered":"<h2>Novexpert Cr\u00e8me Riche Protectrice 40ml<\/h2>\n<p>Cette cr\u00e8me unique apporte un confort imm\u00e9diat et nourrit durablement la peau, sans laisser de film gras. Une peau visiblement moins s\u00e8che en une seule application !<\/p>\n<p>La\u00a0Cr\u00e8me Riche Protectrice\u00a0contient des actifs inspir\u00e9s du fabuleux Vernix Caseosa, ce fluide qui recouvre la peau des nourrissons \u00e0 la naissance et la prot\u00e8ge des agressions ext\u00e9rieures. Associ\u00e9s non pas \u00e0 1, ni 2 mais aux 5 Om\u00e9gas b\u00e9n\u00e9fiques pour la peau, cette cr\u00e8me unique sur le march\u00e9 cosm\u00e9tique,<\/p>\n<div class=\"content-application\">\n<h3>COMMENT L\u2019UTILISER<\/h3>\n<div class=\"desc\">\n<div class=\"metafield-rich_text_field\">\n<p>Appliquez sur l&rsquo;ensemble du visage et faire p\u00e9n\u00e9trer par massages circulaires ascendants. Une petite quantit\u00e9 de produit est suffisante. Avant le maquillage, laisser p\u00e9n\u00e9trer 5 minutes.<\/p>\n<\/div>\n<\/div>\n<\/div>\n<div class=\"content-frequence\">\n<h3>\u0645\u0639\u062f\u0644 \u0627\u0644\u0627\u0633\u062a\u062e\u062f\u0627\u0645<\/h3>\n<div class=\"desc\">\n<div class=\"metafield-rich_text_field\">\n<p>1 \u0625\u0644\u0649 2 \u0645\u0631\u0627\u062a \u0641\u064a \u0627\u0644\u064a\u0648\u0645 (\u0635\u0628\u0627\u062d\u064b\u0627 \u0648\/\u0623\u0648 \u0645\u0633\u0627\u0621\u064b).<\/p>\n<\/div>\n<\/div>\n<\/div>\n<div class=\"content-conseil\">\n<h3>LE CONSEIL DES EXPERTS<\/h3>\n<div class=\"desc\">\n<div class=\"metafield-rich_text_field\">\n<p>Pour une texture plus riche, pr\u00e9f\u00e9rez La Cr\u00e8me Extra-Riche R\u00e9paratrice.<\/p>\n<p style=\"text-align: center;\">D\u00e9couvrez Novexpert Cr\u00e8me Riche Protectrice\u00a0, un produit soigneusement s\u00e9lectionn\u00e9 pour r\u00e9pondre \u00e0 vos besoins sp\u00e9cifiques, et vivez une exp\u00e9rience d&rsquo;achat exceptionnelle sur notre site,\u00a0<strong>Vita Blanca Parapharmacie Maroc<\/strong><\/p>\n<\/div>\n<\/div>\n<\/div>","protected":false},"excerpt":{"rendered":"<p>Novexpert Cr\u00e8me Riche Protectrice 40ml Cette cr\u00e8me unique apporte un confort imm\u00e9diat et nourrit durablement la peau, sans laisser de film gras. Une peau visiblement moins s\u00e8che en une seule application ! La\u00a0Cr\u00e8me Riche Protectrice\u00a0contient des actifs inspir\u00e9s du fabuleux Vernix Caseosa, ce fluide qui recouvre la peau des nourrissons \u00e0 la naissance et la [&hellip;]<\/p>\n","protected":false},"featured_media":21193,"template":"","meta":{"om_disable_all_campaigns":false},"product_brand":[],"product_cat":[15],"product_tag":[7470,6980,6163,9217,9218,6302,7169,6660,6230,5863],"class_list":{"0":"post-21194","1":"product","2":"type-product","3":"status-publish","4":"has-post-thumbnail","6":"product_cat-beaute-sante-complements-alimentaires-soins-et-bien-etre-au-meilleur-prix","7":"product_tag-creme-nourrissante","8":"product_tag-creme-protectrice","9":"product_tag-hydratation-intense","10":"product_tag-novexpert-creme-riche","11":"product_tag-novexpert-soin","12":"product_tag-peau-douce","13":"product_tag-protection-peau","14":"product_tag-routine-beaute","15":"product_tag-soin-quotidien","16":"product_tag-soin-visage","18":"first","19":"instock","20":"sale","21":"taxable","22":"shipping-taxable","23":"purchasable","24":"product-type-simple"},"yoast_head":"<!-- This site is optimized with the Yoast SEO plugin v27.4 - https:\/\/yoast.com\/product\/yoast-seo-wordpress\/ -->\n<title>Novexpert Cr\u00e8me Riche Protectrice 40ml - Maroc Prix<\/title>\n<meta name=\"description\" content=\"Cr\u00e8me riche protectrice Novexpert 40ml, nourrit intens\u00e9ment, prot\u00e8ge la peau des agressions ext\u00e9rieures et maintient douceur et confort toute la journ\u00e9e.\" \/>\n<meta name=\"robots\" content=\"index, follow, max-snippet:-1, max-image-preview:large, max-video-preview:-1\" \/>\n<link rel=\"canonical\" href=\"https:\/\/vitablanca.ma\/ar\/product-2\/novexpert-creme-riche-protectrice-40ml\/\" \/>\n<meta property=\"og:locale\" content=\"ar_AR\" \/>\n<meta property=\"og:type\" content=\"article\" \/>\n<meta property=\"og:title\" content=\"Novexpert Cr\u00e8me Riche Protectrice 40ml - Maroc Prix\" \/>\n<meta property=\"og:description\" content=\"Cr\u00e8me riche protectrice Novexpert 40ml, nourrit intens\u00e9ment, prot\u00e8ge la peau des agressions ext\u00e9rieures et maintient douceur et confort toute la journ\u00e9e.\" \/>\n<meta property=\"og:url\" content=\"https:\/\/vitablanca.ma\/ar\/product-2\/novexpert-creme-riche-protectrice-40ml\/\" \/>\n<meta property=\"og:site_name\" content=\"Vitablanca.ma &ndash; Sant&eacute;, vitalit&eacute; et bien-&ecirc;tre pour tous les Marocains\" \/>\n<meta property=\"article:publisher\" content=\"https:\/\/www.facebook.com\/profile.php?id=61576678196717\" \/>\n<meta property=\"article:modified_time\" content=\"2026-02-16T01:53:55+00:00\" \/>\n<meta property=\"og:image\" content=\"https:\/\/vitablanca.ma\/wp-content\/uploads\/2025\/06\/Novexpert-Creme-Riche-Protectrice-40ml-Nova-para-prix-Maroc.jpg\" \/>\n\t<meta property=\"og:image:width\" content=\"1000\" \/>\n\t<meta property=\"og:image:height\" content=\"1000\" \/>\n\t<meta property=\"og:image:type\" content=\"image\/jpeg\" \/>\n<meta name=\"twitter:card\" content=\"summary_large_image\" \/>\n<meta name=\"twitter:label1\" content=\"\u0648\u0642\u062a \u0627\u0644\u0642\u0631\u0627\u0621\u0629 \u0627\u0644\u0645\u064f\u0642\u062f\u0651\u0631\" \/>\n\t<meta name=\"twitter:data1\" content=\"\u062f\u0642\u064a\u0642\u062a\u0627\u0646\" \/>\n<script type=\"application\/ld+json\" class=\"yoast-schema-graph\">{\"@context\":\"https:\\\/\\\/schema.org\",\"@graph\":[{\"@type\":[\"WebPage\",\"ItemPage\"],\"@id\":\"https:\\\/\\\/vitablanca.ma\\\/produit\\\/novexpert-creme-riche-protectrice-40ml\\\/\",\"url\":\"https:\\\/\\\/vitablanca.ma\\\/produit\\\/novexpert-creme-riche-protectrice-40ml\\\/\",\"name\":\"Novexpert Cr\u00e8me Riche Protectrice 40ml - Maroc Prix\",\"isPartOf\":{\"@id\":\"https:\\\/\\\/vitablanca.ma\\\/#website\"},\"primaryImageOfPage\":{\"@id\":\"https:\\\/\\\/vitablanca.ma\\\/produit\\\/novexpert-creme-riche-protectrice-40ml\\\/#primaryimage\"},\"image\":{\"@id\":\"https:\\\/\\\/vitablanca.ma\\\/produit\\\/novexpert-creme-riche-protectrice-40ml\\\/#primaryimage\"},\"thumbnailUrl\":\"https:\\\/\\\/vitablanca.ma\\\/wp-content\\\/uploads\\\/2025\\\/06\\\/Novexpert-Creme-Riche-Protectrice-40ml-Nova-para-prix-Maroc.jpg\",\"datePublished\":\"2025-06-11T21:13:28+00:00\",\"dateModified\":\"2026-02-16T01:53:55+00:00\",\"description\":\"Cr\u00e8me riche protectrice Novexpert 40ml, nourrit intens\u00e9ment, prot\u00e8ge la peau des agressions ext\u00e9rieures et maintient douceur et confort toute la journ\u00e9e.\",\"breadcrumb\":{\"@id\":\"https:\\\/\\\/vitablanca.ma\\\/produit\\\/novexpert-creme-riche-protectrice-40ml\\\/#breadcrumb\"},\"inLanguage\":\"ar\",\"potentialAction\":[{\"@type\":\"ReadAction\",\"target\":[\"https:\\\/\\\/vitablanca.ma\\\/produit\\\/novexpert-creme-riche-protectrice-40ml\\\/\"]}]},{\"@type\":\"ImageObject\",\"inLanguage\":\"ar\",\"@id\":\"https:\\\/\\\/vitablanca.ma\\\/produit\\\/novexpert-creme-riche-protectrice-40ml\\\/#primaryimage\",\"url\":\"https:\\\/\\\/vitablanca.ma\\\/wp-content\\\/uploads\\\/2025\\\/06\\\/Novexpert-Creme-Riche-Protectrice-40ml-Nova-para-prix-Maroc.jpg\",\"contentUrl\":\"https:\\\/\\\/vitablanca.ma\\\/wp-content\\\/uploads\\\/2025\\\/06\\\/Novexpert-Creme-Riche-Protectrice-40ml-Nova-para-prix-Maroc.jpg\",\"width\":1000,\"height\":1000},{\"@type\":\"BreadcrumbList\",\"@id\":\"https:\\\/\\\/vitablanca.ma\\\/produit\\\/novexpert-creme-riche-protectrice-40ml\\\/#breadcrumb\",\"itemListElement\":[{\"@type\":\"ListItem\",\"position\":1,\"name\":\"Home\",\"item\":\"https:\\\/\\\/vitablanca.ma\\\/\"},{\"@type\":\"ListItem\",\"position\":2,\"name\":\"Tous Les Produits\",\"item\":\"https:\\\/\\\/vitablanca.ma\\\/tous-les-produits\\\/\"},{\"@type\":\"ListItem\",\"position\":3,\"name\":\"Novexpert Cr\u00e8me Riche Protectrice 40ml\"}]},{\"@type\":\"WebSite\",\"@id\":\"https:\\\/\\\/vitablanca.ma\\\/#website\",\"url\":\"https:\\\/\\\/vitablanca.ma\\\/\",\"name\":\"VitaBlanca.ma | Compl\u00e9ments alimentaires, sant\u00e9 & beaut\u00e9 au Maroc\",\"description\":\"vendre vitamines et compl\u00e9ments premium des USA &amp; Canada, Nouvelle Z\u00e9lande,Maroc (NOW Foods, Solgar, Manuka). Livraison rapide partout au Maroc.\",\"publisher\":{\"@id\":\"https:\\\/\\\/vitablanca.ma\\\/#organization\"},\"alternateName\":\"VitaBlanca.ma\",\"potentialAction\":[{\"@type\":\"SearchAction\",\"target\":{\"@type\":\"EntryPoint\",\"urlTemplate\":\"https:\\\/\\\/vitablanca.ma\\\/?s={search_term_string}\"},\"query-input\":{\"@type\":\"PropertyValueSpecification\",\"valueRequired\":true,\"valueName\":\"search_term_string\"}}],\"inLanguage\":\"ar\"},{\"@type\":\"Organization\",\"@id\":\"https:\\\/\\\/vitablanca.ma\\\/#organization\",\"name\":\"VitaBlanca\",\"url\":\"https:\\\/\\\/vitablanca.ma\\\/\",\"logo\":{\"@type\":\"ImageObject\",\"inLanguage\":\"ar\",\"@id\":\"https:\\\/\\\/vitablanca.ma\\\/#\\\/schema\\\/logo\\\/image\\\/\",\"url\":\"https:\\\/\\\/vitablanca.ma\\\/wp-content\\\/uploads\\\/2025\\\/05\\\/cropped-vitablanca.png\",\"contentUrl\":\"https:\\\/\\\/vitablanca.ma\\\/wp-content\\\/uploads\\\/2025\\\/05\\\/cropped-vitablanca.png\",\"width\":360,\"height\":67,\"caption\":\"VitaBlanca\"},\"image\":{\"@id\":\"https:\\\/\\\/vitablanca.ma\\\/#\\\/schema\\\/logo\\\/image\\\/\"},\"sameAs\":[\"https:\\\/\\\/www.facebook.com\\\/profile.php?id=61576678196717\",\"https:\\\/\\\/www.tiktok.com\\\/@vitablanca.ma\",\"https:\\\/\\\/www.instagram.com\\\/vitablanca.ma\\\/\"]}]}<\/script>\n<!-- \/ Yoast SEO plugin. -->","yoast_head_json":{"title":"Novexpert Cr\u00e8me Riche Protectrice 40ml - Maroc Prix","description":"Cr\u00e8me riche protectrice Novexpert 40ml, nourrit intens\u00e9ment, prot\u00e8ge la peau des agressions ext\u00e9rieures et maintient douceur et confort toute la journ\u00e9e.","robots":{"index":"index","follow":"follow","max-snippet":"max-snippet:-1","max-image-preview":"max-image-preview:large","max-video-preview":"max-video-preview:-1"},"canonical":"https:\/\/vitablanca.ma\/ar\/product-2\/novexpert-creme-riche-protectrice-40ml\/","og_locale":"ar_AR","og_type":"article","og_title":"Novexpert Cr\u00e8me Riche Protectrice 40ml - Maroc Prix","og_description":"Cr\u00e8me riche protectrice Novexpert 40ml, nourrit intens\u00e9ment, prot\u00e8ge la peau des agressions ext\u00e9rieures et maintient douceur et confort toute la journ\u00e9e.","og_url":"https:\/\/vitablanca.ma\/ar\/product-2\/novexpert-creme-riche-protectrice-40ml\/","og_site_name":"Vitablanca.ma &ndash; Sant&eacute;, vitalit&eacute; et bien-&ecirc;tre pour tous les Marocains","article_publisher":"https:\/\/www.facebook.com\/profile.php?id=61576678196717","article_modified_time":"2026-02-16T01:53:55+00:00","og_image":[{"width":1000,"height":1000,"url":"https:\/\/vitablanca.ma\/wp-content\/uploads\/2025\/06\/Novexpert-Creme-Riche-Protectrice-40ml-Nova-para-prix-Maroc.jpg","type":"image\/jpeg"}],"twitter_card":"summary_large_image","twitter_misc":{"\u0648\u0642\u062a \u0627\u0644\u0642\u0631\u0627\u0621\u0629 \u0627\u0644\u0645\u064f\u0642\u062f\u0651\u0631":"\u062f\u0642\u064a\u0642\u062a\u0627\u0646"},"schema":{"@context":"https:\/\/schema.org","@graph":[{"@type":["WebPage","ItemPage"],"@id":"https:\/\/vitablanca.ma\/produit\/novexpert-creme-riche-protectrice-40ml\/","url":"https:\/\/vitablanca.ma\/produit\/novexpert-creme-riche-protectrice-40ml\/","name":"Novexpert Cr\u00e8me Riche Protectrice 40ml - Maroc Prix","isPartOf":{"@id":"https:\/\/vitablanca.ma\/#website"},"primaryImageOfPage":{"@id":"https:\/\/vitablanca.ma\/produit\/novexpert-creme-riche-protectrice-40ml\/#primaryimage"},"image":{"@id":"https:\/\/vitablanca.ma\/produit\/novexpert-creme-riche-protectrice-40ml\/#primaryimage"},"thumbnailUrl":"https:\/\/vitablanca.ma\/wp-content\/uploads\/2025\/06\/Novexpert-Creme-Riche-Protectrice-40ml-Nova-para-prix-Maroc.jpg","datePublished":"2025-06-11T21:13:28+00:00","dateModified":"2026-02-16T01:53:55+00:00","description":"Cr\u00e8me riche protectrice Novexpert 40ml, nourrit intens\u00e9ment, prot\u00e8ge la peau des agressions ext\u00e9rieures et maintient douceur et confort toute la journ\u00e9e.","breadcrumb":{"@id":"https:\/\/vitablanca.ma\/produit\/novexpert-creme-riche-protectrice-40ml\/#breadcrumb"},"inLanguage":"ar","potentialAction":[{"@type":"ReadAction","target":["https:\/\/vitablanca.ma\/produit\/novexpert-creme-riche-protectrice-40ml\/"]}]},{"@type":"ImageObject","inLanguage":"ar","@id":"https:\/\/vitablanca.ma\/produit\/novexpert-creme-riche-protectrice-40ml\/#primaryimage","url":"https:\/\/vitablanca.ma\/wp-content\/uploads\/2025\/06\/Novexpert-Creme-Riche-Protectrice-40ml-Nova-para-prix-Maroc.jpg","contentUrl":"https:\/\/vitablanca.ma\/wp-content\/uploads\/2025\/06\/Novexpert-Creme-Riche-Protectrice-40ml-Nova-para-prix-Maroc.jpg","width":1000,"height":1000},{"@type":"BreadcrumbList","@id":"https:\/\/vitablanca.ma\/produit\/novexpert-creme-riche-protectrice-40ml\/#breadcrumb","itemListElement":[{"@type":"ListItem","position":1,"name":"Home","item":"https:\/\/vitablanca.ma\/"},{"@type":"ListItem","position":2,"name":"Tous Les Produits","item":"https:\/\/vitablanca.ma\/tous-les-produits\/"},{"@type":"ListItem","position":3,"name":"Novexpert Cr\u00e8me Riche Protectrice 40ml"}]},{"@type":"WebSite","@id":"https:\/\/vitablanca.ma\/#website","url":"https:\/\/vitablanca.ma\/","name":"VitaBlanca.ma | \u0627\u0644\u0645\u0643\u0645\u0644\u0627\u062a \u0627\u0644\u063a\u0630\u0627\u0626\u064a\u0629\u060c \u0627\u0644\u0635\u062d\u0629 \u0648\u0627\u0644\u062c\u0645\u0627\u0644 \u0641\u064a \u0627\u0644\u0645\u063a\u0631\u0628","description":"\u0646\u0628\u064a\u0639 \u0641\u064a\u062a\u0627\u0645\u064a\u0646\u0627\u062a \u0648\u0645\u0643\u0645\u0644\u0627\u062a \u063a\u0630\u0627\u0626\u064a\u0629 \u0641\u0627\u062e\u0631\u0629 \u0645\u0646 \u0627\u0644\u0648\u0644\u0627\u064a\u0627\u062a \u0627\u0644\u0645\u062a\u062d\u062f\u0629 \u0627\u0644\u0623\u0645\u0631\u064a\u0643\u064a\u0629 \u0648\u0643\u0646\u062f\u0627 \u0648\u0646\u064a\u0648\u0632\u064a\u0644\u0646\u062f\u0627 \u0648\u0627\u0644\u0645\u063a\u0631\u0628 (\u0646\u0627\u0648 \u0641\u0648\u062f\u0632\u060c \u0633\u0648\u0644\u062c\u0627\u0631\u060c \u0645\u0627\u0646\u0648\u0643\u0627). \u062a\u0648\u0635\u064a\u0644 \u0633\u0631\u064a\u0639 \u0625\u0644\u0649 \u062c\u0645\u064a\u0639 \u0623\u0646\u062d\u0627\u0621 \u0627\u0644\u0645\u063a\u0631\u0628.","publisher":{"@id":"https:\/\/vitablanca.ma\/#organization"},"alternateName":"VitaBlanca.ma","potentialAction":[{"@type":"SearchAction","target":{"@type":"EntryPoint","urlTemplate":"https:\/\/vitablanca.ma\/?s={search_term_string}"},"query-input":{"@type":"PropertyValueSpecification","valueRequired":true,"valueName":"search_term_string"}}],"inLanguage":"ar"},{"@type":"Organization","@id":"https:\/\/vitablanca.ma\/#organization","name":"\u0641\u064a\u062a\u0627\u0628\u0644\u0627\u0646\u0643\u0627","url":"https:\/\/vitablanca.ma\/","logo":{"@type":"ImageObject","inLanguage":"ar","@id":"https:\/\/vitablanca.ma\/#\/schema\/logo\/image\/","url":"https:\/\/vitablanca.ma\/wp-content\/uploads\/2025\/05\/cropped-vitablanca.png","contentUrl":"https:\/\/vitablanca.ma\/wp-content\/uploads\/2025\/05\/cropped-vitablanca.png","width":360,"height":67,"caption":"VitaBlanca"},"image":{"@id":"https:\/\/vitablanca.ma\/#\/schema\/logo\/image\/"},"sameAs":["https:\/\/www.facebook.com\/profile.php?id=61576678196717","https:\/\/www.tiktok.com\/@vitablanca.ma","https:\/\/www.instagram.com\/vitablanca.ma\/"]}]}},"jetpack_sharing_enabled":true,"_links":{"self":[{"href":"https:\/\/vitablanca.ma\/ar\/wp-json\/wp\/v2\/product\/21194","targetHints":{"allow":["GET"]}}],"collection":[{"href":"https:\/\/vitablanca.ma\/ar\/wp-json\/wp\/v2\/product"}],"about":[{"href":"https:\/\/vitablanca.ma\/ar\/wp-json\/wp\/v2\/types\/product"}],"wp:featuredmedia":[{"embeddable":true,"href":"https:\/\/vitablanca.ma\/ar\/wp-json\/wp\/v2\/media\/21193"}],"wp:attachment":[{"href":"https:\/\/vitablanca.ma\/ar\/wp-json\/wp\/v2\/media?parent=21194"}],"wp:term":[{"taxonomy":"product_brand","embeddable":true,"href":"https:\/\/vitablanca.ma\/ar\/wp-json\/wp\/v2\/product_brand?post=21194"},{"taxonomy":"product_cat","embeddable":true,"href":"https:\/\/vitablanca.ma\/ar\/wp-json\/wp\/v2\/product_cat?post=21194"},{"taxonomy":"product_tag","embeddable":true,"href":"https:\/\/vitablanca.ma\/ar\/wp-json\/wp\/v2\/product_tag?post=21194"}],"curies":[{"name":"wp","href":"https:\/\/api.w.org\/{rel}","templated":true}]}}