{"id":21183,"date":"2025-06-11T21:13:08","date_gmt":"2025-06-11T21:13:08","guid":{"rendered":"https:\/\/vitablanca.ma\/product\/novexpert-soin-cible-correcteur-de-taches-2-ml\/"},"modified":"2026-02-16T02:01:25","modified_gmt":"2026-02-16T02:01:25","slug":"novexpert-soin-cible-correcteur-de-taches-2-ml","status":"publish","type":"product","link":"https:\/\/vitablanca.ma\/ar\/product-2\/novexpert-soin-cible-correcteur-de-taches-2-ml\/","title":{"rendered":"\u0645\u0635\u062d\u062d \u0627\u0644\u0628\u0642\u0639 \u0627\u0644\u062f\u0627\u0643\u0646\u0629 \u0627\u0644\u0645\u0633\u062a\u0647\u062f\u0641 \u0645\u0646 \u0646\u0648\u0641\u064a\u0643\u0633\u0628\u0631\u062a 2 \u0645\u0644"},"content":{"rendered":"<p>\u064a\u064f\u0635\u062d\u062d \u0645\u064f\u0635\u062d\u0650\u0651\u062d \u0627\u0644\u0628\u0642\u0639 \u0627\u0644\u0645\u064f\u0631\u0643\u064e\u0651\u0632 \u0645\u0646 \u0645\u062e\u062a\u0628\u0631\u0627\u062a \u0646\u0648\u0641\u064a\u0643\u0633\u0628\u0631\u062a \u062c\u0645\u064a\u0639 \u0628\u0642\u0639 \u0627\u0644\u062a\u0635\u0628\u063a \u0648\u064a\u064f\u0636\u0641\u064a \u0625\u0634\u0631\u0627\u0642\u0629\u064b \u0639\u0644\u0649 \u0627\u0644\u0628\u0634\u0631\u0629. \u0635\u064f\u0645\u0650\u0651\u0645\u064e \u0647\u0630\u0627 \u0627\u0644\u0645\u064f\u0635\u062d\u0650\u0651\u062d \u0644\u0645\u0643\u0627\u0641\u062d\u0629 \u0627\u0644\u0628\u0642\u0639 \u0627\u0644\u0633\u0648\u062f\u0627\u0621 \u0648\u0627\u0644\u0628\u0646\u064a\u0629 \u0648\u0627\u0644\u0628\u064a\u062c \u0648\u0627\u0644\u0635\u0641\u0631\u0627\u0621\u060c \u0648\u062a\u064f\u0639\u0627\u0644\u062c \u0641\u0631\u0634\u0627\u0629\u064f \u062a\u0637\u0628\u064a\u0642\u0647 \u0627\u0644\u0646\u0645\u0634\u064e \u0627\u0644\u0634\u0645\u0633\u064a \u0623\u0648 \u0627\u0644\u0634\u064a\u062e\u0648\u062e\u064a\u060c \u0648\u0627\u0644\u0643\u0644\u0641\u060c \u0648\u0627\u0644\u0628\u0642\u0639 \u0627\u0644\u0628\u0646\u064a\u0629\u060c \u0648\u0641\u0631\u0637 \u0627\u0644\u062a\u0635\u0628\u063a \u0627\u0644\u062a\u0627\u0644\u064a \u0644\u0644\u0627\u0644\u062a\u0647\u0627\u0628\u060c \u0648\u0628\u0642\u0639 \u0627\u0644\u062a\u0642\u062f\u0645 \u0641\u064a \u0627\u0644\u0633\u0646 \u0627\u0644\u0646\u0627\u062a\u062c\u0629 \u0639\u0646 \u0627\u0644\u0644\u064a\u0628\u0648\u0641\u0648\u0633\u064a\u0646. \u064a\u064f\u0635\u062d\u0650\u0651\u062d \u0648\u064a\u064f\u0642\u064a \u0645\u0646 \u0627\u0644\u0639\u0644\u0627\u0645\u0627\u062a\u060c \u0645\u0639 \u062a\u062d\u0641\u064a\u0632 \u062a\u062c\u062f\u064a\u062f \u0627\u0644\u062e\u0644\u0627\u064a\u0627.<\/p>\n<p><strong>\u0637\u0631\u064a\u0642\u0629 \u0627\u0644\u0627\u0633\u062a\u062e\u062f\u0627\u0645:<\/strong><\/p>\n<p>\u064a\u062a\u0645 \u062a\u0637\u0628\u064a\u0642\u0647 \u0639\u0644\u0649 \u0627\u0644\u0628\u0642\u0639 1 \u0625\u0644\u0649 2 \u0645\u0631\u0627\u062a \u064a\u0648\u0645\u064a\u064b\u0627 \u0639\u0644\u0649 \u0627\u0644\u062c\u0644\u062f \u0627\u0644\u0639\u0627\u0631\u064a.<\/p>\n<p>\u0627\u0646\u062a\u0638\u0631\u064a \u062d\u0648\u0627\u0644\u064a 10 \u062f\u0642\u0627\u0626\u0642 \u0642\u0628\u0644 \u0648\u0636\u0639 \u0627\u0644\u0643\u0631\u064a\u0645 \u0623\u0648 \u0627\u0644\u0645\u0643\u064a\u0627\u062c.<\/p>\n<p><strong>\u0645\u0643\u0648\u0646\u0627\u062a :\u00a0<\/strong><\/p>\n<p>\u0645\u0627\u0621\u060c \u0628\u0631\u0648\u0628\u0627\u0646\u062f\u064a\u0648\u0644\u060c \u062d\u0645\u0636 \u0627\u0644\u0644\u0627\u0643\u062a\u064a\u0643\u060c \u0628\u0648\u0644\u064a \u062c\u0644\u064a\u0633\u0631\u064a\u0644-10 \u0644\u0648\u0631\u0627\u062a\u060c \u062c\u0644\u0633\u0631\u064a\u0646\u060c \u0644\u0627\u0643\u062a\u0648\u0628\u0627\u0633\u064a\u0644\u0648\u0633 \u0641\u064a\u0631\u0645\u0646\u062a\u060c \u0623\u0631\u062c\u064a\u0646\u064a\u0646 \u0628\u064a \u0633\u064a \u0625\u064a\u0647\u060c \u0633\u062a\u0631\u0627\u062a \u0627\u0644\u0635\u0648\u062f\u064a\u0648\u0645\u060c \u0647\u064a\u062f\u0631\u0648\u0643\u0633\u064a\u062f \u0627\u0644\u0635\u0648\u062f\u064a\u0648\u0645\u060c \u0625\u0628\u064a\u063a\u0627\u0644\u0648\u0643\u0627\u062a\u0634\u064a\u0646 \u063a\u0627\u0644\u0627\u062a\u064a\u0644 \u062c\u0644\u0648\u0643\u0648\u0632\u064a\u062f\u060c \u062f\u0642\u064a\u0642 \u0642\u0645\u062d \u0645\u064f\u062d\u0644\u0644\u060c \u0645\u0633\u062d\u0648\u0642 \u0639\u0635\u064a\u0631 \u0623\u0648\u0631\u0627\u0642 \u0627\u0644\u0635\u0628\u0627\u0631\u060c \u0632\u064a\u062a \u0628\u0630\u0648\u0631 \u0628\u0627\u0644\u0627\u0646\u064a\u062a\u064a\u0633 \u0631\u0648\u0643\u0633\u0628\u0648\u0631\u062c\u064a\u060c \u0645\u0633\u062a\u062e\u0644\u0635 \u062f\u064a\u0643\u062a\u064a\u0648\u0628\u062a\u064a\u0631\u064a\u0633 \u0628\u0648\u0644\u064a\u0628\u0648\u062f\u064a\u0648\u062f\u064a\u0633\u060c \u0645\u0633\u062a\u062e\u0644\u0635 \u0628\u0627\u0646\u0643\u0631\u0627\u062a\u064a\u0648\u0645 \u0645\u0627\u0631\u064a\u062a\u064a\u0645\u0648\u0645\u060c \u0628\u064a\u0633\u0627\u0628\u0648\u0644\u0648\u0644\u060c \u062d\u0645\u0636 \u0627\u0644\u0633\u062a\u0631\u064a\u0643\u060c \u0645\u0633\u062a\u062e\u0644\u0635 \u0628\u0630\u0648\u0631 \u0642\u0647\u0648\u0629 \u0623\u0631\u0627\u0628\u064a\u0643\u0627.<\/p>","protected":false},"excerpt":{"rendered":"<p>Le soin cibl\u00e9 correcteur de taches des Laboratoires Novexpert corrige toutes les taches pigmentaires et apporte \u00e9clat au teint. Formul\u00e9 pour lutter contre les taches noires, brunes, beiges et jaunes, son applicateur pinceau traite lentigos solaires ou se\u0301niles, me\u0301lasma, e\u0301phe\u0301lides, hyperpigmentations post-inflammatoires et taches de vieillesse dues a\u0300 la lipofuscine. Il corrige et pr\u00e9vient les [&hellip;]<\/p>\n","protected":false},"featured_media":21182,"template":"","meta":{"om_disable_all_campaigns":false},"product_brand":[],"product_cat":[15],"product_tag":[9234,6094,9180,6660,6108,6854,5863,8554,6147,9190],"class_list":{"0":"post-21183","1":"product","2":"type-product","3":"status-publish","4":"has-post-thumbnail","6":"product_cat-beaute-sante-complements-alimentaires-soins-et-bien-etre-au-meilleur-prix","7":"product_tag-novexpert-soin-correcteur","8":"product_tag-peau-lumineuse","9":"product_tag-reduction-taches","10":"product_tag-routine-beaute","11":"product_tag-soin-anti-taches","12":"product_tag-soin-cible","13":"product_tag-soin-visage","14":"product_tag-taches-pigmentaires","15":"product_tag-teint-uniforme","16":"product_tag-unification-teint","18":"first","19":"instock","20":"sale","21":"taxable","22":"shipping-taxable","23":"purchasable","24":"product-type-simple"},"yoast_head":"<!-- This site is optimized with the Yoast SEO plugin v27.4 - https:\/\/yoast.com\/product\/yoast-seo-wordpress\/ -->\n<title>NOVEXPERT Soin Cibl\u00e9 Correcteur De Taches 2 ML - Maroc Prix<\/title>\n<meta name=\"description\" content=\"Soin cibl\u00e9 Novexpert 2ml, r\u00e9duit efficacement les taches pigmentaires et unifie le teint pour une peau nette et lumineuse au quotidien.\" \/>\n<meta name=\"robots\" content=\"index, follow, max-snippet:-1, max-image-preview:large, max-video-preview:-1\" \/>\n<link rel=\"canonical\" href=\"https:\/\/vitablanca.ma\/ar\/product-2\/novexpert-soin-cible-correcteur-de-taches-2-ml\/\" \/>\n<meta property=\"og:locale\" content=\"ar_AR\" \/>\n<meta property=\"og:type\" content=\"article\" \/>\n<meta property=\"og:title\" content=\"NOVEXPERT Soin Cibl\u00e9 Correcteur De Taches 2 ML - Maroc Prix\" \/>\n<meta property=\"og:description\" content=\"Soin cibl\u00e9 Novexpert 2ml, r\u00e9duit efficacement les taches pigmentaires et unifie le teint pour une peau nette et lumineuse au quotidien.\" \/>\n<meta property=\"og:url\" content=\"https:\/\/vitablanca.ma\/ar\/product-2\/novexpert-soin-cible-correcteur-de-taches-2-ml\/\" \/>\n<meta property=\"og:site_name\" content=\"Vitablanca.ma &ndash; Sant&eacute;, vitalit&eacute; et bien-&ecirc;tre pour tous les Marocains\" \/>\n<meta property=\"article:publisher\" content=\"https:\/\/www.facebook.com\/profile.php?id=61576678196717\" \/>\n<meta property=\"article:modified_time\" content=\"2026-02-16T02:01:25+00:00\" \/>\n<meta property=\"og:image\" content=\"https:\/\/vitablanca.ma\/wp-content\/uploads\/2025\/06\/novexpert-soin-cible-correcteur-de-taches-2-ml-Nova-para-prix-Maroc.jpg\" \/>\n\t<meta property=\"og:image:width\" content=\"800\" \/>\n\t<meta property=\"og:image:height\" content=\"800\" \/>\n\t<meta property=\"og:image:type\" content=\"image\/jpeg\" \/>\n<meta name=\"twitter:card\" content=\"summary_large_image\" \/>\n<meta name=\"twitter:label1\" content=\"\u0648\u0642\u062a \u0627\u0644\u0642\u0631\u0627\u0621\u0629 \u0627\u0644\u0645\u064f\u0642\u062f\u0651\u0631\" \/>\n\t<meta name=\"twitter:data1\" content=\"\u062f\u0642\u064a\u0642\u0629 \u0648\u0627\u062d\u062f\u0629\" \/>\n<script type=\"application\/ld+json\" class=\"yoast-schema-graph\">{\"@context\":\"https:\\\/\\\/schema.org\",\"@graph\":[{\"@type\":[\"WebPage\",\"ItemPage\"],\"@id\":\"https:\\\/\\\/vitablanca.ma\\\/produit\\\/novexpert-soin-cible-correcteur-de-taches-2-ml\\\/\",\"url\":\"https:\\\/\\\/vitablanca.ma\\\/produit\\\/novexpert-soin-cible-correcteur-de-taches-2-ml\\\/\",\"name\":\"NOVEXPERT Soin Cibl\u00e9 Correcteur De Taches 2 ML - Maroc Prix\",\"isPartOf\":{\"@id\":\"https:\\\/\\\/vitablanca.ma\\\/#website\"},\"primaryImageOfPage\":{\"@id\":\"https:\\\/\\\/vitablanca.ma\\\/produit\\\/novexpert-soin-cible-correcteur-de-taches-2-ml\\\/#primaryimage\"},\"image\":{\"@id\":\"https:\\\/\\\/vitablanca.ma\\\/produit\\\/novexpert-soin-cible-correcteur-de-taches-2-ml\\\/#primaryimage\"},\"thumbnailUrl\":\"https:\\\/\\\/vitablanca.ma\\\/wp-content\\\/uploads\\\/2025\\\/06\\\/novexpert-soin-cible-correcteur-de-taches-2-ml-Nova-para-prix-Maroc.jpg\",\"datePublished\":\"2025-06-11T21:13:08+00:00\",\"dateModified\":\"2026-02-16T02:01:25+00:00\",\"description\":\"Soin cibl\u00e9 Novexpert 2ml, r\u00e9duit efficacement les taches pigmentaires et unifie le teint pour une peau nette et lumineuse au quotidien.\",\"breadcrumb\":{\"@id\":\"https:\\\/\\\/vitablanca.ma\\\/produit\\\/novexpert-soin-cible-correcteur-de-taches-2-ml\\\/#breadcrumb\"},\"inLanguage\":\"ar\",\"potentialAction\":[{\"@type\":\"ReadAction\",\"target\":[\"https:\\\/\\\/vitablanca.ma\\\/produit\\\/novexpert-soin-cible-correcteur-de-taches-2-ml\\\/\"]}]},{\"@type\":\"ImageObject\",\"inLanguage\":\"ar\",\"@id\":\"https:\\\/\\\/vitablanca.ma\\\/produit\\\/novexpert-soin-cible-correcteur-de-taches-2-ml\\\/#primaryimage\",\"url\":\"https:\\\/\\\/vitablanca.ma\\\/wp-content\\\/uploads\\\/2025\\\/06\\\/novexpert-soin-cible-correcteur-de-taches-2-ml-Nova-para-prix-Maroc.jpg\",\"contentUrl\":\"https:\\\/\\\/vitablanca.ma\\\/wp-content\\\/uploads\\\/2025\\\/06\\\/novexpert-soin-cible-correcteur-de-taches-2-ml-Nova-para-prix-Maroc.jpg\",\"width\":800,\"height\":800},{\"@type\":\"BreadcrumbList\",\"@id\":\"https:\\\/\\\/vitablanca.ma\\\/produit\\\/novexpert-soin-cible-correcteur-de-taches-2-ml\\\/#breadcrumb\",\"itemListElement\":[{\"@type\":\"ListItem\",\"position\":1,\"name\":\"Home\",\"item\":\"https:\\\/\\\/vitablanca.ma\\\/\"},{\"@type\":\"ListItem\",\"position\":2,\"name\":\"Tous Les Produits\",\"item\":\"https:\\\/\\\/vitablanca.ma\\\/tous-les-produits\\\/\"},{\"@type\":\"ListItem\",\"position\":3,\"name\":\"NOVEXPERT Soin Cibl\u00e9 Correcteur De Taches 2 ML\"}]},{\"@type\":\"WebSite\",\"@id\":\"https:\\\/\\\/vitablanca.ma\\\/#website\",\"url\":\"https:\\\/\\\/vitablanca.ma\\\/\",\"name\":\"VitaBlanca.ma | Compl\u00e9ments alimentaires, sant\u00e9 & beaut\u00e9 au Maroc\",\"description\":\"vendre vitamines et compl\u00e9ments premium des USA &amp; Canada, Nouvelle Z\u00e9lande,Maroc (NOW Foods, Solgar, Manuka). Livraison rapide partout au Maroc.\",\"publisher\":{\"@id\":\"https:\\\/\\\/vitablanca.ma\\\/#organization\"},\"alternateName\":\"VitaBlanca.ma\",\"potentialAction\":[{\"@type\":\"SearchAction\",\"target\":{\"@type\":\"EntryPoint\",\"urlTemplate\":\"https:\\\/\\\/vitablanca.ma\\\/?s={search_term_string}\"},\"query-input\":{\"@type\":\"PropertyValueSpecification\",\"valueRequired\":true,\"valueName\":\"search_term_string\"}}],\"inLanguage\":\"ar\"},{\"@type\":\"Organization\",\"@id\":\"https:\\\/\\\/vitablanca.ma\\\/#organization\",\"name\":\"VitaBlanca\",\"url\":\"https:\\\/\\\/vitablanca.ma\\\/\",\"logo\":{\"@type\":\"ImageObject\",\"inLanguage\":\"ar\",\"@id\":\"https:\\\/\\\/vitablanca.ma\\\/#\\\/schema\\\/logo\\\/image\\\/\",\"url\":\"https:\\\/\\\/vitablanca.ma\\\/wp-content\\\/uploads\\\/2025\\\/05\\\/cropped-vitablanca.png\",\"contentUrl\":\"https:\\\/\\\/vitablanca.ma\\\/wp-content\\\/uploads\\\/2025\\\/05\\\/cropped-vitablanca.png\",\"width\":360,\"height\":67,\"caption\":\"VitaBlanca\"},\"image\":{\"@id\":\"https:\\\/\\\/vitablanca.ma\\\/#\\\/schema\\\/logo\\\/image\\\/\"},\"sameAs\":[\"https:\\\/\\\/www.facebook.com\\\/profile.php?id=61576678196717\",\"https:\\\/\\\/www.tiktok.com\\\/@vitablanca.ma\",\"https:\\\/\\\/www.instagram.com\\\/vitablanca.ma\\\/\"]}]}<\/script>\n<!-- \/ Yoast SEO plugin. -->","yoast_head_json":{"title":"\u0645\u0635\u062d\u062d \u0627\u0644\u0628\u0642\u0639 \u0627\u0644\u0645\u0633\u062a\u0647\u062f\u0641\u0629 \u0646\u0648\u0641\u064a\u0643\u0633\u0628\u0631\u062a 2 \u0645\u0644 - \u0633\u0639\u0631 \u0627\u0644\u0645\u063a\u0631\u0628","description":"Soin cibl\u00e9 Novexpert 2ml, r\u00e9duit efficacement les taches pigmentaires et unifie le teint pour une peau nette et lumineuse au quotidien.","robots":{"index":"index","follow":"follow","max-snippet":"max-snippet:-1","max-image-preview":"max-image-preview:large","max-video-preview":"max-video-preview:-1"},"canonical":"https:\/\/vitablanca.ma\/ar\/product-2\/novexpert-soin-cible-correcteur-de-taches-2-ml\/","og_locale":"ar_AR","og_type":"article","og_title":"NOVEXPERT Soin Cibl\u00e9 Correcteur De Taches 2 ML - Maroc Prix","og_description":"Soin cibl\u00e9 Novexpert 2ml, r\u00e9duit efficacement les taches pigmentaires et unifie le teint pour une peau nette et lumineuse au quotidien.","og_url":"https:\/\/vitablanca.ma\/ar\/product-2\/novexpert-soin-cible-correcteur-de-taches-2-ml\/","og_site_name":"Vitablanca.ma &ndash; Sant&eacute;, vitalit&eacute; et bien-&ecirc;tre pour tous les Marocains","article_publisher":"https:\/\/www.facebook.com\/profile.php?id=61576678196717","article_modified_time":"2026-02-16T02:01:25+00:00","og_image":[{"width":800,"height":800,"url":"https:\/\/vitablanca.ma\/wp-content\/uploads\/2025\/06\/novexpert-soin-cible-correcteur-de-taches-2-ml-Nova-para-prix-Maroc.jpg","type":"image\/jpeg"}],"twitter_card":"summary_large_image","twitter_misc":{"\u0648\u0642\u062a \u0627\u0644\u0642\u0631\u0627\u0621\u0629 \u0627\u0644\u0645\u064f\u0642\u062f\u0651\u0631":"\u062f\u0642\u064a\u0642\u0629 \u0648\u0627\u062d\u062f\u0629"},"schema":{"@context":"https:\/\/schema.org","@graph":[{"@type":["WebPage","ItemPage"],"@id":"https:\/\/vitablanca.ma\/produit\/novexpert-soin-cible-correcteur-de-taches-2-ml\/","url":"https:\/\/vitablanca.ma\/produit\/novexpert-soin-cible-correcteur-de-taches-2-ml\/","name":"\u0645\u0635\u062d\u062d \u0627\u0644\u0628\u0642\u0639 \u0627\u0644\u0645\u0633\u062a\u0647\u062f\u0641\u0629 \u0646\u0648\u0641\u064a\u0643\u0633\u0628\u0631\u062a 2 \u0645\u0644 - \u0633\u0639\u0631 \u0627\u0644\u0645\u063a\u0631\u0628","isPartOf":{"@id":"https:\/\/vitablanca.ma\/#website"},"primaryImageOfPage":{"@id":"https:\/\/vitablanca.ma\/produit\/novexpert-soin-cible-correcteur-de-taches-2-ml\/#primaryimage"},"image":{"@id":"https:\/\/vitablanca.ma\/produit\/novexpert-soin-cible-correcteur-de-taches-2-ml\/#primaryimage"},"thumbnailUrl":"https:\/\/vitablanca.ma\/wp-content\/uploads\/2025\/06\/novexpert-soin-cible-correcteur-de-taches-2-ml-Nova-para-prix-Maroc.jpg","datePublished":"2025-06-11T21:13:08+00:00","dateModified":"2026-02-16T02:01:25+00:00","description":"Soin cibl\u00e9 Novexpert 2ml, r\u00e9duit efficacement les taches pigmentaires et unifie le teint pour une peau nette et lumineuse au quotidien.","breadcrumb":{"@id":"https:\/\/vitablanca.ma\/produit\/novexpert-soin-cible-correcteur-de-taches-2-ml\/#breadcrumb"},"inLanguage":"ar","potentialAction":[{"@type":"ReadAction","target":["https:\/\/vitablanca.ma\/produit\/novexpert-soin-cible-correcteur-de-taches-2-ml\/"]}]},{"@type":"ImageObject","inLanguage":"ar","@id":"https:\/\/vitablanca.ma\/produit\/novexpert-soin-cible-correcteur-de-taches-2-ml\/#primaryimage","url":"https:\/\/vitablanca.ma\/wp-content\/uploads\/2025\/06\/novexpert-soin-cible-correcteur-de-taches-2-ml-Nova-para-prix-Maroc.jpg","contentUrl":"https:\/\/vitablanca.ma\/wp-content\/uploads\/2025\/06\/novexpert-soin-cible-correcteur-de-taches-2-ml-Nova-para-prix-Maroc.jpg","width":800,"height":800},{"@type":"BreadcrumbList","@id":"https:\/\/vitablanca.ma\/produit\/novexpert-soin-cible-correcteur-de-taches-2-ml\/#breadcrumb","itemListElement":[{"@type":"ListItem","position":1,"name":"Home","item":"https:\/\/vitablanca.ma\/"},{"@type":"ListItem","position":2,"name":"Tous Les Produits","item":"https:\/\/vitablanca.ma\/tous-les-produits\/"},{"@type":"ListItem","position":3,"name":"NOVEXPERT Soin Cibl\u00e9 Correcteur De Taches 2 ML"}]},{"@type":"WebSite","@id":"https:\/\/vitablanca.ma\/#website","url":"https:\/\/vitablanca.ma\/","name":"VitaBlanca.ma | \u0627\u0644\u0645\u0643\u0645\u0644\u0627\u062a \u0627\u0644\u063a\u0630\u0627\u0626\u064a\u0629\u060c \u0627\u0644\u0635\u062d\u0629 \u0648\u0627\u0644\u062c\u0645\u0627\u0644 \u0641\u064a \u0627\u0644\u0645\u063a\u0631\u0628","description":"\u0646\u0628\u064a\u0639 \u0641\u064a\u062a\u0627\u0645\u064a\u0646\u0627\u062a \u0648\u0645\u0643\u0645\u0644\u0627\u062a \u063a\u0630\u0627\u0626\u064a\u0629 \u0641\u0627\u062e\u0631\u0629 \u0645\u0646 \u0627\u0644\u0648\u0644\u0627\u064a\u0627\u062a \u0627\u0644\u0645\u062a\u062d\u062f\u0629 \u0627\u0644\u0623\u0645\u0631\u064a\u0643\u064a\u0629 \u0648\u0643\u0646\u062f\u0627 \u0648\u0646\u064a\u0648\u0632\u064a\u0644\u0646\u062f\u0627 \u0648\u0627\u0644\u0645\u063a\u0631\u0628 (\u0646\u0627\u0648 \u0641\u0648\u062f\u0632\u060c \u0633\u0648\u0644\u062c\u0627\u0631\u060c \u0645\u0627\u0646\u0648\u0643\u0627). \u062a\u0648\u0635\u064a\u0644 \u0633\u0631\u064a\u0639 \u0625\u0644\u0649 \u062c\u0645\u064a\u0639 \u0623\u0646\u062d\u0627\u0621 \u0627\u0644\u0645\u063a\u0631\u0628.","publisher":{"@id":"https:\/\/vitablanca.ma\/#organization"},"alternateName":"VitaBlanca.ma","potentialAction":[{"@type":"SearchAction","target":{"@type":"EntryPoint","urlTemplate":"https:\/\/vitablanca.ma\/?s={search_term_string}"},"query-input":{"@type":"PropertyValueSpecification","valueRequired":true,"valueName":"search_term_string"}}],"inLanguage":"ar"},{"@type":"Organization","@id":"https:\/\/vitablanca.ma\/#organization","name":"\u0641\u064a\u062a\u0627\u0628\u0644\u0627\u0646\u0643\u0627","url":"https:\/\/vitablanca.ma\/","logo":{"@type":"ImageObject","inLanguage":"ar","@id":"https:\/\/vitablanca.ma\/#\/schema\/logo\/image\/","url":"https:\/\/vitablanca.ma\/wp-content\/uploads\/2025\/05\/cropped-vitablanca.png","contentUrl":"https:\/\/vitablanca.ma\/wp-content\/uploads\/2025\/05\/cropped-vitablanca.png","width":360,"height":67,"caption":"VitaBlanca"},"image":{"@id":"https:\/\/vitablanca.ma\/#\/schema\/logo\/image\/"},"sameAs":["https:\/\/www.facebook.com\/profile.php?id=61576678196717","https:\/\/www.tiktok.com\/@vitablanca.ma","https:\/\/www.instagram.com\/vitablanca.ma\/"]}]}},"jetpack_sharing_enabled":true,"_links":{"self":[{"href":"https:\/\/vitablanca.ma\/ar\/wp-json\/wp\/v2\/product\/21183","targetHints":{"allow":["GET"]}}],"collection":[{"href":"https:\/\/vitablanca.ma\/ar\/wp-json\/wp\/v2\/product"}],"about":[{"href":"https:\/\/vitablanca.ma\/ar\/wp-json\/wp\/v2\/types\/product"}],"wp:featuredmedia":[{"embeddable":true,"href":"https:\/\/vitablanca.ma\/ar\/wp-json\/wp\/v2\/media\/21182"}],"wp:attachment":[{"href":"https:\/\/vitablanca.ma\/ar\/wp-json\/wp\/v2\/media?parent=21183"}],"wp:term":[{"taxonomy":"product_brand","embeddable":true,"href":"https:\/\/vitablanca.ma\/ar\/wp-json\/wp\/v2\/product_brand?post=21183"},{"taxonomy":"product_cat","embeddable":true,"href":"https:\/\/vitablanca.ma\/ar\/wp-json\/wp\/v2\/product_cat?post=21183"},{"taxonomy":"product_tag","embeddable":true,"href":"https:\/\/vitablanca.ma\/ar\/wp-json\/wp\/v2\/product_tag?post=21183"}],"curies":[{"name":"wp","href":"https:\/\/api.w.org\/{rel}","templated":true}]}}