{"id":21171,"date":"2025-06-11T21:12:43","date_gmt":"2025-06-11T21:12:43","guid":{"rendered":"https:\/\/vitablanca.ma\/product\/novexpert-masque-triple-black-70g\/"},"modified":"2026-02-16T19:33:19","modified_gmt":"2026-02-16T19:33:19","slug":"novexpert-masque-triple-black-70g","status":"publish","type":"product","link":"https:\/\/vitablanca.ma\/ar\/product-2\/novexpert-masque-triple-black-70g\/","title":{"rendered":"\u0642\u0646\u0627\u0639 \u0646\u0648\u0643\u0633\u0628\u0631\u062a \u0627\u0644\u062b\u0644\u0627\u062b\u064a \u0627\u0644\u0623\u0633\u0648\u062f 70 \u062c\u0631\u0627\u0645"},"content":{"rendered":"<h2>\u0642\u0646\u0627\u0639 \u0646\u0648\u0643\u0633\u0628\u0631\u062a \u0627\u0644\u062b\u0644\u0627\u062b\u064a \u0627\u0644\u0623\u0633\u0648\u062f 70 \u062c\u0631\u0627\u0645<\/h2>\n<p>Ce masque absorbe les impuret\u00e9s et l<strong>\u2019<\/strong>exc\u00e8s de s\u00e9bum, affine les pores et aide les cellules cutan\u00e9es \u00e0 se r\u00e9g\u00e9n\u00e9rer gr\u00e2ce \u00e0 un trio efficace :<br data-mce-fragment=\"1\" \/>le charbon actif (purifiant), l\u2019argile noire (matifiante) et la poudre de lave (lissante). Pour une peau matifi\u00e9e, plus homog\u00e8ne et liss\u00e9e chez 100% des utilisateurs.<\/p>\n<div class=\"content-application\">\n<h3>\u0643\u064a\u0641\u064a\u0629 \u0627\u0633\u062a\u062e\u062f\u0627\u0645\u0647:<\/h3>\n<div class=\"desc\">\n<div class=\"metafield-rich_text_field\">\n<p>Appliquer g\u00e9n\u00e9reusement le masque sur l\u2019ensemble du visage (peau grasse) ou uniquement sur la zone T (peau mixte). Laisser agir 10 \u00e0 15 min. D\u00e8s que le gris fonc\u00e9 apparait gris clair, c\u2019est le moment de rincer avec de l\u2019eau ti\u00e8de en massant d\u00e9licatement le visage pour profiter des propri\u00e9t\u00e9s exfoliantes du masque. Terminer en rin\u00e7ant abondamment \u00e0 l\u2019eau. Si votre peau est sensible, il est conseill\u00e9 de rincer d\u00e8s que la sensation de \u00abtension cutan\u00e9e\u00bb devient forte.<\/p>\n<\/div>\n<\/div>\n<\/div>\n<div class=\"content-frequence\">\n<h3>\u062a\u0631\u062f\u062f \u0627\u0644\u0627\u0633\u062a\u062e\u062f\u0627\u0645:<\/h3>\n<div class=\"desc\">\n<div class=\"metafield-rich_text_field\">\n<p>1 fois par semaine.<\/p>\n<\/div>\n<\/div>\n<\/div>\n<div class=\"content-conseil\">\n<h3>\u0646\u0635\u0627\u0626\u062d \u0627\u0644\u062e\u0628\u0631\u0627\u0621:<\/h3>\n<div class=\"desc\">\n<div class=\"metafield-rich_text_field\">\n<p>Le changement de couleur du masque est tout \u00e0 fait normal, il est d\u00fb \u00e0 l&rsquo;\u00e9vaporation de l&rsquo;eau et \u00e0 l&rsquo;absorption des impuret\u00e9s.<\/p>\n<\/div>\n<\/div>\n<\/div>","protected":false},"excerpt":{"rendered":"<p>Novexpert Masque Triple Black 70g Ce masque absorbe les impuret\u00e9s et l\u2019exc\u00e8s de s\u00e9bum, affine les pores et aide les cellules cutan\u00e9es \u00e0 se r\u00e9g\u00e9n\u00e9rer gr\u00e2ce \u00e0 un trio efficace :le charbon actif (purifiant), l\u2019argile noire (matifiante) et la poudre de lave (lissante). Pour une peau matifi\u00e9e, plus homog\u00e8ne et liss\u00e9e chez 100% des utilisateurs. [&hellip;]<\/p>\n","protected":false},"featured_media":21169,"template":"","meta":{"om_disable_all_campaigns":false},"product_brand":[],"product_cat":[15],"product_tag":[9260,9259,9257,9256,7375,9255,9254,9258,9261],"class_list":{"0":"post-21171","1":"product","2":"type-product","3":"status-publish","4":"has-post-thumbnail","6":"product_cat-beaute-sante-complements-alimentaires-soins-et-bien-etre-au-meilleur-prix","7":"product_tag-cosmetique-naturelle","8":"product_tag-masque-anti-imperfections","9":"product_tag-masque-argile-noire","10":"product_tag-masque-charbon-actif","11":"product_tag-masque-matifiant","12":"product_tag-masque-purifiant-visage","13":"product_tag-novexpert-masque-triple-black","14":"product_tag-soin-peau-grasse","15":"product_tag-soin-visage-novexpert","17":"first","18":"instock","19":"sale","20":"taxable","21":"shipping-taxable","22":"purchasable","23":"product-type-simple"},"yoast_head":"<!-- This site is optimized with the Yoast SEO plugin v27.4 - https:\/\/yoast.com\/product\/yoast-seo-wordpress\/ -->\n<title>Novexpert Masque Triple Black 70g 6 Maroc Prix<\/title>\n<meta name=\"description\" content=\"Novexpert Masque Triple Black 70g purifie intens\u00e9ment, absorbe l\u2019exc\u00e8s de s\u00e9bum et affine le grain de peau. Masque naturel au charbon et argile noire\" \/>\n<meta name=\"robots\" content=\"index, follow, max-snippet:-1, max-image-preview:large, max-video-preview:-1\" \/>\n<link rel=\"canonical\" href=\"https:\/\/vitablanca.ma\/ar\/product-2\/novexpert-masque-triple-black-70g\/\" \/>\n<meta property=\"og:locale\" content=\"ar_AR\" \/>\n<meta property=\"og:type\" content=\"article\" \/>\n<meta property=\"og:title\" content=\"Novexpert Masque Triple Black 70g 6 Maroc Prix\" \/>\n<meta property=\"og:description\" content=\"Novexpert Masque Triple Black 70g purifie intens\u00e9ment, absorbe l\u2019exc\u00e8s de s\u00e9bum et affine le grain de peau. Masque naturel au charbon et argile noire\" \/>\n<meta property=\"og:url\" content=\"https:\/\/vitablanca.ma\/ar\/product-2\/novexpert-masque-triple-black-70g\/\" \/>\n<meta property=\"og:site_name\" content=\"Vitablanca.ma &ndash; Sant&eacute;, vitalit&eacute; et bien-&ecirc;tre pour tous les Marocains\" \/>\n<meta property=\"article:publisher\" content=\"https:\/\/www.facebook.com\/profile.php?id=61576678196717\" \/>\n<meta property=\"article:modified_time\" content=\"2026-02-16T19:33:19+00:00\" \/>\n<meta property=\"og:image\" content=\"https:\/\/vitablanca.ma\/wp-content\/uploads\/2025\/06\/Novexpert-Masque-Triple-Black-70g-Nova-para-prix-Maroc.jpg\" \/>\n\t<meta property=\"og:image:width\" content=\"1000\" \/>\n\t<meta property=\"og:image:height\" content=\"1000\" \/>\n\t<meta property=\"og:image:type\" content=\"image\/jpeg\" \/>\n<meta name=\"twitter:card\" content=\"summary_large_image\" \/>\n<meta name=\"twitter:label1\" content=\"\u0648\u0642\u062a \u0627\u0644\u0642\u0631\u0627\u0621\u0629 \u0627\u0644\u0645\u064f\u0642\u062f\u0651\u0631\" \/>\n\t<meta name=\"twitter:data1\" content=\"\u062f\u0642\u064a\u0642\u062a\u0627\u0646\" \/>\n<script type=\"application\/ld+json\" class=\"yoast-schema-graph\">{\"@context\":\"https:\\\/\\\/schema.org\",\"@graph\":[{\"@type\":[\"WebPage\",\"ItemPage\"],\"@id\":\"https:\\\/\\\/vitablanca.ma\\\/produit\\\/novexpert-masque-triple-black-70g\\\/\",\"url\":\"https:\\\/\\\/vitablanca.ma\\\/produit\\\/novexpert-masque-triple-black-70g\\\/\",\"name\":\"Novexpert Masque Triple Black 70g 6 Maroc Prix\",\"isPartOf\":{\"@id\":\"https:\\\/\\\/vitablanca.ma\\\/#website\"},\"primaryImageOfPage\":{\"@id\":\"https:\\\/\\\/vitablanca.ma\\\/produit\\\/novexpert-masque-triple-black-70g\\\/#primaryimage\"},\"image\":{\"@id\":\"https:\\\/\\\/vitablanca.ma\\\/produit\\\/novexpert-masque-triple-black-70g\\\/#primaryimage\"},\"thumbnailUrl\":\"https:\\\/\\\/vitablanca.ma\\\/wp-content\\\/uploads\\\/2025\\\/06\\\/Novexpert-Masque-Triple-Black-70g-Nova-para-prix-Maroc.jpg\",\"datePublished\":\"2025-06-11T21:12:43+00:00\",\"dateModified\":\"2026-02-16T19:33:19+00:00\",\"description\":\"Novexpert Masque Triple Black 70g purifie intens\u00e9ment, absorbe l\u2019exc\u00e8s de s\u00e9bum et affine le grain de peau. Masque naturel au charbon et argile noire\",\"breadcrumb\":{\"@id\":\"https:\\\/\\\/vitablanca.ma\\\/produit\\\/novexpert-masque-triple-black-70g\\\/#breadcrumb\"},\"inLanguage\":\"ar\",\"potentialAction\":[{\"@type\":\"ReadAction\",\"target\":[\"https:\\\/\\\/vitablanca.ma\\\/produit\\\/novexpert-masque-triple-black-70g\\\/\"]}]},{\"@type\":\"ImageObject\",\"inLanguage\":\"ar\",\"@id\":\"https:\\\/\\\/vitablanca.ma\\\/produit\\\/novexpert-masque-triple-black-70g\\\/#primaryimage\",\"url\":\"https:\\\/\\\/vitablanca.ma\\\/wp-content\\\/uploads\\\/2025\\\/06\\\/Novexpert-Masque-Triple-Black-70g-Nova-para-prix-Maroc.jpg\",\"contentUrl\":\"https:\\\/\\\/vitablanca.ma\\\/wp-content\\\/uploads\\\/2025\\\/06\\\/Novexpert-Masque-Triple-Black-70g-Nova-para-prix-Maroc.jpg\",\"width\":1000,\"height\":1000},{\"@type\":\"BreadcrumbList\",\"@id\":\"https:\\\/\\\/vitablanca.ma\\\/produit\\\/novexpert-masque-triple-black-70g\\\/#breadcrumb\",\"itemListElement\":[{\"@type\":\"ListItem\",\"position\":1,\"name\":\"Home\",\"item\":\"https:\\\/\\\/vitablanca.ma\\\/\"},{\"@type\":\"ListItem\",\"position\":2,\"name\":\"Tous Les Produits\",\"item\":\"https:\\\/\\\/vitablanca.ma\\\/tous-les-produits\\\/\"},{\"@type\":\"ListItem\",\"position\":3,\"name\":\"Novexpert Masque Triple Black 70g\"}]},{\"@type\":\"WebSite\",\"@id\":\"https:\\\/\\\/vitablanca.ma\\\/#website\",\"url\":\"https:\\\/\\\/vitablanca.ma\\\/\",\"name\":\"VitaBlanca.ma | Compl\u00e9ments alimentaires, sant\u00e9 & beaut\u00e9 au Maroc\",\"description\":\"vendre vitamines et compl\u00e9ments premium des USA &amp; Canada, Nouvelle Z\u00e9lande,Maroc (NOW Foods, Solgar, Manuka). Livraison rapide partout au Maroc.\",\"publisher\":{\"@id\":\"https:\\\/\\\/vitablanca.ma\\\/#organization\"},\"alternateName\":\"VitaBlanca.ma\",\"potentialAction\":[{\"@type\":\"SearchAction\",\"target\":{\"@type\":\"EntryPoint\",\"urlTemplate\":\"https:\\\/\\\/vitablanca.ma\\\/?s={search_term_string}\"},\"query-input\":{\"@type\":\"PropertyValueSpecification\",\"valueRequired\":true,\"valueName\":\"search_term_string\"}}],\"inLanguage\":\"ar\"},{\"@type\":\"Organization\",\"@id\":\"https:\\\/\\\/vitablanca.ma\\\/#organization\",\"name\":\"VitaBlanca\",\"url\":\"https:\\\/\\\/vitablanca.ma\\\/\",\"logo\":{\"@type\":\"ImageObject\",\"inLanguage\":\"ar\",\"@id\":\"https:\\\/\\\/vitablanca.ma\\\/#\\\/schema\\\/logo\\\/image\\\/\",\"url\":\"https:\\\/\\\/vitablanca.ma\\\/wp-content\\\/uploads\\\/2025\\\/05\\\/cropped-vitablanca.png\",\"contentUrl\":\"https:\\\/\\\/vitablanca.ma\\\/wp-content\\\/uploads\\\/2025\\\/05\\\/cropped-vitablanca.png\",\"width\":360,\"height\":67,\"caption\":\"VitaBlanca\"},\"image\":{\"@id\":\"https:\\\/\\\/vitablanca.ma\\\/#\\\/schema\\\/logo\\\/image\\\/\"},\"sameAs\":[\"https:\\\/\\\/www.facebook.com\\\/profile.php?id=61576678196717\",\"https:\\\/\\\/www.tiktok.com\\\/@vitablanca.ma\",\"https:\\\/\\\/www.instagram.com\\\/vitablanca.ma\\\/\"]}]}<\/script>\n<!-- \/ Yoast SEO plugin. -->","yoast_head_json":{"title":"Novexpert Masque Triple Black 70g 6 Maroc Prix","description":"Novexpert Masque Triple Black 70g purifie intens\u00e9ment, absorbe l\u2019exc\u00e8s de s\u00e9bum et affine le grain de peau. Masque naturel au charbon et argile noire","robots":{"index":"index","follow":"follow","max-snippet":"max-snippet:-1","max-image-preview":"max-image-preview:large","max-video-preview":"max-video-preview:-1"},"canonical":"https:\/\/vitablanca.ma\/ar\/product-2\/novexpert-masque-triple-black-70g\/","og_locale":"ar_AR","og_type":"article","og_title":"Novexpert Masque Triple Black 70g 6 Maroc Prix","og_description":"Novexpert Masque Triple Black 70g purifie intens\u00e9ment, absorbe l\u2019exc\u00e8s de s\u00e9bum et affine le grain de peau. Masque naturel au charbon et argile noire","og_url":"https:\/\/vitablanca.ma\/ar\/product-2\/novexpert-masque-triple-black-70g\/","og_site_name":"Vitablanca.ma &ndash; Sant&eacute;, vitalit&eacute; et bien-&ecirc;tre pour tous les Marocains","article_publisher":"https:\/\/www.facebook.com\/profile.php?id=61576678196717","article_modified_time":"2026-02-16T19:33:19+00:00","og_image":[{"width":1000,"height":1000,"url":"https:\/\/vitablanca.ma\/wp-content\/uploads\/2025\/06\/Novexpert-Masque-Triple-Black-70g-Nova-para-prix-Maroc.jpg","type":"image\/jpeg"}],"twitter_card":"summary_large_image","twitter_misc":{"\u0648\u0642\u062a \u0627\u0644\u0642\u0631\u0627\u0621\u0629 \u0627\u0644\u0645\u064f\u0642\u062f\u0651\u0631":"\u062f\u0642\u064a\u0642\u062a\u0627\u0646"},"schema":{"@context":"https:\/\/schema.org","@graph":[{"@type":["WebPage","ItemPage"],"@id":"https:\/\/vitablanca.ma\/produit\/novexpert-masque-triple-black-70g\/","url":"https:\/\/vitablanca.ma\/produit\/novexpert-masque-triple-black-70g\/","name":"Novexpert Masque Triple Black 70g 6 Maroc Prix","isPartOf":{"@id":"https:\/\/vitablanca.ma\/#website"},"primaryImageOfPage":{"@id":"https:\/\/vitablanca.ma\/produit\/novexpert-masque-triple-black-70g\/#primaryimage"},"image":{"@id":"https:\/\/vitablanca.ma\/produit\/novexpert-masque-triple-black-70g\/#primaryimage"},"thumbnailUrl":"https:\/\/vitablanca.ma\/wp-content\/uploads\/2025\/06\/Novexpert-Masque-Triple-Black-70g-Nova-para-prix-Maroc.jpg","datePublished":"2025-06-11T21:12:43+00:00","dateModified":"2026-02-16T19:33:19+00:00","description":"Novexpert Masque Triple Black 70g purifie intens\u00e9ment, absorbe l\u2019exc\u00e8s de s\u00e9bum et affine le grain de peau. Masque naturel au charbon et argile noire","breadcrumb":{"@id":"https:\/\/vitablanca.ma\/produit\/novexpert-masque-triple-black-70g\/#breadcrumb"},"inLanguage":"ar","potentialAction":[{"@type":"ReadAction","target":["https:\/\/vitablanca.ma\/produit\/novexpert-masque-triple-black-70g\/"]}]},{"@type":"ImageObject","inLanguage":"ar","@id":"https:\/\/vitablanca.ma\/produit\/novexpert-masque-triple-black-70g\/#primaryimage","url":"https:\/\/vitablanca.ma\/wp-content\/uploads\/2025\/06\/Novexpert-Masque-Triple-Black-70g-Nova-para-prix-Maroc.jpg","contentUrl":"https:\/\/vitablanca.ma\/wp-content\/uploads\/2025\/06\/Novexpert-Masque-Triple-Black-70g-Nova-para-prix-Maroc.jpg","width":1000,"height":1000},{"@type":"BreadcrumbList","@id":"https:\/\/vitablanca.ma\/produit\/novexpert-masque-triple-black-70g\/#breadcrumb","itemListElement":[{"@type":"ListItem","position":1,"name":"Home","item":"https:\/\/vitablanca.ma\/"},{"@type":"ListItem","position":2,"name":"Tous Les Produits","item":"https:\/\/vitablanca.ma\/tous-les-produits\/"},{"@type":"ListItem","position":3,"name":"Novexpert Masque Triple Black 70g"}]},{"@type":"WebSite","@id":"https:\/\/vitablanca.ma\/#website","url":"https:\/\/vitablanca.ma\/","name":"VitaBlanca.ma | \u0627\u0644\u0645\u0643\u0645\u0644\u0627\u062a \u0627\u0644\u063a\u0630\u0627\u0626\u064a\u0629\u060c \u0627\u0644\u0635\u062d\u0629 \u0648\u0627\u0644\u062c\u0645\u0627\u0644 \u0641\u064a \u0627\u0644\u0645\u063a\u0631\u0628","description":"\u0646\u0628\u064a\u0639 \u0641\u064a\u062a\u0627\u0645\u064a\u0646\u0627\u062a \u0648\u0645\u0643\u0645\u0644\u0627\u062a \u063a\u0630\u0627\u0626\u064a\u0629 \u0641\u0627\u062e\u0631\u0629 \u0645\u0646 \u0627\u0644\u0648\u0644\u0627\u064a\u0627\u062a \u0627\u0644\u0645\u062a\u062d\u062f\u0629 \u0627\u0644\u0623\u0645\u0631\u064a\u0643\u064a\u0629 \u0648\u0643\u0646\u062f\u0627 \u0648\u0646\u064a\u0648\u0632\u064a\u0644\u0646\u062f\u0627 \u0648\u0627\u0644\u0645\u063a\u0631\u0628 (\u0646\u0627\u0648 \u0641\u0648\u062f\u0632\u060c \u0633\u0648\u0644\u062c\u0627\u0631\u060c \u0645\u0627\u0646\u0648\u0643\u0627). \u062a\u0648\u0635\u064a\u0644 \u0633\u0631\u064a\u0639 \u0625\u0644\u0649 \u062c\u0645\u064a\u0639 \u0623\u0646\u062d\u0627\u0621 \u0627\u0644\u0645\u063a\u0631\u0628.","publisher":{"@id":"https:\/\/vitablanca.ma\/#organization"},"alternateName":"VitaBlanca.ma","potentialAction":[{"@type":"SearchAction","target":{"@type":"EntryPoint","urlTemplate":"https:\/\/vitablanca.ma\/?s={search_term_string}"},"query-input":{"@type":"PropertyValueSpecification","valueRequired":true,"valueName":"search_term_string"}}],"inLanguage":"ar"},{"@type":"Organization","@id":"https:\/\/vitablanca.ma\/#organization","name":"\u0641\u064a\u062a\u0627\u0628\u0644\u0627\u0646\u0643\u0627","url":"https:\/\/vitablanca.ma\/","logo":{"@type":"ImageObject","inLanguage":"ar","@id":"https:\/\/vitablanca.ma\/#\/schema\/logo\/image\/","url":"https:\/\/vitablanca.ma\/wp-content\/uploads\/2025\/05\/cropped-vitablanca.png","contentUrl":"https:\/\/vitablanca.ma\/wp-content\/uploads\/2025\/05\/cropped-vitablanca.png","width":360,"height":67,"caption":"VitaBlanca"},"image":{"@id":"https:\/\/vitablanca.ma\/#\/schema\/logo\/image\/"},"sameAs":["https:\/\/www.facebook.com\/profile.php?id=61576678196717","https:\/\/www.tiktok.com\/@vitablanca.ma","https:\/\/www.instagram.com\/vitablanca.ma\/"]}]}},"jetpack_sharing_enabled":true,"_links":{"self":[{"href":"https:\/\/vitablanca.ma\/ar\/wp-json\/wp\/v2\/product\/21171","targetHints":{"allow":["GET"]}}],"collection":[{"href":"https:\/\/vitablanca.ma\/ar\/wp-json\/wp\/v2\/product"}],"about":[{"href":"https:\/\/vitablanca.ma\/ar\/wp-json\/wp\/v2\/types\/product"}],"wp:featuredmedia":[{"embeddable":true,"href":"https:\/\/vitablanca.ma\/ar\/wp-json\/wp\/v2\/media\/21169"}],"wp:attachment":[{"href":"https:\/\/vitablanca.ma\/ar\/wp-json\/wp\/v2\/media?parent=21171"}],"wp:term":[{"taxonomy":"product_brand","embeddable":true,"href":"https:\/\/vitablanca.ma\/ar\/wp-json\/wp\/v2\/product_brand?post=21171"},{"taxonomy":"product_cat","embeddable":true,"href":"https:\/\/vitablanca.ma\/ar\/wp-json\/wp\/v2\/product_cat?post=21171"},{"taxonomy":"product_tag","embeddable":true,"href":"https:\/\/vitablanca.ma\/ar\/wp-json\/wp\/v2\/product_tag?post=21171"}],"curies":[{"name":"wp","href":"https:\/\/api.w.org\/{rel}","templated":true}]}}