{"id":21168,"date":"2025-06-11T21:12:37","date_gmt":"2025-06-11T21:12:37","guid":{"rendered":"https:\/\/vitablanca.ma\/product\/novexpert-brume-hydro-tonique-a-lacide-hyaluronique-100ml\/"},"modified":"2026-02-16T19:35:05","modified_gmt":"2026-02-16T19:35:05","slug":"novexpert-brume-hydro-tonique-a-lacide-hyaluronique-100ml","status":"publish","type":"product","link":"https:\/\/vitablanca.ma\/ar\/product-2\/novexpert-brume-hydro-tonique-a-lacide-hyaluronique-100ml\/","title":{"rendered":"Novexpert Brume Hydro-Tonique \u00e0 l&rsquo;Acide Hyaluronique 100ml"},"content":{"rendered":"<h2>Novexpert Brume Hydro-Tonique \u00e0 l&rsquo;Acide Hyaluronique.<\/h2>\n<p>Une seule pression qui vaporise un nuage de gouttelettes micronis\u00e9es d\u2019acide hyaluronique. C\u2019est ce que propose la Brume Hydro-Tonique \u00e0 la fois tonique, fixateur de maquillage et\u00a0<strong>soin expert concentr\u00e9 en actifs anti-\u00e2ge pointus.<\/strong>\u062c\u0645\u064a\u0639 \u0623\u0646\u0648\u0627\u0639 \u0627\u0644\u0628\u0634\u0631\u0629.<br \/>\n100\u0645\u0644.<\/p>\n<div class=\"grid__cell 2\/3--lap-and-up\">\n<div class=\"product__history-description rte\">\n<p><strong>Il n\u2019y a pas de d\u00e9bat<\/strong>, la star de l\u2019anti-\u00e2ge c&rsquo;est bien l\u2019Acide Hyaluronique<strong>\u00a0<\/strong>(AH).<\/p>\n<p><strong>\u00a0Novexpert le d\u00e9cline dans tout type de texture<\/strong>\u00a0<strong>mais cette fois-ci c&rsquo;est en Brume !<\/strong>\u00a0Un spray tonique aux actifs anti-\u00e2ge, utilis\u00e9 aussi pour se rafra\u00eechir ou fixer le maquillage. Les peaux grasses ou mixtes appr\u00e9cieront cette texture l\u00e9g\u00e8re sous forme de gouttelettes micronis\u00e9es tandis que les peaux s\u00e8ches profiteront \u00e0 toute heure d\u2019un \u00ab\u00a0<strong>boost<\/strong>\u00a0\u00bb d\u2019Acide Hyaluronique. Le diffuseur pr\u00e9serve ainsi une hygi\u00e8ne totale et assure une utilisation \u00e9conomique et pratique en \u00e9vitant l\u2019utilisation de coton. Un produit hybride, pens\u00e9 pour vous accompagner 24\/24h.<\/p>\n<p><strong>Le petit plus :\u00a0<\/strong>son format 100 ml, vous accompagnera jusque dans l\u2019avion\u2026<\/p>\n<h3 class=\"product__usage-title --color --border\">\u0637\u0644\u0628<\/h3>\n<div class=\"rte\">\n<p><strong>Tenir \u00e0 30 cm du visage<\/strong>, fermez les yeux et vaporisez 2 \u00e0 3 fois pour couvrir le visage. Laissez agir\u00a0<strong>10 secondes<\/strong>\u00a0puis s\u00e9chez d\u00e9licatement. \u00c0 utiliser apr\u00e8s<strong>\u00a0<\/strong>le d\u00e9maquillage, nettoyage, avant un soin, pour fixer<strong>\u00a0<\/strong>le maquillage et pour hydrater ou simplement se rafra\u00eechir \u2026<\/p>\n<\/div>\n<\/div>\n<\/div>","protected":false},"excerpt":{"rendered":"<p>Novexpert Brume Hydro-Tonique \u00e0 l&rsquo;Acide Hyaluronique. Une seule pression qui vaporise un nuage de gouttelettes micronis\u00e9es d\u2019acide hyaluronique. C\u2019est ce que propose la Brume Hydro-Tonique \u00e0 la fois tonique, fixateur de maquillage et\u00a0soin expert concentr\u00e9 en actifs anti-\u00e2ge pointus.Tous types de peaux. 100ml. Il n\u2019y a pas de d\u00e9bat, la star de l\u2019anti-\u00e2ge c&rsquo;est bien [&hellip;]<\/p>\n","protected":false},"featured_media":21167,"template":"","meta":{"om_disable_all_campaigns":false},"product_brand":[],"product_cat":[15],"product_tag":[9263,9267,9268,9264,9262,9266,9265],"class_list":{"0":"post-21168","1":"product","2":"type-product","3":"status-publish","4":"has-post-thumbnail","6":"product_cat-beaute-sante-complements-alimentaires-soins-et-bien-etre-au-meilleur-prix","7":"product_tag-brume-acide-hyaluronique","8":"product_tag-brume-repulpante","9":"product_tag-cosmetique-naturelle-novexpert","10":"product_tag-lotion-hydratante-visage","11":"product_tag-novexpert-brume-hydro-tonique","12":"product_tag-soin-visage-peau-sensible","13":"product_tag-spray-hydratant-naturel","15":"first","16":"instock","17":"sale","18":"taxable","19":"shipping-taxable","20":"purchasable","21":"product-type-simple"},"yoast_head":"<!-- This site is optimized with the Yoast SEO plugin v27.4 - https:\/\/yoast.com\/product\/yoast-seo-wordpress\/ -->\n<title>Novexpert Brume Hydro-Tonique \u00e0 l&#039;Acide 100ml - Maroc Prix<\/title>\n<meta name=\"description\" content=\"Novexpert Brume Hydro-Tonique 100ml \u00e0 l\u2019Acide Hyaluronique hydrate, repulpe et rafra\u00eechit la peau. Soin visage naturel id\u00e9al pour toutes les peaux.\" \/>\n<meta name=\"robots\" content=\"index, follow, max-snippet:-1, max-image-preview:large, max-video-preview:-1\" \/>\n<link rel=\"canonical\" href=\"https:\/\/vitablanca.ma\/ar\/product-2\/novexpert-brume-hydro-tonique-a-lacide-hyaluronique-100ml\/\" \/>\n<meta property=\"og:locale\" content=\"ar_AR\" \/>\n<meta property=\"og:type\" content=\"article\" \/>\n<meta property=\"og:title\" content=\"Novexpert Brume Hydro-Tonique \u00e0 l&#039;Acide 100ml - Maroc Prix\" \/>\n<meta property=\"og:description\" content=\"Novexpert Brume Hydro-Tonique 100ml \u00e0 l\u2019Acide Hyaluronique hydrate, repulpe et rafra\u00eechit la peau. Soin visage naturel id\u00e9al pour toutes les peaux.\" \/>\n<meta property=\"og:url\" content=\"https:\/\/vitablanca.ma\/ar\/product-2\/novexpert-brume-hydro-tonique-a-lacide-hyaluronique-100ml\/\" \/>\n<meta property=\"og:site_name\" content=\"Vitablanca.ma &ndash; Sant&eacute;, vitalit&eacute; et bien-&ecirc;tre pour tous les Marocains\" \/>\n<meta property=\"article:publisher\" content=\"https:\/\/www.facebook.com\/profile.php?id=61576678196717\" \/>\n<meta property=\"article:modified_time\" content=\"2026-02-16T19:35:05+00:00\" \/>\n<meta property=\"og:image\" content=\"https:\/\/vitablanca.ma\/wp-content\/uploads\/2025\/06\/Novexpert-Brume-Hydro-Tonique-a-l_Acide-Hyaluronique-100ml-nova-parapharmacie-casablanca_c1ec05a0-ec49-4fc2-965b-f638331f4b6f.jpg\" \/>\n\t<meta property=\"og:image:width\" content=\"1000\" \/>\n\t<meta property=\"og:image:height\" content=\"1000\" \/>\n\t<meta property=\"og:image:type\" content=\"image\/jpeg\" \/>\n<meta name=\"twitter:card\" content=\"summary_large_image\" \/>\n<meta name=\"twitter:label1\" content=\"\u0648\u0642\u062a \u0627\u0644\u0642\u0631\u0627\u0621\u0629 \u0627\u0644\u0645\u064f\u0642\u062f\u0651\u0631\" \/>\n\t<meta name=\"twitter:data1\" content=\"\u062f\u0642\u064a\u0642\u062a\u0627\u0646\" \/>\n<script type=\"application\/ld+json\" class=\"yoast-schema-graph\">{\"@context\":\"https:\\\/\\\/schema.org\",\"@graph\":[{\"@type\":[\"WebPage\",\"ItemPage\"],\"@id\":\"https:\\\/\\\/vitablanca.ma\\\/produit\\\/novexpert-brume-hydro-tonique-a-lacide-hyaluronique-100ml\\\/\",\"url\":\"https:\\\/\\\/vitablanca.ma\\\/produit\\\/novexpert-brume-hydro-tonique-a-lacide-hyaluronique-100ml\\\/\",\"name\":\"Novexpert Brume Hydro-Tonique \u00e0 l'Acide 100ml - Maroc Prix\",\"isPartOf\":{\"@id\":\"https:\\\/\\\/vitablanca.ma\\\/#website\"},\"primaryImageOfPage\":{\"@id\":\"https:\\\/\\\/vitablanca.ma\\\/produit\\\/novexpert-brume-hydro-tonique-a-lacide-hyaluronique-100ml\\\/#primaryimage\"},\"image\":{\"@id\":\"https:\\\/\\\/vitablanca.ma\\\/produit\\\/novexpert-brume-hydro-tonique-a-lacide-hyaluronique-100ml\\\/#primaryimage\"},\"thumbnailUrl\":\"https:\\\/\\\/vitablanca.ma\\\/wp-content\\\/uploads\\\/2025\\\/06\\\/Novexpert-Brume-Hydro-Tonique-a-l_Acide-Hyaluronique-100ml-nova-parapharmacie-casablanca_c1ec05a0-ec49-4fc2-965b-f638331f4b6f.jpg\",\"datePublished\":\"2025-06-11T21:12:37+00:00\",\"dateModified\":\"2026-02-16T19:35:05+00:00\",\"description\":\"Novexpert Brume Hydro-Tonique 100ml \u00e0 l\u2019Acide Hyaluronique hydrate, repulpe et rafra\u00eechit la peau. Soin visage naturel id\u00e9al pour toutes les peaux.\",\"breadcrumb\":{\"@id\":\"https:\\\/\\\/vitablanca.ma\\\/produit\\\/novexpert-brume-hydro-tonique-a-lacide-hyaluronique-100ml\\\/#breadcrumb\"},\"inLanguage\":\"ar\",\"potentialAction\":[{\"@type\":\"ReadAction\",\"target\":[\"https:\\\/\\\/vitablanca.ma\\\/produit\\\/novexpert-brume-hydro-tonique-a-lacide-hyaluronique-100ml\\\/\"]}]},{\"@type\":\"ImageObject\",\"inLanguage\":\"ar\",\"@id\":\"https:\\\/\\\/vitablanca.ma\\\/produit\\\/novexpert-brume-hydro-tonique-a-lacide-hyaluronique-100ml\\\/#primaryimage\",\"url\":\"https:\\\/\\\/vitablanca.ma\\\/wp-content\\\/uploads\\\/2025\\\/06\\\/Novexpert-Brume-Hydro-Tonique-a-l_Acide-Hyaluronique-100ml-nova-parapharmacie-casablanca_c1ec05a0-ec49-4fc2-965b-f638331f4b6f.jpg\",\"contentUrl\":\"https:\\\/\\\/vitablanca.ma\\\/wp-content\\\/uploads\\\/2025\\\/06\\\/Novexpert-Brume-Hydro-Tonique-a-l_Acide-Hyaluronique-100ml-nova-parapharmacie-casablanca_c1ec05a0-ec49-4fc2-965b-f638331f4b6f.jpg\",\"width\":1000,\"height\":1000},{\"@type\":\"BreadcrumbList\",\"@id\":\"https:\\\/\\\/vitablanca.ma\\\/produit\\\/novexpert-brume-hydro-tonique-a-lacide-hyaluronique-100ml\\\/#breadcrumb\",\"itemListElement\":[{\"@type\":\"ListItem\",\"position\":1,\"name\":\"Home\",\"item\":\"https:\\\/\\\/vitablanca.ma\\\/\"},{\"@type\":\"ListItem\",\"position\":2,\"name\":\"Tous Les Produits\",\"item\":\"https:\\\/\\\/vitablanca.ma\\\/tous-les-produits\\\/\"},{\"@type\":\"ListItem\",\"position\":3,\"name\":\"Novexpert Brume Hydro-Tonique \u00e0 l&#8217;Acide Hyaluronique 100ml\"}]},{\"@type\":\"WebSite\",\"@id\":\"https:\\\/\\\/vitablanca.ma\\\/#website\",\"url\":\"https:\\\/\\\/vitablanca.ma\\\/\",\"name\":\"VitaBlanca.ma | Compl\u00e9ments alimentaires, sant\u00e9 & beaut\u00e9 au Maroc\",\"description\":\"vendre vitamines et compl\u00e9ments premium des USA &amp; Canada, Nouvelle Z\u00e9lande,Maroc (NOW Foods, Solgar, Manuka). Livraison rapide partout au Maroc.\",\"publisher\":{\"@id\":\"https:\\\/\\\/vitablanca.ma\\\/#organization\"},\"alternateName\":\"VitaBlanca.ma\",\"potentialAction\":[{\"@type\":\"SearchAction\",\"target\":{\"@type\":\"EntryPoint\",\"urlTemplate\":\"https:\\\/\\\/vitablanca.ma\\\/?s={search_term_string}\"},\"query-input\":{\"@type\":\"PropertyValueSpecification\",\"valueRequired\":true,\"valueName\":\"search_term_string\"}}],\"inLanguage\":\"ar\"},{\"@type\":\"Organization\",\"@id\":\"https:\\\/\\\/vitablanca.ma\\\/#organization\",\"name\":\"VitaBlanca\",\"url\":\"https:\\\/\\\/vitablanca.ma\\\/\",\"logo\":{\"@type\":\"ImageObject\",\"inLanguage\":\"ar\",\"@id\":\"https:\\\/\\\/vitablanca.ma\\\/#\\\/schema\\\/logo\\\/image\\\/\",\"url\":\"https:\\\/\\\/vitablanca.ma\\\/wp-content\\\/uploads\\\/2025\\\/05\\\/cropped-vitablanca.png\",\"contentUrl\":\"https:\\\/\\\/vitablanca.ma\\\/wp-content\\\/uploads\\\/2025\\\/05\\\/cropped-vitablanca.png\",\"width\":360,\"height\":67,\"caption\":\"VitaBlanca\"},\"image\":{\"@id\":\"https:\\\/\\\/vitablanca.ma\\\/#\\\/schema\\\/logo\\\/image\\\/\"},\"sameAs\":[\"https:\\\/\\\/www.facebook.com\\\/profile.php?id=61576678196717\",\"https:\\\/\\\/www.tiktok.com\\\/@vitablanca.ma\",\"https:\\\/\\\/www.instagram.com\\\/vitablanca.ma\\\/\"]}]}<\/script>\n<!-- \/ Yoast SEO plugin. -->","yoast_head_json":{"title":"Novexpert Brume Hydro-Tonique \u00e0 l'Acide 100ml - Maroc Prix","description":"Novexpert Brume Hydro-Tonique 100ml \u00e0 l\u2019Acide Hyaluronique hydrate, repulpe et rafra\u00eechit la peau. Soin visage naturel id\u00e9al pour toutes les peaux.","robots":{"index":"index","follow":"follow","max-snippet":"max-snippet:-1","max-image-preview":"max-image-preview:large","max-video-preview":"max-video-preview:-1"},"canonical":"https:\/\/vitablanca.ma\/ar\/product-2\/novexpert-brume-hydro-tonique-a-lacide-hyaluronique-100ml\/","og_locale":"ar_AR","og_type":"article","og_title":"Novexpert Brume Hydro-Tonique \u00e0 l'Acide 100ml - Maroc Prix","og_description":"Novexpert Brume Hydro-Tonique 100ml \u00e0 l\u2019Acide Hyaluronique hydrate, repulpe et rafra\u00eechit la peau. Soin visage naturel id\u00e9al pour toutes les peaux.","og_url":"https:\/\/vitablanca.ma\/ar\/product-2\/novexpert-brume-hydro-tonique-a-lacide-hyaluronique-100ml\/","og_site_name":"Vitablanca.ma &ndash; Sant&eacute;, vitalit&eacute; et bien-&ecirc;tre pour tous les Marocains","article_publisher":"https:\/\/www.facebook.com\/profile.php?id=61576678196717","article_modified_time":"2026-02-16T19:35:05+00:00","og_image":[{"width":1000,"height":1000,"url":"https:\/\/vitablanca.ma\/wp-content\/uploads\/2025\/06\/Novexpert-Brume-Hydro-Tonique-a-l_Acide-Hyaluronique-100ml-nova-parapharmacie-casablanca_c1ec05a0-ec49-4fc2-965b-f638331f4b6f.jpg","type":"image\/jpeg"}],"twitter_card":"summary_large_image","twitter_misc":{"\u0648\u0642\u062a \u0627\u0644\u0642\u0631\u0627\u0621\u0629 \u0627\u0644\u0645\u064f\u0642\u062f\u0651\u0631":"\u062f\u0642\u064a\u0642\u062a\u0627\u0646"},"schema":{"@context":"https:\/\/schema.org","@graph":[{"@type":["WebPage","ItemPage"],"@id":"https:\/\/vitablanca.ma\/produit\/novexpert-brume-hydro-tonique-a-lacide-hyaluronique-100ml\/","url":"https:\/\/vitablanca.ma\/produit\/novexpert-brume-hydro-tonique-a-lacide-hyaluronique-100ml\/","name":"Novexpert Brume Hydro-Tonique \u00e0 l'Acide 100ml - Maroc Prix","isPartOf":{"@id":"https:\/\/vitablanca.ma\/#website"},"primaryImageOfPage":{"@id":"https:\/\/vitablanca.ma\/produit\/novexpert-brume-hydro-tonique-a-lacide-hyaluronique-100ml\/#primaryimage"},"image":{"@id":"https:\/\/vitablanca.ma\/produit\/novexpert-brume-hydro-tonique-a-lacide-hyaluronique-100ml\/#primaryimage"},"thumbnailUrl":"https:\/\/vitablanca.ma\/wp-content\/uploads\/2025\/06\/Novexpert-Brume-Hydro-Tonique-a-l_Acide-Hyaluronique-100ml-nova-parapharmacie-casablanca_c1ec05a0-ec49-4fc2-965b-f638331f4b6f.jpg","datePublished":"2025-06-11T21:12:37+00:00","dateModified":"2026-02-16T19:35:05+00:00","description":"Novexpert Brume Hydro-Tonique 100ml \u00e0 l\u2019Acide Hyaluronique hydrate, repulpe et rafra\u00eechit la peau. Soin visage naturel id\u00e9al pour toutes les peaux.","breadcrumb":{"@id":"https:\/\/vitablanca.ma\/produit\/novexpert-brume-hydro-tonique-a-lacide-hyaluronique-100ml\/#breadcrumb"},"inLanguage":"ar","potentialAction":[{"@type":"ReadAction","target":["https:\/\/vitablanca.ma\/produit\/novexpert-brume-hydro-tonique-a-lacide-hyaluronique-100ml\/"]}]},{"@type":"ImageObject","inLanguage":"ar","@id":"https:\/\/vitablanca.ma\/produit\/novexpert-brume-hydro-tonique-a-lacide-hyaluronique-100ml\/#primaryimage","url":"https:\/\/vitablanca.ma\/wp-content\/uploads\/2025\/06\/Novexpert-Brume-Hydro-Tonique-a-l_Acide-Hyaluronique-100ml-nova-parapharmacie-casablanca_c1ec05a0-ec49-4fc2-965b-f638331f4b6f.jpg","contentUrl":"https:\/\/vitablanca.ma\/wp-content\/uploads\/2025\/06\/Novexpert-Brume-Hydro-Tonique-a-l_Acide-Hyaluronique-100ml-nova-parapharmacie-casablanca_c1ec05a0-ec49-4fc2-965b-f638331f4b6f.jpg","width":1000,"height":1000},{"@type":"BreadcrumbList","@id":"https:\/\/vitablanca.ma\/produit\/novexpert-brume-hydro-tonique-a-lacide-hyaluronique-100ml\/#breadcrumb","itemListElement":[{"@type":"ListItem","position":1,"name":"Home","item":"https:\/\/vitablanca.ma\/"},{"@type":"ListItem","position":2,"name":"Tous Les Produits","item":"https:\/\/vitablanca.ma\/tous-les-produits\/"},{"@type":"ListItem","position":3,"name":"Novexpert Brume Hydro-Tonique \u00e0 l&#8217;Acide Hyaluronique 100ml"}]},{"@type":"WebSite","@id":"https:\/\/vitablanca.ma\/#website","url":"https:\/\/vitablanca.ma\/","name":"VitaBlanca.ma | \u0627\u0644\u0645\u0643\u0645\u0644\u0627\u062a \u0627\u0644\u063a\u0630\u0627\u0626\u064a\u0629\u060c \u0627\u0644\u0635\u062d\u0629 \u0648\u0627\u0644\u062c\u0645\u0627\u0644 \u0641\u064a \u0627\u0644\u0645\u063a\u0631\u0628","description":"\u0646\u0628\u064a\u0639 \u0641\u064a\u062a\u0627\u0645\u064a\u0646\u0627\u062a \u0648\u0645\u0643\u0645\u0644\u0627\u062a \u063a\u0630\u0627\u0626\u064a\u0629 \u0641\u0627\u062e\u0631\u0629 \u0645\u0646 \u0627\u0644\u0648\u0644\u0627\u064a\u0627\u062a \u0627\u0644\u0645\u062a\u062d\u062f\u0629 \u0627\u0644\u0623\u0645\u0631\u064a\u0643\u064a\u0629 \u0648\u0643\u0646\u062f\u0627 \u0648\u0646\u064a\u0648\u0632\u064a\u0644\u0646\u062f\u0627 \u0648\u0627\u0644\u0645\u063a\u0631\u0628 (\u0646\u0627\u0648 \u0641\u0648\u062f\u0632\u060c \u0633\u0648\u0644\u062c\u0627\u0631\u060c \u0645\u0627\u0646\u0648\u0643\u0627). \u062a\u0648\u0635\u064a\u0644 \u0633\u0631\u064a\u0639 \u0625\u0644\u0649 \u062c\u0645\u064a\u0639 \u0623\u0646\u062d\u0627\u0621 \u0627\u0644\u0645\u063a\u0631\u0628.","publisher":{"@id":"https:\/\/vitablanca.ma\/#organization"},"alternateName":"VitaBlanca.ma","potentialAction":[{"@type":"SearchAction","target":{"@type":"EntryPoint","urlTemplate":"https:\/\/vitablanca.ma\/?s={search_term_string}"},"query-input":{"@type":"PropertyValueSpecification","valueRequired":true,"valueName":"search_term_string"}}],"inLanguage":"ar"},{"@type":"Organization","@id":"https:\/\/vitablanca.ma\/#organization","name":"\u0641\u064a\u062a\u0627\u0628\u0644\u0627\u0646\u0643\u0627","url":"https:\/\/vitablanca.ma\/","logo":{"@type":"ImageObject","inLanguage":"ar","@id":"https:\/\/vitablanca.ma\/#\/schema\/logo\/image\/","url":"https:\/\/vitablanca.ma\/wp-content\/uploads\/2025\/05\/cropped-vitablanca.png","contentUrl":"https:\/\/vitablanca.ma\/wp-content\/uploads\/2025\/05\/cropped-vitablanca.png","width":360,"height":67,"caption":"VitaBlanca"},"image":{"@id":"https:\/\/vitablanca.ma\/#\/schema\/logo\/image\/"},"sameAs":["https:\/\/www.facebook.com\/profile.php?id=61576678196717","https:\/\/www.tiktok.com\/@vitablanca.ma","https:\/\/www.instagram.com\/vitablanca.ma\/"]}]}},"jetpack_sharing_enabled":true,"_links":{"self":[{"href":"https:\/\/vitablanca.ma\/ar\/wp-json\/wp\/v2\/product\/21168","targetHints":{"allow":["GET"]}}],"collection":[{"href":"https:\/\/vitablanca.ma\/ar\/wp-json\/wp\/v2\/product"}],"about":[{"href":"https:\/\/vitablanca.ma\/ar\/wp-json\/wp\/v2\/types\/product"}],"wp:featuredmedia":[{"embeddable":true,"href":"https:\/\/vitablanca.ma\/ar\/wp-json\/wp\/v2\/media\/21167"}],"wp:attachment":[{"href":"https:\/\/vitablanca.ma\/ar\/wp-json\/wp\/v2\/media?parent=21168"}],"wp:term":[{"taxonomy":"product_brand","embeddable":true,"href":"https:\/\/vitablanca.ma\/ar\/wp-json\/wp\/v2\/product_brand?post=21168"},{"taxonomy":"product_cat","embeddable":true,"href":"https:\/\/vitablanca.ma\/ar\/wp-json\/wp\/v2\/product_cat?post=21168"},{"taxonomy":"product_tag","embeddable":true,"href":"https:\/\/vitablanca.ma\/ar\/wp-json\/wp\/v2\/product_tag?post=21168"}],"curies":[{"name":"wp","href":"https:\/\/api.w.org\/{rel}","templated":true}]}}