{"id":21166,"date":"2025-06-11T21:12:33","date_gmt":"2025-06-11T21:12:33","guid":{"rendered":"https:\/\/vitablanca.ma\/product\/novexpert-gommage-douceur-hydro-biotique-magnesium-60ml\/"},"modified":"2026-02-16T19:37:42","modified_gmt":"2026-02-16T19:37:42","slug":"novexpert-gommage-douceur-hydro-biotique-magnesium-60ml","status":"publish","type":"product","link":"https:\/\/vitablanca.ma\/ar\/product-2\/novexpert-gommage-douceur-hydro-biotique-magnesium-60ml\/","title":{"rendered":"\u0645\u0642\u0634\u0631 \u0627\u0644\u0645\u063a\u0646\u064a\u0633\u064a\u0648\u0645 \u0627\u0644\u0644\u0637\u064a\u0641 \u0645\u0646 \u0646\u0648\u0641\u064a\u0643\u0633\u0628\u0631\u062a \u0647\u064a\u062f\u0631\u0648\u0628\u064a\u0648\u062a\u064a\u0643 60 \u0645\u0644"},"content":{"rendered":"<h2>Novexpert Gommage Douceur Hydro-Biotique Magn\u00e9sium\u00a0qui n\u2019oublie ni vos l\u00e8vres, ni les peaux sensibles.<\/h2>\n<p class=\"product__subtitle\">Un gommage c\u2019est forc\u00e9ment efficace. Mais c\u00f4t\u00e9\u00a0<strong>hydratation, confort et douceur<\/strong>, le gommage est souvent aux abonn\u00e9s absents. Plus maintenant avec le Gommage Douceur Hydro-Biotique !<br \/>\n60ml.<\/p>\n<p><strong>Le Gommage tient une place \u00e0 part dans la cosm\u00e9tique :\u00a0<\/strong>chacun lui reconnait ses r\u00e9sultats imm\u00e9diats sur la peau. Mais l\u2019envers de la m\u00e9daille est son c\u00f4t\u00e9 parfois trop abrasif voire ass\u00e9chant.<\/p>\n<p><strong>Faudrait-il souffrir pour profiter des propri\u00e9t\u00e9s d\u2019un Gommage ?<\/strong>\u00a0Et les peaux sensibles devraient-elles se l\u2019interdire ? Face \u00e0 cette \u2018\u2019discrimination\u2018\u2019 les laboratoires Novexpert ont d\u00e9cid\u00e9 de relever le d\u00e9fi :<\/p>\n<ul>\n<li>\u00eatre compatible avec les peaux sensibles<\/li>\n<li>\u00eatre hydratant &amp; adoucissant<\/li>\n<li>gommer toutes les zones sensibles du visage y compris les l\u00e8vres !<\/li>\n<\/ul>\n<p><strong>\u00a0Pari r\u00e9ussi pour ce Gommage Douceur Hydrobiotique \u00e0 la triple action !<\/strong><\/p>\n<h3 class=\"product__usage-title --color --border\">\u0637\u0644\u0628<\/h3>\n<div class=\"rte\">\n<p><strong>Appliquez le Gommage Douceur de fa\u00e7on g\u00e9n\u00e9reuse sur une peau nettoy\u00e9e et humide.\u00a0<\/strong>Massez d\u00e9licatement puis rincez abondamment \u00e0 l\u2019eau ti\u00e8de ou froide. \u00c9vitez le contour des yeux.<br \/>\n\u062a\u0643\u0631\u0627\u0631 \u0627\u0644\u0627\u0633\u062a\u062e\u062f\u0627\u0645: 1 \u0625\u0644\u0649 2 \u0645\u0631\u0627\u062a \u0641\u064a \u0627\u0644\u0623\u0633\u0628\u0648\u0639.<\/p>\n<p style=\"text-align: center;\">D\u00e9couvrez Novexpert Gommage Douceur Hydro-Biotique Magn\u00e9sium, un produit soigneusement s\u00e9lectionn\u00e9 pour r\u00e9pondre \u00e0 vos besoins sp\u00e9cifiques, et vivez une exp\u00e9rience d&rsquo;achat exceptionnelle sur notre site,\u00a0<strong>Vita Blanca Parapharmacie Maroc<\/strong><\/p>\n<\/div>","protected":false},"excerpt":{"rendered":"<p>Novexpert Gommage Douceur Hydro-Biotique Magn\u00e9sium\u00a0qui n\u2019oublie ni vos l\u00e8vres, ni les peaux sensibles. Un gommage c\u2019est forc\u00e9ment efficace. Mais c\u00f4t\u00e9\u00a0hydratation, confort et douceur, le gommage est souvent aux abonn\u00e9s absents. Plus maintenant avec le Gommage Douceur Hydro-Biotique ! 60ml. Le Gommage tient une place \u00e0 part dans la cosm\u00e9tique :\u00a0chacun lui reconnait ses r\u00e9sultats imm\u00e9diats [&hellip;]<\/p>\n","protected":false},"featured_media":21165,"template":"","meta":{"om_disable_all_campaigns":false},"product_brand":[],"product_cat":[15],"product_tag":[9268,9271,9270,9272,9274,9269,9273],"class_list":{"0":"post-21166","1":"product","2":"type-product","3":"status-publish","4":"has-post-thumbnail","6":"product_cat-beaute-sante-complements-alimentaires-soins-et-bien-etre-au-meilleur-prix","7":"product_tag-cosmetique-naturelle-novexpert","8":"product_tag-exfoliant-visage-doux","9":"product_tag-gommage-hydro-biotique","10":"product_tag-gommage-magnesium","11":"product_tag-gommage-naturel-visage","12":"product_tag-novexpert-gommage-douceur","13":"product_tag-soin-exfoliant-peau-sensible","15":"first","16":"instock","17":"sale","18":"taxable","19":"shipping-taxable","20":"purchasable","21":"product-type-simple"},"yoast_head":"<!-- This site is optimized with the Yoast SEO plugin v27.4 - https:\/\/yoast.com\/product\/yoast-seo-wordpress\/ -->\n<title>Novexpert Gommage Douceur Hydro-Biotique 60ml - Maroc Prix<\/title>\n<meta name=\"description\" content=\"Novexpert Gommage Douceur Hydro-Biotique au Magn\u00e9sium exfolie d\u00e9licatement, apaise et renforce la barri\u00e8re cutan\u00e9e. Id\u00e9al pour peaux sensibles .\" \/>\n<meta name=\"robots\" content=\"index, follow, max-snippet:-1, max-image-preview:large, max-video-preview:-1\" \/>\n<link rel=\"canonical\" href=\"https:\/\/vitablanca.ma\/ar\/product-2\/novexpert-gommage-douceur-hydro-biotique-magnesium-60ml\/\" \/>\n<meta property=\"og:locale\" content=\"ar_AR\" \/>\n<meta property=\"og:type\" content=\"article\" \/>\n<meta property=\"og:title\" content=\"Novexpert Gommage Douceur Hydro-Biotique 60ml - Maroc Prix\" \/>\n<meta property=\"og:description\" content=\"Novexpert Gommage Douceur Hydro-Biotique au Magn\u00e9sium exfolie d\u00e9licatement, apaise et renforce la barri\u00e8re cutan\u00e9e. Id\u00e9al pour peaux sensibles .\" \/>\n<meta property=\"og:url\" content=\"https:\/\/vitablanca.ma\/ar\/product-2\/novexpert-gommage-douceur-hydro-biotique-magnesium-60ml\/\" \/>\n<meta property=\"og:site_name\" content=\"Vitablanca.ma &ndash; Sant&eacute;, vitalit&eacute; et bien-&ecirc;tre pour tous les Marocains\" \/>\n<meta property=\"article:publisher\" content=\"https:\/\/www.facebook.com\/profile.php?id=61576678196717\" \/>\n<meta property=\"article:modified_time\" content=\"2026-02-16T19:37:42+00:00\" \/>\n<meta property=\"og:image\" content=\"https:\/\/vitablanca.ma\/wp-content\/uploads\/2025\/06\/Novexpert-Gommage-Douceur-Hydro-Biotique-Magnesium-60ml-nova-parapharmacie-casablanca_cc083b80-4192-4347-ad6c-5610fb757ccd.jpg\" \/>\n\t<meta property=\"og:image:width\" content=\"1000\" \/>\n\t<meta property=\"og:image:height\" content=\"1000\" \/>\n\t<meta property=\"og:image:type\" content=\"image\/jpeg\" \/>\n<meta name=\"twitter:card\" content=\"summary_large_image\" \/>\n<meta name=\"twitter:label1\" content=\"\u0648\u0642\u062a \u0627\u0644\u0642\u0631\u0627\u0621\u0629 \u0627\u0644\u0645\u064f\u0642\u062f\u0651\u0631\" \/>\n\t<meta name=\"twitter:data1\" content=\"\u062f\u0642\u064a\u0642\u062a\u0627\u0646\" \/>\n<script type=\"application\/ld+json\" class=\"yoast-schema-graph\">{\"@context\":\"https:\\\/\\\/schema.org\",\"@graph\":[{\"@type\":[\"WebPage\",\"ItemPage\"],\"@id\":\"https:\\\/\\\/vitablanca.ma\\\/produit\\\/novexpert-gommage-douceur-hydro-biotique-magnesium-60ml\\\/\",\"url\":\"https:\\\/\\\/vitablanca.ma\\\/produit\\\/novexpert-gommage-douceur-hydro-biotique-magnesium-60ml\\\/\",\"name\":\"Novexpert Gommage Douceur Hydro-Biotique 60ml - Maroc Prix\",\"isPartOf\":{\"@id\":\"https:\\\/\\\/vitablanca.ma\\\/#website\"},\"primaryImageOfPage\":{\"@id\":\"https:\\\/\\\/vitablanca.ma\\\/produit\\\/novexpert-gommage-douceur-hydro-biotique-magnesium-60ml\\\/#primaryimage\"},\"image\":{\"@id\":\"https:\\\/\\\/vitablanca.ma\\\/produit\\\/novexpert-gommage-douceur-hydro-biotique-magnesium-60ml\\\/#primaryimage\"},\"thumbnailUrl\":\"https:\\\/\\\/vitablanca.ma\\\/wp-content\\\/uploads\\\/2025\\\/06\\\/Novexpert-Gommage-Douceur-Hydro-Biotique-Magnesium-60ml-nova-parapharmacie-casablanca_cc083b80-4192-4347-ad6c-5610fb757ccd.jpg\",\"datePublished\":\"2025-06-11T21:12:33+00:00\",\"dateModified\":\"2026-02-16T19:37:42+00:00\",\"description\":\"Novexpert Gommage Douceur Hydro-Biotique au Magn\u00e9sium exfolie d\u00e9licatement, apaise et renforce la barri\u00e8re cutan\u00e9e. Id\u00e9al pour peaux sensibles .\",\"breadcrumb\":{\"@id\":\"https:\\\/\\\/vitablanca.ma\\\/produit\\\/novexpert-gommage-douceur-hydro-biotique-magnesium-60ml\\\/#breadcrumb\"},\"inLanguage\":\"ar\",\"potentialAction\":[{\"@type\":\"ReadAction\",\"target\":[\"https:\\\/\\\/vitablanca.ma\\\/produit\\\/novexpert-gommage-douceur-hydro-biotique-magnesium-60ml\\\/\"]}]},{\"@type\":\"ImageObject\",\"inLanguage\":\"ar\",\"@id\":\"https:\\\/\\\/vitablanca.ma\\\/produit\\\/novexpert-gommage-douceur-hydro-biotique-magnesium-60ml\\\/#primaryimage\",\"url\":\"https:\\\/\\\/vitablanca.ma\\\/wp-content\\\/uploads\\\/2025\\\/06\\\/Novexpert-Gommage-Douceur-Hydro-Biotique-Magnesium-60ml-nova-parapharmacie-casablanca_cc083b80-4192-4347-ad6c-5610fb757ccd.jpg\",\"contentUrl\":\"https:\\\/\\\/vitablanca.ma\\\/wp-content\\\/uploads\\\/2025\\\/06\\\/Novexpert-Gommage-Douceur-Hydro-Biotique-Magnesium-60ml-nova-parapharmacie-casablanca_cc083b80-4192-4347-ad6c-5610fb757ccd.jpg\",\"width\":1000,\"height\":1000},{\"@type\":\"BreadcrumbList\",\"@id\":\"https:\\\/\\\/vitablanca.ma\\\/produit\\\/novexpert-gommage-douceur-hydro-biotique-magnesium-60ml\\\/#breadcrumb\",\"itemListElement\":[{\"@type\":\"ListItem\",\"position\":1,\"name\":\"Home\",\"item\":\"https:\\\/\\\/vitablanca.ma\\\/\"},{\"@type\":\"ListItem\",\"position\":2,\"name\":\"Tous Les Produits\",\"item\":\"https:\\\/\\\/vitablanca.ma\\\/tous-les-produits\\\/\"},{\"@type\":\"ListItem\",\"position\":3,\"name\":\"Novexpert Gommage Douceur Hydro-Biotique Magn\u00e9sium 60ml\"}]},{\"@type\":\"WebSite\",\"@id\":\"https:\\\/\\\/vitablanca.ma\\\/#website\",\"url\":\"https:\\\/\\\/vitablanca.ma\\\/\",\"name\":\"VitaBlanca.ma | Compl\u00e9ments alimentaires, sant\u00e9 & beaut\u00e9 au Maroc\",\"description\":\"vendre vitamines et compl\u00e9ments premium des USA &amp; Canada, Nouvelle Z\u00e9lande,Maroc (NOW Foods, Solgar, Manuka). Livraison rapide partout au Maroc.\",\"publisher\":{\"@id\":\"https:\\\/\\\/vitablanca.ma\\\/#organization\"},\"alternateName\":\"VitaBlanca.ma\",\"potentialAction\":[{\"@type\":\"SearchAction\",\"target\":{\"@type\":\"EntryPoint\",\"urlTemplate\":\"https:\\\/\\\/vitablanca.ma\\\/?s={search_term_string}\"},\"query-input\":{\"@type\":\"PropertyValueSpecification\",\"valueRequired\":true,\"valueName\":\"search_term_string\"}}],\"inLanguage\":\"ar\"},{\"@type\":\"Organization\",\"@id\":\"https:\\\/\\\/vitablanca.ma\\\/#organization\",\"name\":\"VitaBlanca\",\"url\":\"https:\\\/\\\/vitablanca.ma\\\/\",\"logo\":{\"@type\":\"ImageObject\",\"inLanguage\":\"ar\",\"@id\":\"https:\\\/\\\/vitablanca.ma\\\/#\\\/schema\\\/logo\\\/image\\\/\",\"url\":\"https:\\\/\\\/vitablanca.ma\\\/wp-content\\\/uploads\\\/2025\\\/05\\\/cropped-vitablanca.png\",\"contentUrl\":\"https:\\\/\\\/vitablanca.ma\\\/wp-content\\\/uploads\\\/2025\\\/05\\\/cropped-vitablanca.png\",\"width\":360,\"height\":67,\"caption\":\"VitaBlanca\"},\"image\":{\"@id\":\"https:\\\/\\\/vitablanca.ma\\\/#\\\/schema\\\/logo\\\/image\\\/\"},\"sameAs\":[\"https:\\\/\\\/www.facebook.com\\\/profile.php?id=61576678196717\",\"https:\\\/\\\/www.tiktok.com\\\/@vitablanca.ma\",\"https:\\\/\\\/www.instagram.com\\\/vitablanca.ma\\\/\"]}]}<\/script>\n<!-- \/ Yoast SEO plugin. -->","yoast_head_json":{"title":"Novexpert Gommage Douceur Hydro-Biotique 60ml - Maroc Prix","description":"Novexpert Gommage Douceur Hydro-Biotique au Magn\u00e9sium exfolie d\u00e9licatement, apaise et renforce la barri\u00e8re cutan\u00e9e. Id\u00e9al pour peaux sensibles .","robots":{"index":"index","follow":"follow","max-snippet":"max-snippet:-1","max-image-preview":"max-image-preview:large","max-video-preview":"max-video-preview:-1"},"canonical":"https:\/\/vitablanca.ma\/ar\/product-2\/novexpert-gommage-douceur-hydro-biotique-magnesium-60ml\/","og_locale":"ar_AR","og_type":"article","og_title":"Novexpert Gommage Douceur Hydro-Biotique 60ml - Maroc Prix","og_description":"Novexpert Gommage Douceur Hydro-Biotique au Magn\u00e9sium exfolie d\u00e9licatement, apaise et renforce la barri\u00e8re cutan\u00e9e. Id\u00e9al pour peaux sensibles .","og_url":"https:\/\/vitablanca.ma\/ar\/product-2\/novexpert-gommage-douceur-hydro-biotique-magnesium-60ml\/","og_site_name":"Vitablanca.ma &ndash; Sant&eacute;, vitalit&eacute; et bien-&ecirc;tre pour tous les Marocains","article_publisher":"https:\/\/www.facebook.com\/profile.php?id=61576678196717","article_modified_time":"2026-02-16T19:37:42+00:00","og_image":[{"width":1000,"height":1000,"url":"https:\/\/vitablanca.ma\/wp-content\/uploads\/2025\/06\/Novexpert-Gommage-Douceur-Hydro-Biotique-Magnesium-60ml-nova-parapharmacie-casablanca_cc083b80-4192-4347-ad6c-5610fb757ccd.jpg","type":"image\/jpeg"}],"twitter_card":"summary_large_image","twitter_misc":{"\u0648\u0642\u062a \u0627\u0644\u0642\u0631\u0627\u0621\u0629 \u0627\u0644\u0645\u064f\u0642\u062f\u0651\u0631":"\u062f\u0642\u064a\u0642\u062a\u0627\u0646"},"schema":{"@context":"https:\/\/schema.org","@graph":[{"@type":["WebPage","ItemPage"],"@id":"https:\/\/vitablanca.ma\/produit\/novexpert-gommage-douceur-hydro-biotique-magnesium-60ml\/","url":"https:\/\/vitablanca.ma\/produit\/novexpert-gommage-douceur-hydro-biotique-magnesium-60ml\/","name":"Novexpert Gommage Douceur Hydro-Biotique 60ml - Maroc Prix","isPartOf":{"@id":"https:\/\/vitablanca.ma\/#website"},"primaryImageOfPage":{"@id":"https:\/\/vitablanca.ma\/produit\/novexpert-gommage-douceur-hydro-biotique-magnesium-60ml\/#primaryimage"},"image":{"@id":"https:\/\/vitablanca.ma\/produit\/novexpert-gommage-douceur-hydro-biotique-magnesium-60ml\/#primaryimage"},"thumbnailUrl":"https:\/\/vitablanca.ma\/wp-content\/uploads\/2025\/06\/Novexpert-Gommage-Douceur-Hydro-Biotique-Magnesium-60ml-nova-parapharmacie-casablanca_cc083b80-4192-4347-ad6c-5610fb757ccd.jpg","datePublished":"2025-06-11T21:12:33+00:00","dateModified":"2026-02-16T19:37:42+00:00","description":"Novexpert Gommage Douceur Hydro-Biotique au Magn\u00e9sium exfolie d\u00e9licatement, apaise et renforce la barri\u00e8re cutan\u00e9e. Id\u00e9al pour peaux sensibles .","breadcrumb":{"@id":"https:\/\/vitablanca.ma\/produit\/novexpert-gommage-douceur-hydro-biotique-magnesium-60ml\/#breadcrumb"},"inLanguage":"ar","potentialAction":[{"@type":"ReadAction","target":["https:\/\/vitablanca.ma\/produit\/novexpert-gommage-douceur-hydro-biotique-magnesium-60ml\/"]}]},{"@type":"ImageObject","inLanguage":"ar","@id":"https:\/\/vitablanca.ma\/produit\/novexpert-gommage-douceur-hydro-biotique-magnesium-60ml\/#primaryimage","url":"https:\/\/vitablanca.ma\/wp-content\/uploads\/2025\/06\/Novexpert-Gommage-Douceur-Hydro-Biotique-Magnesium-60ml-nova-parapharmacie-casablanca_cc083b80-4192-4347-ad6c-5610fb757ccd.jpg","contentUrl":"https:\/\/vitablanca.ma\/wp-content\/uploads\/2025\/06\/Novexpert-Gommage-Douceur-Hydro-Biotique-Magnesium-60ml-nova-parapharmacie-casablanca_cc083b80-4192-4347-ad6c-5610fb757ccd.jpg","width":1000,"height":1000},{"@type":"BreadcrumbList","@id":"https:\/\/vitablanca.ma\/produit\/novexpert-gommage-douceur-hydro-biotique-magnesium-60ml\/#breadcrumb","itemListElement":[{"@type":"ListItem","position":1,"name":"Home","item":"https:\/\/vitablanca.ma\/"},{"@type":"ListItem","position":2,"name":"Tous Les Produits","item":"https:\/\/vitablanca.ma\/tous-les-produits\/"},{"@type":"ListItem","position":3,"name":"Novexpert Gommage Douceur Hydro-Biotique Magn\u00e9sium 60ml"}]},{"@type":"WebSite","@id":"https:\/\/vitablanca.ma\/#website","url":"https:\/\/vitablanca.ma\/","name":"VitaBlanca.ma | \u0627\u0644\u0645\u0643\u0645\u0644\u0627\u062a \u0627\u0644\u063a\u0630\u0627\u0626\u064a\u0629\u060c \u0627\u0644\u0635\u062d\u0629 \u0648\u0627\u0644\u062c\u0645\u0627\u0644 \u0641\u064a \u0627\u0644\u0645\u063a\u0631\u0628","description":"\u0646\u0628\u064a\u0639 \u0641\u064a\u062a\u0627\u0645\u064a\u0646\u0627\u062a \u0648\u0645\u0643\u0645\u0644\u0627\u062a \u063a\u0630\u0627\u0626\u064a\u0629 \u0641\u0627\u062e\u0631\u0629 \u0645\u0646 \u0627\u0644\u0648\u0644\u0627\u064a\u0627\u062a \u0627\u0644\u0645\u062a\u062d\u062f\u0629 \u0627\u0644\u0623\u0645\u0631\u064a\u0643\u064a\u0629 \u0648\u0643\u0646\u062f\u0627 \u0648\u0646\u064a\u0648\u0632\u064a\u0644\u0646\u062f\u0627 \u0648\u0627\u0644\u0645\u063a\u0631\u0628 (\u0646\u0627\u0648 \u0641\u0648\u062f\u0632\u060c \u0633\u0648\u0644\u062c\u0627\u0631\u060c \u0645\u0627\u0646\u0648\u0643\u0627). \u062a\u0648\u0635\u064a\u0644 \u0633\u0631\u064a\u0639 \u0625\u0644\u0649 \u062c\u0645\u064a\u0639 \u0623\u0646\u062d\u0627\u0621 \u0627\u0644\u0645\u063a\u0631\u0628.","publisher":{"@id":"https:\/\/vitablanca.ma\/#organization"},"alternateName":"VitaBlanca.ma","potentialAction":[{"@type":"SearchAction","target":{"@type":"EntryPoint","urlTemplate":"https:\/\/vitablanca.ma\/?s={search_term_string}"},"query-input":{"@type":"PropertyValueSpecification","valueRequired":true,"valueName":"search_term_string"}}],"inLanguage":"ar"},{"@type":"Organization","@id":"https:\/\/vitablanca.ma\/#organization","name":"\u0641\u064a\u062a\u0627\u0628\u0644\u0627\u0646\u0643\u0627","url":"https:\/\/vitablanca.ma\/","logo":{"@type":"ImageObject","inLanguage":"ar","@id":"https:\/\/vitablanca.ma\/#\/schema\/logo\/image\/","url":"https:\/\/vitablanca.ma\/wp-content\/uploads\/2025\/05\/cropped-vitablanca.png","contentUrl":"https:\/\/vitablanca.ma\/wp-content\/uploads\/2025\/05\/cropped-vitablanca.png","width":360,"height":67,"caption":"VitaBlanca"},"image":{"@id":"https:\/\/vitablanca.ma\/#\/schema\/logo\/image\/"},"sameAs":["https:\/\/www.facebook.com\/profile.php?id=61576678196717","https:\/\/www.tiktok.com\/@vitablanca.ma","https:\/\/www.instagram.com\/vitablanca.ma\/"]}]}},"jetpack_sharing_enabled":true,"_links":{"self":[{"href":"https:\/\/vitablanca.ma\/ar\/wp-json\/wp\/v2\/product\/21166","targetHints":{"allow":["GET"]}}],"collection":[{"href":"https:\/\/vitablanca.ma\/ar\/wp-json\/wp\/v2\/product"}],"about":[{"href":"https:\/\/vitablanca.ma\/ar\/wp-json\/wp\/v2\/types\/product"}],"wp:featuredmedia":[{"embeddable":true,"href":"https:\/\/vitablanca.ma\/ar\/wp-json\/wp\/v2\/media\/21165"}],"wp:attachment":[{"href":"https:\/\/vitablanca.ma\/ar\/wp-json\/wp\/v2\/media?parent=21166"}],"wp:term":[{"taxonomy":"product_brand","embeddable":true,"href":"https:\/\/vitablanca.ma\/ar\/wp-json\/wp\/v2\/product_brand?post=21166"},{"taxonomy":"product_cat","embeddable":true,"href":"https:\/\/vitablanca.ma\/ar\/wp-json\/wp\/v2\/product_cat?post=21166"},{"taxonomy":"product_tag","embeddable":true,"href":"https:\/\/vitablanca.ma\/ar\/wp-json\/wp\/v2\/product_tag?post=21166"}],"curies":[{"name":"wp","href":"https:\/\/api.w.org\/{rel}","templated":true}]}}