{"id":21164,"date":"2025-06-11T21:12:30","date_gmt":"2025-06-11T21:12:30","guid":{"rendered":"https:\/\/vitablanca.ma\/product\/novexpert-fluide-anti-age-expert-40ml\/"},"modified":"2026-02-16T19:39:13","modified_gmt":"2026-02-16T19:39:13","slug":"novexpert-fluide-anti-age-expert-40ml","status":"publish","type":"product","link":"https:\/\/vitablanca.ma\/ar\/product-2\/novexpert-fluide-anti-age-expert-40ml\/","title":{"rendered":"\u0633\u0627\u0626\u0644 \u0646\u0648\u0641 \u0625\u0643\u0633\u0628\u064a\u0631\u062a \u0625\u0643\u0633\u0628\u064a\u0631\u062a \u0627\u0644\u0645\u0636\u0627\u062f \u0644\u0644\u0634\u064a\u062e\u0648\u062e\u0629 40 \u0645\u0644"},"content":{"rendered":"<h2>\u0633\u0627\u0626\u0644 \u0646\u0648\u0641 \u0625\u0643\u0633\u0628\u064a\u0631\u062a \u0625\u0643\u0633\u0628\u064a\u0631\u062a \u0627\u0644\u0645\u0636\u0627\u062f \u0644\u0644\u0634\u064a\u062e\u0648\u062e\u0629 40 \u0645\u0644<\/h2>\n<p>\u064a\u064f\u0628\u0637\u0626 \u0633\u0627\u0626\u0644 Expert Anti-Aging Fluid \u0634\u064a\u062e\u0648\u062e\u0629 \u0627\u0644\u0628\u0634\u0631\u0629 \u0628\u0641\u0636\u0644 \u0645\u064f\u0643\u0648\u0651\u0646\u0647 \u0627\u0644\u0646\u0634\u0637 \u0627\u0644\u062d\u0635\u0631\u064a \u0627\u0644\u062d\u0627\u0635\u0644 \u0639\u0644\u0649 \u0628\u0631\u0627\u0621\u0629 \u0627\u062e\u062a\u0631\u0627\u0639\u060c Novaxilyne\u060c \u0627\u0644\u0630\u064a \u064a\u064f\u0646\u0634\u0651\u0637 \u062c\u064a\u0646 \u0627\u0644\u0634\u0628\u0627\u0628. \u0628\u062f\u0645\u062c \u0647\u0630\u0647 \u0627\u0644\u062e\u0627\u0635\u064a\u0629 \u0627\u0644\u062c\u064a\u0646\u064a\u0629 \u0641\u064a \u0642\u0644\u0628 \u0627\u0644\u062a\u0631\u0643\u064a\u0628\u0629\u060c \u062a\u0633\u062a\u0639\u064a\u062f \u0627\u0644\u0628\u0634\u0631\u0629 \u0645\u0631\u0648\u0646\u062a\u0647\u0627 \u0641\u064a \u063a\u0636\u0648\u0646 \u0623\u0633\u0627\u0628\u064a\u0639 \u0642\u0644\u064a\u0644\u0629 \u0644\u062f\u0649 \u0645\u064f\u062a\u0637\u0648\u0639\u0627\u062a 95%*.<\/p>\n<div class=\"content-application\">\n<h3>\u0643\u064a\u0641\u064a\u0629 \u0627\u0633\u062a\u062e\u062f\u0627\u0645\u0647:<\/h3>\n<div class=\"desc\">\n<div class=\"metafield-rich_text_field\">\n<p>\u0636\u0639\u064a\u0647 \u0628\u0644\u0645\u0633\u0627\u062a \u062e\u0641\u064a\u0641\u0629 \u0639\u0644\u0649 \u0643\u0627\u0645\u0644 \u0627\u0644\u0648\u062c\u0647\u060c \u0648\u062f\u0644\u0643\u064a \u0628\u062d\u0631\u0643\u0627\u062a \u062f\u0627\u0626\u0631\u064a\u0629 \u062a\u0635\u0627\u0639\u062f\u064a\u0629. \u0643\u0645\u064a\u0629 \u0642\u0644\u064a\u0644\u0629 \u062a\u0643\u0641\u064a.<\/p>\n<\/div>\n<\/div>\n<\/div>\n<div class=\"content-frequence\">\n<h3>\u062a\u0631\u062f\u062f \u0627\u0644\u0627\u0633\u062a\u062e\u062f\u0627\u0645:<\/h3>\n<div class=\"desc\">\n<div class=\"metafield-rich_text_field\">\n<p>1 \u0625\u0644\u0649 2 \u0645\u0631\u0627\u062a \u0641\u064a \u0627\u0644\u064a\u0648\u0645 (\u0635\u0628\u0627\u062d\u064b\u0627 \u0648\/\u0623\u0648 \u0645\u0633\u0627\u0621\u064b).<\/p>\n<\/div>\n<\/div>\n<\/div>\n<div class=\"content-conseil\">\n<h3>\u0646\u0635\u0627\u0626\u062d \u0627\u0644\u062e\u0628\u0631\u0627\u0621:<\/h3>\n<div class=\"desc\">\n<div class=\"metafield-rich_text_field\">\n<p>\u0627\u0644\u062a\u063a\u0630\u064a\u0629 \u0627\u0644\u0633\u0644\u064a\u0645\u0629 \u0633\u0631\u064c\u0651 \u0645\u0646 \u0623\u0633\u0631\u0627\u0631 \u0634\u0639\u0628 \u0623\u0648\u0643\u064a\u0646\u0627\u0648\u0627 \u0627\u0644\u0639\u0631\u064a\u0642\u060c \u0644\u0630\u0627 \u0627\u0646\u062a\u0628\u0647\u0648\u0627 \u062c\u064a\u062f\u064b\u0627 \u0644\u0645\u0627 \u062a\u0623\u0643\u0644\u0648\u0646\u0647! \u0627\u062e\u062a\u0627\u0631\u0648\u0627 \u0623\u0637\u0639\u0645\u0629 \u063a\u0646\u064a\u0629 \u0628\u0645\u0636\u0627\u062f\u0627\u062a \u0627\u0644\u0623\u0643\u0633\u062f\u0629 (\u0627\u0644\u0641\u0648\u0627\u0643\u0647 \u0648\u0627\u0644\u062e\u0636\u0631\u0627\u0648\u0627\u062a).<\/p>\n<\/div>\n<\/div>\n<\/div>","protected":false},"excerpt":{"rendered":"<p>Novexpert Fluide Anti-Age Expert 40ml Le Fluide Anti-\u00e2ge Expert ralentit le vieillissement cutan\u00e9 gr\u00e2ce \u00e0 un actif exclusif brevet\u00e9, la Novaxilyne, qui active le g\u00e8ne de la jeunesse. En infusant cette prouesse \u00e9pig\u00e9n\u00e9tique au c\u0153ur de la formule, la peau retrouve en quelques semaines son \u00e9lasticit\u00e9 chez 95%* des volontaires. COMMENT L\u2019UTILISER : Appliquez par [&hellip;]<\/p>\n","protected":false},"featured_media":21163,"template":"","meta":{"om_disable_all_campaigns":false},"product_brand":[],"product_cat":[15],"product_tag":[9279,9260,9280,9277,9275,9276,9278],"class_list":{"0":"post-21164","1":"product","2":"type-product","3":"status-publish","4":"has-post-thumbnail","6":"product_cat-beaute-sante-complements-alimentaires-soins-et-bien-etre-au-meilleur-prix","7":"product_tag-acide-hyaluronique-novexpert","8":"product_tag-cosmetique-naturelle","9":"product_tag-creme-anti-vieillissement","10":"product_tag-fluide-anti-rides","11":"product_tag-novexpert-fluide-anti-age-expert","12":"product_tag-soin-anti-age-naturel","13":"product_tag-soin-fermete-visage","15":"first","16":"instock","17":"sale","18":"taxable","19":"shipping-taxable","20":"purchasable","21":"product-type-simple"},"yoast_head":"<!-- This site is optimized with the Yoast SEO plugin v27.4 - https:\/\/yoast.com\/product\/yoast-seo-wordpress\/ -->\n<title>Novexpert Fluide Anti-Age Expert 40ml - Maroc Prix<\/title>\n<meta name=\"description\" content=\"Novexpert Fluide Anti-\u00c2ge Expert 40ml corrige rides, raffermit et prot\u00e8ge la peau. Soin visage naturel \u00e0 l\u2019Acide Hyaluronique.\" \/>\n<meta name=\"robots\" content=\"index, follow, max-snippet:-1, max-image-preview:large, max-video-preview:-1\" \/>\n<link rel=\"canonical\" href=\"https:\/\/vitablanca.ma\/ar\/product-2\/novexpert-fluide-anti-age-expert-40ml\/\" \/>\n<meta property=\"og:locale\" content=\"ar_AR\" \/>\n<meta property=\"og:type\" content=\"article\" \/>\n<meta property=\"og:title\" content=\"Novexpert Fluide Anti-Age Expert 40ml - Maroc Prix\" \/>\n<meta property=\"og:description\" content=\"Novexpert Fluide Anti-\u00c2ge Expert 40ml corrige rides, raffermit et prot\u00e8ge la peau. Soin visage naturel \u00e0 l\u2019Acide Hyaluronique.\" \/>\n<meta property=\"og:url\" content=\"https:\/\/vitablanca.ma\/ar\/product-2\/novexpert-fluide-anti-age-expert-40ml\/\" \/>\n<meta property=\"og:site_name\" content=\"Vitablanca.ma &ndash; Sant&eacute;, vitalit&eacute; et bien-&ecirc;tre pour tous les Marocains\" \/>\n<meta property=\"article:publisher\" content=\"https:\/\/www.facebook.com\/profile.php?id=61576678196717\" \/>\n<meta property=\"article:modified_time\" content=\"2026-02-16T19:39:13+00:00\" \/>\n<meta property=\"og:image\" content=\"https:\/\/vitablanca.ma\/wp-content\/uploads\/2025\/06\/Novexpert-Fluide-Anti-Age-Expert-40ml-Nova-para-prix-Maroc.jpg\" \/>\n\t<meta property=\"og:image:width\" content=\"1000\" \/>\n\t<meta property=\"og:image:height\" content=\"1000\" \/>\n\t<meta property=\"og:image:type\" content=\"image\/jpeg\" \/>\n<meta name=\"twitter:card\" content=\"summary_large_image\" \/>\n<meta name=\"twitter:label1\" content=\"\u0648\u0642\u062a \u0627\u0644\u0642\u0631\u0627\u0621\u0629 \u0627\u0644\u0645\u064f\u0642\u062f\u0651\u0631\" \/>\n\t<meta name=\"twitter:data1\" content=\"\u062f\u0642\u064a\u0642\u0629 \u0648\u0627\u062d\u062f\u0629\" \/>\n<script type=\"application\/ld+json\" class=\"yoast-schema-graph\">{\"@context\":\"https:\\\/\\\/schema.org\",\"@graph\":[{\"@type\":[\"WebPage\",\"ItemPage\"],\"@id\":\"https:\\\/\\\/vitablanca.ma\\\/produit\\\/novexpert-fluide-anti-age-expert-40ml\\\/\",\"url\":\"https:\\\/\\\/vitablanca.ma\\\/produit\\\/novexpert-fluide-anti-age-expert-40ml\\\/\",\"name\":\"Novexpert Fluide Anti-Age Expert 40ml - Maroc Prix\",\"isPartOf\":{\"@id\":\"https:\\\/\\\/vitablanca.ma\\\/#website\"},\"primaryImageOfPage\":{\"@id\":\"https:\\\/\\\/vitablanca.ma\\\/produit\\\/novexpert-fluide-anti-age-expert-40ml\\\/#primaryimage\"},\"image\":{\"@id\":\"https:\\\/\\\/vitablanca.ma\\\/produit\\\/novexpert-fluide-anti-age-expert-40ml\\\/#primaryimage\"},\"thumbnailUrl\":\"https:\\\/\\\/vitablanca.ma\\\/wp-content\\\/uploads\\\/2025\\\/06\\\/Novexpert-Fluide-Anti-Age-Expert-40ml-Nova-para-prix-Maroc.jpg\",\"datePublished\":\"2025-06-11T21:12:30+00:00\",\"dateModified\":\"2026-02-16T19:39:13+00:00\",\"description\":\"Novexpert Fluide Anti-\u00c2ge Expert 40ml corrige rides, raffermit et prot\u00e8ge la peau. Soin visage naturel \u00e0 l\u2019Acide Hyaluronique.\",\"breadcrumb\":{\"@id\":\"https:\\\/\\\/vitablanca.ma\\\/produit\\\/novexpert-fluide-anti-age-expert-40ml\\\/#breadcrumb\"},\"inLanguage\":\"ar\",\"potentialAction\":[{\"@type\":\"ReadAction\",\"target\":[\"https:\\\/\\\/vitablanca.ma\\\/produit\\\/novexpert-fluide-anti-age-expert-40ml\\\/\"]}]},{\"@type\":\"ImageObject\",\"inLanguage\":\"ar\",\"@id\":\"https:\\\/\\\/vitablanca.ma\\\/produit\\\/novexpert-fluide-anti-age-expert-40ml\\\/#primaryimage\",\"url\":\"https:\\\/\\\/vitablanca.ma\\\/wp-content\\\/uploads\\\/2025\\\/06\\\/Novexpert-Fluide-Anti-Age-Expert-40ml-Nova-para-prix-Maroc.jpg\",\"contentUrl\":\"https:\\\/\\\/vitablanca.ma\\\/wp-content\\\/uploads\\\/2025\\\/06\\\/Novexpert-Fluide-Anti-Age-Expert-40ml-Nova-para-prix-Maroc.jpg\",\"width\":1000,\"height\":1000},{\"@type\":\"BreadcrumbList\",\"@id\":\"https:\\\/\\\/vitablanca.ma\\\/produit\\\/novexpert-fluide-anti-age-expert-40ml\\\/#breadcrumb\",\"itemListElement\":[{\"@type\":\"ListItem\",\"position\":1,\"name\":\"Home\",\"item\":\"https:\\\/\\\/vitablanca.ma\\\/\"},{\"@type\":\"ListItem\",\"position\":2,\"name\":\"Tous Les Produits\",\"item\":\"https:\\\/\\\/vitablanca.ma\\\/tous-les-produits\\\/\"},{\"@type\":\"ListItem\",\"position\":3,\"name\":\"Novexpert Fluide Anti-Age Expert 40ml\"}]},{\"@type\":\"WebSite\",\"@id\":\"https:\\\/\\\/vitablanca.ma\\\/#website\",\"url\":\"https:\\\/\\\/vitablanca.ma\\\/\",\"name\":\"VitaBlanca.ma | Compl\u00e9ments alimentaires, sant\u00e9 & beaut\u00e9 au Maroc\",\"description\":\"vendre vitamines et compl\u00e9ments premium des USA &amp; Canada, Nouvelle Z\u00e9lande,Maroc (NOW Foods, Solgar, Manuka). Livraison rapide partout au Maroc.\",\"publisher\":{\"@id\":\"https:\\\/\\\/vitablanca.ma\\\/#organization\"},\"alternateName\":\"VitaBlanca.ma\",\"potentialAction\":[{\"@type\":\"SearchAction\",\"target\":{\"@type\":\"EntryPoint\",\"urlTemplate\":\"https:\\\/\\\/vitablanca.ma\\\/?s={search_term_string}\"},\"query-input\":{\"@type\":\"PropertyValueSpecification\",\"valueRequired\":true,\"valueName\":\"search_term_string\"}}],\"inLanguage\":\"ar\"},{\"@type\":\"Organization\",\"@id\":\"https:\\\/\\\/vitablanca.ma\\\/#organization\",\"name\":\"VitaBlanca\",\"url\":\"https:\\\/\\\/vitablanca.ma\\\/\",\"logo\":{\"@type\":\"ImageObject\",\"inLanguage\":\"ar\",\"@id\":\"https:\\\/\\\/vitablanca.ma\\\/#\\\/schema\\\/logo\\\/image\\\/\",\"url\":\"https:\\\/\\\/vitablanca.ma\\\/wp-content\\\/uploads\\\/2025\\\/05\\\/cropped-vitablanca.png\",\"contentUrl\":\"https:\\\/\\\/vitablanca.ma\\\/wp-content\\\/uploads\\\/2025\\\/05\\\/cropped-vitablanca.png\",\"width\":360,\"height\":67,\"caption\":\"VitaBlanca\"},\"image\":{\"@id\":\"https:\\\/\\\/vitablanca.ma\\\/#\\\/schema\\\/logo\\\/image\\\/\"},\"sameAs\":[\"https:\\\/\\\/www.facebook.com\\\/profile.php?id=61576678196717\",\"https:\\\/\\\/www.tiktok.com\\\/@vitablanca.ma\",\"https:\\\/\\\/www.instagram.com\\\/vitablanca.ma\\\/\"]}]}<\/script>\n<!-- \/ Yoast SEO plugin. -->","yoast_head_json":{"title":"\u0633\u0627\u0626\u0644 \u0646\u0648\u0641 \u0625\u0643\u0633\u0628\u064a\u0631\u062a \u0625\u0643\u0633\u0628\u064a\u0631\u062a \u0644\u0645\u0643\u0627\u0641\u062d\u0629 \u0627\u0644\u0634\u064a\u062e\u0648\u062e\u0629 40 \u0645\u0644 - \u0633\u0639\u0631 \u0627\u0644\u0645\u063a\u0631\u0628","description":"Novexpert Fluide Anti-\u00c2ge Expert 40ml corrige rides, raffermit et prot\u00e8ge la peau. Soin visage naturel \u00e0 l\u2019Acide Hyaluronique.","robots":{"index":"index","follow":"follow","max-snippet":"max-snippet:-1","max-image-preview":"max-image-preview:large","max-video-preview":"max-video-preview:-1"},"canonical":"https:\/\/vitablanca.ma\/ar\/product-2\/novexpert-fluide-anti-age-expert-40ml\/","og_locale":"ar_AR","og_type":"article","og_title":"Novexpert Fluide Anti-Age Expert 40ml - Maroc Prix","og_description":"Novexpert Fluide Anti-\u00c2ge Expert 40ml corrige rides, raffermit et prot\u00e8ge la peau. Soin visage naturel \u00e0 l\u2019Acide Hyaluronique.","og_url":"https:\/\/vitablanca.ma\/ar\/product-2\/novexpert-fluide-anti-age-expert-40ml\/","og_site_name":"Vitablanca.ma &ndash; Sant&eacute;, vitalit&eacute; et bien-&ecirc;tre pour tous les Marocains","article_publisher":"https:\/\/www.facebook.com\/profile.php?id=61576678196717","article_modified_time":"2026-02-16T19:39:13+00:00","og_image":[{"width":1000,"height":1000,"url":"https:\/\/vitablanca.ma\/wp-content\/uploads\/2025\/06\/Novexpert-Fluide-Anti-Age-Expert-40ml-Nova-para-prix-Maroc.jpg","type":"image\/jpeg"}],"twitter_card":"summary_large_image","twitter_misc":{"\u0648\u0642\u062a \u0627\u0644\u0642\u0631\u0627\u0621\u0629 \u0627\u0644\u0645\u064f\u0642\u062f\u0651\u0631":"\u062f\u0642\u064a\u0642\u0629 \u0648\u0627\u062d\u062f\u0629"},"schema":{"@context":"https:\/\/schema.org","@graph":[{"@type":["WebPage","ItemPage"],"@id":"https:\/\/vitablanca.ma\/produit\/novexpert-fluide-anti-age-expert-40ml\/","url":"https:\/\/vitablanca.ma\/produit\/novexpert-fluide-anti-age-expert-40ml\/","name":"\u0633\u0627\u0626\u0644 \u0646\u0648\u0641 \u0625\u0643\u0633\u0628\u064a\u0631\u062a \u0625\u0643\u0633\u0628\u064a\u0631\u062a \u0644\u0645\u0643\u0627\u0641\u062d\u0629 \u0627\u0644\u0634\u064a\u062e\u0648\u062e\u0629 40 \u0645\u0644 - \u0633\u0639\u0631 \u0627\u0644\u0645\u063a\u0631\u0628","isPartOf":{"@id":"https:\/\/vitablanca.ma\/#website"},"primaryImageOfPage":{"@id":"https:\/\/vitablanca.ma\/produit\/novexpert-fluide-anti-age-expert-40ml\/#primaryimage"},"image":{"@id":"https:\/\/vitablanca.ma\/produit\/novexpert-fluide-anti-age-expert-40ml\/#primaryimage"},"thumbnailUrl":"https:\/\/vitablanca.ma\/wp-content\/uploads\/2025\/06\/Novexpert-Fluide-Anti-Age-Expert-40ml-Nova-para-prix-Maroc.jpg","datePublished":"2025-06-11T21:12:30+00:00","dateModified":"2026-02-16T19:39:13+00:00","description":"Novexpert Fluide Anti-\u00c2ge Expert 40ml corrige rides, raffermit et prot\u00e8ge la peau. Soin visage naturel \u00e0 l\u2019Acide Hyaluronique.","breadcrumb":{"@id":"https:\/\/vitablanca.ma\/produit\/novexpert-fluide-anti-age-expert-40ml\/#breadcrumb"},"inLanguage":"ar","potentialAction":[{"@type":"ReadAction","target":["https:\/\/vitablanca.ma\/produit\/novexpert-fluide-anti-age-expert-40ml\/"]}]},{"@type":"ImageObject","inLanguage":"ar","@id":"https:\/\/vitablanca.ma\/produit\/novexpert-fluide-anti-age-expert-40ml\/#primaryimage","url":"https:\/\/vitablanca.ma\/wp-content\/uploads\/2025\/06\/Novexpert-Fluide-Anti-Age-Expert-40ml-Nova-para-prix-Maroc.jpg","contentUrl":"https:\/\/vitablanca.ma\/wp-content\/uploads\/2025\/06\/Novexpert-Fluide-Anti-Age-Expert-40ml-Nova-para-prix-Maroc.jpg","width":1000,"height":1000},{"@type":"BreadcrumbList","@id":"https:\/\/vitablanca.ma\/produit\/novexpert-fluide-anti-age-expert-40ml\/#breadcrumb","itemListElement":[{"@type":"ListItem","position":1,"name":"Home","item":"https:\/\/vitablanca.ma\/"},{"@type":"ListItem","position":2,"name":"Tous Les Produits","item":"https:\/\/vitablanca.ma\/tous-les-produits\/"},{"@type":"ListItem","position":3,"name":"Novexpert Fluide Anti-Age Expert 40ml"}]},{"@type":"WebSite","@id":"https:\/\/vitablanca.ma\/#website","url":"https:\/\/vitablanca.ma\/","name":"VitaBlanca.ma | \u0627\u0644\u0645\u0643\u0645\u0644\u0627\u062a \u0627\u0644\u063a\u0630\u0627\u0626\u064a\u0629\u060c \u0627\u0644\u0635\u062d\u0629 \u0648\u0627\u0644\u062c\u0645\u0627\u0644 \u0641\u064a \u0627\u0644\u0645\u063a\u0631\u0628","description":"\u0646\u0628\u064a\u0639 \u0641\u064a\u062a\u0627\u0645\u064a\u0646\u0627\u062a \u0648\u0645\u0643\u0645\u0644\u0627\u062a \u063a\u0630\u0627\u0626\u064a\u0629 \u0641\u0627\u062e\u0631\u0629 \u0645\u0646 \u0627\u0644\u0648\u0644\u0627\u064a\u0627\u062a \u0627\u0644\u0645\u062a\u062d\u062f\u0629 \u0627\u0644\u0623\u0645\u0631\u064a\u0643\u064a\u0629 \u0648\u0643\u0646\u062f\u0627 \u0648\u0646\u064a\u0648\u0632\u064a\u0644\u0646\u062f\u0627 \u0648\u0627\u0644\u0645\u063a\u0631\u0628 (\u0646\u0627\u0648 \u0641\u0648\u062f\u0632\u060c \u0633\u0648\u0644\u062c\u0627\u0631\u060c \u0645\u0627\u0646\u0648\u0643\u0627). \u062a\u0648\u0635\u064a\u0644 \u0633\u0631\u064a\u0639 \u0625\u0644\u0649 \u062c\u0645\u064a\u0639 \u0623\u0646\u062d\u0627\u0621 \u0627\u0644\u0645\u063a\u0631\u0628.","publisher":{"@id":"https:\/\/vitablanca.ma\/#organization"},"alternateName":"VitaBlanca.ma","potentialAction":[{"@type":"SearchAction","target":{"@type":"EntryPoint","urlTemplate":"https:\/\/vitablanca.ma\/?s={search_term_string}"},"query-input":{"@type":"PropertyValueSpecification","valueRequired":true,"valueName":"search_term_string"}}],"inLanguage":"ar"},{"@type":"Organization","@id":"https:\/\/vitablanca.ma\/#organization","name":"\u0641\u064a\u062a\u0627\u0628\u0644\u0627\u0646\u0643\u0627","url":"https:\/\/vitablanca.ma\/","logo":{"@type":"ImageObject","inLanguage":"ar","@id":"https:\/\/vitablanca.ma\/#\/schema\/logo\/image\/","url":"https:\/\/vitablanca.ma\/wp-content\/uploads\/2025\/05\/cropped-vitablanca.png","contentUrl":"https:\/\/vitablanca.ma\/wp-content\/uploads\/2025\/05\/cropped-vitablanca.png","width":360,"height":67,"caption":"VitaBlanca"},"image":{"@id":"https:\/\/vitablanca.ma\/#\/schema\/logo\/image\/"},"sameAs":["https:\/\/www.facebook.com\/profile.php?id=61576678196717","https:\/\/www.tiktok.com\/@vitablanca.ma","https:\/\/www.instagram.com\/vitablanca.ma\/"]}]}},"jetpack_sharing_enabled":true,"_links":{"self":[{"href":"https:\/\/vitablanca.ma\/ar\/wp-json\/wp\/v2\/product\/21164","targetHints":{"allow":["GET"]}}],"collection":[{"href":"https:\/\/vitablanca.ma\/ar\/wp-json\/wp\/v2\/product"}],"about":[{"href":"https:\/\/vitablanca.ma\/ar\/wp-json\/wp\/v2\/types\/product"}],"wp:featuredmedia":[{"embeddable":true,"href":"https:\/\/vitablanca.ma\/ar\/wp-json\/wp\/v2\/media\/21163"}],"wp:attachment":[{"href":"https:\/\/vitablanca.ma\/ar\/wp-json\/wp\/v2\/media?parent=21164"}],"wp:term":[{"taxonomy":"product_brand","embeddable":true,"href":"https:\/\/vitablanca.ma\/ar\/wp-json\/wp\/v2\/product_brand?post=21164"},{"taxonomy":"product_cat","embeddable":true,"href":"https:\/\/vitablanca.ma\/ar\/wp-json\/wp\/v2\/product_cat?post=21164"},{"taxonomy":"product_tag","embeddable":true,"href":"https:\/\/vitablanca.ma\/ar\/wp-json\/wp\/v2\/product_tag?post=21164"}],"curies":[{"name":"wp","href":"https:\/\/api.w.org\/{rel}","templated":true}]}}