{"id":21162,"date":"2025-06-11T21:12:26","date_gmt":"2025-06-11T21:12:26","guid":{"rendered":"https:\/\/vitablanca.ma\/product\/novexpert-serum-booster-pro-collagene-30-ml\/"},"modified":"2026-02-16T19:40:46","modified_gmt":"2026-02-16T19:40:46","slug":"novexpert-serum-booster-pro-collagene-30-ml","status":"publish","type":"product","link":"https:\/\/vitablanca.ma\/ar\/product-2\/novexpert-serum-booster-pro-collagene-30-ml\/","title":{"rendered":"\u0633\u064a\u0631\u0648\u0645 \u0646\u0648\u0641\u064a\u0643\u0633\u0628\u0631\u062a \u0628\u0631\u0648 \u0643\u0648\u0644\u0627\u062c\u064a\u0646 \u0627\u0644\u0645\u0639\u0632\u0632 30 \u0645\u0644"},"content":{"rendered":"<h2>\u0633\u064a\u0631\u0648\u0645 \u0646\u0648\u0641\u064a\u0643\u0633\u0628\u0631\u062a \u0628\u0631\u0648 \u0643\u0648\u0644\u0627\u062c\u064a\u0646 \u0627\u0644\u0645\u0639\u0632\u0632 30 \u0645\u0644<\/h2>\n<p>Le s\u00e9rum booster Pro-collag\u00e8ne Novexpert est un soin anti-\u00e2ge qui lisse les rides et ridules.<\/p>\n<p>Novexpert r\u00e9volutionne l\u2019anti-\u00e2ge en stimulant\u00a0<strong>les collag\u00e8nes du derme ET de l\u2019\u00e9piderme.<\/strong><\/p>\n<p>Le pr\u00e9cieux<strong>\u00a0Collag\u00e8ne 17<\/strong>\u00a0est \u00e9galement stimul\u00e9 \u00e0 +130%* gr\u00e2ce \u00e0 un actif brevet\u00e9.<\/p>\n<p><strong>CONSEILS D&rsquo;UTILISATION\u00a0:<\/strong><\/p>\n<p>Dosez une ou deux noisettes puis r\u00e9partissez le Booster Pro-Collag\u00e8ne sur l\u2019ensemble du visage et du cou.<\/p>\n<p>Ce Booster peut s\u2019appliquer seul ou avant votre cr\u00e8me.<\/p>\n<p>Vous pouvez vous maquiller directement apr\u00e8s l\u2019application du Booster.<\/p>\n<p>\u062a\u0631\u062f\u062f \u0627\u0644\u0627\u0633\u062a\u062e\u062f\u0627\u0645: \u0635\u0628\u0627\u062d\u064b\u0627 \u0648\/\u0623\u0648 \u0645\u0633\u0627\u0621\u064b.<\/p>\n<p><strong>\u0645\u0643\u0648\u0646\u0627\u062a :<\/strong><\/p>\n<p>Aqua (Water)\u00b0, Glycerin\u00b0, Caprylic\/Capric Triglyceride\u00b0, Butylene Glycol\u00b0, Coco-Caprylate\/Caprate\u00b0, Silybum Marianum Ethyl Ester\u00b0, Glyceryl Stearate Citrate\u00b0, Trehalose\u00b0, Parfum (Fragrance)\u00b0, Arginine\u00b0, Bentonite\u00b0, Olea Europaea (Olive) Leaf Extract\u00b0, Sodium Stearoyl Glutamate\u00b0, Laminaria Ochroleuca Extract \u00b0, Biosaccharide Gum-2\u00b0, Inulin\u00b0, Alaria Esculenta Extract\u00b0, Aloe Barbadensis Leaf Juice Powder\u00b0<em>, Aminobutyric Acid\u00b0, Sodium Hyaluronate\u00b0, Vitis Vinifera (Grape) Vine Extract\u00b0, Orobanche Rapum Extract\u00b0, C10-18 Triglycerides\u00b0, Bacillus Ferment\u00b0, Glyceryl Caprylate\u00b0, Propanediol\u00b0, Sclerotium Gum\u00b0, Citric Acid\u00b0, C12-16 Alcohols\u00b0, Xanthan Gum\u00b0, Lecithin\u00b0, Palmitic Acid\u00b0, Tocopherol\u00b0,\u00a0 \u00a0Phytic Acid\u00b0, Phenethyl Alcohol\u00b0, Cyamopsis Tetragonoloba (Guar) Gum\u00b0, Theobroma Cacao (Cocoa) Seed Butter\u00b0<\/em><\/p>\n<p style=\"text-align: center;\"><em>D\u00e9couvrez NOVEXPERT S\u00e9rum Booster Pro-Collag\u00e8ne, un produit soigneusement s\u00e9lectionn\u00e9 pour r\u00e9pondre \u00e0 vos besoins sp\u00e9cifiques, et vivez une exp\u00e9rience d&rsquo;achat exceptionnelle sur notre site,\u00a0<strong>Vita Blanca Parapharmacie Maroc<\/strong><\/em><\/p>","protected":false},"excerpt":{"rendered":"<p>NOVEXPERT S\u00e9rum Booster Pro-Collag\u00e8ne 30 ML Le s\u00e9rum booster Pro-collag\u00e8ne Novexpert est un soin anti-\u00e2ge qui lisse les rides et ridules. Novexpert r\u00e9volutionne l\u2019anti-\u00e2ge en stimulant\u00a0les collag\u00e8nes du derme ET de l\u2019\u00e9piderme. Le pr\u00e9cieux\u00a0Collag\u00e8ne 17\u00a0est \u00e9galement stimul\u00e9 \u00e0 +130%* gr\u00e2ce \u00e0 un actif brevet\u00e9. CONSEILS D&rsquo;UTILISATION\u00a0: Dosez une ou deux noisettes puis r\u00e9partissez le Booster [&hellip;]<\/p>\n","protected":false},"featured_media":21161,"template":"","meta":{"om_disable_all_campaigns":false},"product_brand":[],"product_cat":[15],"product_tag":[9283,9268,9281,9282,9284,9285],"class_list":{"0":"post-21162","1":"product","2":"type-product","3":"status-publish","4":"has-post-thumbnail","6":"product_cat-beaute-sante-complements-alimentaires-soins-et-bien-etre-au-meilleur-prix","7":"product_tag-booster-collagene-visage","8":"product_tag-cosmetique-naturelle-novexpert","9":"product_tag-novexpert-serum-pro-collagene","10":"product_tag-serum-anti-age-naturel","11":"product_tag-serum-fermete-rides","12":"product_tag-soin-raffermissant-visage","14":"first","15":"instock","16":"sale","17":"taxable","18":"shipping-taxable","19":"purchasable","20":"product-type-simple"},"yoast_head":"<!-- This site is optimized with the Yoast SEO plugin v27.4 - https:\/\/yoast.com\/product\/yoast-seo-wordpress\/ -->\n<title>NOVEXPERT S\u00e9rum Booster Pro-Collag\u00e8ne 30 ML - Maroc Prix<\/title>\n<meta name=\"description\" content=\"Novexpert S\u00e9rum Booster Pro-Collag\u00e8ne 30ml stimule le collag\u00e8ne, raffermit la peau et lisse les rides. Soin visage naturel haute performance\" \/>\n<meta name=\"robots\" content=\"index, follow, max-snippet:-1, max-image-preview:large, max-video-preview:-1\" \/>\n<link rel=\"canonical\" href=\"https:\/\/vitablanca.ma\/ar\/product-2\/novexpert-serum-booster-pro-collagene-30-ml\/\" \/>\n<meta property=\"og:locale\" content=\"ar_AR\" \/>\n<meta property=\"og:type\" content=\"article\" \/>\n<meta property=\"og:title\" content=\"NOVEXPERT S\u00e9rum Booster Pro-Collag\u00e8ne 30 ML - Maroc Prix\" \/>\n<meta property=\"og:description\" content=\"Novexpert S\u00e9rum Booster Pro-Collag\u00e8ne 30ml stimule le collag\u00e8ne, raffermit la peau et lisse les rides. Soin visage naturel haute performance\" \/>\n<meta property=\"og:url\" content=\"https:\/\/vitablanca.ma\/ar\/product-2\/novexpert-serum-booster-pro-collagene-30-ml\/\" \/>\n<meta property=\"og:site_name\" content=\"Vitablanca.ma &ndash; Sant&eacute;, vitalit&eacute; et bien-&ecirc;tre pour tous les Marocains\" \/>\n<meta property=\"article:publisher\" content=\"https:\/\/www.facebook.com\/profile.php?id=61576678196717\" \/>\n<meta property=\"article:modified_time\" content=\"2026-02-16T19:40:46+00:00\" \/>\n<meta property=\"og:image\" content=\"https:\/\/vitablanca.ma\/wp-content\/uploads\/2025\/06\/novexpert-serum-booster-pro-collagene-30-ml-Nova-para-prix-Maroc.jpg\" \/>\n\t<meta property=\"og:image:width\" content=\"800\" \/>\n\t<meta property=\"og:image:height\" content=\"800\" \/>\n\t<meta property=\"og:image:type\" content=\"image\/jpeg\" \/>\n<meta name=\"twitter:card\" content=\"summary_large_image\" \/>\n<meta name=\"twitter:label1\" content=\"\u0648\u0642\u062a \u0627\u0644\u0642\u0631\u0627\u0621\u0629 \u0627\u0644\u0645\u064f\u0642\u062f\u0651\u0631\" \/>\n\t<meta name=\"twitter:data1\" content=\"\u062f\u0642\u064a\u0642\u062a\u0627\u0646\" \/>\n<script type=\"application\/ld+json\" class=\"yoast-schema-graph\">{\"@context\":\"https:\\\/\\\/schema.org\",\"@graph\":[{\"@type\":[\"WebPage\",\"ItemPage\"],\"@id\":\"https:\\\/\\\/vitablanca.ma\\\/produit\\\/novexpert-serum-booster-pro-collagene-30-ml\\\/\",\"url\":\"https:\\\/\\\/vitablanca.ma\\\/produit\\\/novexpert-serum-booster-pro-collagene-30-ml\\\/\",\"name\":\"NOVEXPERT S\u00e9rum Booster Pro-Collag\u00e8ne 30 ML - Maroc Prix\",\"isPartOf\":{\"@id\":\"https:\\\/\\\/vitablanca.ma\\\/#website\"},\"primaryImageOfPage\":{\"@id\":\"https:\\\/\\\/vitablanca.ma\\\/produit\\\/novexpert-serum-booster-pro-collagene-30-ml\\\/#primaryimage\"},\"image\":{\"@id\":\"https:\\\/\\\/vitablanca.ma\\\/produit\\\/novexpert-serum-booster-pro-collagene-30-ml\\\/#primaryimage\"},\"thumbnailUrl\":\"https:\\\/\\\/vitablanca.ma\\\/wp-content\\\/uploads\\\/2025\\\/06\\\/novexpert-serum-booster-pro-collagene-30-ml-Nova-para-prix-Maroc.jpg\",\"datePublished\":\"2025-06-11T21:12:26+00:00\",\"dateModified\":\"2026-02-16T19:40:46+00:00\",\"description\":\"Novexpert S\u00e9rum Booster Pro-Collag\u00e8ne 30ml stimule le collag\u00e8ne, raffermit la peau et lisse les rides. Soin visage naturel haute performance\",\"breadcrumb\":{\"@id\":\"https:\\\/\\\/vitablanca.ma\\\/produit\\\/novexpert-serum-booster-pro-collagene-30-ml\\\/#breadcrumb\"},\"inLanguage\":\"ar\",\"potentialAction\":[{\"@type\":\"ReadAction\",\"target\":[\"https:\\\/\\\/vitablanca.ma\\\/produit\\\/novexpert-serum-booster-pro-collagene-30-ml\\\/\"]}]},{\"@type\":\"ImageObject\",\"inLanguage\":\"ar\",\"@id\":\"https:\\\/\\\/vitablanca.ma\\\/produit\\\/novexpert-serum-booster-pro-collagene-30-ml\\\/#primaryimage\",\"url\":\"https:\\\/\\\/vitablanca.ma\\\/wp-content\\\/uploads\\\/2025\\\/06\\\/novexpert-serum-booster-pro-collagene-30-ml-Nova-para-prix-Maroc.jpg\",\"contentUrl\":\"https:\\\/\\\/vitablanca.ma\\\/wp-content\\\/uploads\\\/2025\\\/06\\\/novexpert-serum-booster-pro-collagene-30-ml-Nova-para-prix-Maroc.jpg\",\"width\":800,\"height\":800},{\"@type\":\"BreadcrumbList\",\"@id\":\"https:\\\/\\\/vitablanca.ma\\\/produit\\\/novexpert-serum-booster-pro-collagene-30-ml\\\/#breadcrumb\",\"itemListElement\":[{\"@type\":\"ListItem\",\"position\":1,\"name\":\"Home\",\"item\":\"https:\\\/\\\/vitablanca.ma\\\/\"},{\"@type\":\"ListItem\",\"position\":2,\"name\":\"Tous Les Produits\",\"item\":\"https:\\\/\\\/vitablanca.ma\\\/tous-les-produits\\\/\"},{\"@type\":\"ListItem\",\"position\":3,\"name\":\"NOVEXPERT S\u00e9rum Booster Pro-Collag\u00e8ne 30 ML\"}]},{\"@type\":\"WebSite\",\"@id\":\"https:\\\/\\\/vitablanca.ma\\\/#website\",\"url\":\"https:\\\/\\\/vitablanca.ma\\\/\",\"name\":\"VitaBlanca.ma | Compl\u00e9ments alimentaires, sant\u00e9 & beaut\u00e9 au Maroc\",\"description\":\"vendre vitamines et compl\u00e9ments premium des USA &amp; Canada, Nouvelle Z\u00e9lande,Maroc (NOW Foods, Solgar, Manuka). Livraison rapide partout au Maroc.\",\"publisher\":{\"@id\":\"https:\\\/\\\/vitablanca.ma\\\/#organization\"},\"alternateName\":\"VitaBlanca.ma\",\"potentialAction\":[{\"@type\":\"SearchAction\",\"target\":{\"@type\":\"EntryPoint\",\"urlTemplate\":\"https:\\\/\\\/vitablanca.ma\\\/?s={search_term_string}\"},\"query-input\":{\"@type\":\"PropertyValueSpecification\",\"valueRequired\":true,\"valueName\":\"search_term_string\"}}],\"inLanguage\":\"ar\"},{\"@type\":\"Organization\",\"@id\":\"https:\\\/\\\/vitablanca.ma\\\/#organization\",\"name\":\"VitaBlanca\",\"url\":\"https:\\\/\\\/vitablanca.ma\\\/\",\"logo\":{\"@type\":\"ImageObject\",\"inLanguage\":\"ar\",\"@id\":\"https:\\\/\\\/vitablanca.ma\\\/#\\\/schema\\\/logo\\\/image\\\/\",\"url\":\"https:\\\/\\\/vitablanca.ma\\\/wp-content\\\/uploads\\\/2025\\\/05\\\/cropped-vitablanca.png\",\"contentUrl\":\"https:\\\/\\\/vitablanca.ma\\\/wp-content\\\/uploads\\\/2025\\\/05\\\/cropped-vitablanca.png\",\"width\":360,\"height\":67,\"caption\":\"VitaBlanca\"},\"image\":{\"@id\":\"https:\\\/\\\/vitablanca.ma\\\/#\\\/schema\\\/logo\\\/image\\\/\"},\"sameAs\":[\"https:\\\/\\\/www.facebook.com\\\/profile.php?id=61576678196717\",\"https:\\\/\\\/www.tiktok.com\\\/@vitablanca.ma\",\"https:\\\/\\\/www.instagram.com\\\/vitablanca.ma\\\/\"]}]}<\/script>\n<!-- \/ Yoast SEO plugin. -->","yoast_head_json":{"title":"NOVEXPERT S\u00e9rum Booster Pro-Collag\u00e8ne 30 ML - Maroc Prix","description":"Novexpert S\u00e9rum Booster Pro-Collag\u00e8ne 30ml stimule le collag\u00e8ne, raffermit la peau et lisse les rides. Soin visage naturel haute performance","robots":{"index":"index","follow":"follow","max-snippet":"max-snippet:-1","max-image-preview":"max-image-preview:large","max-video-preview":"max-video-preview:-1"},"canonical":"https:\/\/vitablanca.ma\/ar\/product-2\/novexpert-serum-booster-pro-collagene-30-ml\/","og_locale":"ar_AR","og_type":"article","og_title":"NOVEXPERT S\u00e9rum Booster Pro-Collag\u00e8ne 30 ML - Maroc Prix","og_description":"Novexpert S\u00e9rum Booster Pro-Collag\u00e8ne 30ml stimule le collag\u00e8ne, raffermit la peau et lisse les rides. Soin visage naturel haute performance","og_url":"https:\/\/vitablanca.ma\/ar\/product-2\/novexpert-serum-booster-pro-collagene-30-ml\/","og_site_name":"Vitablanca.ma &ndash; Sant&eacute;, vitalit&eacute; et bien-&ecirc;tre pour tous les Marocains","article_publisher":"https:\/\/www.facebook.com\/profile.php?id=61576678196717","article_modified_time":"2026-02-16T19:40:46+00:00","og_image":[{"width":800,"height":800,"url":"https:\/\/vitablanca.ma\/wp-content\/uploads\/2025\/06\/novexpert-serum-booster-pro-collagene-30-ml-Nova-para-prix-Maroc.jpg","type":"image\/jpeg"}],"twitter_card":"summary_large_image","twitter_misc":{"\u0648\u0642\u062a \u0627\u0644\u0642\u0631\u0627\u0621\u0629 \u0627\u0644\u0645\u064f\u0642\u062f\u0651\u0631":"\u062f\u0642\u064a\u0642\u062a\u0627\u0646"},"schema":{"@context":"https:\/\/schema.org","@graph":[{"@type":["WebPage","ItemPage"],"@id":"https:\/\/vitablanca.ma\/produit\/novexpert-serum-booster-pro-collagene-30-ml\/","url":"https:\/\/vitablanca.ma\/produit\/novexpert-serum-booster-pro-collagene-30-ml\/","name":"NOVEXPERT S\u00e9rum Booster Pro-Collag\u00e8ne 30 ML - Maroc Prix","isPartOf":{"@id":"https:\/\/vitablanca.ma\/#website"},"primaryImageOfPage":{"@id":"https:\/\/vitablanca.ma\/produit\/novexpert-serum-booster-pro-collagene-30-ml\/#primaryimage"},"image":{"@id":"https:\/\/vitablanca.ma\/produit\/novexpert-serum-booster-pro-collagene-30-ml\/#primaryimage"},"thumbnailUrl":"https:\/\/vitablanca.ma\/wp-content\/uploads\/2025\/06\/novexpert-serum-booster-pro-collagene-30-ml-Nova-para-prix-Maroc.jpg","datePublished":"2025-06-11T21:12:26+00:00","dateModified":"2026-02-16T19:40:46+00:00","description":"Novexpert S\u00e9rum Booster Pro-Collag\u00e8ne 30ml stimule le collag\u00e8ne, raffermit la peau et lisse les rides. Soin visage naturel haute performance","breadcrumb":{"@id":"https:\/\/vitablanca.ma\/produit\/novexpert-serum-booster-pro-collagene-30-ml\/#breadcrumb"},"inLanguage":"ar","potentialAction":[{"@type":"ReadAction","target":["https:\/\/vitablanca.ma\/produit\/novexpert-serum-booster-pro-collagene-30-ml\/"]}]},{"@type":"ImageObject","inLanguage":"ar","@id":"https:\/\/vitablanca.ma\/produit\/novexpert-serum-booster-pro-collagene-30-ml\/#primaryimage","url":"https:\/\/vitablanca.ma\/wp-content\/uploads\/2025\/06\/novexpert-serum-booster-pro-collagene-30-ml-Nova-para-prix-Maroc.jpg","contentUrl":"https:\/\/vitablanca.ma\/wp-content\/uploads\/2025\/06\/novexpert-serum-booster-pro-collagene-30-ml-Nova-para-prix-Maroc.jpg","width":800,"height":800},{"@type":"BreadcrumbList","@id":"https:\/\/vitablanca.ma\/produit\/novexpert-serum-booster-pro-collagene-30-ml\/#breadcrumb","itemListElement":[{"@type":"ListItem","position":1,"name":"Home","item":"https:\/\/vitablanca.ma\/"},{"@type":"ListItem","position":2,"name":"Tous Les Produits","item":"https:\/\/vitablanca.ma\/tous-les-produits\/"},{"@type":"ListItem","position":3,"name":"NOVEXPERT S\u00e9rum Booster Pro-Collag\u00e8ne 30 ML"}]},{"@type":"WebSite","@id":"https:\/\/vitablanca.ma\/#website","url":"https:\/\/vitablanca.ma\/","name":"VitaBlanca.ma | \u0627\u0644\u0645\u0643\u0645\u0644\u0627\u062a \u0627\u0644\u063a\u0630\u0627\u0626\u064a\u0629\u060c \u0627\u0644\u0635\u062d\u0629 \u0648\u0627\u0644\u062c\u0645\u0627\u0644 \u0641\u064a \u0627\u0644\u0645\u063a\u0631\u0628","description":"\u0646\u0628\u064a\u0639 \u0641\u064a\u062a\u0627\u0645\u064a\u0646\u0627\u062a \u0648\u0645\u0643\u0645\u0644\u0627\u062a \u063a\u0630\u0627\u0626\u064a\u0629 \u0641\u0627\u062e\u0631\u0629 \u0645\u0646 \u0627\u0644\u0648\u0644\u0627\u064a\u0627\u062a \u0627\u0644\u0645\u062a\u062d\u062f\u0629 \u0627\u0644\u0623\u0645\u0631\u064a\u0643\u064a\u0629 \u0648\u0643\u0646\u062f\u0627 \u0648\u0646\u064a\u0648\u0632\u064a\u0644\u0646\u062f\u0627 \u0648\u0627\u0644\u0645\u063a\u0631\u0628 (\u0646\u0627\u0648 \u0641\u0648\u062f\u0632\u060c \u0633\u0648\u0644\u062c\u0627\u0631\u060c \u0645\u0627\u0646\u0648\u0643\u0627). \u062a\u0648\u0635\u064a\u0644 \u0633\u0631\u064a\u0639 \u0625\u0644\u0649 \u062c\u0645\u064a\u0639 \u0623\u0646\u062d\u0627\u0621 \u0627\u0644\u0645\u063a\u0631\u0628.","publisher":{"@id":"https:\/\/vitablanca.ma\/#organization"},"alternateName":"VitaBlanca.ma","potentialAction":[{"@type":"SearchAction","target":{"@type":"EntryPoint","urlTemplate":"https:\/\/vitablanca.ma\/?s={search_term_string}"},"query-input":{"@type":"PropertyValueSpecification","valueRequired":true,"valueName":"search_term_string"}}],"inLanguage":"ar"},{"@type":"Organization","@id":"https:\/\/vitablanca.ma\/#organization","name":"\u0641\u064a\u062a\u0627\u0628\u0644\u0627\u0646\u0643\u0627","url":"https:\/\/vitablanca.ma\/","logo":{"@type":"ImageObject","inLanguage":"ar","@id":"https:\/\/vitablanca.ma\/#\/schema\/logo\/image\/","url":"https:\/\/vitablanca.ma\/wp-content\/uploads\/2025\/05\/cropped-vitablanca.png","contentUrl":"https:\/\/vitablanca.ma\/wp-content\/uploads\/2025\/05\/cropped-vitablanca.png","width":360,"height":67,"caption":"VitaBlanca"},"image":{"@id":"https:\/\/vitablanca.ma\/#\/schema\/logo\/image\/"},"sameAs":["https:\/\/www.facebook.com\/profile.php?id=61576678196717","https:\/\/www.tiktok.com\/@vitablanca.ma","https:\/\/www.instagram.com\/vitablanca.ma\/"]}]}},"jetpack_sharing_enabled":true,"_links":{"self":[{"href":"https:\/\/vitablanca.ma\/ar\/wp-json\/wp\/v2\/product\/21162","targetHints":{"allow":["GET"]}}],"collection":[{"href":"https:\/\/vitablanca.ma\/ar\/wp-json\/wp\/v2\/product"}],"about":[{"href":"https:\/\/vitablanca.ma\/ar\/wp-json\/wp\/v2\/types\/product"}],"wp:featuredmedia":[{"embeddable":true,"href":"https:\/\/vitablanca.ma\/ar\/wp-json\/wp\/v2\/media\/21161"}],"wp:attachment":[{"href":"https:\/\/vitablanca.ma\/ar\/wp-json\/wp\/v2\/media?parent=21162"}],"wp:term":[{"taxonomy":"product_brand","embeddable":true,"href":"https:\/\/vitablanca.ma\/ar\/wp-json\/wp\/v2\/product_brand?post=21162"},{"taxonomy":"product_cat","embeddable":true,"href":"https:\/\/vitablanca.ma\/ar\/wp-json\/wp\/v2\/product_cat?post=21162"},{"taxonomy":"product_tag","embeddable":true,"href":"https:\/\/vitablanca.ma\/ar\/wp-json\/wp\/v2\/product_tag?post=21162"}],"curies":[{"name":"wp","href":"https:\/\/api.w.org\/{rel}","templated":true}]}}