{"id":21135,"date":"2025-06-11T21:11:36","date_gmt":"2025-06-11T21:11:36","guid":{"rendered":"https:\/\/vitablanca.ma\/product\/novexpert-a-la-vitamine-c-booster-et-flash-eclat-30ml\/"},"modified":"2026-02-16T20:05:26","modified_gmt":"2026-02-16T20:05:26","slug":"novexpert-a-la-vitamine-c-booster-et-flash-eclat-30ml","status":"publish","type":"product","link":"https:\/\/vitablanca.ma\/ar\/product-2\/novexpert-a-la-vitamine-c-booster-et-flash-eclat-30ml\/","title":{"rendered":"\u0646\u0648\u0641 \u0625\u0643\u0633\u0628\u064a\u0631\u062a \u0645\u0639 \u0645\u0639\u0632\u0632 \u0641\u064a\u062a\u0627\u0645\u064a\u0646 \u0633\u064a \u0648\u0625\u0634\u0631\u0627\u0642\u0629 \u0641\u0648\u0631\u064a\u0629 30 \u0645\u0644"},"content":{"rendered":"<h2>\u0633\u064a\u0631\u0648\u0645 \u0646\u0648\u0641 \u0625\u0643\u0633\u0628\u064a\u0631\u062a \u0627\u0644\u0645\u064f\u0639\u0632\u0651\u0632 \u0628\u0641\u064a\u062a\u0627\u0645\u064a\u0646 \u0633\u064a. \u0645\u0632\u064a\u062c \u0641\u064a\u062a\u0627\u0645\u064a\u0646\u0627\u062a \u0641\u0627\u0626\u0642 \u0627\u0644\u062a\u0631\u0643\u064a\u0632.<\/h2>\n<div class=\"product__description rte\">\n<p>\u0643\u064a\u0641 \u064a\u0645\u0643\u0646\u0643\u0650 \u0627\u0644\u0627\u0633\u062a\u0645\u062a\u0627\u0639 \u0628\u062c\u0645\u064a\u0639 \u0641\u0648\u0627\u0626\u062f \u0641\u064a\u062a\u0627\u0645\u064a\u0646 \u0633\u064a (\u0645\u064f\u0636\u0627\u062f \u0644\u0644\u0634\u064a\u062e\u0648\u062e\u0629\u060c \u0645\u064f\u0636\u0627\u062f \u0644\u0644\u0628\u0642\u0639\u060c \u0645\u064f\u0634\u0631\u0642 \u0644\u0644\u0628\u0634\u0631\u0629\u060c \u0625\u0644\u062e) \u064a\u0648\u0645\u064a\u064b\u0627 \u0648\u0641\u064a \u062c\u0645\u064a\u0639 \u0627\u0644\u0641\u0635\u0648\u0644\u061f \u0647\u0630\u0647 \u0627\u0644\u0627\u062d\u062a\u064a\u0627\u062c\u0627\u062a \u062a\u062a\u0637\u0644\u0628 \u0639\u0646\u0627\u064a\u0629 \u0641\u0627\u0626\u0642\u0629:\u00a0<strong>\u0641\u0627\u0626\u0642 \u0627\u0644\u062a\u0631\u0643\u064a\u0632 \u0639\u0646\u062f 25%\u060c \u0645\u0633\u062a\u0642\u0631<\/strong>\u00a0\u0648\u0645\u062a\u0648\u0627\u0641\u0642 \u0645\u0639 \u062c\u0645\u064a\u0639 \u0623\u0646\u0648\u0627\u0639 \u0627\u0644\u0628\u0634\u0631\u0629.<br \/>\n30\u0645\u0644.<\/p>\n<p><strong>\u0639\u0646\u062f\u0645\u0627 \u064a\u062a\u0646\u0627\u063a\u0645 \u0627\u0644\u0627\u062a\u062c\u0627\u0647 \u0645\u0639 \u0627\u0644\u0646\u0642\u0635.\u00a0<\/strong>La vie moderne nous cache parfois quelques mauvaises surprises : pollution, cigarette, stress \u2026 qui ont la f\u00e2cheuse habitude d\u2019\u00e9puiser nos r\u00e9serves en vitamine C. Cette vitamine est pourtant \u00a0cl\u00e9 pour notre peau. Ici on aime l\u2019appeler le couteau suisse de la beaut\u00e9 : antioxydante, pro-collag\u00e8ne, anti-taches\u2026<\/p>\n<div><strong>\u0641\u0643\u064a\u0641 \u064a\u0645\u0643\u0646\u0646\u0627 \u0633\u062f \u0647\u0630\u0627 \u0627\u0644\u0646\u0642\u0635 \u0641\u064a \u0641\u064a\u062a\u0627\u0645\u064a\u0646 \u0633\u064a\u061f<\/strong>\u00a0\u0627\u0644\u062a\u062d\u062f\u064a \u0627\u0644\u062a\u0642\u0646\u064a \u0641\u064a \u0645\u062c\u0627\u0644 \u0645\u0633\u062a\u062d\u0636\u0631\u0627\u062a \u0627\u0644\u062a\u062c\u0645\u064a\u0644 \u0623\u0643\u062b\u0631 \u062a\u0639\u0642\u064a\u062f\u064b\u0627 \u0645\u0645\u0627 \u064a\u0628\u062f\u0648: \u0641\u064a\u062a\u0627\u0645\u064a\u0646 \u0633\u064a \u0644\u064a\u0633 \u0645\u0633\u062a\u0642\u0631\u064b\u0627 \u062a\u0645\u0627\u0645\u064b\u0627. \u0647\u0630\u0627 \u0645\u0648\u0636\u0648\u0639 \u0631\u0626\u064a\u0633\u064a \u0623\u062b\u0627\u0631 \u0627\u0647\u062a\u0645\u0627\u0645 \u0646\u0648\u0641 \u0625\u0643\u0633\u0628\u064a\u0631\u062a\u060c \u0645\u0645\u0627 \u064a\u064f\u0642\u062f\u0645 \u0644\u0643\u0645 \u0625\u0646\u062c\u0627\u0632\u064b\u0627 \u062d\u0642\u064a\u0642\u064a\u064b\u0627.<\/div>\n<div>\n<ul>\n<li><strong>1<sup>\u0639\u0635\u0631<\/sup>\u00a0\u0627\u0646\u0641\u0635\u0644<\/strong>\u00a0:<strong>\u00a0<\/strong>\u0627\u0644\u0639\u062b\u0648\u0631 \u0639\u0644\u0649 \u0645\u0631\u0643\u0628 \u0641\u064a\u062a\u0627\u0645\u064a\u0646 C \u0645\u0633\u062a\u0642\u0631 \u062d\u0642\u064b\u0627 \u0648\u0645\u0642\u0627\u0648\u0645 \u0644\u0644\u062d\u0631\u0627\u0631\u0629 \u0648\u0627\u0644\u0636\u0648\u0621.<\/li>\n<li><strong>2<sup>\u0630\u00a0<\/sup>\u0627\u0646\u0641\u0635\u0644<\/strong>\u00a0:\u062a\u0631\u0643\u064a\u0628\u0629 \u0645\u062a\u0633\u0627\u0645\u062d\u0629 \u0641\u0633\u064a\u0648\u0644\u0648\u062c\u064a\u064b\u0627 \u064a\u0645\u0643\u0646 \u062a\u0637\u0628\u064a\u0642\u0647\u0627 \u064a\u0648\u0645\u064a\u064b\u0627 \u0637\u0648\u0627\u0644 \u0627\u0644\u0639\u0627\u0645 \u0648\u0645\u062a\u0648\u0627\u0641\u0642\u0629 \u0645\u0639 \u0627\u0644\u062a\u0639\u0631\u0636 \u0644\u0623\u0634\u0639\u0629 \u0627\u0644\u0634\u0645\u0633 (\u0648\u0644\u0643\u0646\u0647\u0627 \u0644\u0627 \u062a\u062d\u0645\u064a \u0645\u0646 \u0627\u0644\u0623\u0634\u0639\u0629 \u0641\u0648\u0642 \u0627\u0644\u0628\u0646\u0641\u0633\u062c\u064a\u0629 - \u0639\u062f\u0645 \u0648\u062c\u0648\u062f \u0641\u0644\u0627\u062a\u0631 \u0627\u0644\u0634\u0645\u0633).<\/li>\n<li><strong>3<sup>\u0630<\/sup>\u00a0\u0627\u0646\u0641\u0635\u0644<\/strong>\u00a0:<b>\u00a0<\/b>\u00a0\u062c\u0631\u0639\u0629 \u0641\u0627\u0626\u0642\u0629 \u0627\u0644\u062a\u0631\u0643\u064a\u0632 \u062a\u062d\u062a\u0648\u064a \u0639\u0644\u0649 25% \u0645\u0646 \u0645\u0631\u0643\u0628 \u0641\u064a\u062a\u0627\u0645\u064a\u0646 \u0633\u064a \u0627\u0644\u0645\u0633\u062a\u0642\u0631.<\/li>\n<\/ul>\n<\/div>\n<div>\u0645\u0639\u0632\u0632 \u0641\u064a\u062a\u0627\u0645\u064a\u0646 \u0633\u064a \u0639\u0644\u0627\u062c \u0641\u0639\u0627\u0644 \u0645\u0636\u0627\u062f \u0644\u0644\u0623\u0643\u0633\u062f\u0629. \u064a\u064f\u0646\u0639\u0645 \u0627\u0644\u0628\u0634\u0631\u0629 \u0648\u064a\u064f\u0636\u0641\u064a \u0639\u0644\u064a\u0647\u0627 \u0625\u0634\u0631\u0627\u0642\u0629 \u0641\u0648\u0631\u064a\u0629. \u0645\u0646\u062a\u062c \u0623\u0633\u0627\u0633\u064a \u064a\u064f\u0632\u0648\u062f\u0643\u0650 \u0628\u0647\u0630\u0627 \u0627\u0644\u0641\u064a\u062a\u0627\u0645\u064a\u0646 \u0627\u0644\u0623\u0633\u0627\u0633\u064a \u064a\u0648\u0645\u064a\u064b\u0627 \u0644\u062c\u0645\u0627\u0644 \u0628\u0634\u0631\u062a\u0643\u0650.<\/p>\n<\/div>\n<div class=\"grid__cell 1\/2--lap-and-up\">\n<h3 class=\"product__usage-title --color --border\">\u0637\u0644\u0628<\/h3>\n<div class=\"rte\">\n<p>\u0642\u0645 \u0628\u0642\u064a\u0627\u0633 \u062d\u0628\u0629 \u0623\u0648 \u062d\u0628\u062a\u064a\u0646 \u0645\u0646 \u0627\u0644\u0628\u0646\u062f\u0642 \u062b\u0645 \u0642\u0645 \u0628\u062a\u0648\u0632\u064a\u0639 \u0641\u064a\u062a\u0627\u0645\u064a\u0646 \u0633\u064a \u0627\u0644\u0645\u0639\u0632\u0632 \u0639\u0644\u0649<strong>\u0627\u0644\u0648\u062c\u0647 \u0643\u0644\u0647<\/strong>\u00a0\u0648 \u0627\u0644\u00a0<strong>\u0627\u0644\u0645\u0646\u0627\u0637\u0642 \u0627\u0644\u0645\u0633\u062a\u0647\u062f\u0641\u0629<\/strong>\u00a0(taches pigmentaires et rides).\u00a0Ce Booster peut s\u2019appliquer\u00a0<strong>\u0648\u062d\u064a\u062f\u00a0<\/strong>\u0623\u0648\u00a0<strong>\u0642\u0628\u0644\u00a0<\/strong>votre cr\u00e8me. Vous pouvez vous maquiller directement apr\u00e8s l\u2019application du Booster.<br \/>\n\u062a\u0631\u062f\u062f \u0627\u0644\u0627\u0633\u062a\u062e\u062f\u0627\u0645: \u0635\u0628\u0627\u062d\u064b\u0627 \u0648\/\u0623\u0648 \u0645\u0633\u0627\u0621\u064b.<\/p>\n<\/div>\n<\/div>\n<div class=\"grid__cell 1\/2--lap-and-up\">\n<div class=\"rte\">\n<p>\u062a\u064f\u062f\u0645\u0631 \u0627\u0644\u0634\u0645\u0633 \u0641\u064a\u062a\u0627\u0645\u064a\u0646 \u0633\u064a \u0641\u064a \u0627\u0644\u0628\u0634\u0631\u0629\u060c \u0645\u0645\u0627 \u064a\u064f\u0633\u0628\u0628 \u0627\u0644\u0634\u064a\u062e\u0648\u062e\u0629 \u0627\u0644\u0645\u0628\u0643\u0631\u0629. \u0645\u064f\u0639\u0632\u0632 \u0627\u0644\u0628\u0634\u0631\u0629 \u0641\u0631\u064a\u062f \u0648\u0639\u0645\u0644\u064a\u060c \u0648\u0647\u0648 \u0645\u062a\u0648\u0627\u0641\u0642 \u0645\u0639 \u0627\u0644\u062a\u0639\u0631\u0636 \u0644\u0623\u0634\u0639\u0629 \u0627\u0644\u0634\u0645\u0633 (\u0644\u0643\u0646\u0647 \u0644\u0627 \u064a\u062d\u0645\u064a \u0645\u0646 \u0627\u0644\u0623\u0634\u0639\u0629 \u0641\u0648\u0642 \u0627\u0644\u0628\u0646\u0641\u0633\u062c\u064a\u0629 - \u0628\u0633\u0628\u0628 \u0646\u0642\u0635 \u0648\u0627\u0642\u064a \u0627\u0644\u0634\u0645\u0633). \u0644\u0630\u0644\u0643\u060c \u064a\u064f\u0645\u0643\u0646 \u0627\u0633\u062a\u062e\u062f\u0627\u0645\u0647 \u062a\u062d\u062a \u0648\u0627\u0642\u064a \u0627\u0644\u0634\u0645\u0633 \u0623\u0648 \u0643\u0639\u0644\u0627\u062c \u0628\u0639\u062f \u0627\u0644\u062a\u0639\u0631\u0636 \u0644\u0623\u0634\u0639\u0629 \u0627\u0644\u0634\u0645\u0633.<\/p>\n<p style=\"text-align: center;\">D\u00e9couvrez Novexpert \u00e0 la Vitamine C Booster et Flash \u00c9clat, un produit soigneusement s\u00e9lectionn\u00e9 pour r\u00e9pondre \u00e0 vos besoins sp\u00e9cifiques, et vivez une exp\u00e9rience d\u2019achat exceptionnelle sur notre site,\u00a0<strong>Vita Blanca Parapharmacie Maroc<\/strong><\/p>\n<\/div>\n<\/div>\n<\/div>","protected":false},"excerpt":{"rendered":"<p>Novexpert S\u00e9rum Booster \u00e0 la Vitamine C. Cocktail vitamin\u00e9 ultra-concentr\u00e9. Comment profiter de tous les bienfaits de la vitamine C (anti-\u00e2ge, anti-taches, \u00e9clat du teint \u2026) chaque jour et en toutes saisons ? Ces besoins exigent un soin expert:\u00a0ultra-concentr\u00e9 \u00e0 25%, stable\u00a0et compatible \u00e0 tous les types de peaux. 30ml. Quand tendance rime avec carence.\u00a0La [&hellip;]<\/p>\n","protected":false},"featured_media":21134,"template":"","meta":{"om_disable_all_campaigns":false},"product_brand":[],"product_cat":[15],"product_tag":[9346,9345,9343,9282,8465,9344],"class_list":{"0":"post-21135","1":"product","2":"type-product","3":"status-publish","4":"has-post-thumbnail","6":"product_cat-beaute-sante-complements-alimentaires-soins-et-bien-etre-au-meilleur-prix","7":"product_tag-anti-oxydant-vitamine-c","8":"product_tag-cosmetique-naturelle-visage","9":"product_tag-novexpert-vitamine-c-booster","10":"product_tag-serum-anti-age-naturel","11":"product_tag-soin-eclat-visage","12":"product_tag-soin-flash-eclat-novexpert","14":"first","15":"instock","16":"sale","17":"taxable","18":"shipping-taxable","19":"purchasable","20":"product-type-simple"},"yoast_head":"<!-- This site is optimized with the Yoast SEO plugin v27.5 - https:\/\/yoast.com\/product\/yoast-seo-wordpress\/ -->\n<title>Novexpert \u00e0 la Vitamine C Booster et Flash \u00c9clat 30ml - Maroc Prix<\/title>\n<meta name=\"description\" content=\"Novexpert Vitamine C Booster &amp; Flash \u00c9clat 30ml illumine le teint, lutte contre les signes de l\u2019\u00e2ge et revitalise la peau. Soin naturel.\" \/>\n<meta name=\"robots\" content=\"index, follow, max-snippet:-1, max-image-preview:large, max-video-preview:-1\" \/>\n<link rel=\"canonical\" href=\"https:\/\/vitablanca.ma\/ar\/product-2\/novexpert-a-la-vitamine-c-booster-et-flash-eclat-30ml\/\" \/>\n<meta property=\"og:locale\" content=\"ar_AR\" \/>\n<meta property=\"og:type\" content=\"article\" \/>\n<meta property=\"og:title\" content=\"Novexpert \u00e0 la Vitamine C Booster et Flash \u00c9clat 30ml - Maroc Prix\" \/>\n<meta property=\"og:description\" content=\"Novexpert Vitamine C Booster &amp; Flash \u00c9clat 30ml illumine le teint, lutte contre les signes de l\u2019\u00e2ge et revitalise la peau. Soin naturel.\" \/>\n<meta property=\"og:url\" content=\"https:\/\/vitablanca.ma\/ar\/product-2\/novexpert-a-la-vitamine-c-booster-et-flash-eclat-30ml\/\" \/>\n<meta property=\"og:site_name\" content=\"Vitablanca.ma &ndash; Sant&eacute;, vitalit&eacute; et bien-&ecirc;tre pour tous les Marocains\" \/>\n<meta property=\"article:publisher\" content=\"https:\/\/www.facebook.com\/profile.php?id=61576678196717\" \/>\n<meta property=\"article:modified_time\" content=\"2026-02-16T20:05:26+00:00\" \/>\n<meta property=\"og:image\" content=\"https:\/\/vitablanca.ma\/wp-content\/uploads\/2025\/06\/Novexpert-Serum-Booster-a-la-Vitamine-C-30-ml-Nova-para-prix-Maroc.jpg\" \/>\n\t<meta property=\"og:image:width\" content=\"1000\" \/>\n\t<meta property=\"og:image:height\" content=\"1000\" \/>\n\t<meta property=\"og:image:type\" content=\"image\/jpeg\" \/>\n<meta name=\"twitter:card\" content=\"summary_large_image\" \/>\n<meta name=\"twitter:label1\" content=\"\u0648\u0642\u062a \u0627\u0644\u0642\u0631\u0627\u0621\u0629 \u0627\u0644\u0645\u064f\u0642\u062f\u0651\u0631\" \/>\n\t<meta name=\"twitter:data1\" content=\"3 \u062f\u0642\u0627\u0626\u0642\" \/>\n<script type=\"application\/ld+json\" class=\"yoast-schema-graph\">{\"@context\":\"https:\\\/\\\/schema.org\",\"@graph\":[{\"@type\":[\"WebPage\",\"ItemPage\"],\"@id\":\"https:\\\/\\\/vitablanca.ma\\\/produit\\\/novexpert-a-la-vitamine-c-booster-et-flash-eclat-30ml\\\/\",\"url\":\"https:\\\/\\\/vitablanca.ma\\\/produit\\\/novexpert-a-la-vitamine-c-booster-et-flash-eclat-30ml\\\/\",\"name\":\"Novexpert \u00e0 la Vitamine C Booster et Flash \u00c9clat 30ml - Maroc Prix\",\"isPartOf\":{\"@id\":\"https:\\\/\\\/vitablanca.ma\\\/#website\"},\"primaryImageOfPage\":{\"@id\":\"https:\\\/\\\/vitablanca.ma\\\/produit\\\/novexpert-a-la-vitamine-c-booster-et-flash-eclat-30ml\\\/#primaryimage\"},\"image\":{\"@id\":\"https:\\\/\\\/vitablanca.ma\\\/produit\\\/novexpert-a-la-vitamine-c-booster-et-flash-eclat-30ml\\\/#primaryimage\"},\"thumbnailUrl\":\"https:\\\/\\\/vitablanca.ma\\\/wp-content\\\/uploads\\\/2025\\\/06\\\/Novexpert-Serum-Booster-a-la-Vitamine-C-30-ml-Nova-para-prix-Maroc.jpg\",\"datePublished\":\"2025-06-11T21:11:36+00:00\",\"dateModified\":\"2026-02-16T20:05:26+00:00\",\"description\":\"Novexpert Vitamine C Booster & Flash \u00c9clat 30ml illumine le teint, lutte contre les signes de l\u2019\u00e2ge et revitalise la peau. Soin naturel.\",\"breadcrumb\":{\"@id\":\"https:\\\/\\\/vitablanca.ma\\\/produit\\\/novexpert-a-la-vitamine-c-booster-et-flash-eclat-30ml\\\/#breadcrumb\"},\"inLanguage\":\"ar\",\"potentialAction\":[{\"@type\":\"ReadAction\",\"target\":[\"https:\\\/\\\/vitablanca.ma\\\/produit\\\/novexpert-a-la-vitamine-c-booster-et-flash-eclat-30ml\\\/\"]}]},{\"@type\":\"ImageObject\",\"inLanguage\":\"ar\",\"@id\":\"https:\\\/\\\/vitablanca.ma\\\/produit\\\/novexpert-a-la-vitamine-c-booster-et-flash-eclat-30ml\\\/#primaryimage\",\"url\":\"https:\\\/\\\/vitablanca.ma\\\/wp-content\\\/uploads\\\/2025\\\/06\\\/Novexpert-Serum-Booster-a-la-Vitamine-C-30-ml-Nova-para-prix-Maroc.jpg\",\"contentUrl\":\"https:\\\/\\\/vitablanca.ma\\\/wp-content\\\/uploads\\\/2025\\\/06\\\/Novexpert-Serum-Booster-a-la-Vitamine-C-30-ml-Nova-para-prix-Maroc.jpg\",\"width\":1000,\"height\":1000},{\"@type\":\"BreadcrumbList\",\"@id\":\"https:\\\/\\\/vitablanca.ma\\\/produit\\\/novexpert-a-la-vitamine-c-booster-et-flash-eclat-30ml\\\/#breadcrumb\",\"itemListElement\":[{\"@type\":\"ListItem\",\"position\":1,\"name\":\"Home\",\"item\":\"https:\\\/\\\/vitablanca.ma\\\/\"},{\"@type\":\"ListItem\",\"position\":2,\"name\":\"Tous Les Produits\",\"item\":\"https:\\\/\\\/vitablanca.ma\\\/tous-les-produits\\\/\"},{\"@type\":\"ListItem\",\"position\":3,\"name\":\"Novexpert \u00e0 la Vitamine C Booster et Flash \u00c9clat 30ml\"}]},{\"@type\":\"WebSite\",\"@id\":\"https:\\\/\\\/vitablanca.ma\\\/#website\",\"url\":\"https:\\\/\\\/vitablanca.ma\\\/\",\"name\":\"VitaBlanca.ma | Compl\u00e9ments alimentaires, sant\u00e9 & beaut\u00e9 au Maroc\",\"description\":\"vendre vitamines et compl\u00e9ments premium des USA &amp; Canada, Nouvelle Z\u00e9lande,Maroc (NOW Foods, Solgar, Manuka). Livraison rapide partout au Maroc.\",\"publisher\":{\"@id\":\"https:\\\/\\\/vitablanca.ma\\\/#organization\"},\"alternateName\":\"VitaBlanca.ma\",\"potentialAction\":[{\"@type\":\"SearchAction\",\"target\":{\"@type\":\"EntryPoint\",\"urlTemplate\":\"https:\\\/\\\/vitablanca.ma\\\/?s={search_term_string}\"},\"query-input\":{\"@type\":\"PropertyValueSpecification\",\"valueRequired\":true,\"valueName\":\"search_term_string\"}}],\"inLanguage\":\"ar\"},{\"@type\":\"Organization\",\"@id\":\"https:\\\/\\\/vitablanca.ma\\\/#organization\",\"name\":\"VitaBlanca\",\"url\":\"https:\\\/\\\/vitablanca.ma\\\/\",\"logo\":{\"@type\":\"ImageObject\",\"inLanguage\":\"ar\",\"@id\":\"https:\\\/\\\/vitablanca.ma\\\/#\\\/schema\\\/logo\\\/image\\\/\",\"url\":\"https:\\\/\\\/vitablanca.ma\\\/wp-content\\\/uploads\\\/2025\\\/05\\\/cropped-vitablanca.png\",\"contentUrl\":\"https:\\\/\\\/vitablanca.ma\\\/wp-content\\\/uploads\\\/2025\\\/05\\\/cropped-vitablanca.png\",\"width\":360,\"height\":67,\"caption\":\"VitaBlanca\"},\"image\":{\"@id\":\"https:\\\/\\\/vitablanca.ma\\\/#\\\/schema\\\/logo\\\/image\\\/\"},\"sameAs\":[\"https:\\\/\\\/www.facebook.com\\\/profile.php?id=61576678196717\",\"https:\\\/\\\/www.tiktok.com\\\/@vitablanca.ma\",\"https:\\\/\\\/www.instagram.com\\\/vitablanca.ma\\\/\"]}]}<\/script>\n<!-- \/ Yoast SEO plugin. -->","yoast_head_json":{"title":"\u0646\u0648\u0641 \u0625\u0643\u0633\u0628\u064a\u0631\u062a \u0641\u064a\u062a\u0627\u0645\u064a\u0646 \u0633\u064a \u0645\u0639\u0632\u0632 \u0648\u0645\u0634\u0631\u0642 \u0644\u0644\u0628\u0634\u0631\u0629 \u0663\u0660 \u0645\u0644 - \u0633\u0639\u0631 \u0627\u0644\u0645\u063a\u0631\u0628","description":"Novexpert Vitamine C Booster & Flash \u00c9clat 30ml illumine le teint, lutte contre les signes de l\u2019\u00e2ge et revitalise la peau. Soin naturel.","robots":{"index":"index","follow":"follow","max-snippet":"max-snippet:-1","max-image-preview":"max-image-preview:large","max-video-preview":"max-video-preview:-1"},"canonical":"https:\/\/vitablanca.ma\/ar\/product-2\/novexpert-a-la-vitamine-c-booster-et-flash-eclat-30ml\/","og_locale":"ar_AR","og_type":"article","og_title":"Novexpert \u00e0 la Vitamine C Booster et Flash \u00c9clat 30ml - Maroc Prix","og_description":"Novexpert Vitamine C Booster & Flash \u00c9clat 30ml illumine le teint, lutte contre les signes de l\u2019\u00e2ge et revitalise la peau. Soin naturel.","og_url":"https:\/\/vitablanca.ma\/ar\/product-2\/novexpert-a-la-vitamine-c-booster-et-flash-eclat-30ml\/","og_site_name":"Vitablanca.ma &ndash; Sant&eacute;, vitalit&eacute; et bien-&ecirc;tre pour tous les Marocains","article_publisher":"https:\/\/www.facebook.com\/profile.php?id=61576678196717","article_modified_time":"2026-02-16T20:05:26+00:00","og_image":[{"width":1000,"height":1000,"url":"https:\/\/vitablanca.ma\/wp-content\/uploads\/2025\/06\/Novexpert-Serum-Booster-a-la-Vitamine-C-30-ml-Nova-para-prix-Maroc.jpg","type":"image\/jpeg"}],"twitter_card":"summary_large_image","twitter_misc":{"\u0648\u0642\u062a \u0627\u0644\u0642\u0631\u0627\u0621\u0629 \u0627\u0644\u0645\u064f\u0642\u062f\u0651\u0631":"3 \u062f\u0642\u0627\u0626\u0642"},"schema":{"@context":"https:\/\/schema.org","@graph":[{"@type":["WebPage","ItemPage"],"@id":"https:\/\/vitablanca.ma\/produit\/novexpert-a-la-vitamine-c-booster-et-flash-eclat-30ml\/","url":"https:\/\/vitablanca.ma\/produit\/novexpert-a-la-vitamine-c-booster-et-flash-eclat-30ml\/","name":"\u0646\u0648\u0641 \u0625\u0643\u0633\u0628\u064a\u0631\u062a \u0641\u064a\u062a\u0627\u0645\u064a\u0646 \u0633\u064a \u0645\u0639\u0632\u0632 \u0648\u0645\u0634\u0631\u0642 \u0644\u0644\u0628\u0634\u0631\u0629 \u0663\u0660 \u0645\u0644 - \u0633\u0639\u0631 \u0627\u0644\u0645\u063a\u0631\u0628","isPartOf":{"@id":"https:\/\/vitablanca.ma\/#website"},"primaryImageOfPage":{"@id":"https:\/\/vitablanca.ma\/produit\/novexpert-a-la-vitamine-c-booster-et-flash-eclat-30ml\/#primaryimage"},"image":{"@id":"https:\/\/vitablanca.ma\/produit\/novexpert-a-la-vitamine-c-booster-et-flash-eclat-30ml\/#primaryimage"},"thumbnailUrl":"https:\/\/vitablanca.ma\/wp-content\/uploads\/2025\/06\/Novexpert-Serum-Booster-a-la-Vitamine-C-30-ml-Nova-para-prix-Maroc.jpg","datePublished":"2025-06-11T21:11:36+00:00","dateModified":"2026-02-16T20:05:26+00:00","description":"Novexpert Vitamine C Booster & Flash \u00c9clat 30ml illumine le teint, lutte contre les signes de l\u2019\u00e2ge et revitalise la peau. Soin naturel.","breadcrumb":{"@id":"https:\/\/vitablanca.ma\/produit\/novexpert-a-la-vitamine-c-booster-et-flash-eclat-30ml\/#breadcrumb"},"inLanguage":"ar","potentialAction":[{"@type":"ReadAction","target":["https:\/\/vitablanca.ma\/produit\/novexpert-a-la-vitamine-c-booster-et-flash-eclat-30ml\/"]}]},{"@type":"ImageObject","inLanguage":"ar","@id":"https:\/\/vitablanca.ma\/produit\/novexpert-a-la-vitamine-c-booster-et-flash-eclat-30ml\/#primaryimage","url":"https:\/\/vitablanca.ma\/wp-content\/uploads\/2025\/06\/Novexpert-Serum-Booster-a-la-Vitamine-C-30-ml-Nova-para-prix-Maroc.jpg","contentUrl":"https:\/\/vitablanca.ma\/wp-content\/uploads\/2025\/06\/Novexpert-Serum-Booster-a-la-Vitamine-C-30-ml-Nova-para-prix-Maroc.jpg","width":1000,"height":1000},{"@type":"BreadcrumbList","@id":"https:\/\/vitablanca.ma\/produit\/novexpert-a-la-vitamine-c-booster-et-flash-eclat-30ml\/#breadcrumb","itemListElement":[{"@type":"ListItem","position":1,"name":"Home","item":"https:\/\/vitablanca.ma\/"},{"@type":"ListItem","position":2,"name":"Tous Les Produits","item":"https:\/\/vitablanca.ma\/tous-les-produits\/"},{"@type":"ListItem","position":3,"name":"Novexpert \u00e0 la Vitamine C Booster et Flash \u00c9clat 30ml"}]},{"@type":"WebSite","@id":"https:\/\/vitablanca.ma\/#website","url":"https:\/\/vitablanca.ma\/","name":"VitaBlanca.ma | \u0627\u0644\u0645\u0643\u0645\u0644\u0627\u062a \u0627\u0644\u063a\u0630\u0627\u0626\u064a\u0629\u060c \u0627\u0644\u0635\u062d\u0629 \u0648\u0627\u0644\u062c\u0645\u0627\u0644 \u0641\u064a \u0627\u0644\u0645\u063a\u0631\u0628","description":"\u0646\u0628\u064a\u0639 \u0641\u064a\u062a\u0627\u0645\u064a\u0646\u0627\u062a \u0648\u0645\u0643\u0645\u0644\u0627\u062a \u063a\u0630\u0627\u0626\u064a\u0629 \u0641\u0627\u062e\u0631\u0629 \u0645\u0646 \u0627\u0644\u0648\u0644\u0627\u064a\u0627\u062a \u0627\u0644\u0645\u062a\u062d\u062f\u0629 \u0627\u0644\u0623\u0645\u0631\u064a\u0643\u064a\u0629 \u0648\u0643\u0646\u062f\u0627 \u0648\u0646\u064a\u0648\u0632\u064a\u0644\u0646\u062f\u0627 \u0648\u0627\u0644\u0645\u063a\u0631\u0628 (\u0646\u0627\u0648 \u0641\u0648\u062f\u0632\u060c \u0633\u0648\u0644\u062c\u0627\u0631\u060c \u0645\u0627\u0646\u0648\u0643\u0627). \u062a\u0648\u0635\u064a\u0644 \u0633\u0631\u064a\u0639 \u0625\u0644\u0649 \u062c\u0645\u064a\u0639 \u0623\u0646\u062d\u0627\u0621 \u0627\u0644\u0645\u063a\u0631\u0628.","publisher":{"@id":"https:\/\/vitablanca.ma\/#organization"},"alternateName":"VitaBlanca.ma","potentialAction":[{"@type":"SearchAction","target":{"@type":"EntryPoint","urlTemplate":"https:\/\/vitablanca.ma\/?s={search_term_string}"},"query-input":{"@type":"PropertyValueSpecification","valueRequired":true,"valueName":"search_term_string"}}],"inLanguage":"ar"},{"@type":"Organization","@id":"https:\/\/vitablanca.ma\/#organization","name":"\u0641\u064a\u062a\u0627\u0628\u0644\u0627\u0646\u0643\u0627","url":"https:\/\/vitablanca.ma\/","logo":{"@type":"ImageObject","inLanguage":"ar","@id":"https:\/\/vitablanca.ma\/#\/schema\/logo\/image\/","url":"https:\/\/vitablanca.ma\/wp-content\/uploads\/2025\/05\/cropped-vitablanca.png","contentUrl":"https:\/\/vitablanca.ma\/wp-content\/uploads\/2025\/05\/cropped-vitablanca.png","width":360,"height":67,"caption":"VitaBlanca"},"image":{"@id":"https:\/\/vitablanca.ma\/#\/schema\/logo\/image\/"},"sameAs":["https:\/\/www.facebook.com\/profile.php?id=61576678196717","https:\/\/www.tiktok.com\/@vitablanca.ma","https:\/\/www.instagram.com\/vitablanca.ma\/"]}]}},"jetpack_sharing_enabled":true,"_links":{"self":[{"href":"https:\/\/vitablanca.ma\/ar\/wp-json\/wp\/v2\/product\/21135","targetHints":{"allow":["GET"]}}],"collection":[{"href":"https:\/\/vitablanca.ma\/ar\/wp-json\/wp\/v2\/product"}],"about":[{"href":"https:\/\/vitablanca.ma\/ar\/wp-json\/wp\/v2\/types\/product"}],"wp:featuredmedia":[{"embeddable":true,"href":"https:\/\/vitablanca.ma\/ar\/wp-json\/wp\/v2\/media\/21134"}],"wp:attachment":[{"href":"https:\/\/vitablanca.ma\/ar\/wp-json\/wp\/v2\/media?parent=21135"}],"wp:term":[{"taxonomy":"product_brand","embeddable":true,"href":"https:\/\/vitablanca.ma\/ar\/wp-json\/wp\/v2\/product_brand?post=21135"},{"taxonomy":"product_cat","embeddable":true,"href":"https:\/\/vitablanca.ma\/ar\/wp-json\/wp\/v2\/product_cat?post=21135"},{"taxonomy":"product_tag","embeddable":true,"href":"https:\/\/vitablanca.ma\/ar\/wp-json\/wp\/v2\/product_tag?post=21135"}],"curies":[{"name":"wp","href":"https:\/\/api.w.org\/{rel}","templated":true}]}}