{"id":21133,"date":"2025-06-11T21:06:16","date_gmt":"2025-06-11T21:06:16","guid":{"rendered":"https:\/\/vitablanca.ma\/product\/noreva-aquareva-creme-mains-reparatrice-24h-50ml\/"},"modified":"2026-02-16T20:07:40","modified_gmt":"2026-02-16T20:07:40","slug":"noreva-aquareva-creme-mains-reparatrice-24h-50ml","status":"publish","type":"product","link":"https:\/\/vitablanca.ma\/ar\/product-2\/noreva-aquareva-creme-mains-reparatrice-24h-50ml\/","title":{"rendered":"\u0643\u0631\u064a\u0645 \u0646\u0648\u0631\u064a\u0641\u0627 \u0623\u0643\u0648\u0627\u0631\u064a\u0641\u0627 \u0644\u0625\u0635\u0644\u0627\u062d \u0627\u0644\u064a\u062f\u064a\u0646 \u0644\u0645\u062f\u0629 24 \u0633\u0627\u0639\u0629 50 \u0645\u0644"},"content":{"rendered":"<h2>Noreva Aquareva Cr\u00e8me mains r\u00e9paratrice 24H<\/h2>\n<div class=\"ss-wrapper\">\n<div class=\"ss-content\">\n<h3><span class=\"titreproduit\">\u0641\u0648\u0627\u0626\u062f\u0647\u0627<\/span><\/h3>\n<div id=\"lecontenu\"><span class=\"gras\">PROTEGE \u2013 REPARE \u2013 NOURRIT<\/span><\/div>\n<div><\/div>\n<div>Formul\u00e9e sp\u00e9cialement pour les peaux d\u00e9shydrat\u00e9es, AQUAREVA\u00ae Cr\u00e8me mains r\u00e9paratrice 24H hydrate en profondeur, prot\u00e8ge et r\u00e9pare intens\u00e9ment la peau. Elle permet de former des r\u00e9servoirs d\u2019eau et favorise l\u2019apport en oligo-\u00e9l\u00e9ments. Sa texture unique p\u00e9n\u00e8tre imm\u00e9diatement tout en laissant un film protecteur non gras sur la peau. Les mains sont intens\u00e9ment nourries, prot\u00e9g\u00e9es des agressions ext\u00e9rieures ; elles retrouvent douceur et souplesse.<\/div>\n<div><\/div>\n<div>\n<h3><span class=\"titreproduit\">\u0627\u0644\u0646\u062a\u0627\u0626\u062c \u0627\u0644\u0633\u0631\u064a\u0631\u064a\u0629<\/span><\/h3>\n<div id=\"lecontenu\">\u062a\u0645 \u0627\u062e\u062a\u0628\u0627\u0631\u0647 \u0645\u0646 \u0642\u0628\u0644 \u0623\u0637\u0628\u0627\u0621 \u0627\u0644\u062c\u0644\u062f\u064a\u0629<\/div>\n<div><\/div>\n<div>\n<h3><span class=\"titreproduit\">\u0631\u0648\u062a\u064a\u0646 \u0627\u0644\u0639\u0646\u0627\u064a\u0629 \u0628\u0627\u0644\u0628\u0634\u0631\u0629<\/span><\/h3>\n<div id=\"lecontenu\">Appliquer la Cr\u00e8me pour les mains en massant d\u00e9licatement.<\/div>\n<div><\/div>\n<div>\n<h3><span class=\"titreproduit\">\u0645\u0632\u0627\u064a\u0627 \u0627\u0644\u0645\u0646\u062a\u062c<\/span><\/h3>\n<ul>\n<li><span class=\"titreproduit\">Fini non gras<\/span><\/li>\n<li><span class=\"titreproduit\">Texture nutritive non collante<\/span><\/li>\n<li><span class=\"titreproduit\">Agr\u00e9ablement parfum\u00e9e<\/span><\/li>\n<li><span class=\"titreproduit\">Hautement concentr\u00e9e en glyc\u00e9rine<\/span><\/li>\n<\/ul>\n<\/div>\n<\/div>\n<\/div>\n<\/div>\n<\/div>","protected":false},"excerpt":{"rendered":"<p>Noreva Aquareva Cr\u00e8me mains r\u00e9paratrice 24H SES BIENFAITS PROTEGE \u2013 REPARE \u2013 NOURRIT Formul\u00e9e sp\u00e9cialement pour les peaux d\u00e9shydrat\u00e9es, AQUAREVA\u00ae Cr\u00e8me mains r\u00e9paratrice 24H hydrate en profondeur, prot\u00e8ge et r\u00e9pare intens\u00e9ment la peau. Elle permet de former des r\u00e9servoirs d\u2019eau et favorise l\u2019apport en oligo-\u00e9l\u00e9ments. Sa texture unique p\u00e9n\u00e8tre imm\u00e9diatement tout en laissant un film [&hellip;]<\/p>\n","protected":false},"featured_media":21132,"template":"","meta":{"om_disable_all_campaigns":false},"product_brand":[],"product_cat":[15],"product_tag":[9352,9348,9349,9347,9351,9350],"class_list":{"0":"post-21133","1":"product","2":"type-product","3":"status-publish","4":"has-post-thumbnail","6":"product_cat-beaute-sante-complements-alimentaires-soins-et-bien-etre-au-meilleur-prix","7":"product_tag-cosmetique-naturelle-noreva","8":"product_tag-creme-reparatrice-mains","9":"product_tag-hydratation-mains-seches","10":"product_tag-noreva-aquareva-creme-mains","11":"product_tag-protection-mains-abimees","12":"product_tag-soin-mains-24h","14":"first","15":"instock","16":"sale","17":"taxable","18":"shipping-taxable","19":"purchasable","20":"product-type-simple"},"yoast_head":"<!-- This site is optimized with the Yoast SEO plugin v27.5 - https:\/\/yoast.com\/product\/yoast-seo-wordpress\/ -->\n<title>Noreva Aquareva Cr\u00e8me mains r\u00e9paratrice 24H 50ml - Maroc Prix<\/title>\n<meta name=\"description\" content=\"Noreva Aquareva Cr\u00e8me Mains R\u00e9paratrice 24H 50ml hydrate intens\u00e9ment, prot\u00e8ge et r\u00e9pare les mains s\u00e8ches ou ab\u00eem\u00e9es. Soin naturel pour une peau douce\" \/>\n<meta name=\"robots\" content=\"index, follow, max-snippet:-1, max-image-preview:large, max-video-preview:-1\" \/>\n<link rel=\"canonical\" href=\"https:\/\/vitablanca.ma\/ar\/product-2\/noreva-aquareva-creme-mains-reparatrice-24h-50ml\/\" \/>\n<meta property=\"og:locale\" content=\"ar_AR\" \/>\n<meta property=\"og:type\" content=\"article\" \/>\n<meta property=\"og:title\" content=\"Noreva Aquareva Cr\u00e8me mains r\u00e9paratrice 24H 50ml - Maroc Prix\" \/>\n<meta property=\"og:description\" content=\"Noreva Aquareva Cr\u00e8me Mains R\u00e9paratrice 24H 50ml hydrate intens\u00e9ment, prot\u00e8ge et r\u00e9pare les mains s\u00e8ches ou ab\u00eem\u00e9es. Soin naturel pour une peau douce\" \/>\n<meta property=\"og:url\" content=\"https:\/\/vitablanca.ma\/ar\/product-2\/noreva-aquareva-creme-mains-reparatrice-24h-50ml\/\" \/>\n<meta property=\"og:site_name\" content=\"Vitablanca.ma &ndash; Sant&eacute;, vitalit&eacute; et bien-&ecirc;tre pour tous les Marocains\" \/>\n<meta property=\"article:publisher\" content=\"https:\/\/www.facebook.com\/profile.php?id=61576678196717\" \/>\n<meta property=\"article:modified_time\" content=\"2026-02-16T20:07:40+00:00\" \/>\n<meta property=\"og:image\" content=\"https:\/\/vitablanca.ma\/wp-content\/uploads\/2025\/06\/Noreva-Aquareva-Creme-mains-reparatrice-24H-50ml-nova-parapharmacie-casablanca.jpg\" \/>\n\t<meta property=\"og:image:width\" content=\"1000\" \/>\n\t<meta property=\"og:image:height\" content=\"1000\" \/>\n\t<meta property=\"og:image:type\" content=\"image\/jpeg\" \/>\n<meta name=\"twitter:card\" content=\"summary_large_image\" \/>\n<meta name=\"twitter:label1\" content=\"\u0648\u0642\u062a \u0627\u0644\u0642\u0631\u0627\u0621\u0629 \u0627\u0644\u0645\u064f\u0642\u062f\u0651\u0631\" \/>\n\t<meta name=\"twitter:data1\" content=\"\u062f\u0642\u064a\u0642\u0629 \u0648\u0627\u062d\u062f\u0629\" \/>\n<script type=\"application\/ld+json\" class=\"yoast-schema-graph\">{\"@context\":\"https:\\\/\\\/schema.org\",\"@graph\":[{\"@type\":[\"WebPage\",\"ItemPage\"],\"@id\":\"https:\\\/\\\/vitablanca.ma\\\/produit\\\/noreva-aquareva-creme-mains-reparatrice-24h-50ml\\\/\",\"url\":\"https:\\\/\\\/vitablanca.ma\\\/produit\\\/noreva-aquareva-creme-mains-reparatrice-24h-50ml\\\/\",\"name\":\"Noreva Aquareva Cr\u00e8me mains r\u00e9paratrice 24H 50ml - Maroc Prix\",\"isPartOf\":{\"@id\":\"https:\\\/\\\/vitablanca.ma\\\/#website\"},\"primaryImageOfPage\":{\"@id\":\"https:\\\/\\\/vitablanca.ma\\\/produit\\\/noreva-aquareva-creme-mains-reparatrice-24h-50ml\\\/#primaryimage\"},\"image\":{\"@id\":\"https:\\\/\\\/vitablanca.ma\\\/produit\\\/noreva-aquareva-creme-mains-reparatrice-24h-50ml\\\/#primaryimage\"},\"thumbnailUrl\":\"https:\\\/\\\/vitablanca.ma\\\/wp-content\\\/uploads\\\/2025\\\/06\\\/Noreva-Aquareva-Creme-mains-reparatrice-24H-50ml-nova-parapharmacie-casablanca.jpg\",\"datePublished\":\"2025-06-11T21:06:16+00:00\",\"dateModified\":\"2026-02-16T20:07:40+00:00\",\"description\":\"Noreva Aquareva Cr\u00e8me Mains R\u00e9paratrice 24H 50ml hydrate intens\u00e9ment, prot\u00e8ge et r\u00e9pare les mains s\u00e8ches ou ab\u00eem\u00e9es. Soin naturel pour une peau douce\",\"breadcrumb\":{\"@id\":\"https:\\\/\\\/vitablanca.ma\\\/produit\\\/noreva-aquareva-creme-mains-reparatrice-24h-50ml\\\/#breadcrumb\"},\"inLanguage\":\"ar\",\"potentialAction\":[{\"@type\":\"ReadAction\",\"target\":[\"https:\\\/\\\/vitablanca.ma\\\/produit\\\/noreva-aquareva-creme-mains-reparatrice-24h-50ml\\\/\"]}]},{\"@type\":\"ImageObject\",\"inLanguage\":\"ar\",\"@id\":\"https:\\\/\\\/vitablanca.ma\\\/produit\\\/noreva-aquareva-creme-mains-reparatrice-24h-50ml\\\/#primaryimage\",\"url\":\"https:\\\/\\\/vitablanca.ma\\\/wp-content\\\/uploads\\\/2025\\\/06\\\/Noreva-Aquareva-Creme-mains-reparatrice-24H-50ml-nova-parapharmacie-casablanca.jpg\",\"contentUrl\":\"https:\\\/\\\/vitablanca.ma\\\/wp-content\\\/uploads\\\/2025\\\/06\\\/Noreva-Aquareva-Creme-mains-reparatrice-24H-50ml-nova-parapharmacie-casablanca.jpg\",\"width\":1000,\"height\":1000},{\"@type\":\"BreadcrumbList\",\"@id\":\"https:\\\/\\\/vitablanca.ma\\\/produit\\\/noreva-aquareva-creme-mains-reparatrice-24h-50ml\\\/#breadcrumb\",\"itemListElement\":[{\"@type\":\"ListItem\",\"position\":1,\"name\":\"Home\",\"item\":\"https:\\\/\\\/vitablanca.ma\\\/\"},{\"@type\":\"ListItem\",\"position\":2,\"name\":\"Tous Les Produits\",\"item\":\"https:\\\/\\\/vitablanca.ma\\\/tous-les-produits\\\/\"},{\"@type\":\"ListItem\",\"position\":3,\"name\":\"Noreva Aquareva Cr\u00e8me mains r\u00e9paratrice 24H 50ml\"}]},{\"@type\":\"WebSite\",\"@id\":\"https:\\\/\\\/vitablanca.ma\\\/#website\",\"url\":\"https:\\\/\\\/vitablanca.ma\\\/\",\"name\":\"VitaBlanca.ma | Compl\u00e9ments alimentaires, sant\u00e9 & beaut\u00e9 au Maroc\",\"description\":\"vendre vitamines et compl\u00e9ments premium des USA &amp; Canada, Nouvelle Z\u00e9lande,Maroc (NOW Foods, Solgar, Manuka). Livraison rapide partout au Maroc.\",\"publisher\":{\"@id\":\"https:\\\/\\\/vitablanca.ma\\\/#organization\"},\"alternateName\":\"VitaBlanca.ma\",\"potentialAction\":[{\"@type\":\"SearchAction\",\"target\":{\"@type\":\"EntryPoint\",\"urlTemplate\":\"https:\\\/\\\/vitablanca.ma\\\/?s={search_term_string}\"},\"query-input\":{\"@type\":\"PropertyValueSpecification\",\"valueRequired\":true,\"valueName\":\"search_term_string\"}}],\"inLanguage\":\"ar\"},{\"@type\":\"Organization\",\"@id\":\"https:\\\/\\\/vitablanca.ma\\\/#organization\",\"name\":\"VitaBlanca\",\"url\":\"https:\\\/\\\/vitablanca.ma\\\/\",\"logo\":{\"@type\":\"ImageObject\",\"inLanguage\":\"ar\",\"@id\":\"https:\\\/\\\/vitablanca.ma\\\/#\\\/schema\\\/logo\\\/image\\\/\",\"url\":\"https:\\\/\\\/vitablanca.ma\\\/wp-content\\\/uploads\\\/2025\\\/05\\\/cropped-vitablanca.png\",\"contentUrl\":\"https:\\\/\\\/vitablanca.ma\\\/wp-content\\\/uploads\\\/2025\\\/05\\\/cropped-vitablanca.png\",\"width\":360,\"height\":67,\"caption\":\"VitaBlanca\"},\"image\":{\"@id\":\"https:\\\/\\\/vitablanca.ma\\\/#\\\/schema\\\/logo\\\/image\\\/\"},\"sameAs\":[\"https:\\\/\\\/www.facebook.com\\\/profile.php?id=61576678196717\",\"https:\\\/\\\/www.tiktok.com\\\/@vitablanca.ma\",\"https:\\\/\\\/www.instagram.com\\\/vitablanca.ma\\\/\"]}]}<\/script>\n<!-- \/ Yoast SEO plugin. -->","yoast_head_json":{"title":"Noreva Aquareva Cr\u00e8me mains r\u00e9paratrice 24H 50ml - Maroc Prix","description":"Noreva Aquareva Cr\u00e8me Mains R\u00e9paratrice 24H 50ml hydrate intens\u00e9ment, prot\u00e8ge et r\u00e9pare les mains s\u00e8ches ou ab\u00eem\u00e9es. Soin naturel pour une peau douce","robots":{"index":"index","follow":"follow","max-snippet":"max-snippet:-1","max-image-preview":"max-image-preview:large","max-video-preview":"max-video-preview:-1"},"canonical":"https:\/\/vitablanca.ma\/ar\/product-2\/noreva-aquareva-creme-mains-reparatrice-24h-50ml\/","og_locale":"ar_AR","og_type":"article","og_title":"Noreva Aquareva Cr\u00e8me mains r\u00e9paratrice 24H 50ml - Maroc Prix","og_description":"Noreva Aquareva Cr\u00e8me Mains R\u00e9paratrice 24H 50ml hydrate intens\u00e9ment, prot\u00e8ge et r\u00e9pare les mains s\u00e8ches ou ab\u00eem\u00e9es. Soin naturel pour une peau douce","og_url":"https:\/\/vitablanca.ma\/ar\/product-2\/noreva-aquareva-creme-mains-reparatrice-24h-50ml\/","og_site_name":"Vitablanca.ma &ndash; Sant&eacute;, vitalit&eacute; et bien-&ecirc;tre pour tous les Marocains","article_publisher":"https:\/\/www.facebook.com\/profile.php?id=61576678196717","article_modified_time":"2026-02-16T20:07:40+00:00","og_image":[{"width":1000,"height":1000,"url":"https:\/\/vitablanca.ma\/wp-content\/uploads\/2025\/06\/Noreva-Aquareva-Creme-mains-reparatrice-24H-50ml-nova-parapharmacie-casablanca.jpg","type":"image\/jpeg"}],"twitter_card":"summary_large_image","twitter_misc":{"\u0648\u0642\u062a \u0627\u0644\u0642\u0631\u0627\u0621\u0629 \u0627\u0644\u0645\u064f\u0642\u062f\u0651\u0631":"\u062f\u0642\u064a\u0642\u0629 \u0648\u0627\u062d\u062f\u0629"},"schema":{"@context":"https:\/\/schema.org","@graph":[{"@type":["WebPage","ItemPage"],"@id":"https:\/\/vitablanca.ma\/produit\/noreva-aquareva-creme-mains-reparatrice-24h-50ml\/","url":"https:\/\/vitablanca.ma\/produit\/noreva-aquareva-creme-mains-reparatrice-24h-50ml\/","name":"Noreva Aquareva Cr\u00e8me mains r\u00e9paratrice 24H 50ml - Maroc Prix","isPartOf":{"@id":"https:\/\/vitablanca.ma\/#website"},"primaryImageOfPage":{"@id":"https:\/\/vitablanca.ma\/produit\/noreva-aquareva-creme-mains-reparatrice-24h-50ml\/#primaryimage"},"image":{"@id":"https:\/\/vitablanca.ma\/produit\/noreva-aquareva-creme-mains-reparatrice-24h-50ml\/#primaryimage"},"thumbnailUrl":"https:\/\/vitablanca.ma\/wp-content\/uploads\/2025\/06\/Noreva-Aquareva-Creme-mains-reparatrice-24H-50ml-nova-parapharmacie-casablanca.jpg","datePublished":"2025-06-11T21:06:16+00:00","dateModified":"2026-02-16T20:07:40+00:00","description":"Noreva Aquareva Cr\u00e8me Mains R\u00e9paratrice 24H 50ml hydrate intens\u00e9ment, prot\u00e8ge et r\u00e9pare les mains s\u00e8ches ou ab\u00eem\u00e9es. Soin naturel pour une peau douce","breadcrumb":{"@id":"https:\/\/vitablanca.ma\/produit\/noreva-aquareva-creme-mains-reparatrice-24h-50ml\/#breadcrumb"},"inLanguage":"ar","potentialAction":[{"@type":"ReadAction","target":["https:\/\/vitablanca.ma\/produit\/noreva-aquareva-creme-mains-reparatrice-24h-50ml\/"]}]},{"@type":"ImageObject","inLanguage":"ar","@id":"https:\/\/vitablanca.ma\/produit\/noreva-aquareva-creme-mains-reparatrice-24h-50ml\/#primaryimage","url":"https:\/\/vitablanca.ma\/wp-content\/uploads\/2025\/06\/Noreva-Aquareva-Creme-mains-reparatrice-24H-50ml-nova-parapharmacie-casablanca.jpg","contentUrl":"https:\/\/vitablanca.ma\/wp-content\/uploads\/2025\/06\/Noreva-Aquareva-Creme-mains-reparatrice-24H-50ml-nova-parapharmacie-casablanca.jpg","width":1000,"height":1000},{"@type":"BreadcrumbList","@id":"https:\/\/vitablanca.ma\/produit\/noreva-aquareva-creme-mains-reparatrice-24h-50ml\/#breadcrumb","itemListElement":[{"@type":"ListItem","position":1,"name":"Home","item":"https:\/\/vitablanca.ma\/"},{"@type":"ListItem","position":2,"name":"Tous Les Produits","item":"https:\/\/vitablanca.ma\/tous-les-produits\/"},{"@type":"ListItem","position":3,"name":"Noreva Aquareva Cr\u00e8me mains r\u00e9paratrice 24H 50ml"}]},{"@type":"WebSite","@id":"https:\/\/vitablanca.ma\/#website","url":"https:\/\/vitablanca.ma\/","name":"VitaBlanca.ma | \u0627\u0644\u0645\u0643\u0645\u0644\u0627\u062a \u0627\u0644\u063a\u0630\u0627\u0626\u064a\u0629\u060c \u0627\u0644\u0635\u062d\u0629 \u0648\u0627\u0644\u062c\u0645\u0627\u0644 \u0641\u064a \u0627\u0644\u0645\u063a\u0631\u0628","description":"\u0646\u0628\u064a\u0639 \u0641\u064a\u062a\u0627\u0645\u064a\u0646\u0627\u062a \u0648\u0645\u0643\u0645\u0644\u0627\u062a \u063a\u0630\u0627\u0626\u064a\u0629 \u0641\u0627\u062e\u0631\u0629 \u0645\u0646 \u0627\u0644\u0648\u0644\u0627\u064a\u0627\u062a \u0627\u0644\u0645\u062a\u062d\u062f\u0629 \u0627\u0644\u0623\u0645\u0631\u064a\u0643\u064a\u0629 \u0648\u0643\u0646\u062f\u0627 \u0648\u0646\u064a\u0648\u0632\u064a\u0644\u0646\u062f\u0627 \u0648\u0627\u0644\u0645\u063a\u0631\u0628 (\u0646\u0627\u0648 \u0641\u0648\u062f\u0632\u060c \u0633\u0648\u0644\u062c\u0627\u0631\u060c \u0645\u0627\u0646\u0648\u0643\u0627). \u062a\u0648\u0635\u064a\u0644 \u0633\u0631\u064a\u0639 \u0625\u0644\u0649 \u062c\u0645\u064a\u0639 \u0623\u0646\u062d\u0627\u0621 \u0627\u0644\u0645\u063a\u0631\u0628.","publisher":{"@id":"https:\/\/vitablanca.ma\/#organization"},"alternateName":"VitaBlanca.ma","potentialAction":[{"@type":"SearchAction","target":{"@type":"EntryPoint","urlTemplate":"https:\/\/vitablanca.ma\/?s={search_term_string}"},"query-input":{"@type":"PropertyValueSpecification","valueRequired":true,"valueName":"search_term_string"}}],"inLanguage":"ar"},{"@type":"Organization","@id":"https:\/\/vitablanca.ma\/#organization","name":"\u0641\u064a\u062a\u0627\u0628\u0644\u0627\u0646\u0643\u0627","url":"https:\/\/vitablanca.ma\/","logo":{"@type":"ImageObject","inLanguage":"ar","@id":"https:\/\/vitablanca.ma\/#\/schema\/logo\/image\/","url":"https:\/\/vitablanca.ma\/wp-content\/uploads\/2025\/05\/cropped-vitablanca.png","contentUrl":"https:\/\/vitablanca.ma\/wp-content\/uploads\/2025\/05\/cropped-vitablanca.png","width":360,"height":67,"caption":"VitaBlanca"},"image":{"@id":"https:\/\/vitablanca.ma\/#\/schema\/logo\/image\/"},"sameAs":["https:\/\/www.facebook.com\/profile.php?id=61576678196717","https:\/\/www.tiktok.com\/@vitablanca.ma","https:\/\/www.instagram.com\/vitablanca.ma\/"]}]}},"jetpack_sharing_enabled":true,"_links":{"self":[{"href":"https:\/\/vitablanca.ma\/ar\/wp-json\/wp\/v2\/product\/21133","targetHints":{"allow":["GET"]}}],"collection":[{"href":"https:\/\/vitablanca.ma\/ar\/wp-json\/wp\/v2\/product"}],"about":[{"href":"https:\/\/vitablanca.ma\/ar\/wp-json\/wp\/v2\/types\/product"}],"wp:featuredmedia":[{"embeddable":true,"href":"https:\/\/vitablanca.ma\/ar\/wp-json\/wp\/v2\/media\/21132"}],"wp:attachment":[{"href":"https:\/\/vitablanca.ma\/ar\/wp-json\/wp\/v2\/media?parent=21133"}],"wp:term":[{"taxonomy":"product_brand","embeddable":true,"href":"https:\/\/vitablanca.ma\/ar\/wp-json\/wp\/v2\/product_brand?post=21133"},{"taxonomy":"product_cat","embeddable":true,"href":"https:\/\/vitablanca.ma\/ar\/wp-json\/wp\/v2\/product_cat?post=21133"},{"taxonomy":"product_tag","embeddable":true,"href":"https:\/\/vitablanca.ma\/ar\/wp-json\/wp\/v2\/product_tag?post=21133"}],"curies":[{"name":"wp","href":"https:\/\/api.w.org\/{rel}","templated":true}]}}