{"id":21131,"date":"2025-06-11T21:06:12","date_gmt":"2025-06-11T21:06:12","guid":{"rendered":"https:\/\/vitablanca.ma\/product\/noreva-aquareva-serum-hydratant-24h-30ml\/"},"modified":"2026-02-16T20:09:05","modified_gmt":"2026-02-16T20:09:05","slug":"noreva-aquareva-serum-hydratant-24h-30ml","status":"publish","type":"product","link":"https:\/\/vitablanca.ma\/ar\/product-2\/noreva-aquareva-serum-hydratant-24h-30ml\/","title":{"rendered":"Noreva Aquareva S\u00e9rum Hydratant 24h 30ml"},"content":{"rendered":"<h2>Noreva Aquareva S\u00e9rum Hydratant 24h<\/h2>\n<p><span class=\"desc titrepageproduit\"><span class=\"sousnom\">1er s\u00e9rum booster d&rsquo;hydratation<\/span><\/span><\/p>\n<h3><span class=\"titreproduit\">\u0641\u0648\u0627\u0626\u062f\u0647\u0627<\/span><\/h3>\n<p>ILLUMINE LE TEINT &#8211; RESSOURCE &#8211; REPULPE<\/p>\n<div id=\"lecontenu\">Hautement concentr\u00e9 en perles d\u2019eau des glaciers et compos\u00e9 d&rsquo;un duo exclusif d&rsquo;acide hyaluronique, Aquareva S\u00e9rum r\u00e9hydrate intens\u00e9ment la peau en restaurant sa barri\u00e8re hydrolipidique.<br \/>\nLes r\u00e9servoirs naturels d\u2019eau de la peau sont recr\u00e9\u00e9s, millim\u00e8tre par millim\u00e8tre, la circulation d\u2019eau est stimul\u00e9e pour une beaut\u00e9 fra\u00eeche du matin jusqu\u2019au soir. Redensifi\u00e9e et repulp\u00e9e, la peau retrouve confort, souplesse, douceur et luminosit\u00e9. Sa texture aqua-gel d\u00e9licatement parfum\u00e9e laisse sur la peau une sensation voile d\u2019eau imperceptible.<\/div>\n<div><\/div>\n<div>\n<h3><span class=\"titreproduit\">\u0627\u0644\u0646\u062a\u0627\u0626\u062c \u0627\u0644\u0633\u0631\u064a\u0631\u064a\u0629<\/span><\/h3>\n<div id=\"lecontenu\"><strong>\u062a\u0645 \u0627\u062e\u062a\u0628\u0627\u0631\u0647 \u0645\u0646 \u0642\u0628\u0644 \u0623\u0637\u0628\u0627\u0621 \u0627\u0644\u062c\u0644\u062f\u064a\u0629<\/strong><\/div>\n<div>\n<ul>\n<li>+24% d&rsquo;hydratation apr\u00e8s 4h<\/li>\n<li>+20% d&rsquo;hydratation apr\u00e8s 8h<\/li>\n<li>+12% d&rsquo;hydratation apr\u00e8s 24h<\/li>\n<li>100% apaise les tiraillements des peaux s\u00e8ches<\/li>\n<li>100% procure un effet fraicheur<\/li>\n<\/ul>\n<div class=\"contenuproduit A7BCD6\">\n<div class=\"contenudroite ss-container\">\n<div class=\"ss-wrapper\">\n<div class=\"ss-content\">\n<h3><span class=\"titreproduit\">\u0631\u0648\u062a\u064a\u0646 \u0627\u0644\u0639\u0646\u0627\u064a\u0629 \u0628\u0627\u0644\u0628\u0634\u0631\u0629<\/span><\/h3>\n<div id=\"lecontenu\">Appliquer matin et soir sur une peau propre et s\u00e8che avant le soin de jour ou le soin de nuit.<\/div>\n<div><\/div>\n<div>\n<div class=\"contenuproduit A7BCD6\">\n<div class=\"contenudroite ss-container\">\n<div class=\"ss-wrapper\">\n<div class=\"ss-content\">\n<h3><span class=\"titreproduit\">\u0645\u0632\u0627\u064a\u0627 \u0627\u0644\u0645\u0646\u062a\u062c<\/span><\/h3>\n<div id=\"lecontenu\">\n<ul>\n<li>\u062a\u0631\u0637\u064a\u0628 \u064a\u062f\u0648\u0645 \u0637\u0648\u064a\u0644\u0627\u064b<\/li>\n<li>Teint frais et lumineux<\/li>\n<li>Restructure et ressource<\/li>\n<\/ul>\n<\/div>\n<\/div>\n<\/div>\n<\/div>\n<\/div>\n<\/div>\n<\/div>\n<\/div>\n<\/div>\n<\/div>\n<\/div>\n<\/div>","protected":false},"excerpt":{"rendered":"<p>Noreva Aquareva S\u00e9rum Hydratant 24h 1er s\u00e9rum booster d&rsquo;hydratation SES BIENFAITS ILLUMINE LE TEINT &#8211; RESSOURCE &#8211; REPULPE Hautement concentr\u00e9 en perles d\u2019eau des glaciers et compos\u00e9 d&rsquo;un duo exclusif d&rsquo;acide hyaluronique, Aquareva S\u00e9rum r\u00e9hydrate intens\u00e9ment la peau en restaurant sa barri\u00e8re hydrolipidique. Les r\u00e9servoirs naturels d\u2019eau de la peau sont recr\u00e9\u00e9s, millim\u00e8tre par millim\u00e8tre, [&hellip;]<\/p>\n","protected":false},"featured_media":21130,"template":"","meta":{"om_disable_all_campaigns":false},"product_brand":[],"product_cat":[15],"product_tag":[9352,7204,9353,9356,9354,9355],"class_list":{"0":"post-21131","1":"product","2":"type-product","3":"status-publish","4":"has-post-thumbnail","6":"product_cat-beaute-sante-complements-alimentaires-soins-et-bien-etre-au-meilleur-prix","7":"product_tag-cosmetique-naturelle-noreva","8":"product_tag-hydratation-intense-peau","9":"product_tag-noreva-aquareva-serum-hydratant","10":"product_tag-serum-peau-douce-naturelle","11":"product_tag-serum-visage-24h","12":"product_tag-soin-apaisant-visage","14":"first","15":"instock","16":"sale","17":"taxable","18":"shipping-taxable","19":"purchasable","20":"product-type-simple"},"yoast_head":"<!-- This site is optimized with the Yoast SEO plugin v27.4 - https:\/\/yoast.com\/product\/yoast-seo-wordpress\/ -->\n<title>Noreva Aquareva S\u00e9rum Hydratant 24h 30ml - Maroc Prix<\/title>\n<meta name=\"description\" content=\"Noreva S\u00e9rum Hydratant Aquareva 24H 30ml hydrate intens\u00e9ment, apaise et prot\u00e8ge la peau. Soin visage naturel pour une peau douce, souple .\" \/>\n<meta name=\"robots\" content=\"index, follow, max-snippet:-1, max-image-preview:large, max-video-preview:-1\" \/>\n<link rel=\"canonical\" href=\"https:\/\/vitablanca.ma\/ar\/product-2\/noreva-aquareva-serum-hydratant-24h-30ml\/\" \/>\n<meta property=\"og:locale\" content=\"ar_AR\" \/>\n<meta property=\"og:type\" content=\"article\" \/>\n<meta property=\"og:title\" content=\"Noreva Aquareva S\u00e9rum Hydratant 24h 30ml - Maroc Prix\" \/>\n<meta property=\"og:description\" content=\"Noreva S\u00e9rum Hydratant Aquareva 24H 30ml hydrate intens\u00e9ment, apaise et prot\u00e8ge la peau. Soin visage naturel pour une peau douce, souple .\" \/>\n<meta property=\"og:url\" content=\"https:\/\/vitablanca.ma\/ar\/product-2\/noreva-aquareva-serum-hydratant-24h-30ml\/\" \/>\n<meta property=\"og:site_name\" content=\"Vitablanca.ma &ndash; Sant&eacute;, vitalit&eacute; et bien-&ecirc;tre pour tous les Marocains\" \/>\n<meta property=\"article:publisher\" content=\"https:\/\/www.facebook.com\/profile.php?id=61576678196717\" \/>\n<meta property=\"article:modified_time\" content=\"2026-02-16T20:09:05+00:00\" \/>\n<meta property=\"og:image\" content=\"https:\/\/vitablanca.ma\/wp-content\/uploads\/2025\/06\/Noreva-Aquareva-Serum-Hydratant-24h-30ml-nova-parapharmacie-maroc.jpg\" \/>\n\t<meta property=\"og:image:width\" content=\"1000\" \/>\n\t<meta property=\"og:image:height\" content=\"1000\" \/>\n\t<meta property=\"og:image:type\" content=\"image\/jpeg\" \/>\n<meta name=\"twitter:card\" content=\"summary_large_image\" \/>\n<meta name=\"twitter:label1\" content=\"\u0648\u0642\u062a \u0627\u0644\u0642\u0631\u0627\u0621\u0629 \u0627\u0644\u0645\u064f\u0642\u062f\u0651\u0631\" \/>\n\t<meta name=\"twitter:data1\" content=\"\u062f\u0642\u064a\u0642\u0629 \u0648\u0627\u062d\u062f\u0629\" \/>\n<script type=\"application\/ld+json\" class=\"yoast-schema-graph\">{\"@context\":\"https:\\\/\\\/schema.org\",\"@graph\":[{\"@type\":[\"WebPage\",\"ItemPage\"],\"@id\":\"https:\\\/\\\/vitablanca.ma\\\/produit\\\/noreva-aquareva-serum-hydratant-24h-30ml\\\/\",\"url\":\"https:\\\/\\\/vitablanca.ma\\\/produit\\\/noreva-aquareva-serum-hydratant-24h-30ml\\\/\",\"name\":\"Noreva Aquareva S\u00e9rum Hydratant 24h 30ml - Maroc Prix\",\"isPartOf\":{\"@id\":\"https:\\\/\\\/vitablanca.ma\\\/#website\"},\"primaryImageOfPage\":{\"@id\":\"https:\\\/\\\/vitablanca.ma\\\/produit\\\/noreva-aquareva-serum-hydratant-24h-30ml\\\/#primaryimage\"},\"image\":{\"@id\":\"https:\\\/\\\/vitablanca.ma\\\/produit\\\/noreva-aquareva-serum-hydratant-24h-30ml\\\/#primaryimage\"},\"thumbnailUrl\":\"https:\\\/\\\/vitablanca.ma\\\/wp-content\\\/uploads\\\/2025\\\/06\\\/Noreva-Aquareva-Serum-Hydratant-24h-30ml-nova-parapharmacie-maroc.jpg\",\"datePublished\":\"2025-06-11T21:06:12+00:00\",\"dateModified\":\"2026-02-16T20:09:05+00:00\",\"description\":\"Noreva S\u00e9rum Hydratant Aquareva 24H 30ml hydrate intens\u00e9ment, apaise et prot\u00e8ge la peau. Soin visage naturel pour une peau douce, souple .\",\"breadcrumb\":{\"@id\":\"https:\\\/\\\/vitablanca.ma\\\/produit\\\/noreva-aquareva-serum-hydratant-24h-30ml\\\/#breadcrumb\"},\"inLanguage\":\"ar\",\"potentialAction\":[{\"@type\":\"ReadAction\",\"target\":[\"https:\\\/\\\/vitablanca.ma\\\/produit\\\/noreva-aquareva-serum-hydratant-24h-30ml\\\/\"]}]},{\"@type\":\"ImageObject\",\"inLanguage\":\"ar\",\"@id\":\"https:\\\/\\\/vitablanca.ma\\\/produit\\\/noreva-aquareva-serum-hydratant-24h-30ml\\\/#primaryimage\",\"url\":\"https:\\\/\\\/vitablanca.ma\\\/wp-content\\\/uploads\\\/2025\\\/06\\\/Noreva-Aquareva-Serum-Hydratant-24h-30ml-nova-parapharmacie-maroc.jpg\",\"contentUrl\":\"https:\\\/\\\/vitablanca.ma\\\/wp-content\\\/uploads\\\/2025\\\/06\\\/Noreva-Aquareva-Serum-Hydratant-24h-30ml-nova-parapharmacie-maroc.jpg\",\"width\":1000,\"height\":1000},{\"@type\":\"BreadcrumbList\",\"@id\":\"https:\\\/\\\/vitablanca.ma\\\/produit\\\/noreva-aquareva-serum-hydratant-24h-30ml\\\/#breadcrumb\",\"itemListElement\":[{\"@type\":\"ListItem\",\"position\":1,\"name\":\"Home\",\"item\":\"https:\\\/\\\/vitablanca.ma\\\/\"},{\"@type\":\"ListItem\",\"position\":2,\"name\":\"Tous Les Produits\",\"item\":\"https:\\\/\\\/vitablanca.ma\\\/tous-les-produits\\\/\"},{\"@type\":\"ListItem\",\"position\":3,\"name\":\"Noreva Aquareva S\u00e9rum Hydratant 24h 30ml\"}]},{\"@type\":\"WebSite\",\"@id\":\"https:\\\/\\\/vitablanca.ma\\\/#website\",\"url\":\"https:\\\/\\\/vitablanca.ma\\\/\",\"name\":\"VitaBlanca.ma | Compl\u00e9ments alimentaires, sant\u00e9 & beaut\u00e9 au Maroc\",\"description\":\"vendre vitamines et compl\u00e9ments premium des USA &amp; Canada, Nouvelle Z\u00e9lande,Maroc (NOW Foods, Solgar, Manuka). Livraison rapide partout au Maroc.\",\"publisher\":{\"@id\":\"https:\\\/\\\/vitablanca.ma\\\/#organization\"},\"alternateName\":\"VitaBlanca.ma\",\"potentialAction\":[{\"@type\":\"SearchAction\",\"target\":{\"@type\":\"EntryPoint\",\"urlTemplate\":\"https:\\\/\\\/vitablanca.ma\\\/?s={search_term_string}\"},\"query-input\":{\"@type\":\"PropertyValueSpecification\",\"valueRequired\":true,\"valueName\":\"search_term_string\"}}],\"inLanguage\":\"ar\"},{\"@type\":\"Organization\",\"@id\":\"https:\\\/\\\/vitablanca.ma\\\/#organization\",\"name\":\"VitaBlanca\",\"url\":\"https:\\\/\\\/vitablanca.ma\\\/\",\"logo\":{\"@type\":\"ImageObject\",\"inLanguage\":\"ar\",\"@id\":\"https:\\\/\\\/vitablanca.ma\\\/#\\\/schema\\\/logo\\\/image\\\/\",\"url\":\"https:\\\/\\\/vitablanca.ma\\\/wp-content\\\/uploads\\\/2025\\\/05\\\/cropped-vitablanca.png\",\"contentUrl\":\"https:\\\/\\\/vitablanca.ma\\\/wp-content\\\/uploads\\\/2025\\\/05\\\/cropped-vitablanca.png\",\"width\":360,\"height\":67,\"caption\":\"VitaBlanca\"},\"image\":{\"@id\":\"https:\\\/\\\/vitablanca.ma\\\/#\\\/schema\\\/logo\\\/image\\\/\"},\"sameAs\":[\"https:\\\/\\\/www.facebook.com\\\/profile.php?id=61576678196717\",\"https:\\\/\\\/www.tiktok.com\\\/@vitablanca.ma\",\"https:\\\/\\\/www.instagram.com\\\/vitablanca.ma\\\/\"]}]}<\/script>\n<!-- \/ Yoast SEO plugin. -->","yoast_head_json":{"title":"Noreva Aquareva S\u00e9rum Hydratant 24h 30ml - Maroc Prix","description":"Noreva S\u00e9rum Hydratant Aquareva 24H 30ml hydrate intens\u00e9ment, apaise et prot\u00e8ge la peau. Soin visage naturel pour une peau douce, souple .","robots":{"index":"index","follow":"follow","max-snippet":"max-snippet:-1","max-image-preview":"max-image-preview:large","max-video-preview":"max-video-preview:-1"},"canonical":"https:\/\/vitablanca.ma\/ar\/product-2\/noreva-aquareva-serum-hydratant-24h-30ml\/","og_locale":"ar_AR","og_type":"article","og_title":"Noreva Aquareva S\u00e9rum Hydratant 24h 30ml - Maroc Prix","og_description":"Noreva S\u00e9rum Hydratant Aquareva 24H 30ml hydrate intens\u00e9ment, apaise et prot\u00e8ge la peau. Soin visage naturel pour une peau douce, souple .","og_url":"https:\/\/vitablanca.ma\/ar\/product-2\/noreva-aquareva-serum-hydratant-24h-30ml\/","og_site_name":"Vitablanca.ma &ndash; Sant&eacute;, vitalit&eacute; et bien-&ecirc;tre pour tous les Marocains","article_publisher":"https:\/\/www.facebook.com\/profile.php?id=61576678196717","article_modified_time":"2026-02-16T20:09:05+00:00","og_image":[{"width":1000,"height":1000,"url":"https:\/\/vitablanca.ma\/wp-content\/uploads\/2025\/06\/Noreva-Aquareva-Serum-Hydratant-24h-30ml-nova-parapharmacie-maroc.jpg","type":"image\/jpeg"}],"twitter_card":"summary_large_image","twitter_misc":{"\u0648\u0642\u062a \u0627\u0644\u0642\u0631\u0627\u0621\u0629 \u0627\u0644\u0645\u064f\u0642\u062f\u0651\u0631":"\u062f\u0642\u064a\u0642\u0629 \u0648\u0627\u062d\u062f\u0629"},"schema":{"@context":"https:\/\/schema.org","@graph":[{"@type":["WebPage","ItemPage"],"@id":"https:\/\/vitablanca.ma\/produit\/noreva-aquareva-serum-hydratant-24h-30ml\/","url":"https:\/\/vitablanca.ma\/produit\/noreva-aquareva-serum-hydratant-24h-30ml\/","name":"Noreva Aquareva S\u00e9rum Hydratant 24h 30ml - Maroc Prix","isPartOf":{"@id":"https:\/\/vitablanca.ma\/#website"},"primaryImageOfPage":{"@id":"https:\/\/vitablanca.ma\/produit\/noreva-aquareva-serum-hydratant-24h-30ml\/#primaryimage"},"image":{"@id":"https:\/\/vitablanca.ma\/produit\/noreva-aquareva-serum-hydratant-24h-30ml\/#primaryimage"},"thumbnailUrl":"https:\/\/vitablanca.ma\/wp-content\/uploads\/2025\/06\/Noreva-Aquareva-Serum-Hydratant-24h-30ml-nova-parapharmacie-maroc.jpg","datePublished":"2025-06-11T21:06:12+00:00","dateModified":"2026-02-16T20:09:05+00:00","description":"Noreva S\u00e9rum Hydratant Aquareva 24H 30ml hydrate intens\u00e9ment, apaise et prot\u00e8ge la peau. Soin visage naturel pour une peau douce, souple .","breadcrumb":{"@id":"https:\/\/vitablanca.ma\/produit\/noreva-aquareva-serum-hydratant-24h-30ml\/#breadcrumb"},"inLanguage":"ar","potentialAction":[{"@type":"ReadAction","target":["https:\/\/vitablanca.ma\/produit\/noreva-aquareva-serum-hydratant-24h-30ml\/"]}]},{"@type":"ImageObject","inLanguage":"ar","@id":"https:\/\/vitablanca.ma\/produit\/noreva-aquareva-serum-hydratant-24h-30ml\/#primaryimage","url":"https:\/\/vitablanca.ma\/wp-content\/uploads\/2025\/06\/Noreva-Aquareva-Serum-Hydratant-24h-30ml-nova-parapharmacie-maroc.jpg","contentUrl":"https:\/\/vitablanca.ma\/wp-content\/uploads\/2025\/06\/Noreva-Aquareva-Serum-Hydratant-24h-30ml-nova-parapharmacie-maroc.jpg","width":1000,"height":1000},{"@type":"BreadcrumbList","@id":"https:\/\/vitablanca.ma\/produit\/noreva-aquareva-serum-hydratant-24h-30ml\/#breadcrumb","itemListElement":[{"@type":"ListItem","position":1,"name":"Home","item":"https:\/\/vitablanca.ma\/"},{"@type":"ListItem","position":2,"name":"Tous Les Produits","item":"https:\/\/vitablanca.ma\/tous-les-produits\/"},{"@type":"ListItem","position":3,"name":"Noreva Aquareva S\u00e9rum Hydratant 24h 30ml"}]},{"@type":"WebSite","@id":"https:\/\/vitablanca.ma\/#website","url":"https:\/\/vitablanca.ma\/","name":"VitaBlanca.ma | \u0627\u0644\u0645\u0643\u0645\u0644\u0627\u062a \u0627\u0644\u063a\u0630\u0627\u0626\u064a\u0629\u060c \u0627\u0644\u0635\u062d\u0629 \u0648\u0627\u0644\u062c\u0645\u0627\u0644 \u0641\u064a \u0627\u0644\u0645\u063a\u0631\u0628","description":"\u0646\u0628\u064a\u0639 \u0641\u064a\u062a\u0627\u0645\u064a\u0646\u0627\u062a \u0648\u0645\u0643\u0645\u0644\u0627\u062a \u063a\u0630\u0627\u0626\u064a\u0629 \u0641\u0627\u062e\u0631\u0629 \u0645\u0646 \u0627\u0644\u0648\u0644\u0627\u064a\u0627\u062a \u0627\u0644\u0645\u062a\u062d\u062f\u0629 \u0627\u0644\u0623\u0645\u0631\u064a\u0643\u064a\u0629 \u0648\u0643\u0646\u062f\u0627 \u0648\u0646\u064a\u0648\u0632\u064a\u0644\u0646\u062f\u0627 \u0648\u0627\u0644\u0645\u063a\u0631\u0628 (\u0646\u0627\u0648 \u0641\u0648\u062f\u0632\u060c \u0633\u0648\u0644\u062c\u0627\u0631\u060c \u0645\u0627\u0646\u0648\u0643\u0627). \u062a\u0648\u0635\u064a\u0644 \u0633\u0631\u064a\u0639 \u0625\u0644\u0649 \u062c\u0645\u064a\u0639 \u0623\u0646\u062d\u0627\u0621 \u0627\u0644\u0645\u063a\u0631\u0628.","publisher":{"@id":"https:\/\/vitablanca.ma\/#organization"},"alternateName":"VitaBlanca.ma","potentialAction":[{"@type":"SearchAction","target":{"@type":"EntryPoint","urlTemplate":"https:\/\/vitablanca.ma\/?s={search_term_string}"},"query-input":{"@type":"PropertyValueSpecification","valueRequired":true,"valueName":"search_term_string"}}],"inLanguage":"ar"},{"@type":"Organization","@id":"https:\/\/vitablanca.ma\/#organization","name":"\u0641\u064a\u062a\u0627\u0628\u0644\u0627\u0646\u0643\u0627","url":"https:\/\/vitablanca.ma\/","logo":{"@type":"ImageObject","inLanguage":"ar","@id":"https:\/\/vitablanca.ma\/#\/schema\/logo\/image\/","url":"https:\/\/vitablanca.ma\/wp-content\/uploads\/2025\/05\/cropped-vitablanca.png","contentUrl":"https:\/\/vitablanca.ma\/wp-content\/uploads\/2025\/05\/cropped-vitablanca.png","width":360,"height":67,"caption":"VitaBlanca"},"image":{"@id":"https:\/\/vitablanca.ma\/#\/schema\/logo\/image\/"},"sameAs":["https:\/\/www.facebook.com\/profile.php?id=61576678196717","https:\/\/www.tiktok.com\/@vitablanca.ma","https:\/\/www.instagram.com\/vitablanca.ma\/"]}]}},"jetpack_sharing_enabled":true,"_links":{"self":[{"href":"https:\/\/vitablanca.ma\/ar\/wp-json\/wp\/v2\/product\/21131","targetHints":{"allow":["GET"]}}],"collection":[{"href":"https:\/\/vitablanca.ma\/ar\/wp-json\/wp\/v2\/product"}],"about":[{"href":"https:\/\/vitablanca.ma\/ar\/wp-json\/wp\/v2\/types\/product"}],"wp:featuredmedia":[{"embeddable":true,"href":"https:\/\/vitablanca.ma\/ar\/wp-json\/wp\/v2\/media\/21130"}],"wp:attachment":[{"href":"https:\/\/vitablanca.ma\/ar\/wp-json\/wp\/v2\/media?parent=21131"}],"wp:term":[{"taxonomy":"product_brand","embeddable":true,"href":"https:\/\/vitablanca.ma\/ar\/wp-json\/wp\/v2\/product_brand?post=21131"},{"taxonomy":"product_cat","embeddable":true,"href":"https:\/\/vitablanca.ma\/ar\/wp-json\/wp\/v2\/product_cat?post=21131"},{"taxonomy":"product_tag","embeddable":true,"href":"https:\/\/vitablanca.ma\/ar\/wp-json\/wp\/v2\/product_tag?post=21131"}],"curies":[{"name":"wp","href":"https:\/\/api.w.org\/{rel}","templated":true}]}}