{"id":21098,"date":"2025-06-11T21:05:00","date_gmt":"2025-06-11T21:05:00","guid":{"rendered":"https:\/\/vitablanca.ma\/product\/noreva-zeniac-gel-nettoyant-purifiant-200ml-2\/"},"modified":"2026-02-17T23:33:41","modified_gmt":"2026-02-17T23:33:41","slug":"noreva-zeniac-gel-nettoyant-purifiant-200ml-2","status":"publish","type":"product","link":"https:\/\/vitablanca.ma\/ar\/product-2\/noreva-zeniac-gel-nettoyant-purifiant-200ml-2\/","title":{"rendered":"Noreva Zeniac Gel Nettoyant Purifiant 200ml"},"content":{"rendered":"<h1>Noreva Zeniac Gel Nettoyant Purifiant 200ml<\/h1>\n<p>Gel purifiant pour hygi\u00e8ne du visage, aux propri\u00e9t\u00e9s antis\u00e9borrh\u00e9iques, r\u00e9gulatrice de la flore bact\u00e9rienne&#8230;<span data-mce-fragment=\"1\">Permet de nettoyer en profondeur la peau et les pores, d&rsquo;assainir l&rsquo;\u00e9piderme, et de limiter la s\u00e9cr\u00e9tion s\u00e9bac\u00e9e, tout en respectant le film hydrolipidique protecteur de la peau.<\/span><\/p>\n<h3><strong>\u062f\u0648\u0627\u0639\u064a \u0627\u0644\u0627\u0633\u062a\u0639\u0645\u0627\u0644 <\/strong><\/h3>\n<p>Hygi\u00e8ne quotidienne des peaux jeunes \u00e0 probl\u00e8me, peaux \u00e0 tendance acn\u00e9ique, peaux grasses r\u00e9actives. Haute tol\u00e9rance. Sans savon. Se rince \u00e0 l&rsquo;eau. Gel purifiant pour hygi\u00e8ne du visage, aux propri\u00e9t\u00e9s antis\u00e9borrh\u00e9iques, r\u00e9gulatrice de la flore bact\u00e9rienne.<\/p>\n<h3><strong>\u0637\u0631\u064a\u0642\u0629 \u0627\u0644\u0627\u0633\u062a\u062e\u062f\u0627\u0645 <\/strong><\/h3>\n<p>Faire mousser le gel purifiant avec l&rsquo;eau ti\u00e8de et appliquer sur le visage pr\u00e9alablement humidifi\u00e9. Rincer abondamment \u00e0 l&rsquo;eau et s\u00e9cher la peau.<\/p>\n<h3 data-mce-fragment=\"1\">\u062a\u0639\u0628\u064a\u0631 :<\/h3>\n<p>Complexe 8% : Bardane, Biotine, Zinc PCA &#8211; Glyc\u00e9rine &#8211; Tocoph\u00e9rol ac\u00e9tate ( vitamine-E ) &#8211; Cocamidopropyl b\u00e9ta\u00efne, d\u00e9cyl glucoside, eau, PEG-40 glyc\u00e9ryl cocoate, PEG-120 m\u00e9thyl glucose diol\u00e9ate, propyl\u00e8ne glycol, PEG-7 glyc\u00e9ryl cocoate, sodium coceth sulfate, sodium m\u00e9thyl cocoyl taurate, imidazolidinyl ur\u00e9e, parfum, PEG-45 ricin huile hydrog\u00e9n\u00e9e, PEG-15 hydroxyst\u00e9arate, conservateurs : ph\u00e9noxy\u00e9thanol, acide citrique, sodium hydroxyde, colorants.<\/p>","protected":false},"excerpt":{"rendered":"<p>Noreva Zeniac Gel Nettoyant Purifiant 200ml Gel purifiant pour hygi\u00e8ne du visage, aux propri\u00e9t\u00e9s antis\u00e9borrh\u00e9iques, r\u00e9gulatrice de la flore bact\u00e9rienne&#8230;Permet de nettoyer en profondeur la peau et les pores, d&rsquo;assainir l&rsquo;\u00e9piderme, et de limiter la s\u00e9cr\u00e9tion s\u00e9bac\u00e9e, tout en respectant le film hydrolipidique protecteur de la peau. Indications Hygi\u00e8ne quotidienne des peaux jeunes \u00e0 probl\u00e8me, [&hellip;]<\/p>\n","protected":false},"featured_media":21097,"template":"","meta":{"om_disable_all_campaigns":false},"product_brand":[],"product_cat":[15],"product_tag":[9473,9474,9471,9476,9475,9436,8284,6353,6354,6229,9472,7390,7554,6547,9470],"class_list":{"0":"post-21098","1":"product","2":"type-product","3":"status-publish","4":"has-post-thumbnail","6":"product_cat-beaute-sante-complements-alimentaires-soins-et-bien-etre-au-meilleur-prix","7":"product_tag-boutons-visage","8":"product_tag-comedons","9":"product_tag-gel-nettoyant-purifiant","10":"product_tag-gel-visage-acne","11":"product_tag-nettoyage-doux-visage","12":"product_tag-noreva","13":"product_tag-parapharmacie-maroc","14":"product_tag-peau-grasse","15":"product_tag-peau-mixte","16":"product_tag-peaux-sensibles","17":"product_tag-regulateur-de-sebum","18":"product_tag-soin-anti-imperfections","19":"product_tag-soin-dermatologique","20":"product_tag-soin-quotidien-visage","21":"product_tag-zeniac","23":"first","24":"instock","25":"sale","26":"taxable","27":"shipping-taxable","28":"purchasable","29":"product-type-simple"},"yoast_head":"<!-- This site is optimized with the Yoast SEO plugin v27.4 - https:\/\/yoast.com\/product\/yoast-seo-wordpress\/ -->\n<title>Noreva Zeniac Gel Nettoyant Purifiant 200ml - Maroc Prix<\/title>\n<meta name=\"description\" content=\"Noreva Zeniac Gel Nettoyant 200ml purifie la peau, r\u00e9gule le s\u00e9bum et aide \u00e0 pr\u00e9venir boutons et com\u00e9dons. Gel doux pour peaux mixtes \u00e0 grasses,\" \/>\n<meta name=\"robots\" content=\"index, follow, max-snippet:-1, max-image-preview:large, max-video-preview:-1\" \/>\n<link rel=\"canonical\" href=\"https:\/\/vitablanca.ma\/ar\/product-2\/noreva-zeniac-gel-nettoyant-purifiant-200ml-2\/\" \/>\n<meta property=\"og:locale\" content=\"ar_AR\" \/>\n<meta property=\"og:type\" content=\"article\" \/>\n<meta property=\"og:title\" content=\"Noreva Zeniac Gel Nettoyant Purifiant 200ml - Maroc Prix\" \/>\n<meta property=\"og:description\" content=\"Noreva Zeniac Gel Nettoyant 200ml purifie la peau, r\u00e9gule le s\u00e9bum et aide \u00e0 pr\u00e9venir boutons et com\u00e9dons. Gel doux pour peaux mixtes \u00e0 grasses,\" \/>\n<meta property=\"og:url\" content=\"https:\/\/vitablanca.ma\/ar\/product-2\/noreva-zeniac-gel-nettoyant-purifiant-200ml-2\/\" \/>\n<meta property=\"og:site_name\" content=\"Vitablanca.ma &ndash; Sant&eacute;, vitalit&eacute; et bien-&ecirc;tre pour tous les Marocains\" \/>\n<meta property=\"article:publisher\" content=\"https:\/\/www.facebook.com\/profile.php?id=61576678196717\" \/>\n<meta property=\"article:modified_time\" content=\"2026-02-17T23:33:41+00:00\" \/>\n<meta property=\"og:image\" content=\"https:\/\/vitablanca.ma\/wp-content\/uploads\/2025\/06\/Zeniac-Gel-Purifiant-Fl-200-Ml-parapharmacie-maroc.jpg\" \/>\n\t<meta property=\"og:image:width\" content=\"600\" \/>\n\t<meta property=\"og:image:height\" content=\"600\" \/>\n\t<meta property=\"og:image:type\" content=\"image\/jpeg\" \/>\n<meta name=\"twitter:card\" content=\"summary_large_image\" \/>\n<meta name=\"twitter:label1\" content=\"\u0648\u0642\u062a \u0627\u0644\u0642\u0631\u0627\u0621\u0629 \u0627\u0644\u0645\u064f\u0642\u062f\u0651\u0631\" \/>\n\t<meta name=\"twitter:data1\" content=\"\u062f\u0642\u064a\u0642\u062a\u0627\u0646\" \/>\n<script type=\"application\/ld+json\" class=\"yoast-schema-graph\">{\"@context\":\"https:\\\/\\\/schema.org\",\"@graph\":[{\"@type\":[\"WebPage\",\"ItemPage\"],\"@id\":\"https:\\\/\\\/vitablanca.ma\\\/produit\\\/noreva-zeniac-gel-nettoyant-purifiant-200ml-2\\\/\",\"url\":\"https:\\\/\\\/vitablanca.ma\\\/produit\\\/noreva-zeniac-gel-nettoyant-purifiant-200ml-2\\\/\",\"name\":\"Noreva Zeniac Gel Nettoyant Purifiant 200ml - Maroc Prix\",\"isPartOf\":{\"@id\":\"https:\\\/\\\/vitablanca.ma\\\/#website\"},\"primaryImageOfPage\":{\"@id\":\"https:\\\/\\\/vitablanca.ma\\\/produit\\\/noreva-zeniac-gel-nettoyant-purifiant-200ml-2\\\/#primaryimage\"},\"image\":{\"@id\":\"https:\\\/\\\/vitablanca.ma\\\/produit\\\/noreva-zeniac-gel-nettoyant-purifiant-200ml-2\\\/#primaryimage\"},\"thumbnailUrl\":\"https:\\\/\\\/vitablanca.ma\\\/wp-content\\\/uploads\\\/2025\\\/06\\\/Zeniac-Gel-Purifiant-Fl-200-Ml-parapharmacie-maroc.jpg\",\"datePublished\":\"2025-06-11T21:05:00+00:00\",\"dateModified\":\"2026-02-17T23:33:41+00:00\",\"description\":\"Noreva Zeniac Gel Nettoyant 200ml purifie la peau, r\u00e9gule le s\u00e9bum et aide \u00e0 pr\u00e9venir boutons et com\u00e9dons. Gel doux pour peaux mixtes \u00e0 grasses,\",\"breadcrumb\":{\"@id\":\"https:\\\/\\\/vitablanca.ma\\\/produit\\\/noreva-zeniac-gel-nettoyant-purifiant-200ml-2\\\/#breadcrumb\"},\"inLanguage\":\"ar\",\"potentialAction\":[{\"@type\":\"ReadAction\",\"target\":[\"https:\\\/\\\/vitablanca.ma\\\/produit\\\/noreva-zeniac-gel-nettoyant-purifiant-200ml-2\\\/\"]}]},{\"@type\":\"ImageObject\",\"inLanguage\":\"ar\",\"@id\":\"https:\\\/\\\/vitablanca.ma\\\/produit\\\/noreva-zeniac-gel-nettoyant-purifiant-200ml-2\\\/#primaryimage\",\"url\":\"https:\\\/\\\/vitablanca.ma\\\/wp-content\\\/uploads\\\/2025\\\/06\\\/Zeniac-Gel-Purifiant-Fl-200-Ml-parapharmacie-maroc.jpg\",\"contentUrl\":\"https:\\\/\\\/vitablanca.ma\\\/wp-content\\\/uploads\\\/2025\\\/06\\\/Zeniac-Gel-Purifiant-Fl-200-Ml-parapharmacie-maroc.jpg\",\"width\":600,\"height\":600},{\"@type\":\"BreadcrumbList\",\"@id\":\"https:\\\/\\\/vitablanca.ma\\\/produit\\\/noreva-zeniac-gel-nettoyant-purifiant-200ml-2\\\/#breadcrumb\",\"itemListElement\":[{\"@type\":\"ListItem\",\"position\":1,\"name\":\"Home\",\"item\":\"https:\\\/\\\/vitablanca.ma\\\/\"},{\"@type\":\"ListItem\",\"position\":2,\"name\":\"Tous Les Produits\",\"item\":\"https:\\\/\\\/vitablanca.ma\\\/tous-les-produits\\\/\"},{\"@type\":\"ListItem\",\"position\":3,\"name\":\"Noreva Zeniac Gel Nettoyant Purifiant 200ml\"}]},{\"@type\":\"WebSite\",\"@id\":\"https:\\\/\\\/vitablanca.ma\\\/#website\",\"url\":\"https:\\\/\\\/vitablanca.ma\\\/\",\"name\":\"VitaBlanca.ma | Compl\u00e9ments alimentaires, sant\u00e9 & beaut\u00e9 au Maroc\",\"description\":\"vendre vitamines et compl\u00e9ments premium des USA &amp; Canada, Nouvelle Z\u00e9lande,Maroc (NOW Foods, Solgar, Manuka). Livraison rapide partout au Maroc.\",\"publisher\":{\"@id\":\"https:\\\/\\\/vitablanca.ma\\\/#organization\"},\"alternateName\":\"VitaBlanca.ma\",\"potentialAction\":[{\"@type\":\"SearchAction\",\"target\":{\"@type\":\"EntryPoint\",\"urlTemplate\":\"https:\\\/\\\/vitablanca.ma\\\/?s={search_term_string}\"},\"query-input\":{\"@type\":\"PropertyValueSpecification\",\"valueRequired\":true,\"valueName\":\"search_term_string\"}}],\"inLanguage\":\"ar\"},{\"@type\":\"Organization\",\"@id\":\"https:\\\/\\\/vitablanca.ma\\\/#organization\",\"name\":\"VitaBlanca\",\"url\":\"https:\\\/\\\/vitablanca.ma\\\/\",\"logo\":{\"@type\":\"ImageObject\",\"inLanguage\":\"ar\",\"@id\":\"https:\\\/\\\/vitablanca.ma\\\/#\\\/schema\\\/logo\\\/image\\\/\",\"url\":\"https:\\\/\\\/vitablanca.ma\\\/wp-content\\\/uploads\\\/2025\\\/05\\\/cropped-vitablanca.png\",\"contentUrl\":\"https:\\\/\\\/vitablanca.ma\\\/wp-content\\\/uploads\\\/2025\\\/05\\\/cropped-vitablanca.png\",\"width\":360,\"height\":67,\"caption\":\"VitaBlanca\"},\"image\":{\"@id\":\"https:\\\/\\\/vitablanca.ma\\\/#\\\/schema\\\/logo\\\/image\\\/\"},\"sameAs\":[\"https:\\\/\\\/www.facebook.com\\\/profile.php?id=61576678196717\",\"https:\\\/\\\/www.tiktok.com\\\/@vitablanca.ma\",\"https:\\\/\\\/www.instagram.com\\\/vitablanca.ma\\\/\"]}]}<\/script>\n<!-- \/ Yoast SEO plugin. -->","yoast_head_json":{"title":"Noreva Zeniac Gel Nettoyant Purifiant 200ml - Maroc Prix","description":"Noreva Zeniac Gel Nettoyant 200ml purifie la peau, r\u00e9gule le s\u00e9bum et aide \u00e0 pr\u00e9venir boutons et com\u00e9dons. Gel doux pour peaux mixtes \u00e0 grasses,","robots":{"index":"index","follow":"follow","max-snippet":"max-snippet:-1","max-image-preview":"max-image-preview:large","max-video-preview":"max-video-preview:-1"},"canonical":"https:\/\/vitablanca.ma\/ar\/product-2\/noreva-zeniac-gel-nettoyant-purifiant-200ml-2\/","og_locale":"ar_AR","og_type":"article","og_title":"Noreva Zeniac Gel Nettoyant Purifiant 200ml - Maroc Prix","og_description":"Noreva Zeniac Gel Nettoyant 200ml purifie la peau, r\u00e9gule le s\u00e9bum et aide \u00e0 pr\u00e9venir boutons et com\u00e9dons. Gel doux pour peaux mixtes \u00e0 grasses,","og_url":"https:\/\/vitablanca.ma\/ar\/product-2\/noreva-zeniac-gel-nettoyant-purifiant-200ml-2\/","og_site_name":"Vitablanca.ma &ndash; Sant&eacute;, vitalit&eacute; et bien-&ecirc;tre pour tous les Marocains","article_publisher":"https:\/\/www.facebook.com\/profile.php?id=61576678196717","article_modified_time":"2026-02-17T23:33:41+00:00","og_image":[{"width":600,"height":600,"url":"https:\/\/vitablanca.ma\/wp-content\/uploads\/2025\/06\/Zeniac-Gel-Purifiant-Fl-200-Ml-parapharmacie-maroc.jpg","type":"image\/jpeg"}],"twitter_card":"summary_large_image","twitter_misc":{"\u0648\u0642\u062a \u0627\u0644\u0642\u0631\u0627\u0621\u0629 \u0627\u0644\u0645\u064f\u0642\u062f\u0651\u0631":"\u062f\u0642\u064a\u0642\u062a\u0627\u0646"},"schema":{"@context":"https:\/\/schema.org","@graph":[{"@type":["WebPage","ItemPage"],"@id":"https:\/\/vitablanca.ma\/produit\/noreva-zeniac-gel-nettoyant-purifiant-200ml-2\/","url":"https:\/\/vitablanca.ma\/produit\/noreva-zeniac-gel-nettoyant-purifiant-200ml-2\/","name":"Noreva Zeniac Gel Nettoyant Purifiant 200ml - Maroc Prix","isPartOf":{"@id":"https:\/\/vitablanca.ma\/#website"},"primaryImageOfPage":{"@id":"https:\/\/vitablanca.ma\/produit\/noreva-zeniac-gel-nettoyant-purifiant-200ml-2\/#primaryimage"},"image":{"@id":"https:\/\/vitablanca.ma\/produit\/noreva-zeniac-gel-nettoyant-purifiant-200ml-2\/#primaryimage"},"thumbnailUrl":"https:\/\/vitablanca.ma\/wp-content\/uploads\/2025\/06\/Zeniac-Gel-Purifiant-Fl-200-Ml-parapharmacie-maroc.jpg","datePublished":"2025-06-11T21:05:00+00:00","dateModified":"2026-02-17T23:33:41+00:00","description":"Noreva Zeniac Gel Nettoyant 200ml purifie la peau, r\u00e9gule le s\u00e9bum et aide \u00e0 pr\u00e9venir boutons et com\u00e9dons. Gel doux pour peaux mixtes \u00e0 grasses,","breadcrumb":{"@id":"https:\/\/vitablanca.ma\/produit\/noreva-zeniac-gel-nettoyant-purifiant-200ml-2\/#breadcrumb"},"inLanguage":"ar","potentialAction":[{"@type":"ReadAction","target":["https:\/\/vitablanca.ma\/produit\/noreva-zeniac-gel-nettoyant-purifiant-200ml-2\/"]}]},{"@type":"ImageObject","inLanguage":"ar","@id":"https:\/\/vitablanca.ma\/produit\/noreva-zeniac-gel-nettoyant-purifiant-200ml-2\/#primaryimage","url":"https:\/\/vitablanca.ma\/wp-content\/uploads\/2025\/06\/Zeniac-Gel-Purifiant-Fl-200-Ml-parapharmacie-maroc.jpg","contentUrl":"https:\/\/vitablanca.ma\/wp-content\/uploads\/2025\/06\/Zeniac-Gel-Purifiant-Fl-200-Ml-parapharmacie-maroc.jpg","width":600,"height":600},{"@type":"BreadcrumbList","@id":"https:\/\/vitablanca.ma\/produit\/noreva-zeniac-gel-nettoyant-purifiant-200ml-2\/#breadcrumb","itemListElement":[{"@type":"ListItem","position":1,"name":"Home","item":"https:\/\/vitablanca.ma\/"},{"@type":"ListItem","position":2,"name":"Tous Les Produits","item":"https:\/\/vitablanca.ma\/tous-les-produits\/"},{"@type":"ListItem","position":3,"name":"Noreva Zeniac Gel Nettoyant Purifiant 200ml"}]},{"@type":"WebSite","@id":"https:\/\/vitablanca.ma\/#website","url":"https:\/\/vitablanca.ma\/","name":"VitaBlanca.ma | \u0627\u0644\u0645\u0643\u0645\u0644\u0627\u062a \u0627\u0644\u063a\u0630\u0627\u0626\u064a\u0629\u060c \u0627\u0644\u0635\u062d\u0629 \u0648\u0627\u0644\u062c\u0645\u0627\u0644 \u0641\u064a \u0627\u0644\u0645\u063a\u0631\u0628","description":"\u0646\u0628\u064a\u0639 \u0641\u064a\u062a\u0627\u0645\u064a\u0646\u0627\u062a \u0648\u0645\u0643\u0645\u0644\u0627\u062a \u063a\u0630\u0627\u0626\u064a\u0629 \u0641\u0627\u062e\u0631\u0629 \u0645\u0646 \u0627\u0644\u0648\u0644\u0627\u064a\u0627\u062a \u0627\u0644\u0645\u062a\u062d\u062f\u0629 \u0627\u0644\u0623\u0645\u0631\u064a\u0643\u064a\u0629 \u0648\u0643\u0646\u062f\u0627 \u0648\u0646\u064a\u0648\u0632\u064a\u0644\u0646\u062f\u0627 \u0648\u0627\u0644\u0645\u063a\u0631\u0628 (\u0646\u0627\u0648 \u0641\u0648\u062f\u0632\u060c \u0633\u0648\u0644\u062c\u0627\u0631\u060c \u0645\u0627\u0646\u0648\u0643\u0627). \u062a\u0648\u0635\u064a\u0644 \u0633\u0631\u064a\u0639 \u0625\u0644\u0649 \u062c\u0645\u064a\u0639 \u0623\u0646\u062d\u0627\u0621 \u0627\u0644\u0645\u063a\u0631\u0628.","publisher":{"@id":"https:\/\/vitablanca.ma\/#organization"},"alternateName":"VitaBlanca.ma","potentialAction":[{"@type":"SearchAction","target":{"@type":"EntryPoint","urlTemplate":"https:\/\/vitablanca.ma\/?s={search_term_string}"},"query-input":{"@type":"PropertyValueSpecification","valueRequired":true,"valueName":"search_term_string"}}],"inLanguage":"ar"},{"@type":"Organization","@id":"https:\/\/vitablanca.ma\/#organization","name":"\u0641\u064a\u062a\u0627\u0628\u0644\u0627\u0646\u0643\u0627","url":"https:\/\/vitablanca.ma\/","logo":{"@type":"ImageObject","inLanguage":"ar","@id":"https:\/\/vitablanca.ma\/#\/schema\/logo\/image\/","url":"https:\/\/vitablanca.ma\/wp-content\/uploads\/2025\/05\/cropped-vitablanca.png","contentUrl":"https:\/\/vitablanca.ma\/wp-content\/uploads\/2025\/05\/cropped-vitablanca.png","width":360,"height":67,"caption":"VitaBlanca"},"image":{"@id":"https:\/\/vitablanca.ma\/#\/schema\/logo\/image\/"},"sameAs":["https:\/\/www.facebook.com\/profile.php?id=61576678196717","https:\/\/www.tiktok.com\/@vitablanca.ma","https:\/\/www.instagram.com\/vitablanca.ma\/"]}]}},"jetpack_sharing_enabled":true,"_links":{"self":[{"href":"https:\/\/vitablanca.ma\/ar\/wp-json\/wp\/v2\/product\/21098","targetHints":{"allow":["GET"]}}],"collection":[{"href":"https:\/\/vitablanca.ma\/ar\/wp-json\/wp\/v2\/product"}],"about":[{"href":"https:\/\/vitablanca.ma\/ar\/wp-json\/wp\/v2\/types\/product"}],"wp:featuredmedia":[{"embeddable":true,"href":"https:\/\/vitablanca.ma\/ar\/wp-json\/wp\/v2\/media\/21097"}],"wp:attachment":[{"href":"https:\/\/vitablanca.ma\/ar\/wp-json\/wp\/v2\/media?parent=21098"}],"wp:term":[{"taxonomy":"product_brand","embeddable":true,"href":"https:\/\/vitablanca.ma\/ar\/wp-json\/wp\/v2\/product_brand?post=21098"},{"taxonomy":"product_cat","embeddable":true,"href":"https:\/\/vitablanca.ma\/ar\/wp-json\/wp\/v2\/product_cat?post=21098"},{"taxonomy":"product_tag","embeddable":true,"href":"https:\/\/vitablanca.ma\/ar\/wp-json\/wp\/v2\/product_tag?post=21098"}],"curies":[{"name":"wp","href":"https:\/\/api.w.org\/{rel}","templated":true}]}}