{"id":21084,"date":"2025-06-11T21:04:15","date_gmt":"2025-06-11T21:04:15","guid":{"rendered":"https:\/\/vitablanca.ma\/product\/noreva-exfoliac-acnomega-200-30ml\/"},"modified":"2026-02-17T23:51:19","modified_gmt":"2026-02-17T23:51:19","slug":"noreva-exfoliac-acnomega-200-30ml","status":"publish","type":"product","link":"https:\/\/vitablanca.ma\/ar\/product-2\/noreva-exfoliac-acnomega-200-30ml\/","title":{"rendered":"\u0646\u0648\u0631\u064a\u0641\u0627 \u0625\u0643\u0633\u0641\u0648\u0644\u064a\u0627\u0643 \u0623\u0643\u0646\u0648\u0645\u064a\u062c\u0627 200 30 \u0645\u0644"},"content":{"rendered":"<h2>Noreva Exfoliac Acnom\u00e9ga 200<\/h2>\n<p><span class=\"desc titrepageproduit\"><span class=\"sousnom\">1er Soin correcteur intensif aux Om\u00e9ga HA<\/span><\/span><\/p>\n<div class=\"ss-wrapper\">\n<div class=\"ss-content\">\n<h3><span class=\"titreproduit\">\u0641\u0648\u0627\u0626\u062f\u0647\u0627<\/span><\/h3>\n<div id=\"lecontenu\"><span class=\"gras\">LISSE &#8211; AFFINE LE GRAIN DE PEAU &#8211; MATIFIE<\/span><\/div>\n<div><\/div>\n<div>Sp\u00e9cialement formul\u00e9 pour les peaux \u00e0 imperfections mod\u00e9r\u00e9es \u00e0 s\u00e9v\u00e8res, Exfoliac\u00ae Acnom\u00e9ga 200 Soin k\u00e9rator\u00e9gulateur matifiant d\u00e9sobstrue les pores et gomme les imperfections. Il agit au niveau des couches superficielles et plus profondes de l\u2019\u00e9piderme, permet une action k\u00e9rato-active majeure et un effet s\u00e9bor\u00e9gulateur et antibact\u00e9rien. La peau redevient lisse, nette et matifi\u00e9e<\/div>\n<div><\/div>\n<div>\n<h3><span class=\"titreproduit\">\u0627\u0644\u0646\u062a\u0627\u0626\u062c \u0627\u0644\u0633\u0631\u064a\u0631\u064a\u0629<\/span><\/h3>\n<ul>\n<li><span class=\"titreproduit\">96% s\u00e9bor\u00e9gulateur<\/span><\/li>\n<li><span class=\"titreproduit\">90% k\u00e9ratolytique<\/span><\/li>\n<li><span class=\"titreproduit\">95% effet matifiant<\/span><\/li>\n<li><span class=\"titreproduit\">82% peau plus douce<\/span><\/li>\n<\/ul>\n<h3><span class=\"titreproduit\">\u0631\u0648\u062a\u064a\u0646 \u0627\u0644\u0639\u0646\u0627\u064a\u0629 \u0628\u0627\u0644\u0628\u0634\u0631\u0629<\/span><\/h3>\n<p>Appliquer pr\u00e9alablement le Gel moussant Doux sur une peau humide. Masser d\u00e9licatement, rincer et s\u00e9cher la peau. Appliquer ensuite Roll&rsquo;on directement sur les imperfections. Enfin, poser Acnom\u00e9ga 200 matin et\/ou soir.<\/p>\n<h3><span class=\"titreproduit\">\u0645\u0632\u0627\u064a\u0627 \u0627\u0644\u0645\u0646\u062a\u062c<\/span><\/h3>\n<ul>\n<li><span class=\"titreproduit\">\u0642\u0627\u0639\u062f\u0629 \u0645\u0643\u064a\u0627\u062c \u062c\u064a\u062f\u0629<\/span><\/li>\n<li><span class=\"titreproduit\">Micro-\u00e9ponges matifiantes<\/span><\/li>\n<li><span class=\"titreproduit\">Formule triple action : AHA + BHA + \u03a9HA<\/span><\/li>\n<\/ul>\n<\/div>\n<\/div>\n<\/div>","protected":false},"excerpt":{"rendered":"<p>Noreva Exfoliac Acnom\u00e9ga 200 1er Soin correcteur intensif aux Om\u00e9ga HA SES BIENFAITS LISSE &#8211; AFFINE LE GRAIN DE PEAU &#8211; MATIFIE Sp\u00e9cialement formul\u00e9 pour les peaux \u00e0 imperfections mod\u00e9r\u00e9es \u00e0 s\u00e9v\u00e8res, Exfoliac\u00ae Acnom\u00e9ga 200 Soin k\u00e9rator\u00e9gulateur matifiant d\u00e9sobstrue les pores et gomme les imperfections. Il agit au niveau des couches superficielles et plus profondes [&hellip;]<\/p>\n","protected":false},"featured_media":21083,"template":"","meta":{"om_disable_all_campaigns":false},"product_brand":[],"product_cat":[15],"product_tag":[9482,9473,9474,9481,9505,9436,8284,6353,6289,9480,9478,9507,9506,6491,9483],"class_list":{"0":"post-21084","1":"product","2":"type-product","3":"status-publish","4":"has-post-thumbnail","6":"product_cat-beaute-sante-complements-alimentaires-soins-et-bien-etre-au-meilleur-prix","7":"product_tag-apaisant-inflammations","8":"product_tag-boutons-visage","9":"product_tag-comedons","10":"product_tag-dermatologique","11":"product_tag-exfoliac-acnomega-200","12":"product_tag-noreva","13":"product_tag-parapharmacie-maroc","14":"product_tag-peau-grasse","15":"product_tag-peau-nette","16":"product_tag-peaux-mixtes-a-grasses","17":"product_tag-sebum-regule","18":"product_tag-soin-acne-severe","19":"product_tag-soin-anti-imperfections-severes","20":"product_tag-soin-visage-anti-acne","21":"product_tag-traitement-local-imperfections","23":"first","24":"instock","25":"sale","26":"taxable","27":"shipping-taxable","28":"purchasable","29":"product-type-simple"},"yoast_head":"<!-- This site is optimized with the Yoast SEO plugin v27.4 - https:\/\/yoast.com\/product\/yoast-seo-wordpress\/ -->\n<title>Noreva Exfoliac Acnom\u00e9ga 200 30ml - Maroc Prix<\/title>\n<meta name=\"description\" content=\"Noreva Exfoliac Acnom\u00e9ga 200 30ml r\u00e9duit boutons et com\u00e9dons, r\u00e9gule le s\u00e9bum et apaise les inflammations. Soin dermatologique intensif pour peaux mixtes .\" \/>\n<meta name=\"robots\" content=\"index, follow, max-snippet:-1, max-image-preview:large, max-video-preview:-1\" \/>\n<link rel=\"canonical\" href=\"https:\/\/vitablanca.ma\/ar\/product-2\/noreva-exfoliac-acnomega-200-30ml\/\" \/>\n<meta property=\"og:locale\" content=\"ar_AR\" \/>\n<meta property=\"og:type\" content=\"article\" \/>\n<meta property=\"og:title\" content=\"Noreva Exfoliac Acnom\u00e9ga 200 30ml - Maroc Prix\" \/>\n<meta property=\"og:description\" content=\"Noreva Exfoliac Acnom\u00e9ga 200 30ml r\u00e9duit boutons et com\u00e9dons, r\u00e9gule le s\u00e9bum et apaise les inflammations. Soin dermatologique intensif pour peaux mixtes .\" \/>\n<meta property=\"og:url\" content=\"https:\/\/vitablanca.ma\/ar\/product-2\/noreva-exfoliac-acnomega-200-30ml\/\" \/>\n<meta property=\"og:site_name\" content=\"Vitablanca.ma &ndash; Sant&eacute;, vitalit&eacute; et bien-&ecirc;tre pour tous les Marocains\" \/>\n<meta property=\"article:publisher\" content=\"https:\/\/www.facebook.com\/profile.php?id=61576678196717\" \/>\n<meta property=\"article:modified_time\" content=\"2026-02-17T23:51:19+00:00\" \/>\n<meta property=\"og:image\" content=\"https:\/\/vitablanca.ma\/wp-content\/uploads\/2025\/06\/Noreva-Exfoliac-Acnomega-200-30ml-nova-parapharmacie-casablanca.jpg\" \/>\n\t<meta property=\"og:image:width\" content=\"1000\" \/>\n\t<meta property=\"og:image:height\" content=\"1000\" \/>\n\t<meta property=\"og:image:type\" content=\"image\/jpeg\" \/>\n<meta name=\"twitter:card\" content=\"summary_large_image\" \/>\n<meta name=\"twitter:label1\" content=\"\u0648\u0642\u062a \u0627\u0644\u0642\u0631\u0627\u0621\u0629 \u0627\u0644\u0645\u064f\u0642\u062f\u0651\u0631\" \/>\n\t<meta name=\"twitter:data1\" content=\"\u062f\u0642\u064a\u0642\u0629 \u0648\u0627\u062d\u062f\u0629\" \/>\n<script type=\"application\/ld+json\" class=\"yoast-schema-graph\">{\"@context\":\"https:\\\/\\\/schema.org\",\"@graph\":[{\"@type\":[\"WebPage\",\"ItemPage\"],\"@id\":\"https:\\\/\\\/vitablanca.ma\\\/produit\\\/noreva-exfoliac-acnomega-200-30ml\\\/\",\"url\":\"https:\\\/\\\/vitablanca.ma\\\/produit\\\/noreva-exfoliac-acnomega-200-30ml\\\/\",\"name\":\"Noreva Exfoliac Acnom\u00e9ga 200 30ml - Maroc Prix\",\"isPartOf\":{\"@id\":\"https:\\\/\\\/vitablanca.ma\\\/#website\"},\"primaryImageOfPage\":{\"@id\":\"https:\\\/\\\/vitablanca.ma\\\/produit\\\/noreva-exfoliac-acnomega-200-30ml\\\/#primaryimage\"},\"image\":{\"@id\":\"https:\\\/\\\/vitablanca.ma\\\/produit\\\/noreva-exfoliac-acnomega-200-30ml\\\/#primaryimage\"},\"thumbnailUrl\":\"https:\\\/\\\/vitablanca.ma\\\/wp-content\\\/uploads\\\/2025\\\/06\\\/Noreva-Exfoliac-Acnomega-200-30ml-nova-parapharmacie-casablanca.jpg\",\"datePublished\":\"2025-06-11T21:04:15+00:00\",\"dateModified\":\"2026-02-17T23:51:19+00:00\",\"description\":\"Noreva Exfoliac Acnom\u00e9ga 200 30ml r\u00e9duit boutons et com\u00e9dons, r\u00e9gule le s\u00e9bum et apaise les inflammations. Soin dermatologique intensif pour peaux mixtes .\",\"breadcrumb\":{\"@id\":\"https:\\\/\\\/vitablanca.ma\\\/produit\\\/noreva-exfoliac-acnomega-200-30ml\\\/#breadcrumb\"},\"inLanguage\":\"ar\",\"potentialAction\":[{\"@type\":\"ReadAction\",\"target\":[\"https:\\\/\\\/vitablanca.ma\\\/produit\\\/noreva-exfoliac-acnomega-200-30ml\\\/\"]}]},{\"@type\":\"ImageObject\",\"inLanguage\":\"ar\",\"@id\":\"https:\\\/\\\/vitablanca.ma\\\/produit\\\/noreva-exfoliac-acnomega-200-30ml\\\/#primaryimage\",\"url\":\"https:\\\/\\\/vitablanca.ma\\\/wp-content\\\/uploads\\\/2025\\\/06\\\/Noreva-Exfoliac-Acnomega-200-30ml-nova-parapharmacie-casablanca.jpg\",\"contentUrl\":\"https:\\\/\\\/vitablanca.ma\\\/wp-content\\\/uploads\\\/2025\\\/06\\\/Noreva-Exfoliac-Acnomega-200-30ml-nova-parapharmacie-casablanca.jpg\",\"width\":1000,\"height\":1000},{\"@type\":\"BreadcrumbList\",\"@id\":\"https:\\\/\\\/vitablanca.ma\\\/produit\\\/noreva-exfoliac-acnomega-200-30ml\\\/#breadcrumb\",\"itemListElement\":[{\"@type\":\"ListItem\",\"position\":1,\"name\":\"Home\",\"item\":\"https:\\\/\\\/vitablanca.ma\\\/\"},{\"@type\":\"ListItem\",\"position\":2,\"name\":\"Tous Les Produits\",\"item\":\"https:\\\/\\\/vitablanca.ma\\\/tous-les-produits\\\/\"},{\"@type\":\"ListItem\",\"position\":3,\"name\":\"Noreva Exfoliac Acnom\u00e9ga 200 30ml\"}]},{\"@type\":\"WebSite\",\"@id\":\"https:\\\/\\\/vitablanca.ma\\\/#website\",\"url\":\"https:\\\/\\\/vitablanca.ma\\\/\",\"name\":\"VitaBlanca.ma | Compl\u00e9ments alimentaires, sant\u00e9 & beaut\u00e9 au Maroc\",\"description\":\"vendre vitamines et compl\u00e9ments premium des USA &amp; Canada, Nouvelle Z\u00e9lande,Maroc (NOW Foods, Solgar, Manuka). Livraison rapide partout au Maroc.\",\"publisher\":{\"@id\":\"https:\\\/\\\/vitablanca.ma\\\/#organization\"},\"alternateName\":\"VitaBlanca.ma\",\"potentialAction\":[{\"@type\":\"SearchAction\",\"target\":{\"@type\":\"EntryPoint\",\"urlTemplate\":\"https:\\\/\\\/vitablanca.ma\\\/?s={search_term_string}\"},\"query-input\":{\"@type\":\"PropertyValueSpecification\",\"valueRequired\":true,\"valueName\":\"search_term_string\"}}],\"inLanguage\":\"ar\"},{\"@type\":\"Organization\",\"@id\":\"https:\\\/\\\/vitablanca.ma\\\/#organization\",\"name\":\"VitaBlanca\",\"url\":\"https:\\\/\\\/vitablanca.ma\\\/\",\"logo\":{\"@type\":\"ImageObject\",\"inLanguage\":\"ar\",\"@id\":\"https:\\\/\\\/vitablanca.ma\\\/#\\\/schema\\\/logo\\\/image\\\/\",\"url\":\"https:\\\/\\\/vitablanca.ma\\\/wp-content\\\/uploads\\\/2025\\\/05\\\/cropped-vitablanca.png\",\"contentUrl\":\"https:\\\/\\\/vitablanca.ma\\\/wp-content\\\/uploads\\\/2025\\\/05\\\/cropped-vitablanca.png\",\"width\":360,\"height\":67,\"caption\":\"VitaBlanca\"},\"image\":{\"@id\":\"https:\\\/\\\/vitablanca.ma\\\/#\\\/schema\\\/logo\\\/image\\\/\"},\"sameAs\":[\"https:\\\/\\\/www.facebook.com\\\/profile.php?id=61576678196717\",\"https:\\\/\\\/www.tiktok.com\\\/@vitablanca.ma\",\"https:\\\/\\\/www.instagram.com\\\/vitablanca.ma\\\/\"]}]}<\/script>\n<!-- \/ Yoast SEO plugin. -->","yoast_head_json":{"title":"Noreva Exfoliac Acnom\u00e9ga 200 30ml - Maroc Prix","description":"Noreva Exfoliac Acnom\u00e9ga 200 30ml r\u00e9duit boutons et com\u00e9dons, r\u00e9gule le s\u00e9bum et apaise les inflammations. Soin dermatologique intensif pour peaux mixtes .","robots":{"index":"index","follow":"follow","max-snippet":"max-snippet:-1","max-image-preview":"max-image-preview:large","max-video-preview":"max-video-preview:-1"},"canonical":"https:\/\/vitablanca.ma\/ar\/product-2\/noreva-exfoliac-acnomega-200-30ml\/","og_locale":"ar_AR","og_type":"article","og_title":"Noreva Exfoliac Acnom\u00e9ga 200 30ml - Maroc Prix","og_description":"Noreva Exfoliac Acnom\u00e9ga 200 30ml r\u00e9duit boutons et com\u00e9dons, r\u00e9gule le s\u00e9bum et apaise les inflammations. Soin dermatologique intensif pour peaux mixtes .","og_url":"https:\/\/vitablanca.ma\/ar\/product-2\/noreva-exfoliac-acnomega-200-30ml\/","og_site_name":"Vitablanca.ma &ndash; Sant&eacute;, vitalit&eacute; et bien-&ecirc;tre pour tous les Marocains","article_publisher":"https:\/\/www.facebook.com\/profile.php?id=61576678196717","article_modified_time":"2026-02-17T23:51:19+00:00","og_image":[{"width":1000,"height":1000,"url":"https:\/\/vitablanca.ma\/wp-content\/uploads\/2025\/06\/Noreva-Exfoliac-Acnomega-200-30ml-nova-parapharmacie-casablanca.jpg","type":"image\/jpeg"}],"twitter_card":"summary_large_image","twitter_misc":{"\u0648\u0642\u062a \u0627\u0644\u0642\u0631\u0627\u0621\u0629 \u0627\u0644\u0645\u064f\u0642\u062f\u0651\u0631":"\u062f\u0642\u064a\u0642\u0629 \u0648\u0627\u062d\u062f\u0629"},"schema":{"@context":"https:\/\/schema.org","@graph":[{"@type":["WebPage","ItemPage"],"@id":"https:\/\/vitablanca.ma\/produit\/noreva-exfoliac-acnomega-200-30ml\/","url":"https:\/\/vitablanca.ma\/produit\/noreva-exfoliac-acnomega-200-30ml\/","name":"Noreva Exfoliac Acnom\u00e9ga 200 30ml - Maroc Prix","isPartOf":{"@id":"https:\/\/vitablanca.ma\/#website"},"primaryImageOfPage":{"@id":"https:\/\/vitablanca.ma\/produit\/noreva-exfoliac-acnomega-200-30ml\/#primaryimage"},"image":{"@id":"https:\/\/vitablanca.ma\/produit\/noreva-exfoliac-acnomega-200-30ml\/#primaryimage"},"thumbnailUrl":"https:\/\/vitablanca.ma\/wp-content\/uploads\/2025\/06\/Noreva-Exfoliac-Acnomega-200-30ml-nova-parapharmacie-casablanca.jpg","datePublished":"2025-06-11T21:04:15+00:00","dateModified":"2026-02-17T23:51:19+00:00","description":"Noreva Exfoliac Acnom\u00e9ga 200 30ml r\u00e9duit boutons et com\u00e9dons, r\u00e9gule le s\u00e9bum et apaise les inflammations. Soin dermatologique intensif pour peaux mixtes .","breadcrumb":{"@id":"https:\/\/vitablanca.ma\/produit\/noreva-exfoliac-acnomega-200-30ml\/#breadcrumb"},"inLanguage":"ar","potentialAction":[{"@type":"ReadAction","target":["https:\/\/vitablanca.ma\/produit\/noreva-exfoliac-acnomega-200-30ml\/"]}]},{"@type":"ImageObject","inLanguage":"ar","@id":"https:\/\/vitablanca.ma\/produit\/noreva-exfoliac-acnomega-200-30ml\/#primaryimage","url":"https:\/\/vitablanca.ma\/wp-content\/uploads\/2025\/06\/Noreva-Exfoliac-Acnomega-200-30ml-nova-parapharmacie-casablanca.jpg","contentUrl":"https:\/\/vitablanca.ma\/wp-content\/uploads\/2025\/06\/Noreva-Exfoliac-Acnomega-200-30ml-nova-parapharmacie-casablanca.jpg","width":1000,"height":1000},{"@type":"BreadcrumbList","@id":"https:\/\/vitablanca.ma\/produit\/noreva-exfoliac-acnomega-200-30ml\/#breadcrumb","itemListElement":[{"@type":"ListItem","position":1,"name":"Home","item":"https:\/\/vitablanca.ma\/"},{"@type":"ListItem","position":2,"name":"Tous Les Produits","item":"https:\/\/vitablanca.ma\/tous-les-produits\/"},{"@type":"ListItem","position":3,"name":"Noreva Exfoliac Acnom\u00e9ga 200 30ml"}]},{"@type":"WebSite","@id":"https:\/\/vitablanca.ma\/#website","url":"https:\/\/vitablanca.ma\/","name":"VitaBlanca.ma | \u0627\u0644\u0645\u0643\u0645\u0644\u0627\u062a \u0627\u0644\u063a\u0630\u0627\u0626\u064a\u0629\u060c \u0627\u0644\u0635\u062d\u0629 \u0648\u0627\u0644\u062c\u0645\u0627\u0644 \u0641\u064a \u0627\u0644\u0645\u063a\u0631\u0628","description":"\u0646\u0628\u064a\u0639 \u0641\u064a\u062a\u0627\u0645\u064a\u0646\u0627\u062a \u0648\u0645\u0643\u0645\u0644\u0627\u062a \u063a\u0630\u0627\u0626\u064a\u0629 \u0641\u0627\u062e\u0631\u0629 \u0645\u0646 \u0627\u0644\u0648\u0644\u0627\u064a\u0627\u062a \u0627\u0644\u0645\u062a\u062d\u062f\u0629 \u0627\u0644\u0623\u0645\u0631\u064a\u0643\u064a\u0629 \u0648\u0643\u0646\u062f\u0627 \u0648\u0646\u064a\u0648\u0632\u064a\u0644\u0646\u062f\u0627 \u0648\u0627\u0644\u0645\u063a\u0631\u0628 (\u0646\u0627\u0648 \u0641\u0648\u062f\u0632\u060c \u0633\u0648\u0644\u062c\u0627\u0631\u060c \u0645\u0627\u0646\u0648\u0643\u0627). \u062a\u0648\u0635\u064a\u0644 \u0633\u0631\u064a\u0639 \u0625\u0644\u0649 \u062c\u0645\u064a\u0639 \u0623\u0646\u062d\u0627\u0621 \u0627\u0644\u0645\u063a\u0631\u0628.","publisher":{"@id":"https:\/\/vitablanca.ma\/#organization"},"alternateName":"VitaBlanca.ma","potentialAction":[{"@type":"SearchAction","target":{"@type":"EntryPoint","urlTemplate":"https:\/\/vitablanca.ma\/?s={search_term_string}"},"query-input":{"@type":"PropertyValueSpecification","valueRequired":true,"valueName":"search_term_string"}}],"inLanguage":"ar"},{"@type":"Organization","@id":"https:\/\/vitablanca.ma\/#organization","name":"\u0641\u064a\u062a\u0627\u0628\u0644\u0627\u0646\u0643\u0627","url":"https:\/\/vitablanca.ma\/","logo":{"@type":"ImageObject","inLanguage":"ar","@id":"https:\/\/vitablanca.ma\/#\/schema\/logo\/image\/","url":"https:\/\/vitablanca.ma\/wp-content\/uploads\/2025\/05\/cropped-vitablanca.png","contentUrl":"https:\/\/vitablanca.ma\/wp-content\/uploads\/2025\/05\/cropped-vitablanca.png","width":360,"height":67,"caption":"VitaBlanca"},"image":{"@id":"https:\/\/vitablanca.ma\/#\/schema\/logo\/image\/"},"sameAs":["https:\/\/www.facebook.com\/profile.php?id=61576678196717","https:\/\/www.tiktok.com\/@vitablanca.ma","https:\/\/www.instagram.com\/vitablanca.ma\/"]}]}},"jetpack_sharing_enabled":true,"_links":{"self":[{"href":"https:\/\/vitablanca.ma\/ar\/wp-json\/wp\/v2\/product\/21084","targetHints":{"allow":["GET"]}}],"collection":[{"href":"https:\/\/vitablanca.ma\/ar\/wp-json\/wp\/v2\/product"}],"about":[{"href":"https:\/\/vitablanca.ma\/ar\/wp-json\/wp\/v2\/types\/product"}],"wp:featuredmedia":[{"embeddable":true,"href":"https:\/\/vitablanca.ma\/ar\/wp-json\/wp\/v2\/media\/21083"}],"wp:attachment":[{"href":"https:\/\/vitablanca.ma\/ar\/wp-json\/wp\/v2\/media?parent=21084"}],"wp:term":[{"taxonomy":"product_brand","embeddable":true,"href":"https:\/\/vitablanca.ma\/ar\/wp-json\/wp\/v2\/product_brand?post=21084"},{"taxonomy":"product_cat","embeddable":true,"href":"https:\/\/vitablanca.ma\/ar\/wp-json\/wp\/v2\/product_cat?post=21084"},{"taxonomy":"product_tag","embeddable":true,"href":"https:\/\/vitablanca.ma\/ar\/wp-json\/wp\/v2\/product_tag?post=21084"}],"curies":[{"name":"wp","href":"https:\/\/api.w.org\/{rel}","templated":true}]}}