{"id":21082,"date":"2025-06-11T21:04:10","date_gmt":"2025-06-11T21:04:10","guid":{"rendered":"https:\/\/vitablanca.ma\/product\/noreva-sensidiane-ar-soin-anti-rougeurs-intensif-30ml\/"},"modified":"2026-02-18T00:07:38","modified_gmt":"2026-02-18T00:07:38","slug":"noreva-sensidiane-ar-soin-anti-rougeurs-intensif-30ml","status":"publish","type":"product","link":"https:\/\/vitablanca.ma\/ar\/product-2\/noreva-sensidiane-ar-soin-anti-rougeurs-intensif-30ml\/","title":{"rendered":"\u0639\u0644\u0627\u062c \u0646\u0648\u0631\u064a\u0641\u0627 \u0633\u064a\u0646\u0633\u064a\u062f\u064a\u0627\u0646 \u0625\u064a\u0647 \u0622\u0631 \u0627\u0644\u0645\u0643\u062b\u0641 \u0627\u0644\u0645\u0636\u0627\u062f \u0644\u0644\u0627\u062d\u0645\u0631\u0627\u0631 30 \u0645\u0644"},"content":{"rendered":"<h2>\u0639\u0644\u0627\u062c \u0646\u0648\u0631\u064a\u0641\u0627 \u0633\u064a\u0646\u0633\u064a\u062f\u064a\u0627\u0646 \u0625\u064a\u0647 \u0622\u0631 \u0627\u0644\u0645\u0643\u062b\u0641 \u0627\u0644\u0645\u0636\u0627\u062f \u0644\u0644\u0627\u062d\u0645\u0631\u0627\u0631<\/h2>\n<p><span class=\"desc titrepageproduit\"><span class=\"sousnom\">\u0623\u0648\u0644 \u0639\u0644\u0627\u062c \u0639\u0635\u0628\u064a \u062a\u062c\u0645\u064a\u0644\u064a \u0645\u0643\u062b\u0641 \u0645\u0636\u0627\u062f \u0644\u0644\u0627\u062d\u0645\u0631\u0627\u0631<\/span><\/span><\/p>\n<h3><span class=\"titreproduit\">\u0641\u0648\u0627\u0626\u062f\u0647\u0627<\/span><\/h3>\n<p>DIMINUE LES ROUGEURS INTENSES ET VAISSEAUX APPARENTS \u2013 APAISE \u2013 LIMITE LES IMPERFECTIONS<\/p>\n<div id=\"lecontenu\">\u062a\u0645 \u062a\u0637\u0648\u064a\u0631 Sensidiane AR Intensive Anti-Redness Treatment \u062e\u0635\u064a\u0635\u064b\u0627 \u0644\u0644\u0623\u0634\u062e\u0627\u0635 \u0630\u0648\u064a \u0627\u0644\u0628\u0634\u0631\u0629 \u0627\u0644\u0645\u0639\u0631\u0636\u0629 \u0644\u0644\u0627\u062d\u0645\u0631\u0627\u0631\u060c \u0648\u0647\u0648 \u0639\u0644\u0627\u062c \u0645\u0643\u062b\u0641 \u064a\u0639\u0645\u0644 \u0639\u0644\u0649 \u062d\u0645\u0627\u064a\u0629 \u0648\u062a\u0642\u0648\u064a\u0629 \u0627\u0644\u0634\u0639\u064a\u0631\u0627\u062a \u0627\u0644\u062f\u0645\u0648\u064a\u0629 \u0641\u064a \u0627\u0644\u062c\u0644\u062f\u060c \u0648\u064a\u0642\u0644\u0644 \u0645\u0646 \u0627\u0644\u0627\u062d\u0645\u0631\u0627\u0631 \u0627\u0644\u0645\u0646\u062a\u0634\u0631 \u0648\u0627\u0644\u0622\u0641\u0627\u062a \u0627\u0644\u0627\u0644\u062a\u0647\u0627\u0628\u064a\u0629\u060c \u0648\u064a\u0646\u0638\u0645 \u0627\u0644\u0628\u0643\u062a\u064a\u0631\u064a\u0627 \u0627\u0644\u062c\u0644\u062f\u064a\u0629\u060c \u0648\u064a\u062e\u0641\u064a \u0627\u0644\u0627\u062d\u0645\u0631\u0627\u0631 \u0648\u064a\u0648\u062d\u062f \u0644\u0648\u0646 \u0627\u0644\u0628\u0634\u0631\u0629 \u0639\u0644\u0649 \u0627\u0644\u0641\u0648\u0631\u060c \u0648\u064a\u0631\u0637\u0628 \u0627\u0644\u0628\u0634\u0631\u0629 \u0648\u064a\u0647\u062f\u0626\u0647\u0627 \u0644\u0641\u062a\u0631\u0629 \u0637\u0648\u064a\u0644\u0629.<br \/>\n\u0647\u0630\u0627 \u0627\u0644\u0645\u0633\u062a\u062d\u0644\u0628 \u062e\u0641\u064a\u0641 \u0627\u0644\u0648\u0632\u0646 \u064a\u0645\u062a\u0635 \u0628\u0633\u0631\u0639\u0629 \u062f\u0648\u0646 \u0623\u0646 \u064a\u062a\u0631\u0643 \u0637\u0628\u0642\u0629 \u062f\u0647\u0646\u064a\u0629 \u0639\u0644\u0649 \u0627\u0644\u0628\u0634\u0631\u0629. \u0646\u062a\u0627\u0626\u062c \u0645\u0636\u0645\u0648\u0646\u0629 \u0645\u0646 \u0627\u0644\u0634\u0647\u0631 \u0627\u0644\u0623\u0648\u0644: \u062a\u0642\u0648\u064a\u0629 \u0627\u0644\u0634\u0639\u064a\u0631\u0627\u062a \u0627\u0644\u062f\u0645\u0648\u064a\u0629\u060c \u062a\u0642\u0644\u064a\u0644 \u0627\u0644\u0627\u062d\u0645\u0631\u0627\u0631 \u0648\u0627\u0644\u0634\u0648\u0627\u0626\u0628\u060c \u0648\u062a\u0648\u062d\u064a\u062f \u0644\u0648\u0646 \u0627\u0644\u0628\u0634\u0631\u0629.<\/div>\n<div><\/div>\n<h3><span class=\"titreproduit\">\u0627\u0644\u0646\u062a\u0627\u0626\u062c \u0627\u0644\u0633\u0631\u064a\u0631\u064a\u0629<\/span><\/h3>\n<div id=\"lecontenu\"><strong>\u062a\u0645 \u0627\u062e\u062a\u0628\u0627\u0631\u0647 \u0639\u0644\u0649 \u0627\u0644\u0628\u0634\u0631\u0629 \u0627\u0644\u0645\u0639\u0631\u0636\u0629 \u0644\u062d\u0628 \u0627\u0644\u0634\u0628\u0627\u0628<\/strong><\/div>\n<div>\n<ul>\n<li>56% \u062a\u0642\u0644\u064a\u0644 \u0627\u0644\u062d\u0637\u0627\u0637\u0627\u062a<\/li>\n<li>96% diminution de l\u2019intensit\u00e9 et de la surface des rougeurs<\/li>\n<li>72% \u0628\u0634\u0631\u0629 \u0645\u0647\u062f\u0626\u0629<\/li>\n<li>72% \u0628\u0634\u0631\u0629 \u0645\u0648\u062d\u062f\u0629<\/li>\n<\/ul>\n<h3><span class=\"titreproduit\">\u0631\u0648\u062a\u064a\u0646 \u0627\u0644\u0639\u0646\u0627\u064a\u0629 \u0628\u0627\u0644\u0628\u0634\u0631\u0629<\/span><\/h3>\n<p>Se nettoyer au pr\u00e9alable l\u2019ensemble du visage avec l\u2019Eau micellaire anti-rougeurs. Appliquer matin et\/ou soir le Soin anti-rougeurs intensif.<\/p>\n<h2><span class=\"titreproduit\">\u0645\u0632\u0627\u064a\u0627 \u0627\u0644\u0645\u0646\u062a\u062c<\/span><\/h2>\n<ul>\n<li><span class=\"titreproduit\">\u0645\u062c\u0645\u0639 \u0645\u0646 \u0627\u0644\u0645\u0643\u0648\u0646\u0627\u062a \u0627\u0644\u0646\u0634\u0637\u0629 \u0627\u0644\u0642\u0648\u064a\u0629<\/span><\/li>\n<li><span class=\"titreproduit\">\u0635\u064a\u063a\u0629 \u062c\u062f\u064a\u062f\u0629<\/span><\/li>\n<li><span class=\"titreproduit\">\u0641\u0639\u0627\u0644\u064a\u0629 \u0641\u0648\u0631\u064a\u0629 \u0648\u062f\u0627\u0626\u0645\u0629<\/span><\/li>\n<li><span class=\"titreproduit\">\u0639\u0631\u0642 \u0627\u0644\u0644\u0624\u0644\u0624 \u0627\u0644\u0623\u062e\u0636\u0631 \u0644\u062a\u062d\u064a\u064a\u062f \u0627\u0644\u0627\u062d\u0645\u0631\u0627\u0631<\/span><\/li>\n<\/ul>\n<\/div>","protected":false},"excerpt":{"rendered":"<p>Noreva Sensidiane AR Soin anti-rougeurs intensif 1er Soin neurocosm\u00e9tique Anti-rougeurs Intensif SES BIENFAITS DIMINUE LES ROUGEURS INTENSES ET VAISSEAUX APPARENTS \u2013 APAISE \u2013 LIMITE LES IMPERFECTIONS D\u00e9velopp\u00e9 sp\u00e9cifiquement pour les personnes ayant une peau \u00e0 tendance couperosique, Sensidiane AR soin anti-rougeurs Intensif est un soin d\u2019attaque qui agit sur la protection et le renfort des [&hellip;]<\/p>\n","protected":false},"featured_media":21081,"template":"","meta":[],"product_brand":[],"product_cat":[15],"product_tag":[9518,9516,9517,8851,8613,3474,9436,8284,8788,6176,8507,9514,9515,7554,6547],"class_list":{"0":"post-21082","1":"product","2":"type-product","3":"status-publish","4":"has-post-thumbnail","6":"product_cat-beaute-sante-complements-alimentaires-soins-et-bien-etre-au-meilleur-prix","7":"product_tag-anti-irritations","8":"product_tag-apaisant-cutane","9":"product_tag-barriere-cutanee-renforcee","10":"product_tag-confort-cutane","11":"product_tag-creme-visage-peaux-sensibles","12":"product_tag-hydratation-peau","13":"product_tag-noreva","14":"product_tag-parapharmacie-maroc","15":"product_tag-peau-reactive","16":"product_tag-peau-sensible","17":"product_tag-rougeurs-visage","18":"product_tag-sensidiane-ar","19":"product_tag-soin-anti-rougeurs","20":"product_tag-soin-dermatologique","21":"product_tag-soin-quotidien-visage","23":"first","24":"instock","25":"sale","26":"taxable","27":"shipping-taxable","28":"purchasable","29":"product-type-simple"},"yoast_head":"<!-- This site is optimized with the Yoast SEO plugin v27.6 - https:\/\/yoast.com\/product\/yoast-seo-wordpress\/ -->\n<title>Noreva Sensidiane AR Soin anti-rougeurs 30ml - Maroc Prix<\/title>\n<meta name=\"description\" content=\"Noreva Sensidiane AR Soin Anti-Rougeurs Intensif 30ml apaise et r\u00e9duit les rougeurs, hydrate et prot\u00e8ge les peaux sensibles et r\u00e9actives.\" \/>\n<meta name=\"robots\" content=\"index, follow, max-snippet:-1, max-image-preview:large, max-video-preview:-1\" \/>\n<link rel=\"canonical\" href=\"https:\/\/vitablanca.ma\/ar\/product-2\/noreva-sensidiane-ar-soin-anti-rougeurs-intensif-30ml\/\" \/>\n<meta property=\"og:locale\" content=\"ar_AR\" \/>\n<meta property=\"og:type\" content=\"article\" \/>\n<meta property=\"og:title\" content=\"Noreva Sensidiane AR Soin anti-rougeurs 30ml - Maroc Prix\" \/>\n<meta property=\"og:description\" content=\"Noreva Sensidiane AR Soin Anti-Rougeurs Intensif 30ml apaise et r\u00e9duit les rougeurs, hydrate et prot\u00e8ge les peaux sensibles et r\u00e9actives.\" \/>\n<meta property=\"og:url\" content=\"https:\/\/vitablanca.ma\/ar\/product-2\/noreva-sensidiane-ar-soin-anti-rougeurs-intensif-30ml\/\" \/>\n<meta property=\"og:site_name\" content=\"Vitablanca.ma &ndash; Sant&eacute;, vitalit&eacute; et bien-&ecirc;tre pour tous les Marocains\" \/>\n<meta property=\"article:publisher\" content=\"https:\/\/www.facebook.com\/profile.php?id=61576678196717\" \/>\n<meta property=\"article:modified_time\" content=\"2026-02-18T00:07:38+00:00\" \/>\n<meta property=\"og:image\" content=\"https:\/\/vitablanca.ma\/wp-content\/uploads\/2025\/06\/Noreva-Sensidiane-AR-Soin-anti-rougeurs-intensif-30ml-nova-parapharmacie-casablanca.jpg\" \/>\n\t<meta property=\"og:image:width\" content=\"1000\" \/>\n\t<meta property=\"og:image:height\" content=\"1000\" \/>\n\t<meta property=\"og:image:type\" content=\"image\/jpeg\" \/>\n<meta name=\"twitter:card\" content=\"summary_large_image\" \/>\n<meta name=\"twitter:label1\" content=\"\u0648\u0642\u062a \u0627\u0644\u0642\u0631\u0627\u0621\u0629 \u0627\u0644\u0645\u064f\u0642\u062f\u0651\u0631\" \/>\n\t<meta name=\"twitter:data1\" content=\"\u062f\u0642\u064a\u0642\u062a\u0627\u0646\" \/>\n<script type=\"application\/ld+json\" class=\"yoast-schema-graph\">{\"@context\":\"https:\\\/\\\/schema.org\",\"@graph\":[{\"@type\":[\"WebPage\",\"ItemPage\"],\"@id\":\"https:\\\/\\\/vitablanca.ma\\\/produit\\\/noreva-sensidiane-ar-soin-anti-rougeurs-intensif-30ml\\\/\",\"url\":\"https:\\\/\\\/vitablanca.ma\\\/produit\\\/noreva-sensidiane-ar-soin-anti-rougeurs-intensif-30ml\\\/\",\"name\":\"Noreva Sensidiane AR Soin anti-rougeurs 30ml - Maroc Prix\",\"isPartOf\":{\"@id\":\"https:\\\/\\\/vitablanca.ma\\\/#website\"},\"primaryImageOfPage\":{\"@id\":\"https:\\\/\\\/vitablanca.ma\\\/produit\\\/noreva-sensidiane-ar-soin-anti-rougeurs-intensif-30ml\\\/#primaryimage\"},\"image\":{\"@id\":\"https:\\\/\\\/vitablanca.ma\\\/produit\\\/noreva-sensidiane-ar-soin-anti-rougeurs-intensif-30ml\\\/#primaryimage\"},\"thumbnailUrl\":\"https:\\\/\\\/vitablanca.ma\\\/wp-content\\\/uploads\\\/2025\\\/06\\\/Noreva-Sensidiane-AR-Soin-anti-rougeurs-intensif-30ml-nova-parapharmacie-casablanca.jpg\",\"datePublished\":\"2025-06-11T21:04:10+00:00\",\"dateModified\":\"2026-02-18T00:07:38+00:00\",\"description\":\"Noreva Sensidiane AR Soin Anti-Rougeurs Intensif 30ml apaise et r\u00e9duit les rougeurs, hydrate et prot\u00e8ge les peaux sensibles et r\u00e9actives.\",\"breadcrumb\":{\"@id\":\"https:\\\/\\\/vitablanca.ma\\\/produit\\\/noreva-sensidiane-ar-soin-anti-rougeurs-intensif-30ml\\\/#breadcrumb\"},\"inLanguage\":\"ar\",\"potentialAction\":[{\"@type\":\"ReadAction\",\"target\":[\"https:\\\/\\\/vitablanca.ma\\\/produit\\\/noreva-sensidiane-ar-soin-anti-rougeurs-intensif-30ml\\\/\"]}]},{\"@type\":\"ImageObject\",\"inLanguage\":\"ar\",\"@id\":\"https:\\\/\\\/vitablanca.ma\\\/produit\\\/noreva-sensidiane-ar-soin-anti-rougeurs-intensif-30ml\\\/#primaryimage\",\"url\":\"https:\\\/\\\/vitablanca.ma\\\/wp-content\\\/uploads\\\/2025\\\/06\\\/Noreva-Sensidiane-AR-Soin-anti-rougeurs-intensif-30ml-nova-parapharmacie-casablanca.jpg\",\"contentUrl\":\"https:\\\/\\\/vitablanca.ma\\\/wp-content\\\/uploads\\\/2025\\\/06\\\/Noreva-Sensidiane-AR-Soin-anti-rougeurs-intensif-30ml-nova-parapharmacie-casablanca.jpg\",\"width\":1000,\"height\":1000},{\"@type\":\"BreadcrumbList\",\"@id\":\"https:\\\/\\\/vitablanca.ma\\\/produit\\\/noreva-sensidiane-ar-soin-anti-rougeurs-intensif-30ml\\\/#breadcrumb\",\"itemListElement\":[{\"@type\":\"ListItem\",\"position\":1,\"name\":\"Home\",\"item\":\"https:\\\/\\\/vitablanca.ma\\\/\"},{\"@type\":\"ListItem\",\"position\":2,\"name\":\"Tous Les Produits\",\"item\":\"https:\\\/\\\/vitablanca.ma\\\/tous-les-produits\\\/\"},{\"@type\":\"ListItem\",\"position\":3,\"name\":\"Noreva Sensidiane AR Soin anti-rougeurs intensif 30ml\"}]},{\"@type\":\"WebSite\",\"@id\":\"https:\\\/\\\/vitablanca.ma\\\/#website\",\"url\":\"https:\\\/\\\/vitablanca.ma\\\/\",\"name\":\"VitaBlanca.ma | Compl\u00e9ments alimentaires, sant\u00e9 & beaut\u00e9 au Maroc\",\"description\":\"vendre vitamines et compl\u00e9ments premium des USA &amp; Canada, Nouvelle Z\u00e9lande,Maroc (NOW Foods, Solgar, Manuka). Livraison rapide partout au Maroc.\",\"publisher\":{\"@id\":\"https:\\\/\\\/vitablanca.ma\\\/#organization\"},\"alternateName\":\"VitaBlanca.ma\",\"potentialAction\":[{\"@type\":\"SearchAction\",\"target\":{\"@type\":\"EntryPoint\",\"urlTemplate\":\"https:\\\/\\\/vitablanca.ma\\\/?s={search_term_string}\"},\"query-input\":{\"@type\":\"PropertyValueSpecification\",\"valueRequired\":true,\"valueName\":\"search_term_string\"}}],\"inLanguage\":\"ar\"},{\"@type\":\"Organization\",\"@id\":\"https:\\\/\\\/vitablanca.ma\\\/#organization\",\"name\":\"VitaBlanca\",\"url\":\"https:\\\/\\\/vitablanca.ma\\\/\",\"logo\":{\"@type\":\"ImageObject\",\"inLanguage\":\"ar\",\"@id\":\"https:\\\/\\\/vitablanca.ma\\\/#\\\/schema\\\/logo\\\/image\\\/\",\"url\":\"https:\\\/\\\/vitablanca.ma\\\/wp-content\\\/uploads\\\/2025\\\/05\\\/cropped-vitablanca.png\",\"contentUrl\":\"https:\\\/\\\/vitablanca.ma\\\/wp-content\\\/uploads\\\/2025\\\/05\\\/cropped-vitablanca.png\",\"width\":360,\"height\":67,\"caption\":\"VitaBlanca\"},\"image\":{\"@id\":\"https:\\\/\\\/vitablanca.ma\\\/#\\\/schema\\\/logo\\\/image\\\/\"},\"sameAs\":[\"https:\\\/\\\/www.facebook.com\\\/profile.php?id=61576678196717\",\"https:\\\/\\\/www.tiktok.com\\\/@vitablanca.ma\",\"https:\\\/\\\/www.instagram.com\\\/vitablanca.ma\\\/\"]}]}<\/script>\n<!-- \/ Yoast SEO plugin. -->","yoast_head_json":{"title":"Noreva Sensidiane AR Soin anti-rougeurs 30ml - Maroc Prix","description":"Noreva Sensidiane AR Soin Anti-Rougeurs Intensif 30ml apaise et r\u00e9duit les rougeurs, hydrate et prot\u00e8ge les peaux sensibles et r\u00e9actives.","robots":{"index":"index","follow":"follow","max-snippet":"max-snippet:-1","max-image-preview":"max-image-preview:large","max-video-preview":"max-video-preview:-1"},"canonical":"https:\/\/vitablanca.ma\/ar\/product-2\/noreva-sensidiane-ar-soin-anti-rougeurs-intensif-30ml\/","og_locale":"ar_AR","og_type":"article","og_title":"Noreva Sensidiane AR Soin anti-rougeurs 30ml - Maroc Prix","og_description":"Noreva Sensidiane AR Soin Anti-Rougeurs Intensif 30ml apaise et r\u00e9duit les rougeurs, hydrate et prot\u00e8ge les peaux sensibles et r\u00e9actives.","og_url":"https:\/\/vitablanca.ma\/ar\/product-2\/noreva-sensidiane-ar-soin-anti-rougeurs-intensif-30ml\/","og_site_name":"Vitablanca.ma &ndash; Sant&eacute;, vitalit&eacute; et bien-&ecirc;tre pour tous les Marocains","article_publisher":"https:\/\/www.facebook.com\/profile.php?id=61576678196717","article_modified_time":"2026-02-18T00:07:38+00:00","og_image":[{"width":1000,"height":1000,"url":"https:\/\/vitablanca.ma\/wp-content\/uploads\/2025\/06\/Noreva-Sensidiane-AR-Soin-anti-rougeurs-intensif-30ml-nova-parapharmacie-casablanca.jpg","type":"image\/jpeg"}],"twitter_card":"summary_large_image","twitter_misc":{"\u0648\u0642\u062a \u0627\u0644\u0642\u0631\u0627\u0621\u0629 \u0627\u0644\u0645\u064f\u0642\u062f\u0651\u0631":"\u062f\u0642\u064a\u0642\u062a\u0627\u0646"},"schema":{"@context":"https:\/\/schema.org","@graph":[{"@type":["WebPage","ItemPage"],"@id":"https:\/\/vitablanca.ma\/produit\/noreva-sensidiane-ar-soin-anti-rougeurs-intensif-30ml\/","url":"https:\/\/vitablanca.ma\/produit\/noreva-sensidiane-ar-soin-anti-rougeurs-intensif-30ml\/","name":"Noreva Sensidiane AR Soin anti-rougeurs 30ml - Maroc Prix","isPartOf":{"@id":"https:\/\/vitablanca.ma\/#website"},"primaryImageOfPage":{"@id":"https:\/\/vitablanca.ma\/produit\/noreva-sensidiane-ar-soin-anti-rougeurs-intensif-30ml\/#primaryimage"},"image":{"@id":"https:\/\/vitablanca.ma\/produit\/noreva-sensidiane-ar-soin-anti-rougeurs-intensif-30ml\/#primaryimage"},"thumbnailUrl":"https:\/\/vitablanca.ma\/wp-content\/uploads\/2025\/06\/Noreva-Sensidiane-AR-Soin-anti-rougeurs-intensif-30ml-nova-parapharmacie-casablanca.jpg","datePublished":"2025-06-11T21:04:10+00:00","dateModified":"2026-02-18T00:07:38+00:00","description":"Noreva Sensidiane AR Soin Anti-Rougeurs Intensif 30ml apaise et r\u00e9duit les rougeurs, hydrate et prot\u00e8ge les peaux sensibles et r\u00e9actives.","breadcrumb":{"@id":"https:\/\/vitablanca.ma\/produit\/noreva-sensidiane-ar-soin-anti-rougeurs-intensif-30ml\/#breadcrumb"},"inLanguage":"ar","potentialAction":[{"@type":"ReadAction","target":["https:\/\/vitablanca.ma\/produit\/noreva-sensidiane-ar-soin-anti-rougeurs-intensif-30ml\/"]}]},{"@type":"ImageObject","inLanguage":"ar","@id":"https:\/\/vitablanca.ma\/produit\/noreva-sensidiane-ar-soin-anti-rougeurs-intensif-30ml\/#primaryimage","url":"https:\/\/vitablanca.ma\/wp-content\/uploads\/2025\/06\/Noreva-Sensidiane-AR-Soin-anti-rougeurs-intensif-30ml-nova-parapharmacie-casablanca.jpg","contentUrl":"https:\/\/vitablanca.ma\/wp-content\/uploads\/2025\/06\/Noreva-Sensidiane-AR-Soin-anti-rougeurs-intensif-30ml-nova-parapharmacie-casablanca.jpg","width":1000,"height":1000},{"@type":"BreadcrumbList","@id":"https:\/\/vitablanca.ma\/produit\/noreva-sensidiane-ar-soin-anti-rougeurs-intensif-30ml\/#breadcrumb","itemListElement":[{"@type":"ListItem","position":1,"name":"Home","item":"https:\/\/vitablanca.ma\/"},{"@type":"ListItem","position":2,"name":"Tous Les Produits","item":"https:\/\/vitablanca.ma\/tous-les-produits\/"},{"@type":"ListItem","position":3,"name":"Noreva Sensidiane AR Soin anti-rougeurs intensif 30ml"}]},{"@type":"WebSite","@id":"https:\/\/vitablanca.ma\/#website","url":"https:\/\/vitablanca.ma\/","name":"VitaBlanca.ma | \u0627\u0644\u0645\u0643\u0645\u0644\u0627\u062a \u0627\u0644\u063a\u0630\u0627\u0626\u064a\u0629\u060c \u0627\u0644\u0635\u062d\u0629 \u0648\u0627\u0644\u062c\u0645\u0627\u0644 \u0641\u064a \u0627\u0644\u0645\u063a\u0631\u0628","description":"\u0646\u0628\u064a\u0639 \u0641\u064a\u062a\u0627\u0645\u064a\u0646\u0627\u062a \u0648\u0645\u0643\u0645\u0644\u0627\u062a \u063a\u0630\u0627\u0626\u064a\u0629 \u0641\u0627\u062e\u0631\u0629 \u0645\u0646 \u0627\u0644\u0648\u0644\u0627\u064a\u0627\u062a \u0627\u0644\u0645\u062a\u062d\u062f\u0629 \u0627\u0644\u0623\u0645\u0631\u064a\u0643\u064a\u0629 \u0648\u0643\u0646\u062f\u0627 \u0648\u0646\u064a\u0648\u0632\u064a\u0644\u0646\u062f\u0627 \u0648\u0627\u0644\u0645\u063a\u0631\u0628 (\u0646\u0627\u0648 \u0641\u0648\u062f\u0632\u060c \u0633\u0648\u0644\u062c\u0627\u0631\u060c \u0645\u0627\u0646\u0648\u0643\u0627). \u062a\u0648\u0635\u064a\u0644 \u0633\u0631\u064a\u0639 \u0625\u0644\u0649 \u062c\u0645\u064a\u0639 \u0623\u0646\u062d\u0627\u0621 \u0627\u0644\u0645\u063a\u0631\u0628.","publisher":{"@id":"https:\/\/vitablanca.ma\/#organization"},"alternateName":"VitaBlanca.ma","potentialAction":[{"@type":"SearchAction","target":{"@type":"EntryPoint","urlTemplate":"https:\/\/vitablanca.ma\/?s={search_term_string}"},"query-input":{"@type":"PropertyValueSpecification","valueRequired":true,"valueName":"search_term_string"}}],"inLanguage":"ar"},{"@type":"Organization","@id":"https:\/\/vitablanca.ma\/#organization","name":"\u0641\u064a\u062a\u0627\u0628\u0644\u0627\u0646\u0643\u0627","url":"https:\/\/vitablanca.ma\/","logo":{"@type":"ImageObject","inLanguage":"ar","@id":"https:\/\/vitablanca.ma\/#\/schema\/logo\/image\/","url":"https:\/\/vitablanca.ma\/wp-content\/uploads\/2025\/05\/cropped-vitablanca.png","contentUrl":"https:\/\/vitablanca.ma\/wp-content\/uploads\/2025\/05\/cropped-vitablanca.png","width":360,"height":67,"caption":"VitaBlanca"},"image":{"@id":"https:\/\/vitablanca.ma\/#\/schema\/logo\/image\/"},"sameAs":["https:\/\/www.facebook.com\/profile.php?id=61576678196717","https:\/\/www.tiktok.com\/@vitablanca.ma","https:\/\/www.instagram.com\/vitablanca.ma\/"]}]}},"jetpack_sharing_enabled":true,"_links":{"self":[{"href":"https:\/\/vitablanca.ma\/ar\/wp-json\/wp\/v2\/product\/21082","targetHints":{"allow":["GET"]}}],"collection":[{"href":"https:\/\/vitablanca.ma\/ar\/wp-json\/wp\/v2\/product"}],"about":[{"href":"https:\/\/vitablanca.ma\/ar\/wp-json\/wp\/v2\/types\/product"}],"wp:featuredmedia":[{"embeddable":true,"href":"https:\/\/vitablanca.ma\/ar\/wp-json\/wp\/v2\/media\/21081"}],"wp:attachment":[{"href":"https:\/\/vitablanca.ma\/ar\/wp-json\/wp\/v2\/media?parent=21082"}],"wp:term":[{"taxonomy":"product_brand","embeddable":true,"href":"https:\/\/vitablanca.ma\/ar\/wp-json\/wp\/v2\/product_brand?post=21082"},{"taxonomy":"product_cat","embeddable":true,"href":"https:\/\/vitablanca.ma\/ar\/wp-json\/wp\/v2\/product_cat?post=21082"},{"taxonomy":"product_tag","embeddable":true,"href":"https:\/\/vitablanca.ma\/ar\/wp-json\/wp\/v2\/product_tag?post=21082"}],"curies":[{"name":"wp","href":"https:\/\/api.w.org\/{rel}","templated":true}]}}