{"id":21076,"date":"2025-06-11T21:03:59","date_gmt":"2025-06-11T21:03:59","guid":{"rendered":"https:\/\/vitablanca.ma\/product\/noreva-aquareva-gommage-hydratant-75ml\/"},"modified":"2026-02-18T00:09:43","modified_gmt":"2026-02-18T00:09:43","slug":"noreva-aquareva-gommage-hydratant-75ml","status":"publish","type":"product","link":"https:\/\/vitablanca.ma\/ar\/product-2\/noreva-aquareva-gommage-hydratant-75ml\/","title":{"rendered":"Noreva Aquareva Gommage Hydratant 75ml"},"content":{"rendered":"<h2>Noreva Aquareva Gommage Hydratant<\/h2>\n<p><span class=\"desc titrepageproduit\"><span class=\"sousnom\">1er gommage hydratation<\/span><\/span><\/p>\n<h3><span class=\"titreproduit\">\u0641\u0648\u0627\u0626\u062f\u0647\u0627<\/span><\/h3>\n<p>ILLUMINE LE TEINT &#8211; RESSOURCE &#8211; REPULPE<\/p>\n<div id=\"lecontenu\">Hautement concentr\u00e9 en perles d\u2019eau des glaciers, Aquareva gommage stimule le renouvellement cellulaire et \u00e9limine les cellules mortes. Gr\u00e2ce aux billes de bambou, la peau est exfoli\u00e9e en douceur. Ressourc\u00e9e, la peau retrouve confort et douceur. Pour un teint illumin\u00e9 et un visage repulp\u00e9 en un geste.<\/div>\n<div><\/div>\n<div>\n<h3><span class=\"titreproduit\">\u0627\u0644\u0646\u062a\u0627\u0626\u062c \u0627\u0644\u0633\u0631\u064a\u0631\u064a\u0629<\/span><\/h3>\n<div id=\"lecontenu\">\u062a\u0645 \u0627\u062e\u062a\u0628\u0627\u0631\u0647 \u0645\u0646 \u0642\u0628\u0644 \u0623\u0637\u0628\u0627\u0621 \u0627\u0644\u062c\u0644\u062f\u064a\u0629<\/div>\n<div><\/div>\n<div>\n<h3><span class=\"titreproduit\">\u0631\u0648\u062a\u064a\u0646 \u0627\u0644\u0639\u0646\u0627\u064a\u0629 \u0628\u0627\u0644\u0628\u0634\u0631\u0629<\/span><\/h3>\n<div id=\"lecontenu\">Appliquez 1 \u00e0 2 fois par semaine sur le visage l\u00e9g\u00e8rement humidifi\u00e9.<br \/>\nMassez d\u00e9licatement, puis rincez. \u00c9vitez le contour des yeux.<\/div>\n<div><\/div>\n<div>\n<h3><span class=\"titreproduit\">\u0645\u0632\u0627\u064a\u0627 \u0627\u0644\u0645\u0646\u062a\u062c<\/span><\/h3>\n<div id=\"lecontenu\">\n<ul>\n<li>Exfolie en douceur<\/li>\n<li>Billes de bambou<\/li>\n<li>Ressource<\/li>\n<\/ul>\n<\/div>\n<\/div>\n<\/div>\n<\/div>","protected":false},"excerpt":{"rendered":"<p>Noreva Aquareva Gommage Hydratant 1er gommage hydratation SES BIENFAITS ILLUMINE LE TEINT &#8211; RESSOURCE &#8211; REPULPE Hautement concentr\u00e9 en perles d\u2019eau des glaciers, Aquareva gommage stimule le renouvellement cellulaire et \u00e9limine les cellules mortes. Gr\u00e2ce aux billes de bambou, la peau est exfoli\u00e9e en douceur. Ressourc\u00e9e, la peau retrouve confort et douceur. Pour un teint [&hellip;]<\/p>\n","protected":false},"featured_media":21075,"template":"","meta":{"om_disable_all_campaigns":false},"product_brand":[],"product_cat":[15],"product_tag":[9519,9521,9523,9520,6895,6271,3474,9436,8284,6302,9522,4932,7554,5863,6109],"class_list":{"0":"post-21076","1":"product","2":"type-product","3":"status-publish","4":"has-post-thumbnail","6":"product_cat-beaute-sante-complements-alimentaires-soins-et-bien-etre-au-meilleur-prix","7":"product_tag-aquareva","8":"product_tag-exfoliant-doux","9":"product_tag-exfoliation-et-hydratation","10":"product_tag-gommage-hydratant","11":"product_tag-gommage-visage","12":"product_tag-grain-de-peau-affine","13":"product_tag-hydratation-peau","14":"product_tag-noreva","15":"product_tag-parapharmacie-maroc","16":"product_tag-peau-douce","17":"product_tag-peau-normale","18":"product_tag-peau-seche","19":"product_tag-soin-dermatologique","20":"product_tag-soin-visage","21":"product_tag-teint-lumineux","23":"first","24":"instock","25":"sale","26":"taxable","27":"shipping-taxable","28":"purchasable","29":"product-type-simple"},"yoast_head":"<!-- This site is optimized with the Yoast SEO plugin v27.4 - https:\/\/yoast.com\/product\/yoast-seo-wordpress\/ -->\n<title>Noreva Aquareva Gommage Hydratant 75ml - Maroc Prix<\/title>\n<meta name=\"description\" content=\"Noreva Aquareva Gommage Hydratant 75ml \u00e9limine les cellules mortes, hydrate et adoucit la peau. Gommage doux pour peaux normales \u00e0 s\u00e8ches, pour un teint .\" \/>\n<meta name=\"robots\" content=\"index, follow, max-snippet:-1, max-image-preview:large, max-video-preview:-1\" \/>\n<link rel=\"canonical\" href=\"https:\/\/vitablanca.ma\/ar\/product-2\/noreva-aquareva-gommage-hydratant-75ml\/\" \/>\n<meta property=\"og:locale\" content=\"ar_AR\" \/>\n<meta property=\"og:type\" content=\"article\" \/>\n<meta property=\"og:title\" content=\"Noreva Aquareva Gommage Hydratant 75ml - Maroc Prix\" \/>\n<meta property=\"og:description\" content=\"Noreva Aquareva Gommage Hydratant 75ml \u00e9limine les cellules mortes, hydrate et adoucit la peau. Gommage doux pour peaux normales \u00e0 s\u00e8ches, pour un teint .\" \/>\n<meta property=\"og:url\" content=\"https:\/\/vitablanca.ma\/ar\/product-2\/noreva-aquareva-gommage-hydratant-75ml\/\" \/>\n<meta property=\"og:site_name\" content=\"Vitablanca.ma &ndash; Sant&eacute;, vitalit&eacute; et bien-&ecirc;tre pour tous les Marocains\" \/>\n<meta property=\"article:publisher\" content=\"https:\/\/www.facebook.com\/profile.php?id=61576678196717\" \/>\n<meta property=\"article:modified_time\" content=\"2026-02-18T00:09:43+00:00\" \/>\n<meta property=\"og:image\" content=\"https:\/\/vitablanca.ma\/wp-content\/uploads\/2025\/06\/Noreva-Aquareva-Gommage-Hydratant-75ml-nova-para-maroc.jpg\" \/>\n\t<meta property=\"og:image:width\" content=\"1000\" \/>\n\t<meta property=\"og:image:height\" content=\"1000\" \/>\n\t<meta property=\"og:image:type\" content=\"image\/jpeg\" \/>\n<meta name=\"twitter:card\" content=\"summary_large_image\" \/>\n<meta name=\"twitter:label1\" content=\"\u0648\u0642\u062a \u0627\u0644\u0642\u0631\u0627\u0621\u0629 \u0627\u0644\u0645\u064f\u0642\u062f\u0651\u0631\" \/>\n\t<meta name=\"twitter:data1\" content=\"\u062f\u0642\u064a\u0642\u0629 \u0648\u0627\u062d\u062f\u0629\" \/>\n<script type=\"application\/ld+json\" class=\"yoast-schema-graph\">{\"@context\":\"https:\\\/\\\/schema.org\",\"@graph\":[{\"@type\":[\"WebPage\",\"ItemPage\"],\"@id\":\"https:\\\/\\\/vitablanca.ma\\\/produit\\\/noreva-aquareva-gommage-hydratant-75ml\\\/\",\"url\":\"https:\\\/\\\/vitablanca.ma\\\/produit\\\/noreva-aquareva-gommage-hydratant-75ml\\\/\",\"name\":\"Noreva Aquareva Gommage Hydratant 75ml - Maroc Prix\",\"isPartOf\":{\"@id\":\"https:\\\/\\\/vitablanca.ma\\\/#website\"},\"primaryImageOfPage\":{\"@id\":\"https:\\\/\\\/vitablanca.ma\\\/produit\\\/noreva-aquareva-gommage-hydratant-75ml\\\/#primaryimage\"},\"image\":{\"@id\":\"https:\\\/\\\/vitablanca.ma\\\/produit\\\/noreva-aquareva-gommage-hydratant-75ml\\\/#primaryimage\"},\"thumbnailUrl\":\"https:\\\/\\\/vitablanca.ma\\\/wp-content\\\/uploads\\\/2025\\\/06\\\/Noreva-Aquareva-Gommage-Hydratant-75ml-nova-para-maroc.jpg\",\"datePublished\":\"2025-06-11T21:03:59+00:00\",\"dateModified\":\"2026-02-18T00:09:43+00:00\",\"description\":\"Noreva Aquareva Gommage Hydratant 75ml \u00e9limine les cellules mortes, hydrate et adoucit la peau. Gommage doux pour peaux normales \u00e0 s\u00e8ches, pour un teint .\",\"breadcrumb\":{\"@id\":\"https:\\\/\\\/vitablanca.ma\\\/produit\\\/noreva-aquareva-gommage-hydratant-75ml\\\/#breadcrumb\"},\"inLanguage\":\"ar\",\"potentialAction\":[{\"@type\":\"ReadAction\",\"target\":[\"https:\\\/\\\/vitablanca.ma\\\/produit\\\/noreva-aquareva-gommage-hydratant-75ml\\\/\"]}]},{\"@type\":\"ImageObject\",\"inLanguage\":\"ar\",\"@id\":\"https:\\\/\\\/vitablanca.ma\\\/produit\\\/noreva-aquareva-gommage-hydratant-75ml\\\/#primaryimage\",\"url\":\"https:\\\/\\\/vitablanca.ma\\\/wp-content\\\/uploads\\\/2025\\\/06\\\/Noreva-Aquareva-Gommage-Hydratant-75ml-nova-para-maroc.jpg\",\"contentUrl\":\"https:\\\/\\\/vitablanca.ma\\\/wp-content\\\/uploads\\\/2025\\\/06\\\/Noreva-Aquareva-Gommage-Hydratant-75ml-nova-para-maroc.jpg\",\"width\":1000,\"height\":1000},{\"@type\":\"BreadcrumbList\",\"@id\":\"https:\\\/\\\/vitablanca.ma\\\/produit\\\/noreva-aquareva-gommage-hydratant-75ml\\\/#breadcrumb\",\"itemListElement\":[{\"@type\":\"ListItem\",\"position\":1,\"name\":\"Home\",\"item\":\"https:\\\/\\\/vitablanca.ma\\\/\"},{\"@type\":\"ListItem\",\"position\":2,\"name\":\"Tous Les Produits\",\"item\":\"https:\\\/\\\/vitablanca.ma\\\/tous-les-produits\\\/\"},{\"@type\":\"ListItem\",\"position\":3,\"name\":\"Noreva Aquareva Gommage Hydratant 75ml\"}]},{\"@type\":\"WebSite\",\"@id\":\"https:\\\/\\\/vitablanca.ma\\\/#website\",\"url\":\"https:\\\/\\\/vitablanca.ma\\\/\",\"name\":\"VitaBlanca.ma | Compl\u00e9ments alimentaires, sant\u00e9 & beaut\u00e9 au Maroc\",\"description\":\"vendre vitamines et compl\u00e9ments premium des USA &amp; Canada, Nouvelle Z\u00e9lande,Maroc (NOW Foods, Solgar, Manuka). Livraison rapide partout au Maroc.\",\"publisher\":{\"@id\":\"https:\\\/\\\/vitablanca.ma\\\/#organization\"},\"alternateName\":\"VitaBlanca.ma\",\"potentialAction\":[{\"@type\":\"SearchAction\",\"target\":{\"@type\":\"EntryPoint\",\"urlTemplate\":\"https:\\\/\\\/vitablanca.ma\\\/?s={search_term_string}\"},\"query-input\":{\"@type\":\"PropertyValueSpecification\",\"valueRequired\":true,\"valueName\":\"search_term_string\"}}],\"inLanguage\":\"ar\"},{\"@type\":\"Organization\",\"@id\":\"https:\\\/\\\/vitablanca.ma\\\/#organization\",\"name\":\"VitaBlanca\",\"url\":\"https:\\\/\\\/vitablanca.ma\\\/\",\"logo\":{\"@type\":\"ImageObject\",\"inLanguage\":\"ar\",\"@id\":\"https:\\\/\\\/vitablanca.ma\\\/#\\\/schema\\\/logo\\\/image\\\/\",\"url\":\"https:\\\/\\\/vitablanca.ma\\\/wp-content\\\/uploads\\\/2025\\\/05\\\/cropped-vitablanca.png\",\"contentUrl\":\"https:\\\/\\\/vitablanca.ma\\\/wp-content\\\/uploads\\\/2025\\\/05\\\/cropped-vitablanca.png\",\"width\":360,\"height\":67,\"caption\":\"VitaBlanca\"},\"image\":{\"@id\":\"https:\\\/\\\/vitablanca.ma\\\/#\\\/schema\\\/logo\\\/image\\\/\"},\"sameAs\":[\"https:\\\/\\\/www.facebook.com\\\/profile.php?id=61576678196717\",\"https:\\\/\\\/www.tiktok.com\\\/@vitablanca.ma\",\"https:\\\/\\\/www.instagram.com\\\/vitablanca.ma\\\/\"]}]}<\/script>\n<!-- \/ Yoast SEO plugin. -->","yoast_head_json":{"title":"Noreva Aquareva Gommage Hydratant 75ml - Maroc Prix","description":"Noreva Aquareva Gommage Hydratant 75ml \u00e9limine les cellules mortes, hydrate et adoucit la peau. Gommage doux pour peaux normales \u00e0 s\u00e8ches, pour un teint .","robots":{"index":"index","follow":"follow","max-snippet":"max-snippet:-1","max-image-preview":"max-image-preview:large","max-video-preview":"max-video-preview:-1"},"canonical":"https:\/\/vitablanca.ma\/ar\/product-2\/noreva-aquareva-gommage-hydratant-75ml\/","og_locale":"ar_AR","og_type":"article","og_title":"Noreva Aquareva Gommage Hydratant 75ml - Maroc Prix","og_description":"Noreva Aquareva Gommage Hydratant 75ml \u00e9limine les cellules mortes, hydrate et adoucit la peau. Gommage doux pour peaux normales \u00e0 s\u00e8ches, pour un teint .","og_url":"https:\/\/vitablanca.ma\/ar\/product-2\/noreva-aquareva-gommage-hydratant-75ml\/","og_site_name":"Vitablanca.ma &ndash; Sant&eacute;, vitalit&eacute; et bien-&ecirc;tre pour tous les Marocains","article_publisher":"https:\/\/www.facebook.com\/profile.php?id=61576678196717","article_modified_time":"2026-02-18T00:09:43+00:00","og_image":[{"width":1000,"height":1000,"url":"https:\/\/vitablanca.ma\/wp-content\/uploads\/2025\/06\/Noreva-Aquareva-Gommage-Hydratant-75ml-nova-para-maroc.jpg","type":"image\/jpeg"}],"twitter_card":"summary_large_image","twitter_misc":{"\u0648\u0642\u062a \u0627\u0644\u0642\u0631\u0627\u0621\u0629 \u0627\u0644\u0645\u064f\u0642\u062f\u0651\u0631":"\u062f\u0642\u064a\u0642\u0629 \u0648\u0627\u062d\u062f\u0629"},"schema":{"@context":"https:\/\/schema.org","@graph":[{"@type":["WebPage","ItemPage"],"@id":"https:\/\/vitablanca.ma\/produit\/noreva-aquareva-gommage-hydratant-75ml\/","url":"https:\/\/vitablanca.ma\/produit\/noreva-aquareva-gommage-hydratant-75ml\/","name":"Noreva Aquareva Gommage Hydratant 75ml - Maroc Prix","isPartOf":{"@id":"https:\/\/vitablanca.ma\/#website"},"primaryImageOfPage":{"@id":"https:\/\/vitablanca.ma\/produit\/noreva-aquareva-gommage-hydratant-75ml\/#primaryimage"},"image":{"@id":"https:\/\/vitablanca.ma\/produit\/noreva-aquareva-gommage-hydratant-75ml\/#primaryimage"},"thumbnailUrl":"https:\/\/vitablanca.ma\/wp-content\/uploads\/2025\/06\/Noreva-Aquareva-Gommage-Hydratant-75ml-nova-para-maroc.jpg","datePublished":"2025-06-11T21:03:59+00:00","dateModified":"2026-02-18T00:09:43+00:00","description":"Noreva Aquareva Gommage Hydratant 75ml \u00e9limine les cellules mortes, hydrate et adoucit la peau. Gommage doux pour peaux normales \u00e0 s\u00e8ches, pour un teint .","breadcrumb":{"@id":"https:\/\/vitablanca.ma\/produit\/noreva-aquareva-gommage-hydratant-75ml\/#breadcrumb"},"inLanguage":"ar","potentialAction":[{"@type":"ReadAction","target":["https:\/\/vitablanca.ma\/produit\/noreva-aquareva-gommage-hydratant-75ml\/"]}]},{"@type":"ImageObject","inLanguage":"ar","@id":"https:\/\/vitablanca.ma\/produit\/noreva-aquareva-gommage-hydratant-75ml\/#primaryimage","url":"https:\/\/vitablanca.ma\/wp-content\/uploads\/2025\/06\/Noreva-Aquareva-Gommage-Hydratant-75ml-nova-para-maroc.jpg","contentUrl":"https:\/\/vitablanca.ma\/wp-content\/uploads\/2025\/06\/Noreva-Aquareva-Gommage-Hydratant-75ml-nova-para-maroc.jpg","width":1000,"height":1000},{"@type":"BreadcrumbList","@id":"https:\/\/vitablanca.ma\/produit\/noreva-aquareva-gommage-hydratant-75ml\/#breadcrumb","itemListElement":[{"@type":"ListItem","position":1,"name":"Home","item":"https:\/\/vitablanca.ma\/"},{"@type":"ListItem","position":2,"name":"Tous Les Produits","item":"https:\/\/vitablanca.ma\/tous-les-produits\/"},{"@type":"ListItem","position":3,"name":"Noreva Aquareva Gommage Hydratant 75ml"}]},{"@type":"WebSite","@id":"https:\/\/vitablanca.ma\/#website","url":"https:\/\/vitablanca.ma\/","name":"VitaBlanca.ma | \u0627\u0644\u0645\u0643\u0645\u0644\u0627\u062a \u0627\u0644\u063a\u0630\u0627\u0626\u064a\u0629\u060c \u0627\u0644\u0635\u062d\u0629 \u0648\u0627\u0644\u062c\u0645\u0627\u0644 \u0641\u064a \u0627\u0644\u0645\u063a\u0631\u0628","description":"\u0646\u0628\u064a\u0639 \u0641\u064a\u062a\u0627\u0645\u064a\u0646\u0627\u062a \u0648\u0645\u0643\u0645\u0644\u0627\u062a \u063a\u0630\u0627\u0626\u064a\u0629 \u0641\u0627\u062e\u0631\u0629 \u0645\u0646 \u0627\u0644\u0648\u0644\u0627\u064a\u0627\u062a \u0627\u0644\u0645\u062a\u062d\u062f\u0629 \u0627\u0644\u0623\u0645\u0631\u064a\u0643\u064a\u0629 \u0648\u0643\u0646\u062f\u0627 \u0648\u0646\u064a\u0648\u0632\u064a\u0644\u0646\u062f\u0627 \u0648\u0627\u0644\u0645\u063a\u0631\u0628 (\u0646\u0627\u0648 \u0641\u0648\u062f\u0632\u060c \u0633\u0648\u0644\u062c\u0627\u0631\u060c \u0645\u0627\u0646\u0648\u0643\u0627). \u062a\u0648\u0635\u064a\u0644 \u0633\u0631\u064a\u0639 \u0625\u0644\u0649 \u062c\u0645\u064a\u0639 \u0623\u0646\u062d\u0627\u0621 \u0627\u0644\u0645\u063a\u0631\u0628.","publisher":{"@id":"https:\/\/vitablanca.ma\/#organization"},"alternateName":"VitaBlanca.ma","potentialAction":[{"@type":"SearchAction","target":{"@type":"EntryPoint","urlTemplate":"https:\/\/vitablanca.ma\/?s={search_term_string}"},"query-input":{"@type":"PropertyValueSpecification","valueRequired":true,"valueName":"search_term_string"}}],"inLanguage":"ar"},{"@type":"Organization","@id":"https:\/\/vitablanca.ma\/#organization","name":"\u0641\u064a\u062a\u0627\u0628\u0644\u0627\u0646\u0643\u0627","url":"https:\/\/vitablanca.ma\/","logo":{"@type":"ImageObject","inLanguage":"ar","@id":"https:\/\/vitablanca.ma\/#\/schema\/logo\/image\/","url":"https:\/\/vitablanca.ma\/wp-content\/uploads\/2025\/05\/cropped-vitablanca.png","contentUrl":"https:\/\/vitablanca.ma\/wp-content\/uploads\/2025\/05\/cropped-vitablanca.png","width":360,"height":67,"caption":"VitaBlanca"},"image":{"@id":"https:\/\/vitablanca.ma\/#\/schema\/logo\/image\/"},"sameAs":["https:\/\/www.facebook.com\/profile.php?id=61576678196717","https:\/\/www.tiktok.com\/@vitablanca.ma","https:\/\/www.instagram.com\/vitablanca.ma\/"]}]}},"jetpack_sharing_enabled":true,"_links":{"self":[{"href":"https:\/\/vitablanca.ma\/ar\/wp-json\/wp\/v2\/product\/21076","targetHints":{"allow":["GET"]}}],"collection":[{"href":"https:\/\/vitablanca.ma\/ar\/wp-json\/wp\/v2\/product"}],"about":[{"href":"https:\/\/vitablanca.ma\/ar\/wp-json\/wp\/v2\/types\/product"}],"wp:featuredmedia":[{"embeddable":true,"href":"https:\/\/vitablanca.ma\/ar\/wp-json\/wp\/v2\/media\/21075"}],"wp:attachment":[{"href":"https:\/\/vitablanca.ma\/ar\/wp-json\/wp\/v2\/media?parent=21076"}],"wp:term":[{"taxonomy":"product_brand","embeddable":true,"href":"https:\/\/vitablanca.ma\/ar\/wp-json\/wp\/v2\/product_brand?post=21076"},{"taxonomy":"product_cat","embeddable":true,"href":"https:\/\/vitablanca.ma\/ar\/wp-json\/wp\/v2\/product_cat?post=21076"},{"taxonomy":"product_tag","embeddable":true,"href":"https:\/\/vitablanca.ma\/ar\/wp-json\/wp\/v2\/product_tag?post=21076"}],"curies":[{"name":"wp","href":"https:\/\/api.w.org\/{rel}","templated":true}]}}