{"id":21058,"date":"2025-06-11T21:03:26","date_gmt":"2025-06-11T21:03:26","guid":{"rendered":"https:\/\/vitablanca.ma\/product\/noreva-aquareva-creme-hydratante-24h-legere-40ml\/"},"modified":"2026-02-18T00:52:29","modified_gmt":"2026-02-18T00:52:29","slug":"noreva-aquareva-creme-hydratante-24h-legere-40ml","status":"publish","type":"product","link":"https:\/\/vitablanca.ma\/ar\/product-2\/noreva-aquareva-creme-hydratante-24h-legere-40ml\/","title":{"rendered":"Noreva Aquareva Cr\u00e8me hydratante 24h l\u00e9g\u00e8re 40ml"},"content":{"rendered":"<h2>Noreva Aquareva Cr\u00e8me hydratante 24h l\u00e9g\u00e8re<\/h2>\n<p>Peaux normales \u00e0 mixtes<br \/>\n<span class=\"sousnom\">1\u00e8re Cr\u00e8me l\u00e9g\u00e8re hydra-ressour\u00e7ante 24h<\/span><\/p>\n<h3><span class=\"titreproduit\">\u0641\u0648\u0627\u0626\u062f\u0647\u0627<\/span><\/h3>\n<p>ILLUMINE LE TEINT &#8211; RESSOURCE &#8211; REPULPE<\/p>\n<div id=\"lecontenu\">Sp\u00e9cifiquement formul\u00e9e pour les peaux d\u00e9shydrat\u00e9es normales \u00e0 mixtes, Aquareva\u00ae Cr\u00e8me hydratante l\u00e9g\u00e8re ressource et hydrate la peau en profondeur en procurant un confort imm\u00e9diat et durable. Gr\u00e2ce aux perles d\u2019eau des glaciers, la peau est dynamis\u00e9e et retrouve imm\u00e9diatement un teint illumin\u00e9. Sa texture fine et velout\u00e9e, et son parfum aquatique, procurent une fra\u00eecheur et un bien-\u00eatre instantan\u00e9s, et laissent votre peau souple et douce.<\/div>\n<div><\/div>\n<div>\n<h3><span class=\"titreproduit\">\u0627\u0644\u0646\u062a\u0627\u0626\u062c \u0627\u0644\u0633\u0631\u064a\u0631\u064a\u0629<\/span><\/h3>\n<ul>\n<li><span class=\"titreproduit\">100% sensation de confort<\/span><\/li>\n<li><span class=\"titreproduit\">100% diminue les tiraillements<\/span><\/li>\n<li><span class=\"titreproduit\">100% prot\u00e8ge des agressions ext\u00e9rieures<\/span><\/li>\n<li><span class=\"titreproduit\">100% peau hydrat\u00e9e, nourrie, souple et apais\u00e9e<\/span><\/li>\n<\/ul>\n<h3><span class=\"titreproduit\">\u0631\u0648\u062a\u064a\u0646 \u0627\u0644\u0639\u0646\u0627\u064a\u0629 \u0628\u0627\u0644\u0628\u0634\u0631\u0629<\/span><\/h3>\n<p>Appliquer la Cr\u00e8me hydratante 24h l\u00e9g\u00e8re pour Peaux normales \u00e0 mixtes le matin, sur une peau pr\u00e9alablement nettoy\u00e9e avec l&rsquo;Eau micellaire hydratante Aquareva.<\/p>\n<h3><span class=\"titreproduit\">\u0645\u0632\u0627\u064a\u0627 \u0627\u0644\u0645\u0646\u062a\u062c<\/span><\/h3>\n<ul>\n<li><span class=\"titreproduit\">Diffusion d\u2019eau en continu<\/span><\/li>\n<li><span class=\"titreproduit\">24H d\u2019hydratation, de confort et d\u2019\u00e9clat<\/span><\/li>\n<li><span class=\"titreproduit\">\u0645\u0644\u0645\u0633 \u062e\u0641\u064a\u0641 \u0648\u062d\u0631\u064a\u0631\u064a<\/span><\/li>\n<li><span class=\"titreproduit\">Formule enrichie en acide hyaluronique<\/span><\/li>\n<li><span class=\"titreproduit\">Action simultan\u00e9e sur les 4 m\u00e9canisme de l&rsquo;hydratation<\/span><\/li>\n<\/ul>\n<\/div>\n<h2><\/h2>","protected":false},"excerpt":{"rendered":"<p>Noreva Aquareva Cr\u00e8me hydratante 24h l\u00e9g\u00e8re Peaux normales \u00e0 mixtes 1\u00e8re Cr\u00e8me l\u00e9g\u00e8re hydra-ressour\u00e7ante 24h SES BIENFAITS ILLUMINE LE TEINT &#8211; RESSOURCE &#8211; REPULPE Sp\u00e9cifiquement formul\u00e9e pour les peaux d\u00e9shydrat\u00e9es normales \u00e0 mixtes, Aquareva\u00ae Cr\u00e8me hydratante l\u00e9g\u00e8re ressource et hydrate la peau en profondeur en procurant un confort imm\u00e9diat et durable. Gr\u00e2ce aux perles d\u2019eau [&hellip;]<\/p>\n","protected":false},"featured_media":21057,"template":"","meta":{"om_disable_all_campaigns":false},"product_brand":[],"product_cat":[15],"product_tag":[9519,8851,9547,9545,9546,3474,9436,8284,6302,6354,9522,9549,6547,5863,9548],"class_list":{"0":"post-21058","1":"product","2":"type-product","3":"status-publish","4":"has-post-thumbnail","6":"product_cat-beaute-sante-complements-alimentaires-soins-et-bien-etre-au-meilleur-prix","7":"product_tag-aquareva","8":"product_tag-confort-cutane","9":"product_tag-creme-dermatologique","10":"product_tag-creme-hydratante-legere","11":"product_tag-hydratation-24h","12":"product_tag-hydratation-peau","13":"product_tag-noreva","14":"product_tag-parapharmacie-maroc","15":"product_tag-peau-douce","16":"product_tag-peau-mixte","17":"product_tag-peau-normale","18":"product_tag-protection-et-douceur","19":"product_tag-soin-quotidien-visage","20":"product_tag-soin-visage","21":"product_tag-soin-visage-leger","23":"first","24":"instock","25":"sale","26":"taxable","27":"shipping-taxable","28":"purchasable","29":"product-type-simple"},"yoast_head":"<!-- This site is optimized with the Yoast SEO plugin v27.4 - https:\/\/yoast.com\/product\/yoast-seo-wordpress\/ -->\n<title>Noreva Aquareva Cr\u00e8me hydratante 24h l\u00e9g\u00e8re 40ml - Maroc Prix<\/title>\n<meta name=\"description\" content=\"Noreva Aquareva Cr\u00e8me Hydratante 24h L\u00e9g\u00e8re 40ml hydrate, nourrit et prot\u00e8ge les peaux normales \u00e0 mixtes. Cr\u00e8me visage dermatologique l\u00e9g\u00e8re\" \/>\n<meta name=\"robots\" content=\"index, follow, max-snippet:-1, max-image-preview:large, max-video-preview:-1\" \/>\n<link rel=\"canonical\" href=\"https:\/\/vitablanca.ma\/ar\/product-2\/noreva-aquareva-creme-hydratante-24h-legere-40ml\/\" \/>\n<meta property=\"og:locale\" content=\"ar_AR\" \/>\n<meta property=\"og:type\" content=\"article\" \/>\n<meta property=\"og:title\" content=\"Noreva Aquareva Cr\u00e8me hydratante 24h l\u00e9g\u00e8re 40ml - Maroc Prix\" \/>\n<meta property=\"og:description\" content=\"Noreva Aquareva Cr\u00e8me Hydratante 24h L\u00e9g\u00e8re 40ml hydrate, nourrit et prot\u00e8ge les peaux normales \u00e0 mixtes. Cr\u00e8me visage dermatologique l\u00e9g\u00e8re\" \/>\n<meta property=\"og:url\" content=\"https:\/\/vitablanca.ma\/ar\/product-2\/noreva-aquareva-creme-hydratante-24h-legere-40ml\/\" \/>\n<meta property=\"og:site_name\" content=\"Vitablanca.ma &ndash; Sant&eacute;, vitalit&eacute; et bien-&ecirc;tre pour tous les Marocains\" \/>\n<meta property=\"article:publisher\" content=\"https:\/\/www.facebook.com\/profile.php?id=61576678196717\" \/>\n<meta property=\"article:modified_time\" content=\"2026-02-18T00:52:29+00:00\" \/>\n<meta property=\"og:image\" content=\"https:\/\/vitablanca.ma\/wp-content\/uploads\/2025\/06\/Noreva-Aquareva-Creme-hydratante-24h-legere-40ml-nova-para-casablanca.jpg\" \/>\n\t<meta property=\"og:image:width\" content=\"1000\" \/>\n\t<meta property=\"og:image:height\" content=\"1000\" \/>\n\t<meta property=\"og:image:type\" content=\"image\/jpeg\" \/>\n<meta name=\"twitter:card\" content=\"summary_large_image\" \/>\n<meta name=\"twitter:label1\" content=\"\u0648\u0642\u062a \u0627\u0644\u0642\u0631\u0627\u0621\u0629 \u0627\u0644\u0645\u064f\u0642\u062f\u0651\u0631\" \/>\n\t<meta name=\"twitter:data1\" content=\"\u062f\u0642\u064a\u0642\u062a\u0627\u0646\" \/>\n<script type=\"application\/ld+json\" class=\"yoast-schema-graph\">{\"@context\":\"https:\\\/\\\/schema.org\",\"@graph\":[{\"@type\":[\"WebPage\",\"ItemPage\"],\"@id\":\"https:\\\/\\\/vitablanca.ma\\\/produit\\\/noreva-aquareva-creme-hydratante-24h-legere-40ml\\\/\",\"url\":\"https:\\\/\\\/vitablanca.ma\\\/produit\\\/noreva-aquareva-creme-hydratante-24h-legere-40ml\\\/\",\"name\":\"Noreva Aquareva Cr\u00e8me hydratante 24h l\u00e9g\u00e8re 40ml - Maroc Prix\",\"isPartOf\":{\"@id\":\"https:\\\/\\\/vitablanca.ma\\\/#website\"},\"primaryImageOfPage\":{\"@id\":\"https:\\\/\\\/vitablanca.ma\\\/produit\\\/noreva-aquareva-creme-hydratante-24h-legere-40ml\\\/#primaryimage\"},\"image\":{\"@id\":\"https:\\\/\\\/vitablanca.ma\\\/produit\\\/noreva-aquareva-creme-hydratante-24h-legere-40ml\\\/#primaryimage\"},\"thumbnailUrl\":\"https:\\\/\\\/vitablanca.ma\\\/wp-content\\\/uploads\\\/2025\\\/06\\\/Noreva-Aquareva-Creme-hydratante-24h-legere-40ml-nova-para-casablanca.jpg\",\"datePublished\":\"2025-06-11T21:03:26+00:00\",\"dateModified\":\"2026-02-18T00:52:29+00:00\",\"description\":\"Noreva Aquareva Cr\u00e8me Hydratante 24h L\u00e9g\u00e8re 40ml hydrate, nourrit et prot\u00e8ge les peaux normales \u00e0 mixtes. Cr\u00e8me visage dermatologique l\u00e9g\u00e8re\",\"breadcrumb\":{\"@id\":\"https:\\\/\\\/vitablanca.ma\\\/produit\\\/noreva-aquareva-creme-hydratante-24h-legere-40ml\\\/#breadcrumb\"},\"inLanguage\":\"ar\",\"potentialAction\":[{\"@type\":\"ReadAction\",\"target\":[\"https:\\\/\\\/vitablanca.ma\\\/produit\\\/noreva-aquareva-creme-hydratante-24h-legere-40ml\\\/\"]}]},{\"@type\":\"ImageObject\",\"inLanguage\":\"ar\",\"@id\":\"https:\\\/\\\/vitablanca.ma\\\/produit\\\/noreva-aquareva-creme-hydratante-24h-legere-40ml\\\/#primaryimage\",\"url\":\"https:\\\/\\\/vitablanca.ma\\\/wp-content\\\/uploads\\\/2025\\\/06\\\/Noreva-Aquareva-Creme-hydratante-24h-legere-40ml-nova-para-casablanca.jpg\",\"contentUrl\":\"https:\\\/\\\/vitablanca.ma\\\/wp-content\\\/uploads\\\/2025\\\/06\\\/Noreva-Aquareva-Creme-hydratante-24h-legere-40ml-nova-para-casablanca.jpg\",\"width\":1000,\"height\":1000},{\"@type\":\"BreadcrumbList\",\"@id\":\"https:\\\/\\\/vitablanca.ma\\\/produit\\\/noreva-aquareva-creme-hydratante-24h-legere-40ml\\\/#breadcrumb\",\"itemListElement\":[{\"@type\":\"ListItem\",\"position\":1,\"name\":\"Home\",\"item\":\"https:\\\/\\\/vitablanca.ma\\\/\"},{\"@type\":\"ListItem\",\"position\":2,\"name\":\"Tous Les Produits\",\"item\":\"https:\\\/\\\/vitablanca.ma\\\/tous-les-produits\\\/\"},{\"@type\":\"ListItem\",\"position\":3,\"name\":\"Noreva Aquareva Cr\u00e8me hydratante 24h l\u00e9g\u00e8re 40ml\"}]},{\"@type\":\"WebSite\",\"@id\":\"https:\\\/\\\/vitablanca.ma\\\/#website\",\"url\":\"https:\\\/\\\/vitablanca.ma\\\/\",\"name\":\"VitaBlanca.ma | Compl\u00e9ments alimentaires, sant\u00e9 & beaut\u00e9 au Maroc\",\"description\":\"vendre vitamines et compl\u00e9ments premium des USA &amp; Canada, Nouvelle Z\u00e9lande,Maroc (NOW Foods, Solgar, Manuka). Livraison rapide partout au Maroc.\",\"publisher\":{\"@id\":\"https:\\\/\\\/vitablanca.ma\\\/#organization\"},\"alternateName\":\"VitaBlanca.ma\",\"potentialAction\":[{\"@type\":\"SearchAction\",\"target\":{\"@type\":\"EntryPoint\",\"urlTemplate\":\"https:\\\/\\\/vitablanca.ma\\\/?s={search_term_string}\"},\"query-input\":{\"@type\":\"PropertyValueSpecification\",\"valueRequired\":true,\"valueName\":\"search_term_string\"}}],\"inLanguage\":\"ar\"},{\"@type\":\"Organization\",\"@id\":\"https:\\\/\\\/vitablanca.ma\\\/#organization\",\"name\":\"VitaBlanca\",\"url\":\"https:\\\/\\\/vitablanca.ma\\\/\",\"logo\":{\"@type\":\"ImageObject\",\"inLanguage\":\"ar\",\"@id\":\"https:\\\/\\\/vitablanca.ma\\\/#\\\/schema\\\/logo\\\/image\\\/\",\"url\":\"https:\\\/\\\/vitablanca.ma\\\/wp-content\\\/uploads\\\/2025\\\/05\\\/cropped-vitablanca.png\",\"contentUrl\":\"https:\\\/\\\/vitablanca.ma\\\/wp-content\\\/uploads\\\/2025\\\/05\\\/cropped-vitablanca.png\",\"width\":360,\"height\":67,\"caption\":\"VitaBlanca\"},\"image\":{\"@id\":\"https:\\\/\\\/vitablanca.ma\\\/#\\\/schema\\\/logo\\\/image\\\/\"},\"sameAs\":[\"https:\\\/\\\/www.facebook.com\\\/profile.php?id=61576678196717\",\"https:\\\/\\\/www.tiktok.com\\\/@vitablanca.ma\",\"https:\\\/\\\/www.instagram.com\\\/vitablanca.ma\\\/\"]}]}<\/script>\n<!-- \/ Yoast SEO plugin. -->","yoast_head_json":{"title":"Noreva Aquareva Cr\u00e8me hydratante 24h l\u00e9g\u00e8re 40ml - Maroc Prix","description":"Noreva Aquareva Cr\u00e8me Hydratante 24h L\u00e9g\u00e8re 40ml hydrate, nourrit et prot\u00e8ge les peaux normales \u00e0 mixtes. Cr\u00e8me visage dermatologique l\u00e9g\u00e8re","robots":{"index":"index","follow":"follow","max-snippet":"max-snippet:-1","max-image-preview":"max-image-preview:large","max-video-preview":"max-video-preview:-1"},"canonical":"https:\/\/vitablanca.ma\/ar\/product-2\/noreva-aquareva-creme-hydratante-24h-legere-40ml\/","og_locale":"ar_AR","og_type":"article","og_title":"Noreva Aquareva Cr\u00e8me hydratante 24h l\u00e9g\u00e8re 40ml - Maroc Prix","og_description":"Noreva Aquareva Cr\u00e8me Hydratante 24h L\u00e9g\u00e8re 40ml hydrate, nourrit et prot\u00e8ge les peaux normales \u00e0 mixtes. Cr\u00e8me visage dermatologique l\u00e9g\u00e8re","og_url":"https:\/\/vitablanca.ma\/ar\/product-2\/noreva-aquareva-creme-hydratante-24h-legere-40ml\/","og_site_name":"Vitablanca.ma &ndash; Sant&eacute;, vitalit&eacute; et bien-&ecirc;tre pour tous les Marocains","article_publisher":"https:\/\/www.facebook.com\/profile.php?id=61576678196717","article_modified_time":"2026-02-18T00:52:29+00:00","og_image":[{"width":1000,"height":1000,"url":"https:\/\/vitablanca.ma\/wp-content\/uploads\/2025\/06\/Noreva-Aquareva-Creme-hydratante-24h-legere-40ml-nova-para-casablanca.jpg","type":"image\/jpeg"}],"twitter_card":"summary_large_image","twitter_misc":{"\u0648\u0642\u062a \u0627\u0644\u0642\u0631\u0627\u0621\u0629 \u0627\u0644\u0645\u064f\u0642\u062f\u0651\u0631":"\u062f\u0642\u064a\u0642\u062a\u0627\u0646"},"schema":{"@context":"https:\/\/schema.org","@graph":[{"@type":["WebPage","ItemPage"],"@id":"https:\/\/vitablanca.ma\/produit\/noreva-aquareva-creme-hydratante-24h-legere-40ml\/","url":"https:\/\/vitablanca.ma\/produit\/noreva-aquareva-creme-hydratante-24h-legere-40ml\/","name":"Noreva Aquareva Cr\u00e8me hydratante 24h l\u00e9g\u00e8re 40ml - Maroc Prix","isPartOf":{"@id":"https:\/\/vitablanca.ma\/#website"},"primaryImageOfPage":{"@id":"https:\/\/vitablanca.ma\/produit\/noreva-aquareva-creme-hydratante-24h-legere-40ml\/#primaryimage"},"image":{"@id":"https:\/\/vitablanca.ma\/produit\/noreva-aquareva-creme-hydratante-24h-legere-40ml\/#primaryimage"},"thumbnailUrl":"https:\/\/vitablanca.ma\/wp-content\/uploads\/2025\/06\/Noreva-Aquareva-Creme-hydratante-24h-legere-40ml-nova-para-casablanca.jpg","datePublished":"2025-06-11T21:03:26+00:00","dateModified":"2026-02-18T00:52:29+00:00","description":"Noreva Aquareva Cr\u00e8me Hydratante 24h L\u00e9g\u00e8re 40ml hydrate, nourrit et prot\u00e8ge les peaux normales \u00e0 mixtes. Cr\u00e8me visage dermatologique l\u00e9g\u00e8re","breadcrumb":{"@id":"https:\/\/vitablanca.ma\/produit\/noreva-aquareva-creme-hydratante-24h-legere-40ml\/#breadcrumb"},"inLanguage":"ar","potentialAction":[{"@type":"ReadAction","target":["https:\/\/vitablanca.ma\/produit\/noreva-aquareva-creme-hydratante-24h-legere-40ml\/"]}]},{"@type":"ImageObject","inLanguage":"ar","@id":"https:\/\/vitablanca.ma\/produit\/noreva-aquareva-creme-hydratante-24h-legere-40ml\/#primaryimage","url":"https:\/\/vitablanca.ma\/wp-content\/uploads\/2025\/06\/Noreva-Aquareva-Creme-hydratante-24h-legere-40ml-nova-para-casablanca.jpg","contentUrl":"https:\/\/vitablanca.ma\/wp-content\/uploads\/2025\/06\/Noreva-Aquareva-Creme-hydratante-24h-legere-40ml-nova-para-casablanca.jpg","width":1000,"height":1000},{"@type":"BreadcrumbList","@id":"https:\/\/vitablanca.ma\/produit\/noreva-aquareva-creme-hydratante-24h-legere-40ml\/#breadcrumb","itemListElement":[{"@type":"ListItem","position":1,"name":"Home","item":"https:\/\/vitablanca.ma\/"},{"@type":"ListItem","position":2,"name":"Tous Les Produits","item":"https:\/\/vitablanca.ma\/tous-les-produits\/"},{"@type":"ListItem","position":3,"name":"Noreva Aquareva Cr\u00e8me hydratante 24h l\u00e9g\u00e8re 40ml"}]},{"@type":"WebSite","@id":"https:\/\/vitablanca.ma\/#website","url":"https:\/\/vitablanca.ma\/","name":"VitaBlanca.ma | \u0627\u0644\u0645\u0643\u0645\u0644\u0627\u062a \u0627\u0644\u063a\u0630\u0627\u0626\u064a\u0629\u060c \u0627\u0644\u0635\u062d\u0629 \u0648\u0627\u0644\u062c\u0645\u0627\u0644 \u0641\u064a \u0627\u0644\u0645\u063a\u0631\u0628","description":"\u0646\u0628\u064a\u0639 \u0641\u064a\u062a\u0627\u0645\u064a\u0646\u0627\u062a \u0648\u0645\u0643\u0645\u0644\u0627\u062a \u063a\u0630\u0627\u0626\u064a\u0629 \u0641\u0627\u062e\u0631\u0629 \u0645\u0646 \u0627\u0644\u0648\u0644\u0627\u064a\u0627\u062a \u0627\u0644\u0645\u062a\u062d\u062f\u0629 \u0627\u0644\u0623\u0645\u0631\u064a\u0643\u064a\u0629 \u0648\u0643\u0646\u062f\u0627 \u0648\u0646\u064a\u0648\u0632\u064a\u0644\u0646\u062f\u0627 \u0648\u0627\u0644\u0645\u063a\u0631\u0628 (\u0646\u0627\u0648 \u0641\u0648\u062f\u0632\u060c \u0633\u0648\u0644\u062c\u0627\u0631\u060c \u0645\u0627\u0646\u0648\u0643\u0627). \u062a\u0648\u0635\u064a\u0644 \u0633\u0631\u064a\u0639 \u0625\u0644\u0649 \u062c\u0645\u064a\u0639 \u0623\u0646\u062d\u0627\u0621 \u0627\u0644\u0645\u063a\u0631\u0628.","publisher":{"@id":"https:\/\/vitablanca.ma\/#organization"},"alternateName":"VitaBlanca.ma","potentialAction":[{"@type":"SearchAction","target":{"@type":"EntryPoint","urlTemplate":"https:\/\/vitablanca.ma\/?s={search_term_string}"},"query-input":{"@type":"PropertyValueSpecification","valueRequired":true,"valueName":"search_term_string"}}],"inLanguage":"ar"},{"@type":"Organization","@id":"https:\/\/vitablanca.ma\/#organization","name":"\u0641\u064a\u062a\u0627\u0628\u0644\u0627\u0646\u0643\u0627","url":"https:\/\/vitablanca.ma\/","logo":{"@type":"ImageObject","inLanguage":"ar","@id":"https:\/\/vitablanca.ma\/#\/schema\/logo\/image\/","url":"https:\/\/vitablanca.ma\/wp-content\/uploads\/2025\/05\/cropped-vitablanca.png","contentUrl":"https:\/\/vitablanca.ma\/wp-content\/uploads\/2025\/05\/cropped-vitablanca.png","width":360,"height":67,"caption":"VitaBlanca"},"image":{"@id":"https:\/\/vitablanca.ma\/#\/schema\/logo\/image\/"},"sameAs":["https:\/\/www.facebook.com\/profile.php?id=61576678196717","https:\/\/www.tiktok.com\/@vitablanca.ma","https:\/\/www.instagram.com\/vitablanca.ma\/"]}]}},"jetpack_sharing_enabled":true,"_links":{"self":[{"href":"https:\/\/vitablanca.ma\/ar\/wp-json\/wp\/v2\/product\/21058","targetHints":{"allow":["GET"]}}],"collection":[{"href":"https:\/\/vitablanca.ma\/ar\/wp-json\/wp\/v2\/product"}],"about":[{"href":"https:\/\/vitablanca.ma\/ar\/wp-json\/wp\/v2\/types\/product"}],"wp:featuredmedia":[{"embeddable":true,"href":"https:\/\/vitablanca.ma\/ar\/wp-json\/wp\/v2\/media\/21057"}],"wp:attachment":[{"href":"https:\/\/vitablanca.ma\/ar\/wp-json\/wp\/v2\/media?parent=21058"}],"wp:term":[{"taxonomy":"product_brand","embeddable":true,"href":"https:\/\/vitablanca.ma\/ar\/wp-json\/wp\/v2\/product_brand?post=21058"},{"taxonomy":"product_cat","embeddable":true,"href":"https:\/\/vitablanca.ma\/ar\/wp-json\/wp\/v2\/product_cat?post=21058"},{"taxonomy":"product_tag","embeddable":true,"href":"https:\/\/vitablanca.ma\/ar\/wp-json\/wp\/v2\/product_tag?post=21058"}],"curies":[{"name":"wp","href":"https:\/\/api.w.org\/{rel}","templated":true}]}}