{"id":21056,"date":"2025-06-11T21:03:21","date_gmt":"2025-06-11T21:03:21","guid":{"rendered":"https:\/\/vitablanca.ma\/product\/noreva-trio-d-soin-depigmentant-unifiant-emulsion-hydroquinone-30ml\/"},"modified":"2026-02-18T00:54:13","modified_gmt":"2026-02-18T00:54:13","slug":"noreva-trio-d-soin-depigmentant-unifiant-emulsion-hydroquinone-30ml","status":"publish","type":"product","link":"https:\/\/vitablanca.ma\/ar\/product-2\/noreva-trio-d-soin-depigmentant-unifiant-emulsion-hydroquinone-30ml\/","title":{"rendered":"Noreva Trio D Soin D\u00e9pigmentant Unifiant \u00c9mulsion Hydroquinone 30ml"},"content":{"rendered":"<h2>Noreva Trio D Soin D\u00e9pigmentant Unifiant \u00c9mulsion\u00a0Hydroquinone<\/h2>\n<p>30\u0645\u0644.<\/p>\n<div id=\"content-description\" class=\"accordionProductDescription active\">\n<h3 class=\"h5 py-2\">\u0648\u0635\u0641<\/h3>\n<div class=\"content\">Le trio D soin d\u00e9pigmentant Unifiant de Noreva est une cr\u00e8me qui \u00e9limine rapidement les taches brunes au niveau du visage, des mains ou du d\u00e9collet\u00e9. Ce soin r\u00e9pare et remet votre peau conform\u00e9ment \u00e0 l&rsquo;\u00e9tat normal.<\/div>\n<h3 class=\"content\">\n<strong>\u0633\u0645\u0627\u062a<\/strong><\/h3>\n<div class=\"content\">\nUn soin d\u00e9pigmentant d&rsquo;entretien dot\u00e9 de Licorice, concentr\u00e9 \u00e0 40 % de Glabridine. Ce licorice agit en bloquant la synth\u00e8se de m\u00e9lanine, responsable de l&rsquo;hyperpigmentation.\u00a0 Les AHA aide \u00e0 la parfaite p\u00e9n\u00e9tration du licorice et \u00e0 l&rsquo;exfoliation des cellules charg\u00e9es de pigments m\u00e9laniques.\u00a0 La vitamine C, antiradicalaire soutient l&rsquo;action d\u00e9pigmentante.\u00a0 Utilis\u00e9 en relais de TRIO-A, le TRIO-D r\u00e9duit significativement l&rsquo;intensit\u00e9 des taches brunes et favorise leur \u00e9limination.<br \/>\nFormule sans paraben et test\u00e9 sous contr\u00f4le dermatologique.<\/div>\n<h3 class=\"content\">\n\u0645\u0639\u0644\u0648\u0645\u0629<\/h3>\n<div class=\"content\">\nLe trio D soin d\u00e9pigmentant de Noreva est une cr\u00e8me qui \u00e9limine rapidement les taches brunes au niveau du visage, des mains ou du d\u00e9collet\u00e9. Ce soin r\u00e9pare et remet votre peau conform\u00e9ment \u00e0 l\u2019\u00e9tat normal.<\/div>\n<div class=\"content\"><\/div>\n<\/div>\n<div id=\"content-instructions\" class=\"accordionProductDescription active\">\n<h3 class=\"h5 py-2\">\u062a\u0639\u0644\u064a\u0645\u0627\u062a \u0627\u0644\u0627\u0633\u062a\u062e\u062f\u0627\u0645<\/h3>\n<div class=\"content\">Appliquer tous les matins et soirs sur une peau bien propre et s\u00e8che.<\/p>\n<\/div>\n<\/div>\n<div id=\"content-composition\" class=\"accordionProductDescription active\">\n<h3 class=\"h5 py-2\">\u062a\u0639\u0628\u064a\u0631<\/h3>\n<div class=\"content\">Hydroquinone, AHA, vitamine C.<br \/>\nFormule INCI: aqua (water), ammonium lactate, aluminium starch octenylsuccinate, c12-15 alkyl benzoate, isopropyl palmitate, polymethyl methacrylate, glycereth-26, isostearyl isostearate, titanium dioxide, arachidyl alcohol, ascorbic acid polypeptide, citric acid, dimethicone, behenyl alcohol, glyceryl stearate, peg-100 stearate, cetyl alcohol, arachidyl glucoside, disodium edta, sodium metabisulfite, peg-15 hydroxystearate , peg-54 hydrogenated castor oil, imidazolidinyl urea, parfum (fragrance), xanthan gum, methylparaben, propylparaben, tocopherol, trimethoxycaprylylsilane, glycyrrhiza glabra (licorice extract), alpha-isomethyl ionone, butylphenyl methylpropionate, benzyl salicylate, hexyl cinnamal, linalool hydroxyisohexyl 3-cyclohexene carboxaldehyde, citronellol, geraniol, hydroxycitronnellal.<\/div>\n<\/div>","protected":false},"excerpt":{"rendered":"<p>Noreva Trio D Soin D\u00e9pigmentant Unifiant \u00c9mulsion\u00a0Hydroquinone 30ml. DESCRIPTION Le trio D soin d\u00e9pigmentant Unifiant de Noreva est une cr\u00e8me qui \u00e9limine rapidement les taches brunes au niveau du visage, des mains ou du d\u00e9collet\u00e9. Ce soin r\u00e9pare et remet votre peau conform\u00e9ment \u00e0 l&rsquo;\u00e9tat normal. CARACTERISTIQUES Un soin d\u00e9pigmentant d&rsquo;entretien dot\u00e9 de Licorice, concentr\u00e9 [&hellip;]<\/p>\n","protected":false},"featured_media":21055,"template":"","meta":{"om_disable_all_campaigns":false},"product_brand":[],"product_cat":[15],"product_tag":[9551,6189,9550,9436,8284,6094,9552,9450,7554,5863,6874,6147,9553,9449,8813],"class_list":{"0":"post-21056","1":"product","2":"type-product","3":"status-publish","4":"has-post-thumbnail","6":"product_cat-beaute-sante-complements-alimentaires-soins-et-bien-etre-au-meilleur-prix","7":"product_tag-correction-pigmentation","8":"product_tag-eclat-du-teint","9":"product_tag-emulsion-hydroquinone","10":"product_tag-noreva","11":"product_tag-parapharmacie-maroc","12":"product_tag-peau-lumineuse","13":"product_tag-peaux-hyperpigmentees","14":"product_tag-soin-depigmentant","15":"product_tag-soin-dermatologique","16":"product_tag-soin-visage","17":"product_tag-taches-brunes","18":"product_tag-teint-uniforme","19":"product_tag-traitement-taches-brunes","20":"product_tag-trio-d","21":"product_tag-unifie-le-teint","23":"first","24":"instock","25":"sale","26":"taxable","27":"shipping-taxable","28":"purchasable","29":"product-type-simple"},"yoast_head":"<!-- This site is optimized with the Yoast SEO plugin v27.4 - https:\/\/yoast.com\/product\/yoast-seo-wordpress\/ -->\n<title>Noreva Trio D Soin D\u00e9pigmentant Unifiant 30ml - Maroc Prix<\/title>\n<meta name=\"description\" content=\"Noreva Trio D Soin D\u00e9pigmentant Unifiant 30ml avec hydroquinone r\u00e9duit taches brunes, unifie le teint et illumine la peau. Soin dermatologique pour un teint\" \/>\n<meta name=\"robots\" content=\"index, follow, max-snippet:-1, max-image-preview:large, max-video-preview:-1\" \/>\n<link rel=\"canonical\" href=\"https:\/\/vitablanca.ma\/ar\/product-2\/noreva-trio-d-soin-depigmentant-unifiant-emulsion-hydroquinone-30ml\/\" \/>\n<meta property=\"og:locale\" content=\"ar_AR\" \/>\n<meta property=\"og:type\" content=\"article\" \/>\n<meta property=\"og:title\" content=\"Noreva Trio D Soin D\u00e9pigmentant Unifiant 30ml - Maroc Prix\" \/>\n<meta property=\"og:description\" content=\"Noreva Trio D Soin D\u00e9pigmentant Unifiant 30ml avec hydroquinone r\u00e9duit taches brunes, unifie le teint et illumine la peau. Soin dermatologique pour un teint\" \/>\n<meta property=\"og:url\" content=\"https:\/\/vitablanca.ma\/ar\/product-2\/noreva-trio-d-soin-depigmentant-unifiant-emulsion-hydroquinone-30ml\/\" \/>\n<meta property=\"og:site_name\" content=\"Vitablanca.ma &ndash; Sant&eacute;, vitalit&eacute; et bien-&ecirc;tre pour tous les Marocains\" \/>\n<meta property=\"article:publisher\" content=\"https:\/\/www.facebook.com\/profile.php?id=61576678196717\" \/>\n<meta property=\"article:modified_time\" content=\"2026-02-18T00:54:13+00:00\" \/>\n<meta property=\"og:image\" content=\"https:\/\/vitablanca.ma\/wp-content\/uploads\/2025\/06\/Noreva-Trio-D-Soin-Depigmentant-Unifiant-30ml-nova-parapharmacie-casablanca.jpg\" \/>\n\t<meta property=\"og:image:width\" content=\"1000\" \/>\n\t<meta property=\"og:image:height\" content=\"1000\" \/>\n\t<meta property=\"og:image:type\" content=\"image\/jpeg\" \/>\n<meta name=\"twitter:card\" content=\"summary_large_image\" \/>\n<meta name=\"twitter:label1\" content=\"\u0648\u0642\u062a \u0627\u0644\u0642\u0631\u0627\u0621\u0629 \u0627\u0644\u0645\u064f\u0642\u062f\u0651\u0631\" \/>\n\t<meta name=\"twitter:data1\" content=\"\u062f\u0642\u064a\u0642\u062a\u0627\u0646\" \/>\n<script type=\"application\/ld+json\" class=\"yoast-schema-graph\">{\"@context\":\"https:\\\/\\\/schema.org\",\"@graph\":[{\"@type\":[\"WebPage\",\"ItemPage\"],\"@id\":\"https:\\\/\\\/vitablanca.ma\\\/produit\\\/noreva-trio-d-soin-depigmentant-unifiant-emulsion-hydroquinone-30ml\\\/\",\"url\":\"https:\\\/\\\/vitablanca.ma\\\/produit\\\/noreva-trio-d-soin-depigmentant-unifiant-emulsion-hydroquinone-30ml\\\/\",\"name\":\"Noreva Trio D Soin D\u00e9pigmentant Unifiant 30ml - Maroc Prix\",\"isPartOf\":{\"@id\":\"https:\\\/\\\/vitablanca.ma\\\/#website\"},\"primaryImageOfPage\":{\"@id\":\"https:\\\/\\\/vitablanca.ma\\\/produit\\\/noreva-trio-d-soin-depigmentant-unifiant-emulsion-hydroquinone-30ml\\\/#primaryimage\"},\"image\":{\"@id\":\"https:\\\/\\\/vitablanca.ma\\\/produit\\\/noreva-trio-d-soin-depigmentant-unifiant-emulsion-hydroquinone-30ml\\\/#primaryimage\"},\"thumbnailUrl\":\"https:\\\/\\\/vitablanca.ma\\\/wp-content\\\/uploads\\\/2025\\\/06\\\/Noreva-Trio-D-Soin-Depigmentant-Unifiant-30ml-nova-parapharmacie-casablanca.jpg\",\"datePublished\":\"2025-06-11T21:03:21+00:00\",\"dateModified\":\"2026-02-18T00:54:13+00:00\",\"description\":\"Noreva Trio D Soin D\u00e9pigmentant Unifiant 30ml avec hydroquinone r\u00e9duit taches brunes, unifie le teint et illumine la peau. Soin dermatologique pour un teint\",\"breadcrumb\":{\"@id\":\"https:\\\/\\\/vitablanca.ma\\\/produit\\\/noreva-trio-d-soin-depigmentant-unifiant-emulsion-hydroquinone-30ml\\\/#breadcrumb\"},\"inLanguage\":\"ar\",\"potentialAction\":[{\"@type\":\"ReadAction\",\"target\":[\"https:\\\/\\\/vitablanca.ma\\\/produit\\\/noreva-trio-d-soin-depigmentant-unifiant-emulsion-hydroquinone-30ml\\\/\"]}]},{\"@type\":\"ImageObject\",\"inLanguage\":\"ar\",\"@id\":\"https:\\\/\\\/vitablanca.ma\\\/produit\\\/noreva-trio-d-soin-depigmentant-unifiant-emulsion-hydroquinone-30ml\\\/#primaryimage\",\"url\":\"https:\\\/\\\/vitablanca.ma\\\/wp-content\\\/uploads\\\/2025\\\/06\\\/Noreva-Trio-D-Soin-Depigmentant-Unifiant-30ml-nova-parapharmacie-casablanca.jpg\",\"contentUrl\":\"https:\\\/\\\/vitablanca.ma\\\/wp-content\\\/uploads\\\/2025\\\/06\\\/Noreva-Trio-D-Soin-Depigmentant-Unifiant-30ml-nova-parapharmacie-casablanca.jpg\",\"width\":1000,\"height\":1000},{\"@type\":\"BreadcrumbList\",\"@id\":\"https:\\\/\\\/vitablanca.ma\\\/produit\\\/noreva-trio-d-soin-depigmentant-unifiant-emulsion-hydroquinone-30ml\\\/#breadcrumb\",\"itemListElement\":[{\"@type\":\"ListItem\",\"position\":1,\"name\":\"Home\",\"item\":\"https:\\\/\\\/vitablanca.ma\\\/\"},{\"@type\":\"ListItem\",\"position\":2,\"name\":\"Tous Les Produits\",\"item\":\"https:\\\/\\\/vitablanca.ma\\\/tous-les-produits\\\/\"},{\"@type\":\"ListItem\",\"position\":3,\"name\":\"Noreva Trio D Soin D\u00e9pigmentant Unifiant \u00c9mulsion Hydroquinone 30ml\"}]},{\"@type\":\"WebSite\",\"@id\":\"https:\\\/\\\/vitablanca.ma\\\/#website\",\"url\":\"https:\\\/\\\/vitablanca.ma\\\/\",\"name\":\"VitaBlanca.ma | Compl\u00e9ments alimentaires, sant\u00e9 & beaut\u00e9 au Maroc\",\"description\":\"vendre vitamines et compl\u00e9ments premium des USA &amp; Canada, Nouvelle Z\u00e9lande,Maroc (NOW Foods, Solgar, Manuka). Livraison rapide partout au Maroc.\",\"publisher\":{\"@id\":\"https:\\\/\\\/vitablanca.ma\\\/#organization\"},\"alternateName\":\"VitaBlanca.ma\",\"potentialAction\":[{\"@type\":\"SearchAction\",\"target\":{\"@type\":\"EntryPoint\",\"urlTemplate\":\"https:\\\/\\\/vitablanca.ma\\\/?s={search_term_string}\"},\"query-input\":{\"@type\":\"PropertyValueSpecification\",\"valueRequired\":true,\"valueName\":\"search_term_string\"}}],\"inLanguage\":\"ar\"},{\"@type\":\"Organization\",\"@id\":\"https:\\\/\\\/vitablanca.ma\\\/#organization\",\"name\":\"VitaBlanca\",\"url\":\"https:\\\/\\\/vitablanca.ma\\\/\",\"logo\":{\"@type\":\"ImageObject\",\"inLanguage\":\"ar\",\"@id\":\"https:\\\/\\\/vitablanca.ma\\\/#\\\/schema\\\/logo\\\/image\\\/\",\"url\":\"https:\\\/\\\/vitablanca.ma\\\/wp-content\\\/uploads\\\/2025\\\/05\\\/cropped-vitablanca.png\",\"contentUrl\":\"https:\\\/\\\/vitablanca.ma\\\/wp-content\\\/uploads\\\/2025\\\/05\\\/cropped-vitablanca.png\",\"width\":360,\"height\":67,\"caption\":\"VitaBlanca\"},\"image\":{\"@id\":\"https:\\\/\\\/vitablanca.ma\\\/#\\\/schema\\\/logo\\\/image\\\/\"},\"sameAs\":[\"https:\\\/\\\/www.facebook.com\\\/profile.php?id=61576678196717\",\"https:\\\/\\\/www.tiktok.com\\\/@vitablanca.ma\",\"https:\\\/\\\/www.instagram.com\\\/vitablanca.ma\\\/\"]}]}<\/script>\n<!-- \/ Yoast SEO plugin. -->","yoast_head_json":{"title":"Noreva Trio D Soin D\u00e9pigmentant Unifiant 30ml - Maroc Prix","description":"Noreva Trio D Soin D\u00e9pigmentant Unifiant 30ml avec hydroquinone r\u00e9duit taches brunes, unifie le teint et illumine la peau. Soin dermatologique pour un teint","robots":{"index":"index","follow":"follow","max-snippet":"max-snippet:-1","max-image-preview":"max-image-preview:large","max-video-preview":"max-video-preview:-1"},"canonical":"https:\/\/vitablanca.ma\/ar\/product-2\/noreva-trio-d-soin-depigmentant-unifiant-emulsion-hydroquinone-30ml\/","og_locale":"ar_AR","og_type":"article","og_title":"Noreva Trio D Soin D\u00e9pigmentant Unifiant 30ml - Maroc Prix","og_description":"Noreva Trio D Soin D\u00e9pigmentant Unifiant 30ml avec hydroquinone r\u00e9duit taches brunes, unifie le teint et illumine la peau. Soin dermatologique pour un teint","og_url":"https:\/\/vitablanca.ma\/ar\/product-2\/noreva-trio-d-soin-depigmentant-unifiant-emulsion-hydroquinone-30ml\/","og_site_name":"Vitablanca.ma &ndash; Sant&eacute;, vitalit&eacute; et bien-&ecirc;tre pour tous les Marocains","article_publisher":"https:\/\/www.facebook.com\/profile.php?id=61576678196717","article_modified_time":"2026-02-18T00:54:13+00:00","og_image":[{"width":1000,"height":1000,"url":"https:\/\/vitablanca.ma\/wp-content\/uploads\/2025\/06\/Noreva-Trio-D-Soin-Depigmentant-Unifiant-30ml-nova-parapharmacie-casablanca.jpg","type":"image\/jpeg"}],"twitter_card":"summary_large_image","twitter_misc":{"\u0648\u0642\u062a \u0627\u0644\u0642\u0631\u0627\u0621\u0629 \u0627\u0644\u0645\u064f\u0642\u062f\u0651\u0631":"\u062f\u0642\u064a\u0642\u062a\u0627\u0646"},"schema":{"@context":"https:\/\/schema.org","@graph":[{"@type":["WebPage","ItemPage"],"@id":"https:\/\/vitablanca.ma\/produit\/noreva-trio-d-soin-depigmentant-unifiant-emulsion-hydroquinone-30ml\/","url":"https:\/\/vitablanca.ma\/produit\/noreva-trio-d-soin-depigmentant-unifiant-emulsion-hydroquinone-30ml\/","name":"Noreva Trio D Soin D\u00e9pigmentant Unifiant 30ml - Maroc Prix","isPartOf":{"@id":"https:\/\/vitablanca.ma\/#website"},"primaryImageOfPage":{"@id":"https:\/\/vitablanca.ma\/produit\/noreva-trio-d-soin-depigmentant-unifiant-emulsion-hydroquinone-30ml\/#primaryimage"},"image":{"@id":"https:\/\/vitablanca.ma\/produit\/noreva-trio-d-soin-depigmentant-unifiant-emulsion-hydroquinone-30ml\/#primaryimage"},"thumbnailUrl":"https:\/\/vitablanca.ma\/wp-content\/uploads\/2025\/06\/Noreva-Trio-D-Soin-Depigmentant-Unifiant-30ml-nova-parapharmacie-casablanca.jpg","datePublished":"2025-06-11T21:03:21+00:00","dateModified":"2026-02-18T00:54:13+00:00","description":"Noreva Trio D Soin D\u00e9pigmentant Unifiant 30ml avec hydroquinone r\u00e9duit taches brunes, unifie le teint et illumine la peau. Soin dermatologique pour un teint","breadcrumb":{"@id":"https:\/\/vitablanca.ma\/produit\/noreva-trio-d-soin-depigmentant-unifiant-emulsion-hydroquinone-30ml\/#breadcrumb"},"inLanguage":"ar","potentialAction":[{"@type":"ReadAction","target":["https:\/\/vitablanca.ma\/produit\/noreva-trio-d-soin-depigmentant-unifiant-emulsion-hydroquinone-30ml\/"]}]},{"@type":"ImageObject","inLanguage":"ar","@id":"https:\/\/vitablanca.ma\/produit\/noreva-trio-d-soin-depigmentant-unifiant-emulsion-hydroquinone-30ml\/#primaryimage","url":"https:\/\/vitablanca.ma\/wp-content\/uploads\/2025\/06\/Noreva-Trio-D-Soin-Depigmentant-Unifiant-30ml-nova-parapharmacie-casablanca.jpg","contentUrl":"https:\/\/vitablanca.ma\/wp-content\/uploads\/2025\/06\/Noreva-Trio-D-Soin-Depigmentant-Unifiant-30ml-nova-parapharmacie-casablanca.jpg","width":1000,"height":1000},{"@type":"BreadcrumbList","@id":"https:\/\/vitablanca.ma\/produit\/noreva-trio-d-soin-depigmentant-unifiant-emulsion-hydroquinone-30ml\/#breadcrumb","itemListElement":[{"@type":"ListItem","position":1,"name":"Home","item":"https:\/\/vitablanca.ma\/"},{"@type":"ListItem","position":2,"name":"Tous Les Produits","item":"https:\/\/vitablanca.ma\/tous-les-produits\/"},{"@type":"ListItem","position":3,"name":"Noreva Trio D Soin D\u00e9pigmentant Unifiant \u00c9mulsion Hydroquinone 30ml"}]},{"@type":"WebSite","@id":"https:\/\/vitablanca.ma\/#website","url":"https:\/\/vitablanca.ma\/","name":"VitaBlanca.ma | \u0627\u0644\u0645\u0643\u0645\u0644\u0627\u062a \u0627\u0644\u063a\u0630\u0627\u0626\u064a\u0629\u060c \u0627\u0644\u0635\u062d\u0629 \u0648\u0627\u0644\u062c\u0645\u0627\u0644 \u0641\u064a \u0627\u0644\u0645\u063a\u0631\u0628","description":"\u0646\u0628\u064a\u0639 \u0641\u064a\u062a\u0627\u0645\u064a\u0646\u0627\u062a \u0648\u0645\u0643\u0645\u0644\u0627\u062a \u063a\u0630\u0627\u0626\u064a\u0629 \u0641\u0627\u062e\u0631\u0629 \u0645\u0646 \u0627\u0644\u0648\u0644\u0627\u064a\u0627\u062a \u0627\u0644\u0645\u062a\u062d\u062f\u0629 \u0627\u0644\u0623\u0645\u0631\u064a\u0643\u064a\u0629 \u0648\u0643\u0646\u062f\u0627 \u0648\u0646\u064a\u0648\u0632\u064a\u0644\u0646\u062f\u0627 \u0648\u0627\u0644\u0645\u063a\u0631\u0628 (\u0646\u0627\u0648 \u0641\u0648\u062f\u0632\u060c \u0633\u0648\u0644\u062c\u0627\u0631\u060c \u0645\u0627\u0646\u0648\u0643\u0627). \u062a\u0648\u0635\u064a\u0644 \u0633\u0631\u064a\u0639 \u0625\u0644\u0649 \u062c\u0645\u064a\u0639 \u0623\u0646\u062d\u0627\u0621 \u0627\u0644\u0645\u063a\u0631\u0628.","publisher":{"@id":"https:\/\/vitablanca.ma\/#organization"},"alternateName":"VitaBlanca.ma","potentialAction":[{"@type":"SearchAction","target":{"@type":"EntryPoint","urlTemplate":"https:\/\/vitablanca.ma\/?s={search_term_string}"},"query-input":{"@type":"PropertyValueSpecification","valueRequired":true,"valueName":"search_term_string"}}],"inLanguage":"ar"},{"@type":"Organization","@id":"https:\/\/vitablanca.ma\/#organization","name":"\u0641\u064a\u062a\u0627\u0628\u0644\u0627\u0646\u0643\u0627","url":"https:\/\/vitablanca.ma\/","logo":{"@type":"ImageObject","inLanguage":"ar","@id":"https:\/\/vitablanca.ma\/#\/schema\/logo\/image\/","url":"https:\/\/vitablanca.ma\/wp-content\/uploads\/2025\/05\/cropped-vitablanca.png","contentUrl":"https:\/\/vitablanca.ma\/wp-content\/uploads\/2025\/05\/cropped-vitablanca.png","width":360,"height":67,"caption":"VitaBlanca"},"image":{"@id":"https:\/\/vitablanca.ma\/#\/schema\/logo\/image\/"},"sameAs":["https:\/\/www.facebook.com\/profile.php?id=61576678196717","https:\/\/www.tiktok.com\/@vitablanca.ma","https:\/\/www.instagram.com\/vitablanca.ma\/"]}]}},"jetpack_sharing_enabled":true,"_links":{"self":[{"href":"https:\/\/vitablanca.ma\/ar\/wp-json\/wp\/v2\/product\/21056","targetHints":{"allow":["GET"]}}],"collection":[{"href":"https:\/\/vitablanca.ma\/ar\/wp-json\/wp\/v2\/product"}],"about":[{"href":"https:\/\/vitablanca.ma\/ar\/wp-json\/wp\/v2\/types\/product"}],"wp:featuredmedia":[{"embeddable":true,"href":"https:\/\/vitablanca.ma\/ar\/wp-json\/wp\/v2\/media\/21055"}],"wp:attachment":[{"href":"https:\/\/vitablanca.ma\/ar\/wp-json\/wp\/v2\/media?parent=21056"}],"wp:term":[{"taxonomy":"product_brand","embeddable":true,"href":"https:\/\/vitablanca.ma\/ar\/wp-json\/wp\/v2\/product_brand?post=21056"},{"taxonomy":"product_cat","embeddable":true,"href":"https:\/\/vitablanca.ma\/ar\/wp-json\/wp\/v2\/product_cat?post=21056"},{"taxonomy":"product_tag","embeddable":true,"href":"https:\/\/vitablanca.ma\/ar\/wp-json\/wp\/v2\/product_tag?post=21056"}],"curies":[{"name":"wp","href":"https:\/\/api.w.org\/{rel}","templated":true}]}}