{"id":21054,"date":"2025-06-11T20:45:43","date_gmt":"2025-06-11T20:45:43","guid":{"rendered":"https:\/\/vitablanca.ma\/product\/nuxe-coffret-the-luxury-routine-hair-prodigieuse\/"},"modified":"2026-02-18T00:56:35","modified_gmt":"2026-02-18T00:56:35","slug":"nuxe-coffret-the-luxury-routine-hair-prodigieuse","status":"publish","type":"product","link":"https:\/\/vitablanca.ma\/ar\/product-2\/nuxe-coffret-the-luxury-routine-hair-prodigieuse\/","title":{"rendered":"Nuxe Coffret The luxury Routine Hair Prodigieuse"},"content":{"rendered":"<h2 data-start=\"476\" data-end=\"533\">Nuxe Coffret The Luxury Routine Hair Prodigieuse<\/h2>\n<p class=\"\" data-start=\"534\" data-end=\"613\"><strong data-start=\"534\" data-end=\"613\">Routine capillaire compl\u00e8te pour des cheveux nourris, brillants et sublim\u00e9s<\/strong><\/p>\n<p class=\"\" data-start=\"615\" data-end=\"930\">Le\u00a0Coffret The Luxury Routine Hair Prodigieuse\u00a0de\u00a0Nuxe\u00a0vous invite \u00e0 d\u00e9couvrir une\u00a0exp\u00e9rience capillaire sensorielle d\u2019exception. Con\u00e7u pour sublimer tous les types de cheveux, ce rituel allie efficacit\u00e9, naturalit\u00e9 et plaisir d\u2019utilisation gr\u00e2ce \u00e0 des formules enrichies en huiles v\u00e9g\u00e9tales pr\u00e9cieuses.<\/p>\n<p class=\"\" data-start=\"932\" data-end=\"1200\">Chaque soin contenu dans ce coffret agit en synergie pour\u00a0nourrir, r\u00e9parer, prot\u00e9ger et faire briller\u00a0la chevelure tout en laissant un parfum iconique et envo\u00fbtant, signature de la gamme Prodigieuse. Une v\u00e9ritable parenth\u00e8se de luxe et de douceur pour vos cheveux.<\/p>\n<hr class=\"\" data-start=\"1202\" data-end=\"1205\" \/>\n<h3 class=\"\" data-start=\"1207\" data-end=\"1232\">\u00a0Contenu du Coffret<\/h3>\n<ul data-start=\"1234\" data-end=\"1686\">\n<li class=\"\" data-start=\"1234\" data-end=\"1385\">\n<p class=\"\" data-start=\"1236\" data-end=\"1385\"><strong data-start=\"1236\" data-end=\"1274\">Huile Prodigieuse\u00ae Florale (100ml)<\/strong>\u00a0: soin multi-fonction pour cheveux, visage et corps. Apporte nutrition, \u00e9clat et protection sans effet gras.<\/p>\n<\/li>\n<li class=\"\" data-start=\"1386\" data-end=\"1544\">\n<p class=\"\" data-start=\"1388\" data-end=\"1544\"><strong data-start=\"1388\" data-end=\"1421\">Shampoing Prodigieux\u00ae (100ml)<\/strong>\u00a0: nettoie en douceur tout en nourrissant la fibre capillaire. Laisse les cheveux souples, doux et d\u00e9licatement parfum\u00e9s.<\/p>\n<\/li>\n<li class=\"\" data-start=\"1545\" data-end=\"1686\">\n<p class=\"\" data-start=\"1547\" data-end=\"1686\"><strong data-start=\"1547\" data-end=\"1585\">Apr\u00e8s-Shampoing Prodigieux\u00ae (50ml)<\/strong>\u00a0: d\u00e9m\u00eale, lisse et prot\u00e8ge les longueurs. Id\u00e9al pour \u00e9viter les frisottis et renforcer la brillance.<\/p>\n<\/li>\n<\/ul>\n<hr class=\"\" data-start=\"1688\" data-end=\"1691\" \/>\n<h3 class=\"\" data-start=\"1693\" data-end=\"1717\">\u00a0Bienfaits Cl\u00e9s<\/h3>\n<ul data-start=\"1719\" data-end=\"1964\">\n<li class=\"\" data-start=\"1719\" data-end=\"1760\">\n<p class=\"\" data-start=\"1721\" data-end=\"1760\">Nutrition intense\u00a0sans alourdir<\/p>\n<\/li>\n<li class=\"\" data-start=\"1761\" data-end=\"1809\">\n<p class=\"\" data-start=\"1763\" data-end=\"1809\">\u00a0R\u00e9paration\u00a0des longueurs sensibilis\u00e9es<\/p>\n<\/li>\n<li class=\"\" data-start=\"1810\" data-end=\"1855\">\n<p class=\"\" data-start=\"1812\" data-end=\"1855\">Brillance naturelle et \u00e9clat soyeux<\/p>\n<\/li>\n<li class=\"\" data-start=\"1856\" data-end=\"1896\">\n<p class=\"\" data-start=\"1858\" data-end=\"1896\">\u00a0Parfum floral iconique et enivrant<\/p>\n<\/li>\n<li class=\"\" data-start=\"1897\" data-end=\"1964\">\n<p class=\"\" data-start=\"1899\" data-end=\"1964\">\u00a0Routine compl\u00e8te pour un\u00a0r\u00e9sultat professionnel \u00e0 la maison<\/p>\n<\/li>\n<\/ul>","protected":false},"excerpt":{"rendered":"<p>Nuxe Coffret The Luxury Routine Hair Prodigieuse Routine capillaire compl\u00e8te pour des cheveux nourris, brillants et sublim\u00e9s Le\u00a0Coffret The Luxury Routine Hair Prodigieuse\u00a0de\u00a0Nuxe\u00a0vous invite \u00e0 d\u00e9couvrir une\u00a0exp\u00e9rience capillaire sensorielle d\u2019exception. Con\u00e7u pour sublimer tous les types de cheveux, ce rituel allie efficacit\u00e9, naturalit\u00e9 et plaisir d\u2019utilisation gr\u00e2ce \u00e0 des formules enrichies en huiles v\u00e9g\u00e9tales pr\u00e9cieuses. [&hellip;]<\/p>\n","protected":false},"featured_media":21053,"template":"","meta":{"om_disable_all_campaigns":false},"product_brand":[5409],"product_cat":[18],"product_tag":[9558,6052,6035,9555,9556,9554,8284,6124,9557,9559],"class_list":{"0":"post-21054","1":"product","2":"type-product","3":"status-publish","4":"has-post-thumbnail","6":"product_brand-nuxe-maroc-prix","7":"product_cat-beaute-sante","8":"product_tag-apres-shampoing","9":"product_tag-cheveux-brillants","10":"product_tag-cheveux-nourris","11":"product_tag-coffret-cheveux","12":"product_tag-huile-prodigieuse","13":"product_tag-nuxe","14":"product_tag-parapharmacie-maroc","15":"product_tag-routine-capillaire","16":"product_tag-shampoing","17":"product_tag-soin-luxe","19":"first","20":"instock","21":"sale","22":"taxable","23":"shipping-taxable","24":"purchasable","25":"product-type-simple"},"yoast_head":"<!-- This site is optimized with the Yoast SEO plugin v27.5 - https:\/\/yoast.com\/product\/yoast-seo-wordpress\/ -->\n<title>Nuxe Coffret The luxury Routine Hair Prodigieuse - Maroc Prix<\/title>\n<meta name=\"description\" content=\"Nuxe Coffret The Luxury Routine Hair Prodigieuse inclut huile Prodigieuse florale, shampoing et apr\u00e8s\u2011shampoing pour nourrir,\" \/>\n<meta name=\"robots\" content=\"index, follow, max-snippet:-1, max-image-preview:large, max-video-preview:-1\" \/>\n<link rel=\"canonical\" href=\"https:\/\/vitablanca.ma\/ar\/product-2\/nuxe-coffret-the-luxury-routine-hair-prodigieuse\/\" \/>\n<meta property=\"og:locale\" content=\"ar_AR\" \/>\n<meta property=\"og:type\" content=\"article\" \/>\n<meta property=\"og:title\" content=\"Nuxe Coffret The luxury Routine Hair Prodigieuse - Maroc Prix\" \/>\n<meta property=\"og:description\" content=\"Nuxe Coffret The Luxury Routine Hair Prodigieuse inclut huile Prodigieuse florale, shampoing et apr\u00e8s\u2011shampoing pour nourrir,\" \/>\n<meta property=\"og:url\" content=\"https:\/\/vitablanca.ma\/ar\/product-2\/nuxe-coffret-the-luxury-routine-hair-prodigieuse\/\" \/>\n<meta property=\"og:site_name\" content=\"Vitablanca.ma &ndash; Sant&eacute;, vitalit&eacute; et bien-&ecirc;tre pour tous les Marocains\" \/>\n<meta property=\"article:publisher\" content=\"https:\/\/www.facebook.com\/profile.php?id=61576678196717\" \/>\n<meta property=\"article:modified_time\" content=\"2026-02-18T00:56:35+00:00\" \/>\n<meta property=\"og:image\" content=\"https:\/\/vitablanca.ma\/wp-content\/uploads\/2025\/06\/Nuxe-Coffret-The-luxury-Routine-Hair-prodigieuse-Nova-para-prix-Maroc.png\" \/>\n\t<meta property=\"og:image:width\" content=\"1080\" \/>\n\t<meta property=\"og:image:height\" content=\"1080\" \/>\n\t<meta property=\"og:image:type\" content=\"image\/png\" \/>\n<meta name=\"twitter:card\" content=\"summary_large_image\" \/>\n<meta name=\"twitter:label1\" content=\"\u0648\u0642\u062a \u0627\u0644\u0642\u0631\u0627\u0621\u0629 \u0627\u0644\u0645\u064f\u0642\u062f\u0651\u0631\" \/>\n\t<meta name=\"twitter:data1\" content=\"\u062f\u0642\u064a\u0642\u062a\u0627\u0646\" \/>\n<script type=\"application\/ld+json\" class=\"yoast-schema-graph\">{\"@context\":\"https:\\\/\\\/schema.org\",\"@graph\":[{\"@type\":[\"WebPage\",\"ItemPage\"],\"@id\":\"https:\\\/\\\/vitablanca.ma\\\/produit\\\/nuxe-coffret-the-luxury-routine-hair-prodigieuse\\\/\",\"url\":\"https:\\\/\\\/vitablanca.ma\\\/produit\\\/nuxe-coffret-the-luxury-routine-hair-prodigieuse\\\/\",\"name\":\"Nuxe Coffret The luxury Routine Hair Prodigieuse - Maroc Prix\",\"isPartOf\":{\"@id\":\"https:\\\/\\\/vitablanca.ma\\\/#website\"},\"primaryImageOfPage\":{\"@id\":\"https:\\\/\\\/vitablanca.ma\\\/produit\\\/nuxe-coffret-the-luxury-routine-hair-prodigieuse\\\/#primaryimage\"},\"image\":{\"@id\":\"https:\\\/\\\/vitablanca.ma\\\/produit\\\/nuxe-coffret-the-luxury-routine-hair-prodigieuse\\\/#primaryimage\"},\"thumbnailUrl\":\"https:\\\/\\\/vitablanca.ma\\\/wp-content\\\/uploads\\\/2025\\\/06\\\/Nuxe-Coffret-The-luxury-Routine-Hair-prodigieuse-Nova-para-prix-Maroc.png\",\"datePublished\":\"2025-06-11T20:45:43+00:00\",\"dateModified\":\"2026-02-18T00:56:35+00:00\",\"description\":\"Nuxe Coffret The Luxury Routine Hair Prodigieuse inclut huile Prodigieuse florale, shampoing et apr\u00e8s\u2011shampoing pour nourrir,\",\"breadcrumb\":{\"@id\":\"https:\\\/\\\/vitablanca.ma\\\/produit\\\/nuxe-coffret-the-luxury-routine-hair-prodigieuse\\\/#breadcrumb\"},\"inLanguage\":\"ar\",\"potentialAction\":[{\"@type\":\"ReadAction\",\"target\":[\"https:\\\/\\\/vitablanca.ma\\\/produit\\\/nuxe-coffret-the-luxury-routine-hair-prodigieuse\\\/\"]}]},{\"@type\":\"ImageObject\",\"inLanguage\":\"ar\",\"@id\":\"https:\\\/\\\/vitablanca.ma\\\/produit\\\/nuxe-coffret-the-luxury-routine-hair-prodigieuse\\\/#primaryimage\",\"url\":\"https:\\\/\\\/vitablanca.ma\\\/wp-content\\\/uploads\\\/2025\\\/06\\\/Nuxe-Coffret-The-luxury-Routine-Hair-prodigieuse-Nova-para-prix-Maroc.png\",\"contentUrl\":\"https:\\\/\\\/vitablanca.ma\\\/wp-content\\\/uploads\\\/2025\\\/06\\\/Nuxe-Coffret-The-luxury-Routine-Hair-prodigieuse-Nova-para-prix-Maroc.png\",\"width\":1080,\"height\":1080},{\"@type\":\"BreadcrumbList\",\"@id\":\"https:\\\/\\\/vitablanca.ma\\\/produit\\\/nuxe-coffret-the-luxury-routine-hair-prodigieuse\\\/#breadcrumb\",\"itemListElement\":[{\"@type\":\"ListItem\",\"position\":1,\"name\":\"Home\",\"item\":\"https:\\\/\\\/vitablanca.ma\\\/\"},{\"@type\":\"ListItem\",\"position\":2,\"name\":\"Tous Les Produits\",\"item\":\"https:\\\/\\\/vitablanca.ma\\\/tous-les-produits\\\/\"},{\"@type\":\"ListItem\",\"position\":3,\"name\":\"Nuxe Coffret The luxury Routine Hair Prodigieuse\"}]},{\"@type\":\"WebSite\",\"@id\":\"https:\\\/\\\/vitablanca.ma\\\/#website\",\"url\":\"https:\\\/\\\/vitablanca.ma\\\/\",\"name\":\"VitaBlanca.ma | Compl\u00e9ments alimentaires, sant\u00e9 & beaut\u00e9 au Maroc\",\"description\":\"vendre vitamines et compl\u00e9ments premium des USA &amp; Canada, Nouvelle Z\u00e9lande,Maroc (NOW Foods, Solgar, Manuka). Livraison rapide partout au Maroc.\",\"publisher\":{\"@id\":\"https:\\\/\\\/vitablanca.ma\\\/#organization\"},\"alternateName\":\"VitaBlanca.ma\",\"potentialAction\":[{\"@type\":\"SearchAction\",\"target\":{\"@type\":\"EntryPoint\",\"urlTemplate\":\"https:\\\/\\\/vitablanca.ma\\\/?s={search_term_string}\"},\"query-input\":{\"@type\":\"PropertyValueSpecification\",\"valueRequired\":true,\"valueName\":\"search_term_string\"}}],\"inLanguage\":\"ar\"},{\"@type\":\"Organization\",\"@id\":\"https:\\\/\\\/vitablanca.ma\\\/#organization\",\"name\":\"VitaBlanca\",\"url\":\"https:\\\/\\\/vitablanca.ma\\\/\",\"logo\":{\"@type\":\"ImageObject\",\"inLanguage\":\"ar\",\"@id\":\"https:\\\/\\\/vitablanca.ma\\\/#\\\/schema\\\/logo\\\/image\\\/\",\"url\":\"https:\\\/\\\/vitablanca.ma\\\/wp-content\\\/uploads\\\/2025\\\/05\\\/cropped-vitablanca.png\",\"contentUrl\":\"https:\\\/\\\/vitablanca.ma\\\/wp-content\\\/uploads\\\/2025\\\/05\\\/cropped-vitablanca.png\",\"width\":360,\"height\":67,\"caption\":\"VitaBlanca\"},\"image\":{\"@id\":\"https:\\\/\\\/vitablanca.ma\\\/#\\\/schema\\\/logo\\\/image\\\/\"},\"sameAs\":[\"https:\\\/\\\/www.facebook.com\\\/profile.php?id=61576678196717\",\"https:\\\/\\\/www.tiktok.com\\\/@vitablanca.ma\",\"https:\\\/\\\/www.instagram.com\\\/vitablanca.ma\\\/\"]}]}<\/script>\n<!-- \/ Yoast SEO plugin. -->","yoast_head_json":{"title":"Nuxe Coffret The luxury Routine Hair Prodigieuse - Maroc Prix","description":"Nuxe Coffret The Luxury Routine Hair Prodigieuse inclut huile Prodigieuse florale, shampoing et apr\u00e8s\u2011shampoing pour nourrir,","robots":{"index":"index","follow":"follow","max-snippet":"max-snippet:-1","max-image-preview":"max-image-preview:large","max-video-preview":"max-video-preview:-1"},"canonical":"https:\/\/vitablanca.ma\/ar\/product-2\/nuxe-coffret-the-luxury-routine-hair-prodigieuse\/","og_locale":"ar_AR","og_type":"article","og_title":"Nuxe Coffret The luxury Routine Hair Prodigieuse - Maroc Prix","og_description":"Nuxe Coffret The Luxury Routine Hair Prodigieuse inclut huile Prodigieuse florale, shampoing et apr\u00e8s\u2011shampoing pour nourrir,","og_url":"https:\/\/vitablanca.ma\/ar\/product-2\/nuxe-coffret-the-luxury-routine-hair-prodigieuse\/","og_site_name":"Vitablanca.ma &ndash; Sant&eacute;, vitalit&eacute; et bien-&ecirc;tre pour tous les Marocains","article_publisher":"https:\/\/www.facebook.com\/profile.php?id=61576678196717","article_modified_time":"2026-02-18T00:56:35+00:00","og_image":[{"width":1080,"height":1080,"url":"https:\/\/vitablanca.ma\/wp-content\/uploads\/2025\/06\/Nuxe-Coffret-The-luxury-Routine-Hair-prodigieuse-Nova-para-prix-Maroc.png","type":"image\/png"}],"twitter_card":"summary_large_image","twitter_misc":{"\u0648\u0642\u062a \u0627\u0644\u0642\u0631\u0627\u0621\u0629 \u0627\u0644\u0645\u064f\u0642\u062f\u0651\u0631":"\u062f\u0642\u064a\u0642\u062a\u0627\u0646"},"schema":{"@context":"https:\/\/schema.org","@graph":[{"@type":["WebPage","ItemPage"],"@id":"https:\/\/vitablanca.ma\/produit\/nuxe-coffret-the-luxury-routine-hair-prodigieuse\/","url":"https:\/\/vitablanca.ma\/produit\/nuxe-coffret-the-luxury-routine-hair-prodigieuse\/","name":"Nuxe Coffret The luxury Routine Hair Prodigieuse - Maroc Prix","isPartOf":{"@id":"https:\/\/vitablanca.ma\/#website"},"primaryImageOfPage":{"@id":"https:\/\/vitablanca.ma\/produit\/nuxe-coffret-the-luxury-routine-hair-prodigieuse\/#primaryimage"},"image":{"@id":"https:\/\/vitablanca.ma\/produit\/nuxe-coffret-the-luxury-routine-hair-prodigieuse\/#primaryimage"},"thumbnailUrl":"https:\/\/vitablanca.ma\/wp-content\/uploads\/2025\/06\/Nuxe-Coffret-The-luxury-Routine-Hair-prodigieuse-Nova-para-prix-Maroc.png","datePublished":"2025-06-11T20:45:43+00:00","dateModified":"2026-02-18T00:56:35+00:00","description":"Nuxe Coffret The Luxury Routine Hair Prodigieuse inclut huile Prodigieuse florale, shampoing et apr\u00e8s\u2011shampoing pour nourrir,","breadcrumb":{"@id":"https:\/\/vitablanca.ma\/produit\/nuxe-coffret-the-luxury-routine-hair-prodigieuse\/#breadcrumb"},"inLanguage":"ar","potentialAction":[{"@type":"ReadAction","target":["https:\/\/vitablanca.ma\/produit\/nuxe-coffret-the-luxury-routine-hair-prodigieuse\/"]}]},{"@type":"ImageObject","inLanguage":"ar","@id":"https:\/\/vitablanca.ma\/produit\/nuxe-coffret-the-luxury-routine-hair-prodigieuse\/#primaryimage","url":"https:\/\/vitablanca.ma\/wp-content\/uploads\/2025\/06\/Nuxe-Coffret-The-luxury-Routine-Hair-prodigieuse-Nova-para-prix-Maroc.png","contentUrl":"https:\/\/vitablanca.ma\/wp-content\/uploads\/2025\/06\/Nuxe-Coffret-The-luxury-Routine-Hair-prodigieuse-Nova-para-prix-Maroc.png","width":1080,"height":1080},{"@type":"BreadcrumbList","@id":"https:\/\/vitablanca.ma\/produit\/nuxe-coffret-the-luxury-routine-hair-prodigieuse\/#breadcrumb","itemListElement":[{"@type":"ListItem","position":1,"name":"Home","item":"https:\/\/vitablanca.ma\/"},{"@type":"ListItem","position":2,"name":"Tous Les Produits","item":"https:\/\/vitablanca.ma\/tous-les-produits\/"},{"@type":"ListItem","position":3,"name":"Nuxe Coffret The luxury Routine Hair Prodigieuse"}]},{"@type":"WebSite","@id":"https:\/\/vitablanca.ma\/#website","url":"https:\/\/vitablanca.ma\/","name":"VitaBlanca.ma | \u0627\u0644\u0645\u0643\u0645\u0644\u0627\u062a \u0627\u0644\u063a\u0630\u0627\u0626\u064a\u0629\u060c \u0627\u0644\u0635\u062d\u0629 \u0648\u0627\u0644\u062c\u0645\u0627\u0644 \u0641\u064a \u0627\u0644\u0645\u063a\u0631\u0628","description":"\u0646\u0628\u064a\u0639 \u0641\u064a\u062a\u0627\u0645\u064a\u0646\u0627\u062a \u0648\u0645\u0643\u0645\u0644\u0627\u062a \u063a\u0630\u0627\u0626\u064a\u0629 \u0641\u0627\u062e\u0631\u0629 \u0645\u0646 \u0627\u0644\u0648\u0644\u0627\u064a\u0627\u062a \u0627\u0644\u0645\u062a\u062d\u062f\u0629 \u0627\u0644\u0623\u0645\u0631\u064a\u0643\u064a\u0629 \u0648\u0643\u0646\u062f\u0627 \u0648\u0646\u064a\u0648\u0632\u064a\u0644\u0646\u062f\u0627 \u0648\u0627\u0644\u0645\u063a\u0631\u0628 (\u0646\u0627\u0648 \u0641\u0648\u062f\u0632\u060c \u0633\u0648\u0644\u062c\u0627\u0631\u060c \u0645\u0627\u0646\u0648\u0643\u0627). \u062a\u0648\u0635\u064a\u0644 \u0633\u0631\u064a\u0639 \u0625\u0644\u0649 \u062c\u0645\u064a\u0639 \u0623\u0646\u062d\u0627\u0621 \u0627\u0644\u0645\u063a\u0631\u0628.","publisher":{"@id":"https:\/\/vitablanca.ma\/#organization"},"alternateName":"VitaBlanca.ma","potentialAction":[{"@type":"SearchAction","target":{"@type":"EntryPoint","urlTemplate":"https:\/\/vitablanca.ma\/?s={search_term_string}"},"query-input":{"@type":"PropertyValueSpecification","valueRequired":true,"valueName":"search_term_string"}}],"inLanguage":"ar"},{"@type":"Organization","@id":"https:\/\/vitablanca.ma\/#organization","name":"\u0641\u064a\u062a\u0627\u0628\u0644\u0627\u0646\u0643\u0627","url":"https:\/\/vitablanca.ma\/","logo":{"@type":"ImageObject","inLanguage":"ar","@id":"https:\/\/vitablanca.ma\/#\/schema\/logo\/image\/","url":"https:\/\/vitablanca.ma\/wp-content\/uploads\/2025\/05\/cropped-vitablanca.png","contentUrl":"https:\/\/vitablanca.ma\/wp-content\/uploads\/2025\/05\/cropped-vitablanca.png","width":360,"height":67,"caption":"VitaBlanca"},"image":{"@id":"https:\/\/vitablanca.ma\/#\/schema\/logo\/image\/"},"sameAs":["https:\/\/www.facebook.com\/profile.php?id=61576678196717","https:\/\/www.tiktok.com\/@vitablanca.ma","https:\/\/www.instagram.com\/vitablanca.ma\/"]}]}},"jetpack_sharing_enabled":true,"_links":{"self":[{"href":"https:\/\/vitablanca.ma\/ar\/wp-json\/wp\/v2\/product\/21054","targetHints":{"allow":["GET"]}}],"collection":[{"href":"https:\/\/vitablanca.ma\/ar\/wp-json\/wp\/v2\/product"}],"about":[{"href":"https:\/\/vitablanca.ma\/ar\/wp-json\/wp\/v2\/types\/product"}],"wp:featuredmedia":[{"embeddable":true,"href":"https:\/\/vitablanca.ma\/ar\/wp-json\/wp\/v2\/media\/21053"}],"wp:attachment":[{"href":"https:\/\/vitablanca.ma\/ar\/wp-json\/wp\/v2\/media?parent=21054"}],"wp:term":[{"taxonomy":"product_brand","embeddable":true,"href":"https:\/\/vitablanca.ma\/ar\/wp-json\/wp\/v2\/product_brand?post=21054"},{"taxonomy":"product_cat","embeddable":true,"href":"https:\/\/vitablanca.ma\/ar\/wp-json\/wp\/v2\/product_cat?post=21054"},{"taxonomy":"product_tag","embeddable":true,"href":"https:\/\/vitablanca.ma\/ar\/wp-json\/wp\/v2\/product_tag?post=21054"}],"curies":[{"name":"wp","href":"https:\/\/api.w.org\/{rel}","templated":true}]}}