{"id":21050,"date":"2025-06-11T20:45:33","date_gmt":"2025-06-11T20:45:33","guid":{"rendered":"https:\/\/vitablanca.ma\/product\/nuxe-very-rose-baume-hydratant-levres-a-la-rose-15-gr\/"},"modified":"2026-02-18T01:18:55","modified_gmt":"2026-02-18T01:18:55","slug":"nuxe-very-rose-baume-hydratant-levres-a-la-rose-15-gr","status":"publish","type":"product","link":"https:\/\/vitablanca.ma\/ar\/product-2\/nuxe-very-rose-baume-hydratant-levres-a-la-rose-15-gr\/","title":{"rendered":"\u0645\u0631\u0637\u0628 \u0634\u0641\u0627\u0647 \u0646\u0648\u0643\u0633 \u0641\u064a\u0631\u064a \u0631\u0648\u0632 \u0628\u0631\u0627\u0626\u062d\u0629 \u0627\u0644\u0648\u0631\u062f 15 \u062c\u0631\u0627\u0645"},"content":{"rendered":"<h2><strong>\u0645\u0631\u0637\u0628 \u0634\u0641\u0627\u0647 \u0646\u0648\u0643\u0633 \u0641\u064a\u0631\u064a \u0631\u0648\u0632 \u0628\u0631\u0627\u0626\u062d\u0629 \u0627\u0644\u0648\u0631\u062f 15 \u062c\u0631\u0627\u0645<\/strong><\/h2>\n<p><strong>\u0627\u0633\u062a\u0645\u062a\u0639\u064a \u0628\u0645\u0631\u0637\u0628 \u0627\u0644\u0634\u0641\u0627\u0647 \u0647\u0630\u0627 \u0627\u0644\u0630\u064a \u064a\u062d\u062a\u0648\u064a \u0639\u0644\u0649 \u062e\u0644\u0627\u0635\u0629 \u0627\u0644\u0648\u0631\u062f \u0627\u0644\u0632\u064a\u062a\u064a\u0629\u060c \u0648\u0627\u0644\u0645\u0635\u0646\u0648\u0639 \u0645\u0646 100% \u0645\u0646 \u0627\u0644\u0645\u0643\u0648\u0646\u0627\u062a \u0630\u0627\u062a \u0627\u0644\u0623\u0635\u0644 \u0627\u0644\u0637\u0628\u064a\u0639\u064a.<\/strong><\/p>\n<p>\u0642\u0648\u0627\u0645\u0647 \u0627\u0644\u0645\u0646\u0639\u0634 \u0648\u0631\u0627\u0626\u062d\u062a\u0647 \u0627\u0644\u0632\u0643\u064a\u0629 \u0645\u0639 \u0646\u0641\u062d\u0627\u062a \u0627\u0644\u0641\u0627\u0646\u064a\u0644\u064a\u0627 \u0627\u0644\u0622\u0633\u0631\u0629 \u064a\u0645\u0646\u062d\u0643\u0650 \u0644\u062d\u0638\u0629 \u0645\u0646 \u0627\u0644\u0645\u062a\u0639\u0629. \u0646\u0627\u0639\u0645 \u0644\u0644\u063a\u0627\u064a\u0629 \u0648\u0645\u0634\u0631\u0642 \u0628\u062a\u0648\u0647\u062c \u0648\u0631\u062f\u064a \u0631\u0642\u064a\u0642\u060c \u0634\u0641\u0627\u0647 \u0645\u062a\u0623\u0644\u0642\u0629 \u0648\u0644\u0630\u064a\u0630\u0629! \u0644\u0645\u0633\u0629 \u0646\u0647\u0627\u0626\u064a\u0629 \u063a\u064a\u0631 \u0644\u0632\u062c\u0629 - \u0645\u062b\u0627\u0644\u064a \u0642\u0628\u0644 \u0623\u062d\u0645\u0631 \u0627\u0644\u0634\u0641\u0627\u0647 \u0644\u062a\u0639\u0632\u064a\u0632 \u062b\u0628\u0627\u062a\u0647 \u0648\u0627\u0644\u062d\u0641\u0627\u0638 \u0639\u0644\u0649 \u0646\u0639\u0648\u0645\u062a\u0647.<\/p>\n<p><strong>\u0637\u0631\u064a\u0642\u0629 \u0627\u0644\u0627\u0633\u062a\u062e\u062f\u0627\u0645:<\/strong><\/p>\n<p>\u062e\u0630\u064a \u0643\u0645\u064a\u0629 \u0635\u063a\u064a\u0631\u0629 \u0645\u0646 \u0627\u0644\u0628\u0644\u0633\u0645 \u0628\u0625\u0635\u0628\u0639\u0643\u0650 \u0648\u0648\u0632\u0639\u064a\u0647\u0627 \u0628\u0644\u0637\u0641 \u0639\u0644\u0649 \u0634\u0641\u062a\u064a\u0643\u0650 \u0648\u0645\u062d\u064a\u0637\u0647\u0645\u0627. \u0644\u0644\u0634\u0641\u0627\u0647 \u0634\u062f\u064a\u062f\u0629 \u0627\u0644\u062c\u0641\u0627\u0641\u060c \u062f\u0644\u0643\u064a\u0647\u0627 \u0628\u0631\u0641\u0642 \u0644\u062a\u0646\u0639\u064a\u0645\u0647\u0627. \u064a\u0645\u0643\u0646 \u0627\u0633\u062a\u062e\u062f\u0627\u0645 \u0627\u0644\u0628\u0644\u0633\u0645 \u0623\u064a\u0636\u064b\u0627 \u0643\u0642\u0646\u0627\u0639 \u0644\u064a\u0644\u064a\u060c \u0645\u0639 \u0648\u0636\u0639 \u0643\u0645\u064a\u0629 \u0623\u0643\u0628\u0631 \u0645\u0646\u0647 \u0639\u0644\u0649 \u0627\u0644\u0634\u0641\u0627\u0647 \u0642\u0628\u0644 \u0627\u0644\u0646\u0648\u0645.<\/p>","protected":false},"excerpt":{"rendered":"<p>Nuxe Very Rose Baume Hydratant L\u00e8vres \u00c0 La Rose 15 Gr Fondez de plaisir pour ce baume hydratant l\u00e8vres \u00e0 l&rsquo;extrait huileux de Rose, formul\u00e9 avec 100% d\u2018ingr\u00e9dients d\u2018origine naturelle. Sa texture fondante et son d\u00e9licieux parfum aux notes vanill\u00e9es addictives offrent un moment de plaisir gourmand. Incroyablement douces et illumin\u00e9es d\u2018un d\u00e9licat \u00e9clat ros\u00e9, [&hellip;]<\/p>\n","protected":false},"featured_media":21048,"template":"","meta":{"om_disable_all_campaigns":false},"product_brand":[5409],"product_cat":[18],"product_tag":[9565,9568,6332,9566,9554,8284,9567,5910,9569,9560],"class_list":{"0":"post-21050","1":"product","2":"type-product","3":"status-publish","4":"has-post-thumbnail","6":"product_brand-nuxe-maroc-prix","7":"product_cat-beaute-sante","8":"product_tag-baume-levres","9":"product_tag-baume-nuxe","10":"product_tag-hydratation-levres","11":"product_tag-levres-douces","12":"product_tag-nuxe","13":"product_tag-parapharmacie-maroc","14":"product_tag-parfum-rose","15":"product_tag-soin-levres","16":"product_tag-soin-quotidien-levres","17":"product_tag-very-rose","19":"first","20":"instock","21":"sale","22":"taxable","23":"shipping-taxable","24":"purchasable","25":"product-type-simple"},"yoast_head":"<!-- This site is optimized with the Yoast SEO plugin v27.4 - https:\/\/yoast.com\/product\/yoast-seo-wordpress\/ -->\n<title>Nuxe Very Rose Baume Hydratant L\u00e8vres - Maroc Prix<\/title>\n<meta name=\"description\" content=\"Nuxe Very Rose Baume Hydratant L\u00e8vres 15g nourrit, prot\u00e8ge et adoucit les l\u00e8vres avec un d\u00e9licat parfum de rose. Soin l\u00e8vres quotidien pour confort.\" \/>\n<meta name=\"robots\" content=\"index, follow, max-snippet:-1, max-image-preview:large, max-video-preview:-1\" \/>\n<link rel=\"canonical\" href=\"https:\/\/vitablanca.ma\/ar\/product-2\/nuxe-very-rose-baume-hydratant-levres-a-la-rose-15-gr\/\" \/>\n<meta property=\"og:locale\" content=\"ar_AR\" \/>\n<meta property=\"og:type\" content=\"article\" \/>\n<meta property=\"og:title\" content=\"Nuxe Very Rose Baume Hydratant L\u00e8vres - Maroc Prix\" \/>\n<meta property=\"og:description\" content=\"Nuxe Very Rose Baume Hydratant L\u00e8vres 15g nourrit, prot\u00e8ge et adoucit les l\u00e8vres avec un d\u00e9licat parfum de rose. Soin l\u00e8vres quotidien pour confort.\" \/>\n<meta property=\"og:url\" content=\"https:\/\/vitablanca.ma\/ar\/product-2\/nuxe-very-rose-baume-hydratant-levres-a-la-rose-15-gr\/\" \/>\n<meta property=\"og:site_name\" content=\"Vitablanca.ma &ndash; Sant&eacute;, vitalit&eacute; et bien-&ecirc;tre pour tous les Marocains\" \/>\n<meta property=\"article:publisher\" content=\"https:\/\/www.facebook.com\/profile.php?id=61576678196717\" \/>\n<meta property=\"article:modified_time\" content=\"2026-02-18T01:18:55+00:00\" \/>\n<meta property=\"og:image\" content=\"https:\/\/vitablanca.ma\/wp-content\/uploads\/2025\/06\/Nuxe-Very-rose-baume-levres-15g-Nova-para-prix-Maroc.png\" \/>\n\t<meta property=\"og:image:width\" content=\"1080\" \/>\n\t<meta property=\"og:image:height\" content=\"1080\" \/>\n\t<meta property=\"og:image:type\" content=\"image\/png\" \/>\n<meta name=\"twitter:card\" content=\"summary_large_image\" \/>\n<meta name=\"twitter:label1\" content=\"\u0648\u0642\u062a \u0627\u0644\u0642\u0631\u0627\u0621\u0629 \u0627\u0644\u0645\u064f\u0642\u062f\u0651\u0631\" \/>\n\t<meta name=\"twitter:data1\" content=\"\u062f\u0642\u064a\u0642\u0629 \u0648\u0627\u062d\u062f\u0629\" \/>\n<script type=\"application\/ld+json\" class=\"yoast-schema-graph\">{\"@context\":\"https:\\\/\\\/schema.org\",\"@graph\":[{\"@type\":[\"WebPage\",\"ItemPage\"],\"@id\":\"https:\\\/\\\/vitablanca.ma\\\/produit\\\/nuxe-very-rose-baume-hydratant-levres-a-la-rose-15-gr\\\/\",\"url\":\"https:\\\/\\\/vitablanca.ma\\\/produit\\\/nuxe-very-rose-baume-hydratant-levres-a-la-rose-15-gr\\\/\",\"name\":\"Nuxe Very Rose Baume Hydratant L\u00e8vres - Maroc Prix\",\"isPartOf\":{\"@id\":\"https:\\\/\\\/vitablanca.ma\\\/#website\"},\"primaryImageOfPage\":{\"@id\":\"https:\\\/\\\/vitablanca.ma\\\/produit\\\/nuxe-very-rose-baume-hydratant-levres-a-la-rose-15-gr\\\/#primaryimage\"},\"image\":{\"@id\":\"https:\\\/\\\/vitablanca.ma\\\/produit\\\/nuxe-very-rose-baume-hydratant-levres-a-la-rose-15-gr\\\/#primaryimage\"},\"thumbnailUrl\":\"https:\\\/\\\/vitablanca.ma\\\/wp-content\\\/uploads\\\/2025\\\/06\\\/Nuxe-Very-rose-baume-levres-15g-Nova-para-prix-Maroc.png\",\"datePublished\":\"2025-06-11T20:45:33+00:00\",\"dateModified\":\"2026-02-18T01:18:55+00:00\",\"description\":\"Nuxe Very Rose Baume Hydratant L\u00e8vres 15g nourrit, prot\u00e8ge et adoucit les l\u00e8vres avec un d\u00e9licat parfum de rose. Soin l\u00e8vres quotidien pour confort.\",\"breadcrumb\":{\"@id\":\"https:\\\/\\\/vitablanca.ma\\\/produit\\\/nuxe-very-rose-baume-hydratant-levres-a-la-rose-15-gr\\\/#breadcrumb\"},\"inLanguage\":\"ar\",\"potentialAction\":[{\"@type\":\"ReadAction\",\"target\":[\"https:\\\/\\\/vitablanca.ma\\\/produit\\\/nuxe-very-rose-baume-hydratant-levres-a-la-rose-15-gr\\\/\"]}]},{\"@type\":\"ImageObject\",\"inLanguage\":\"ar\",\"@id\":\"https:\\\/\\\/vitablanca.ma\\\/produit\\\/nuxe-very-rose-baume-hydratant-levres-a-la-rose-15-gr\\\/#primaryimage\",\"url\":\"https:\\\/\\\/vitablanca.ma\\\/wp-content\\\/uploads\\\/2025\\\/06\\\/Nuxe-Very-rose-baume-levres-15g-Nova-para-prix-Maroc.png\",\"contentUrl\":\"https:\\\/\\\/vitablanca.ma\\\/wp-content\\\/uploads\\\/2025\\\/06\\\/Nuxe-Very-rose-baume-levres-15g-Nova-para-prix-Maroc.png\",\"width\":1080,\"height\":1080},{\"@type\":\"BreadcrumbList\",\"@id\":\"https:\\\/\\\/vitablanca.ma\\\/produit\\\/nuxe-very-rose-baume-hydratant-levres-a-la-rose-15-gr\\\/#breadcrumb\",\"itemListElement\":[{\"@type\":\"ListItem\",\"position\":1,\"name\":\"Home\",\"item\":\"https:\\\/\\\/vitablanca.ma\\\/\"},{\"@type\":\"ListItem\",\"position\":2,\"name\":\"Tous Les Produits\",\"item\":\"https:\\\/\\\/vitablanca.ma\\\/tous-les-produits\\\/\"},{\"@type\":\"ListItem\",\"position\":3,\"name\":\"Nuxe Very Rose Baume Hydratant L\u00e8vres \u00c0 La Rose 15 Gr\"}]},{\"@type\":\"WebSite\",\"@id\":\"https:\\\/\\\/vitablanca.ma\\\/#website\",\"url\":\"https:\\\/\\\/vitablanca.ma\\\/\",\"name\":\"VitaBlanca.ma | Compl\u00e9ments alimentaires, sant\u00e9 & beaut\u00e9 au Maroc\",\"description\":\"vendre vitamines et compl\u00e9ments premium des USA &amp; Canada, Nouvelle Z\u00e9lande,Maroc (NOW Foods, Solgar, Manuka). Livraison rapide partout au Maroc.\",\"publisher\":{\"@id\":\"https:\\\/\\\/vitablanca.ma\\\/#organization\"},\"alternateName\":\"VitaBlanca.ma\",\"potentialAction\":[{\"@type\":\"SearchAction\",\"target\":{\"@type\":\"EntryPoint\",\"urlTemplate\":\"https:\\\/\\\/vitablanca.ma\\\/?s={search_term_string}\"},\"query-input\":{\"@type\":\"PropertyValueSpecification\",\"valueRequired\":true,\"valueName\":\"search_term_string\"}}],\"inLanguage\":\"ar\"},{\"@type\":\"Organization\",\"@id\":\"https:\\\/\\\/vitablanca.ma\\\/#organization\",\"name\":\"VitaBlanca\",\"url\":\"https:\\\/\\\/vitablanca.ma\\\/\",\"logo\":{\"@type\":\"ImageObject\",\"inLanguage\":\"ar\",\"@id\":\"https:\\\/\\\/vitablanca.ma\\\/#\\\/schema\\\/logo\\\/image\\\/\",\"url\":\"https:\\\/\\\/vitablanca.ma\\\/wp-content\\\/uploads\\\/2025\\\/05\\\/cropped-vitablanca.png\",\"contentUrl\":\"https:\\\/\\\/vitablanca.ma\\\/wp-content\\\/uploads\\\/2025\\\/05\\\/cropped-vitablanca.png\",\"width\":360,\"height\":67,\"caption\":\"VitaBlanca\"},\"image\":{\"@id\":\"https:\\\/\\\/vitablanca.ma\\\/#\\\/schema\\\/logo\\\/image\\\/\"},\"sameAs\":[\"https:\\\/\\\/www.facebook.com\\\/profile.php?id=61576678196717\",\"https:\\\/\\\/www.tiktok.com\\\/@vitablanca.ma\",\"https:\\\/\\\/www.instagram.com\\\/vitablanca.ma\\\/\"]}]}<\/script>\n<!-- \/ Yoast SEO plugin. -->","yoast_head_json":{"title":"Nuxe Very Rose Baume Hydratant L\u00e8vres - Maroc Prix","description":"Nuxe Very Rose Baume Hydratant L\u00e8vres 15g nourrit, prot\u00e8ge et adoucit les l\u00e8vres avec un d\u00e9licat parfum de rose. Soin l\u00e8vres quotidien pour confort.","robots":{"index":"index","follow":"follow","max-snippet":"max-snippet:-1","max-image-preview":"max-image-preview:large","max-video-preview":"max-video-preview:-1"},"canonical":"https:\/\/vitablanca.ma\/ar\/product-2\/nuxe-very-rose-baume-hydratant-levres-a-la-rose-15-gr\/","og_locale":"ar_AR","og_type":"article","og_title":"Nuxe Very Rose Baume Hydratant L\u00e8vres - Maroc Prix","og_description":"Nuxe Very Rose Baume Hydratant L\u00e8vres 15g nourrit, prot\u00e8ge et adoucit les l\u00e8vres avec un d\u00e9licat parfum de rose. Soin l\u00e8vres quotidien pour confort.","og_url":"https:\/\/vitablanca.ma\/ar\/product-2\/nuxe-very-rose-baume-hydratant-levres-a-la-rose-15-gr\/","og_site_name":"Vitablanca.ma &ndash; Sant&eacute;, vitalit&eacute; et bien-&ecirc;tre pour tous les Marocains","article_publisher":"https:\/\/www.facebook.com\/profile.php?id=61576678196717","article_modified_time":"2026-02-18T01:18:55+00:00","og_image":[{"width":1080,"height":1080,"url":"https:\/\/vitablanca.ma\/wp-content\/uploads\/2025\/06\/Nuxe-Very-rose-baume-levres-15g-Nova-para-prix-Maroc.png","type":"image\/png"}],"twitter_card":"summary_large_image","twitter_misc":{"\u0648\u0642\u062a \u0627\u0644\u0642\u0631\u0627\u0621\u0629 \u0627\u0644\u0645\u064f\u0642\u062f\u0651\u0631":"\u062f\u0642\u064a\u0642\u0629 \u0648\u0627\u062d\u062f\u0629"},"schema":{"@context":"https:\/\/schema.org","@graph":[{"@type":["WebPage","ItemPage"],"@id":"https:\/\/vitablanca.ma\/produit\/nuxe-very-rose-baume-hydratant-levres-a-la-rose-15-gr\/","url":"https:\/\/vitablanca.ma\/produit\/nuxe-very-rose-baume-hydratant-levres-a-la-rose-15-gr\/","name":"Nuxe Very Rose Baume Hydratant L\u00e8vres - Maroc Prix","isPartOf":{"@id":"https:\/\/vitablanca.ma\/#website"},"primaryImageOfPage":{"@id":"https:\/\/vitablanca.ma\/produit\/nuxe-very-rose-baume-hydratant-levres-a-la-rose-15-gr\/#primaryimage"},"image":{"@id":"https:\/\/vitablanca.ma\/produit\/nuxe-very-rose-baume-hydratant-levres-a-la-rose-15-gr\/#primaryimage"},"thumbnailUrl":"https:\/\/vitablanca.ma\/wp-content\/uploads\/2025\/06\/Nuxe-Very-rose-baume-levres-15g-Nova-para-prix-Maroc.png","datePublished":"2025-06-11T20:45:33+00:00","dateModified":"2026-02-18T01:18:55+00:00","description":"Nuxe Very Rose Baume Hydratant L\u00e8vres 15g nourrit, prot\u00e8ge et adoucit les l\u00e8vres avec un d\u00e9licat parfum de rose. Soin l\u00e8vres quotidien pour confort.","breadcrumb":{"@id":"https:\/\/vitablanca.ma\/produit\/nuxe-very-rose-baume-hydratant-levres-a-la-rose-15-gr\/#breadcrumb"},"inLanguage":"ar","potentialAction":[{"@type":"ReadAction","target":["https:\/\/vitablanca.ma\/produit\/nuxe-very-rose-baume-hydratant-levres-a-la-rose-15-gr\/"]}]},{"@type":"ImageObject","inLanguage":"ar","@id":"https:\/\/vitablanca.ma\/produit\/nuxe-very-rose-baume-hydratant-levres-a-la-rose-15-gr\/#primaryimage","url":"https:\/\/vitablanca.ma\/wp-content\/uploads\/2025\/06\/Nuxe-Very-rose-baume-levres-15g-Nova-para-prix-Maroc.png","contentUrl":"https:\/\/vitablanca.ma\/wp-content\/uploads\/2025\/06\/Nuxe-Very-rose-baume-levres-15g-Nova-para-prix-Maroc.png","width":1080,"height":1080},{"@type":"BreadcrumbList","@id":"https:\/\/vitablanca.ma\/produit\/nuxe-very-rose-baume-hydratant-levres-a-la-rose-15-gr\/#breadcrumb","itemListElement":[{"@type":"ListItem","position":1,"name":"Home","item":"https:\/\/vitablanca.ma\/"},{"@type":"ListItem","position":2,"name":"Tous Les Produits","item":"https:\/\/vitablanca.ma\/tous-les-produits\/"},{"@type":"ListItem","position":3,"name":"Nuxe Very Rose Baume Hydratant L\u00e8vres \u00c0 La Rose 15 Gr"}]},{"@type":"WebSite","@id":"https:\/\/vitablanca.ma\/#website","url":"https:\/\/vitablanca.ma\/","name":"VitaBlanca.ma | \u0627\u0644\u0645\u0643\u0645\u0644\u0627\u062a \u0627\u0644\u063a\u0630\u0627\u0626\u064a\u0629\u060c \u0627\u0644\u0635\u062d\u0629 \u0648\u0627\u0644\u062c\u0645\u0627\u0644 \u0641\u064a \u0627\u0644\u0645\u063a\u0631\u0628","description":"\u0646\u0628\u064a\u0639 \u0641\u064a\u062a\u0627\u0645\u064a\u0646\u0627\u062a \u0648\u0645\u0643\u0645\u0644\u0627\u062a \u063a\u0630\u0627\u0626\u064a\u0629 \u0641\u0627\u062e\u0631\u0629 \u0645\u0646 \u0627\u0644\u0648\u0644\u0627\u064a\u0627\u062a \u0627\u0644\u0645\u062a\u062d\u062f\u0629 \u0627\u0644\u0623\u0645\u0631\u064a\u0643\u064a\u0629 \u0648\u0643\u0646\u062f\u0627 \u0648\u0646\u064a\u0648\u0632\u064a\u0644\u0646\u062f\u0627 \u0648\u0627\u0644\u0645\u063a\u0631\u0628 (\u0646\u0627\u0648 \u0641\u0648\u062f\u0632\u060c \u0633\u0648\u0644\u062c\u0627\u0631\u060c \u0645\u0627\u0646\u0648\u0643\u0627). \u062a\u0648\u0635\u064a\u0644 \u0633\u0631\u064a\u0639 \u0625\u0644\u0649 \u062c\u0645\u064a\u0639 \u0623\u0646\u062d\u0627\u0621 \u0627\u0644\u0645\u063a\u0631\u0628.","publisher":{"@id":"https:\/\/vitablanca.ma\/#organization"},"alternateName":"VitaBlanca.ma","potentialAction":[{"@type":"SearchAction","target":{"@type":"EntryPoint","urlTemplate":"https:\/\/vitablanca.ma\/?s={search_term_string}"},"query-input":{"@type":"PropertyValueSpecification","valueRequired":true,"valueName":"search_term_string"}}],"inLanguage":"ar"},{"@type":"Organization","@id":"https:\/\/vitablanca.ma\/#organization","name":"\u0641\u064a\u062a\u0627\u0628\u0644\u0627\u0646\u0643\u0627","url":"https:\/\/vitablanca.ma\/","logo":{"@type":"ImageObject","inLanguage":"ar","@id":"https:\/\/vitablanca.ma\/#\/schema\/logo\/image\/","url":"https:\/\/vitablanca.ma\/wp-content\/uploads\/2025\/05\/cropped-vitablanca.png","contentUrl":"https:\/\/vitablanca.ma\/wp-content\/uploads\/2025\/05\/cropped-vitablanca.png","width":360,"height":67,"caption":"VitaBlanca"},"image":{"@id":"https:\/\/vitablanca.ma\/#\/schema\/logo\/image\/"},"sameAs":["https:\/\/www.facebook.com\/profile.php?id=61576678196717","https:\/\/www.tiktok.com\/@vitablanca.ma","https:\/\/www.instagram.com\/vitablanca.ma\/"]}]}},"jetpack_sharing_enabled":true,"_links":{"self":[{"href":"https:\/\/vitablanca.ma\/ar\/wp-json\/wp\/v2\/product\/21050","targetHints":{"allow":["GET"]}}],"collection":[{"href":"https:\/\/vitablanca.ma\/ar\/wp-json\/wp\/v2\/product"}],"about":[{"href":"https:\/\/vitablanca.ma\/ar\/wp-json\/wp\/v2\/types\/product"}],"wp:featuredmedia":[{"embeddable":true,"href":"https:\/\/vitablanca.ma\/ar\/wp-json\/wp\/v2\/media\/21048"}],"wp:attachment":[{"href":"https:\/\/vitablanca.ma\/ar\/wp-json\/wp\/v2\/media?parent=21050"}],"wp:term":[{"taxonomy":"product_brand","embeddable":true,"href":"https:\/\/vitablanca.ma\/ar\/wp-json\/wp\/v2\/product_brand?post=21050"},{"taxonomy":"product_cat","embeddable":true,"href":"https:\/\/vitablanca.ma\/ar\/wp-json\/wp\/v2\/product_cat?post=21050"},{"taxonomy":"product_tag","embeddable":true,"href":"https:\/\/vitablanca.ma\/ar\/wp-json\/wp\/v2\/product_tag?post=21050"}],"curies":[{"name":"wp","href":"https:\/\/api.w.org\/{rel}","templated":true}]}}