{"id":21043,"date":"2025-06-11T20:45:17","date_gmt":"2025-06-11T20:45:17","guid":{"rendered":"https:\/\/vitablanca.ma\/product\/nuxe-reve-de-miel-stick-levres-hydratant-lot-de-2\/"},"modified":"2026-02-19T23:12:05","modified_gmt":"2026-02-19T23:12:05","slug":"nuxe-reve-de-miel-stick-levres-hydratant-lot-de-2","status":"publish","type":"product","link":"https:\/\/vitablanca.ma\/ar\/product-2\/nuxe-reve-de-miel-stick-levres-hydratant-lot-de-2\/","title":{"rendered":"\u0646\u0648\u0643\u0633 \u0631\u064a\u0641 \u062f\u064a \u0645\u064a\u0644 - \u0623\u062d\u0645\u0631 \u0634\u0641\u0627\u0647 \u0645\u0631\u0637\u0628 - \u0639\u0628\u0648\u0629 \u0645\u0646 \u0642\u0637\u0639\u062a\u064a\u0646"},"content":{"rendered":"","protected":false},"excerpt":{"rendered":"","protected":false},"featured_media":21042,"template":"","meta":{"om_disable_all_campaigns":false},"product_brand":[5409],"product_cat":[18],"product_tag":[9601,9595,9591,9598,9603,9594,9554,9606,9604,9599,9602,9570,9600,9605,9596,9592,9590,9597,9593],"class_list":{"0":"post-21043","1":"product","2":"type-product","3":"status-publish","4":"has-post-thumbnail","6":"product_brand-nuxe-maroc-prix","7":"product_cat-beaute-sante","8":"product_tag-acheter-stick-levres-maroc","9":"product_tag-baume-levres-miel","10":"product_tag-baume-levres-nourrissant","11":"product_tag-baume-levres-nuxe-prix-maroc","12":"product_tag-cosmetique-francaise-maroc","13":"product_tag-hydratation-levres-intense","14":"product_tag-nuxe","15":"product_tag-nuxe-hydratation","16":"product_tag-nuxe-levres","17":"product_tag-nuxe-reve-de-miel-maroc","18":"product_tag-parapharmacie-en-ligne-maroc","19":"product_tag-reve-de-miel","20":"product_tag-soin-levres-hydratant-maroc","21":"product_tag-soin-levres-nuxe","22":"product_tag-soin-levres-quotidien","23":"product_tag-soin-levres-seches","24":"product_tag-stick-levres-hydratant","25":"product_tag-stick-levres-nuxe-maroc","26":"product_tag-stick-levres-reparateur","28":"first","29":"instock","30":"sale","31":"taxable","32":"shipping-taxable","33":"purchasable","34":"product-type-simple"},"yoast_head":"<!-- This site is optimized with the Yoast SEO plugin v27.4 - https:\/\/yoast.com\/product\/yoast-seo-wordpress\/ -->\n<title>NUXE R\u00eave de Miel \u2013 Stick L\u00e8vres Hydratant Lot de 2 - Maroc Prix<\/title>\n<meta name=\"description\" content=\"Stick l\u00e8vres hydratant NUXE R\u00eave de Miel lot de 2. Nourrit, r\u00e9pare et prot\u00e8ge les l\u00e8vres s\u00e8ches pour un confort durable au quotidien.\" \/>\n<meta name=\"robots\" content=\"index, follow, max-snippet:-1, max-image-preview:large, max-video-preview:-1\" \/>\n<link rel=\"canonical\" href=\"https:\/\/vitablanca.ma\/ar\/product-2\/nuxe-reve-de-miel-stick-levres-hydratant-lot-de-2\/\" \/>\n<meta property=\"og:locale\" content=\"ar_AR\" \/>\n<meta property=\"og:type\" content=\"article\" \/>\n<meta property=\"og:title\" content=\"NUXE R\u00eave de Miel \u2013 Stick L\u00e8vres Hydratant Lot de 2 - Maroc Prix\" \/>\n<meta property=\"og:description\" content=\"Stick l\u00e8vres hydratant NUXE R\u00eave de Miel lot de 2. Nourrit, r\u00e9pare et prot\u00e8ge les l\u00e8vres s\u00e8ches pour un confort durable au quotidien.\" \/>\n<meta property=\"og:url\" content=\"https:\/\/vitablanca.ma\/ar\/product-2\/nuxe-reve-de-miel-stick-levres-hydratant-lot-de-2\/\" \/>\n<meta property=\"og:site_name\" content=\"Vitablanca.ma &ndash; Sant&eacute;, vitalit&eacute; et bien-&ecirc;tre pour tous les Marocains\" \/>\n<meta property=\"article:publisher\" content=\"https:\/\/www.facebook.com\/profile.php?id=61576678196717\" \/>\n<meta property=\"article:modified_time\" content=\"2026-02-19T23:12:05+00:00\" \/>\n<meta property=\"og:image\" content=\"https:\/\/vitablanca.ma\/wp-content\/uploads\/2025\/06\/NUXE-Reve-de-Miel-_-Stick-Levres-Hydratant-Lot-de-2-Nova-para-prix-Maroc.png\" \/>\n\t<meta property=\"og:image:width\" content=\"1080\" \/>\n\t<meta property=\"og:image:height\" content=\"1080\" \/>\n\t<meta property=\"og:image:type\" content=\"image\/png\" \/>\n<meta name=\"twitter:card\" content=\"summary_large_image\" \/>\n<meta name=\"twitter:label1\" content=\"\u0648\u0642\u062a \u0627\u0644\u0642\u0631\u0627\u0621\u0629 \u0627\u0644\u0645\u064f\u0642\u062f\u0651\u0631\" \/>\n\t<meta name=\"twitter:data1\" content=\"\u062f\u0642\u064a\u0642\u0629 \u0648\u0627\u062d\u062f\u0629\" \/>\n<script type=\"application\/ld+json\" class=\"yoast-schema-graph\">{\"@context\":\"https:\\\/\\\/schema.org\",\"@graph\":[{\"@type\":[\"WebPage\",\"ItemPage\"],\"@id\":\"https:\\\/\\\/vitablanca.ma\\\/produit\\\/nuxe-reve-de-miel-stick-levres-hydratant-lot-de-2\\\/\",\"url\":\"https:\\\/\\\/vitablanca.ma\\\/produit\\\/nuxe-reve-de-miel-stick-levres-hydratant-lot-de-2\\\/\",\"name\":\"NUXE R\u00eave de Miel \u2013 Stick L\u00e8vres Hydratant Lot de 2 - Maroc Prix\",\"isPartOf\":{\"@id\":\"https:\\\/\\\/vitablanca.ma\\\/#website\"},\"primaryImageOfPage\":{\"@id\":\"https:\\\/\\\/vitablanca.ma\\\/produit\\\/nuxe-reve-de-miel-stick-levres-hydratant-lot-de-2\\\/#primaryimage\"},\"image\":{\"@id\":\"https:\\\/\\\/vitablanca.ma\\\/produit\\\/nuxe-reve-de-miel-stick-levres-hydratant-lot-de-2\\\/#primaryimage\"},\"thumbnailUrl\":\"https:\\\/\\\/vitablanca.ma\\\/wp-content\\\/uploads\\\/2025\\\/06\\\/NUXE-Reve-de-Miel-_-Stick-Levres-Hydratant-Lot-de-2-Nova-para-prix-Maroc.png\",\"datePublished\":\"2025-06-11T20:45:17+00:00\",\"dateModified\":\"2026-02-19T23:12:05+00:00\",\"description\":\"Stick l\u00e8vres hydratant NUXE R\u00eave de Miel lot de 2. Nourrit, r\u00e9pare et prot\u00e8ge les l\u00e8vres s\u00e8ches pour un confort durable au quotidien.\",\"breadcrumb\":{\"@id\":\"https:\\\/\\\/vitablanca.ma\\\/produit\\\/nuxe-reve-de-miel-stick-levres-hydratant-lot-de-2\\\/#breadcrumb\"},\"inLanguage\":\"ar\",\"potentialAction\":[{\"@type\":\"ReadAction\",\"target\":[\"https:\\\/\\\/vitablanca.ma\\\/produit\\\/nuxe-reve-de-miel-stick-levres-hydratant-lot-de-2\\\/\"]}]},{\"@type\":\"ImageObject\",\"inLanguage\":\"ar\",\"@id\":\"https:\\\/\\\/vitablanca.ma\\\/produit\\\/nuxe-reve-de-miel-stick-levres-hydratant-lot-de-2\\\/#primaryimage\",\"url\":\"https:\\\/\\\/vitablanca.ma\\\/wp-content\\\/uploads\\\/2025\\\/06\\\/NUXE-Reve-de-Miel-_-Stick-Levres-Hydratant-Lot-de-2-Nova-para-prix-Maroc.png\",\"contentUrl\":\"https:\\\/\\\/vitablanca.ma\\\/wp-content\\\/uploads\\\/2025\\\/06\\\/NUXE-Reve-de-Miel-_-Stick-Levres-Hydratant-Lot-de-2-Nova-para-prix-Maroc.png\",\"width\":1080,\"height\":1080},{\"@type\":\"BreadcrumbList\",\"@id\":\"https:\\\/\\\/vitablanca.ma\\\/produit\\\/nuxe-reve-de-miel-stick-levres-hydratant-lot-de-2\\\/#breadcrumb\",\"itemListElement\":[{\"@type\":\"ListItem\",\"position\":1,\"name\":\"Home\",\"item\":\"https:\\\/\\\/vitablanca.ma\\\/\"},{\"@type\":\"ListItem\",\"position\":2,\"name\":\"Tous Les Produits\",\"item\":\"https:\\\/\\\/vitablanca.ma\\\/tous-les-produits\\\/\"},{\"@type\":\"ListItem\",\"position\":3,\"name\":\"NUXE R\u00eave de Miel \u2013 Stick L\u00e8vres Hydratant Lot de 2\"}]},{\"@type\":\"WebSite\",\"@id\":\"https:\\\/\\\/vitablanca.ma\\\/#website\",\"url\":\"https:\\\/\\\/vitablanca.ma\\\/\",\"name\":\"VitaBlanca.ma | Compl\u00e9ments alimentaires, sant\u00e9 & beaut\u00e9 au Maroc\",\"description\":\"vendre vitamines et compl\u00e9ments premium des USA &amp; Canada, Nouvelle Z\u00e9lande,Maroc (NOW Foods, Solgar, Manuka). Livraison rapide partout au Maroc.\",\"publisher\":{\"@id\":\"https:\\\/\\\/vitablanca.ma\\\/#organization\"},\"alternateName\":\"VitaBlanca.ma\",\"potentialAction\":[{\"@type\":\"SearchAction\",\"target\":{\"@type\":\"EntryPoint\",\"urlTemplate\":\"https:\\\/\\\/vitablanca.ma\\\/?s={search_term_string}\"},\"query-input\":{\"@type\":\"PropertyValueSpecification\",\"valueRequired\":true,\"valueName\":\"search_term_string\"}}],\"inLanguage\":\"ar\"},{\"@type\":\"Organization\",\"@id\":\"https:\\\/\\\/vitablanca.ma\\\/#organization\",\"name\":\"VitaBlanca\",\"url\":\"https:\\\/\\\/vitablanca.ma\\\/\",\"logo\":{\"@type\":\"ImageObject\",\"inLanguage\":\"ar\",\"@id\":\"https:\\\/\\\/vitablanca.ma\\\/#\\\/schema\\\/logo\\\/image\\\/\",\"url\":\"https:\\\/\\\/vitablanca.ma\\\/wp-content\\\/uploads\\\/2025\\\/05\\\/cropped-vitablanca.png\",\"contentUrl\":\"https:\\\/\\\/vitablanca.ma\\\/wp-content\\\/uploads\\\/2025\\\/05\\\/cropped-vitablanca.png\",\"width\":360,\"height\":67,\"caption\":\"VitaBlanca\"},\"image\":{\"@id\":\"https:\\\/\\\/vitablanca.ma\\\/#\\\/schema\\\/logo\\\/image\\\/\"},\"sameAs\":[\"https:\\\/\\\/www.facebook.com\\\/profile.php?id=61576678196717\",\"https:\\\/\\\/www.tiktok.com\\\/@vitablanca.ma\",\"https:\\\/\\\/www.instagram.com\\\/vitablanca.ma\\\/\"]}]}<\/script>\n<!-- \/ Yoast SEO plugin. -->","yoast_head_json":{"title":"NUXE R\u00eave de Miel \u2013 \u0645\u0631\u0637\u0628 \u0634\u0641\u0627\u0647 \u0639\u0628\u0648\u0629 \u0645\u0646 \u0642\u0637\u0639\u062a\u064a\u0646 - \u0633\u0639\u0631 \u0627\u0644\u0645\u063a\u0631\u0628","description":"Stick l\u00e8vres hydratant NUXE R\u00eave de Miel lot de 2. Nourrit, r\u00e9pare et prot\u00e8ge les l\u00e8vres s\u00e8ches pour un confort durable au quotidien.","robots":{"index":"index","follow":"follow","max-snippet":"max-snippet:-1","max-image-preview":"max-image-preview:large","max-video-preview":"max-video-preview:-1"},"canonical":"https:\/\/vitablanca.ma\/ar\/product-2\/nuxe-reve-de-miel-stick-levres-hydratant-lot-de-2\/","og_locale":"ar_AR","og_type":"article","og_title":"NUXE R\u00eave de Miel \u2013 Stick L\u00e8vres Hydratant Lot de 2 - Maroc Prix","og_description":"Stick l\u00e8vres hydratant NUXE R\u00eave de Miel lot de 2. Nourrit, r\u00e9pare et prot\u00e8ge les l\u00e8vres s\u00e8ches pour un confort durable au quotidien.","og_url":"https:\/\/vitablanca.ma\/ar\/product-2\/nuxe-reve-de-miel-stick-levres-hydratant-lot-de-2\/","og_site_name":"Vitablanca.ma &ndash; Sant&eacute;, vitalit&eacute; et bien-&ecirc;tre pour tous les Marocains","article_publisher":"https:\/\/www.facebook.com\/profile.php?id=61576678196717","article_modified_time":"2026-02-19T23:12:05+00:00","og_image":[{"width":1080,"height":1080,"url":"https:\/\/vitablanca.ma\/wp-content\/uploads\/2025\/06\/NUXE-Reve-de-Miel-_-Stick-Levres-Hydratant-Lot-de-2-Nova-para-prix-Maroc.png","type":"image\/png"}],"twitter_card":"summary_large_image","twitter_misc":{"\u0648\u0642\u062a \u0627\u0644\u0642\u0631\u0627\u0621\u0629 \u0627\u0644\u0645\u064f\u0642\u062f\u0651\u0631":"\u062f\u0642\u064a\u0642\u0629 \u0648\u0627\u062d\u062f\u0629"},"schema":{"@context":"https:\/\/schema.org","@graph":[{"@type":["WebPage","ItemPage"],"@id":"https:\/\/vitablanca.ma\/produit\/nuxe-reve-de-miel-stick-levres-hydratant-lot-de-2\/","url":"https:\/\/vitablanca.ma\/produit\/nuxe-reve-de-miel-stick-levres-hydratant-lot-de-2\/","name":"NUXE R\u00eave de Miel \u2013 \u0645\u0631\u0637\u0628 \u0634\u0641\u0627\u0647 \u0639\u0628\u0648\u0629 \u0645\u0646 \u0642\u0637\u0639\u062a\u064a\u0646 - \u0633\u0639\u0631 \u0627\u0644\u0645\u063a\u0631\u0628","isPartOf":{"@id":"https:\/\/vitablanca.ma\/#website"},"primaryImageOfPage":{"@id":"https:\/\/vitablanca.ma\/produit\/nuxe-reve-de-miel-stick-levres-hydratant-lot-de-2\/#primaryimage"},"image":{"@id":"https:\/\/vitablanca.ma\/produit\/nuxe-reve-de-miel-stick-levres-hydratant-lot-de-2\/#primaryimage"},"thumbnailUrl":"https:\/\/vitablanca.ma\/wp-content\/uploads\/2025\/06\/NUXE-Reve-de-Miel-_-Stick-Levres-Hydratant-Lot-de-2-Nova-para-prix-Maroc.png","datePublished":"2025-06-11T20:45:17+00:00","dateModified":"2026-02-19T23:12:05+00:00","description":"Stick l\u00e8vres hydratant NUXE R\u00eave de Miel lot de 2. Nourrit, r\u00e9pare et prot\u00e8ge les l\u00e8vres s\u00e8ches pour un confort durable au quotidien.","breadcrumb":{"@id":"https:\/\/vitablanca.ma\/produit\/nuxe-reve-de-miel-stick-levres-hydratant-lot-de-2\/#breadcrumb"},"inLanguage":"ar","potentialAction":[{"@type":"ReadAction","target":["https:\/\/vitablanca.ma\/produit\/nuxe-reve-de-miel-stick-levres-hydratant-lot-de-2\/"]}]},{"@type":"ImageObject","inLanguage":"ar","@id":"https:\/\/vitablanca.ma\/produit\/nuxe-reve-de-miel-stick-levres-hydratant-lot-de-2\/#primaryimage","url":"https:\/\/vitablanca.ma\/wp-content\/uploads\/2025\/06\/NUXE-Reve-de-Miel-_-Stick-Levres-Hydratant-Lot-de-2-Nova-para-prix-Maroc.png","contentUrl":"https:\/\/vitablanca.ma\/wp-content\/uploads\/2025\/06\/NUXE-Reve-de-Miel-_-Stick-Levres-Hydratant-Lot-de-2-Nova-para-prix-Maroc.png","width":1080,"height":1080},{"@type":"BreadcrumbList","@id":"https:\/\/vitablanca.ma\/produit\/nuxe-reve-de-miel-stick-levres-hydratant-lot-de-2\/#breadcrumb","itemListElement":[{"@type":"ListItem","position":1,"name":"Home","item":"https:\/\/vitablanca.ma\/"},{"@type":"ListItem","position":2,"name":"Tous Les Produits","item":"https:\/\/vitablanca.ma\/tous-les-produits\/"},{"@type":"ListItem","position":3,"name":"NUXE R\u00eave de Miel \u2013 Stick L\u00e8vres Hydratant Lot de 2"}]},{"@type":"WebSite","@id":"https:\/\/vitablanca.ma\/#website","url":"https:\/\/vitablanca.ma\/","name":"VitaBlanca.ma | \u0627\u0644\u0645\u0643\u0645\u0644\u0627\u062a \u0627\u0644\u063a\u0630\u0627\u0626\u064a\u0629\u060c \u0627\u0644\u0635\u062d\u0629 \u0648\u0627\u0644\u062c\u0645\u0627\u0644 \u0641\u064a \u0627\u0644\u0645\u063a\u0631\u0628","description":"\u0646\u0628\u064a\u0639 \u0641\u064a\u062a\u0627\u0645\u064a\u0646\u0627\u062a \u0648\u0645\u0643\u0645\u0644\u0627\u062a \u063a\u0630\u0627\u0626\u064a\u0629 \u0641\u0627\u062e\u0631\u0629 \u0645\u0646 \u0627\u0644\u0648\u0644\u0627\u064a\u0627\u062a \u0627\u0644\u0645\u062a\u062d\u062f\u0629 \u0627\u0644\u0623\u0645\u0631\u064a\u0643\u064a\u0629 \u0648\u0643\u0646\u062f\u0627 \u0648\u0646\u064a\u0648\u0632\u064a\u0644\u0646\u062f\u0627 \u0648\u0627\u0644\u0645\u063a\u0631\u0628 (\u0646\u0627\u0648 \u0641\u0648\u062f\u0632\u060c \u0633\u0648\u0644\u062c\u0627\u0631\u060c \u0645\u0627\u0646\u0648\u0643\u0627). \u062a\u0648\u0635\u064a\u0644 \u0633\u0631\u064a\u0639 \u0625\u0644\u0649 \u062c\u0645\u064a\u0639 \u0623\u0646\u062d\u0627\u0621 \u0627\u0644\u0645\u063a\u0631\u0628.","publisher":{"@id":"https:\/\/vitablanca.ma\/#organization"},"alternateName":"VitaBlanca.ma","potentialAction":[{"@type":"SearchAction","target":{"@type":"EntryPoint","urlTemplate":"https:\/\/vitablanca.ma\/?s={search_term_string}"},"query-input":{"@type":"PropertyValueSpecification","valueRequired":true,"valueName":"search_term_string"}}],"inLanguage":"ar"},{"@type":"Organization","@id":"https:\/\/vitablanca.ma\/#organization","name":"\u0641\u064a\u062a\u0627\u0628\u0644\u0627\u0646\u0643\u0627","url":"https:\/\/vitablanca.ma\/","logo":{"@type":"ImageObject","inLanguage":"ar","@id":"https:\/\/vitablanca.ma\/#\/schema\/logo\/image\/","url":"https:\/\/vitablanca.ma\/wp-content\/uploads\/2025\/05\/cropped-vitablanca.png","contentUrl":"https:\/\/vitablanca.ma\/wp-content\/uploads\/2025\/05\/cropped-vitablanca.png","width":360,"height":67,"caption":"VitaBlanca"},"image":{"@id":"https:\/\/vitablanca.ma\/#\/schema\/logo\/image\/"},"sameAs":["https:\/\/www.facebook.com\/profile.php?id=61576678196717","https:\/\/www.tiktok.com\/@vitablanca.ma","https:\/\/www.instagram.com\/vitablanca.ma\/"]}]}},"jetpack_sharing_enabled":true,"_links":{"self":[{"href":"https:\/\/vitablanca.ma\/ar\/wp-json\/wp\/v2\/product\/21043","targetHints":{"allow":["GET"]}}],"collection":[{"href":"https:\/\/vitablanca.ma\/ar\/wp-json\/wp\/v2\/product"}],"about":[{"href":"https:\/\/vitablanca.ma\/ar\/wp-json\/wp\/v2\/types\/product"}],"wp:featuredmedia":[{"embeddable":true,"href":"https:\/\/vitablanca.ma\/ar\/wp-json\/wp\/v2\/media\/21042"}],"wp:attachment":[{"href":"https:\/\/vitablanca.ma\/ar\/wp-json\/wp\/v2\/media?parent=21043"}],"wp:term":[{"taxonomy":"product_brand","embeddable":true,"href":"https:\/\/vitablanca.ma\/ar\/wp-json\/wp\/v2\/product_brand?post=21043"},{"taxonomy":"product_cat","embeddable":true,"href":"https:\/\/vitablanca.ma\/ar\/wp-json\/wp\/v2\/product_cat?post=21043"},{"taxonomy":"product_tag","embeddable":true,"href":"https:\/\/vitablanca.ma\/ar\/wp-json\/wp\/v2\/product_tag?post=21043"}],"curies":[{"name":"wp","href":"https:\/\/api.w.org\/{rel}","templated":true}]}}