{"id":20994,"date":"2025-06-11T20:43:42","date_gmt":"2025-06-11T20:43:42","guid":{"rendered":"https:\/\/vitablanca.ma\/product\/nuxe-kit-anti-age-global-nuxuriance-ultra-la-creme-50ml-la-creme-nuit-15ml\/"},"modified":"2026-03-10T01:45:06","modified_gmt":"2026-03-10T01:45:06","slug":"nuxe-kit-anti-age-global-nuxuriance-ultra-la-creme-50ml-la-creme-nuit-15ml","status":"publish","type":"product","link":"https:\/\/vitablanca.ma\/ar\/product-2\/nuxe-kit-anti-age-global-nuxuriance-ultra-la-creme-50ml-la-creme-nuit-15ml\/","title":{"rendered":"Nuxe Kit Anti-\u00c2ge Global Nuxuriance Ultra La Cr\u00e8me 50ml + La Cr\u00e8me Nuit 15ml"},"content":{"rendered":"<h1 class=\"LC20lb MBeuO DKV0Md\">Nuxe Kit Anti-\u00c2ge Global Nuxuriance Ultra La Cr\u00e8me 50ml + La Cr\u00e8me Nuit 15ml<\/h1>\n<p><strong>Nuxe Nuxuriance Ultra La Cr\u00e8me Anti-\u00c2ge Global 50 ml<\/strong>\u00a0est un soin qui cible les principaux signes de l&rsquo;\u00e2ge. Jour apr\u00e8s jour, la peau est revitalis\u00e9e et plus ferme, les rides semblent liss\u00e9es et r\u00e9duites, les traits du visage sont comme retendus.<\/p>\n<p><strong>Nuxe Nuxuriance Ultra La Cr\u00e8me Nuit Anti-\u00c2ge Global 15 m<\/strong>l Offerte est une cr\u00e8me anti-\u00e2ge de nuit \u00e0 la texture enveloppante. Elle cible les principaux signes de l&rsquo;\u00e2ge pour r\u00e9parer et r\u00e9g\u00e9n\u00e9rer la peau pendant la nuit.<\/p>\n<p>Au r\u00e9veil, la peau est repos\u00e9e, d\u00e9fatigu\u00e9e. Nuit apr\u00e8s nuit, elle est revitalis\u00e9e, comme renforc\u00e9e. Les rides sembles liss\u00e9es.<\/p>\n<h3><strong>\u0633\u0645\u0627\u062a :<\/strong><\/h3>\n<ul>\n<li>97% d&rsquo;ingr\u00e9dients d&rsquo;origine naturelle.<\/li>\n<li>\u0646\u0628\u0627\u062a\u064a.<\/li>\n<li>Fabriqu\u00e9s en France<\/li>\n<\/ul>\n<h3>\u0637\u0631\u064a\u0642\u0629 \u0627\u0644\u0627\u0633\u062a\u062e\u062f\u0627\u0645:<\/h3>\n<p>Pr\u00e9levez une bonne noisette de cr\u00e8me de jour ou de nuit, faites-la chauffer entre vos mains, puis appliquez-la sur votre visage avec vos deux mains \u00e0 plat, toujours du centre vers l&rsquo;ext\u00e9rieur (en \u00e9vitant le contour des yeux). N&rsquo;h\u00e9sitez pas \u00e0 en faire profiter aussi votre cou et votre d\u00e9collet\u00e9.<\/p>\n<p>Massez jusqu&rsquo;\u00e0 la p\u00e9n\u00e9tration compl\u00e8te de la cr\u00e8me. Finissez par de l\u00e9gers tapotements (du bout des doigts) sur l&rsquo;ensemble du visage pour r\u00e9veiller l&rsquo;\u00e9clat de votre teint.<\/p>\n<p>Le matin ou le soir id\u00e9alement apr\u00e8s le s\u00e9rum Nuxuriance Ultra.<\/p>\n<div class=\"productDescription_contentPropertyListItem productDescription_contentPropertyListItem_synopsis productDescription_contentPropertyListItem-active\" data-item=\"\">\n<h3 id=\"product-description-content-lg-2\" class=\"productDescription_contentProperties productDescription_contentProperties_list\" aria-labelledby=\"product-description-heading-lg-2\"><\/h3>\n<\/div>","protected":false},"excerpt":{"rendered":"<p>Nuxe Kit Anti-\u00c2ge Global Nuxuriance Ultra La Cr\u00e8me 50ml + La Cr\u00e8me Nuit 15ml Nuxe Nuxuriance Ultra La Cr\u00e8me Anti-\u00c2ge Global 50 ml\u00a0est un soin qui cible les principaux signes de l&rsquo;\u00e2ge. Jour apr\u00e8s jour, la peau est revitalis\u00e9e et plus ferme, les rides semblent liss\u00e9es et r\u00e9duites, les traits du visage sont comme retendus. [&hellip;]<\/p>\n","protected":false},"featured_media":20992,"template":"","meta":{"om_disable_all_campaigns":false},"product_brand":[5409],"product_cat":[18],"product_tag":[9603,9712,9713,9709,9711,9708,9715,9554,9615,9701,9714,9710],"class_list":{"0":"post-20994","1":"product","2":"type-product","3":"status-publish","4":"has-post-thumbnail","6":"product_brand-nuxe-maroc-prix","7":"product_cat-beaute-sante","8":"product_tag-cosmetique-francaise-maroc","9":"product_tag-creme-jour-50-ml","10":"product_tag-creme-nuit-15-ml","11":"product_tag-creme-visage-jour-et-nuit","12":"product_tag-hydratation-et-fermete-peau","13":"product_tag-kit-anti-age-global","14":"product_tag-kit-anti-age-maroc","15":"product_tag-nuxe","16":"product_tag-nuxe-maroc","17":"product_tag-nuxe-nuxuriance-ultra","18":"product_tag-peau-lissee-et-lumineuse","19":"product_tag-soin-anti-rides-nuxe","21":"first","22":"outofstock","23":"sale","24":"taxable","25":"shipping-taxable","26":"purchasable","27":"product-type-simple"},"yoast_head":"<!-- This site is optimized with the Yoast SEO plugin v27.4 - https:\/\/yoast.com\/product\/yoast-seo-wordpress\/ -->\n<title>Nuxe Kit La Cr\u00e8me 50ml + La Cr\u00e8me Nuit 15ml - Maroc Prix<\/title>\n<meta name=\"description\" content=\"NUXE Kit Nuxuriance Ultra : La Cr\u00e8me 50 ml + Cr\u00e8me Nuit 15 ml. Anti-\u00e2ge global, lisse rides, hydrate et raffermit la peau pour un teint lumineux.\" \/>\n<meta name=\"robots\" content=\"index, follow, max-snippet:-1, max-image-preview:large, max-video-preview:-1\" \/>\n<link rel=\"canonical\" href=\"https:\/\/vitablanca.ma\/ar\/product-2\/nuxe-kit-anti-age-global-nuxuriance-ultra-la-creme-50ml-la-creme-nuit-15ml\/\" \/>\n<meta property=\"og:locale\" content=\"ar_AR\" \/>\n<meta property=\"og:type\" content=\"article\" \/>\n<meta property=\"og:title\" content=\"Nuxe Kit La Cr\u00e8me 50ml + La Cr\u00e8me Nuit 15ml - Maroc Prix\" \/>\n<meta property=\"og:description\" content=\"NUXE Kit Nuxuriance Ultra : La Cr\u00e8me 50 ml + Cr\u00e8me Nuit 15 ml. Anti-\u00e2ge global, lisse rides, hydrate et raffermit la peau pour un teint lumineux.\" \/>\n<meta property=\"og:url\" content=\"https:\/\/vitablanca.ma\/ar\/product-2\/nuxe-kit-anti-age-global-nuxuriance-ultra-la-creme-50ml-la-creme-nuit-15ml\/\" \/>\n<meta property=\"og:site_name\" content=\"Vitablanca.ma &ndash; Sant&eacute;, vitalit&eacute; et bien-&ecirc;tre pour tous les Marocains\" \/>\n<meta property=\"article:publisher\" content=\"https:\/\/www.facebook.com\/profile.php?id=61576678196717\" \/>\n<meta property=\"article:modified_time\" content=\"2026-03-10T01:45:06+00:00\" \/>\n<meta property=\"og:image\" content=\"https:\/\/vitablanca.ma\/wp-content\/uploads\/2025\/06\/nuxe-pack-nuxuriance-ultra-la-creme-anti-age-global-50ml-la-creme-nuit-anti-age-global-15ml-offert.jpg\" \/>\n\t<meta property=\"og:image:width\" content=\"800\" \/>\n\t<meta property=\"og:image:height\" content=\"800\" \/>\n\t<meta property=\"og:image:type\" content=\"image\/jpeg\" \/>\n<meta name=\"twitter:card\" content=\"summary_large_image\" \/>\n<meta name=\"twitter:label1\" content=\"\u0648\u0642\u062a \u0627\u0644\u0642\u0631\u0627\u0621\u0629 \u0627\u0644\u0645\u064f\u0642\u062f\u0651\u0631\" \/>\n\t<meta name=\"twitter:data1\" content=\"\u062f\u0642\u064a\u0642\u062a\u0627\u0646\" \/>\n<script type=\"application\/ld+json\" class=\"yoast-schema-graph\">{\"@context\":\"https:\\\/\\\/schema.org\",\"@graph\":[{\"@type\":[\"WebPage\",\"ItemPage\"],\"@id\":\"https:\\\/\\\/vitablanca.ma\\\/produit\\\/nuxe-kit-anti-age-global-nuxuriance-ultra-la-creme-50ml-la-creme-nuit-15ml\\\/\",\"url\":\"https:\\\/\\\/vitablanca.ma\\\/produit\\\/nuxe-kit-anti-age-global-nuxuriance-ultra-la-creme-50ml-la-creme-nuit-15ml\\\/\",\"name\":\"Nuxe Kit La Cr\u00e8me 50ml + La Cr\u00e8me Nuit 15ml - Maroc Prix\",\"isPartOf\":{\"@id\":\"https:\\\/\\\/vitablanca.ma\\\/#website\"},\"primaryImageOfPage\":{\"@id\":\"https:\\\/\\\/vitablanca.ma\\\/produit\\\/nuxe-kit-anti-age-global-nuxuriance-ultra-la-creme-50ml-la-creme-nuit-15ml\\\/#primaryimage\"},\"image\":{\"@id\":\"https:\\\/\\\/vitablanca.ma\\\/produit\\\/nuxe-kit-anti-age-global-nuxuriance-ultra-la-creme-50ml-la-creme-nuit-15ml\\\/#primaryimage\"},\"thumbnailUrl\":\"https:\\\/\\\/vitablanca.ma\\\/wp-content\\\/uploads\\\/2025\\\/06\\\/nuxe-pack-nuxuriance-ultra-la-creme-anti-age-global-50ml-la-creme-nuit-anti-age-global-15ml-offert.jpg\",\"datePublished\":\"2025-06-11T20:43:42+00:00\",\"dateModified\":\"2026-03-10T01:45:06+00:00\",\"description\":\"NUXE Kit Nuxuriance Ultra : La Cr\u00e8me 50 ml + Cr\u00e8me Nuit 15 ml. Anti-\u00e2ge global, lisse rides, hydrate et raffermit la peau pour un teint lumineux.\",\"breadcrumb\":{\"@id\":\"https:\\\/\\\/vitablanca.ma\\\/produit\\\/nuxe-kit-anti-age-global-nuxuriance-ultra-la-creme-50ml-la-creme-nuit-15ml\\\/#breadcrumb\"},\"inLanguage\":\"ar\",\"potentialAction\":[{\"@type\":\"ReadAction\",\"target\":[\"https:\\\/\\\/vitablanca.ma\\\/produit\\\/nuxe-kit-anti-age-global-nuxuriance-ultra-la-creme-50ml-la-creme-nuit-15ml\\\/\"]}]},{\"@type\":\"ImageObject\",\"inLanguage\":\"ar\",\"@id\":\"https:\\\/\\\/vitablanca.ma\\\/produit\\\/nuxe-kit-anti-age-global-nuxuriance-ultra-la-creme-50ml-la-creme-nuit-15ml\\\/#primaryimage\",\"url\":\"https:\\\/\\\/vitablanca.ma\\\/wp-content\\\/uploads\\\/2025\\\/06\\\/nuxe-pack-nuxuriance-ultra-la-creme-anti-age-global-50ml-la-creme-nuit-anti-age-global-15ml-offert.jpg\",\"contentUrl\":\"https:\\\/\\\/vitablanca.ma\\\/wp-content\\\/uploads\\\/2025\\\/06\\\/nuxe-pack-nuxuriance-ultra-la-creme-anti-age-global-50ml-la-creme-nuit-anti-age-global-15ml-offert.jpg\",\"width\":800,\"height\":800},{\"@type\":\"BreadcrumbList\",\"@id\":\"https:\\\/\\\/vitablanca.ma\\\/produit\\\/nuxe-kit-anti-age-global-nuxuriance-ultra-la-creme-50ml-la-creme-nuit-15ml\\\/#breadcrumb\",\"itemListElement\":[{\"@type\":\"ListItem\",\"position\":1,\"name\":\"Home\",\"item\":\"https:\\\/\\\/vitablanca.ma\\\/\"},{\"@type\":\"ListItem\",\"position\":2,\"name\":\"Tous Les Produits\",\"item\":\"https:\\\/\\\/vitablanca.ma\\\/tous-les-produits\\\/\"},{\"@type\":\"ListItem\",\"position\":3,\"name\":\"Nuxe Kit Anti-\u00c2ge Global Nuxuriance Ultra La Cr\u00e8me 50ml + La Cr\u00e8me Nuit 15ml\"}]},{\"@type\":\"WebSite\",\"@id\":\"https:\\\/\\\/vitablanca.ma\\\/#website\",\"url\":\"https:\\\/\\\/vitablanca.ma\\\/\",\"name\":\"VitaBlanca.ma | Compl\u00e9ments alimentaires, sant\u00e9 & beaut\u00e9 au Maroc\",\"description\":\"vendre vitamines et compl\u00e9ments premium des USA &amp; Canada, Nouvelle Z\u00e9lande,Maroc (NOW Foods, Solgar, Manuka). Livraison rapide partout au Maroc.\",\"publisher\":{\"@id\":\"https:\\\/\\\/vitablanca.ma\\\/#organization\"},\"alternateName\":\"VitaBlanca.ma\",\"potentialAction\":[{\"@type\":\"SearchAction\",\"target\":{\"@type\":\"EntryPoint\",\"urlTemplate\":\"https:\\\/\\\/vitablanca.ma\\\/?s={search_term_string}\"},\"query-input\":{\"@type\":\"PropertyValueSpecification\",\"valueRequired\":true,\"valueName\":\"search_term_string\"}}],\"inLanguage\":\"ar\"},{\"@type\":\"Organization\",\"@id\":\"https:\\\/\\\/vitablanca.ma\\\/#organization\",\"name\":\"VitaBlanca\",\"url\":\"https:\\\/\\\/vitablanca.ma\\\/\",\"logo\":{\"@type\":\"ImageObject\",\"inLanguage\":\"ar\",\"@id\":\"https:\\\/\\\/vitablanca.ma\\\/#\\\/schema\\\/logo\\\/image\\\/\",\"url\":\"https:\\\/\\\/vitablanca.ma\\\/wp-content\\\/uploads\\\/2025\\\/05\\\/cropped-vitablanca.png\",\"contentUrl\":\"https:\\\/\\\/vitablanca.ma\\\/wp-content\\\/uploads\\\/2025\\\/05\\\/cropped-vitablanca.png\",\"width\":360,\"height\":67,\"caption\":\"VitaBlanca\"},\"image\":{\"@id\":\"https:\\\/\\\/vitablanca.ma\\\/#\\\/schema\\\/logo\\\/image\\\/\"},\"sameAs\":[\"https:\\\/\\\/www.facebook.com\\\/profile.php?id=61576678196717\",\"https:\\\/\\\/www.tiktok.com\\\/@vitablanca.ma\",\"https:\\\/\\\/www.instagram.com\\\/vitablanca.ma\\\/\"]}]}<\/script>\n<!-- \/ Yoast SEO plugin. -->","yoast_head_json":{"title":"Nuxe Kit La Cr\u00e8me 50ml + La Cr\u00e8me Nuit 15ml - Maroc Prix","description":"NUXE Kit Nuxuriance Ultra : La Cr\u00e8me 50 ml + Cr\u00e8me Nuit 15 ml. Anti-\u00e2ge global, lisse rides, hydrate et raffermit la peau pour un teint lumineux.","robots":{"index":"index","follow":"follow","max-snippet":"max-snippet:-1","max-image-preview":"max-image-preview:large","max-video-preview":"max-video-preview:-1"},"canonical":"https:\/\/vitablanca.ma\/ar\/product-2\/nuxe-kit-anti-age-global-nuxuriance-ultra-la-creme-50ml-la-creme-nuit-15ml\/","og_locale":"ar_AR","og_type":"article","og_title":"Nuxe Kit La Cr\u00e8me 50ml + La Cr\u00e8me Nuit 15ml - Maroc Prix","og_description":"NUXE Kit Nuxuriance Ultra : La Cr\u00e8me 50 ml + Cr\u00e8me Nuit 15 ml. Anti-\u00e2ge global, lisse rides, hydrate et raffermit la peau pour un teint lumineux.","og_url":"https:\/\/vitablanca.ma\/ar\/product-2\/nuxe-kit-anti-age-global-nuxuriance-ultra-la-creme-50ml-la-creme-nuit-15ml\/","og_site_name":"Vitablanca.ma &ndash; Sant&eacute;, vitalit&eacute; et bien-&ecirc;tre pour tous les Marocains","article_publisher":"https:\/\/www.facebook.com\/profile.php?id=61576678196717","article_modified_time":"2026-03-10T01:45:06+00:00","og_image":[{"width":800,"height":800,"url":"https:\/\/vitablanca.ma\/wp-content\/uploads\/2025\/06\/nuxe-pack-nuxuriance-ultra-la-creme-anti-age-global-50ml-la-creme-nuit-anti-age-global-15ml-offert.jpg","type":"image\/jpeg"}],"twitter_card":"summary_large_image","twitter_misc":{"\u0648\u0642\u062a \u0627\u0644\u0642\u0631\u0627\u0621\u0629 \u0627\u0644\u0645\u064f\u0642\u062f\u0651\u0631":"\u062f\u0642\u064a\u0642\u062a\u0627\u0646"},"schema":{"@context":"https:\/\/schema.org","@graph":[{"@type":["WebPage","ItemPage"],"@id":"https:\/\/vitablanca.ma\/produit\/nuxe-kit-anti-age-global-nuxuriance-ultra-la-creme-50ml-la-creme-nuit-15ml\/","url":"https:\/\/vitablanca.ma\/produit\/nuxe-kit-anti-age-global-nuxuriance-ultra-la-creme-50ml-la-creme-nuit-15ml\/","name":"Nuxe Kit La Cr\u00e8me 50ml + La Cr\u00e8me Nuit 15ml - Maroc Prix","isPartOf":{"@id":"https:\/\/vitablanca.ma\/#website"},"primaryImageOfPage":{"@id":"https:\/\/vitablanca.ma\/produit\/nuxe-kit-anti-age-global-nuxuriance-ultra-la-creme-50ml-la-creme-nuit-15ml\/#primaryimage"},"image":{"@id":"https:\/\/vitablanca.ma\/produit\/nuxe-kit-anti-age-global-nuxuriance-ultra-la-creme-50ml-la-creme-nuit-15ml\/#primaryimage"},"thumbnailUrl":"https:\/\/vitablanca.ma\/wp-content\/uploads\/2025\/06\/nuxe-pack-nuxuriance-ultra-la-creme-anti-age-global-50ml-la-creme-nuit-anti-age-global-15ml-offert.jpg","datePublished":"2025-06-11T20:43:42+00:00","dateModified":"2026-03-10T01:45:06+00:00","description":"NUXE Kit Nuxuriance Ultra : La Cr\u00e8me 50 ml + Cr\u00e8me Nuit 15 ml. Anti-\u00e2ge global, lisse rides, hydrate et raffermit la peau pour un teint lumineux.","breadcrumb":{"@id":"https:\/\/vitablanca.ma\/produit\/nuxe-kit-anti-age-global-nuxuriance-ultra-la-creme-50ml-la-creme-nuit-15ml\/#breadcrumb"},"inLanguage":"ar","potentialAction":[{"@type":"ReadAction","target":["https:\/\/vitablanca.ma\/produit\/nuxe-kit-anti-age-global-nuxuriance-ultra-la-creme-50ml-la-creme-nuit-15ml\/"]}]},{"@type":"ImageObject","inLanguage":"ar","@id":"https:\/\/vitablanca.ma\/produit\/nuxe-kit-anti-age-global-nuxuriance-ultra-la-creme-50ml-la-creme-nuit-15ml\/#primaryimage","url":"https:\/\/vitablanca.ma\/wp-content\/uploads\/2025\/06\/nuxe-pack-nuxuriance-ultra-la-creme-anti-age-global-50ml-la-creme-nuit-anti-age-global-15ml-offert.jpg","contentUrl":"https:\/\/vitablanca.ma\/wp-content\/uploads\/2025\/06\/nuxe-pack-nuxuriance-ultra-la-creme-anti-age-global-50ml-la-creme-nuit-anti-age-global-15ml-offert.jpg","width":800,"height":800},{"@type":"BreadcrumbList","@id":"https:\/\/vitablanca.ma\/produit\/nuxe-kit-anti-age-global-nuxuriance-ultra-la-creme-50ml-la-creme-nuit-15ml\/#breadcrumb","itemListElement":[{"@type":"ListItem","position":1,"name":"Home","item":"https:\/\/vitablanca.ma\/"},{"@type":"ListItem","position":2,"name":"Tous Les Produits","item":"https:\/\/vitablanca.ma\/tous-les-produits\/"},{"@type":"ListItem","position":3,"name":"Nuxe Kit Anti-\u00c2ge Global Nuxuriance Ultra La Cr\u00e8me 50ml + La Cr\u00e8me Nuit 15ml"}]},{"@type":"WebSite","@id":"https:\/\/vitablanca.ma\/#website","url":"https:\/\/vitablanca.ma\/","name":"VitaBlanca.ma | \u0627\u0644\u0645\u0643\u0645\u0644\u0627\u062a \u0627\u0644\u063a\u0630\u0627\u0626\u064a\u0629\u060c \u0627\u0644\u0635\u062d\u0629 \u0648\u0627\u0644\u062c\u0645\u0627\u0644 \u0641\u064a \u0627\u0644\u0645\u063a\u0631\u0628","description":"\u0646\u0628\u064a\u0639 \u0641\u064a\u062a\u0627\u0645\u064a\u0646\u0627\u062a \u0648\u0645\u0643\u0645\u0644\u0627\u062a \u063a\u0630\u0627\u0626\u064a\u0629 \u0641\u0627\u062e\u0631\u0629 \u0645\u0646 \u0627\u0644\u0648\u0644\u0627\u064a\u0627\u062a \u0627\u0644\u0645\u062a\u062d\u062f\u0629 \u0627\u0644\u0623\u0645\u0631\u064a\u0643\u064a\u0629 \u0648\u0643\u0646\u062f\u0627 \u0648\u0646\u064a\u0648\u0632\u064a\u0644\u0646\u062f\u0627 \u0648\u0627\u0644\u0645\u063a\u0631\u0628 (\u0646\u0627\u0648 \u0641\u0648\u062f\u0632\u060c \u0633\u0648\u0644\u062c\u0627\u0631\u060c \u0645\u0627\u0646\u0648\u0643\u0627). \u062a\u0648\u0635\u064a\u0644 \u0633\u0631\u064a\u0639 \u0625\u0644\u0649 \u062c\u0645\u064a\u0639 \u0623\u0646\u062d\u0627\u0621 \u0627\u0644\u0645\u063a\u0631\u0628.","publisher":{"@id":"https:\/\/vitablanca.ma\/#organization"},"alternateName":"VitaBlanca.ma","potentialAction":[{"@type":"SearchAction","target":{"@type":"EntryPoint","urlTemplate":"https:\/\/vitablanca.ma\/?s={search_term_string}"},"query-input":{"@type":"PropertyValueSpecification","valueRequired":true,"valueName":"search_term_string"}}],"inLanguage":"ar"},{"@type":"Organization","@id":"https:\/\/vitablanca.ma\/#organization","name":"\u0641\u064a\u062a\u0627\u0628\u0644\u0627\u0646\u0643\u0627","url":"https:\/\/vitablanca.ma\/","logo":{"@type":"ImageObject","inLanguage":"ar","@id":"https:\/\/vitablanca.ma\/#\/schema\/logo\/image\/","url":"https:\/\/vitablanca.ma\/wp-content\/uploads\/2025\/05\/cropped-vitablanca.png","contentUrl":"https:\/\/vitablanca.ma\/wp-content\/uploads\/2025\/05\/cropped-vitablanca.png","width":360,"height":67,"caption":"VitaBlanca"},"image":{"@id":"https:\/\/vitablanca.ma\/#\/schema\/logo\/image\/"},"sameAs":["https:\/\/www.facebook.com\/profile.php?id=61576678196717","https:\/\/www.tiktok.com\/@vitablanca.ma","https:\/\/www.instagram.com\/vitablanca.ma\/"]}]}},"jetpack_sharing_enabled":true,"_links":{"self":[{"href":"https:\/\/vitablanca.ma\/ar\/wp-json\/wp\/v2\/product\/20994","targetHints":{"allow":["GET"]}}],"collection":[{"href":"https:\/\/vitablanca.ma\/ar\/wp-json\/wp\/v2\/product"}],"about":[{"href":"https:\/\/vitablanca.ma\/ar\/wp-json\/wp\/v2\/types\/product"}],"wp:featuredmedia":[{"embeddable":true,"href":"https:\/\/vitablanca.ma\/ar\/wp-json\/wp\/v2\/media\/20992"}],"wp:attachment":[{"href":"https:\/\/vitablanca.ma\/ar\/wp-json\/wp\/v2\/media?parent=20994"}],"wp:term":[{"taxonomy":"product_brand","embeddable":true,"href":"https:\/\/vitablanca.ma\/ar\/wp-json\/wp\/v2\/product_brand?post=20994"},{"taxonomy":"product_cat","embeddable":true,"href":"https:\/\/vitablanca.ma\/ar\/wp-json\/wp\/v2\/product_cat?post=20994"},{"taxonomy":"product_tag","embeddable":true,"href":"https:\/\/vitablanca.ma\/ar\/wp-json\/wp\/v2\/product_tag?post=20994"}],"curies":[{"name":"wp","href":"https:\/\/api.w.org\/{rel}","templated":true}]}}