{"id":20984,"date":"2025-06-11T20:43:26","date_gmt":"2025-06-11T20:43:26","guid":{"rendered":"https:\/\/vitablanca.ma\/product\/nuxe-nuxuriance-ultra-creme-de-soin-de-jour-spf30-50-ml\/"},"modified":"2026-02-20T02:02:13","modified_gmt":"2026-02-20T02:02:13","slug":"nuxe-nuxuriance-ultra-creme-de-soin-de-jour-spf30-50-ml","status":"publish","type":"product","link":"https:\/\/vitablanca.ma\/ar\/product-2\/nuxe-nuxuriance-ultra-creme-de-soin-de-jour-spf30-50-ml\/","title":{"rendered":"Nuxe Nuxuriance Ultra Cr\u00e8me De Soin De Jour SPF30 &#8211; 50 Ml"},"content":{"rendered":"<h1 class=\"LC20lb MBeuO DKV0Md\">Nuxe Nuxuriance Ultra Cr\u00e8me De Soin De Jour SPF30 &#8211; 50 Ml<\/h1>\n<p>la cr\u00e8me anti-\u00e2ge global SPF30 Nuxe Nuxuriance Ultra est \u00e9galement un excellent soin pour hydrater et nourrir la peau. Elle a une action revitalisante, r\u00e9g\u00e9n\u00e9rante et resurfa\u00e7ante.<\/p>\n<p>Par ailleurs, cette cr\u00e8me anti-\u00e2ge Nuxe prot\u00e8ge la peau des agressions ext\u00e9rieures, en particulier des rayons UV, corrige et pr\u00e9vient les principaux signes de l&rsquo;\u00e2ge.<\/p>\n<p>La cr\u00e8me anti-\u00e2ge SPF30 Nuxuriance Ultra de Nuxe repose sur la technologie Alfa [3R].<\/p>\n<p>Celle-ci est le r\u00e9sultat de l&rsquo;association de 3 actifs : l&rsquo;extrait d&rsquo;alfalfa, l&rsquo;acide hyaluronique et l&rsquo;extrait d&rsquo;h\u00e9m\u00e9rocalle.<\/p>\n<p>On retrouve aussi de l&rsquo;huile d&rsquo;avocat, nourrissante et adoucissante, et de la glyc\u00e9rine qui permet de sceller l&rsquo;hydratation. Finalement, les filtres solaires anti-UVA et UVB font barrage aux rayons pour pr\u00e9venir le photovieillissement.<\/p>\n<p>Tr\u00e8s agr\u00e9able \u00e0 utiliser, la cr\u00e8me anti-\u00e2ge Nuxuriance Ultra SPF30 poss\u00e8de une texture onctueuse universelle qui convient \u00e0 toutes les peaux. Au fil des applications, les r\u00e9sultats sont l\u00e0 : la peau est repulp\u00e9e et tonifi\u00e9e, visiblement revitalis\u00e9e, les traits sont retendus.<\/p>\n<h3>Conseils d&rsquo;utilisation :<\/h3>\n<p>Pr\u00e9lever une g\u00e9n\u00e9reuse goutte de cr\u00e8me de jour, la r\u00e9chauffer dans vos mains, puis l&rsquo;appliquer sur le visage, \u00e0 deux mains, en travaillant \u00e0 plat et du centre vers l&rsquo;ext\u00e9rieur (en \u00e9vitant le contour des yeux). Si vous le souhaitez, continuez sur votre cou et votre d\u00e9collet\u00e9.<\/p>\n<p>Massez jusqu&rsquo;\u00e0 ce que la cr\u00e8me soit compl\u00e8tement absorb\u00e9e.<\/p>\n<p>Terminez en tapotant doucement (du bout des doigts) sur tout votre visage pour un boost de luminosit\u00e9 instantan\u00e9.<\/p>\n<p>Le matin, id\u00e9alement apr\u00e8s le s\u00e9rum Nuxuriance Ultra.<\/p>\n<div class=\"productDescription_contentPropertyListItem productDescription_contentPropertyListItem_synopsis productDescription_contentPropertyListItem-active\" data-item=\"\">\n<h3 id=\"product-description-content-lg-2\" class=\"productDescription_contentProperties productDescription_contentProperties_list\" aria-labelledby=\"product-description-heading-lg-2\"><\/h3>\n<\/div>\n","protected":false},"excerpt":{"rendered":"<p>Nuxe Nuxuriance Ultra Cr\u00e8me De Soin De Jour SPF30 &#8211; 50 Ml la cr\u00e8me anti-\u00e2ge global SPF30 Nuxe Nuxuriance Ultra est \u00e9galement un excellent soin pour hydrater et nourrir la peau. Elle a une action revitalisante, r\u00e9g\u00e9n\u00e9rante et resurfa\u00e7ante. Par ailleurs, cette cr\u00e8me anti-\u00e2ge Nuxe prot\u00e8ge la peau des agressions ext\u00e9rieures, en particulier des rayons [&hellip;]<\/p>\n","protected":false},"featured_media":20982,"template":"","meta":{"om_disable_all_campaigns":false},"product_brand":[5409],"product_cat":[18],"product_tag":[9603,9728,9725,9727,9711,9705,9554,9615,9701,7881,9726],"class_list":{"0":"post-20984","1":"product","2":"type-product","3":"status-publish","4":"has-post-thumbnail","6":"product_brand-nuxe-maroc-prix","7":"product_cat-beaute-sante","8":"product_tag-cosmetique-francaise-maroc","9":"product_tag-creme-anti-age-spf30-maroc","10":"product_tag-creme-jour-spf30","11":"product_tag-creme-visage-jour-50-ml","12":"product_tag-hydratation-et-fermete-peau","13":"product_tag-lissage-rides-et-ridules","14":"product_tag-nuxe","15":"product_tag-nuxe-maroc","16":"product_tag-nuxe-nuxuriance-ultra","17":"product_tag-protection-solaire-visage","18":"product_tag-soin-anti-age-nuxe","20":"first","21":"instock","22":"sale","23":"taxable","24":"shipping-taxable","25":"purchasable","26":"product-type-simple"},"yoast_head":"<!-- This site is optimized with the Yoast SEO plugin v27.4 - https:\/\/yoast.com\/product\/yoast-seo-wordpress\/ -->\n<title>Nuxe Nuxuriance Ultra Cr\u00e8me De Soin - 50 Ml - Maroc Prix<\/title>\n<meta name=\"description\" content=\"NUXE Nuxuriance Ultra Cr\u00e8me Jour SPF30 50 ml. Anti-\u00e2ge global, prot\u00e8ge, hydrate et raffermit la peau tout en lissant rides et ridules.\" \/>\n<meta name=\"robots\" content=\"index, follow, max-snippet:-1, max-image-preview:large, max-video-preview:-1\" \/>\n<link rel=\"canonical\" href=\"https:\/\/vitablanca.ma\/ar\/product-2\/nuxe-nuxuriance-ultra-creme-de-soin-de-jour-spf30-50-ml\/\" \/>\n<meta property=\"og:locale\" content=\"ar_AR\" \/>\n<meta property=\"og:type\" content=\"article\" \/>\n<meta property=\"og:title\" content=\"Nuxe Nuxuriance Ultra Cr\u00e8me De Soin - 50 Ml - Maroc Prix\" \/>\n<meta property=\"og:description\" content=\"NUXE Nuxuriance Ultra Cr\u00e8me Jour SPF30 50 ml. Anti-\u00e2ge global, prot\u00e8ge, hydrate et raffermit la peau tout en lissant rides et ridules.\" \/>\n<meta property=\"og:url\" content=\"https:\/\/vitablanca.ma\/ar\/product-2\/nuxe-nuxuriance-ultra-creme-de-soin-de-jour-spf30-50-ml\/\" \/>\n<meta property=\"og:site_name\" content=\"Vitablanca.ma &ndash; Sant&eacute;, vitalit&eacute; et bien-&ecirc;tre pour tous les Marocains\" \/>\n<meta property=\"article:publisher\" content=\"https:\/\/www.facebook.com\/profile.php?id=61576678196717\" \/>\n<meta property=\"article:modified_time\" content=\"2026-02-20T02:02:13+00:00\" \/>\n<meta property=\"og:image\" content=\"https:\/\/vitablanca.ma\/wp-content\/uploads\/2025\/06\/nuxe-nuxuriance-ultra-creme-de-soin-de-jour-spf30-50-ml.jpg\" \/>\n\t<meta property=\"og:image:width\" content=\"800\" \/>\n\t<meta property=\"og:image:height\" content=\"800\" \/>\n\t<meta property=\"og:image:type\" content=\"image\/jpeg\" \/>\n<meta name=\"twitter:card\" content=\"summary_large_image\" \/>\n<meta name=\"twitter:label1\" content=\"\u0648\u0642\u062a \u0627\u0644\u0642\u0631\u0627\u0621\u0629 \u0627\u0644\u0645\u064f\u0642\u062f\u0651\u0631\" \/>\n\t<meta name=\"twitter:data1\" content=\"\u062f\u0642\u064a\u0642\u062a\u0627\u0646\" \/>\n<script type=\"application\/ld+json\" class=\"yoast-schema-graph\">{\"@context\":\"https:\\\/\\\/schema.org\",\"@graph\":[{\"@type\":[\"WebPage\",\"ItemPage\"],\"@id\":\"https:\\\/\\\/vitablanca.ma\\\/produit\\\/nuxe-nuxuriance-ultra-creme-de-soin-de-jour-spf30-50-ml\\\/\",\"url\":\"https:\\\/\\\/vitablanca.ma\\\/produit\\\/nuxe-nuxuriance-ultra-creme-de-soin-de-jour-spf30-50-ml\\\/\",\"name\":\"Nuxe Nuxuriance Ultra Cr\u00e8me De Soin - 50 Ml - Maroc Prix\",\"isPartOf\":{\"@id\":\"https:\\\/\\\/vitablanca.ma\\\/#website\"},\"primaryImageOfPage\":{\"@id\":\"https:\\\/\\\/vitablanca.ma\\\/produit\\\/nuxe-nuxuriance-ultra-creme-de-soin-de-jour-spf30-50-ml\\\/#primaryimage\"},\"image\":{\"@id\":\"https:\\\/\\\/vitablanca.ma\\\/produit\\\/nuxe-nuxuriance-ultra-creme-de-soin-de-jour-spf30-50-ml\\\/#primaryimage\"},\"thumbnailUrl\":\"https:\\\/\\\/vitablanca.ma\\\/wp-content\\\/uploads\\\/2025\\\/06\\\/nuxe-nuxuriance-ultra-creme-de-soin-de-jour-spf30-50-ml.jpg\",\"datePublished\":\"2025-06-11T20:43:26+00:00\",\"dateModified\":\"2026-02-20T02:02:13+00:00\",\"description\":\"NUXE Nuxuriance Ultra Cr\u00e8me Jour SPF30 50 ml. Anti-\u00e2ge global, prot\u00e8ge, hydrate et raffermit la peau tout en lissant rides et ridules.\",\"breadcrumb\":{\"@id\":\"https:\\\/\\\/vitablanca.ma\\\/produit\\\/nuxe-nuxuriance-ultra-creme-de-soin-de-jour-spf30-50-ml\\\/#breadcrumb\"},\"inLanguage\":\"ar\",\"potentialAction\":[{\"@type\":\"ReadAction\",\"target\":[\"https:\\\/\\\/vitablanca.ma\\\/produit\\\/nuxe-nuxuriance-ultra-creme-de-soin-de-jour-spf30-50-ml\\\/\"]}]},{\"@type\":\"ImageObject\",\"inLanguage\":\"ar\",\"@id\":\"https:\\\/\\\/vitablanca.ma\\\/produit\\\/nuxe-nuxuriance-ultra-creme-de-soin-de-jour-spf30-50-ml\\\/#primaryimage\",\"url\":\"https:\\\/\\\/vitablanca.ma\\\/wp-content\\\/uploads\\\/2025\\\/06\\\/nuxe-nuxuriance-ultra-creme-de-soin-de-jour-spf30-50-ml.jpg\",\"contentUrl\":\"https:\\\/\\\/vitablanca.ma\\\/wp-content\\\/uploads\\\/2025\\\/06\\\/nuxe-nuxuriance-ultra-creme-de-soin-de-jour-spf30-50-ml.jpg\",\"width\":800,\"height\":800},{\"@type\":\"BreadcrumbList\",\"@id\":\"https:\\\/\\\/vitablanca.ma\\\/produit\\\/nuxe-nuxuriance-ultra-creme-de-soin-de-jour-spf30-50-ml\\\/#breadcrumb\",\"itemListElement\":[{\"@type\":\"ListItem\",\"position\":1,\"name\":\"Home\",\"item\":\"https:\\\/\\\/vitablanca.ma\\\/\"},{\"@type\":\"ListItem\",\"position\":2,\"name\":\"Tous Les Produits\",\"item\":\"https:\\\/\\\/vitablanca.ma\\\/tous-les-produits\\\/\"},{\"@type\":\"ListItem\",\"position\":3,\"name\":\"Nuxe Nuxuriance Ultra Cr\u00e8me De Soin De Jour SPF30 &#8211; 50 Ml\"}]},{\"@type\":\"WebSite\",\"@id\":\"https:\\\/\\\/vitablanca.ma\\\/#website\",\"url\":\"https:\\\/\\\/vitablanca.ma\\\/\",\"name\":\"VitaBlanca.ma | Compl\u00e9ments alimentaires, sant\u00e9 & beaut\u00e9 au Maroc\",\"description\":\"vendre vitamines et compl\u00e9ments premium des USA &amp; Canada, Nouvelle Z\u00e9lande,Maroc (NOW Foods, Solgar, Manuka). Livraison rapide partout au Maroc.\",\"publisher\":{\"@id\":\"https:\\\/\\\/vitablanca.ma\\\/#organization\"},\"alternateName\":\"VitaBlanca.ma\",\"potentialAction\":[{\"@type\":\"SearchAction\",\"target\":{\"@type\":\"EntryPoint\",\"urlTemplate\":\"https:\\\/\\\/vitablanca.ma\\\/?s={search_term_string}\"},\"query-input\":{\"@type\":\"PropertyValueSpecification\",\"valueRequired\":true,\"valueName\":\"search_term_string\"}}],\"inLanguage\":\"ar\"},{\"@type\":\"Organization\",\"@id\":\"https:\\\/\\\/vitablanca.ma\\\/#organization\",\"name\":\"VitaBlanca\",\"url\":\"https:\\\/\\\/vitablanca.ma\\\/\",\"logo\":{\"@type\":\"ImageObject\",\"inLanguage\":\"ar\",\"@id\":\"https:\\\/\\\/vitablanca.ma\\\/#\\\/schema\\\/logo\\\/image\\\/\",\"url\":\"https:\\\/\\\/vitablanca.ma\\\/wp-content\\\/uploads\\\/2025\\\/05\\\/cropped-vitablanca.png\",\"contentUrl\":\"https:\\\/\\\/vitablanca.ma\\\/wp-content\\\/uploads\\\/2025\\\/05\\\/cropped-vitablanca.png\",\"width\":360,\"height\":67,\"caption\":\"VitaBlanca\"},\"image\":{\"@id\":\"https:\\\/\\\/vitablanca.ma\\\/#\\\/schema\\\/logo\\\/image\\\/\"},\"sameAs\":[\"https:\\\/\\\/www.facebook.com\\\/profile.php?id=61576678196717\",\"https:\\\/\\\/www.tiktok.com\\\/@vitablanca.ma\",\"https:\\\/\\\/www.instagram.com\\\/vitablanca.ma\\\/\"]}]}<\/script>\n<!-- \/ Yoast SEO plugin. -->","yoast_head_json":{"title":"Nuxe Nuxuriance Ultra Cr\u00e8me De Soin - 50 Ml - Maroc Prix","description":"NUXE Nuxuriance Ultra Cr\u00e8me Jour SPF30 50 ml. Anti-\u00e2ge global, prot\u00e8ge, hydrate et raffermit la peau tout en lissant rides et ridules.","robots":{"index":"index","follow":"follow","max-snippet":"max-snippet:-1","max-image-preview":"max-image-preview:large","max-video-preview":"max-video-preview:-1"},"canonical":"https:\/\/vitablanca.ma\/ar\/product-2\/nuxe-nuxuriance-ultra-creme-de-soin-de-jour-spf30-50-ml\/","og_locale":"ar_AR","og_type":"article","og_title":"Nuxe Nuxuriance Ultra Cr\u00e8me De Soin - 50 Ml - Maroc Prix","og_description":"NUXE Nuxuriance Ultra Cr\u00e8me Jour SPF30 50 ml. Anti-\u00e2ge global, prot\u00e8ge, hydrate et raffermit la peau tout en lissant rides et ridules.","og_url":"https:\/\/vitablanca.ma\/ar\/product-2\/nuxe-nuxuriance-ultra-creme-de-soin-de-jour-spf30-50-ml\/","og_site_name":"Vitablanca.ma &ndash; Sant&eacute;, vitalit&eacute; et bien-&ecirc;tre pour tous les Marocains","article_publisher":"https:\/\/www.facebook.com\/profile.php?id=61576678196717","article_modified_time":"2026-02-20T02:02:13+00:00","og_image":[{"width":800,"height":800,"url":"https:\/\/vitablanca.ma\/wp-content\/uploads\/2025\/06\/nuxe-nuxuriance-ultra-creme-de-soin-de-jour-spf30-50-ml.jpg","type":"image\/jpeg"}],"twitter_card":"summary_large_image","twitter_misc":{"\u0648\u0642\u062a \u0627\u0644\u0642\u0631\u0627\u0621\u0629 \u0627\u0644\u0645\u064f\u0642\u062f\u0651\u0631":"\u062f\u0642\u064a\u0642\u062a\u0627\u0646"},"schema":{"@context":"https:\/\/schema.org","@graph":[{"@type":["WebPage","ItemPage"],"@id":"https:\/\/vitablanca.ma\/produit\/nuxe-nuxuriance-ultra-creme-de-soin-de-jour-spf30-50-ml\/","url":"https:\/\/vitablanca.ma\/produit\/nuxe-nuxuriance-ultra-creme-de-soin-de-jour-spf30-50-ml\/","name":"Nuxe Nuxuriance Ultra Cr\u00e8me De Soin - 50 Ml - Maroc Prix","isPartOf":{"@id":"https:\/\/vitablanca.ma\/#website"},"primaryImageOfPage":{"@id":"https:\/\/vitablanca.ma\/produit\/nuxe-nuxuriance-ultra-creme-de-soin-de-jour-spf30-50-ml\/#primaryimage"},"image":{"@id":"https:\/\/vitablanca.ma\/produit\/nuxe-nuxuriance-ultra-creme-de-soin-de-jour-spf30-50-ml\/#primaryimage"},"thumbnailUrl":"https:\/\/vitablanca.ma\/wp-content\/uploads\/2025\/06\/nuxe-nuxuriance-ultra-creme-de-soin-de-jour-spf30-50-ml.jpg","datePublished":"2025-06-11T20:43:26+00:00","dateModified":"2026-02-20T02:02:13+00:00","description":"NUXE Nuxuriance Ultra Cr\u00e8me Jour SPF30 50 ml. Anti-\u00e2ge global, prot\u00e8ge, hydrate et raffermit la peau tout en lissant rides et ridules.","breadcrumb":{"@id":"https:\/\/vitablanca.ma\/produit\/nuxe-nuxuriance-ultra-creme-de-soin-de-jour-spf30-50-ml\/#breadcrumb"},"inLanguage":"ar","potentialAction":[{"@type":"ReadAction","target":["https:\/\/vitablanca.ma\/produit\/nuxe-nuxuriance-ultra-creme-de-soin-de-jour-spf30-50-ml\/"]}]},{"@type":"ImageObject","inLanguage":"ar","@id":"https:\/\/vitablanca.ma\/produit\/nuxe-nuxuriance-ultra-creme-de-soin-de-jour-spf30-50-ml\/#primaryimage","url":"https:\/\/vitablanca.ma\/wp-content\/uploads\/2025\/06\/nuxe-nuxuriance-ultra-creme-de-soin-de-jour-spf30-50-ml.jpg","contentUrl":"https:\/\/vitablanca.ma\/wp-content\/uploads\/2025\/06\/nuxe-nuxuriance-ultra-creme-de-soin-de-jour-spf30-50-ml.jpg","width":800,"height":800},{"@type":"BreadcrumbList","@id":"https:\/\/vitablanca.ma\/produit\/nuxe-nuxuriance-ultra-creme-de-soin-de-jour-spf30-50-ml\/#breadcrumb","itemListElement":[{"@type":"ListItem","position":1,"name":"Home","item":"https:\/\/vitablanca.ma\/"},{"@type":"ListItem","position":2,"name":"Tous Les Produits","item":"https:\/\/vitablanca.ma\/tous-les-produits\/"},{"@type":"ListItem","position":3,"name":"Nuxe Nuxuriance Ultra Cr\u00e8me De Soin De Jour SPF30 &#8211; 50 Ml"}]},{"@type":"WebSite","@id":"https:\/\/vitablanca.ma\/#website","url":"https:\/\/vitablanca.ma\/","name":"VitaBlanca.ma | \u0627\u0644\u0645\u0643\u0645\u0644\u0627\u062a \u0627\u0644\u063a\u0630\u0627\u0626\u064a\u0629\u060c \u0627\u0644\u0635\u062d\u0629 \u0648\u0627\u0644\u062c\u0645\u0627\u0644 \u0641\u064a \u0627\u0644\u0645\u063a\u0631\u0628","description":"\u0646\u0628\u064a\u0639 \u0641\u064a\u062a\u0627\u0645\u064a\u0646\u0627\u062a \u0648\u0645\u0643\u0645\u0644\u0627\u062a \u063a\u0630\u0627\u0626\u064a\u0629 \u0641\u0627\u062e\u0631\u0629 \u0645\u0646 \u0627\u0644\u0648\u0644\u0627\u064a\u0627\u062a \u0627\u0644\u0645\u062a\u062d\u062f\u0629 \u0627\u0644\u0623\u0645\u0631\u064a\u0643\u064a\u0629 \u0648\u0643\u0646\u062f\u0627 \u0648\u0646\u064a\u0648\u0632\u064a\u0644\u0646\u062f\u0627 \u0648\u0627\u0644\u0645\u063a\u0631\u0628 (\u0646\u0627\u0648 \u0641\u0648\u062f\u0632\u060c \u0633\u0648\u0644\u062c\u0627\u0631\u060c \u0645\u0627\u0646\u0648\u0643\u0627). \u062a\u0648\u0635\u064a\u0644 \u0633\u0631\u064a\u0639 \u0625\u0644\u0649 \u062c\u0645\u064a\u0639 \u0623\u0646\u062d\u0627\u0621 \u0627\u0644\u0645\u063a\u0631\u0628.","publisher":{"@id":"https:\/\/vitablanca.ma\/#organization"},"alternateName":"VitaBlanca.ma","potentialAction":[{"@type":"SearchAction","target":{"@type":"EntryPoint","urlTemplate":"https:\/\/vitablanca.ma\/?s={search_term_string}"},"query-input":{"@type":"PropertyValueSpecification","valueRequired":true,"valueName":"search_term_string"}}],"inLanguage":"ar"},{"@type":"Organization","@id":"https:\/\/vitablanca.ma\/#organization","name":"\u0641\u064a\u062a\u0627\u0628\u0644\u0627\u0646\u0643\u0627","url":"https:\/\/vitablanca.ma\/","logo":{"@type":"ImageObject","inLanguage":"ar","@id":"https:\/\/vitablanca.ma\/#\/schema\/logo\/image\/","url":"https:\/\/vitablanca.ma\/wp-content\/uploads\/2025\/05\/cropped-vitablanca.png","contentUrl":"https:\/\/vitablanca.ma\/wp-content\/uploads\/2025\/05\/cropped-vitablanca.png","width":360,"height":67,"caption":"VitaBlanca"},"image":{"@id":"https:\/\/vitablanca.ma\/#\/schema\/logo\/image\/"},"sameAs":["https:\/\/www.facebook.com\/profile.php?id=61576678196717","https:\/\/www.tiktok.com\/@vitablanca.ma","https:\/\/www.instagram.com\/vitablanca.ma\/"]}]}},"jetpack_sharing_enabled":true,"_links":{"self":[{"href":"https:\/\/vitablanca.ma\/ar\/wp-json\/wp\/v2\/product\/20984","targetHints":{"allow":["GET"]}}],"collection":[{"href":"https:\/\/vitablanca.ma\/ar\/wp-json\/wp\/v2\/product"}],"about":[{"href":"https:\/\/vitablanca.ma\/ar\/wp-json\/wp\/v2\/types\/product"}],"wp:featuredmedia":[{"embeddable":true,"href":"https:\/\/vitablanca.ma\/ar\/wp-json\/wp\/v2\/media\/20982"}],"wp:attachment":[{"href":"https:\/\/vitablanca.ma\/ar\/wp-json\/wp\/v2\/media?parent=20984"}],"wp:term":[{"taxonomy":"product_brand","embeddable":true,"href":"https:\/\/vitablanca.ma\/ar\/wp-json\/wp\/v2\/product_brand?post=20984"},{"taxonomy":"product_cat","embeddable":true,"href":"https:\/\/vitablanca.ma\/ar\/wp-json\/wp\/v2\/product_cat?post=20984"},{"taxonomy":"product_tag","embeddable":true,"href":"https:\/\/vitablanca.ma\/ar\/wp-json\/wp\/v2\/product_tag?post=20984"}],"curies":[{"name":"wp","href":"https:\/\/api.w.org\/{rel}","templated":true}]}}