{"id":20957,"date":"2025-06-11T20:42:31","date_gmt":"2025-06-11T20:42:31","guid":{"rendered":"https:\/\/vitablanca.ma\/product\/nuxe-reve-de-the-hydratant-400ml\/"},"modified":"2026-02-20T02:24:14","modified_gmt":"2026-02-20T02:24:14","slug":"nuxe-reve-de-the-hydratant-400ml","status":"publish","type":"product","link":"https:\/\/vitablanca.ma\/ar\/product-2\/nuxe-reve-de-the-hydratant-400ml\/","title":{"rendered":"Nuxe R\u00eave de Th\u00e9 Hydratant 400ml"},"content":{"rendered":"<h1>Nuxe R\u00eave de Th\u00e9 Hydratant 400ml<\/h1>\n<p>Ce lait soyeux va vous faire fondre par sa douceur irr\u00e9sistible : le Th\u00e9 vert s&rsquo;associe \u00e0 un complexe de sucres 100% d&rsquo;origine naturelle pour diffuser une hydratation 24H*. Sa texture fra\u00eeche et fondante p\u00e9n\u00e8tre rapidement, pour pouvoir s&rsquo;habiller tout de suite. Son subtil parfum apporte \u00e0 vos sens le kick de vitalit\u00e9 dont ils ont besoin au quotidien.<\/p>\n<p>&#8211; Peau revitalis\u00e9e pour 88%*** des femmes.<br \/>\n&#8211; 97%** des femmes trouvent leur peau douce et confortable.<br \/>\n&#8211; 89%** remarquent qu&rsquo;il permet de s&rsquo;habiller rapidement apr\u00e8s l&rsquo;application.<\/p>\n<p>\u062a\u0645 \u062a\u0631\u0643\u064a\u0628 \u0627\u0644\u0645\u0646\u062a\u062c \u0648\u062a\u0635\u0646\u064a\u0639\u0647 \u0641\u064a \u0641\u0631\u0646\u0633\u0627.<\/p>\n<p><em>* Test instrumental &#8211; 10 volontaires.<br \/>\n** Test consommateur &#8211; 66 volontaires. % de satisfaction imm\u00e9diatement apr\u00e8s application.<br \/>\n*** Test consommateur &#8211; 66 volontaires. % de satisfaction apr\u00e8s 21 jours d&rsquo;utilisation.<\/em><\/p>\n<p>Lait corporel &#8211; hydrate, adoucit, revitalise.<br \/>\nToutes peaux &#8211; corps.<\/p>\n<p>98% d&rsquo;ingr\u00e9dients d&rsquo;origine naturelle<\/p>\n<h3>\u0646\u0635\u0627\u0626\u062d \u0627\u0644\u062c\u0645\u0627\u0644:<\/h3>\n<p>Comptez 6 noisettes (ou pressions) par jour pour l&rsquo;ensemble du corps.<\/p>\n<p>Massez de pr\u00e9f\u00e9rence les jambes en mouvements ascendants, du pied vers les hanches.<\/p>\n<p>Massez ensuite les bras en lissage des mains vers la poitrine.<\/p>\n<p>Pour le ventre, privil\u00e9giez le massage circulaire dans le sens des aiguilles d&rsquo;une montre (favorise la digestion).<\/p>\n<h3><strong>\u0635\u064a\u063a\u0629:<\/strong><\/h3>\n<p>*\u0648\u0641\u0642\u064b\u0627 \u0644\u0644\u0645\u0639\u064a\u0627\u0631 ISO 16128\u060c \u062a\u0633\u0627\u0647\u0645 \u0646\u0633\u0628\u0629 % \u0627\u0644\u0645\u062a\u0628\u0642\u064a\u0629 \u0641\u064a \u0633\u0644\u0627\u0645\u0629 \u0648\u062d\u0633\u0627\u0633\u064a\u0629 \u0627\u0644\u062a\u0631\u0643\u064a\u0628\u0629<\/p>\n<p>Fragrance : Un parfum ressour\u00e7ant et irr\u00e9sistible, avec des notes p\u00e9tillantes de Rhubarbe et d\u2018Herbes fraiches autour d\u2018un rafra\u00eechissant c\u0153ur de Th\u00e9.<\/p>\n<h3><strong>\u0642\u0627\u0626\u0645\u0629 \u0627\u0644\u0645\u0643\u0648\u0646\u0627\u062a:\u00a0<\/strong><\/h3>\n<p>Les listes d\u2019ingr\u00e9dients entrant dans la composition des produits de notre marque sont r\u00e9guli\u00e8rement mises \u00e0 jour. Avant d\u2019utiliser un produit de notre marque, veuillez lire la liste d\u2019ingr\u00e9dients situ\u00e9e sur son emballage afin de vous assurer que les ingr\u00e9dients sont adapt\u00e9s \u00e0 votre utilisation personnelle.<\/p>\n<p>INGREDIENTS : AQUA\/WATER, GLYCERIN, COCO-CAPRYLATE\/CAPRATE, COCOS NUCIFERA (COCONUT) OIL, HELIANTHUS ANNUUS (SUNFLOWER) SEED OIL, BEHENYL ALCOHOL, PENTYLENE GLYCOL, ARACHIDYL ALCOHOL, PARFUM\/FRAGRANCE, TOCOPHEROL, SACCHARIDE ISOMERATE, CARBOMER, SODIUM STEAROYL GLUTAMATE, ARACHIDYL GLUCOSIDE, CAPRYLYL GLYCOL, GLYCERYL CAPRYLATE, SODIUM GLUCONATE, SODIUM HYDROXIDE, CAMELLIA SINENSIS FLOWER EXTRACT, CITRIC ACID, SODIUM CITRATE, LIMONENE, CITRAL, LINALOOL, ALPHA-ISOMETHYL IONONE, GERANIOL.<\/p>\n<div class=\"productDescription_contentPropertyListItem productDescription_contentPropertyListItem_synopsis productDescription_contentPropertyListItem-active\" data-item=\"\">\n<div id=\"product-description-content-lg-2\" class=\"productDescription_contentProperties productDescription_contentProperties_list\" aria-labelledby=\"product-description-heading-lg-2\" data-item-content=\"\">\n<div class=\"productDescription_synopsisContent\">\n<div>\n<div class=\"productDescription_contentPropertyListItem productDescription_contentPropertyListItem_synopsis\" data-item=\"\">\n<div class=\"productDescription_contentPropertyHeading productDescription_contentPropertyHeading-tabbed\" data-tab-title=\"Portrait\">\n<div class=\"productDescription_contentPropertyListItem productDescription_contentPropertyListItem_directions productDescription_contentPropertyListItem-active\" data-item=\"\">\n<div id=\"product-description-content-lg-15\" class=\"productDescription_contentProperties productDescription_contentProperties_list\" aria-labelledby=\"product-description-heading-lg-15\" data-item-content=\"\">\n<div class=\"productDescription_synopsisContent\">\n<div><\/div>\n<\/div>\n<\/div>\n<\/div>\n<\/div>\n<\/div>\n<\/div>\n<\/div>\n<\/div>\n<\/div>\n<div class=\"productDescription_contentPropertyListItem productDescription_contentPropertyListItem_directions\" data-item=\"\"><\/div>\n<div class=\"productDescription_contentPropertyListItem productDescription_contentPropertyListItem_synopsis productDescription_contentPropertyListItem-active\" data-item=\"\">\n<h3 class=\"productDescription_contentPropertyHeading productDescription_contentPropertyHeading-tabbed\" data-tab-title=\"Portrait\"><\/h3>\n<h3 id=\"product-description-content-lg-2\" class=\"productDescription_contentProperties productDescription_contentProperties_list\" aria-labelledby=\"product-description-heading-lg-2\"><\/h3>\n<\/div>\n<div class=\"productDescription_contentPropertyListItem productDescription_contentPropertyListItem_directions\" data-item=\"\"><\/div>","protected":false},"excerpt":{"rendered":"<p>Nuxe R\u00eave de Th\u00e9 Hydratant 400ml Ce lait soyeux va vous faire fondre par sa douceur irr\u00e9sistible : le Th\u00e9 vert s&rsquo;associe \u00e0 un complexe de sucres 100% d&rsquo;origine naturelle pour diffuser une hydratation 24H*. Sa texture fra\u00eeche et fondante p\u00e9n\u00e8tre rapidement, pour pouvoir s&rsquo;habiller tout de suite. Son subtil parfum apporte \u00e0 vos sens [&hellip;]<\/p>\n","protected":false},"featured_media":20955,"template":"","meta":{"om_disable_all_campaigns":false},"product_brand":[5409],"product_cat":[18],"product_tag":[9603,9778,7204,9779,9776,9554,9615,9775,9777,9527,9780],"class_list":{"0":"post-20957","1":"product","2":"type-product","3":"status-publish","4":"has-post-thumbnail","6":"product_brand-nuxe-maroc-prix","7":"product_cat-beaute-sante","8":"product_tag-cosmetique-francaise-maroc","9":"product_tag-hydratant-400-ml","10":"product_tag-hydratation-intense-peau","11":"product_tag-lait-corps-nuxe","12":"product_tag-lait-hydratant-corps","13":"product_tag-nuxe","14":"product_tag-nuxe-maroc","15":"product_tag-nuxe-reve-de-the","16":"product_tag-peau-douce-et-parfumee","17":"product_tag-soin-corps-nourrissant","18":"product_tag-soin-peau-quotidienne","20":"first","21":"instock","22":"sale","23":"taxable","24":"shipping-taxable","25":"purchasable","26":"product-type-simple"},"yoast_head":"<!-- This site is optimized with the Yoast SEO plugin v27.4 - https:\/\/yoast.com\/product\/yoast-seo-wordpress\/ -->\n<title>Nuxe R\u00eave de Th\u00e9 Hydratant 400ml Maroc Prix -<\/title>\n<meta name=\"description\" content=\"NUXE NUXE R\u00eave de Th\u00e9 Hydratant 400 ml. Nourrit et hydrate intens\u00e9ment la peau, laissant une sensation de douceur et un parfum d\u00e9licat.\" \/>\n<meta name=\"robots\" content=\"index, follow, max-snippet:-1, max-image-preview:large, max-video-preview:-1\" \/>\n<link rel=\"canonical\" href=\"https:\/\/vitablanca.ma\/ar\/product-2\/nuxe-reve-de-the-hydratant-400ml\/\" \/>\n<meta property=\"og:locale\" content=\"ar_AR\" \/>\n<meta property=\"og:type\" content=\"article\" \/>\n<meta property=\"og:title\" content=\"Nuxe R\u00eave de Th\u00e9 Hydratant 400ml Maroc Prix -\" \/>\n<meta property=\"og:description\" content=\"NUXE NUXE R\u00eave de Th\u00e9 Hydratant 400 ml. Nourrit et hydrate intens\u00e9ment la peau, laissant une sensation de douceur et un parfum d\u00e9licat.\" \/>\n<meta property=\"og:url\" content=\"https:\/\/vitablanca.ma\/ar\/product-2\/nuxe-reve-de-the-hydratant-400ml\/\" \/>\n<meta property=\"og:site_name\" content=\"Vitablanca.ma &ndash; Sant&eacute;, vitalit&eacute; et bien-&ecirc;tre pour tous les Marocains\" \/>\n<meta property=\"article:publisher\" content=\"https:\/\/www.facebook.com\/profile.php?id=61576678196717\" \/>\n<meta property=\"article:modified_time\" content=\"2026-02-20T02:24:14+00:00\" \/>\n<meta property=\"og:image\" content=\"https:\/\/vitablanca.ma\/wp-content\/uploads\/2025\/06\/NuxeRevedeTheHydratant400ml_1.jpg\" \/>\n\t<meta property=\"og:image:width\" content=\"1500\" \/>\n\t<meta property=\"og:image:height\" content=\"1500\" \/>\n\t<meta property=\"og:image:type\" content=\"image\/jpeg\" \/>\n<meta name=\"twitter:card\" content=\"summary_large_image\" \/>\n<meta name=\"twitter:label1\" content=\"\u0648\u0642\u062a \u0627\u0644\u0642\u0631\u0627\u0621\u0629 \u0627\u0644\u0645\u064f\u0642\u062f\u0651\u0631\" \/>\n\t<meta name=\"twitter:data1\" content=\"\u062f\u0642\u064a\u0642\u062a\u0627\u0646\" \/>\n<script type=\"application\/ld+json\" class=\"yoast-schema-graph\">{\"@context\":\"https:\\\/\\\/schema.org\",\"@graph\":[{\"@type\":[\"WebPage\",\"ItemPage\"],\"@id\":\"https:\\\/\\\/vitablanca.ma\\\/produit\\\/nuxe-reve-de-the-hydratant-400ml\\\/\",\"url\":\"https:\\\/\\\/vitablanca.ma\\\/produit\\\/nuxe-reve-de-the-hydratant-400ml\\\/\",\"name\":\"Nuxe R\u00eave de Th\u00e9 Hydratant 400ml Maroc Prix -\",\"isPartOf\":{\"@id\":\"https:\\\/\\\/vitablanca.ma\\\/#website\"},\"primaryImageOfPage\":{\"@id\":\"https:\\\/\\\/vitablanca.ma\\\/produit\\\/nuxe-reve-de-the-hydratant-400ml\\\/#primaryimage\"},\"image\":{\"@id\":\"https:\\\/\\\/vitablanca.ma\\\/produit\\\/nuxe-reve-de-the-hydratant-400ml\\\/#primaryimage\"},\"thumbnailUrl\":\"https:\\\/\\\/vitablanca.ma\\\/wp-content\\\/uploads\\\/2025\\\/06\\\/NuxeRevedeTheHydratant400ml_1.jpg\",\"datePublished\":\"2025-06-11T20:42:31+00:00\",\"dateModified\":\"2026-02-20T02:24:14+00:00\",\"description\":\"NUXE NUXE R\u00eave de Th\u00e9 Hydratant 400 ml. Nourrit et hydrate intens\u00e9ment la peau, laissant une sensation de douceur et un parfum d\u00e9licat.\",\"breadcrumb\":{\"@id\":\"https:\\\/\\\/vitablanca.ma\\\/produit\\\/nuxe-reve-de-the-hydratant-400ml\\\/#breadcrumb\"},\"inLanguage\":\"ar\",\"potentialAction\":[{\"@type\":\"ReadAction\",\"target\":[\"https:\\\/\\\/vitablanca.ma\\\/produit\\\/nuxe-reve-de-the-hydratant-400ml\\\/\"]}]},{\"@type\":\"ImageObject\",\"inLanguage\":\"ar\",\"@id\":\"https:\\\/\\\/vitablanca.ma\\\/produit\\\/nuxe-reve-de-the-hydratant-400ml\\\/#primaryimage\",\"url\":\"https:\\\/\\\/vitablanca.ma\\\/wp-content\\\/uploads\\\/2025\\\/06\\\/NuxeRevedeTheHydratant400ml_1.jpg\",\"contentUrl\":\"https:\\\/\\\/vitablanca.ma\\\/wp-content\\\/uploads\\\/2025\\\/06\\\/NuxeRevedeTheHydratant400ml_1.jpg\",\"width\":1500,\"height\":1500},{\"@type\":\"BreadcrumbList\",\"@id\":\"https:\\\/\\\/vitablanca.ma\\\/produit\\\/nuxe-reve-de-the-hydratant-400ml\\\/#breadcrumb\",\"itemListElement\":[{\"@type\":\"ListItem\",\"position\":1,\"name\":\"Home\",\"item\":\"https:\\\/\\\/vitablanca.ma\\\/\"},{\"@type\":\"ListItem\",\"position\":2,\"name\":\"Tous Les Produits\",\"item\":\"https:\\\/\\\/vitablanca.ma\\\/tous-les-produits\\\/\"},{\"@type\":\"ListItem\",\"position\":3,\"name\":\"Nuxe R\u00eave de Th\u00e9 Hydratant 400ml\"}]},{\"@type\":\"WebSite\",\"@id\":\"https:\\\/\\\/vitablanca.ma\\\/#website\",\"url\":\"https:\\\/\\\/vitablanca.ma\\\/\",\"name\":\"VitaBlanca.ma | Compl\u00e9ments alimentaires, sant\u00e9 & beaut\u00e9 au Maroc\",\"description\":\"vendre vitamines et compl\u00e9ments premium des USA &amp; Canada, Nouvelle Z\u00e9lande,Maroc (NOW Foods, Solgar, Manuka). Livraison rapide partout au Maroc.\",\"publisher\":{\"@id\":\"https:\\\/\\\/vitablanca.ma\\\/#organization\"},\"alternateName\":\"VitaBlanca.ma\",\"potentialAction\":[{\"@type\":\"SearchAction\",\"target\":{\"@type\":\"EntryPoint\",\"urlTemplate\":\"https:\\\/\\\/vitablanca.ma\\\/?s={search_term_string}\"},\"query-input\":{\"@type\":\"PropertyValueSpecification\",\"valueRequired\":true,\"valueName\":\"search_term_string\"}}],\"inLanguage\":\"ar\"},{\"@type\":\"Organization\",\"@id\":\"https:\\\/\\\/vitablanca.ma\\\/#organization\",\"name\":\"VitaBlanca\",\"url\":\"https:\\\/\\\/vitablanca.ma\\\/\",\"logo\":{\"@type\":\"ImageObject\",\"inLanguage\":\"ar\",\"@id\":\"https:\\\/\\\/vitablanca.ma\\\/#\\\/schema\\\/logo\\\/image\\\/\",\"url\":\"https:\\\/\\\/vitablanca.ma\\\/wp-content\\\/uploads\\\/2025\\\/05\\\/cropped-vitablanca.png\",\"contentUrl\":\"https:\\\/\\\/vitablanca.ma\\\/wp-content\\\/uploads\\\/2025\\\/05\\\/cropped-vitablanca.png\",\"width\":360,\"height\":67,\"caption\":\"VitaBlanca\"},\"image\":{\"@id\":\"https:\\\/\\\/vitablanca.ma\\\/#\\\/schema\\\/logo\\\/image\\\/\"},\"sameAs\":[\"https:\\\/\\\/www.facebook.com\\\/profile.php?id=61576678196717\",\"https:\\\/\\\/www.tiktok.com\\\/@vitablanca.ma\",\"https:\\\/\\\/www.instagram.com\\\/vitablanca.ma\\\/\"]}]}<\/script>\n<!-- \/ Yoast SEO plugin. -->","yoast_head_json":{"title":"Nuxe R\u00eave de Th\u00e9 Hydratant 400ml Maroc Prix -","description":"NUXE NUXE R\u00eave de Th\u00e9 Hydratant 400 ml. Nourrit et hydrate intens\u00e9ment la peau, laissant une sensation de douceur et un parfum d\u00e9licat.","robots":{"index":"index","follow":"follow","max-snippet":"max-snippet:-1","max-image-preview":"max-image-preview:large","max-video-preview":"max-video-preview:-1"},"canonical":"https:\/\/vitablanca.ma\/ar\/product-2\/nuxe-reve-de-the-hydratant-400ml\/","og_locale":"ar_AR","og_type":"article","og_title":"Nuxe R\u00eave de Th\u00e9 Hydratant 400ml Maroc Prix -","og_description":"NUXE NUXE R\u00eave de Th\u00e9 Hydratant 400 ml. Nourrit et hydrate intens\u00e9ment la peau, laissant une sensation de douceur et un parfum d\u00e9licat.","og_url":"https:\/\/vitablanca.ma\/ar\/product-2\/nuxe-reve-de-the-hydratant-400ml\/","og_site_name":"Vitablanca.ma &ndash; Sant&eacute;, vitalit&eacute; et bien-&ecirc;tre pour tous les Marocains","article_publisher":"https:\/\/www.facebook.com\/profile.php?id=61576678196717","article_modified_time":"2026-02-20T02:24:14+00:00","og_image":[{"width":1500,"height":1500,"url":"https:\/\/vitablanca.ma\/wp-content\/uploads\/2025\/06\/NuxeRevedeTheHydratant400ml_1.jpg","type":"image\/jpeg"}],"twitter_card":"summary_large_image","twitter_misc":{"\u0648\u0642\u062a \u0627\u0644\u0642\u0631\u0627\u0621\u0629 \u0627\u0644\u0645\u064f\u0642\u062f\u0651\u0631":"\u062f\u0642\u064a\u0642\u062a\u0627\u0646"},"schema":{"@context":"https:\/\/schema.org","@graph":[{"@type":["WebPage","ItemPage"],"@id":"https:\/\/vitablanca.ma\/produit\/nuxe-reve-de-the-hydratant-400ml\/","url":"https:\/\/vitablanca.ma\/produit\/nuxe-reve-de-the-hydratant-400ml\/","name":"Nuxe R\u00eave de Th\u00e9 Hydratant 400ml Maroc Prix -","isPartOf":{"@id":"https:\/\/vitablanca.ma\/#website"},"primaryImageOfPage":{"@id":"https:\/\/vitablanca.ma\/produit\/nuxe-reve-de-the-hydratant-400ml\/#primaryimage"},"image":{"@id":"https:\/\/vitablanca.ma\/produit\/nuxe-reve-de-the-hydratant-400ml\/#primaryimage"},"thumbnailUrl":"https:\/\/vitablanca.ma\/wp-content\/uploads\/2025\/06\/NuxeRevedeTheHydratant400ml_1.jpg","datePublished":"2025-06-11T20:42:31+00:00","dateModified":"2026-02-20T02:24:14+00:00","description":"NUXE NUXE R\u00eave de Th\u00e9 Hydratant 400 ml. Nourrit et hydrate intens\u00e9ment la peau, laissant une sensation de douceur et un parfum d\u00e9licat.","breadcrumb":{"@id":"https:\/\/vitablanca.ma\/produit\/nuxe-reve-de-the-hydratant-400ml\/#breadcrumb"},"inLanguage":"ar","potentialAction":[{"@type":"ReadAction","target":["https:\/\/vitablanca.ma\/produit\/nuxe-reve-de-the-hydratant-400ml\/"]}]},{"@type":"ImageObject","inLanguage":"ar","@id":"https:\/\/vitablanca.ma\/produit\/nuxe-reve-de-the-hydratant-400ml\/#primaryimage","url":"https:\/\/vitablanca.ma\/wp-content\/uploads\/2025\/06\/NuxeRevedeTheHydratant400ml_1.jpg","contentUrl":"https:\/\/vitablanca.ma\/wp-content\/uploads\/2025\/06\/NuxeRevedeTheHydratant400ml_1.jpg","width":1500,"height":1500},{"@type":"BreadcrumbList","@id":"https:\/\/vitablanca.ma\/produit\/nuxe-reve-de-the-hydratant-400ml\/#breadcrumb","itemListElement":[{"@type":"ListItem","position":1,"name":"Home","item":"https:\/\/vitablanca.ma\/"},{"@type":"ListItem","position":2,"name":"Tous Les Produits","item":"https:\/\/vitablanca.ma\/tous-les-produits\/"},{"@type":"ListItem","position":3,"name":"Nuxe R\u00eave de Th\u00e9 Hydratant 400ml"}]},{"@type":"WebSite","@id":"https:\/\/vitablanca.ma\/#website","url":"https:\/\/vitablanca.ma\/","name":"VitaBlanca.ma | \u0627\u0644\u0645\u0643\u0645\u0644\u0627\u062a \u0627\u0644\u063a\u0630\u0627\u0626\u064a\u0629\u060c \u0627\u0644\u0635\u062d\u0629 \u0648\u0627\u0644\u062c\u0645\u0627\u0644 \u0641\u064a \u0627\u0644\u0645\u063a\u0631\u0628","description":"\u0646\u0628\u064a\u0639 \u0641\u064a\u062a\u0627\u0645\u064a\u0646\u0627\u062a \u0648\u0645\u0643\u0645\u0644\u0627\u062a \u063a\u0630\u0627\u0626\u064a\u0629 \u0641\u0627\u062e\u0631\u0629 \u0645\u0646 \u0627\u0644\u0648\u0644\u0627\u064a\u0627\u062a \u0627\u0644\u0645\u062a\u062d\u062f\u0629 \u0627\u0644\u0623\u0645\u0631\u064a\u0643\u064a\u0629 \u0648\u0643\u0646\u062f\u0627 \u0648\u0646\u064a\u0648\u0632\u064a\u0644\u0646\u062f\u0627 \u0648\u0627\u0644\u0645\u063a\u0631\u0628 (\u0646\u0627\u0648 \u0641\u0648\u062f\u0632\u060c \u0633\u0648\u0644\u062c\u0627\u0631\u060c \u0645\u0627\u0646\u0648\u0643\u0627). \u062a\u0648\u0635\u064a\u0644 \u0633\u0631\u064a\u0639 \u0625\u0644\u0649 \u062c\u0645\u064a\u0639 \u0623\u0646\u062d\u0627\u0621 \u0627\u0644\u0645\u063a\u0631\u0628.","publisher":{"@id":"https:\/\/vitablanca.ma\/#organization"},"alternateName":"VitaBlanca.ma","potentialAction":[{"@type":"SearchAction","target":{"@type":"EntryPoint","urlTemplate":"https:\/\/vitablanca.ma\/?s={search_term_string}"},"query-input":{"@type":"PropertyValueSpecification","valueRequired":true,"valueName":"search_term_string"}}],"inLanguage":"ar"},{"@type":"Organization","@id":"https:\/\/vitablanca.ma\/#organization","name":"\u0641\u064a\u062a\u0627\u0628\u0644\u0627\u0646\u0643\u0627","url":"https:\/\/vitablanca.ma\/","logo":{"@type":"ImageObject","inLanguage":"ar","@id":"https:\/\/vitablanca.ma\/#\/schema\/logo\/image\/","url":"https:\/\/vitablanca.ma\/wp-content\/uploads\/2025\/05\/cropped-vitablanca.png","contentUrl":"https:\/\/vitablanca.ma\/wp-content\/uploads\/2025\/05\/cropped-vitablanca.png","width":360,"height":67,"caption":"VitaBlanca"},"image":{"@id":"https:\/\/vitablanca.ma\/#\/schema\/logo\/image\/"},"sameAs":["https:\/\/www.facebook.com\/profile.php?id=61576678196717","https:\/\/www.tiktok.com\/@vitablanca.ma","https:\/\/www.instagram.com\/vitablanca.ma\/"]}]}},"jetpack_sharing_enabled":true,"_links":{"self":[{"href":"https:\/\/vitablanca.ma\/ar\/wp-json\/wp\/v2\/product\/20957","targetHints":{"allow":["GET"]}}],"collection":[{"href":"https:\/\/vitablanca.ma\/ar\/wp-json\/wp\/v2\/product"}],"about":[{"href":"https:\/\/vitablanca.ma\/ar\/wp-json\/wp\/v2\/types\/product"}],"wp:featuredmedia":[{"embeddable":true,"href":"https:\/\/vitablanca.ma\/ar\/wp-json\/wp\/v2\/media\/20955"}],"wp:attachment":[{"href":"https:\/\/vitablanca.ma\/ar\/wp-json\/wp\/v2\/media?parent=20957"}],"wp:term":[{"taxonomy":"product_brand","embeddable":true,"href":"https:\/\/vitablanca.ma\/ar\/wp-json\/wp\/v2\/product_brand?post=20957"},{"taxonomy":"product_cat","embeddable":true,"href":"https:\/\/vitablanca.ma\/ar\/wp-json\/wp\/v2\/product_cat?post=20957"},{"taxonomy":"product_tag","embeddable":true,"href":"https:\/\/vitablanca.ma\/ar\/wp-json\/wp\/v2\/product_tag?post=20957"}],"curies":[{"name":"wp","href":"https:\/\/api.w.org\/{rel}","templated":true}]}}