{"id":20951,"date":"2025-06-11T20:42:18","date_gmt":"2025-06-11T20:42:18","guid":{"rendered":"https:\/\/vitablanca.ma\/product\/nuxe-reve-de-miel-gel-nettoyant-200ml\/"},"modified":"2026-02-20T02:28:03","modified_gmt":"2026-02-20T02:28:03","slug":"nuxe-reve-de-miel-gel-nettoyant-200ml","status":"publish","type":"product","link":"https:\/\/vitablanca.ma\/ar\/product-2\/nuxe-reve-de-miel-gel-nettoyant-200ml\/","title":{"rendered":"Nuxe R\u00eave de Miel Gel nettoyant 200ml"},"content":{"rendered":"<h1>Nuxe R\u00eave de Miel Gel nettoyant 200ml<\/h1>\n<p>Ce gel nettoyant d\u00e9maquillant doux au Miel et Tournesol nettoie, apaise et d\u00e9maquille en un seul geste, tout en douceur. Un r\u00e9gal des sens pour une belle peau.<\/p>\n<p>Gel nettoyant et d\u00e9maquillant &#8211; nettoie, apaise et adoucit.<br \/>\nPour les peaux s\u00e8ches et sensibles.<\/p>\n<p>93% d&rsquo;ingr\u00e9dients d&rsquo;origine naturelle<\/p>\n<h3>Conseils beaut\u00e9 :<\/h3>\n<p>Appliquez une noix\/une pression matin et soir sur visage humide, en \u00e9vitant le contour des yeux.<\/p>\n<p>Massez par mouvements circulaires pour d\u00e9crocher les impuret\u00e9s, puis rincez \u00e0 l&rsquo;eau claire.<\/p>\n<p>En cas de contact avec les yeux, rincez abondamment.<\/p>\n<h3><strong>Formule :<\/strong><\/h3>\n<p>Principaux actifs d&rsquo;origine naturelle : Miel, Tournesol, Coco, Allanto\u00efne&#8230;<\/p>\n<p>93% d&rsquo;ingr\u00e9dients d&rsquo;origine naturelle<br \/>\n<em>*Selon la norme ISO 16128, les % restants contribuent \u00e0 l&rsquo;int\u00e9grit\u00e9 et la sensorialit\u00e9 de la formule<\/em><\/p>\n<p>Fragrance : Des effluves miell\u00e9es et enveloppantes qui r\u00e9confortent la peau et l&rsquo;esprit.<\/p>\n<h3><strong>Liste des ingr\u00e9dients :\u00a0<\/strong><\/h3>\n<p>Les listes d\u2019ingr\u00e9dients entrant dans la composition des produits de notre marque sont r\u00e9guli\u00e8rement mises \u00e0 jour. Avant d\u2019utiliser un produit de notre marque, veuillez lire la liste d\u2019ingr\u00e9dients situ\u00e9e sur son emballage afin de vous assurer que les ingr\u00e9dients sont adapt\u00e9s \u00e0 votre utilisation personnelle.<\/p>\n<p>AQUA\/WATER, GLYCERIN, SODIUM LAUROYL SARCOSINATE, MEL\/HONEY, SUNFLOWER SEED OIL PEG-8 ESTERS, ACRYLATES\/C10-30 ALKYL ACRYLATE CROSSPOLYMER, SODIUM COCOAMPHOACETATE, PARFUM\/FRAGRANCE, PHENOXYETHANOL, GLUCONOLACTONE, LAURYL GLUCOSIDE, COCO-GLUCOSIDE, GLYCERYL OLEATE, SODIUM HYDROXIDE, CARAMEL, SODIUM COCOYL GLUTAMATE, SODIUM LAURYL GLUCOSE CARBOXYLATE, ALLANTOIN, SODIUM BENZOATE, TETRASODIUM GLUTAMATE DIACETATE, 1,2-HEXANEDIOL, CAPRYLYL GLYCOL, CITRIC ACID, CALCIUM GLUCONATE, TROPOLONE, HYDROGENATED PALM GLYCERIDES CITRATE, TOCOPHEROL [N2005\/A].<\/p>\n<div class=\"productDescription_contentPropertyListItem productDescription_contentPropertyListItem_synopsis productDescription_contentPropertyListItem-active\" data-item=\"\">\n<div id=\"product-description-content-lg-2\" class=\"productDescription_contentProperties productDescription_contentProperties_list\" aria-labelledby=\"product-description-heading-lg-2\" data-item-content=\"\">\n<div class=\"productDescription_synopsisContent\">\n<div>\n<div class=\"productDescription_contentPropertyListItem productDescription_contentPropertyListItem_synopsis\" data-item=\"\">\n<div class=\"productDescription_contentPropertyHeading productDescription_contentPropertyHeading-tabbed\" data-tab-title=\"Portrait\">\n<div class=\"productDescription_contentPropertyListItem productDescription_contentPropertyListItem_directions productDescription_contentPropertyListItem-active\" data-item=\"\">\n<div id=\"product-description-content-lg-15\" class=\"productDescription_contentProperties productDescription_contentProperties_list\" aria-labelledby=\"product-description-heading-lg-15\" data-item-content=\"\">\n<div class=\"productDescription_synopsisContent\">\n<div><\/div>\n<\/div>\n<\/div>\n<\/div>\n<\/div>\n<\/div>\n<\/div>\n<\/div>\n<\/div>\n<\/div>\n<div class=\"productDescription_contentPropertyListItem productDescription_contentPropertyListItem_directions\" data-item=\"\"><\/div>\n<div class=\"productDescription_contentPropertyListItem productDescription_contentPropertyListItem_synopsis productDescription_contentPropertyListItem-active\" data-item=\"\">\n<h3 class=\"productDescription_contentPropertyHeading productDescription_contentPropertyHeading-tabbed\" data-tab-title=\"Portrait\"><\/h3>\n<h3 id=\"product-description-content-lg-2\" class=\"productDescription_contentProperties productDescription_contentProperties_list\" aria-labelledby=\"product-description-heading-lg-2\"><\/h3>\n<\/div>\n<div class=\"productDescription_contentPropertyListItem productDescription_contentPropertyListItem_directions\" data-item=\"\"><\/div>\n","protected":false},"excerpt":{"rendered":"<p>Nuxe R\u00eave de Miel Gel nettoyant 200ml Ce gel nettoyant d\u00e9maquillant doux au Miel et Tournesol nettoie, apaise et d\u00e9maquille en un seul geste, tout en douceur. Un r\u00e9gal des sens pour une belle peau. Gel nettoyant et d\u00e9maquillant &#8211; nettoie, apaise et adoucit. Pour les peaux s\u00e8ches et sensibles. 93% d&rsquo;ingr\u00e9dients d&rsquo;origine naturelle Conseils [&hellip;]<\/p>\n","protected":false},"featured_media":20948,"template":"","meta":{"om_disable_all_campaigns":false},"product_brand":[5409],"product_cat":[18],"product_tag":[9603,7369,9790,7389,9788,9554,9615,9787,9789,6547,5816],"class_list":{"0":"post-20951","1":"product","2":"type-product","3":"status-publish","4":"has-post-thumbnail","6":"product_brand-nuxe-maroc-prix","7":"product_cat-beaute-sante","8":"product_tag-cosmetique-francaise-maroc","9":"product_tag-gel-nettoyant-200-ml","10":"product_tag-gel-nettoyant-doux-nuxe","11":"product_tag-gel-nettoyant-visage","12":"product_tag-nettoyage-doux-peau","13":"product_tag-nuxe","14":"product_tag-nuxe-maroc","15":"product_tag-nuxe-reve-de-miel","16":"product_tag-peau-apaisee-et-propre","17":"product_tag-soin-quotidien-visage","18":"product_tag-soin-visage-hydratant","20":"first","21":"instock","22":"sale","23":"taxable","24":"shipping-taxable","25":"purchasable","26":"product-type-simple"},"yoast_head":"<!-- This site is optimized with the Yoast SEO plugin v27.4 - https:\/\/yoast.com\/product\/yoast-seo-wordpress\/ -->\n<title>Nuxe R\u00eave de Miel Gel nettoyant 200ml - Maroc Prix<\/title>\n<meta name=\"description\" content=\"NUXE NUXE R\u00eave de Miel Gel Nettoyant 200 ml. Nettoie en douceur, apaise et hydrate la peau pour un visage propre, doux et confortable.\" \/>\n<meta name=\"robots\" content=\"index, follow, max-snippet:-1, max-image-preview:large, max-video-preview:-1\" \/>\n<link rel=\"canonical\" href=\"https:\/\/vitablanca.ma\/ar\/product-2\/nuxe-reve-de-miel-gel-nettoyant-200ml\/\" \/>\n<meta property=\"og:locale\" content=\"ar_AR\" \/>\n<meta property=\"og:type\" content=\"article\" \/>\n<meta property=\"og:title\" content=\"Nuxe R\u00eave de Miel Gel nettoyant 200ml - Maroc Prix\" \/>\n<meta property=\"og:description\" content=\"NUXE NUXE R\u00eave de Miel Gel Nettoyant 200 ml. Nettoie en douceur, apaise et hydrate la peau pour un visage propre, doux et confortable.\" \/>\n<meta property=\"og:url\" content=\"https:\/\/vitablanca.ma\/ar\/product-2\/nuxe-reve-de-miel-gel-nettoyant-200ml\/\" \/>\n<meta property=\"og:site_name\" content=\"Vitablanca.ma &ndash; Sant&eacute;, vitalit&eacute; et bien-&ecirc;tre pour tous les Marocains\" \/>\n<meta property=\"article:publisher\" content=\"https:\/\/www.facebook.com\/profile.php?id=61576678196717\" \/>\n<meta property=\"article:modified_time\" content=\"2026-02-20T02:28:03+00:00\" \/>\n<meta property=\"og:image\" content=\"https:\/\/vitablanca.ma\/wp-content\/uploads\/2025\/06\/NuxeRevedeMielGelnettoyant200ml_2.jpg\" \/>\n\t<meta property=\"og:image:width\" content=\"1500\" \/>\n\t<meta property=\"og:image:height\" content=\"1500\" \/>\n\t<meta property=\"og:image:type\" content=\"image\/jpeg\" \/>\n<meta name=\"twitter:card\" content=\"summary_large_image\" \/>\n<meta name=\"twitter:label1\" content=\"\u0648\u0642\u062a \u0627\u0644\u0642\u0631\u0627\u0621\u0629 \u0627\u0644\u0645\u064f\u0642\u062f\u0651\u0631\" \/>\n\t<meta name=\"twitter:data1\" content=\"\u062f\u0642\u064a\u0642\u062a\u0627\u0646\" \/>\n<script type=\"application\/ld+json\" class=\"yoast-schema-graph\">{\"@context\":\"https:\\\/\\\/schema.org\",\"@graph\":[{\"@type\":[\"WebPage\",\"ItemPage\"],\"@id\":\"https:\\\/\\\/vitablanca.ma\\\/produit\\\/nuxe-reve-de-miel-gel-nettoyant-200ml\\\/\",\"url\":\"https:\\\/\\\/vitablanca.ma\\\/produit\\\/nuxe-reve-de-miel-gel-nettoyant-200ml\\\/\",\"name\":\"Nuxe R\u00eave de Miel Gel nettoyant 200ml - Maroc Prix\",\"isPartOf\":{\"@id\":\"https:\\\/\\\/vitablanca.ma\\\/#website\"},\"primaryImageOfPage\":{\"@id\":\"https:\\\/\\\/vitablanca.ma\\\/produit\\\/nuxe-reve-de-miel-gel-nettoyant-200ml\\\/#primaryimage\"},\"image\":{\"@id\":\"https:\\\/\\\/vitablanca.ma\\\/produit\\\/nuxe-reve-de-miel-gel-nettoyant-200ml\\\/#primaryimage\"},\"thumbnailUrl\":\"https:\\\/\\\/vitablanca.ma\\\/wp-content\\\/uploads\\\/2025\\\/06\\\/NuxeRevedeMielGelnettoyant200ml_2.jpg\",\"datePublished\":\"2025-06-11T20:42:18+00:00\",\"dateModified\":\"2026-02-20T02:28:03+00:00\",\"description\":\"NUXE NUXE R\u00eave de Miel Gel Nettoyant 200 ml. Nettoie en douceur, apaise et hydrate la peau pour un visage propre, doux et confortable.\",\"breadcrumb\":{\"@id\":\"https:\\\/\\\/vitablanca.ma\\\/produit\\\/nuxe-reve-de-miel-gel-nettoyant-200ml\\\/#breadcrumb\"},\"inLanguage\":\"ar\",\"potentialAction\":[{\"@type\":\"ReadAction\",\"target\":[\"https:\\\/\\\/vitablanca.ma\\\/produit\\\/nuxe-reve-de-miel-gel-nettoyant-200ml\\\/\"]}]},{\"@type\":\"ImageObject\",\"inLanguage\":\"ar\",\"@id\":\"https:\\\/\\\/vitablanca.ma\\\/produit\\\/nuxe-reve-de-miel-gel-nettoyant-200ml\\\/#primaryimage\",\"url\":\"https:\\\/\\\/vitablanca.ma\\\/wp-content\\\/uploads\\\/2025\\\/06\\\/NuxeRevedeMielGelnettoyant200ml_2.jpg\",\"contentUrl\":\"https:\\\/\\\/vitablanca.ma\\\/wp-content\\\/uploads\\\/2025\\\/06\\\/NuxeRevedeMielGelnettoyant200ml_2.jpg\",\"width\":1500,\"height\":1500},{\"@type\":\"BreadcrumbList\",\"@id\":\"https:\\\/\\\/vitablanca.ma\\\/produit\\\/nuxe-reve-de-miel-gel-nettoyant-200ml\\\/#breadcrumb\",\"itemListElement\":[{\"@type\":\"ListItem\",\"position\":1,\"name\":\"Home\",\"item\":\"https:\\\/\\\/vitablanca.ma\\\/\"},{\"@type\":\"ListItem\",\"position\":2,\"name\":\"Tous Les Produits\",\"item\":\"https:\\\/\\\/vitablanca.ma\\\/tous-les-produits\\\/\"},{\"@type\":\"ListItem\",\"position\":3,\"name\":\"Nuxe R\u00eave de Miel Gel nettoyant 200ml\"}]},{\"@type\":\"WebSite\",\"@id\":\"https:\\\/\\\/vitablanca.ma\\\/#website\",\"url\":\"https:\\\/\\\/vitablanca.ma\\\/\",\"name\":\"VitaBlanca.ma | Compl\u00e9ments alimentaires, sant\u00e9 & beaut\u00e9 au Maroc\",\"description\":\"vendre vitamines et compl\u00e9ments premium des USA &amp; Canada, Nouvelle Z\u00e9lande,Maroc (NOW Foods, Solgar, Manuka). Livraison rapide partout au Maroc.\",\"publisher\":{\"@id\":\"https:\\\/\\\/vitablanca.ma\\\/#organization\"},\"alternateName\":\"VitaBlanca.ma\",\"potentialAction\":[{\"@type\":\"SearchAction\",\"target\":{\"@type\":\"EntryPoint\",\"urlTemplate\":\"https:\\\/\\\/vitablanca.ma\\\/?s={search_term_string}\"},\"query-input\":{\"@type\":\"PropertyValueSpecification\",\"valueRequired\":true,\"valueName\":\"search_term_string\"}}],\"inLanguage\":\"ar\"},{\"@type\":\"Organization\",\"@id\":\"https:\\\/\\\/vitablanca.ma\\\/#organization\",\"name\":\"VitaBlanca\",\"url\":\"https:\\\/\\\/vitablanca.ma\\\/\",\"logo\":{\"@type\":\"ImageObject\",\"inLanguage\":\"ar\",\"@id\":\"https:\\\/\\\/vitablanca.ma\\\/#\\\/schema\\\/logo\\\/image\\\/\",\"url\":\"https:\\\/\\\/vitablanca.ma\\\/wp-content\\\/uploads\\\/2025\\\/05\\\/cropped-vitablanca.png\",\"contentUrl\":\"https:\\\/\\\/vitablanca.ma\\\/wp-content\\\/uploads\\\/2025\\\/05\\\/cropped-vitablanca.png\",\"width\":360,\"height\":67,\"caption\":\"VitaBlanca\"},\"image\":{\"@id\":\"https:\\\/\\\/vitablanca.ma\\\/#\\\/schema\\\/logo\\\/image\\\/\"},\"sameAs\":[\"https:\\\/\\\/www.facebook.com\\\/profile.php?id=61576678196717\",\"https:\\\/\\\/www.tiktok.com\\\/@vitablanca.ma\",\"https:\\\/\\\/www.instagram.com\\\/vitablanca.ma\\\/\"]}]}<\/script>\n<!-- \/ Yoast SEO plugin. -->","yoast_head_json":{"title":"Nuxe R\u00eave de Miel Gel nettoyant 200ml - Maroc Prix","description":"NUXE NUXE R\u00eave de Miel Gel Nettoyant 200 ml. Nettoie en douceur, apaise et hydrate la peau pour un visage propre, doux et confortable.","robots":{"index":"index","follow":"follow","max-snippet":"max-snippet:-1","max-image-preview":"max-image-preview:large","max-video-preview":"max-video-preview:-1"},"canonical":"https:\/\/vitablanca.ma\/ar\/product-2\/nuxe-reve-de-miel-gel-nettoyant-200ml\/","og_locale":"ar_AR","og_type":"article","og_title":"Nuxe R\u00eave de Miel Gel nettoyant 200ml - Maroc Prix","og_description":"NUXE NUXE R\u00eave de Miel Gel Nettoyant 200 ml. Nettoie en douceur, apaise et hydrate la peau pour un visage propre, doux et confortable.","og_url":"https:\/\/vitablanca.ma\/ar\/product-2\/nuxe-reve-de-miel-gel-nettoyant-200ml\/","og_site_name":"Vitablanca.ma &ndash; Sant&eacute;, vitalit&eacute; et bien-&ecirc;tre pour tous les Marocains","article_publisher":"https:\/\/www.facebook.com\/profile.php?id=61576678196717","article_modified_time":"2026-02-20T02:28:03+00:00","og_image":[{"width":1500,"height":1500,"url":"https:\/\/vitablanca.ma\/wp-content\/uploads\/2025\/06\/NuxeRevedeMielGelnettoyant200ml_2.jpg","type":"image\/jpeg"}],"twitter_card":"summary_large_image","twitter_misc":{"\u0648\u0642\u062a \u0627\u0644\u0642\u0631\u0627\u0621\u0629 \u0627\u0644\u0645\u064f\u0642\u062f\u0651\u0631":"\u062f\u0642\u064a\u0642\u062a\u0627\u0646"},"schema":{"@context":"https:\/\/schema.org","@graph":[{"@type":["WebPage","ItemPage"],"@id":"https:\/\/vitablanca.ma\/produit\/nuxe-reve-de-miel-gel-nettoyant-200ml\/","url":"https:\/\/vitablanca.ma\/produit\/nuxe-reve-de-miel-gel-nettoyant-200ml\/","name":"Nuxe R\u00eave de Miel Gel nettoyant 200ml - Maroc Prix","isPartOf":{"@id":"https:\/\/vitablanca.ma\/#website"},"primaryImageOfPage":{"@id":"https:\/\/vitablanca.ma\/produit\/nuxe-reve-de-miel-gel-nettoyant-200ml\/#primaryimage"},"image":{"@id":"https:\/\/vitablanca.ma\/produit\/nuxe-reve-de-miel-gel-nettoyant-200ml\/#primaryimage"},"thumbnailUrl":"https:\/\/vitablanca.ma\/wp-content\/uploads\/2025\/06\/NuxeRevedeMielGelnettoyant200ml_2.jpg","datePublished":"2025-06-11T20:42:18+00:00","dateModified":"2026-02-20T02:28:03+00:00","description":"NUXE NUXE R\u00eave de Miel Gel Nettoyant 200 ml. Nettoie en douceur, apaise et hydrate la peau pour un visage propre, doux et confortable.","breadcrumb":{"@id":"https:\/\/vitablanca.ma\/produit\/nuxe-reve-de-miel-gel-nettoyant-200ml\/#breadcrumb"},"inLanguage":"ar","potentialAction":[{"@type":"ReadAction","target":["https:\/\/vitablanca.ma\/produit\/nuxe-reve-de-miel-gel-nettoyant-200ml\/"]}]},{"@type":"ImageObject","inLanguage":"ar","@id":"https:\/\/vitablanca.ma\/produit\/nuxe-reve-de-miel-gel-nettoyant-200ml\/#primaryimage","url":"https:\/\/vitablanca.ma\/wp-content\/uploads\/2025\/06\/NuxeRevedeMielGelnettoyant200ml_2.jpg","contentUrl":"https:\/\/vitablanca.ma\/wp-content\/uploads\/2025\/06\/NuxeRevedeMielGelnettoyant200ml_2.jpg","width":1500,"height":1500},{"@type":"BreadcrumbList","@id":"https:\/\/vitablanca.ma\/produit\/nuxe-reve-de-miel-gel-nettoyant-200ml\/#breadcrumb","itemListElement":[{"@type":"ListItem","position":1,"name":"Home","item":"https:\/\/vitablanca.ma\/"},{"@type":"ListItem","position":2,"name":"Tous Les Produits","item":"https:\/\/vitablanca.ma\/tous-les-produits\/"},{"@type":"ListItem","position":3,"name":"Nuxe R\u00eave de Miel Gel nettoyant 200ml"}]},{"@type":"WebSite","@id":"https:\/\/vitablanca.ma\/#website","url":"https:\/\/vitablanca.ma\/","name":"VitaBlanca.ma | \u0627\u0644\u0645\u0643\u0645\u0644\u0627\u062a \u0627\u0644\u063a\u0630\u0627\u0626\u064a\u0629\u060c \u0627\u0644\u0635\u062d\u0629 \u0648\u0627\u0644\u062c\u0645\u0627\u0644 \u0641\u064a \u0627\u0644\u0645\u063a\u0631\u0628","description":"\u0646\u0628\u064a\u0639 \u0641\u064a\u062a\u0627\u0645\u064a\u0646\u0627\u062a \u0648\u0645\u0643\u0645\u0644\u0627\u062a \u063a\u0630\u0627\u0626\u064a\u0629 \u0641\u0627\u062e\u0631\u0629 \u0645\u0646 \u0627\u0644\u0648\u0644\u0627\u064a\u0627\u062a \u0627\u0644\u0645\u062a\u062d\u062f\u0629 \u0627\u0644\u0623\u0645\u0631\u064a\u0643\u064a\u0629 \u0648\u0643\u0646\u062f\u0627 \u0648\u0646\u064a\u0648\u0632\u064a\u0644\u0646\u062f\u0627 \u0648\u0627\u0644\u0645\u063a\u0631\u0628 (\u0646\u0627\u0648 \u0641\u0648\u062f\u0632\u060c \u0633\u0648\u0644\u062c\u0627\u0631\u060c \u0645\u0627\u0646\u0648\u0643\u0627). \u062a\u0648\u0635\u064a\u0644 \u0633\u0631\u064a\u0639 \u0625\u0644\u0649 \u062c\u0645\u064a\u0639 \u0623\u0646\u062d\u0627\u0621 \u0627\u0644\u0645\u063a\u0631\u0628.","publisher":{"@id":"https:\/\/vitablanca.ma\/#organization"},"alternateName":"VitaBlanca.ma","potentialAction":[{"@type":"SearchAction","target":{"@type":"EntryPoint","urlTemplate":"https:\/\/vitablanca.ma\/?s={search_term_string}"},"query-input":{"@type":"PropertyValueSpecification","valueRequired":true,"valueName":"search_term_string"}}],"inLanguage":"ar"},{"@type":"Organization","@id":"https:\/\/vitablanca.ma\/#organization","name":"\u0641\u064a\u062a\u0627\u0628\u0644\u0627\u0646\u0643\u0627","url":"https:\/\/vitablanca.ma\/","logo":{"@type":"ImageObject","inLanguage":"ar","@id":"https:\/\/vitablanca.ma\/#\/schema\/logo\/image\/","url":"https:\/\/vitablanca.ma\/wp-content\/uploads\/2025\/05\/cropped-vitablanca.png","contentUrl":"https:\/\/vitablanca.ma\/wp-content\/uploads\/2025\/05\/cropped-vitablanca.png","width":360,"height":67,"caption":"VitaBlanca"},"image":{"@id":"https:\/\/vitablanca.ma\/#\/schema\/logo\/image\/"},"sameAs":["https:\/\/www.facebook.com\/profile.php?id=61576678196717","https:\/\/www.tiktok.com\/@vitablanca.ma","https:\/\/www.instagram.com\/vitablanca.ma\/"]}]}},"jetpack_sharing_enabled":true,"_links":{"self":[{"href":"https:\/\/vitablanca.ma\/ar\/wp-json\/wp\/v2\/product\/20951","targetHints":{"allow":["GET"]}}],"collection":[{"href":"https:\/\/vitablanca.ma\/ar\/wp-json\/wp\/v2\/product"}],"about":[{"href":"https:\/\/vitablanca.ma\/ar\/wp-json\/wp\/v2\/types\/product"}],"wp:featuredmedia":[{"embeddable":true,"href":"https:\/\/vitablanca.ma\/ar\/wp-json\/wp\/v2\/media\/20948"}],"wp:attachment":[{"href":"https:\/\/vitablanca.ma\/ar\/wp-json\/wp\/v2\/media?parent=20951"}],"wp:term":[{"taxonomy":"product_brand","embeddable":true,"href":"https:\/\/vitablanca.ma\/ar\/wp-json\/wp\/v2\/product_brand?post=20951"},{"taxonomy":"product_cat","embeddable":true,"href":"https:\/\/vitablanca.ma\/ar\/wp-json\/wp\/v2\/product_cat?post=20951"},{"taxonomy":"product_tag","embeddable":true,"href":"https:\/\/vitablanca.ma\/ar\/wp-json\/wp\/v2\/product_tag?post=20951"}],"curies":[{"name":"wp","href":"https:\/\/api.w.org\/{rel}","templated":true}]}}