{"id":20936,"date":"2025-06-11T20:41:42","date_gmt":"2025-06-11T20:41:42","guid":{"rendered":"https:\/\/vitablanca.ma\/product\/nuxe-creme-magique-creme-fraiche-de-beaute-3en1-100ml\/"},"modified":"2026-02-20T02:37:54","modified_gmt":"2026-02-20T02:37:54","slug":"nuxe-creme-magique-creme-fraiche-de-beaute-3en1-100ml","status":"publish","type":"product","link":"https:\/\/vitablanca.ma\/ar\/product-2\/nuxe-creme-magique-creme-fraiche-de-beaute-3en1-100ml\/","title":{"rendered":"Nuxe Cr\u00e8me Magique Cr\u00e8me fra\u00eeche de beaut\u00e9 3en1 100ml"},"content":{"rendered":"<h1>Nuxe Cr\u00e8me Magique Cr\u00e8me fra\u00eeche de beaut\u00e9 3en1 100ml<\/h1>\n<p>Fondez pour l\u2019hydratation gourmande.<\/p>\n<p>3 produits en un seul tube ! Succombez \u00e0 ce soin multi-fonctions \u00e0 la fois cr\u00e8me hydratante 48h*, lait d\u00e9maquillant et masque repulpant.<\/p>\n<p>Ce soin magique enrichi en Lait V\u00e9g\u00e9tal et Huile d&rsquo;Amande Douce tient son secret dans une formulation in\u00e9dite et une texture irr\u00e9sistible. Il s&rsquo;utilise en plus ou moins grande quantit\u00e9 pour combler tous vos besoins:<\/p>\n<p>-En cr\u00e8me : une demi-noisette suffit pour booster l&rsquo;hydratation de votre peau et procurer une sensation de confort imm\u00e9diat. Eclatante pour 81%** des femmes, la peau est plus douce et sublim\u00e9e.<\/p>\n<p>-En d\u00e9maquillant : utilisez l&rsquo;\u00e9quivalent de deux amandes pour actionner son pouvoir nettoyant sous l&rsquo;effet du massage. Il dissout le maquillage et les impuret\u00e9s du visage et des yeux sans laisser de film gras. Pour une peau douce et hydrat\u00e9e.<\/p>\n<p>-En masque : il s&rsquo;applique en couche \u00e9paisse et laisser poser 5 minutes, 1 \u00e0 2 fois par semaine pour une peau repulp\u00e9e et rebondie.<\/p>\n<p>La Cr\u00e8me fra\u00eeche de beaut\u00e9\u00ae 3-en-1 : un soin formul\u00e9 et fabriqu\u00e9 en France.<\/p>\n<p>100%*** de femmes convaincues de son pouvoir hydratant, 100% de plaisir.<\/p>\n<p>Note Yuka : 100\/100<\/p>\n<p>*Hydratation 48h : test instrumental &#8211; 10 volontaires.<\/p>\n<p>** Test d&rsquo;usage- 22 volontaires &#8211; % de satisfaction.<\/p>\n<p>***Test d&rsquo;usage- 22 volontaires &#8211; % de satisfaction en imm\u00e9diat et \u00e0 28 jours.<\/p>\n<h3>Conseils d&rsquo;utilisation:<\/h3>\n<p>En cr\u00e8me hydratante et contour des yeux :<\/p>\n<p>Matin et soir, appliquer une demi-noisette de produit sur le visage et le contour des yeux.<\/p>\n<p>En lait d\u00e9maquillant :<\/p>\n<p>Appliquer plus g\u00e9n\u00e9reusement (2 amandes) aux doigts ou avec un coton r\u00e9utilisable, en massant d\u00e9licatement le visage et les yeux. Rincer \u00e0 l&rsquo;eau ou avec un coton humide r\u00e9utilisable.<\/p>\n<p>En masque :<\/p>\n<p>1 \u00e0 2 fois par semaine, appliquer en couche \u00e9paisse (3 amandes) sur le visage et le contour des yeux, laisser poser 5 minutes puis retirer l&rsquo;exc\u00e9dent avec un coton humide.<\/p>\n<h3><strong>Liste des ingr\u00e9dients:<\/strong><\/h3>\n<p>Les listes d\u2019ingr\u00e9dients entrant dans la composition des produits de notre marque sont r\u00e9guli\u00e8rement mises \u00e0 jour. Avant d\u2019utiliser un produit de notre marque, veuillez lire la liste d\u2019ingr\u00e9dients situ\u00e9e sur son emballage afin de vous assurer que les ingr\u00e9dients sont adapt\u00e9s \u00e0 votre utilisation personnelle.<\/p>\n<p>AQUA\/WATER, COCO-CAPRYLATE\/CAPRATE, PRUNUS AMYGDALUS DULCIS (SWEET ALMOND) OIL, GLYCERIN, BEHENYL ALCOHOL, BUTYROSPERMUM PARKII (SHEA) BUTTER, GLYCERYL STEARATE CITRATE, PENTYLENE GLYCOL, CETEARYL ALCOHOL, PARFUM\/FRAGRANCE, HYDROXYACETOPHENONE, SODIUM STEAROYL GLUTAMATE, SPHINGOMONAS FERMENT EXTRACT, GLYCERYL CAPRYLATE, SODIUM GLUCONATE, TOCOPHEROL, CITRIC ACID, HYDROGENATED LECITHIN, PHENETHYL ALCOHOL, SODIUM CARRAGEENAN, MARIS SAL\/SEA SALT [N5204\/A].<\/p>\n<div class=\"productDescription_contentPropertyListItem productDescription_contentPropertyListItem_synopsis productDescription_contentPropertyListItem-active\" data-item=\"\">\n<div id=\"product-description-content-lg-2\" class=\"productDescription_contentProperties productDescription_contentProperties_list\" aria-labelledby=\"product-description-heading-lg-2\" data-item-content=\"\">\n<div class=\"productDescription_synopsisContent\">\n<div>\n<div class=\"productDescription_contentPropertyListItem productDescription_contentPropertyListItem_synopsis\" data-item=\"\">\n<div class=\"productDescription_contentPropertyHeading productDescription_contentPropertyHeading-tabbed\" data-tab-title=\"Portrait\">\n<div class=\"productDescription_contentPropertyListItem productDescription_contentPropertyListItem_directions productDescription_contentPropertyListItem-active\" data-item=\"\">\n<div id=\"product-description-content-lg-15\" class=\"productDescription_contentProperties productDescription_contentProperties_list\" aria-labelledby=\"product-description-heading-lg-15\" data-item-content=\"\">\n<div class=\"productDescription_synopsisContent\">\n<div style=\"text-align: center;\">D\u00e9couvrez <strong>Nuxe Cr\u00e8me Magique Cr\u00e8me fra\u00eeche de beaut\u00e9 3en1<\/strong>, un produit soigneusement s\u00e9lectionn\u00e9 pour r\u00e9pondre \u00e0 vos besoins sp\u00e9cifiques, et vivez une exp\u00e9rience d&rsquo;achat exceptionnelle sur notre site,\u00a0<strong>Vita Blanca Parapharmacie Maroc<\/strong><\/div>\n<\/div>\n<\/div>\n<\/div>\n<\/div>\n<\/div>\n<\/div>\n<\/div>\n<\/div>\n<\/div>\n<div class=\"productDescription_contentPropertyListItem productDescription_contentPropertyListItem_directions\" data-item=\"\"><\/div>\n<div class=\"productDescription_contentPropertyListItem productDescription_contentPropertyListItem_synopsis productDescription_contentPropertyListItem-active\" data-item=\"\">\n<h3 class=\"productDescription_contentPropertyHeading productDescription_contentPropertyHeading-tabbed\" data-tab-title=\"Portrait\"><\/h3>\n<h3 id=\"product-description-content-lg-2\" class=\"productDescription_contentProperties productDescription_contentProperties_list\" aria-labelledby=\"product-description-heading-lg-2\"><\/h3>\n<\/div>\n<div class=\"productDescription_contentPropertyListItem productDescription_contentPropertyListItem_directions\" data-item=\"\"><\/div>\n","protected":false},"excerpt":{"rendered":"<p>Nuxe Cr\u00e8me Magique Cr\u00e8me fra\u00eeche de beaut\u00e9 3en1 100ml Fondez pour l\u2019hydratation gourmande. 3 produits en un seul tube ! Succombez \u00e0 ce soin multi-fonctions \u00e0 la fois cr\u00e8me hydratante 48h*, lait d\u00e9maquillant et masque repulpant. Ce soin magique enrichi en Lait V\u00e9g\u00e9tal et Huile d&rsquo;Amande Douce tient son secret dans une formulation in\u00e9dite et [&hellip;]<\/p>\n","protected":false},"featured_media":20934,"template":"","meta":{"om_disable_all_campaigns":false},"product_brand":[5409],"product_cat":[18],"product_tag":[9603,9814,9818,9817,9705,9554,9813,9615,9816,9815,6547],"class_list":{"0":"post-20936","1":"product","2":"type-product","3":"status-publish","4":"has-post-thumbnail","6":"product_brand-nuxe-maroc-prix","7":"product_cat-beaute-sante","8":"product_tag-cosmetique-francaise-maroc","9":"product_tag-creme-fraiche-de-beaute-3-en-1","10":"product_tag-creme-fraiche-nuxe","11":"product_tag-creme-visage-100-ml","12":"product_tag-lissage-rides-et-ridules","13":"product_tag-nuxe","14":"product_tag-nuxe-creme-magique","15":"product_tag-nuxe-maroc","16":"product_tag-peau-eclatante-et-confortable","17":"product_tag-soin-hydratant-visage","18":"product_tag-soin-quotidien-visage","20":"first","21":"instock","22":"taxable","23":"shipping-taxable","24":"purchasable","25":"product-type-simple"},"yoast_head":"<!-- This site is optimized with the Yoast SEO plugin v27.4 - https:\/\/yoast.com\/product\/yoast-seo-wordpress\/ -->\n<title>Nuxe Cr\u00e8me Magique Cr\u00e8me fra\u00eeche de beaut\u00e9 100ml - Maroc Prix<\/title>\n<meta name=\"description\" content=\"NUXE NUXE Cr\u00e8me Magique 3-en-1 100 ml. Hydrate, lisse et illumine la peau pour un teint frais, confortable et \u00e9clatant au quotidien.\" \/>\n<meta name=\"robots\" content=\"index, follow, max-snippet:-1, max-image-preview:large, max-video-preview:-1\" \/>\n<link rel=\"canonical\" href=\"https:\/\/vitablanca.ma\/ar\/product-2\/nuxe-creme-magique-creme-fraiche-de-beaute-3en1-100ml\/\" \/>\n<meta property=\"og:locale\" content=\"ar_AR\" \/>\n<meta property=\"og:type\" content=\"article\" \/>\n<meta property=\"og:title\" content=\"Nuxe Cr\u00e8me Magique Cr\u00e8me fra\u00eeche de beaut\u00e9 100ml - Maroc Prix\" \/>\n<meta property=\"og:description\" content=\"NUXE NUXE Cr\u00e8me Magique 3-en-1 100 ml. Hydrate, lisse et illumine la peau pour un teint frais, confortable et \u00e9clatant au quotidien.\" \/>\n<meta property=\"og:url\" content=\"https:\/\/vitablanca.ma\/ar\/product-2\/nuxe-creme-magique-creme-fraiche-de-beaute-3en1-100ml\/\" \/>\n<meta property=\"og:site_name\" content=\"Vitablanca.ma &ndash; Sant&eacute;, vitalit&eacute; et bien-&ecirc;tre pour tous les Marocains\" \/>\n<meta property=\"article:publisher\" content=\"https:\/\/www.facebook.com\/profile.php?id=61576678196717\" \/>\n<meta property=\"article:modified_time\" content=\"2026-02-20T02:37:54+00:00\" \/>\n<meta property=\"og:image\" content=\"https:\/\/vitablanca.ma\/wp-content\/uploads\/2025\/06\/13900292-2934988911919109_1-Nova-para-prix-Maroc.jpg\" \/>\n\t<meta property=\"og:image:width\" content=\"1500\" \/>\n\t<meta property=\"og:image:height\" content=\"1500\" \/>\n\t<meta property=\"og:image:type\" content=\"image\/jpeg\" \/>\n<meta name=\"twitter:card\" content=\"summary_large_image\" \/>\n<meta name=\"twitter:label1\" content=\"\u0648\u0642\u062a \u0627\u0644\u0642\u0631\u0627\u0621\u0629 \u0627\u0644\u0645\u064f\u0642\u062f\u0651\u0631\" \/>\n\t<meta name=\"twitter:data1\" content=\"3 \u062f\u0642\u0627\u0626\u0642\" \/>\n<script type=\"application\/ld+json\" class=\"yoast-schema-graph\">{\"@context\":\"https:\\\/\\\/schema.org\",\"@graph\":[{\"@type\":[\"WebPage\",\"ItemPage\"],\"@id\":\"https:\\\/\\\/vitablanca.ma\\\/produit\\\/nuxe-creme-magique-creme-fraiche-de-beaute-3en1-100ml\\\/\",\"url\":\"https:\\\/\\\/vitablanca.ma\\\/produit\\\/nuxe-creme-magique-creme-fraiche-de-beaute-3en1-100ml\\\/\",\"name\":\"Nuxe Cr\u00e8me Magique Cr\u00e8me fra\u00eeche de beaut\u00e9 100ml - Maroc Prix\",\"isPartOf\":{\"@id\":\"https:\\\/\\\/vitablanca.ma\\\/#website\"},\"primaryImageOfPage\":{\"@id\":\"https:\\\/\\\/vitablanca.ma\\\/produit\\\/nuxe-creme-magique-creme-fraiche-de-beaute-3en1-100ml\\\/#primaryimage\"},\"image\":{\"@id\":\"https:\\\/\\\/vitablanca.ma\\\/produit\\\/nuxe-creme-magique-creme-fraiche-de-beaute-3en1-100ml\\\/#primaryimage\"},\"thumbnailUrl\":\"https:\\\/\\\/vitablanca.ma\\\/wp-content\\\/uploads\\\/2025\\\/06\\\/13900292-2934988911919109_1-Nova-para-prix-Maroc.jpg\",\"datePublished\":\"2025-06-11T20:41:42+00:00\",\"dateModified\":\"2026-02-20T02:37:54+00:00\",\"description\":\"NUXE NUXE Cr\u00e8me Magique 3-en-1 100 ml. Hydrate, lisse et illumine la peau pour un teint frais, confortable et \u00e9clatant au quotidien.\",\"breadcrumb\":{\"@id\":\"https:\\\/\\\/vitablanca.ma\\\/produit\\\/nuxe-creme-magique-creme-fraiche-de-beaute-3en1-100ml\\\/#breadcrumb\"},\"inLanguage\":\"ar\",\"potentialAction\":[{\"@type\":\"ReadAction\",\"target\":[\"https:\\\/\\\/vitablanca.ma\\\/produit\\\/nuxe-creme-magique-creme-fraiche-de-beaute-3en1-100ml\\\/\"]}]},{\"@type\":\"ImageObject\",\"inLanguage\":\"ar\",\"@id\":\"https:\\\/\\\/vitablanca.ma\\\/produit\\\/nuxe-creme-magique-creme-fraiche-de-beaute-3en1-100ml\\\/#primaryimage\",\"url\":\"https:\\\/\\\/vitablanca.ma\\\/wp-content\\\/uploads\\\/2025\\\/06\\\/13900292-2934988911919109_1-Nova-para-prix-Maroc.jpg\",\"contentUrl\":\"https:\\\/\\\/vitablanca.ma\\\/wp-content\\\/uploads\\\/2025\\\/06\\\/13900292-2934988911919109_1-Nova-para-prix-Maroc.jpg\",\"width\":1500,\"height\":1500},{\"@type\":\"BreadcrumbList\",\"@id\":\"https:\\\/\\\/vitablanca.ma\\\/produit\\\/nuxe-creme-magique-creme-fraiche-de-beaute-3en1-100ml\\\/#breadcrumb\",\"itemListElement\":[{\"@type\":\"ListItem\",\"position\":1,\"name\":\"Home\",\"item\":\"https:\\\/\\\/vitablanca.ma\\\/\"},{\"@type\":\"ListItem\",\"position\":2,\"name\":\"Tous Les Produits\",\"item\":\"https:\\\/\\\/vitablanca.ma\\\/tous-les-produits\\\/\"},{\"@type\":\"ListItem\",\"position\":3,\"name\":\"Nuxe Cr\u00e8me Magique Cr\u00e8me fra\u00eeche de beaut\u00e9 3en1 100ml\"}]},{\"@type\":\"WebSite\",\"@id\":\"https:\\\/\\\/vitablanca.ma\\\/#website\",\"url\":\"https:\\\/\\\/vitablanca.ma\\\/\",\"name\":\"VitaBlanca.ma | Compl\u00e9ments alimentaires, sant\u00e9 & beaut\u00e9 au Maroc\",\"description\":\"vendre vitamines et compl\u00e9ments premium des USA &amp; Canada, Nouvelle Z\u00e9lande,Maroc (NOW Foods, Solgar, Manuka). Livraison rapide partout au Maroc.\",\"publisher\":{\"@id\":\"https:\\\/\\\/vitablanca.ma\\\/#organization\"},\"alternateName\":\"VitaBlanca.ma\",\"potentialAction\":[{\"@type\":\"SearchAction\",\"target\":{\"@type\":\"EntryPoint\",\"urlTemplate\":\"https:\\\/\\\/vitablanca.ma\\\/?s={search_term_string}\"},\"query-input\":{\"@type\":\"PropertyValueSpecification\",\"valueRequired\":true,\"valueName\":\"search_term_string\"}}],\"inLanguage\":\"ar\"},{\"@type\":\"Organization\",\"@id\":\"https:\\\/\\\/vitablanca.ma\\\/#organization\",\"name\":\"VitaBlanca\",\"url\":\"https:\\\/\\\/vitablanca.ma\\\/\",\"logo\":{\"@type\":\"ImageObject\",\"inLanguage\":\"ar\",\"@id\":\"https:\\\/\\\/vitablanca.ma\\\/#\\\/schema\\\/logo\\\/image\\\/\",\"url\":\"https:\\\/\\\/vitablanca.ma\\\/wp-content\\\/uploads\\\/2025\\\/05\\\/cropped-vitablanca.png\",\"contentUrl\":\"https:\\\/\\\/vitablanca.ma\\\/wp-content\\\/uploads\\\/2025\\\/05\\\/cropped-vitablanca.png\",\"width\":360,\"height\":67,\"caption\":\"VitaBlanca\"},\"image\":{\"@id\":\"https:\\\/\\\/vitablanca.ma\\\/#\\\/schema\\\/logo\\\/image\\\/\"},\"sameAs\":[\"https:\\\/\\\/www.facebook.com\\\/profile.php?id=61576678196717\",\"https:\\\/\\\/www.tiktok.com\\\/@vitablanca.ma\",\"https:\\\/\\\/www.instagram.com\\\/vitablanca.ma\\\/\"]}]}<\/script>\n<!-- \/ Yoast SEO plugin. -->","yoast_head_json":{"title":"Nuxe Cr\u00e8me Magique Cr\u00e8me fra\u00eeche de beaut\u00e9 100ml - Maroc Prix","description":"NUXE NUXE Cr\u00e8me Magique 3-en-1 100 ml. Hydrate, lisse et illumine la peau pour un teint frais, confortable et \u00e9clatant au quotidien.","robots":{"index":"index","follow":"follow","max-snippet":"max-snippet:-1","max-image-preview":"max-image-preview:large","max-video-preview":"max-video-preview:-1"},"canonical":"https:\/\/vitablanca.ma\/ar\/product-2\/nuxe-creme-magique-creme-fraiche-de-beaute-3en1-100ml\/","og_locale":"ar_AR","og_type":"article","og_title":"Nuxe Cr\u00e8me Magique Cr\u00e8me fra\u00eeche de beaut\u00e9 100ml - Maroc Prix","og_description":"NUXE NUXE Cr\u00e8me Magique 3-en-1 100 ml. Hydrate, lisse et illumine la peau pour un teint frais, confortable et \u00e9clatant au quotidien.","og_url":"https:\/\/vitablanca.ma\/ar\/product-2\/nuxe-creme-magique-creme-fraiche-de-beaute-3en1-100ml\/","og_site_name":"Vitablanca.ma &ndash; Sant&eacute;, vitalit&eacute; et bien-&ecirc;tre pour tous les Marocains","article_publisher":"https:\/\/www.facebook.com\/profile.php?id=61576678196717","article_modified_time":"2026-02-20T02:37:54+00:00","og_image":[{"width":1500,"height":1500,"url":"https:\/\/vitablanca.ma\/wp-content\/uploads\/2025\/06\/13900292-2934988911919109_1-Nova-para-prix-Maroc.jpg","type":"image\/jpeg"}],"twitter_card":"summary_large_image","twitter_misc":{"\u0648\u0642\u062a \u0627\u0644\u0642\u0631\u0627\u0621\u0629 \u0627\u0644\u0645\u064f\u0642\u062f\u0651\u0631":"3 \u062f\u0642\u0627\u0626\u0642"},"schema":{"@context":"https:\/\/schema.org","@graph":[{"@type":["WebPage","ItemPage"],"@id":"https:\/\/vitablanca.ma\/produit\/nuxe-creme-magique-creme-fraiche-de-beaute-3en1-100ml\/","url":"https:\/\/vitablanca.ma\/produit\/nuxe-creme-magique-creme-fraiche-de-beaute-3en1-100ml\/","name":"Nuxe Cr\u00e8me Magique Cr\u00e8me fra\u00eeche de beaut\u00e9 100ml - Maroc Prix","isPartOf":{"@id":"https:\/\/vitablanca.ma\/#website"},"primaryImageOfPage":{"@id":"https:\/\/vitablanca.ma\/produit\/nuxe-creme-magique-creme-fraiche-de-beaute-3en1-100ml\/#primaryimage"},"image":{"@id":"https:\/\/vitablanca.ma\/produit\/nuxe-creme-magique-creme-fraiche-de-beaute-3en1-100ml\/#primaryimage"},"thumbnailUrl":"https:\/\/vitablanca.ma\/wp-content\/uploads\/2025\/06\/13900292-2934988911919109_1-Nova-para-prix-Maroc.jpg","datePublished":"2025-06-11T20:41:42+00:00","dateModified":"2026-02-20T02:37:54+00:00","description":"NUXE NUXE Cr\u00e8me Magique 3-en-1 100 ml. Hydrate, lisse et illumine la peau pour un teint frais, confortable et \u00e9clatant au quotidien.","breadcrumb":{"@id":"https:\/\/vitablanca.ma\/produit\/nuxe-creme-magique-creme-fraiche-de-beaute-3en1-100ml\/#breadcrumb"},"inLanguage":"ar","potentialAction":[{"@type":"ReadAction","target":["https:\/\/vitablanca.ma\/produit\/nuxe-creme-magique-creme-fraiche-de-beaute-3en1-100ml\/"]}]},{"@type":"ImageObject","inLanguage":"ar","@id":"https:\/\/vitablanca.ma\/produit\/nuxe-creme-magique-creme-fraiche-de-beaute-3en1-100ml\/#primaryimage","url":"https:\/\/vitablanca.ma\/wp-content\/uploads\/2025\/06\/13900292-2934988911919109_1-Nova-para-prix-Maroc.jpg","contentUrl":"https:\/\/vitablanca.ma\/wp-content\/uploads\/2025\/06\/13900292-2934988911919109_1-Nova-para-prix-Maroc.jpg","width":1500,"height":1500},{"@type":"BreadcrumbList","@id":"https:\/\/vitablanca.ma\/produit\/nuxe-creme-magique-creme-fraiche-de-beaute-3en1-100ml\/#breadcrumb","itemListElement":[{"@type":"ListItem","position":1,"name":"Home","item":"https:\/\/vitablanca.ma\/"},{"@type":"ListItem","position":2,"name":"Tous Les Produits","item":"https:\/\/vitablanca.ma\/tous-les-produits\/"},{"@type":"ListItem","position":3,"name":"Nuxe Cr\u00e8me Magique Cr\u00e8me fra\u00eeche de beaut\u00e9 3en1 100ml"}]},{"@type":"WebSite","@id":"https:\/\/vitablanca.ma\/#website","url":"https:\/\/vitablanca.ma\/","name":"VitaBlanca.ma | \u0627\u0644\u0645\u0643\u0645\u0644\u0627\u062a \u0627\u0644\u063a\u0630\u0627\u0626\u064a\u0629\u060c \u0627\u0644\u0635\u062d\u0629 \u0648\u0627\u0644\u062c\u0645\u0627\u0644 \u0641\u064a \u0627\u0644\u0645\u063a\u0631\u0628","description":"\u0646\u0628\u064a\u0639 \u0641\u064a\u062a\u0627\u0645\u064a\u0646\u0627\u062a \u0648\u0645\u0643\u0645\u0644\u0627\u062a \u063a\u0630\u0627\u0626\u064a\u0629 \u0641\u0627\u062e\u0631\u0629 \u0645\u0646 \u0627\u0644\u0648\u0644\u0627\u064a\u0627\u062a \u0627\u0644\u0645\u062a\u062d\u062f\u0629 \u0627\u0644\u0623\u0645\u0631\u064a\u0643\u064a\u0629 \u0648\u0643\u0646\u062f\u0627 \u0648\u0646\u064a\u0648\u0632\u064a\u0644\u0646\u062f\u0627 \u0648\u0627\u0644\u0645\u063a\u0631\u0628 (\u0646\u0627\u0648 \u0641\u0648\u062f\u0632\u060c \u0633\u0648\u0644\u062c\u0627\u0631\u060c \u0645\u0627\u0646\u0648\u0643\u0627). \u062a\u0648\u0635\u064a\u0644 \u0633\u0631\u064a\u0639 \u0625\u0644\u0649 \u062c\u0645\u064a\u0639 \u0623\u0646\u062d\u0627\u0621 \u0627\u0644\u0645\u063a\u0631\u0628.","publisher":{"@id":"https:\/\/vitablanca.ma\/#organization"},"alternateName":"VitaBlanca.ma","potentialAction":[{"@type":"SearchAction","target":{"@type":"EntryPoint","urlTemplate":"https:\/\/vitablanca.ma\/?s={search_term_string}"},"query-input":{"@type":"PropertyValueSpecification","valueRequired":true,"valueName":"search_term_string"}}],"inLanguage":"ar"},{"@type":"Organization","@id":"https:\/\/vitablanca.ma\/#organization","name":"\u0641\u064a\u062a\u0627\u0628\u0644\u0627\u0646\u0643\u0627","url":"https:\/\/vitablanca.ma\/","logo":{"@type":"ImageObject","inLanguage":"ar","@id":"https:\/\/vitablanca.ma\/#\/schema\/logo\/image\/","url":"https:\/\/vitablanca.ma\/wp-content\/uploads\/2025\/05\/cropped-vitablanca.png","contentUrl":"https:\/\/vitablanca.ma\/wp-content\/uploads\/2025\/05\/cropped-vitablanca.png","width":360,"height":67,"caption":"VitaBlanca"},"image":{"@id":"https:\/\/vitablanca.ma\/#\/schema\/logo\/image\/"},"sameAs":["https:\/\/www.facebook.com\/profile.php?id=61576678196717","https:\/\/www.tiktok.com\/@vitablanca.ma","https:\/\/www.instagram.com\/vitablanca.ma\/"]}]}},"jetpack_sharing_enabled":true,"_links":{"self":[{"href":"https:\/\/vitablanca.ma\/ar\/wp-json\/wp\/v2\/product\/20936","targetHints":{"allow":["GET"]}}],"collection":[{"href":"https:\/\/vitablanca.ma\/ar\/wp-json\/wp\/v2\/product"}],"about":[{"href":"https:\/\/vitablanca.ma\/ar\/wp-json\/wp\/v2\/types\/product"}],"wp:featuredmedia":[{"embeddable":true,"href":"https:\/\/vitablanca.ma\/ar\/wp-json\/wp\/v2\/media\/20934"}],"wp:attachment":[{"href":"https:\/\/vitablanca.ma\/ar\/wp-json\/wp\/v2\/media?parent=20936"}],"wp:term":[{"taxonomy":"product_brand","embeddable":true,"href":"https:\/\/vitablanca.ma\/ar\/wp-json\/wp\/v2\/product_brand?post=20936"},{"taxonomy":"product_cat","embeddable":true,"href":"https:\/\/vitablanca.ma\/ar\/wp-json\/wp\/v2\/product_cat?post=20936"},{"taxonomy":"product_tag","embeddable":true,"href":"https:\/\/vitablanca.ma\/ar\/wp-json\/wp\/v2\/product_tag?post=20936"}],"curies":[{"name":"wp","href":"https:\/\/api.w.org\/{rel}","templated":true}]}}